{"id":10578,"date":"2020-09-18T15:40:13","date_gmt":"2020-09-18T13:40:13","guid":{"rendered":"https:\/\/graphimarket.com\/?post_type=product&#038;p=10578"},"modified":"2022-12-19T10:12:27","modified_gmt":"2022-12-19T09:12:27","slug":"ensthein-signature-script","status":"publish","type":"product","link":"http:\/\/graphimarket.com\/de\/product\/ensthein-signature-script\/","title":{"rendered":"Ensthein - Signaturskript"},"content":{"rendered":"<div class=\"_2Masz2rr\">\n<p>Bei der Einf\u00fchrung unseres neuen Produkts hei\u00dft das Ensthein-Signaturskript. Ensthein ist von Unterschriften und stilvoller Handschrift inspiriert und eignet sich f\u00fcr Logos, Hochzeitseinladungsdesigns, Abzeichen, \u00dcberschriften, Unterschriften, Verpackungen und mehr.<\/p>\n<p><strong>DATEIEN ENTHALTEN<\/strong><\/p>\n<ul>\n<li>Ensthein. OTF<\/li>\n<li>Ensthein. TTF<\/li>\n<\/ul>\n<\/div>\n<p>&nbsp;<\/p>\n<p><img fetchpriority=\"high\" decoding=\"async\" class=\"aligncenter wp-image-10579 size-full\" src=\"https:\/\/graphimarket.com\/wp-content\/uploads\/2020\/09\/b766ae2d-dc78-4eca-bf57-a9a72a98cc62.jpg\" alt=\"\" width=\"1170\" height=\"780\" srcset=\"https:\/\/graphimarket.com\/wp-content\/uploads\/2020\/09\/b766ae2d-dc78-4eca-bf57-a9a72a98cc62.jpg 1170w, https:\/\/graphimarket.com\/wp-content\/uploads\/2020\/09\/b766ae2d-dc78-4eca-bf57-a9a72a98cc62-300x200.jpg 300w, https:\/\/graphimarket.com\/wp-content\/uploads\/2020\/09\/b766ae2d-dc78-4eca-bf57-a9a72a98cc62-1024x683.jpg 1024w, https:\/\/graphimarket.com\/wp-content\/uploads\/2020\/09\/b766ae2d-dc78-4eca-bf57-a9a72a98cc62-768x512.jpg 768w, https:\/\/graphimarket.com\/wp-content\/uploads\/2020\/09\/b766ae2d-dc78-4eca-bf57-a9a72a98cc62-600x400.jpg 600w\" sizes=\"(max-width: 1170px) 100vw, 1170px\" \/> <img decoding=\"async\" class=\"aligncenter wp-image-10580 size-full\" src=\"https:\/\/graphimarket.com\/wp-content\/uploads\/2020\/09\/e4451fc9-8795-42f7-8008-c23a4f16c730.jpg\" alt=\"\" width=\"1170\" height=\"780\" srcset=\"https:\/\/graphimarket.com\/wp-content\/uploads\/2020\/09\/e4451fc9-8795-42f7-8008-c23a4f16c730.jpg 1170w, https:\/\/graphimarket.com\/wp-content\/uploads\/2020\/09\/e4451fc9-8795-42f7-8008-c23a4f16c730-300x200.jpg 300w, https:\/\/graphimarket.com\/wp-content\/uploads\/2020\/09\/e4451fc9-8795-42f7-8008-c23a4f16c730-1024x683.jpg 1024w, https:\/\/graphimarket.com\/wp-content\/uploads\/2020\/09\/e4451fc9-8795-42f7-8008-c23a4f16c730-768x512.jpg 768w, https:\/\/graphimarket.com\/wp-content\/uploads\/2020\/09\/e4451fc9-8795-42f7-8008-c23a4f16c730-600x400.jpg 600w\" sizes=\"(max-width: 1170px) 100vw, 1170px\" \/> <img decoding=\"async\" class=\"aligncenter wp-image-10581 size-full\" src=\"https:\/\/graphimarket.com\/wp-content\/uploads\/2020\/09\/160540dc-1d10-4a84-b90d-6e0edc9ca76f.jpg\" alt=\"\" width=\"1170\" height=\"780\" srcset=\"https:\/\/graphimarket.com\/wp-content\/uploads\/2020\/09\/160540dc-1d10-4a84-b90d-6e0edc9ca76f.jpg 1170w, https:\/\/graphimarket.com\/wp-content\/uploads\/2020\/09\/160540dc-1d10-4a84-b90d-6e0edc9ca76f-300x200.jpg 300w, https:\/\/graphimarket.com\/wp-content\/uploads\/2020\/09\/160540dc-1d10-4a84-b90d-6e0edc9ca76f-1024x683.jpg 1024w, https:\/\/graphimarket.com\/wp-content\/uploads\/2020\/09\/160540dc-1d10-4a84-b90d-6e0edc9ca76f-768x512.jpg 768w, https:\/\/graphimarket.com\/wp-content\/uploads\/2020\/09\/160540dc-1d10-4a84-b90d-6e0edc9ca76f-600x400.jpg 600w\" sizes=\"(max-width: 1170px) 100vw, 1170px\" \/> <img loading=\"lazy\" decoding=\"async\" class=\"aligncenter wp-image-10582 size-full\" src=\"https:\/\/graphimarket.com\/wp-content\/uploads\/2020\/09\/86035a7d-f77a-45fc-9678-342c7a4eaf2c.jpg\" alt=\"\" width=\"1170\" height=\"780\" srcset=\"https:\/\/graphimarket.com\/wp-content\/uploads\/2020\/09\/86035a7d-f77a-45fc-9678-342c7a4eaf2c.jpg 1170w, https:\/\/graphimarket.com\/wp-content\/uploads\/2020\/09\/86035a7d-f77a-45fc-9678-342c7a4eaf2c-300x200.jpg 300w, https:\/\/graphimarket.com\/wp-content\/uploads\/2020\/09\/86035a7d-f77a-45fc-9678-342c7a4eaf2c-1024x683.jpg 1024w, https:\/\/graphimarket.com\/wp-content\/uploads\/2020\/09\/86035a7d-f77a-45fc-9678-342c7a4eaf2c-768x512.jpg 768w, https:\/\/graphimarket.com\/wp-content\/uploads\/2020\/09\/86035a7d-f77a-45fc-9678-342c7a4eaf2c-600x400.jpg 600w\" sizes=\"(max-width: 1170px) 100vw, 1170px\" \/><\/p>\n<div class=\"_3YqMOf9R\">\n<div class=\"_3KAa4-GZ frEFeDSS\"><\/div>\n<\/div>","protected":false},"excerpt":{"rendered":"<p>Introducing of our new product the name is Ensthein signature script. inspired by signature and stylish handwriting, Ensthein is good for logotype, wedding invitation design, badge, headline, signature, packaging and any more. FILES INCLUDED Ensthein. OTF Ensthein. TTF &nbsp;<\/p>","protected":false},"featured_media":10580,"comment_status":"open","ping_status":"closed","template":"","meta":{"site-sidebar-layout":"default","site-content-layout":"default","ast-site-content-layout":"default","site-content-style":"default","site-sidebar-style":"default","ast-global-header-display":"","ast-banner-title-visibility":"","ast-main-header-display":"","ast-hfb-above-header-display":"","ast-hfb-below-header-display":"","ast-hfb-mobile-header-display":"","site-post-title":"","ast-breadcrumbs-content":"","ast-featured-img":"","footer-sml-layout":"","ast-disable-related-posts":"","theme-transparent-header-meta":"default","adv-header-id-meta":"","stick-header-meta":"","header-above-stick-meta":"","header-main-stick-meta":"","header-below-stick-meta":"","astra-migrate-meta-layouts":"default","ast-page-background-enabled":"default","ast-page-background-meta":{"desktop":{"background-color":"","background-image":"","background-repeat":"repeat","background-position":"center center","background-size":"auto","background-attachment":"scroll","background-type":"","background-media":"","overlay-type":"","overlay-color":"","overlay-opacity":"","overlay-gradient":""},"tablet":{"background-color":"","background-image":"","background-repeat":"repeat","background-position":"center center","background-size":"auto","background-attachment":"scroll","background-type":"","background-media":"","overlay-type":"","overlay-color":"","overlay-opacity":"","overlay-gradient":""},"mobile":{"background-color":"","background-image":"","background-repeat":"repeat","background-position":"center center","background-size":"auto","background-attachment":"scroll","background-type":"","background-media":"","overlay-type":"","overlay-color":"","overlay-opacity":"","overlay-gradient":""}},"ast-content-background-meta":{"desktop":{"background-color":"var(--ast-global-color-5)","background-image":"","background-repeat":"repeat","background-position":"center center","background-size":"auto","background-attachment":"scroll","background-type":"","background-media":"","overlay-type":"","overlay-color":"","overlay-opacity":"","overlay-gradient":""},"tablet":{"background-color":"var(--ast-global-color-5)","background-image":"","background-repeat":"repeat","background-position":"center center","background-size":"auto","background-attachment":"scroll","background-type":"","background-media":"","overlay-type":"","overlay-color":"","overlay-opacity":"","overlay-gradient":""},"mobile":{"background-color":"var(--ast-global-color-5)","background-image":"","background-repeat":"repeat","background-position":"center center","background-size":"auto","background-attachment":"scroll","background-type":"","background-media":"","overlay-type":"","overlay-color":"","overlay-opacity":"","overlay-gradient":""}}},"product_brand":[],"product_cat":[187],"product_tag":[702,733,1076,1111,856,1063,1091,1110,790,1075,262,584,1101,326],"class_list":{"0":"post-10578","1":"product","2":"type-product","3":"status-publish","4":"has-post-thumbnail","6":"product_cat-fonts","7":"product_tag-branding","8":"product_tag-business","9":"product_tag-calligraphy","10":"product_tag-classy","11":"product_tag-corporate","12":"product_tag-elegant","13":"product_tag-handwriting","14":"product_tag-handwtritten","15":"product_tag-identity","16":"product_tag-logotype","17":"product_tag-modern","18":"product_tag-poster","19":"product_tag-signature","20":"product_tag-wedding","21":"desktop-align-left","22":"tablet-align-left","23":"mobile-align-left","25":"first","26":"instock","27":"downloadable","28":"virtual","29":"taxable","30":"purchasable","31":"product-type-simple"},"yoast_head":"<!-- This site is optimized with the Yoast SEO plugin v27.3 - https:\/\/yoast.com\/product\/yoast-seo-wordpress\/ -->\n<title>Ensthein - Signature Script - Graphimarket<\/title>\n<meta name=\"description\" content=\"Introducing of our new product the name is Ensthein signature script. inspired by signature and stylish handwriting, Ensthein...\" \/>\n<meta name=\"robots\" content=\"index, follow, max-snippet:-1, max-image-preview:large, max-video-preview:-1\" \/>\n<link rel=\"canonical\" href=\"https:\/\/graphimarket.com\/de\/product\/ensthein-signature-script\/\" \/>\n<meta property=\"og:locale\" content=\"de_DE\" \/>\n<meta property=\"og:type\" content=\"article\" \/>\n<meta property=\"og:title\" content=\"Ensthein - Signature Script - Graphimarket\" \/>\n<meta property=\"og:description\" content=\"Introducing of our new product the name is Ensthein signature script. inspired by signature and stylish handwriting, Ensthein...\" \/>\n<meta property=\"og:url\" content=\"https:\/\/graphimarket.com\/de\/product\/ensthein-signature-script\/\" \/>\n<meta property=\"og:site_name\" content=\"Graphimarket\" \/>\n<meta property=\"article:modified_time\" content=\"2022-12-19T09:12:27+00:00\" \/>\n<meta property=\"og:image\" content=\"https:\/\/graphimarket.com\/wp-content\/uploads\/2020\/09\/e4451fc9-8795-42f7-8008-c23a4f16c730.jpg\" \/>\n\t<meta property=\"og:image:width\" content=\"1170\" \/>\n\t<meta property=\"og:image:height\" content=\"780\" \/>\n\t<meta property=\"og:image:type\" content=\"image\/jpeg\" \/>\n<meta name=\"twitter:card\" content=\"summary_large_image\" \/>\n<script type=\"application\/ld+json\" class=\"yoast-schema-graph\">{\"@context\":\"https:\\\/\\\/schema.org\",\"@graph\":[{\"@type\":\"WebPage\",\"@id\":\"https:\\\/\\\/graphimarket.com\\\/product\\\/ensthein-signature-script\\\/\",\"url\":\"https:\\\/\\\/graphimarket.com\\\/product\\\/ensthein-signature-script\\\/\",\"name\":\"Ensthein - Signature Script - Graphimarket\",\"isPartOf\":{\"@id\":\"https:\\\/\\\/graphimarket.com\\\/fr\\\/#website\"},\"primaryImageOfPage\":{\"@id\":\"https:\\\/\\\/graphimarket.com\\\/product\\\/ensthein-signature-script\\\/#primaryimage\"},\"image\":{\"@id\":\"https:\\\/\\\/graphimarket.com\\\/product\\\/ensthein-signature-script\\\/#primaryimage\"},\"thumbnailUrl\":\"https:\\\/\\\/graphimarket.com\\\/wp-content\\\/uploads\\\/2020\\\/09\\\/e4451fc9-8795-42f7-8008-c23a4f16c730.jpg\",\"datePublished\":\"2020-09-18T13:40:13+00:00\",\"dateModified\":\"2022-12-19T09:12:27+00:00\",\"description\":\"Introducing of our new product the name is Ensthein signature script. inspired by signature and stylish handwriting, Ensthein...\",\"breadcrumb\":{\"@id\":\"https:\\\/\\\/graphimarket.com\\\/product\\\/ensthein-signature-script\\\/#breadcrumb\"},\"inLanguage\":\"de-DE\",\"potentialAction\":[{\"@type\":\"ReadAction\",\"target\":[\"https:\\\/\\\/graphimarket.com\\\/product\\\/ensthein-signature-script\\\/\"]}]},{\"@type\":\"ImageObject\",\"inLanguage\":\"de-DE\",\"@id\":\"https:\\\/\\\/graphimarket.com\\\/product\\\/ensthein-signature-script\\\/#primaryimage\",\"url\":\"https:\\\/\\\/graphimarket.com\\\/wp-content\\\/uploads\\\/2020\\\/09\\\/e4451fc9-8795-42f7-8008-c23a4f16c730.jpg\",\"contentUrl\":\"https:\\\/\\\/graphimarket.com\\\/wp-content\\\/uploads\\\/2020\\\/09\\\/e4451fc9-8795-42f7-8008-c23a4f16c730.jpg\",\"width\":1170,\"height\":780},{\"@type\":\"BreadcrumbList\",\"@id\":\"https:\\\/\\\/graphimarket.com\\\/product\\\/ensthein-signature-script\\\/#breadcrumb\",\"itemListElement\":[{\"@type\":\"ListItem\",\"position\":1,\"name\":\"Home\",\"item\":\"https:\\\/\\\/graphimarket.com\\\/es\\\/\"},{\"@type\":\"ListItem\",\"position\":2,\"name\":\"Store\",\"item\":\"https:\\\/\\\/graphimarket.com\\\/store\\\/\"},{\"@type\":\"ListItem\",\"position\":3,\"name\":\"Ensthein &#8211; Signature Script\"}]},{\"@type\":\"WebSite\",\"@id\":\"https:\\\/\\\/graphimarket.com\\\/fr\\\/#website\",\"url\":\"https:\\\/\\\/graphimarket.com\\\/fr\\\/\",\"name\":\"Graphimarket\",\"description\":\"Find the perfect creative asset to bring your project to life\",\"publisher\":{\"@id\":\"https:\\\/\\\/graphimarket.com\\\/fr\\\/#organization\"},\"potentialAction\":[{\"@type\":\"SearchAction\",\"target\":{\"@type\":\"EntryPoint\",\"urlTemplate\":\"https:\\\/\\\/graphimarket.com\\\/fr\\\/?s={search_term_string}\"},\"query-input\":{\"@type\":\"PropertyValueSpecification\",\"valueRequired\":true,\"valueName\":\"search_term_string\"}}],\"inLanguage\":\"de-DE\"},{\"@type\":\"Organization\",\"@id\":\"https:\\\/\\\/graphimarket.com\\\/fr\\\/#organization\",\"name\":\"Graphimarket\",\"url\":\"https:\\\/\\\/graphimarket.com\\\/fr\\\/\",\"logo\":{\"@type\":\"ImageObject\",\"inLanguage\":\"de-DE\",\"@id\":\"https:\\\/\\\/graphimarket.com\\\/fr\\\/#\\\/schema\\\/logo\\\/image\\\/\",\"url\":\"https:\\\/\\\/graphimarket.com\\\/wp-content\\\/uploads\\\/2020\\\/08\\\/logo-48.png\",\"contentUrl\":\"https:\\\/\\\/graphimarket.com\\\/wp-content\\\/uploads\\\/2020\\\/08\\\/logo-48.png\",\"width\":132,\"height\":48,\"caption\":\"Graphimarket\"},\"image\":{\"@id\":\"https:\\\/\\\/graphimarket.com\\\/fr\\\/#\\\/schema\\\/logo\\\/image\\\/\"}}]}<\/script>\n<!-- \/ Yoast SEO plugin. -->","yoast_head_json":{"title":"Ensthein - Signature Script - Graphimarket","description":"Bei der Einf\u00fchrung unseres neuen Produkts hei\u00dft das Ensthein-Signaturskript. inspiriert von Unterschrift und stilvoller Handschrift, Ensthein ...","robots":{"index":"index","follow":"follow","max-snippet":"max-snippet:-1","max-image-preview":"max-image-preview:large","max-video-preview":"max-video-preview:-1"},"canonical":"https:\/\/graphimarket.com\/de\/product\/ensthein-signature-script\/","og_locale":"de_DE","og_type":"article","og_title":"Ensthein - Signature Script - Graphimarket","og_description":"Introducing of our new product the name is Ensthein signature script. inspired by signature and stylish handwriting, Ensthein...","og_url":"https:\/\/graphimarket.com\/de\/product\/ensthein-signature-script\/","og_site_name":"Graphimarket","article_modified_time":"2022-12-19T09:12:27+00:00","og_image":[{"width":1170,"height":780,"url":"https:\/\/graphimarket.com\/wp-content\/uploads\/2020\/09\/e4451fc9-8795-42f7-8008-c23a4f16c730.jpg","type":"image\/jpeg"}],"twitter_card":"summary_large_image","schema":{"@context":"https:\/\/schema.org","@graph":[{"@type":"WebPage","@id":"https:\/\/graphimarket.com\/product\/ensthein-signature-script\/","url":"https:\/\/graphimarket.com\/product\/ensthein-signature-script\/","name":"Ensthein - Signature Script - Graphimarket","isPartOf":{"@id":"https:\/\/graphimarket.com\/fr\/#website"},"primaryImageOfPage":{"@id":"https:\/\/graphimarket.com\/product\/ensthein-signature-script\/#primaryimage"},"image":{"@id":"https:\/\/graphimarket.com\/product\/ensthein-signature-script\/#primaryimage"},"thumbnailUrl":"https:\/\/graphimarket.com\/wp-content\/uploads\/2020\/09\/e4451fc9-8795-42f7-8008-c23a4f16c730.jpg","datePublished":"2020-09-18T13:40:13+00:00","dateModified":"2022-12-19T09:12:27+00:00","description":"Bei der Einf\u00fchrung unseres neuen Produkts hei\u00dft das Ensthein-Signaturskript. inspiriert von Unterschrift und stilvoller Handschrift, Ensthein ...","breadcrumb":{"@id":"https:\/\/graphimarket.com\/product\/ensthein-signature-script\/#breadcrumb"},"inLanguage":"de-DE","potentialAction":[{"@type":"ReadAction","target":["https:\/\/graphimarket.com\/product\/ensthein-signature-script\/"]}]},{"@type":"ImageObject","inLanguage":"de-DE","@id":"https:\/\/graphimarket.com\/product\/ensthein-signature-script\/#primaryimage","url":"https:\/\/graphimarket.com\/wp-content\/uploads\/2020\/09\/e4451fc9-8795-42f7-8008-c23a4f16c730.jpg","contentUrl":"https:\/\/graphimarket.com\/wp-content\/uploads\/2020\/09\/e4451fc9-8795-42f7-8008-c23a4f16c730.jpg","width":1170,"height":780},{"@type":"BreadcrumbList","@id":"https:\/\/graphimarket.com\/product\/ensthein-signature-script\/#breadcrumb","itemListElement":[{"@type":"ListItem","position":1,"name":"Home","item":"https:\/\/graphimarket.com\/es\/"},{"@type":"ListItem","position":2,"name":"Store","item":"https:\/\/graphimarket.com\/store\/"},{"@type":"ListItem","position":3,"name":"Ensthein &#8211; Signature Script"}]},{"@type":"WebSite","@id":"https:\/\/graphimarket.com\/fr\/#website","url":"https:\/\/graphimarket.com\/fr\/","name":"Graphimarket","description":"Finden Sie das perfekte kreative Kapital, um Ihr Projekt zum Leben zu erwecken","publisher":{"@id":"https:\/\/graphimarket.com\/fr\/#organization"},"potentialAction":[{"@type":"SearchAction","target":{"@type":"EntryPoint","urlTemplate":"https:\/\/graphimarket.com\/fr\/?s={search_term_string}"},"query-input":{"@type":"PropertyValueSpecification","valueRequired":true,"valueName":"search_term_string"}}],"inLanguage":"de-DE"},{"@type":"Organization","@id":"https:\/\/graphimarket.com\/fr\/#organization","name":"Graphimarket","url":"https:\/\/graphimarket.com\/fr\/","logo":{"@type":"ImageObject","inLanguage":"de-DE","@id":"https:\/\/graphimarket.com\/fr\/#\/schema\/logo\/image\/","url":"https:\/\/graphimarket.com\/wp-content\/uploads\/2020\/08\/logo-48.png","contentUrl":"https:\/\/graphimarket.com\/wp-content\/uploads\/2020\/08\/logo-48.png","width":132,"height":48,"caption":"Graphimarket"},"image":{"@id":"https:\/\/graphimarket.com\/fr\/#\/schema\/logo\/image\/"}}]}},"_links":{"self":[{"href":"http:\/\/graphimarket.com\/de\/wp-json\/wp\/v2\/product\/10578","targetHints":{"allow":["GET"]}}],"collection":[{"href":"http:\/\/graphimarket.com\/de\/wp-json\/wp\/v2\/product"}],"about":[{"href":"http:\/\/graphimarket.com\/de\/wp-json\/wp\/v2\/types\/product"}],"replies":[{"embeddable":true,"href":"http:\/\/graphimarket.com\/de\/wp-json\/wp\/v2\/comments?post=10578"}],"version-history":[{"count":0,"href":"http:\/\/graphimarket.com\/de\/wp-json\/wp\/v2\/product\/10578\/revisions"}],"wp:featuredmedia":[{"embeddable":true,"href":"http:\/\/graphimarket.com\/de\/wp-json\/wp\/v2\/media\/10580"}],"wp:attachment":[{"href":"http:\/\/graphimarket.com\/de\/wp-json\/wp\/v2\/media?parent=10578"}],"wp:term":[{"taxonomy":"product_brand","embeddable":true,"href":"http:\/\/graphimarket.com\/de\/wp-json\/wp\/v2\/product_brand?post=10578"},{"taxonomy":"product_cat","embeddable":true,"href":"http:\/\/graphimarket.com\/de\/wp-json\/wp\/v2\/product_cat?post=10578"},{"taxonomy":"product_tag","embeddable":true,"href":"http:\/\/graphimarket.com\/de\/wp-json\/wp\/v2\/product_tag?post=10578"}],"curies":[{"name":"wp","href":"https:\/\/api.w.org\/{rel}","templated":true}]}}