{"id":11323,"date":"2020-09-25T16:26:42","date_gmt":"2020-09-25T14:26:42","guid":{"rendered":"https:\/\/graphimarket.com\/?post_type=product&#038;p=11323"},"modified":"2022-12-19T09:58:03","modified_gmt":"2022-12-19T08:58:03","slug":"boulden-typeface","status":"publish","type":"product","link":"http:\/\/graphimarket.com\/de\/product\/boulden-typeface\/","title":{"rendered":"Boulden Schrift"},"content":{"rendered":"<p>Boulden ist mutig! alle Kappen! Perfekt f\u00fcr Ihr Propagandaplakat oder sogar f\u00fcr ein modernes und dennoch vintage Grafikdesign. Es ist in 3 verschiedenen Stilen erh\u00e4ltlich, mit denen Sie spielen k\u00f6nnen: normaler Clean-, Grunge- und Schattenstil.<\/p>\n<p>&nbsp;<\/p>\n<p><img fetchpriority=\"high\" decoding=\"async\" class=\"aligncenter wp-image-11324 size-full\" src=\"https:\/\/graphimarket.com\/wp-content\/uploads\/2020\/09\/0ca33965-3d1b-437d-81ac-6ce5697fb997.jpg\" alt=\"\" width=\"1160\" height=\"772\" srcset=\"https:\/\/graphimarket.com\/wp-content\/uploads\/2020\/09\/0ca33965-3d1b-437d-81ac-6ce5697fb997.jpg 1160w, https:\/\/graphimarket.com\/wp-content\/uploads\/2020\/09\/0ca33965-3d1b-437d-81ac-6ce5697fb997-300x200.jpg 300w, https:\/\/graphimarket.com\/wp-content\/uploads\/2020\/09\/0ca33965-3d1b-437d-81ac-6ce5697fb997-1024x681.jpg 1024w, https:\/\/graphimarket.com\/wp-content\/uploads\/2020\/09\/0ca33965-3d1b-437d-81ac-6ce5697fb997-768x511.jpg 768w, https:\/\/graphimarket.com\/wp-content\/uploads\/2020\/09\/0ca33965-3d1b-437d-81ac-6ce5697fb997-600x399.jpg 600w\" sizes=\"(max-width: 1160px) 100vw, 1160px\" \/> <img decoding=\"async\" class=\"aligncenter wp-image-11325 size-full\" src=\"https:\/\/graphimarket.com\/wp-content\/uploads\/2020\/09\/d02db426-fe14-4464-8663-c04976883654.jpg\" alt=\"\" width=\"1160\" height=\"772\" srcset=\"https:\/\/graphimarket.com\/wp-content\/uploads\/2020\/09\/d02db426-fe14-4464-8663-c04976883654.jpg 1160w, https:\/\/graphimarket.com\/wp-content\/uploads\/2020\/09\/d02db426-fe14-4464-8663-c04976883654-300x200.jpg 300w, https:\/\/graphimarket.com\/wp-content\/uploads\/2020\/09\/d02db426-fe14-4464-8663-c04976883654-1024x681.jpg 1024w, https:\/\/graphimarket.com\/wp-content\/uploads\/2020\/09\/d02db426-fe14-4464-8663-c04976883654-768x511.jpg 768w, https:\/\/graphimarket.com\/wp-content\/uploads\/2020\/09\/d02db426-fe14-4464-8663-c04976883654-600x399.jpg 600w\" sizes=\"(max-width: 1160px) 100vw, 1160px\" \/> <img decoding=\"async\" class=\"aligncenter wp-image-11326 size-full\" src=\"https:\/\/graphimarket.com\/wp-content\/uploads\/2020\/09\/e1b74fbe-6a44-40fc-9447-f72431cd39c4.jpg\" alt=\"\" width=\"1160\" height=\"772\" srcset=\"https:\/\/graphimarket.com\/wp-content\/uploads\/2020\/09\/e1b74fbe-6a44-40fc-9447-f72431cd39c4.jpg 1160w, https:\/\/graphimarket.com\/wp-content\/uploads\/2020\/09\/e1b74fbe-6a44-40fc-9447-f72431cd39c4-300x200.jpg 300w, https:\/\/graphimarket.com\/wp-content\/uploads\/2020\/09\/e1b74fbe-6a44-40fc-9447-f72431cd39c4-1024x681.jpg 1024w, https:\/\/graphimarket.com\/wp-content\/uploads\/2020\/09\/e1b74fbe-6a44-40fc-9447-f72431cd39c4-768x511.jpg 768w, https:\/\/graphimarket.com\/wp-content\/uploads\/2020\/09\/e1b74fbe-6a44-40fc-9447-f72431cd39c4-600x399.jpg 600w\" sizes=\"(max-width: 1160px) 100vw, 1160px\" \/><\/p>","protected":false},"excerpt":{"rendered":"<p>Boulden ist mutig! alle Kappen! Perfekt f\u00fcr Ihr Propagandaplakat oder sogar f\u00fcr ein modernes und dennoch vintage Grafikdesign. Es ist in 3 verschiedenen Stilen erh\u00e4ltlich, mit denen Sie spielen k\u00f6nnen: normaler Clean-, Grunge- und Schattenstil. &nbsp;<\/p>","protected":false},"featured_media":11326,"comment_status":"open","ping_status":"closed","template":"","meta":{"site-sidebar-layout":"default","site-content-layout":"default","ast-site-content-layout":"default","site-content-style":"default","site-sidebar-style":"default","ast-global-header-display":"","ast-banner-title-visibility":"","ast-main-header-display":"","ast-hfb-above-header-display":"","ast-hfb-below-header-display":"","ast-hfb-mobile-header-display":"","site-post-title":"","ast-breadcrumbs-content":"","ast-featured-img":"","footer-sml-layout":"","ast-disable-related-posts":"","theme-transparent-header-meta":"default","adv-header-id-meta":"","stick-header-meta":"","header-above-stick-meta":"","header-main-stick-meta":"","header-below-stick-meta":"","astra-migrate-meta-layouts":"default","ast-page-background-enabled":"default","ast-page-background-meta":{"desktop":{"background-color":"","background-image":"","background-repeat":"repeat","background-position":"center center","background-size":"auto","background-attachment":"scroll","background-type":"","background-media":"","overlay-type":"","overlay-color":"","overlay-opacity":"","overlay-gradient":""},"tablet":{"background-color":"","background-image":"","background-repeat":"repeat","background-position":"center center","background-size":"auto","background-attachment":"scroll","background-type":"","background-media":"","overlay-type":"","overlay-color":"","overlay-opacity":"","overlay-gradient":""},"mobile":{"background-color":"","background-image":"","background-repeat":"repeat","background-position":"center center","background-size":"auto","background-attachment":"scroll","background-type":"","background-media":"","overlay-type":"","overlay-color":"","overlay-opacity":"","overlay-gradient":""}},"ast-content-background-meta":{"desktop":{"background-color":"var(--ast-global-color-5)","background-image":"","background-repeat":"repeat","background-position":"center center","background-size":"auto","background-attachment":"scroll","background-type":"","background-media":"","overlay-type":"","overlay-color":"","overlay-opacity":"","overlay-gradient":""},"tablet":{"background-color":"var(--ast-global-color-5)","background-image":"","background-repeat":"repeat","background-position":"center center","background-size":"auto","background-attachment":"scroll","background-type":"","background-media":"","overlay-type":"","overlay-color":"","overlay-opacity":"","overlay-gradient":""},"mobile":{"background-color":"var(--ast-global-color-5)","background-image":"","background-repeat":"repeat","background-position":"center center","background-size":"auto","background-attachment":"scroll","background-type":"","background-media":"","overlay-type":"","overlay-color":"","overlay-opacity":"","overlay-gradient":""}}},"product_brand":[],"product_cat":[187],"product_tag":[1239,1082,351,1219,736,297,1075,277,631,1079,298,230,276],"class_list":{"0":"post-11323","1":"product","2":"type-product","3":"status-publish","4":"has-post-thumbnail","6":"product_cat-fonts","7":"product_tag-allcaps","8":"product_tag-bold","9":"product_tag-font","10":"product_tag-fonts","11":"product_tag-letterhead","12":"product_tag-logo","13":"product_tag-logotype","14":"product_tag-retro","15":"product_tag-rough","16":"product_tag-typeface","17":"product_tag-typography","18":"product_tag-vector","19":"product_tag-vintage","20":"desktop-align-left","21":"tablet-align-left","22":"mobile-align-left","24":"first","25":"instock","26":"downloadable","27":"virtual","28":"taxable","29":"purchasable","30":"product-type-simple"},"yoast_head":"<!-- This site is optimized with the Yoast SEO plugin v27.3 - https:\/\/yoast.com\/product\/yoast-seo-wordpress\/ -->\n<title>Boulden Typeface - Graphimarket<\/title>\n<meta name=\"description\" content=\"Boulden is bold! all caps! perfect for your propaganda poster, or even a modern yet vintage graphic design. its available in 3 different...\" \/>\n<meta name=\"robots\" content=\"index, follow, max-snippet:-1, max-image-preview:large, max-video-preview:-1\" \/>\n<link rel=\"canonical\" href=\"https:\/\/graphimarket.com\/de\/product\/boulden-typeface\/\" \/>\n<meta property=\"og:locale\" content=\"de_DE\" \/>\n<meta property=\"og:type\" content=\"article\" \/>\n<meta property=\"og:title\" content=\"Boulden Typeface - Graphimarket\" \/>\n<meta property=\"og:description\" content=\"Boulden is bold! all caps! perfect for your propaganda poster, or even a modern yet vintage graphic design. its available in 3 different...\" \/>\n<meta property=\"og:url\" content=\"https:\/\/graphimarket.com\/de\/product\/boulden-typeface\/\" \/>\n<meta property=\"og:site_name\" content=\"Graphimarket\" \/>\n<meta property=\"article:modified_time\" content=\"2022-12-19T08:58:03+00:00\" \/>\n<meta property=\"og:image\" content=\"https:\/\/graphimarket.com\/wp-content\/uploads\/2020\/09\/e1b74fbe-6a44-40fc-9447-f72431cd39c4.jpg\" \/>\n\t<meta property=\"og:image:width\" content=\"1160\" \/>\n\t<meta property=\"og:image:height\" content=\"772\" \/>\n\t<meta property=\"og:image:type\" content=\"image\/jpeg\" \/>\n<meta name=\"twitter:card\" content=\"summary_large_image\" \/>\n<script type=\"application\/ld+json\" class=\"yoast-schema-graph\">{\"@context\":\"https:\\\/\\\/schema.org\",\"@graph\":[{\"@type\":\"WebPage\",\"@id\":\"https:\\\/\\\/graphimarket.com\\\/product\\\/boulden-typeface\\\/\",\"url\":\"https:\\\/\\\/graphimarket.com\\\/product\\\/boulden-typeface\\\/\",\"name\":\"Boulden Typeface - Graphimarket\",\"isPartOf\":{\"@id\":\"https:\\\/\\\/graphimarket.com\\\/fr\\\/#website\"},\"primaryImageOfPage\":{\"@id\":\"https:\\\/\\\/graphimarket.com\\\/product\\\/boulden-typeface\\\/#primaryimage\"},\"image\":{\"@id\":\"https:\\\/\\\/graphimarket.com\\\/product\\\/boulden-typeface\\\/#primaryimage\"},\"thumbnailUrl\":\"https:\\\/\\\/graphimarket.com\\\/wp-content\\\/uploads\\\/2020\\\/09\\\/e1b74fbe-6a44-40fc-9447-f72431cd39c4.jpg\",\"datePublished\":\"2020-09-25T14:26:42+00:00\",\"dateModified\":\"2022-12-19T08:58:03+00:00\",\"description\":\"Boulden is bold! all caps! perfect for your propaganda poster, or even a modern yet vintage graphic design. its available in 3 different...\",\"breadcrumb\":{\"@id\":\"https:\\\/\\\/graphimarket.com\\\/product\\\/boulden-typeface\\\/#breadcrumb\"},\"inLanguage\":\"de-DE\",\"potentialAction\":[{\"@type\":\"ReadAction\",\"target\":[\"https:\\\/\\\/graphimarket.com\\\/product\\\/boulden-typeface\\\/\"]}]},{\"@type\":\"ImageObject\",\"inLanguage\":\"de-DE\",\"@id\":\"https:\\\/\\\/graphimarket.com\\\/product\\\/boulden-typeface\\\/#primaryimage\",\"url\":\"https:\\\/\\\/graphimarket.com\\\/wp-content\\\/uploads\\\/2020\\\/09\\\/e1b74fbe-6a44-40fc-9447-f72431cd39c4.jpg\",\"contentUrl\":\"https:\\\/\\\/graphimarket.com\\\/wp-content\\\/uploads\\\/2020\\\/09\\\/e1b74fbe-6a44-40fc-9447-f72431cd39c4.jpg\",\"width\":1160,\"height\":772},{\"@type\":\"BreadcrumbList\",\"@id\":\"https:\\\/\\\/graphimarket.com\\\/product\\\/boulden-typeface\\\/#breadcrumb\",\"itemListElement\":[{\"@type\":\"ListItem\",\"position\":1,\"name\":\"Home\",\"item\":\"https:\\\/\\\/graphimarket.com\\\/es\\\/\"},{\"@type\":\"ListItem\",\"position\":2,\"name\":\"Store\",\"item\":\"https:\\\/\\\/graphimarket.com\\\/store\\\/\"},{\"@type\":\"ListItem\",\"position\":3,\"name\":\"Boulden Typeface\"}]},{\"@type\":\"WebSite\",\"@id\":\"https:\\\/\\\/graphimarket.com\\\/fr\\\/#website\",\"url\":\"https:\\\/\\\/graphimarket.com\\\/fr\\\/\",\"name\":\"Graphimarket\",\"description\":\"Find the perfect creative asset to bring your project to life\",\"publisher\":{\"@id\":\"https:\\\/\\\/graphimarket.com\\\/fr\\\/#organization\"},\"potentialAction\":[{\"@type\":\"SearchAction\",\"target\":{\"@type\":\"EntryPoint\",\"urlTemplate\":\"https:\\\/\\\/graphimarket.com\\\/fr\\\/?s={search_term_string}\"},\"query-input\":{\"@type\":\"PropertyValueSpecification\",\"valueRequired\":true,\"valueName\":\"search_term_string\"}}],\"inLanguage\":\"de-DE\"},{\"@type\":\"Organization\",\"@id\":\"https:\\\/\\\/graphimarket.com\\\/fr\\\/#organization\",\"name\":\"Graphimarket\",\"url\":\"https:\\\/\\\/graphimarket.com\\\/fr\\\/\",\"logo\":{\"@type\":\"ImageObject\",\"inLanguage\":\"de-DE\",\"@id\":\"https:\\\/\\\/graphimarket.com\\\/fr\\\/#\\\/schema\\\/logo\\\/image\\\/\",\"url\":\"https:\\\/\\\/graphimarket.com\\\/wp-content\\\/uploads\\\/2020\\\/08\\\/logo-48.png\",\"contentUrl\":\"https:\\\/\\\/graphimarket.com\\\/wp-content\\\/uploads\\\/2020\\\/08\\\/logo-48.png\",\"width\":132,\"height\":48,\"caption\":\"Graphimarket\"},\"image\":{\"@id\":\"https:\\\/\\\/graphimarket.com\\\/fr\\\/#\\\/schema\\\/logo\\\/image\\\/\"}}]}<\/script>\n<!-- \/ Yoast SEO plugin. -->","yoast_head_json":{"title":"Boulden Typeface - Graphimarket","description":"Boulden is bold! all caps! perfect for your propaganda poster, or even a modern yet vintage graphic design. its available in 3 different...","robots":{"index":"index","follow":"follow","max-snippet":"max-snippet:-1","max-image-preview":"max-image-preview:large","max-video-preview":"max-video-preview:-1"},"canonical":"https:\/\/graphimarket.com\/de\/product\/boulden-typeface\/","og_locale":"de_DE","og_type":"article","og_title":"Boulden Typeface - Graphimarket","og_description":"Boulden is bold! all caps! perfect for your propaganda poster, or even a modern yet vintage graphic design. its available in 3 different...","og_url":"https:\/\/graphimarket.com\/de\/product\/boulden-typeface\/","og_site_name":"Graphimarket","article_modified_time":"2022-12-19T08:58:03+00:00","og_image":[{"width":1160,"height":772,"url":"https:\/\/graphimarket.com\/wp-content\/uploads\/2020\/09\/e1b74fbe-6a44-40fc-9447-f72431cd39c4.jpg","type":"image\/jpeg"}],"twitter_card":"summary_large_image","schema":{"@context":"https:\/\/schema.org","@graph":[{"@type":"WebPage","@id":"https:\/\/graphimarket.com\/product\/boulden-typeface\/","url":"https:\/\/graphimarket.com\/product\/boulden-typeface\/","name":"Boulden Typeface - Graphimarket","isPartOf":{"@id":"https:\/\/graphimarket.com\/fr\/#website"},"primaryImageOfPage":{"@id":"https:\/\/graphimarket.com\/product\/boulden-typeface\/#primaryimage"},"image":{"@id":"https:\/\/graphimarket.com\/product\/boulden-typeface\/#primaryimage"},"thumbnailUrl":"https:\/\/graphimarket.com\/wp-content\/uploads\/2020\/09\/e1b74fbe-6a44-40fc-9447-f72431cd39c4.jpg","datePublished":"2020-09-25T14:26:42+00:00","dateModified":"2022-12-19T08:58:03+00:00","description":"Boulden is bold! all caps! perfect for your propaganda poster, or even a modern yet vintage graphic design. its available in 3 different...","breadcrumb":{"@id":"https:\/\/graphimarket.com\/product\/boulden-typeface\/#breadcrumb"},"inLanguage":"de-DE","potentialAction":[{"@type":"ReadAction","target":["https:\/\/graphimarket.com\/product\/boulden-typeface\/"]}]},{"@type":"ImageObject","inLanguage":"de-DE","@id":"https:\/\/graphimarket.com\/product\/boulden-typeface\/#primaryimage","url":"https:\/\/graphimarket.com\/wp-content\/uploads\/2020\/09\/e1b74fbe-6a44-40fc-9447-f72431cd39c4.jpg","contentUrl":"https:\/\/graphimarket.com\/wp-content\/uploads\/2020\/09\/e1b74fbe-6a44-40fc-9447-f72431cd39c4.jpg","width":1160,"height":772},{"@type":"BreadcrumbList","@id":"https:\/\/graphimarket.com\/product\/boulden-typeface\/#breadcrumb","itemListElement":[{"@type":"ListItem","position":1,"name":"Home","item":"https:\/\/graphimarket.com\/es\/"},{"@type":"ListItem","position":2,"name":"Store","item":"https:\/\/graphimarket.com\/store\/"},{"@type":"ListItem","position":3,"name":"Boulden Typeface"}]},{"@type":"WebSite","@id":"https:\/\/graphimarket.com\/fr\/#website","url":"https:\/\/graphimarket.com\/fr\/","name":"Graphimarket","description":"Finden Sie das perfekte kreative Kapital, um Ihr Projekt zum Leben zu erwecken","publisher":{"@id":"https:\/\/graphimarket.com\/fr\/#organization"},"potentialAction":[{"@type":"SearchAction","target":{"@type":"EntryPoint","urlTemplate":"https:\/\/graphimarket.com\/fr\/?s={search_term_string}"},"query-input":{"@type":"PropertyValueSpecification","valueRequired":true,"valueName":"search_term_string"}}],"inLanguage":"de-DE"},{"@type":"Organization","@id":"https:\/\/graphimarket.com\/fr\/#organization","name":"Graphimarket","url":"https:\/\/graphimarket.com\/fr\/","logo":{"@type":"ImageObject","inLanguage":"de-DE","@id":"https:\/\/graphimarket.com\/fr\/#\/schema\/logo\/image\/","url":"https:\/\/graphimarket.com\/wp-content\/uploads\/2020\/08\/logo-48.png","contentUrl":"https:\/\/graphimarket.com\/wp-content\/uploads\/2020\/08\/logo-48.png","width":132,"height":48,"caption":"Graphimarket"},"image":{"@id":"https:\/\/graphimarket.com\/fr\/#\/schema\/logo\/image\/"}}]}},"_links":{"self":[{"href":"http:\/\/graphimarket.com\/de\/wp-json\/wp\/v2\/product\/11323","targetHints":{"allow":["GET"]}}],"collection":[{"href":"http:\/\/graphimarket.com\/de\/wp-json\/wp\/v2\/product"}],"about":[{"href":"http:\/\/graphimarket.com\/de\/wp-json\/wp\/v2\/types\/product"}],"replies":[{"embeddable":true,"href":"http:\/\/graphimarket.com\/de\/wp-json\/wp\/v2\/comments?post=11323"}],"version-history":[{"count":0,"href":"http:\/\/graphimarket.com\/de\/wp-json\/wp\/v2\/product\/11323\/revisions"}],"wp:featuredmedia":[{"embeddable":true,"href":"http:\/\/graphimarket.com\/de\/wp-json\/wp\/v2\/media\/11326"}],"wp:attachment":[{"href":"http:\/\/graphimarket.com\/de\/wp-json\/wp\/v2\/media?parent=11323"}],"wp:term":[{"taxonomy":"product_brand","embeddable":true,"href":"http:\/\/graphimarket.com\/de\/wp-json\/wp\/v2\/product_brand?post=11323"},{"taxonomy":"product_cat","embeddable":true,"href":"http:\/\/graphimarket.com\/de\/wp-json\/wp\/v2\/product_cat?post=11323"},{"taxonomy":"product_tag","embeddable":true,"href":"http:\/\/graphimarket.com\/de\/wp-json\/wp\/v2\/product_tag?post=11323"}],"curies":[{"name":"wp","href":"https:\/\/api.w.org\/{rel}","templated":true}]}}