{"id":11456,"date":"2020-09-28T17:30:03","date_gmt":"2020-09-28T15:30:03","guid":{"rendered":"https:\/\/graphimarket.com\/?post_type=product&#038;p=11456"},"modified":"2021-01-02T14:03:32","modified_gmt":"2021-01-02T13:03:32","slug":"50-outdoor-lightroom-presets","status":"publish","type":"product","link":"http:\/\/graphimarket.com\/de\/product\/50-outdoor-lightroom-presets\/","title":{"rendered":"50 Outdoor Lightroom-Voreinstellungen"},"content":{"rendered":"<div class=\"_2Masz2rr\">\n<p>Jetzt m\u00fcssen Sie keine Stunden mehr in Lightroom verbringen! Alle diese Voreinstellungen stellen eine v\u00f6llig neue Kollektion hochwertiger Lightroom-Voreinstellungen vor und bieten einzigartige Effekte. Die abwechslungsreiche Farbkombination bringt das beste Ergebnis f\u00fcr Ihre Meisterwerke.<\/p>\n<p>Diese Voreinstellungen k\u00f6nnen f\u00fcr jedes Ihrer Fotos verwendet und speziell f\u00fcr Sportfotos erstellt werden.<\/p>\n<p>Diese sind perfekt f\u00fcr Eventfotografen, Blogger, Sportfotografen usw.<\/p>\n<p><em>Eigenschaften:<\/em>* Einzigartige Sammlung von Premium Lightroom-Voreinstellungen Kompatibel mit Mac und PC Arbeiten mit RAW- und JPEG-Bildern Kann einfach an Ihr Bild angepasst werden<\/p>\n<\/div>\n<p>&nbsp;<\/p>\n<p><img fetchpriority=\"high\" decoding=\"async\" class=\"aligncenter wp-image-11457 size-full\" src=\"https:\/\/graphimarket.com\/wp-content\/uploads\/2020\/09\/594dfb81-b1b1-4dfa-986b-b2b3eb14fcfc.jpg\" alt=\"\" width=\"1170\" height=\"992\" srcset=\"https:\/\/graphimarket.com\/wp-content\/uploads\/2020\/09\/594dfb81-b1b1-4dfa-986b-b2b3eb14fcfc.jpg 1170w, https:\/\/graphimarket.com\/wp-content\/uploads\/2020\/09\/594dfb81-b1b1-4dfa-986b-b2b3eb14fcfc-300x254.jpg 300w, https:\/\/graphimarket.com\/wp-content\/uploads\/2020\/09\/594dfb81-b1b1-4dfa-986b-b2b3eb14fcfc-1024x868.jpg 1024w, https:\/\/graphimarket.com\/wp-content\/uploads\/2020\/09\/594dfb81-b1b1-4dfa-986b-b2b3eb14fcfc-768x651.jpg 768w, https:\/\/graphimarket.com\/wp-content\/uploads\/2020\/09\/594dfb81-b1b1-4dfa-986b-b2b3eb14fcfc-600x509.jpg 600w\" sizes=\"(max-width: 1170px) 100vw, 1170px\" \/> <img decoding=\"async\" class=\"aligncenter wp-image-11458 size-full\" src=\"https:\/\/graphimarket.com\/wp-content\/uploads\/2020\/09\/3028ded8-3b24-4116-a498-1c8d114f311f.jpg\" alt=\"\" width=\"1170\" height=\"780\" srcset=\"https:\/\/graphimarket.com\/wp-content\/uploads\/2020\/09\/3028ded8-3b24-4116-a498-1c8d114f311f.jpg 1170w, https:\/\/graphimarket.com\/wp-content\/uploads\/2020\/09\/3028ded8-3b24-4116-a498-1c8d114f311f-300x200.jpg 300w, https:\/\/graphimarket.com\/wp-content\/uploads\/2020\/09\/3028ded8-3b24-4116-a498-1c8d114f311f-1024x683.jpg 1024w, https:\/\/graphimarket.com\/wp-content\/uploads\/2020\/09\/3028ded8-3b24-4116-a498-1c8d114f311f-768x512.jpg 768w, https:\/\/graphimarket.com\/wp-content\/uploads\/2020\/09\/3028ded8-3b24-4116-a498-1c8d114f311f-600x400.jpg 600w\" sizes=\"(max-width: 1170px) 100vw, 1170px\" \/> <img decoding=\"async\" class=\"aligncenter wp-image-11459 size-full\" src=\"https:\/\/graphimarket.com\/wp-content\/uploads\/2020\/09\/ae08df20-96db-4766-abbe-f971e75d4081.jpg\" alt=\"\" width=\"1170\" height=\"780\" srcset=\"https:\/\/graphimarket.com\/wp-content\/uploads\/2020\/09\/ae08df20-96db-4766-abbe-f971e75d4081.jpg 1170w, https:\/\/graphimarket.com\/wp-content\/uploads\/2020\/09\/ae08df20-96db-4766-abbe-f971e75d4081-300x200.jpg 300w, https:\/\/graphimarket.com\/wp-content\/uploads\/2020\/09\/ae08df20-96db-4766-abbe-f971e75d4081-1024x683.jpg 1024w, https:\/\/graphimarket.com\/wp-content\/uploads\/2020\/09\/ae08df20-96db-4766-abbe-f971e75d4081-768x512.jpg 768w, https:\/\/graphimarket.com\/wp-content\/uploads\/2020\/09\/ae08df20-96db-4766-abbe-f971e75d4081-600x400.jpg 600w\" sizes=\"(max-width: 1170px) 100vw, 1170px\" \/> <img loading=\"lazy\" decoding=\"async\" class=\"aligncenter wp-image-11460 size-full\" src=\"https:\/\/graphimarket.com\/wp-content\/uploads\/2020\/09\/6da1901b-d283-4011-82bd-b85c195d1bef.jpg\" alt=\"\" width=\"1170\" height=\"780\" srcset=\"https:\/\/graphimarket.com\/wp-content\/uploads\/2020\/09\/6da1901b-d283-4011-82bd-b85c195d1bef.jpg 1170w, https:\/\/graphimarket.com\/wp-content\/uploads\/2020\/09\/6da1901b-d283-4011-82bd-b85c195d1bef-300x200.jpg 300w, https:\/\/graphimarket.com\/wp-content\/uploads\/2020\/09\/6da1901b-d283-4011-82bd-b85c195d1bef-1024x683.jpg 1024w, https:\/\/graphimarket.com\/wp-content\/uploads\/2020\/09\/6da1901b-d283-4011-82bd-b85c195d1bef-768x512.jpg 768w, https:\/\/graphimarket.com\/wp-content\/uploads\/2020\/09\/6da1901b-d283-4011-82bd-b85c195d1bef-600x400.jpg 600w\" sizes=\"(max-width: 1170px) 100vw, 1170px\" \/> <img loading=\"lazy\" decoding=\"async\" class=\"aligncenter wp-image-11461 size-full\" src=\"https:\/\/graphimarket.com\/wp-content\/uploads\/2020\/09\/92d5ad85-0b15-47f2-92b3-00a1d23dc775.jpg\" alt=\"\" width=\"1170\" height=\"780\" srcset=\"https:\/\/graphimarket.com\/wp-content\/uploads\/2020\/09\/92d5ad85-0b15-47f2-92b3-00a1d23dc775.jpg 1170w, https:\/\/graphimarket.com\/wp-content\/uploads\/2020\/09\/92d5ad85-0b15-47f2-92b3-00a1d23dc775-300x200.jpg 300w, https:\/\/graphimarket.com\/wp-content\/uploads\/2020\/09\/92d5ad85-0b15-47f2-92b3-00a1d23dc775-1024x683.jpg 1024w, https:\/\/graphimarket.com\/wp-content\/uploads\/2020\/09\/92d5ad85-0b15-47f2-92b3-00a1d23dc775-768x512.jpg 768w, https:\/\/graphimarket.com\/wp-content\/uploads\/2020\/09\/92d5ad85-0b15-47f2-92b3-00a1d23dc775-600x400.jpg 600w\" sizes=\"(max-width: 1170px) 100vw, 1170px\" \/> <img loading=\"lazy\" decoding=\"async\" class=\"aligncenter wp-image-11462 size-full\" src=\"https:\/\/graphimarket.com\/wp-content\/uploads\/2020\/09\/421ff66f-da57-4f75-bc5e-644efe5099ad.jpg\" alt=\"\" width=\"1170\" height=\"780\" srcset=\"https:\/\/graphimarket.com\/wp-content\/uploads\/2020\/09\/421ff66f-da57-4f75-bc5e-644efe5099ad.jpg 1170w, https:\/\/graphimarket.com\/wp-content\/uploads\/2020\/09\/421ff66f-da57-4f75-bc5e-644efe5099ad-300x200.jpg 300w, https:\/\/graphimarket.com\/wp-content\/uploads\/2020\/09\/421ff66f-da57-4f75-bc5e-644efe5099ad-1024x683.jpg 1024w, https:\/\/graphimarket.com\/wp-content\/uploads\/2020\/09\/421ff66f-da57-4f75-bc5e-644efe5099ad-768x512.jpg 768w, https:\/\/graphimarket.com\/wp-content\/uploads\/2020\/09\/421ff66f-da57-4f75-bc5e-644efe5099ad-600x400.jpg 600w\" sizes=\"(max-width: 1170px) 100vw, 1170px\" \/><\/p>\n<div class=\"_3YqMOf9R\">\n<div class=\"_3KAa4-GZ frEFeDSS\"><\/div>\n<\/div>","protected":false},"excerpt":{"rendered":"<p>Now you don&#8217;t need to spend hours in Lightroom! Introducing an entirely new collection of premium Lightroom Presets, all these presets come along with unique effects and the varied color combination brings the best result to your masterpieces. These presets can be used for any of your photos and specially created for Sports photos. These [&hellip;]<\/p>\n","protected":false},"featured_media":11460,"comment_status":"open","ping_status":"closed","template":"","meta":{"site-sidebar-layout":"default","site-content-layout":"default","ast-site-content-layout":"default","site-content-style":"default","site-sidebar-style":"default","ast-global-header-display":"","ast-banner-title-visibility":"","ast-main-header-display":"","ast-hfb-above-header-display":"","ast-hfb-below-header-display":"","ast-hfb-mobile-header-display":"","site-post-title":"","ast-breadcrumbs-content":"","ast-featured-img":"","footer-sml-layout":"","ast-disable-related-posts":"","theme-transparent-header-meta":"default","adv-header-id-meta":"","stick-header-meta":"","header-above-stick-meta":"","header-main-stick-meta":"","header-below-stick-meta":"","astra-migrate-meta-layouts":"default","ast-page-background-enabled":"default","ast-page-background-meta":{"desktop":{"background-color":"","background-image":"","background-repeat":"repeat","background-position":"center center","background-size":"auto","background-attachment":"scroll","background-type":"","background-media":"","overlay-type":"","overlay-color":"","overlay-opacity":"","overlay-gradient":""},"tablet":{"background-color":"","background-image":"","background-repeat":"repeat","background-position":"center center","background-size":"auto","background-attachment":"scroll","background-type":"","background-media":"","overlay-type":"","overlay-color":"","overlay-opacity":"","overlay-gradient":""},"mobile":{"background-color":"","background-image":"","background-repeat":"repeat","background-position":"center center","background-size":"auto","background-attachment":"scroll","background-type":"","background-media":"","overlay-type":"","overlay-color":"","overlay-opacity":"","overlay-gradient":""}},"ast-content-background-meta":{"desktop":{"background-color":"var(--ast-global-color-5)","background-image":"","background-repeat":"repeat","background-position":"center center","background-size":"auto","background-attachment":"scroll","background-type":"","background-media":"","overlay-type":"","overlay-color":"","overlay-opacity":"","overlay-gradient":""},"tablet":{"background-color":"var(--ast-global-color-5)","background-image":"","background-repeat":"repeat","background-position":"center center","background-size":"auto","background-attachment":"scroll","background-type":"","background-media":"","overlay-type":"","overlay-color":"","overlay-opacity":"","overlay-gradient":""},"mobile":{"background-color":"var(--ast-global-color-5)","background-image":"","background-repeat":"repeat","background-position":"center center","background-size":"auto","background-attachment":"scroll","background-type":"","background-media":"","overlay-type":"","overlay-color":"","overlay-opacity":"","overlay-gradient":""}}},"product_brand":[],"product_cat":[131],"product_tag":[328,681,289,419,335,285,321,318,1383,277,276],"class_list":{"0":"post-11456","1":"product","2":"type-product","3":"status-publish","4":"has-post-thumbnail","6":"product_cat-lightroom-preset","7":"product_tag-beauty","8":"product_tag-christmas","9":"product_tag-cinematic","10":"product_tag-edit","11":"product_tag-lightroom","12":"product_tag-photo","13":"product_tag-portrait","14":"product_tag-presets","15":"product_tag-retouch","16":"product_tag-retro","17":"product_tag-vintage","18":"desktop-align-left","19":"tablet-align-left","20":"mobile-align-left","22":"first","23":"instock","24":"downloadable","25":"virtual","26":"taxable","27":"purchasable","28":"product-type-simple"},"yoast_head":"<!-- This site is optimized with the Yoast SEO plugin v27.3 - https:\/\/yoast.com\/product\/yoast-seo-wordpress\/ -->\n<title>50 Outdoor Lightroom Presets - Graphimarket<\/title>\n<meta name=\"description\" content=\"Now you don&#039;t need to spend hours in Lightroom! Introducing an entirely new collection of premium Lightroom Presets...\" \/>\n<meta name=\"robots\" content=\"index, follow, max-snippet:-1, max-image-preview:large, max-video-preview:-1\" \/>\n<link rel=\"canonical\" href=\"https:\/\/graphimarket.com\/de\/product\/50-outdoor-lightroom-presets\/\" \/>\n<meta property=\"og:locale\" content=\"de_DE\" \/>\n<meta property=\"og:type\" content=\"article\" \/>\n<meta property=\"og:title\" content=\"50 Outdoor Lightroom Presets - Graphimarket\" \/>\n<meta property=\"og:description\" content=\"Now you don&#039;t need to spend hours in Lightroom! Introducing an entirely new collection of premium Lightroom Presets...\" \/>\n<meta property=\"og:url\" content=\"https:\/\/graphimarket.com\/de\/product\/50-outdoor-lightroom-presets\/\" \/>\n<meta property=\"og:site_name\" content=\"Graphimarket\" \/>\n<meta property=\"article:modified_time\" content=\"2021-01-02T13:03:32+00:00\" \/>\n<meta property=\"og:image\" content=\"https:\/\/graphimarket.com\/wp-content\/uploads\/2020\/09\/6da1901b-d283-4011-82bd-b85c195d1bef.jpg\" \/>\n\t<meta property=\"og:image:width\" content=\"1170\" \/>\n\t<meta property=\"og:image:height\" content=\"780\" \/>\n\t<meta property=\"og:image:type\" content=\"image\/jpeg\" \/>\n<meta name=\"twitter:card\" content=\"summary_large_image\" \/>\n<script type=\"application\/ld+json\" class=\"yoast-schema-graph\">{\"@context\":\"https:\\\/\\\/schema.org\",\"@graph\":[{\"@type\":\"WebPage\",\"@id\":\"https:\\\/\\\/graphimarket.com\\\/ja\\\/product\\\/50-outdoor-lightroom-presets\\\/\",\"url\":\"https:\\\/\\\/graphimarket.com\\\/ja\\\/product\\\/50-outdoor-lightroom-presets\\\/\",\"name\":\"50 Outdoor Lightroom Presets - Graphimarket\",\"isPartOf\":{\"@id\":\"https:\\\/\\\/graphimarket.com\\\/fr\\\/#website\"},\"primaryImageOfPage\":{\"@id\":\"https:\\\/\\\/graphimarket.com\\\/ja\\\/product\\\/50-outdoor-lightroom-presets\\\/#primaryimage\"},\"image\":{\"@id\":\"https:\\\/\\\/graphimarket.com\\\/ja\\\/product\\\/50-outdoor-lightroom-presets\\\/#primaryimage\"},\"thumbnailUrl\":\"https:\\\/\\\/graphimarket.com\\\/wp-content\\\/uploads\\\/2020\\\/09\\\/6da1901b-d283-4011-82bd-b85c195d1bef.jpg\",\"datePublished\":\"2020-09-28T15:30:03+00:00\",\"dateModified\":\"2021-01-02T13:03:32+00:00\",\"description\":\"Now you don't need to spend hours in Lightroom! Introducing an entirely new collection of premium Lightroom Presets...\",\"breadcrumb\":{\"@id\":\"https:\\\/\\\/graphimarket.com\\\/ja\\\/product\\\/50-outdoor-lightroom-presets\\\/#breadcrumb\"},\"inLanguage\":\"de-DE\",\"potentialAction\":[{\"@type\":\"ReadAction\",\"target\":[\"https:\\\/\\\/graphimarket.com\\\/ja\\\/product\\\/50-outdoor-lightroom-presets\\\/\"]}]},{\"@type\":\"ImageObject\",\"inLanguage\":\"de-DE\",\"@id\":\"https:\\\/\\\/graphimarket.com\\\/ja\\\/product\\\/50-outdoor-lightroom-presets\\\/#primaryimage\",\"url\":\"https:\\\/\\\/graphimarket.com\\\/wp-content\\\/uploads\\\/2020\\\/09\\\/6da1901b-d283-4011-82bd-b85c195d1bef.jpg\",\"contentUrl\":\"https:\\\/\\\/graphimarket.com\\\/wp-content\\\/uploads\\\/2020\\\/09\\\/6da1901b-d283-4011-82bd-b85c195d1bef.jpg\",\"width\":1170,\"height\":780},{\"@type\":\"BreadcrumbList\",\"@id\":\"https:\\\/\\\/graphimarket.com\\\/ja\\\/product\\\/50-outdoor-lightroom-presets\\\/#breadcrumb\",\"itemListElement\":[{\"@type\":\"ListItem\",\"position\":1,\"name\":\"Home\",\"item\":\"https:\\\/\\\/graphimarket.com\\\/es\\\/\"},{\"@type\":\"ListItem\",\"position\":2,\"name\":\"Store\",\"item\":\"https:\\\/\\\/graphimarket.com\\\/store\\\/\"},{\"@type\":\"ListItem\",\"position\":3,\"name\":\"50 Outdoor Lightroom Presets\"}]},{\"@type\":\"WebSite\",\"@id\":\"https:\\\/\\\/graphimarket.com\\\/fr\\\/#website\",\"url\":\"https:\\\/\\\/graphimarket.com\\\/fr\\\/\",\"name\":\"Graphimarket\",\"description\":\"Find the perfect creative asset to bring your project to life\",\"publisher\":{\"@id\":\"https:\\\/\\\/graphimarket.com\\\/fr\\\/#organization\"},\"potentialAction\":[{\"@type\":\"SearchAction\",\"target\":{\"@type\":\"EntryPoint\",\"urlTemplate\":\"https:\\\/\\\/graphimarket.com\\\/fr\\\/?s={search_term_string}\"},\"query-input\":{\"@type\":\"PropertyValueSpecification\",\"valueRequired\":true,\"valueName\":\"search_term_string\"}}],\"inLanguage\":\"de-DE\"},{\"@type\":\"Organization\",\"@id\":\"https:\\\/\\\/graphimarket.com\\\/fr\\\/#organization\",\"name\":\"Graphimarket\",\"url\":\"https:\\\/\\\/graphimarket.com\\\/fr\\\/\",\"logo\":{\"@type\":\"ImageObject\",\"inLanguage\":\"de-DE\",\"@id\":\"https:\\\/\\\/graphimarket.com\\\/fr\\\/#\\\/schema\\\/logo\\\/image\\\/\",\"url\":\"https:\\\/\\\/graphimarket.com\\\/wp-content\\\/uploads\\\/2020\\\/08\\\/logo-48.png\",\"contentUrl\":\"https:\\\/\\\/graphimarket.com\\\/wp-content\\\/uploads\\\/2020\\\/08\\\/logo-48.png\",\"width\":132,\"height\":48,\"caption\":\"Graphimarket\"},\"image\":{\"@id\":\"https:\\\/\\\/graphimarket.com\\\/fr\\\/#\\\/schema\\\/logo\\\/image\\\/\"}}]}<\/script>\n<!-- \/ Yoast SEO plugin. -->","yoast_head_json":{"title":"50 Outdoor Lightroom Presets - Graphimarket","description":"Now you don't need to spend hours in Lightroom! Introducing an entirely new collection of premium Lightroom Presets...","robots":{"index":"index","follow":"follow","max-snippet":"max-snippet:-1","max-image-preview":"max-image-preview:large","max-video-preview":"max-video-preview:-1"},"canonical":"https:\/\/graphimarket.com\/de\/product\/50-outdoor-lightroom-presets\/","og_locale":"de_DE","og_type":"article","og_title":"50 Outdoor Lightroom Presets - Graphimarket","og_description":"Now you don't need to spend hours in Lightroom! Introducing an entirely new collection of premium Lightroom Presets...","og_url":"https:\/\/graphimarket.com\/de\/product\/50-outdoor-lightroom-presets\/","og_site_name":"Graphimarket","article_modified_time":"2021-01-02T13:03:32+00:00","og_image":[{"width":1170,"height":780,"url":"https:\/\/graphimarket.com\/wp-content\/uploads\/2020\/09\/6da1901b-d283-4011-82bd-b85c195d1bef.jpg","type":"image\/jpeg"}],"twitter_card":"summary_large_image","schema":{"@context":"https:\/\/schema.org","@graph":[{"@type":"WebPage","@id":"https:\/\/graphimarket.com\/ja\/product\/50-outdoor-lightroom-presets\/","url":"https:\/\/graphimarket.com\/ja\/product\/50-outdoor-lightroom-presets\/","name":"50 Outdoor Lightroom Presets - Graphimarket","isPartOf":{"@id":"https:\/\/graphimarket.com\/fr\/#website"},"primaryImageOfPage":{"@id":"https:\/\/graphimarket.com\/ja\/product\/50-outdoor-lightroom-presets\/#primaryimage"},"image":{"@id":"https:\/\/graphimarket.com\/ja\/product\/50-outdoor-lightroom-presets\/#primaryimage"},"thumbnailUrl":"https:\/\/graphimarket.com\/wp-content\/uploads\/2020\/09\/6da1901b-d283-4011-82bd-b85c195d1bef.jpg","datePublished":"2020-09-28T15:30:03+00:00","dateModified":"2021-01-02T13:03:32+00:00","description":"Now you don't need to spend hours in Lightroom! Introducing an entirely new collection of premium Lightroom Presets...","breadcrumb":{"@id":"https:\/\/graphimarket.com\/ja\/product\/50-outdoor-lightroom-presets\/#breadcrumb"},"inLanguage":"de-DE","potentialAction":[{"@type":"ReadAction","target":["https:\/\/graphimarket.com\/ja\/product\/50-outdoor-lightroom-presets\/"]}]},{"@type":"ImageObject","inLanguage":"de-DE","@id":"https:\/\/graphimarket.com\/ja\/product\/50-outdoor-lightroom-presets\/#primaryimage","url":"https:\/\/graphimarket.com\/wp-content\/uploads\/2020\/09\/6da1901b-d283-4011-82bd-b85c195d1bef.jpg","contentUrl":"https:\/\/graphimarket.com\/wp-content\/uploads\/2020\/09\/6da1901b-d283-4011-82bd-b85c195d1bef.jpg","width":1170,"height":780},{"@type":"BreadcrumbList","@id":"https:\/\/graphimarket.com\/ja\/product\/50-outdoor-lightroom-presets\/#breadcrumb","itemListElement":[{"@type":"ListItem","position":1,"name":"Home","item":"https:\/\/graphimarket.com\/es\/"},{"@type":"ListItem","position":2,"name":"Store","item":"https:\/\/graphimarket.com\/store\/"},{"@type":"ListItem","position":3,"name":"50 Outdoor Lightroom Presets"}]},{"@type":"WebSite","@id":"https:\/\/graphimarket.com\/fr\/#website","url":"https:\/\/graphimarket.com\/fr\/","name":"Graphimarket","description":"Finden Sie das perfekte kreative Kapital, um Ihr Projekt zum Leben zu erwecken","publisher":{"@id":"https:\/\/graphimarket.com\/fr\/#organization"},"potentialAction":[{"@type":"SearchAction","target":{"@type":"EntryPoint","urlTemplate":"https:\/\/graphimarket.com\/fr\/?s={search_term_string}"},"query-input":{"@type":"PropertyValueSpecification","valueRequired":true,"valueName":"search_term_string"}}],"inLanguage":"de-DE"},{"@type":"Organization","@id":"https:\/\/graphimarket.com\/fr\/#organization","name":"Graphimarket","url":"https:\/\/graphimarket.com\/fr\/","logo":{"@type":"ImageObject","inLanguage":"de-DE","@id":"https:\/\/graphimarket.com\/fr\/#\/schema\/logo\/image\/","url":"https:\/\/graphimarket.com\/wp-content\/uploads\/2020\/08\/logo-48.png","contentUrl":"https:\/\/graphimarket.com\/wp-content\/uploads\/2020\/08\/logo-48.png","width":132,"height":48,"caption":"Graphimarket"},"image":{"@id":"https:\/\/graphimarket.com\/fr\/#\/schema\/logo\/image\/"}}]}},"_links":{"self":[{"href":"http:\/\/graphimarket.com\/de\/wp-json\/wp\/v2\/product\/11456","targetHints":{"allow":["GET"]}}],"collection":[{"href":"http:\/\/graphimarket.com\/de\/wp-json\/wp\/v2\/product"}],"about":[{"href":"http:\/\/graphimarket.com\/de\/wp-json\/wp\/v2\/types\/product"}],"replies":[{"embeddable":true,"href":"http:\/\/graphimarket.com\/de\/wp-json\/wp\/v2\/comments?post=11456"}],"version-history":[{"count":0,"href":"http:\/\/graphimarket.com\/de\/wp-json\/wp\/v2\/product\/11456\/revisions"}],"wp:featuredmedia":[{"embeddable":true,"href":"http:\/\/graphimarket.com\/de\/wp-json\/wp\/v2\/media\/11460"}],"wp:attachment":[{"href":"http:\/\/graphimarket.com\/de\/wp-json\/wp\/v2\/media?parent=11456"}],"wp:term":[{"taxonomy":"product_brand","embeddable":true,"href":"http:\/\/graphimarket.com\/de\/wp-json\/wp\/v2\/product_brand?post=11456"},{"taxonomy":"product_cat","embeddable":true,"href":"http:\/\/graphimarket.com\/de\/wp-json\/wp\/v2\/product_cat?post=11456"},{"taxonomy":"product_tag","embeddable":true,"href":"http:\/\/graphimarket.com\/de\/wp-json\/wp\/v2\/product_tag?post=11456"}],"curies":[{"name":"wp","href":"https:\/\/api.w.org\/{rel}","templated":true}]}}