{"id":11815,"date":"2020-10-09T17:37:40","date_gmt":"2020-10-09T15:37:40","guid":{"rendered":"https:\/\/graphimarket.com\/?post_type=product&#038;p=11815"},"modified":"2022-12-19T09:49:14","modified_gmt":"2022-12-19T08:49:14","slug":"hostetemp-multipurpose-email-templates-builder","status":"publish","type":"product","link":"http:\/\/graphimarket.com\/de\/product\/hostetemp-multipurpose-email-templates-builder\/","title":{"rendered":"Hostetemp - Mehrzweck-E-Mail-Vorlagen &amp; Builder"},"content":{"rendered":"<div class=\"_2Masz2rr\">\n<p><strong>Hostetemp<\/strong>\u00a0ist ein\u00a0<strong>Responsive Mehrzweck-E-Mail-Vorlagen f\u00fcr Kryptow\u00e4hrung, Hosting, Domain, VPN, Cloud-Service, VOIP und Technologieunternehmen.<\/strong>\u00a0<em>MailChimp, CampaignMonitor und StampReady (Drag &amp; Drop) Builder Ready.<\/em>\u00a0Jeder kann diese Vorlage einfach aktualisieren\/bearbeiten, indem er unserer gut sortierten Dokumentation folgt.<\/p>\n<p><strong>Hauptmerkmale von Hostetemp:<\/strong><\/p>\n<ul>\n<li>4+ verschiedene Demos<\/li>\n<li>\u00dcber 40 attraktive Module<\/li>\n<li>Mehrzweck-E-Mail-Dienste werden unterst\u00fctzt<\/li>\n<li>Kompatibel mit StampReady Builder<\/li>\n<li>MailChimp-kompatibel<\/li>\n<li>CampaignMonitor-kompatibel<\/li>\n<li>Einfache (Drag n Drop) Anpassungsm\u00f6glichkeiten<\/li>\n<li>Rohes HTML verf\u00fcgbar<\/li>\n<li>Kompatibel mit den wichtigsten Browsern<\/li>\n<li>Responsive Template f\u00fcr alle Mejor-Ger\u00e4te<\/li>\n<li>Unbegrenzte Farbvariation<\/li>\n<li>Ausf\u00fchrliche Dokumentation<\/li>\n<\/ul>\n<p><strong>Einige Notizen:<\/strong><\/p>\n<ul>\n<li>Einige der Outlook-Versionen unterst\u00fctzen Google Fonts nicht richtig. Sie wird durch eine Standard-Webschriftart ersetzt<\/li>\n<li>Bilder werden nur zu Demozwecken verwendet<\/li>\n<li>Die Google Mail-App f\u00fcr Android unterst\u00fctzt keine vollst\u00e4ndige E-Mail-Vorlage f\u00fcr den ersten Blick<\/li>\n<\/ul>\n<\/div>\n<div class=\"_3YqMOf9R\">\n<div class=\"_3KAa4-GZ frEFeDSS\"><img fetchpriority=\"high\" decoding=\"async\" class=\"aligncenter wp-image-11816 size-full\" src=\"https:\/\/graphimarket.com\/wp-content\/uploads\/2020\/10\/4761ed68-08d2-4116-869e-ef2b408a2559.jpg\" alt=\"\" width=\"1370\" height=\"913\" srcset=\"https:\/\/graphimarket.com\/wp-content\/uploads\/2020\/10\/4761ed68-08d2-4116-869e-ef2b408a2559.jpg 1370w, https:\/\/graphimarket.com\/wp-content\/uploads\/2020\/10\/4761ed68-08d2-4116-869e-ef2b408a2559-300x200.jpg 300w, https:\/\/graphimarket.com\/wp-content\/uploads\/2020\/10\/4761ed68-08d2-4116-869e-ef2b408a2559-1024x682.jpg 1024w, https:\/\/graphimarket.com\/wp-content\/uploads\/2020\/10\/4761ed68-08d2-4116-869e-ef2b408a2559-768x512.jpg 768w, https:\/\/graphimarket.com\/wp-content\/uploads\/2020\/10\/4761ed68-08d2-4116-869e-ef2b408a2559-16x12.jpg 16w, https:\/\/graphimarket.com\/wp-content\/uploads\/2020\/10\/4761ed68-08d2-4116-869e-ef2b408a2559-1320x880.jpg 1320w, https:\/\/graphimarket.com\/wp-content\/uploads\/2020\/10\/4761ed68-08d2-4116-869e-ef2b408a2559-600x400.jpg 600w\" sizes=\"(max-width: 1370px) 100vw, 1370px\" \/><\/div>\n<\/div>","protected":false},"excerpt":{"rendered":"<p>Hostetemp\u00a0is a\u00a0Multipurpose Responsive Email Templates for Cryptocurrency, Hosting, Domain, VPN, Cloud Service, VOIP, and Technology Business.\u00a0MailChimp, CampaignMonitor, and StampReady (drag n drop) Builder Ready.\u00a0Anyone can easily update\/edit this template by following our Well Sorted Documentation. Main Features of Hostetemp: 4+ Different Demo 40+ Attractive Modules Multipurpose Email Services Supported StampReady Builder Compatible MailChimp Compatible CampaignMonitor [&hellip;]<\/p>\n","protected":false},"featured_media":11816,"comment_status":"open","ping_status":"closed","template":"","meta":{"site-sidebar-layout":"default","site-content-layout":"default","ast-site-content-layout":"default","site-content-style":"default","site-sidebar-style":"default","ast-global-header-display":"","ast-banner-title-visibility":"","ast-main-header-display":"","ast-hfb-above-header-display":"","ast-hfb-below-header-display":"","ast-hfb-mobile-header-display":"","site-post-title":"","ast-breadcrumbs-content":"","ast-featured-img":"","footer-sml-layout":"","ast-disable-related-posts":"","theme-transparent-header-meta":"default","adv-header-id-meta":"","stick-header-meta":"","header-above-stick-meta":"","header-main-stick-meta":"","header-below-stick-meta":"","astra-migrate-meta-layouts":"default","ast-page-background-enabled":"default","ast-page-background-meta":{"desktop":{"background-color":"","background-image":"","background-repeat":"repeat","background-position":"center center","background-size":"auto","background-attachment":"scroll","background-type":"","background-media":"","overlay-type":"","overlay-color":"","overlay-opacity":"","overlay-gradient":""},"tablet":{"background-color":"","background-image":"","background-repeat":"repeat","background-position":"center center","background-size":"auto","background-attachment":"scroll","background-type":"","background-media":"","overlay-type":"","overlay-color":"","overlay-opacity":"","overlay-gradient":""},"mobile":{"background-color":"","background-image":"","background-repeat":"repeat","background-position":"center center","background-size":"auto","background-attachment":"scroll","background-type":"","background-media":"","overlay-type":"","overlay-color":"","overlay-opacity":"","overlay-gradient":""}},"ast-content-background-meta":{"desktop":{"background-color":"var(--ast-global-color-5)","background-image":"","background-repeat":"repeat","background-position":"center center","background-size":"auto","background-attachment":"scroll","background-type":"","background-media":"","overlay-type":"","overlay-color":"","overlay-opacity":"","overlay-gradient":""},"tablet":{"background-color":"var(--ast-global-color-5)","background-image":"","background-repeat":"repeat","background-position":"center center","background-size":"auto","background-attachment":"scroll","background-type":"","background-media":"","overlay-type":"","overlay-color":"","overlay-opacity":"","overlay-gradient":""},"mobile":{"background-color":"var(--ast-global-color-5)","background-image":"","background-repeat":"repeat","background-position":"center center","background-size":"auto","background-attachment":"scroll","background-type":"","background-media":"","overlay-type":"","overlay-color":"","overlay-opacity":"","overlay-gradient":""}}},"product_brand":[],"product_cat":[118,121],"product_tag":[733,1432,1433,1430,322,1434,1419,1160,262,1435,888,1436,785,1425,556],"class_list":{"0":"post-11815","1":"product","2":"type-product","3":"status-publish","4":"has-post-thumbnail","6":"product_cat-email-templates","7":"product_cat-html","8":"product_tag-business","9":"product_tag-cryptocurrency","10":"product_tag-deals","11":"product_tag-ecommerce","12":"product_tag-fashion","13":"product_tag-hosting","14":"product_tag-mailchimp","15":"product_tag-marketing","16":"product_tag-modern","17":"product_tag-newsletters","18":"product_tag-responsive","19":"product_tag-sale","20":"product_tag-shop","21":"product_tag-stampready","22":"product_tag-technology","23":"desktop-align-left","24":"tablet-align-left","25":"mobile-align-left","27":"first","28":"instock","29":"sale","30":"downloadable","31":"virtual","32":"taxable","33":"purchasable","34":"product-type-simple"},"yoast_head":"<!-- This site is optimized with the Yoast SEO plugin v27.3 - https:\/\/yoast.com\/product\/yoast-seo-wordpress\/ -->\n<title>Hostetemp - Multipurpose Email Templates &amp; Builder - Graphimarket<\/title>\n<meta name=\"robots\" content=\"index, follow, max-snippet:-1, max-image-preview:large, max-video-preview:-1\" \/>\n<link rel=\"canonical\" href=\"https:\/\/graphimarket.com\/de\/product\/hostetemp-multipurpose-email-templates-builder\/\" \/>\n<meta property=\"og:locale\" content=\"de_DE\" \/>\n<meta property=\"og:type\" content=\"article\" \/>\n<meta property=\"og:title\" content=\"Hostetemp - Multipurpose Email Templates &amp; Builder - Graphimarket\" \/>\n<meta property=\"og:description\" content=\"Hostetemp\u00a0is a\u00a0Multipurpose Responsive Email Templates for Cryptocurrency, Hosting, Domain, VPN, Cloud Service, VOIP, and Technology Business.\u00a0MailChimp, CampaignMonitor, and StampReady (drag n drop) Builder Ready.\u00a0Anyone can easily update\/edit this template by following our Well Sorted Documentation. Main Features of Hostetemp: 4+ Different Demo 40+ Attractive Modules Multipurpose Email Services Supported StampReady Builder Compatible MailChimp Compatible CampaignMonitor [&hellip;]\" \/>\n<meta property=\"og:url\" content=\"https:\/\/graphimarket.com\/de\/product\/hostetemp-multipurpose-email-templates-builder\/\" \/>\n<meta property=\"og:site_name\" content=\"Graphimarket\" \/>\n<meta property=\"article:modified_time\" content=\"2022-12-19T08:49:14+00:00\" \/>\n<meta property=\"og:image\" content=\"https:\/\/graphimarket.com\/wp-content\/uploads\/2020\/10\/4761ed68-08d2-4116-869e-ef2b408a2559.jpg\" \/>\n\t<meta property=\"og:image:width\" content=\"1370\" \/>\n\t<meta property=\"og:image:height\" content=\"913\" \/>\n\t<meta property=\"og:image:type\" content=\"image\/jpeg\" \/>\n<meta name=\"twitter:card\" content=\"summary_large_image\" \/>\n<meta name=\"twitter:label1\" content=\"Est. reading time\" \/>\n\t<meta name=\"twitter:data1\" content=\"1 minute\" \/>\n<script type=\"application\/ld+json\" class=\"yoast-schema-graph\">{\"@context\":\"https:\\\/\\\/schema.org\",\"@graph\":[{\"@type\":\"WebPage\",\"@id\":\"https:\\\/\\\/graphimarket.com\\\/es\\\/product\\\/hostetemp-multipurpose-email-templates-builder\\\/\",\"url\":\"https:\\\/\\\/graphimarket.com\\\/es\\\/product\\\/hostetemp-multipurpose-email-templates-builder\\\/\",\"name\":\"Hostetemp - Multipurpose Email Templates & Builder - Graphimarket\",\"isPartOf\":{\"@id\":\"https:\\\/\\\/graphimarket.com\\\/fr\\\/#website\"},\"primaryImageOfPage\":{\"@id\":\"https:\\\/\\\/graphimarket.com\\\/es\\\/product\\\/hostetemp-multipurpose-email-templates-builder\\\/#primaryimage\"},\"image\":{\"@id\":\"https:\\\/\\\/graphimarket.com\\\/es\\\/product\\\/hostetemp-multipurpose-email-templates-builder\\\/#primaryimage\"},\"thumbnailUrl\":\"https:\\\/\\\/graphimarket.com\\\/wp-content\\\/uploads\\\/2020\\\/10\\\/4761ed68-08d2-4116-869e-ef2b408a2559.jpg\",\"datePublished\":\"2020-10-09T15:37:40+00:00\",\"dateModified\":\"2022-12-19T08:49:14+00:00\",\"breadcrumb\":{\"@id\":\"https:\\\/\\\/graphimarket.com\\\/es\\\/product\\\/hostetemp-multipurpose-email-templates-builder\\\/#breadcrumb\"},\"inLanguage\":\"de-DE\",\"potentialAction\":[{\"@type\":\"ReadAction\",\"target\":[\"https:\\\/\\\/graphimarket.com\\\/es\\\/product\\\/hostetemp-multipurpose-email-templates-builder\\\/\"]}]},{\"@type\":\"ImageObject\",\"inLanguage\":\"de-DE\",\"@id\":\"https:\\\/\\\/graphimarket.com\\\/es\\\/product\\\/hostetemp-multipurpose-email-templates-builder\\\/#primaryimage\",\"url\":\"https:\\\/\\\/graphimarket.com\\\/wp-content\\\/uploads\\\/2020\\\/10\\\/4761ed68-08d2-4116-869e-ef2b408a2559.jpg\",\"contentUrl\":\"https:\\\/\\\/graphimarket.com\\\/wp-content\\\/uploads\\\/2020\\\/10\\\/4761ed68-08d2-4116-869e-ef2b408a2559.jpg\",\"width\":1370,\"height\":913},{\"@type\":\"BreadcrumbList\",\"@id\":\"https:\\\/\\\/graphimarket.com\\\/es\\\/product\\\/hostetemp-multipurpose-email-templates-builder\\\/#breadcrumb\",\"itemListElement\":[{\"@type\":\"ListItem\",\"position\":1,\"name\":\"Home\",\"item\":\"https:\\\/\\\/graphimarket.com\\\/es\\\/\"},{\"@type\":\"ListItem\",\"position\":2,\"name\":\"Store\",\"item\":\"https:\\\/\\\/graphimarket.com\\\/store\\\/\"},{\"@type\":\"ListItem\",\"position\":3,\"name\":\"Hostetemp &#8211; Multipurpose Email Templates &#038; Builder\"}]},{\"@type\":\"WebSite\",\"@id\":\"https:\\\/\\\/graphimarket.com\\\/fr\\\/#website\",\"url\":\"https:\\\/\\\/graphimarket.com\\\/fr\\\/\",\"name\":\"Graphimarket\",\"description\":\"Find the perfect creative asset to bring your project to life\",\"publisher\":{\"@id\":\"https:\\\/\\\/graphimarket.com\\\/fr\\\/#organization\"},\"potentialAction\":[{\"@type\":\"SearchAction\",\"target\":{\"@type\":\"EntryPoint\",\"urlTemplate\":\"https:\\\/\\\/graphimarket.com\\\/fr\\\/?s={search_term_string}\"},\"query-input\":{\"@type\":\"PropertyValueSpecification\",\"valueRequired\":true,\"valueName\":\"search_term_string\"}}],\"inLanguage\":\"de-DE\"},{\"@type\":\"Organization\",\"@id\":\"https:\\\/\\\/graphimarket.com\\\/fr\\\/#organization\",\"name\":\"Graphimarket\",\"url\":\"https:\\\/\\\/graphimarket.com\\\/fr\\\/\",\"logo\":{\"@type\":\"ImageObject\",\"inLanguage\":\"de-DE\",\"@id\":\"https:\\\/\\\/graphimarket.com\\\/fr\\\/#\\\/schema\\\/logo\\\/image\\\/\",\"url\":\"https:\\\/\\\/graphimarket.com\\\/wp-content\\\/uploads\\\/2020\\\/08\\\/logo-48.png\",\"contentUrl\":\"https:\\\/\\\/graphimarket.com\\\/wp-content\\\/uploads\\\/2020\\\/08\\\/logo-48.png\",\"width\":132,\"height\":48,\"caption\":\"Graphimarket\"},\"image\":{\"@id\":\"https:\\\/\\\/graphimarket.com\\\/fr\\\/#\\\/schema\\\/logo\\\/image\\\/\"}}]}<\/script>\n<!-- \/ Yoast SEO plugin. -->","yoast_head_json":{"title":"Hostetemp - Multipurpose Email Templates & Builder - Graphimarket","robots":{"index":"index","follow":"follow","max-snippet":"max-snippet:-1","max-image-preview":"max-image-preview:large","max-video-preview":"max-video-preview:-1"},"canonical":"https:\/\/graphimarket.com\/de\/product\/hostetemp-multipurpose-email-templates-builder\/","og_locale":"de_DE","og_type":"article","og_title":"Hostetemp - Multipurpose Email Templates & Builder - Graphimarket","og_description":"Hostetemp\u00a0is a\u00a0Multipurpose Responsive Email Templates for Cryptocurrency, Hosting, Domain, VPN, Cloud Service, VOIP, and Technology Business.\u00a0MailChimp, CampaignMonitor, and StampReady (drag n drop) Builder Ready.\u00a0Anyone can easily update\/edit this template by following our Well Sorted Documentation. Main Features of Hostetemp: 4+ Different Demo 40+ Attractive Modules Multipurpose Email Services Supported StampReady Builder Compatible MailChimp Compatible CampaignMonitor [&hellip;]","og_url":"https:\/\/graphimarket.com\/de\/product\/hostetemp-multipurpose-email-templates-builder\/","og_site_name":"Graphimarket","article_modified_time":"2022-12-19T08:49:14+00:00","og_image":[{"width":1370,"height":913,"url":"https:\/\/graphimarket.com\/wp-content\/uploads\/2020\/10\/4761ed68-08d2-4116-869e-ef2b408a2559.jpg","type":"image\/jpeg"}],"twitter_card":"summary_large_image","twitter_misc":{"Est. reading time":"1 minute"},"schema":{"@context":"https:\/\/schema.org","@graph":[{"@type":"WebPage","@id":"https:\/\/graphimarket.com\/es\/product\/hostetemp-multipurpose-email-templates-builder\/","url":"https:\/\/graphimarket.com\/es\/product\/hostetemp-multipurpose-email-templates-builder\/","name":"Hostetemp - Multipurpose Email Templates & Builder - Graphimarket","isPartOf":{"@id":"https:\/\/graphimarket.com\/fr\/#website"},"primaryImageOfPage":{"@id":"https:\/\/graphimarket.com\/es\/product\/hostetemp-multipurpose-email-templates-builder\/#primaryimage"},"image":{"@id":"https:\/\/graphimarket.com\/es\/product\/hostetemp-multipurpose-email-templates-builder\/#primaryimage"},"thumbnailUrl":"https:\/\/graphimarket.com\/wp-content\/uploads\/2020\/10\/4761ed68-08d2-4116-869e-ef2b408a2559.jpg","datePublished":"2020-10-09T15:37:40+00:00","dateModified":"2022-12-19T08:49:14+00:00","breadcrumb":{"@id":"https:\/\/graphimarket.com\/es\/product\/hostetemp-multipurpose-email-templates-builder\/#breadcrumb"},"inLanguage":"de-DE","potentialAction":[{"@type":"ReadAction","target":["https:\/\/graphimarket.com\/es\/product\/hostetemp-multipurpose-email-templates-builder\/"]}]},{"@type":"ImageObject","inLanguage":"de-DE","@id":"https:\/\/graphimarket.com\/es\/product\/hostetemp-multipurpose-email-templates-builder\/#primaryimage","url":"https:\/\/graphimarket.com\/wp-content\/uploads\/2020\/10\/4761ed68-08d2-4116-869e-ef2b408a2559.jpg","contentUrl":"https:\/\/graphimarket.com\/wp-content\/uploads\/2020\/10\/4761ed68-08d2-4116-869e-ef2b408a2559.jpg","width":1370,"height":913},{"@type":"BreadcrumbList","@id":"https:\/\/graphimarket.com\/es\/product\/hostetemp-multipurpose-email-templates-builder\/#breadcrumb","itemListElement":[{"@type":"ListItem","position":1,"name":"Home","item":"https:\/\/graphimarket.com\/es\/"},{"@type":"ListItem","position":2,"name":"Store","item":"https:\/\/graphimarket.com\/store\/"},{"@type":"ListItem","position":3,"name":"Hostetemp &#8211; Multipurpose Email Templates &#038; Builder"}]},{"@type":"WebSite","@id":"https:\/\/graphimarket.com\/fr\/#website","url":"https:\/\/graphimarket.com\/fr\/","name":"Graphimarket","description":"Finden Sie das perfekte kreative Kapital, um Ihr Projekt zum Leben zu erwecken","publisher":{"@id":"https:\/\/graphimarket.com\/fr\/#organization"},"potentialAction":[{"@type":"SearchAction","target":{"@type":"EntryPoint","urlTemplate":"https:\/\/graphimarket.com\/fr\/?s={search_term_string}"},"query-input":{"@type":"PropertyValueSpecification","valueRequired":true,"valueName":"search_term_string"}}],"inLanguage":"de-DE"},{"@type":"Organization","@id":"https:\/\/graphimarket.com\/fr\/#organization","name":"Graphimarket","url":"https:\/\/graphimarket.com\/fr\/","logo":{"@type":"ImageObject","inLanguage":"de-DE","@id":"https:\/\/graphimarket.com\/fr\/#\/schema\/logo\/image\/","url":"https:\/\/graphimarket.com\/wp-content\/uploads\/2020\/08\/logo-48.png","contentUrl":"https:\/\/graphimarket.com\/wp-content\/uploads\/2020\/08\/logo-48.png","width":132,"height":48,"caption":"Graphimarket"},"image":{"@id":"https:\/\/graphimarket.com\/fr\/#\/schema\/logo\/image\/"}}]}},"_links":{"self":[{"href":"http:\/\/graphimarket.com\/de\/wp-json\/wp\/v2\/product\/11815","targetHints":{"allow":["GET"]}}],"collection":[{"href":"http:\/\/graphimarket.com\/de\/wp-json\/wp\/v2\/product"}],"about":[{"href":"http:\/\/graphimarket.com\/de\/wp-json\/wp\/v2\/types\/product"}],"replies":[{"embeddable":true,"href":"http:\/\/graphimarket.com\/de\/wp-json\/wp\/v2\/comments?post=11815"}],"version-history":[{"count":0,"href":"http:\/\/graphimarket.com\/de\/wp-json\/wp\/v2\/product\/11815\/revisions"}],"wp:featuredmedia":[{"embeddable":true,"href":"http:\/\/graphimarket.com\/de\/wp-json\/wp\/v2\/media\/11816"}],"wp:attachment":[{"href":"http:\/\/graphimarket.com\/de\/wp-json\/wp\/v2\/media?parent=11815"}],"wp:term":[{"taxonomy":"product_brand","embeddable":true,"href":"http:\/\/graphimarket.com\/de\/wp-json\/wp\/v2\/product_brand?post=11815"},{"taxonomy":"product_cat","embeddable":true,"href":"http:\/\/graphimarket.com\/de\/wp-json\/wp\/v2\/product_cat?post=11815"},{"taxonomy":"product_tag","embeddable":true,"href":"http:\/\/graphimarket.com\/de\/wp-json\/wp\/v2\/product_tag?post=11815"}],"curies":[{"name":"wp","href":"https:\/\/api.w.org\/{rel}","templated":true}]}}