{"id":12324,"date":"2020-10-14T15:09:43","date_gmt":"2020-10-14T13:09:43","guid":{"rendered":"https:\/\/graphimarket.com\/?post_type=product&#038;p=12324"},"modified":"2022-12-19T09:36:22","modified_gmt":"2022-12-19T08:36:22","slug":"the-watercolory-goodness-bundle","status":"publish","type":"product","link":"http:\/\/graphimarket.com\/de\/product\/the-watercolory-goodness-bundle\/","title":{"rendered":"Das Aquarell-G\u00fcte-B\u00fcndel"},"content":{"rendered":"<div class=\"_2Masz2rr\">\n<p>Das Watercolory Goodness Bundle: vollgestopft mit allerlei Aquarell-G\u00fcte. 50 einzigartige Aquarell-Textur-Hintergr\u00fcnde plus ein nettes kleines Paket mit 42 Aquarell-Stempelpinseln, perfekt, um Ihre eigenen Aquarell-Textur-Qualit\u00e4ten zu jedem kreativen Projekt hinzuzuf\u00fcgen, das Sie haben. Diese Texturen eignen sich hervorragend f\u00fcr Websites, Branding, Einladungen, das Hinzuf\u00fcgen zu Ihrer eigenen Kunst, das Erstellen Ihrer eigenen Kunst f\u00fcr Ihr Zuhause und vieles mehr.<\/p>\n<p>Der Download beinhaltet:<\/p>\n<p>\u2022 50 separate JPG-Dateien<\/p>\n<p>\u2022 Grafiken haben eine Gr\u00f6\u00dfe von ca. 12\u2033 x 12\u2033 bei 300 dpi (Druckqualit\u00e4t)<\/p>\n<p>\u2022 42 Aquarell-PSD-Pinsel<\/p>\n<p>\u2022 Gef\u00e4llt Ihnen, was Sie sehen? Ich w\u00e4re sehr dankbar, wenn Sie es teilen oder weiterempfehlen w\u00fcrden. Danke und viel Spa\u00df beim Erstellen!<\/p>\n<\/div>\n<p>&nbsp;<\/p>\n<p><img fetchpriority=\"high\" decoding=\"async\" class=\"aligncenter wp-image-12325 size-full\" src=\"https:\/\/graphimarket.com\/wp-content\/uploads\/2020\/10\/659c75fc-8864-4006-93ad-6dbb8cca1309.jpg\" alt=\"\" width=\"1370\" height=\"913\" srcset=\"https:\/\/graphimarket.com\/wp-content\/uploads\/2020\/10\/659c75fc-8864-4006-93ad-6dbb8cca1309.jpg 1370w, https:\/\/graphimarket.com\/wp-content\/uploads\/2020\/10\/659c75fc-8864-4006-93ad-6dbb8cca1309-300x200.jpg 300w, https:\/\/graphimarket.com\/wp-content\/uploads\/2020\/10\/659c75fc-8864-4006-93ad-6dbb8cca1309-1024x682.jpg 1024w, https:\/\/graphimarket.com\/wp-content\/uploads\/2020\/10\/659c75fc-8864-4006-93ad-6dbb8cca1309-768x512.jpg 768w, https:\/\/graphimarket.com\/wp-content\/uploads\/2020\/10\/659c75fc-8864-4006-93ad-6dbb8cca1309-16x12.jpg 16w, https:\/\/graphimarket.com\/wp-content\/uploads\/2020\/10\/659c75fc-8864-4006-93ad-6dbb8cca1309-1320x880.jpg 1320w, https:\/\/graphimarket.com\/wp-content\/uploads\/2020\/10\/659c75fc-8864-4006-93ad-6dbb8cca1309-600x400.jpg 600w\" sizes=\"(max-width: 1370px) 100vw, 1370px\" \/><\/p>\n<div class=\"_3YqMOf9R\">\n<div class=\"_3KAa4-GZ frEFeDSS\"><\/div>\n<\/div>","protected":false},"excerpt":{"rendered":"<p>The Watercolory Goodness Bundle: chocked full of all kinds of watercolor goodness. 50 unique watercolor texture backgrounds plus a nice little pack of 42 watercolor stamp brushes, perfect to add your own watercolor texture qualities to whatever creative project you have going. These textures are great to use for websites, branding, invitations, adding to your [&hellip;]<\/p>\n","protected":false},"featured_media":12325,"comment_status":"open","ping_status":"closed","template":"","meta":{"site-sidebar-layout":"default","site-content-layout":"default","ast-site-content-layout":"default","site-content-style":"default","site-sidebar-style":"default","ast-global-header-display":"","ast-banner-title-visibility":"","ast-main-header-display":"","ast-hfb-above-header-display":"","ast-hfb-below-header-display":"","ast-hfb-mobile-header-display":"","site-post-title":"","ast-breadcrumbs-content":"","ast-featured-img":"","footer-sml-layout":"","ast-disable-related-posts":"","theme-transparent-header-meta":"default","adv-header-id-meta":"","stick-header-meta":"","header-above-stick-meta":"","header-main-stick-meta":"","header-below-stick-meta":"","astra-migrate-meta-layouts":"default","ast-page-background-enabled":"default","ast-page-background-meta":{"desktop":{"background-color":"","background-image":"","background-repeat":"repeat","background-position":"center center","background-size":"auto","background-attachment":"scroll","background-type":"","background-media":"","overlay-type":"","overlay-color":"","overlay-opacity":"","overlay-gradient":""},"tablet":{"background-color":"","background-image":"","background-repeat":"repeat","background-position":"center center","background-size":"auto","background-attachment":"scroll","background-type":"","background-media":"","overlay-type":"","overlay-color":"","overlay-opacity":"","overlay-gradient":""},"mobile":{"background-color":"","background-image":"","background-repeat":"repeat","background-position":"center center","background-size":"auto","background-attachment":"scroll","background-type":"","background-media":"","overlay-type":"","overlay-color":"","overlay-opacity":"","overlay-gradient":""}},"ast-content-background-meta":{"desktop":{"background-color":"var(--ast-global-color-5)","background-image":"","background-repeat":"repeat","background-position":"center center","background-size":"auto","background-attachment":"scroll","background-type":"","background-media":"","overlay-type":"","overlay-color":"","overlay-opacity":"","overlay-gradient":""},"tablet":{"background-color":"var(--ast-global-color-5)","background-image":"","background-repeat":"repeat","background-position":"center center","background-size":"auto","background-attachment":"scroll","background-type":"","background-media":"","overlay-type":"","overlay-color":"","overlay-opacity":"","overlay-gradient":""},"mobile":{"background-color":"var(--ast-global-color-5)","background-image":"","background-repeat":"repeat","background-position":"center center","background-size":"auto","background-attachment":"scroll","background-type":"","background-media":"","overlay-type":"","overlay-color":"","overlay-opacity":"","overlay-gradient":""}}},"product_brand":[],"product_cat":[99,197,1609],"product_tag":[450,231,330,248,275,804,675,243,1625,367],"class_list":{"0":"post-12324","1":"product","2":"type-product","3":"status-publish","4":"has-post-thumbnail","6":"product_cat-backgrounds","7":"product_cat-brushes","8":"product_cat-bundle","9":"product_tag-background","10":"product_tag-brushes","11":"product_tag-colorful","12":"product_tag-grunge","13":"product_tag-ink","14":"product_tag-paper","15":"product_tag-splash","16":"product_tag-texture","17":"product_tag-wash","18":"product_tag-watercolor","19":"desktop-align-left","20":"tablet-align-left","21":"mobile-align-left","23":"first","24":"instock","25":"sale","26":"downloadable","27":"virtual","28":"taxable","29":"purchasable","30":"product-type-simple"},"yoast_head":"<!-- This site is optimized with the Yoast SEO plugin v27.3 - https:\/\/yoast.com\/product\/yoast-seo-wordpress\/ -->\n<title>The Watercolory Goodness Bundle - Graphimarket<\/title>\n<meta name=\"description\" content=\"The Watercolory Goodness Bundle: chocked full of all kinds of watercolor goodness. 50 unique watercolor texture backgrounds plus...\" \/>\n<meta name=\"robots\" content=\"index, follow, max-snippet:-1, max-image-preview:large, max-video-preview:-1\" \/>\n<link rel=\"canonical\" href=\"https:\/\/graphimarket.com\/de\/product\/the-watercolory-goodness-bundle\/\" \/>\n<meta property=\"og:locale\" content=\"de_DE\" \/>\n<meta property=\"og:type\" content=\"article\" \/>\n<meta property=\"og:title\" content=\"The Watercolory Goodness Bundle - Graphimarket\" \/>\n<meta property=\"og:description\" content=\"The Watercolory Goodness Bundle: chocked full of all kinds of watercolor goodness. 50 unique watercolor texture backgrounds plus...\" \/>\n<meta property=\"og:url\" content=\"https:\/\/graphimarket.com\/de\/product\/the-watercolory-goodness-bundle\/\" \/>\n<meta property=\"og:site_name\" content=\"Graphimarket\" \/>\n<meta property=\"article:modified_time\" content=\"2022-12-19T08:36:22+00:00\" \/>\n<meta property=\"og:image\" content=\"https:\/\/graphimarket.com\/wp-content\/uploads\/2020\/10\/659c75fc-8864-4006-93ad-6dbb8cca1309.jpg\" \/>\n\t<meta property=\"og:image:width\" content=\"1370\" \/>\n\t<meta property=\"og:image:height\" content=\"913\" \/>\n\t<meta property=\"og:image:type\" content=\"image\/jpeg\" \/>\n<meta name=\"twitter:card\" content=\"summary_large_image\" \/>\n<meta name=\"twitter:label1\" content=\"Est. reading time\" \/>\n\t<meta name=\"twitter:data1\" content=\"1 minute\" \/>\n<script type=\"application\/ld+json\" class=\"yoast-schema-graph\">{\"@context\":\"https:\\\/\\\/schema.org\",\"@graph\":[{\"@type\":\"WebPage\",\"@id\":\"https:\\\/\\\/graphimarket.com\\\/product\\\/the-watercolory-goodness-bundle\\\/\",\"url\":\"https:\\\/\\\/graphimarket.com\\\/product\\\/the-watercolory-goodness-bundle\\\/\",\"name\":\"The Watercolory Goodness Bundle - Graphimarket\",\"isPartOf\":{\"@id\":\"https:\\\/\\\/graphimarket.com\\\/fr\\\/#website\"},\"primaryImageOfPage\":{\"@id\":\"https:\\\/\\\/graphimarket.com\\\/product\\\/the-watercolory-goodness-bundle\\\/#primaryimage\"},\"image\":{\"@id\":\"https:\\\/\\\/graphimarket.com\\\/product\\\/the-watercolory-goodness-bundle\\\/#primaryimage\"},\"thumbnailUrl\":\"https:\\\/\\\/graphimarket.com\\\/wp-content\\\/uploads\\\/2020\\\/10\\\/659c75fc-8864-4006-93ad-6dbb8cca1309.jpg\",\"datePublished\":\"2020-10-14T13:09:43+00:00\",\"dateModified\":\"2022-12-19T08:36:22+00:00\",\"description\":\"The Watercolory Goodness Bundle: chocked full of all kinds of watercolor goodness. 50 unique watercolor texture backgrounds plus...\",\"breadcrumb\":{\"@id\":\"https:\\\/\\\/graphimarket.com\\\/product\\\/the-watercolory-goodness-bundle\\\/#breadcrumb\"},\"inLanguage\":\"de-DE\",\"potentialAction\":[{\"@type\":\"ReadAction\",\"target\":[\"https:\\\/\\\/graphimarket.com\\\/product\\\/the-watercolory-goodness-bundle\\\/\"]}]},{\"@type\":\"ImageObject\",\"inLanguage\":\"de-DE\",\"@id\":\"https:\\\/\\\/graphimarket.com\\\/product\\\/the-watercolory-goodness-bundle\\\/#primaryimage\",\"url\":\"https:\\\/\\\/graphimarket.com\\\/wp-content\\\/uploads\\\/2020\\\/10\\\/659c75fc-8864-4006-93ad-6dbb8cca1309.jpg\",\"contentUrl\":\"https:\\\/\\\/graphimarket.com\\\/wp-content\\\/uploads\\\/2020\\\/10\\\/659c75fc-8864-4006-93ad-6dbb8cca1309.jpg\",\"width\":1370,\"height\":913},{\"@type\":\"BreadcrumbList\",\"@id\":\"https:\\\/\\\/graphimarket.com\\\/product\\\/the-watercolory-goodness-bundle\\\/#breadcrumb\",\"itemListElement\":[{\"@type\":\"ListItem\",\"position\":1,\"name\":\"Home\",\"item\":\"https:\\\/\\\/graphimarket.com\\\/es\\\/\"},{\"@type\":\"ListItem\",\"position\":2,\"name\":\"Store\",\"item\":\"https:\\\/\\\/graphimarket.com\\\/store\\\/\"},{\"@type\":\"ListItem\",\"position\":3,\"name\":\"The Watercolory Goodness Bundle\"}]},{\"@type\":\"WebSite\",\"@id\":\"https:\\\/\\\/graphimarket.com\\\/fr\\\/#website\",\"url\":\"https:\\\/\\\/graphimarket.com\\\/fr\\\/\",\"name\":\"Graphimarket\",\"description\":\"Find the perfect creative asset to bring your project to life\",\"publisher\":{\"@id\":\"https:\\\/\\\/graphimarket.com\\\/fr\\\/#organization\"},\"potentialAction\":[{\"@type\":\"SearchAction\",\"target\":{\"@type\":\"EntryPoint\",\"urlTemplate\":\"https:\\\/\\\/graphimarket.com\\\/fr\\\/?s={search_term_string}\"},\"query-input\":{\"@type\":\"PropertyValueSpecification\",\"valueRequired\":true,\"valueName\":\"search_term_string\"}}],\"inLanguage\":\"de-DE\"},{\"@type\":\"Organization\",\"@id\":\"https:\\\/\\\/graphimarket.com\\\/fr\\\/#organization\",\"name\":\"Graphimarket\",\"url\":\"https:\\\/\\\/graphimarket.com\\\/fr\\\/\",\"logo\":{\"@type\":\"ImageObject\",\"inLanguage\":\"de-DE\",\"@id\":\"https:\\\/\\\/graphimarket.com\\\/fr\\\/#\\\/schema\\\/logo\\\/image\\\/\",\"url\":\"https:\\\/\\\/graphimarket.com\\\/wp-content\\\/uploads\\\/2020\\\/08\\\/logo-48.png\",\"contentUrl\":\"https:\\\/\\\/graphimarket.com\\\/wp-content\\\/uploads\\\/2020\\\/08\\\/logo-48.png\",\"width\":132,\"height\":48,\"caption\":\"Graphimarket\"},\"image\":{\"@id\":\"https:\\\/\\\/graphimarket.com\\\/fr\\\/#\\\/schema\\\/logo\\\/image\\\/\"}}]}<\/script>\n<!-- \/ Yoast SEO plugin. -->","yoast_head_json":{"title":"Das Aquarell-G\u00fctepaket - Graphimarket","description":"Das Watercolory Goodness Bundle: vollgestopft mit allerlei Aquarell-G\u00fcte. 50 einzigartige Aquarell-Texturhintergr\u00fcnde plus ...","robots":{"index":"index","follow":"follow","max-snippet":"max-snippet:-1","max-image-preview":"max-image-preview:large","max-video-preview":"max-video-preview:-1"},"canonical":"https:\/\/graphimarket.com\/de\/product\/the-watercolory-goodness-bundle\/","og_locale":"de_DE","og_type":"article","og_title":"The Watercolory Goodness Bundle - Graphimarket","og_description":"The Watercolory Goodness Bundle: chocked full of all kinds of watercolor goodness. 50 unique watercolor texture backgrounds plus...","og_url":"https:\/\/graphimarket.com\/de\/product\/the-watercolory-goodness-bundle\/","og_site_name":"Graphimarket","article_modified_time":"2022-12-19T08:36:22+00:00","og_image":[{"width":1370,"height":913,"url":"https:\/\/graphimarket.com\/wp-content\/uploads\/2020\/10\/659c75fc-8864-4006-93ad-6dbb8cca1309.jpg","type":"image\/jpeg"}],"twitter_card":"summary_large_image","twitter_misc":{"Est. reading time":"1 minute"},"schema":{"@context":"https:\/\/schema.org","@graph":[{"@type":"WebPage","@id":"https:\/\/graphimarket.com\/product\/the-watercolory-goodness-bundle\/","url":"https:\/\/graphimarket.com\/product\/the-watercolory-goodness-bundle\/","name":"Das Aquarell-G\u00fctepaket - Graphimarket","isPartOf":{"@id":"https:\/\/graphimarket.com\/fr\/#website"},"primaryImageOfPage":{"@id":"https:\/\/graphimarket.com\/product\/the-watercolory-goodness-bundle\/#primaryimage"},"image":{"@id":"https:\/\/graphimarket.com\/product\/the-watercolory-goodness-bundle\/#primaryimage"},"thumbnailUrl":"https:\/\/graphimarket.com\/wp-content\/uploads\/2020\/10\/659c75fc-8864-4006-93ad-6dbb8cca1309.jpg","datePublished":"2020-10-14T13:09:43+00:00","dateModified":"2022-12-19T08:36:22+00:00","description":"Das Watercolory Goodness Bundle: vollgestopft mit allerlei Aquarell-G\u00fcte. 50 einzigartige Aquarell-Texturhintergr\u00fcnde plus ...","breadcrumb":{"@id":"https:\/\/graphimarket.com\/product\/the-watercolory-goodness-bundle\/#breadcrumb"},"inLanguage":"de-DE","potentialAction":[{"@type":"ReadAction","target":["https:\/\/graphimarket.com\/product\/the-watercolory-goodness-bundle\/"]}]},{"@type":"ImageObject","inLanguage":"de-DE","@id":"https:\/\/graphimarket.com\/product\/the-watercolory-goodness-bundle\/#primaryimage","url":"https:\/\/graphimarket.com\/wp-content\/uploads\/2020\/10\/659c75fc-8864-4006-93ad-6dbb8cca1309.jpg","contentUrl":"https:\/\/graphimarket.com\/wp-content\/uploads\/2020\/10\/659c75fc-8864-4006-93ad-6dbb8cca1309.jpg","width":1370,"height":913},{"@type":"BreadcrumbList","@id":"https:\/\/graphimarket.com\/product\/the-watercolory-goodness-bundle\/#breadcrumb","itemListElement":[{"@type":"ListItem","position":1,"name":"Home","item":"https:\/\/graphimarket.com\/es\/"},{"@type":"ListItem","position":2,"name":"Store","item":"https:\/\/graphimarket.com\/store\/"},{"@type":"ListItem","position":3,"name":"The Watercolory Goodness Bundle"}]},{"@type":"WebSite","@id":"https:\/\/graphimarket.com\/fr\/#website","url":"https:\/\/graphimarket.com\/fr\/","name":"Graphimarket","description":"Finden Sie das perfekte kreative Kapital, um Ihr Projekt zum Leben zu erwecken","publisher":{"@id":"https:\/\/graphimarket.com\/fr\/#organization"},"potentialAction":[{"@type":"SearchAction","target":{"@type":"EntryPoint","urlTemplate":"https:\/\/graphimarket.com\/fr\/?s={search_term_string}"},"query-input":{"@type":"PropertyValueSpecification","valueRequired":true,"valueName":"search_term_string"}}],"inLanguage":"de-DE"},{"@type":"Organization","@id":"https:\/\/graphimarket.com\/fr\/#organization","name":"Graphimarket","url":"https:\/\/graphimarket.com\/fr\/","logo":{"@type":"ImageObject","inLanguage":"de-DE","@id":"https:\/\/graphimarket.com\/fr\/#\/schema\/logo\/image\/","url":"https:\/\/graphimarket.com\/wp-content\/uploads\/2020\/08\/logo-48.png","contentUrl":"https:\/\/graphimarket.com\/wp-content\/uploads\/2020\/08\/logo-48.png","width":132,"height":48,"caption":"Graphimarket"},"image":{"@id":"https:\/\/graphimarket.com\/fr\/#\/schema\/logo\/image\/"}}]}},"_links":{"self":[{"href":"http:\/\/graphimarket.com\/de\/wp-json\/wp\/v2\/product\/12324","targetHints":{"allow":["GET"]}}],"collection":[{"href":"http:\/\/graphimarket.com\/de\/wp-json\/wp\/v2\/product"}],"about":[{"href":"http:\/\/graphimarket.com\/de\/wp-json\/wp\/v2\/types\/product"}],"replies":[{"embeddable":true,"href":"http:\/\/graphimarket.com\/de\/wp-json\/wp\/v2\/comments?post=12324"}],"version-history":[{"count":0,"href":"http:\/\/graphimarket.com\/de\/wp-json\/wp\/v2\/product\/12324\/revisions"}],"wp:featuredmedia":[{"embeddable":true,"href":"http:\/\/graphimarket.com\/de\/wp-json\/wp\/v2\/media\/12325"}],"wp:attachment":[{"href":"http:\/\/graphimarket.com\/de\/wp-json\/wp\/v2\/media?parent=12324"}],"wp:term":[{"taxonomy":"product_brand","embeddable":true,"href":"http:\/\/graphimarket.com\/de\/wp-json\/wp\/v2\/product_brand?post=12324"},{"taxonomy":"product_cat","embeddable":true,"href":"http:\/\/graphimarket.com\/de\/wp-json\/wp\/v2\/product_cat?post=12324"},{"taxonomy":"product_tag","embeddable":true,"href":"http:\/\/graphimarket.com\/de\/wp-json\/wp\/v2\/product_tag?post=12324"}],"curies":[{"name":"wp","href":"https:\/\/api.w.org\/{rel}","templated":true}]}}