{"id":14903,"date":"2021-01-08T15:14:39","date_gmt":"2021-01-08T14:14:39","guid":{"rendered":"https:\/\/graphimarket.com\/?post_type=product&#038;p=14903"},"modified":"2022-12-19T09:21:51","modified_gmt":"2022-12-19T08:21:51","slug":"dispersion-photoshop-action","status":"publish","type":"product","link":"http:\/\/graphimarket.com\/de\/product\/dispersion-photoshop-action\/","title":{"rendered":"Dispersion Photoshop-Aktion"},"content":{"rendered":"<h1 id=\"item-description__dispersion-photoshop-action\">Dispersion Photoshop-Aktion<\/h1>\n<p id=\"item-description__dispersion-photoshop-action\"><strong>This action will break apart pieces of your photo and shoot them into a direction of your choice. Do not spend lots of time trying to create this effect manually, get it done in seconds with only a few clicks.<\/strong><\/p>\n<p>You simply brush in the areas that you want to disperse and play the action! You can choose from Up, Down, Left or Right directions to shoot the broken pieces off into. Creating such an advanced effect has never been this simple and fun.<\/p>\n<p><strong>TIP:<\/strong>\u00a0Create lots more parts by duplicating layers! Simply select a layer and hit \u2018Ctrl+j\u2019 to quickly duplicate it. You can even duplicate the entire \u2018Parts\u2019 folder by selecting the folder and hitting \u2018Ctrl+j\u2019. You can then move the entire folder around. You can also scale the parts by selecting a layer and hitting \u2018Ctrl+t\u2019 \u2013 then use the bounding box handles to scale it up or down!<\/p>\n<p>The action has been tested and working on Photoshop (English versions) CS3,CS4,CS5,CS6,CC,CC 2015.5, CC 2017, CC 2018, CC 2019+.<\/p>\n<p><strong>Wichtig zu wissen<\/strong><\/p>\n<ul>\n<li>Stellen Sie sicher, dass Sie die verwenden\u00a0<a href=\"https:\/\/helpx.adobe.com\/au\/creative-cloud\/help\/change-install-language.html\" rel=\"nofollow\">Englische Version von Photoshop<\/a>\u00a0um die Aktion auszuf\u00fchren. Alle Sevenstyles-Aktionen funktionieren nur in der englischen Version von Photoshop.<\/li>\n<\/ul>\n<ul>\n<li>\u00dcberpr\u00fcfen Sie, ob Sie eine von der Aktion unterst\u00fctzte Version von Photoshop verwenden.<\/li>\n<\/ul>\n<ul>\n<li>Sehen Sie sich das Video-Tutorial an, um sicherzustellen, dass Ihre Photoshop-Datei korrekt eingerichtet ist. Ein Link zum Tutorial ist auch in der Datei &#039;Readme.txt&#039; im Download enthalten. Sie k\u00f6nnen alle meine Action-Tutorials anzeigen\u00a0<a href=\"https:\/\/www.youtube.com\/channel\/UCKEi03PoXGSHAzP8u-c4dwQ\" rel=\"nofollow\">Hier<\/a>.<\/li>\n<\/ul>\n<ul>\n<li>Verwenden Sie mit der Aktion hochaufl\u00f6sende Fotos, um die besten Ergebnisse zu erzielen und Fehler zu vermeiden. Eine optimale Fotoaufl\u00f6sung liegt zwischen 2000px und 4500px.<\/li>\n<\/ul>\n<ul>\n<li>Mit Adobe Creative Cloud k\u00f6nnen Sie installieren\u00a0<a href=\"https:\/\/helpx.adobe.com\/download-install\/using\/install-previous-version.html\" rel=\"nofollow\">mehrere Versionen von Photoshop<\/a>. Wenn Ihnen diese Aktion gef\u00e4llt, sie jedoch in Ihrer Photoshop-Version nicht unterst\u00fctzt wird, k\u00f6nnen Sie jederzeit eine zus\u00e4tzliche Version von Photoshop installieren, um die Aktion auszuf\u00fchren. Sobald eine Aktion getestet wurde und an einer Version von Photoshop arbeitet, funktioniert sie f\u00fcr immer.<\/li>\n<\/ul>\n<ul>\n<li>Verwenden Sie JPEG-Bilder, um die Aktion auszuf\u00fchren. Andere Dateitypen wie TIFF, BMP, PNG, PSD k\u00f6nnen Probleme mit Aktionen verursachen, da Photoshop verschiedene Funktionen f\u00fcr verschiedene Dateitypen deaktiviert.<\/li>\n<\/ul>\n<ul>\n<li>Wenn eine Sevenstyles-Aktion eine Pinsel- (.abr), Muster- (.pat) oder Shapes- (.csh) Datei im Download enth\u00e4lt, muss sie vor dem Abspielen der Aktion in Photoshop geladen werden.<\/li>\n<\/ul>\n<ul>\n<li>Vermeiden Sie die Verwendung der Aktion f\u00fcr Logos oder Bilder im ClipArt-Stil, da der Mangel an Details und Farbkontrasten zu Fehlern f\u00fchren kann.<\/li>\n<\/ul>\n<div class=\"ast-oembed-container\" style=\"height: 100%;\"><iframe title=\"Dispersion Photoshop Effect Tutorial   Create particle effects with 1 click\" width=\"500\" height=\"281\" src=\"https:\/\/www.youtube.com\/embed\/rs102FZXnvc?feature=oembed\" frameborder=\"0\" allow=\"accelerometer; autoplay; clipboard-write; encrypted-media; gyroscope; picture-in-picture; web-share\" referrerpolicy=\"strict-origin-when-cross-origin\" allowfullscreen><\/iframe><\/div>\n<p><img fetchpriority=\"high\" decoding=\"async\" class=\"alignnone size-full wp-image-14904\" src=\"https:\/\/graphimarket.com\/wp-content\/uploads\/2021\/01\/11.jpg\" alt=\"\" width=\"1380\" height=\"914\" srcset=\"https:\/\/graphimarket.com\/wp-content\/uploads\/2021\/01\/11.jpg 1380w, https:\/\/graphimarket.com\/wp-content\/uploads\/2021\/01\/11-300x199.jpg 300w, https:\/\/graphimarket.com\/wp-content\/uploads\/2021\/01\/11-1024x678.jpg 1024w, https:\/\/graphimarket.com\/wp-content\/uploads\/2021\/01\/11-768x509.jpg 768w, https:\/\/graphimarket.com\/wp-content\/uploads\/2021\/01\/11-16x12.jpg 16w, https:\/\/graphimarket.com\/wp-content\/uploads\/2021\/01\/11-1320x874.jpg 1320w, https:\/\/graphimarket.com\/wp-content\/uploads\/2021\/01\/11-600x397.jpg 600w\" sizes=\"(max-width: 1380px) 100vw, 1380px\" \/> <img decoding=\"async\" class=\"alignnone size-full wp-image-14905\" src=\"https:\/\/graphimarket.com\/wp-content\/uploads\/2021\/01\/13.jpg\" alt=\"\" width=\"1153\" height=\"1730\" srcset=\"https:\/\/graphimarket.com\/wp-content\/uploads\/2021\/01\/13.jpg 1153w, https:\/\/graphimarket.com\/wp-content\/uploads\/2021\/01\/13-200x300.jpg 200w, https:\/\/graphimarket.com\/wp-content\/uploads\/2021\/01\/13-682x1024.jpg 682w, https:\/\/graphimarket.com\/wp-content\/uploads\/2021\/01\/13-768x1152.jpg 768w, https:\/\/graphimarket.com\/wp-content\/uploads\/2021\/01\/13-1024x1536.jpg 1024w, https:\/\/graphimarket.com\/wp-content\/uploads\/2021\/01\/13-8x12.jpg 8w, https:\/\/graphimarket.com\/wp-content\/uploads\/2021\/01\/13-600x900.jpg 600w\" sizes=\"(max-width: 1153px) 100vw, 1153px\" \/> <img decoding=\"async\" class=\"alignnone size-full wp-image-14906\" src=\"https:\/\/graphimarket.com\/wp-content\/uploads\/2021\/01\/14.jpg\" alt=\"\" width=\"1153\" height=\"1730\" srcset=\"https:\/\/graphimarket.com\/wp-content\/uploads\/2021\/01\/14.jpg 1153w, https:\/\/graphimarket.com\/wp-content\/uploads\/2021\/01\/14-200x300.jpg 200w, https:\/\/graphimarket.com\/wp-content\/uploads\/2021\/01\/14-682x1024.jpg 682w, https:\/\/graphimarket.com\/wp-content\/uploads\/2021\/01\/14-768x1152.jpg 768w, https:\/\/graphimarket.com\/wp-content\/uploads\/2021\/01\/14-1024x1536.jpg 1024w, https:\/\/graphimarket.com\/wp-content\/uploads\/2021\/01\/14-8x12.jpg 8w, https:\/\/graphimarket.com\/wp-content\/uploads\/2021\/01\/14-600x900.jpg 600w\" sizes=\"(max-width: 1153px) 100vw, 1153px\" \/> <img loading=\"lazy\" decoding=\"async\" class=\"alignnone size-full wp-image-14907\" src=\"https:\/\/graphimarket.com\/wp-content\/uploads\/2021\/01\/15.jpg\" alt=\"\" width=\"1854\" height=\"2070\" srcset=\"https:\/\/graphimarket.com\/wp-content\/uploads\/2021\/01\/15.jpg 1854w, https:\/\/graphimarket.com\/wp-content\/uploads\/2021\/01\/15-269x300.jpg 269w, https:\/\/graphimarket.com\/wp-content\/uploads\/2021\/01\/15-917x1024.jpg 917w, https:\/\/graphimarket.com\/wp-content\/uploads\/2021\/01\/15-768x857.jpg 768w, https:\/\/graphimarket.com\/wp-content\/uploads\/2021\/01\/15-1376x1536.jpg 1376w, https:\/\/graphimarket.com\/wp-content\/uploads\/2021\/01\/15-1834x2048.jpg 1834w, https:\/\/graphimarket.com\/wp-content\/uploads\/2021\/01\/15-11x12.jpg 11w, https:\/\/graphimarket.com\/wp-content\/uploads\/2021\/01\/15-1320x1474.jpg 1320w, https:\/\/graphimarket.com\/wp-content\/uploads\/2021\/01\/15-600x670.jpg 600w\" sizes=\"(max-width: 1854px) 100vw, 1854px\" \/> <img loading=\"lazy\" decoding=\"async\" class=\"alignnone size-full wp-image-14908\" src=\"https:\/\/graphimarket.com\/wp-content\/uploads\/2021\/01\/1a.jpg\" alt=\"\" width=\"1420\" height=\"1406\" srcset=\"https:\/\/graphimarket.com\/wp-content\/uploads\/2021\/01\/1a.jpg 1420w, https:\/\/graphimarket.com\/wp-content\/uploads\/2021\/01\/1a-300x297.jpg 300w, https:\/\/graphimarket.com\/wp-content\/uploads\/2021\/01\/1a-1024x1014.jpg 1024w, https:\/\/graphimarket.com\/wp-content\/uploads\/2021\/01\/1a-150x150.jpg 150w, https:\/\/graphimarket.com\/wp-content\/uploads\/2021\/01\/1a-768x760.jpg 768w, https:\/\/graphimarket.com\/wp-content\/uploads\/2021\/01\/1a-12x12.jpg 12w, https:\/\/graphimarket.com\/wp-content\/uploads\/2021\/01\/1a-1320x1307.jpg 1320w, https:\/\/graphimarket.com\/wp-content\/uploads\/2021\/01\/1a-600x594.jpg 600w, https:\/\/graphimarket.com\/wp-content\/uploads\/2021\/01\/1a-100x100.jpg 100w\" sizes=\"(max-width: 1420px) 100vw, 1420px\" \/> <img loading=\"lazy\" decoding=\"async\" class=\"alignnone size-full wp-image-14909\" src=\"https:\/\/graphimarket.com\/wp-content\/uploads\/2021\/01\/2.jpg\" alt=\"\" width=\"1153\" height=\"1730\" srcset=\"https:\/\/graphimarket.com\/wp-content\/uploads\/2021\/01\/2.jpg 1153w, https:\/\/graphimarket.com\/wp-content\/uploads\/2021\/01\/2-200x300.jpg 200w, https:\/\/graphimarket.com\/wp-content\/uploads\/2021\/01\/2-682x1024.jpg 682w, https:\/\/graphimarket.com\/wp-content\/uploads\/2021\/01\/2-768x1152.jpg 768w, https:\/\/graphimarket.com\/wp-content\/uploads\/2021\/01\/2-1024x1536.jpg 1024w, https:\/\/graphimarket.com\/wp-content\/uploads\/2021\/01\/2-8x12.jpg 8w, https:\/\/graphimarket.com\/wp-content\/uploads\/2021\/01\/2-600x900.jpg 600w\" sizes=\"(max-width: 1153px) 100vw, 1153px\" \/> <img loading=\"lazy\" decoding=\"async\" class=\"alignnone size-full wp-image-14910\" src=\"https:\/\/graphimarket.com\/wp-content\/uploads\/2021\/01\/4.jpg\" alt=\"\" width=\"1730\" height=\"1153\" srcset=\"https:\/\/graphimarket.com\/wp-content\/uploads\/2021\/01\/4.jpg 1730w, https:\/\/graphimarket.com\/wp-content\/uploads\/2021\/01\/4-300x200.jpg 300w, https:\/\/graphimarket.com\/wp-content\/uploads\/2021\/01\/4-1024x682.jpg 1024w, https:\/\/graphimarket.com\/wp-content\/uploads\/2021\/01\/4-768x512.jpg 768w, https:\/\/graphimarket.com\/wp-content\/uploads\/2021\/01\/4-1536x1024.jpg 1536w, https:\/\/graphimarket.com\/wp-content\/uploads\/2021\/01\/4-16x12.jpg 16w, https:\/\/graphimarket.com\/wp-content\/uploads\/2021\/01\/4-1320x880.jpg 1320w, https:\/\/graphimarket.com\/wp-content\/uploads\/2021\/01\/4-600x400.jpg 600w\" sizes=\"(max-width: 1730px) 100vw, 1730px\" \/> <img loading=\"lazy\" decoding=\"async\" class=\"alignnone size-full wp-image-14911\" src=\"https:\/\/graphimarket.com\/wp-content\/uploads\/2021\/01\/10.jpg\" alt=\"\" width=\"2070\" height=\"1380\" srcset=\"https:\/\/graphimarket.com\/wp-content\/uploads\/2021\/01\/10.jpg 2070w, https:\/\/graphimarket.com\/wp-content\/uploads\/2021\/01\/10-300x200.jpg 300w, https:\/\/graphimarket.com\/wp-content\/uploads\/2021\/01\/10-1024x683.jpg 1024w, https:\/\/graphimarket.com\/wp-content\/uploads\/2021\/01\/10-768x512.jpg 768w, https:\/\/graphimarket.com\/wp-content\/uploads\/2021\/01\/10-1536x1024.jpg 1536w, https:\/\/graphimarket.com\/wp-content\/uploads\/2021\/01\/10-2048x1365.jpg 2048w, https:\/\/graphimarket.com\/wp-content\/uploads\/2021\/01\/10-16x12.jpg 16w, https:\/\/graphimarket.com\/wp-content\/uploads\/2021\/01\/10-1320x880.jpg 1320w, https:\/\/graphimarket.com\/wp-content\/uploads\/2021\/01\/10-600x400.jpg 600w\" sizes=\"(max-width: 2070px) 100vw, 2070px\" \/><\/p>","protected":false},"excerpt":{"rendered":"<p>Dispersion Photoshop Action This action will break apart pieces of your photo and shoot them into a direction of your choice. Do not spend lots of time trying to create this effect manually, get it done in seconds with only a few clicks. You simply brush in the areas that you want to disperse and [&hellip;]<\/p>\n","protected":false},"featured_media":14911,"comment_status":"open","ping_status":"closed","template":"","meta":{"site-sidebar-layout":"default","site-content-layout":"default","ast-site-content-layout":"default","site-content-style":"default","site-sidebar-style":"default","ast-global-header-display":"","ast-banner-title-visibility":"","ast-main-header-display":"","ast-hfb-above-header-display":"","ast-hfb-below-header-display":"","ast-hfb-mobile-header-display":"","site-post-title":"","ast-breadcrumbs-content":"","ast-featured-img":"","footer-sml-layout":"","ast-disable-related-posts":"","theme-transparent-header-meta":"default","adv-header-id-meta":"","stick-header-meta":"","header-above-stick-meta":"","header-main-stick-meta":"","header-below-stick-meta":"","astra-migrate-meta-layouts":"default","ast-page-background-enabled":"default","ast-page-background-meta":{"desktop":{"background-color":"","background-image":"","background-repeat":"repeat","background-position":"center center","background-size":"auto","background-attachment":"scroll","background-type":"","background-media":"","overlay-type":"","overlay-color":"","overlay-opacity":"","overlay-gradient":""},"tablet":{"background-color":"","background-image":"","background-repeat":"repeat","background-position":"center center","background-size":"auto","background-attachment":"scroll","background-type":"","background-media":"","overlay-type":"","overlay-color":"","overlay-opacity":"","overlay-gradient":""},"mobile":{"background-color":"","background-image":"","background-repeat":"repeat","background-position":"center center","background-size":"auto","background-attachment":"scroll","background-type":"","background-media":"","overlay-type":"","overlay-color":"","overlay-opacity":"","overlay-gradient":""}},"ast-content-background-meta":{"desktop":{"background-color":"var(--ast-global-color-5)","background-image":"","background-repeat":"repeat","background-position":"center center","background-size":"auto","background-attachment":"scroll","background-type":"","background-media":"","overlay-type":"","overlay-color":"","overlay-opacity":"","overlay-gradient":""},"tablet":{"background-color":"var(--ast-global-color-5)","background-image":"","background-repeat":"repeat","background-position":"center center","background-size":"auto","background-attachment":"scroll","background-type":"","background-media":"","overlay-type":"","overlay-color":"","overlay-opacity":"","overlay-gradient":""},"mobile":{"background-color":"var(--ast-global-color-5)","background-image":"","background-repeat":"repeat","background-position":"center center","background-size":"auto","background-attachment":"scroll","background-type":"","background-media":"","overlay-type":"","overlay-color":"","overlay-opacity":"","overlay-gradient":""}}},"product_brand":[],"product_cat":[195,146],"product_tag":[532,62],"class_list":{"0":"post-14903","1":"product","2":"type-product","3":"status-publish","4":"has-post-thumbnail","6":"product_cat-photoshop","7":"product_cat-photoshop-action","8":"product_tag-dispersion","9":"product_tag-photoshop","10":"desktop-align-left","11":"tablet-align-left","12":"mobile-align-left","14":"first","15":"instock","16":"sale","17":"downloadable","18":"virtual","19":"taxable","20":"purchasable","21":"product-type-simple"},"yoast_head":"<!-- This site is optimized with the Yoast SEO plugin v27.3 - https:\/\/yoast.com\/product\/yoast-seo-wordpress\/ -->\n<title>Dispersion Photoshop Action - Graphimarket<\/title>\n<meta name=\"description\" content=\"This action will break apart pieces of your photo and shoot them into a direction of your choice. Do not spend lots of time trying to create\" \/>\n<meta name=\"robots\" content=\"index, follow, max-snippet:-1, max-image-preview:large, max-video-preview:-1\" \/>\n<link rel=\"canonical\" href=\"https:\/\/graphimarket.com\/de\/product\/dispersion-photoshop-action\/\" \/>\n<meta property=\"og:locale\" content=\"de_DE\" \/>\n<meta property=\"og:type\" content=\"article\" \/>\n<meta property=\"og:title\" content=\"Dispersion Photoshop Action - Graphimarket\" \/>\n<meta property=\"og:description\" content=\"This action will break apart pieces of your photo and shoot them into a direction of your choice. Do not spend lots of time trying to create\" \/>\n<meta property=\"og:url\" content=\"https:\/\/graphimarket.com\/de\/product\/dispersion-photoshop-action\/\" \/>\n<meta property=\"og:site_name\" content=\"Graphimarket\" \/>\n<meta property=\"article:modified_time\" content=\"2022-12-19T08:21:51+00:00\" \/>\n<meta property=\"og:image\" content=\"https:\/\/graphimarket.com\/wp-content\/uploads\/2021\/01\/10.jpg\" \/>\n\t<meta property=\"og:image:width\" content=\"2070\" \/>\n\t<meta property=\"og:image:height\" content=\"1380\" \/>\n\t<meta property=\"og:image:type\" content=\"image\/jpeg\" \/>\n<meta name=\"twitter:card\" content=\"summary_large_image\" \/>\n<meta name=\"twitter:label1\" content=\"Est. reading time\" \/>\n\t<meta name=\"twitter:data1\" content=\"2 minutes\" \/>\n<script type=\"application\/ld+json\" class=\"yoast-schema-graph\">{\"@context\":\"https:\\\/\\\/schema.org\",\"@graph\":[{\"@type\":\"WebPage\",\"@id\":\"https:\\\/\\\/graphimarket.com\\\/product\\\/dispersion-photoshop-action\\\/\",\"url\":\"https:\\\/\\\/graphimarket.com\\\/product\\\/dispersion-photoshop-action\\\/\",\"name\":\"Dispersion Photoshop Action - Graphimarket\",\"isPartOf\":{\"@id\":\"https:\\\/\\\/graphimarket.com\\\/fr\\\/#website\"},\"primaryImageOfPage\":{\"@id\":\"https:\\\/\\\/graphimarket.com\\\/product\\\/dispersion-photoshop-action\\\/#primaryimage\"},\"image\":{\"@id\":\"https:\\\/\\\/graphimarket.com\\\/product\\\/dispersion-photoshop-action\\\/#primaryimage\"},\"thumbnailUrl\":\"https:\\\/\\\/graphimarket.com\\\/wp-content\\\/uploads\\\/2021\\\/01\\\/10.jpg\",\"datePublished\":\"2021-01-08T14:14:39+00:00\",\"dateModified\":\"2022-12-19T08:21:51+00:00\",\"description\":\"This action will break apart pieces of your photo and shoot them into a direction of your choice. Do not spend lots of time trying to create\",\"breadcrumb\":{\"@id\":\"https:\\\/\\\/graphimarket.com\\\/product\\\/dispersion-photoshop-action\\\/#breadcrumb\"},\"inLanguage\":\"de-DE\",\"potentialAction\":[{\"@type\":\"ReadAction\",\"target\":[\"https:\\\/\\\/graphimarket.com\\\/product\\\/dispersion-photoshop-action\\\/\"]}]},{\"@type\":\"ImageObject\",\"inLanguage\":\"de-DE\",\"@id\":\"https:\\\/\\\/graphimarket.com\\\/product\\\/dispersion-photoshop-action\\\/#primaryimage\",\"url\":\"https:\\\/\\\/graphimarket.com\\\/wp-content\\\/uploads\\\/2021\\\/01\\\/10.jpg\",\"contentUrl\":\"https:\\\/\\\/graphimarket.com\\\/wp-content\\\/uploads\\\/2021\\\/01\\\/10.jpg\",\"width\":2070,\"height\":1380},{\"@type\":\"BreadcrumbList\",\"@id\":\"https:\\\/\\\/graphimarket.com\\\/product\\\/dispersion-photoshop-action\\\/#breadcrumb\",\"itemListElement\":[{\"@type\":\"ListItem\",\"position\":1,\"name\":\"Home\",\"item\":\"https:\\\/\\\/graphimarket.com\\\/es\\\/\"},{\"@type\":\"ListItem\",\"position\":2,\"name\":\"Store\",\"item\":\"https:\\\/\\\/graphimarket.com\\\/store\\\/\"},{\"@type\":\"ListItem\",\"position\":3,\"name\":\"Dispersion Photoshop Action\"}]},{\"@type\":\"WebSite\",\"@id\":\"https:\\\/\\\/graphimarket.com\\\/fr\\\/#website\",\"url\":\"https:\\\/\\\/graphimarket.com\\\/fr\\\/\",\"name\":\"Graphimarket\",\"description\":\"Find the perfect creative asset to bring your project to life\",\"publisher\":{\"@id\":\"https:\\\/\\\/graphimarket.com\\\/fr\\\/#organization\"},\"potentialAction\":[{\"@type\":\"SearchAction\",\"target\":{\"@type\":\"EntryPoint\",\"urlTemplate\":\"https:\\\/\\\/graphimarket.com\\\/fr\\\/?s={search_term_string}\"},\"query-input\":{\"@type\":\"PropertyValueSpecification\",\"valueRequired\":true,\"valueName\":\"search_term_string\"}}],\"inLanguage\":\"de-DE\"},{\"@type\":\"Organization\",\"@id\":\"https:\\\/\\\/graphimarket.com\\\/fr\\\/#organization\",\"name\":\"Graphimarket\",\"url\":\"https:\\\/\\\/graphimarket.com\\\/fr\\\/\",\"logo\":{\"@type\":\"ImageObject\",\"inLanguage\":\"de-DE\",\"@id\":\"https:\\\/\\\/graphimarket.com\\\/fr\\\/#\\\/schema\\\/logo\\\/image\\\/\",\"url\":\"https:\\\/\\\/graphimarket.com\\\/wp-content\\\/uploads\\\/2020\\\/08\\\/logo-48.png\",\"contentUrl\":\"https:\\\/\\\/graphimarket.com\\\/wp-content\\\/uploads\\\/2020\\\/08\\\/logo-48.png\",\"width\":132,\"height\":48,\"caption\":\"Graphimarket\"},\"image\":{\"@id\":\"https:\\\/\\\/graphimarket.com\\\/fr\\\/#\\\/schema\\\/logo\\\/image\\\/\"}}]}<\/script>\n<!-- \/ Yoast SEO plugin. -->","yoast_head_json":{"title":"Dispersion Photoshop Action - Graphimarket","description":"This action will break apart pieces of your photo and shoot them into a direction of your choice. Do not spend lots of time trying to create","robots":{"index":"index","follow":"follow","max-snippet":"max-snippet:-1","max-image-preview":"max-image-preview:large","max-video-preview":"max-video-preview:-1"},"canonical":"https:\/\/graphimarket.com\/de\/product\/dispersion-photoshop-action\/","og_locale":"de_DE","og_type":"article","og_title":"Dispersion Photoshop Action - Graphimarket","og_description":"This action will break apart pieces of your photo and shoot them into a direction of your choice. Do not spend lots of time trying to create","og_url":"https:\/\/graphimarket.com\/de\/product\/dispersion-photoshop-action\/","og_site_name":"Graphimarket","article_modified_time":"2022-12-19T08:21:51+00:00","og_image":[{"width":2070,"height":1380,"url":"https:\/\/graphimarket.com\/wp-content\/uploads\/2021\/01\/10.jpg","type":"image\/jpeg"}],"twitter_card":"summary_large_image","twitter_misc":{"Est. reading time":"2 minutes"},"schema":{"@context":"https:\/\/schema.org","@graph":[{"@type":"WebPage","@id":"https:\/\/graphimarket.com\/product\/dispersion-photoshop-action\/","url":"https:\/\/graphimarket.com\/product\/dispersion-photoshop-action\/","name":"Dispersion Photoshop Action - Graphimarket","isPartOf":{"@id":"https:\/\/graphimarket.com\/fr\/#website"},"primaryImageOfPage":{"@id":"https:\/\/graphimarket.com\/product\/dispersion-photoshop-action\/#primaryimage"},"image":{"@id":"https:\/\/graphimarket.com\/product\/dispersion-photoshop-action\/#primaryimage"},"thumbnailUrl":"https:\/\/graphimarket.com\/wp-content\/uploads\/2021\/01\/10.jpg","datePublished":"2021-01-08T14:14:39+00:00","dateModified":"2022-12-19T08:21:51+00:00","description":"This action will break apart pieces of your photo and shoot them into a direction of your choice. Do not spend lots of time trying to create","breadcrumb":{"@id":"https:\/\/graphimarket.com\/product\/dispersion-photoshop-action\/#breadcrumb"},"inLanguage":"de-DE","potentialAction":[{"@type":"ReadAction","target":["https:\/\/graphimarket.com\/product\/dispersion-photoshop-action\/"]}]},{"@type":"ImageObject","inLanguage":"de-DE","@id":"https:\/\/graphimarket.com\/product\/dispersion-photoshop-action\/#primaryimage","url":"https:\/\/graphimarket.com\/wp-content\/uploads\/2021\/01\/10.jpg","contentUrl":"https:\/\/graphimarket.com\/wp-content\/uploads\/2021\/01\/10.jpg","width":2070,"height":1380},{"@type":"BreadcrumbList","@id":"https:\/\/graphimarket.com\/product\/dispersion-photoshop-action\/#breadcrumb","itemListElement":[{"@type":"ListItem","position":1,"name":"Home","item":"https:\/\/graphimarket.com\/es\/"},{"@type":"ListItem","position":2,"name":"Store","item":"https:\/\/graphimarket.com\/store\/"},{"@type":"ListItem","position":3,"name":"Dispersion Photoshop Action"}]},{"@type":"WebSite","@id":"https:\/\/graphimarket.com\/fr\/#website","url":"https:\/\/graphimarket.com\/fr\/","name":"Graphimarket","description":"Finden Sie das perfekte kreative Kapital, um Ihr Projekt zum Leben zu erwecken","publisher":{"@id":"https:\/\/graphimarket.com\/fr\/#organization"},"potentialAction":[{"@type":"SearchAction","target":{"@type":"EntryPoint","urlTemplate":"https:\/\/graphimarket.com\/fr\/?s={search_term_string}"},"query-input":{"@type":"PropertyValueSpecification","valueRequired":true,"valueName":"search_term_string"}}],"inLanguage":"de-DE"},{"@type":"Organization","@id":"https:\/\/graphimarket.com\/fr\/#organization","name":"Graphimarket","url":"https:\/\/graphimarket.com\/fr\/","logo":{"@type":"ImageObject","inLanguage":"de-DE","@id":"https:\/\/graphimarket.com\/fr\/#\/schema\/logo\/image\/","url":"https:\/\/graphimarket.com\/wp-content\/uploads\/2020\/08\/logo-48.png","contentUrl":"https:\/\/graphimarket.com\/wp-content\/uploads\/2020\/08\/logo-48.png","width":132,"height":48,"caption":"Graphimarket"},"image":{"@id":"https:\/\/graphimarket.com\/fr\/#\/schema\/logo\/image\/"}}]}},"_links":{"self":[{"href":"http:\/\/graphimarket.com\/de\/wp-json\/wp\/v2\/product\/14903","targetHints":{"allow":["GET"]}}],"collection":[{"href":"http:\/\/graphimarket.com\/de\/wp-json\/wp\/v2\/product"}],"about":[{"href":"http:\/\/graphimarket.com\/de\/wp-json\/wp\/v2\/types\/product"}],"replies":[{"embeddable":true,"href":"http:\/\/graphimarket.com\/de\/wp-json\/wp\/v2\/comments?post=14903"}],"version-history":[{"count":0,"href":"http:\/\/graphimarket.com\/de\/wp-json\/wp\/v2\/product\/14903\/revisions"}],"wp:featuredmedia":[{"embeddable":true,"href":"http:\/\/graphimarket.com\/de\/wp-json\/wp\/v2\/media\/14911"}],"wp:attachment":[{"href":"http:\/\/graphimarket.com\/de\/wp-json\/wp\/v2\/media?parent=14903"}],"wp:term":[{"taxonomy":"product_brand","embeddable":true,"href":"http:\/\/graphimarket.com\/de\/wp-json\/wp\/v2\/product_brand?post=14903"},{"taxonomy":"product_cat","embeddable":true,"href":"http:\/\/graphimarket.com\/de\/wp-json\/wp\/v2\/product_cat?post=14903"},{"taxonomy":"product_tag","embeddable":true,"href":"http:\/\/graphimarket.com\/de\/wp-json\/wp\/v2\/product_tag?post=14903"}],"curies":[{"name":"wp","href":"https:\/\/api.w.org\/{rel}","templated":true}]}}