{"id":15051,"date":"2021-01-12T14:49:17","date_gmt":"2021-01-12T13:49:17","guid":{"rendered":"https:\/\/graphimarket.com\/?post_type=product&#038;p=15051"},"modified":"2022-12-19T09:08:25","modified_gmt":"2022-12-19T08:08:25","slug":"apocalypse-action","status":"publish","type":"product","link":"http:\/\/graphimarket.com\/de\/product\/apocalypse-action\/","title":{"rendered":"Apokalypse-Aktion"},"content":{"rendered":"<h1><strong>Apokalypse-Aktion<\/strong> :<\/h1>\n<p>verwandelt Ihr Foto in ein apokalyptisches Bild mit viel Feuer, Rauch, Zerst\u00f6rungen und vielem mehr. Aktion enth\u00e4lt 10 Farb-FX. Sparen Sie mit dieser Aktion Arbeitsstunden. Nach Abschluss der Aktion erhalten Sie eine gut organisierte und strukturierte Datei mit den vielen Ebenen, Ordnern und Einstellungen, um das Endergebnis zu verbessern. Action funktioniert perfekt auf Mac und PC.<\/p>\n<p>&nbsp;<\/p>\n<p>Diese Aktion wurde f\u00fcr die Verwendung in Photoshop CS3, CS4, CS5, CS6, CC und NUR F\u00dcR DIE ENGLISCHE VERSION VON PHOTOSHOP erstellt und optimiert. M\u00fcssen Sie die Sprache Ihrer Version \u00e4ndern?\u00a0<a href=\"https:\/\/www.youtube.com\/watch?v=r3VfbilJpGE\">SCHAU HIER<\/a><\/p>\n<p>&nbsp;<\/p>\n<h2 id=\"item-description__how-to-configure-photoshop-to-work-with-actions\">So konfigurieren Sie Photoshop f\u00fcr die Arbeit mit Aktionen.<\/h2>\n<p><strong>1. Stellen Sie sicher, dass Sie die englische Version von Photoshop verwenden.<\/strong>\u00a0Jede Aktion wurde erstellt und optimiert, um nur mit der englischen Version von Photoshop zu funktionieren. Stellen Sie daher sicher, dass Sie diese Version verwenden. Wenn nicht, machen Sie sich keine Sorgen: Sie k\u00f6nnen die Sprache Ihrer Photoshop-Version mit auf Englisch \u00e4ndern (und wieder zur\u00fcckwechseln)\u00a0<a href=\"https:\/\/www.youtube.com\/watch?v=GJAiu5W2gLE\" rel=\"nofollow\">diese Methode<\/a><\/p>\n<p>\u00dcbrigens mein Bestseller\u00a0<a href=\"https:\/\/graphicriver.net\/item\/double-exposure-photoshop-action\/11319908\">Doppelbelichtungsaktion<\/a>\u00a0wurde k\u00fcrzlich aktualisiert und kann jetzt mit den englischen, deutschen, franz\u00f6sischen, italienischen und spanischen Versionen von Photoshop verwendet werden.<\/p>\n<p><strong>2. Verwenden Sie den RGB-Modus und die 8-Bit-Farbe.<\/strong>\u00a0Um diese Einstellungen zu \u00fcberpr\u00fcfen, gehen Sie zu Bild-&gt; Modus und \u00fcberpr\u00fcfen Sie die \u201eRGB-Farbe\u201c und \u201e8 Bits \/ Kanal\u201c.<\/p>\n<p><strong>3. Stellen Sie sicher, dass die Option &quot;Kopieren zu kopierten Ebenen und Gruppen hinzuf\u00fcgen&quot; aktiviert ist.<\/strong>\u00a0Diese Option gilt nur f\u00fcr CS5 und sp\u00e4tere Versionen von Photoshop. Klicken Sie im Bedienfeld \u201eSCHICHTEN\u201c auf das Men\u00fcsymbol, gehen Sie zu \u201eBedienfeldoptionen\u2026\u201c und \u00fcberpr\u00fcfen Sie, ob die Option \u201eKopie zu kopierten Ebenen und Gruppen hinzuf\u00fcgen\u201c aktiviert ist.<\/p>\n<p><strong>4. Verwenden Sie ein Foto mit 72 dpi oder h\u00f6her.<\/strong>\u00a0Wenn Sie ein Foto mit weniger als 72 dpi verwenden, funktioniert die Aktion nicht richtig. Um dies zu beheben, gehen Sie zu Bild-&gt; Bildgr\u00f6\u00dfe und erh\u00f6hen Sie den Aufl\u00f6sungswert.<\/p>\n<p><strong>5. Stellen Sie die Deckkraft des Pinsels auf 100% ein.<\/strong>\u00a0Stellen Sie die Deckkraft des Pinsels auf 100% ein. W\u00e4hlen Sie das \u201ePinselwerkzeug\u201c und bewegen Sie den Deckkraftregler auf 100%.<\/p>\n<p>&nbsp;<\/p>\n<p><img fetchpriority=\"high\" decoding=\"async\" class=\"alignnone size-full wp-image-15053\" src=\"https:\/\/graphimarket.com\/wp-content\/uploads\/2021\/01\/3-1.jpg\" alt=\"\" width=\"1170\" height=\"780\" srcset=\"https:\/\/graphimarket.com\/wp-content\/uploads\/2021\/01\/3-1.jpg 1170w, https:\/\/graphimarket.com\/wp-content\/uploads\/2021\/01\/3-1-300x200.jpg 300w, https:\/\/graphimarket.com\/wp-content\/uploads\/2021\/01\/3-1-1024x683.jpg 1024w, https:\/\/graphimarket.com\/wp-content\/uploads\/2021\/01\/3-1-768x512.jpg 768w, https:\/\/graphimarket.com\/wp-content\/uploads\/2021\/01\/3-1-16x12.jpg 16w, https:\/\/graphimarket.com\/wp-content\/uploads\/2021\/01\/3-1-600x400.jpg 600w\" sizes=\"(max-width: 1170px) 100vw, 1170px\" \/> <img decoding=\"async\" class=\"alignnone size-full wp-image-15054\" src=\"https:\/\/graphimarket.com\/wp-content\/uploads\/2021\/01\/4-1.jpg\" alt=\"\" width=\"1170\" height=\"780\" srcset=\"https:\/\/graphimarket.com\/wp-content\/uploads\/2021\/01\/4-1.jpg 1170w, https:\/\/graphimarket.com\/wp-content\/uploads\/2021\/01\/4-1-300x200.jpg 300w, https:\/\/graphimarket.com\/wp-content\/uploads\/2021\/01\/4-1-1024x683.jpg 1024w, https:\/\/graphimarket.com\/wp-content\/uploads\/2021\/01\/4-1-768x512.jpg 768w, https:\/\/graphimarket.com\/wp-content\/uploads\/2021\/01\/4-1-16x12.jpg 16w, https:\/\/graphimarket.com\/wp-content\/uploads\/2021\/01\/4-1-600x400.jpg 600w\" sizes=\"(max-width: 1170px) 100vw, 1170px\" \/> <img decoding=\"async\" class=\"alignnone size-full wp-image-15055\" src=\"https:\/\/graphimarket.com\/wp-content\/uploads\/2021\/01\/5.jpg\" alt=\"\" width=\"1170\" height=\"780\" srcset=\"https:\/\/graphimarket.com\/wp-content\/uploads\/2021\/01\/5.jpg 1170w, https:\/\/graphimarket.com\/wp-content\/uploads\/2021\/01\/5-300x200.jpg 300w, https:\/\/graphimarket.com\/wp-content\/uploads\/2021\/01\/5-1024x683.jpg 1024w, https:\/\/graphimarket.com\/wp-content\/uploads\/2021\/01\/5-768x512.jpg 768w, https:\/\/graphimarket.com\/wp-content\/uploads\/2021\/01\/5-16x12.jpg 16w, https:\/\/graphimarket.com\/wp-content\/uploads\/2021\/01\/5-600x400.jpg 600w\" sizes=\"(max-width: 1170px) 100vw, 1170px\" \/> <img loading=\"lazy\" decoding=\"async\" class=\"alignnone size-full wp-image-15056\" src=\"https:\/\/graphimarket.com\/wp-content\/uploads\/2021\/01\/10-2.jpg\" alt=\"\" width=\"1170\" height=\"780\" srcset=\"https:\/\/graphimarket.com\/wp-content\/uploads\/2021\/01\/10-2.jpg 1170w, https:\/\/graphimarket.com\/wp-content\/uploads\/2021\/01\/10-2-300x200.jpg 300w, https:\/\/graphimarket.com\/wp-content\/uploads\/2021\/01\/10-2-1024x683.jpg 1024w, https:\/\/graphimarket.com\/wp-content\/uploads\/2021\/01\/10-2-768x512.jpg 768w, https:\/\/graphimarket.com\/wp-content\/uploads\/2021\/01\/10-2-16x12.jpg 16w, https:\/\/graphimarket.com\/wp-content\/uploads\/2021\/01\/10-2-600x400.jpg 600w\" sizes=\"(max-width: 1170px) 100vw, 1170px\" \/> <img loading=\"lazy\" decoding=\"async\" class=\"alignnone size-full wp-image-15057\" src=\"https:\/\/graphimarket.com\/wp-content\/uploads\/2021\/01\/11-2.jpg\" alt=\"\" width=\"1170\" height=\"780\" srcset=\"https:\/\/graphimarket.com\/wp-content\/uploads\/2021\/01\/11-2.jpg 1170w, https:\/\/graphimarket.com\/wp-content\/uploads\/2021\/01\/11-2-300x200.jpg 300w, https:\/\/graphimarket.com\/wp-content\/uploads\/2021\/01\/11-2-1024x683.jpg 1024w, https:\/\/graphimarket.com\/wp-content\/uploads\/2021\/01\/11-2-768x512.jpg 768w, https:\/\/graphimarket.com\/wp-content\/uploads\/2021\/01\/11-2-16x12.jpg 16w, https:\/\/graphimarket.com\/wp-content\/uploads\/2021\/01\/11-2-600x400.jpg 600w\" sizes=\"(max-width: 1170px) 100vw, 1170px\" \/> <img loading=\"lazy\" decoding=\"async\" class=\"alignnone size-full wp-image-15058\" src=\"https:\/\/graphimarket.com\/wp-content\/uploads\/2021\/01\/12-1.jpg\" alt=\"\" width=\"1170\" height=\"780\" srcset=\"https:\/\/graphimarket.com\/wp-content\/uploads\/2021\/01\/12-1.jpg 1170w, https:\/\/graphimarket.com\/wp-content\/uploads\/2021\/01\/12-1-300x200.jpg 300w, https:\/\/graphimarket.com\/wp-content\/uploads\/2021\/01\/12-1-1024x683.jpg 1024w, https:\/\/graphimarket.com\/wp-content\/uploads\/2021\/01\/12-1-768x512.jpg 768w, https:\/\/graphimarket.com\/wp-content\/uploads\/2021\/01\/12-1-16x12.jpg 16w, https:\/\/graphimarket.com\/wp-content\/uploads\/2021\/01\/12-1-600x400.jpg 600w\" sizes=\"(max-width: 1170px) 100vw, 1170px\" \/> <img loading=\"lazy\" decoding=\"async\" class=\"alignnone size-full wp-image-15059\" src=\"https:\/\/graphimarket.com\/wp-content\/uploads\/2021\/01\/13-2.jpg\" alt=\"\" width=\"1170\" height=\"780\" srcset=\"https:\/\/graphimarket.com\/wp-content\/uploads\/2021\/01\/13-2.jpg 1170w, https:\/\/graphimarket.com\/wp-content\/uploads\/2021\/01\/13-2-300x200.jpg 300w, https:\/\/graphimarket.com\/wp-content\/uploads\/2021\/01\/13-2-1024x683.jpg 1024w, https:\/\/graphimarket.com\/wp-content\/uploads\/2021\/01\/13-2-768x512.jpg 768w, https:\/\/graphimarket.com\/wp-content\/uploads\/2021\/01\/13-2-16x12.jpg 16w, https:\/\/graphimarket.com\/wp-content\/uploads\/2021\/01\/13-2-600x400.jpg 600w\" sizes=\"(max-width: 1170px) 100vw, 1170px\" \/> <img loading=\"lazy\" decoding=\"async\" class=\"alignnone size-full wp-image-15060\" src=\"https:\/\/graphimarket.com\/wp-content\/uploads\/2021\/01\/6.jpg\" alt=\"\" width=\"1170\" height=\"780\" srcset=\"https:\/\/graphimarket.com\/wp-content\/uploads\/2021\/01\/6.jpg 1170w, https:\/\/graphimarket.com\/wp-content\/uploads\/2021\/01\/6-300x200.jpg 300w, https:\/\/graphimarket.com\/wp-content\/uploads\/2021\/01\/6-1024x683.jpg 1024w, https:\/\/graphimarket.com\/wp-content\/uploads\/2021\/01\/6-768x512.jpg 768w, https:\/\/graphimarket.com\/wp-content\/uploads\/2021\/01\/6-16x12.jpg 16w, https:\/\/graphimarket.com\/wp-content\/uploads\/2021\/01\/6-600x400.jpg 600w\" sizes=\"(max-width: 1170px) 100vw, 1170px\" \/> <img loading=\"lazy\" decoding=\"async\" class=\"alignnone size-full wp-image-15061\" src=\"https:\/\/graphimarket.com\/wp-content\/uploads\/2021\/01\/1-1.jpg\" alt=\"\" width=\"1170\" height=\"780\" srcset=\"https:\/\/graphimarket.com\/wp-content\/uploads\/2021\/01\/1-1.jpg 1170w, https:\/\/graphimarket.com\/wp-content\/uploads\/2021\/01\/1-1-300x200.jpg 300w, https:\/\/graphimarket.com\/wp-content\/uploads\/2021\/01\/1-1-1024x683.jpg 1024w, https:\/\/graphimarket.com\/wp-content\/uploads\/2021\/01\/1-1-768x512.jpg 768w, https:\/\/graphimarket.com\/wp-content\/uploads\/2021\/01\/1-1-16x12.jpg 16w, https:\/\/graphimarket.com\/wp-content\/uploads\/2021\/01\/1-1-600x400.jpg 600w\" sizes=\"(max-width: 1170px) 100vw, 1170px\" \/> <img loading=\"lazy\" decoding=\"async\" class=\"alignnone size-full wp-image-15062\" src=\"https:\/\/graphimarket.com\/wp-content\/uploads\/2021\/01\/2-2.jpg\" alt=\"\" width=\"1170\" height=\"780\" srcset=\"https:\/\/graphimarket.com\/wp-content\/uploads\/2021\/01\/2-2.jpg 1170w, https:\/\/graphimarket.com\/wp-content\/uploads\/2021\/01\/2-2-300x200.jpg 300w, https:\/\/graphimarket.com\/wp-content\/uploads\/2021\/01\/2-2-1024x683.jpg 1024w, https:\/\/graphimarket.com\/wp-content\/uploads\/2021\/01\/2-2-768x512.jpg 768w, https:\/\/graphimarket.com\/wp-content\/uploads\/2021\/01\/2-2-16x12.jpg 16w, https:\/\/graphimarket.com\/wp-content\/uploads\/2021\/01\/2-2-600x400.jpg 600w\" sizes=\"(max-width: 1170px) 100vw, 1170px\" \/><\/p>","protected":false},"excerpt":{"rendered":"<p>Apocalypse Action : turns your photo into apocalyptic picture with lot of fire, smoke, destructions and more. Action contains 10 color FX. Save hours of work with this action. After action finish the work you get a well-organized and structured file with the many layers, folders and settings to improve the final result. Action perfectly [&hellip;]<\/p>\n","protected":false},"featured_media":15059,"comment_status":"open","ping_status":"closed","template":"","meta":{"site-sidebar-layout":"default","site-content-layout":"default","ast-site-content-layout":"default","site-content-style":"default","site-sidebar-style":"default","ast-global-header-display":"","ast-banner-title-visibility":"","ast-main-header-display":"","ast-hfb-above-header-display":"","ast-hfb-below-header-display":"","ast-hfb-mobile-header-display":"","site-post-title":"","ast-breadcrumbs-content":"","ast-featured-img":"","footer-sml-layout":"","ast-disable-related-posts":"","theme-transparent-header-meta":"default","adv-header-id-meta":"","stick-header-meta":"","header-above-stick-meta":"","header-main-stick-meta":"","header-below-stick-meta":"","astra-migrate-meta-layouts":"default","ast-page-background-enabled":"default","ast-page-background-meta":{"desktop":{"background-color":"","background-image":"","background-repeat":"repeat","background-position":"center center","background-size":"auto","background-attachment":"scroll","background-type":"","background-media":"","overlay-type":"","overlay-color":"","overlay-opacity":"","overlay-gradient":""},"tablet":{"background-color":"","background-image":"","background-repeat":"repeat","background-position":"center center","background-size":"auto","background-attachment":"scroll","background-type":"","background-media":"","overlay-type":"","overlay-color":"","overlay-opacity":"","overlay-gradient":""},"mobile":{"background-color":"","background-image":"","background-repeat":"repeat","background-position":"center center","background-size":"auto","background-attachment":"scroll","background-type":"","background-media":"","overlay-type":"","overlay-color":"","overlay-opacity":"","overlay-gradient":""}},"ast-content-background-meta":{"desktop":{"background-color":"var(--ast-global-color-5)","background-image":"","background-repeat":"repeat","background-position":"center center","background-size":"auto","background-attachment":"scroll","background-type":"","background-media":"","overlay-type":"","overlay-color":"","overlay-opacity":"","overlay-gradient":""},"tablet":{"background-color":"var(--ast-global-color-5)","background-image":"","background-repeat":"repeat","background-position":"center center","background-size":"auto","background-attachment":"scroll","background-type":"","background-media":"","overlay-type":"","overlay-color":"","overlay-opacity":"","overlay-gradient":""},"mobile":{"background-color":"var(--ast-global-color-5)","background-image":"","background-repeat":"repeat","background-position":"center center","background-size":"auto","background-attachment":"scroll","background-type":"","background-media":"","overlay-type":"","overlay-color":"","overlay-opacity":"","overlay-gradient":""}}},"product_brand":[],"product_cat":[195,146],"product_tag":[292,1834,62],"class_list":{"0":"post-15051","1":"product","2":"type-product","3":"status-publish","4":"has-post-thumbnail","6":"product_cat-photoshop","7":"product_cat-photoshop-action","8":"product_tag-action","9":"product_tag-apocalypse","10":"product_tag-photoshop","11":"desktop-align-left","12":"tablet-align-left","13":"mobile-align-left","15":"first","16":"instock","17":"sale","18":"downloadable","19":"virtual","20":"taxable","21":"purchasable","22":"product-type-simple"},"yoast_head":"<!-- This site is optimized with the Yoast SEO plugin v27.3 - https:\/\/yoast.com\/product\/yoast-seo-wordpress\/ -->\n<title>Apocalypse Action - Graphimarket<\/title>\n<meta name=\"description\" content=\"turns your photo into apocalyptic picture with lot of fire, smoke, destructions and more. Action contains 10 color FX. Save hours...\" \/>\n<meta name=\"robots\" content=\"index, follow, max-snippet:-1, max-image-preview:large, max-video-preview:-1\" \/>\n<link rel=\"canonical\" href=\"https:\/\/graphimarket.com\/de\/product\/apocalypse-action\/\" \/>\n<meta property=\"og:locale\" content=\"de_DE\" \/>\n<meta property=\"og:type\" content=\"article\" \/>\n<meta property=\"og:title\" content=\"Apocalypse Action - Graphimarket\" \/>\n<meta property=\"og:description\" content=\"turns your photo into apocalyptic picture with lot of fire, smoke, destructions and more. Action contains 10 color FX. Save hours...\" \/>\n<meta property=\"og:url\" content=\"https:\/\/graphimarket.com\/de\/product\/apocalypse-action\/\" \/>\n<meta property=\"og:site_name\" content=\"Graphimarket\" \/>\n<meta property=\"article:modified_time\" content=\"2022-12-19T08:08:25+00:00\" \/>\n<meta property=\"og:image\" content=\"https:\/\/graphimarket.com\/wp-content\/uploads\/2021\/01\/13-2.jpg\" \/>\n\t<meta property=\"og:image:width\" content=\"1170\" \/>\n\t<meta property=\"og:image:height\" content=\"780\" \/>\n\t<meta property=\"og:image:type\" content=\"image\/jpeg\" \/>\n<meta name=\"twitter:card\" content=\"summary_large_image\" \/>\n<meta name=\"twitter:label1\" content=\"Est. reading time\" \/>\n\t<meta name=\"twitter:data1\" content=\"2 minutes\" \/>\n<script type=\"application\/ld+json\" class=\"yoast-schema-graph\">{\"@context\":\"https:\\\/\\\/schema.org\",\"@graph\":[{\"@type\":\"WebPage\",\"@id\":\"https:\\\/\\\/graphimarket.com\\\/fr\\\/product\\\/apocalypse-action\\\/\",\"url\":\"https:\\\/\\\/graphimarket.com\\\/fr\\\/product\\\/apocalypse-action\\\/\",\"name\":\"Apocalypse Action - Graphimarket\",\"isPartOf\":{\"@id\":\"https:\\\/\\\/graphimarket.com\\\/fr\\\/#website\"},\"primaryImageOfPage\":{\"@id\":\"https:\\\/\\\/graphimarket.com\\\/fr\\\/product\\\/apocalypse-action\\\/#primaryimage\"},\"image\":{\"@id\":\"https:\\\/\\\/graphimarket.com\\\/fr\\\/product\\\/apocalypse-action\\\/#primaryimage\"},\"thumbnailUrl\":\"https:\\\/\\\/graphimarket.com\\\/wp-content\\\/uploads\\\/2021\\\/01\\\/13-2.jpg\",\"datePublished\":\"2021-01-12T13:49:17+00:00\",\"dateModified\":\"2022-12-19T08:08:25+00:00\",\"description\":\"turns your photo into apocalyptic picture with lot of fire, smoke, destructions and more. Action contains 10 color FX. Save hours...\",\"breadcrumb\":{\"@id\":\"https:\\\/\\\/graphimarket.com\\\/fr\\\/product\\\/apocalypse-action\\\/#breadcrumb\"},\"inLanguage\":\"de-DE\",\"potentialAction\":[{\"@type\":\"ReadAction\",\"target\":[\"https:\\\/\\\/graphimarket.com\\\/fr\\\/product\\\/apocalypse-action\\\/\"]}]},{\"@type\":\"ImageObject\",\"inLanguage\":\"de-DE\",\"@id\":\"https:\\\/\\\/graphimarket.com\\\/fr\\\/product\\\/apocalypse-action\\\/#primaryimage\",\"url\":\"https:\\\/\\\/graphimarket.com\\\/wp-content\\\/uploads\\\/2021\\\/01\\\/13-2.jpg\",\"contentUrl\":\"https:\\\/\\\/graphimarket.com\\\/wp-content\\\/uploads\\\/2021\\\/01\\\/13-2.jpg\",\"width\":1170,\"height\":780},{\"@type\":\"BreadcrumbList\",\"@id\":\"https:\\\/\\\/graphimarket.com\\\/fr\\\/product\\\/apocalypse-action\\\/#breadcrumb\",\"itemListElement\":[{\"@type\":\"ListItem\",\"position\":1,\"name\":\"Home\",\"item\":\"https:\\\/\\\/graphimarket.com\\\/es\\\/\"},{\"@type\":\"ListItem\",\"position\":2,\"name\":\"Store\",\"item\":\"https:\\\/\\\/graphimarket.com\\\/store\\\/\"},{\"@type\":\"ListItem\",\"position\":3,\"name\":\"Apocalypse Action\"}]},{\"@type\":\"WebSite\",\"@id\":\"https:\\\/\\\/graphimarket.com\\\/fr\\\/#website\",\"url\":\"https:\\\/\\\/graphimarket.com\\\/fr\\\/\",\"name\":\"Graphimarket\",\"description\":\"Find the perfect creative asset to bring your project to life\",\"publisher\":{\"@id\":\"https:\\\/\\\/graphimarket.com\\\/fr\\\/#organization\"},\"potentialAction\":[{\"@type\":\"SearchAction\",\"target\":{\"@type\":\"EntryPoint\",\"urlTemplate\":\"https:\\\/\\\/graphimarket.com\\\/fr\\\/?s={search_term_string}\"},\"query-input\":{\"@type\":\"PropertyValueSpecification\",\"valueRequired\":true,\"valueName\":\"search_term_string\"}}],\"inLanguage\":\"de-DE\"},{\"@type\":\"Organization\",\"@id\":\"https:\\\/\\\/graphimarket.com\\\/fr\\\/#organization\",\"name\":\"Graphimarket\",\"url\":\"https:\\\/\\\/graphimarket.com\\\/fr\\\/\",\"logo\":{\"@type\":\"ImageObject\",\"inLanguage\":\"de-DE\",\"@id\":\"https:\\\/\\\/graphimarket.com\\\/fr\\\/#\\\/schema\\\/logo\\\/image\\\/\",\"url\":\"https:\\\/\\\/graphimarket.com\\\/wp-content\\\/uploads\\\/2020\\\/08\\\/logo-48.png\",\"contentUrl\":\"https:\\\/\\\/graphimarket.com\\\/wp-content\\\/uploads\\\/2020\\\/08\\\/logo-48.png\",\"width\":132,\"height\":48,\"caption\":\"Graphimarket\"},\"image\":{\"@id\":\"https:\\\/\\\/graphimarket.com\\\/fr\\\/#\\\/schema\\\/logo\\\/image\\\/\"}}]}<\/script>\n<!-- \/ Yoast SEO plugin. -->","yoast_head_json":{"title":"Apokalypse-Aktion - Graphimarket","description":"verwandelt Ihr Foto in ein apokalyptisches Bild mit viel Feuer, Rauch, Zerst\u00f6rungen und vielem mehr. Aktion enth\u00e4lt 10 Farb-FX. Stunden sparen ...","robots":{"index":"index","follow":"follow","max-snippet":"max-snippet:-1","max-image-preview":"max-image-preview:large","max-video-preview":"max-video-preview:-1"},"canonical":"https:\/\/graphimarket.com\/de\/product\/apocalypse-action\/","og_locale":"de_DE","og_type":"article","og_title":"Apocalypse Action - Graphimarket","og_description":"turns your photo into apocalyptic picture with lot of fire, smoke, destructions and more. Action contains 10 color FX. Save hours...","og_url":"https:\/\/graphimarket.com\/de\/product\/apocalypse-action\/","og_site_name":"Graphimarket","article_modified_time":"2022-12-19T08:08:25+00:00","og_image":[{"width":1170,"height":780,"url":"https:\/\/graphimarket.com\/wp-content\/uploads\/2021\/01\/13-2.jpg","type":"image\/jpeg"}],"twitter_card":"summary_large_image","twitter_misc":{"Est. reading time":"2 minutes"},"schema":{"@context":"https:\/\/schema.org","@graph":[{"@type":"WebPage","@id":"https:\/\/graphimarket.com\/fr\/product\/apocalypse-action\/","url":"https:\/\/graphimarket.com\/fr\/product\/apocalypse-action\/","name":"Apokalypse-Aktion - Graphimarket","isPartOf":{"@id":"https:\/\/graphimarket.com\/fr\/#website"},"primaryImageOfPage":{"@id":"https:\/\/graphimarket.com\/fr\/product\/apocalypse-action\/#primaryimage"},"image":{"@id":"https:\/\/graphimarket.com\/fr\/product\/apocalypse-action\/#primaryimage"},"thumbnailUrl":"https:\/\/graphimarket.com\/wp-content\/uploads\/2021\/01\/13-2.jpg","datePublished":"2021-01-12T13:49:17+00:00","dateModified":"2022-12-19T08:08:25+00:00","description":"verwandelt Ihr Foto in ein apokalyptisches Bild mit viel Feuer, Rauch, Zerst\u00f6rungen und vielem mehr. Aktion enth\u00e4lt 10 Farb-FX. Stunden sparen ...","breadcrumb":{"@id":"https:\/\/graphimarket.com\/fr\/product\/apocalypse-action\/#breadcrumb"},"inLanguage":"de-DE","potentialAction":[{"@type":"ReadAction","target":["https:\/\/graphimarket.com\/fr\/product\/apocalypse-action\/"]}]},{"@type":"ImageObject","inLanguage":"de-DE","@id":"https:\/\/graphimarket.com\/fr\/product\/apocalypse-action\/#primaryimage","url":"https:\/\/graphimarket.com\/wp-content\/uploads\/2021\/01\/13-2.jpg","contentUrl":"https:\/\/graphimarket.com\/wp-content\/uploads\/2021\/01\/13-2.jpg","width":1170,"height":780},{"@type":"BreadcrumbList","@id":"https:\/\/graphimarket.com\/fr\/product\/apocalypse-action\/#breadcrumb","itemListElement":[{"@type":"ListItem","position":1,"name":"Home","item":"https:\/\/graphimarket.com\/es\/"},{"@type":"ListItem","position":2,"name":"Store","item":"https:\/\/graphimarket.com\/store\/"},{"@type":"ListItem","position":3,"name":"Apocalypse Action"}]},{"@type":"WebSite","@id":"https:\/\/graphimarket.com\/fr\/#website","url":"https:\/\/graphimarket.com\/fr\/","name":"Graphimarket","description":"Finden Sie das perfekte kreative Kapital, um Ihr Projekt zum Leben zu erwecken","publisher":{"@id":"https:\/\/graphimarket.com\/fr\/#organization"},"potentialAction":[{"@type":"SearchAction","target":{"@type":"EntryPoint","urlTemplate":"https:\/\/graphimarket.com\/fr\/?s={search_term_string}"},"query-input":{"@type":"PropertyValueSpecification","valueRequired":true,"valueName":"search_term_string"}}],"inLanguage":"de-DE"},{"@type":"Organization","@id":"https:\/\/graphimarket.com\/fr\/#organization","name":"Graphimarket","url":"https:\/\/graphimarket.com\/fr\/","logo":{"@type":"ImageObject","inLanguage":"de-DE","@id":"https:\/\/graphimarket.com\/fr\/#\/schema\/logo\/image\/","url":"https:\/\/graphimarket.com\/wp-content\/uploads\/2020\/08\/logo-48.png","contentUrl":"https:\/\/graphimarket.com\/wp-content\/uploads\/2020\/08\/logo-48.png","width":132,"height":48,"caption":"Graphimarket"},"image":{"@id":"https:\/\/graphimarket.com\/fr\/#\/schema\/logo\/image\/"}}]}},"_links":{"self":[{"href":"http:\/\/graphimarket.com\/de\/wp-json\/wp\/v2\/product\/15051","targetHints":{"allow":["GET"]}}],"collection":[{"href":"http:\/\/graphimarket.com\/de\/wp-json\/wp\/v2\/product"}],"about":[{"href":"http:\/\/graphimarket.com\/de\/wp-json\/wp\/v2\/types\/product"}],"replies":[{"embeddable":true,"href":"http:\/\/graphimarket.com\/de\/wp-json\/wp\/v2\/comments?post=15051"}],"version-history":[{"count":0,"href":"http:\/\/graphimarket.com\/de\/wp-json\/wp\/v2\/product\/15051\/revisions"}],"wp:featuredmedia":[{"embeddable":true,"href":"http:\/\/graphimarket.com\/de\/wp-json\/wp\/v2\/media\/15059"}],"wp:attachment":[{"href":"http:\/\/graphimarket.com\/de\/wp-json\/wp\/v2\/media?parent=15051"}],"wp:term":[{"taxonomy":"product_brand","embeddable":true,"href":"http:\/\/graphimarket.com\/de\/wp-json\/wp\/v2\/product_brand?post=15051"},{"taxonomy":"product_cat","embeddable":true,"href":"http:\/\/graphimarket.com\/de\/wp-json\/wp\/v2\/product_cat?post=15051"},{"taxonomy":"product_tag","embeddable":true,"href":"http:\/\/graphimarket.com\/de\/wp-json\/wp\/v2\/product_tag?post=15051"}],"curies":[{"name":"wp","href":"https:\/\/api.w.org\/{rel}","templated":true}]}}