{"id":15242,"date":"2021-01-15T15:02:12","date_gmt":"2021-01-15T14:02:12","guid":{"rendered":"https:\/\/graphimarket.com\/?post_type=product&#038;p=15242"},"modified":"2022-12-19T09:05:40","modified_gmt":"2022-12-19T08:05:40","slug":"charcoal-photoshop-action-2","status":"publish","type":"product","link":"http:\/\/graphimarket.com\/de\/product\/charcoal-photoshop-action-2\/","title":{"rendered":"Holzkohle Photoshop Aktion"},"content":{"rendered":"<h2 id=\"item-description__charcoal-photoshop-action\">Holzkohle Photoshop Aktion<\/h2>\n<p>Erstellen Sie ganz einfach k\u00fcnstlerische Kohle-Designs aus Ihrem Foto! Im Download enthalten sind 5 verschiedene Kohlestile und hochaufl\u00f6sende Kohleb\u00fcrsten.<\/p>\n<p>Die Aktion wurde getestet und funktioniert in Photoshop\u00a0<strong>CS4, CS5, CS6, CC, CC 2015.5, CC 2017, CC 2018, CC 2019+<\/strong><\/p>\n<p><a href=\"https:\/\/www.youtube.com\/watch?v=fnbEClbv7VY\" target=\"_blank\" rel=\"noopener\">Lernprogramm<\/a><\/p>\n<p><strong>Wichtig zu wissen<\/strong><\/p>\n<ul>\n<li>Stellen Sie sicher, dass Sie die verwenden\u00a0<a href=\"https:\/\/graphimarket.com\/de\/2021\/01\/12\/change-the-language-of-your-creative-cloud-apps\/\" target=\"_blank\" rel=\"noopener\">Englische Version von Photoshop<\/a>\u00a0um die Aktion auszuf\u00fchren. Alle Sevenstyles-Aktionen funktionieren nur in der englischen Version von Photoshop.<\/li>\n<\/ul>\n<ul>\n<li>\u00dcberpr\u00fcfen Sie, ob Sie eine von der Aktion unterst\u00fctzte Version von Photoshop verwenden.<\/li>\n<\/ul>\n<ul>\n<li>Verwenden Sie mit der Aktion hochaufl\u00f6sende Fotos, um die besten Ergebnisse zu erzielen und Fehler zu vermeiden. Eine optimale Fotoaufl\u00f6sung liegt zwischen 2000px und 4500px.<\/li>\n<\/ul>\n<ul>\n<li>Mit Adobe Creative Cloud k\u00f6nnen Sie installieren\u00a0<a href=\"https:\/\/graphimarket.com\/de\/2021\/01\/12\/how-to-install-previous-versions-of-your-creative-cloud-apps\/\" target=\"_blank\" rel=\"noopener\">mehrere Versionen von Photoshop<\/a>. Wenn Ihnen diese Aktion gef\u00e4llt, sie jedoch in Ihrer Photoshop-Version nicht unterst\u00fctzt wird, k\u00f6nnen Sie jederzeit eine zus\u00e4tzliche Version von Photoshop installieren, um die Aktion auszuf\u00fchren. Sobald eine Aktion getestet wurde und an einer Version von Photoshop arbeitet, funktioniert sie f\u00fcr immer.<\/li>\n<\/ul>\n<ul>\n<li>Verwenden Sie JPEG-Bilder, um die Aktion auszuf\u00fchren. Andere Dateitypen wie TIFF, BMP, PNG, PSD k\u00f6nnen Probleme mit Aktionen verursachen, da Photoshop verschiedene Funktionen f\u00fcr verschiedene Dateitypen deaktiviert.<\/li>\n<\/ul>\n<ul>\n<li>Wenn eine Sevenstyles-Aktion eine Pinsel- (.abr), Muster- (.pat) oder Shapes- (.csh) Datei im Download enth\u00e4lt, muss sie vor dem Abspielen der Aktion in Photoshop geladen werden.<\/li>\n<\/ul>\n<ul>\n<li>Vermeiden Sie die Verwendung der Aktion f\u00fcr Logos oder Bilder im ClipArt-Stil, da der Mangel an Details und Farbkontrasten zu Fehlern f\u00fchren kann.<\/li>\n<\/ul>\n<p><img fetchpriority=\"high\" decoding=\"async\" class=\"alignnone size-full wp-image-15243\" src=\"https:\/\/graphimarket.com\/wp-content\/uploads\/2021\/01\/BBallerBlueShorts1.jpg\" alt=\"\" width=\"1274\" height=\"1566\" srcset=\"https:\/\/graphimarket.com\/wp-content\/uploads\/2021\/01\/BBallerBlueShorts1.jpg 1274w, https:\/\/graphimarket.com\/wp-content\/uploads\/2021\/01\/BBallerBlueShorts1-244x300.jpg 244w, https:\/\/graphimarket.com\/wp-content\/uploads\/2021\/01\/BBallerBlueShorts1-833x1024.jpg 833w, https:\/\/graphimarket.com\/wp-content\/uploads\/2021\/01\/BBallerBlueShorts1-768x944.jpg 768w, https:\/\/graphimarket.com\/wp-content\/uploads\/2021\/01\/BBallerBlueShorts1-1250x1536.jpg 1250w, https:\/\/graphimarket.com\/wp-content\/uploads\/2021\/01\/BBallerBlueShorts1-10x12.jpg 10w, https:\/\/graphimarket.com\/wp-content\/uploads\/2021\/01\/BBallerBlueShorts1-600x738.jpg 600w\" sizes=\"(max-width: 1274px) 100vw, 1274px\" \/> <img decoding=\"async\" class=\"alignnone size-full wp-image-15244\" src=\"https:\/\/graphimarket.com\/wp-content\/uploads\/2021\/01\/BBallerBlueShorts2.jpg\" alt=\"\" width=\"1274\" height=\"1566\" srcset=\"https:\/\/graphimarket.com\/wp-content\/uploads\/2021\/01\/BBallerBlueShorts2.jpg 1274w, https:\/\/graphimarket.com\/wp-content\/uploads\/2021\/01\/BBallerBlueShorts2-244x300.jpg 244w, https:\/\/graphimarket.com\/wp-content\/uploads\/2021\/01\/BBallerBlueShorts2-833x1024.jpg 833w, https:\/\/graphimarket.com\/wp-content\/uploads\/2021\/01\/BBallerBlueShorts2-768x944.jpg 768w, https:\/\/graphimarket.com\/wp-content\/uploads\/2021\/01\/BBallerBlueShorts2-1250x1536.jpg 1250w, https:\/\/graphimarket.com\/wp-content\/uploads\/2021\/01\/BBallerBlueShorts2-10x12.jpg 10w, https:\/\/graphimarket.com\/wp-content\/uploads\/2021\/01\/BBallerBlueShorts2-600x738.jpg 600w\" sizes=\"(max-width: 1274px) 100vw, 1274px\" \/> <img decoding=\"async\" class=\"alignnone size-full wp-image-15245\" src=\"https:\/\/graphimarket.com\/wp-content\/uploads\/2021\/01\/BBallerBlueShorts3.jpg\" alt=\"\" width=\"1274\" height=\"1566\" srcset=\"https:\/\/graphimarket.com\/wp-content\/uploads\/2021\/01\/BBallerBlueShorts3.jpg 1274w, https:\/\/graphimarket.com\/wp-content\/uploads\/2021\/01\/BBallerBlueShorts3-244x300.jpg 244w, https:\/\/graphimarket.com\/wp-content\/uploads\/2021\/01\/BBallerBlueShorts3-833x1024.jpg 833w, https:\/\/graphimarket.com\/wp-content\/uploads\/2021\/01\/BBallerBlueShorts3-768x944.jpg 768w, https:\/\/graphimarket.com\/wp-content\/uploads\/2021\/01\/BBallerBlueShorts3-1250x1536.jpg 1250w, https:\/\/graphimarket.com\/wp-content\/uploads\/2021\/01\/BBallerBlueShorts3-10x12.jpg 10w, https:\/\/graphimarket.com\/wp-content\/uploads\/2021\/01\/BBallerBlueShorts3-600x738.jpg 600w\" sizes=\"(max-width: 1274px) 100vw, 1274px\" \/> <img loading=\"lazy\" decoding=\"async\" class=\"alignnone size-full wp-image-15246\" src=\"https:\/\/graphimarket.com\/wp-content\/uploads\/2021\/01\/BeardedGuy1.jpg\" alt=\"\" width=\"1153\" height=\"1730\" srcset=\"https:\/\/graphimarket.com\/wp-content\/uploads\/2021\/01\/BeardedGuy1.jpg 1153w, https:\/\/graphimarket.com\/wp-content\/uploads\/2021\/01\/BeardedGuy1-200x300.jpg 200w, https:\/\/graphimarket.com\/wp-content\/uploads\/2021\/01\/BeardedGuy1-682x1024.jpg 682w, https:\/\/graphimarket.com\/wp-content\/uploads\/2021\/01\/BeardedGuy1-768x1152.jpg 768w, https:\/\/graphimarket.com\/wp-content\/uploads\/2021\/01\/BeardedGuy1-1024x1536.jpg 1024w, https:\/\/graphimarket.com\/wp-content\/uploads\/2021\/01\/BeardedGuy1-8x12.jpg 8w, https:\/\/graphimarket.com\/wp-content\/uploads\/2021\/01\/BeardedGuy1-600x900.jpg 600w\" sizes=\"(max-width: 1153px) 100vw, 1153px\" \/> <img loading=\"lazy\" decoding=\"async\" class=\"alignnone size-full wp-image-15247\" src=\"https:\/\/graphimarket.com\/wp-content\/uploads\/2021\/01\/BikerGirl2.jpg\" alt=\"\" width=\"1246\" height=\"1602\" srcset=\"https:\/\/graphimarket.com\/wp-content\/uploads\/2021\/01\/BikerGirl2.jpg 1246w, https:\/\/graphimarket.com\/wp-content\/uploads\/2021\/01\/BikerGirl2-233x300.jpg 233w, https:\/\/graphimarket.com\/wp-content\/uploads\/2021\/01\/BikerGirl2-796x1024.jpg 796w, https:\/\/graphimarket.com\/wp-content\/uploads\/2021\/01\/BikerGirl2-768x987.jpg 768w, https:\/\/graphimarket.com\/wp-content\/uploads\/2021\/01\/BikerGirl2-1195x1536.jpg 1195w, https:\/\/graphimarket.com\/wp-content\/uploads\/2021\/01\/BikerGirl2-9x12.jpg 9w, https:\/\/graphimarket.com\/wp-content\/uploads\/2021\/01\/BikerGirl2-600x771.jpg 600w\" sizes=\"(max-width: 1246px) 100vw, 1246px\" \/> <img loading=\"lazy\" decoding=\"async\" class=\"alignnone size-full wp-image-15248\" src=\"https:\/\/graphimarket.com\/wp-content\/uploads\/2021\/01\/BikerGirl4.jpg\" alt=\"\" width=\"1246\" height=\"1602\" srcset=\"https:\/\/graphimarket.com\/wp-content\/uploads\/2021\/01\/BikerGirl4.jpg 1246w, https:\/\/graphimarket.com\/wp-content\/uploads\/2021\/01\/BikerGirl4-233x300.jpg 233w, https:\/\/graphimarket.com\/wp-content\/uploads\/2021\/01\/BikerGirl4-796x1024.jpg 796w, https:\/\/graphimarket.com\/wp-content\/uploads\/2021\/01\/BikerGirl4-768x987.jpg 768w, https:\/\/graphimarket.com\/wp-content\/uploads\/2021\/01\/BikerGirl4-1195x1536.jpg 1195w, https:\/\/graphimarket.com\/wp-content\/uploads\/2021\/01\/BikerGirl4-9x12.jpg 9w, https:\/\/graphimarket.com\/wp-content\/uploads\/2021\/01\/BikerGirl4-600x771.jpg 600w\" sizes=\"(max-width: 1246px) 100vw, 1246px\" \/> <img loading=\"lazy\" decoding=\"async\" class=\"alignnone size-full wp-image-15249\" src=\"https:\/\/graphimarket.com\/wp-content\/uploads\/2021\/01\/BreakDancer31.jpg\" alt=\"\" width=\"1153\" height=\"1730\" srcset=\"https:\/\/graphimarket.com\/wp-content\/uploads\/2021\/01\/BreakDancer31.jpg 1153w, https:\/\/graphimarket.com\/wp-content\/uploads\/2021\/01\/BreakDancer31-200x300.jpg 200w, https:\/\/graphimarket.com\/wp-content\/uploads\/2021\/01\/BreakDancer31-682x1024.jpg 682w, https:\/\/graphimarket.com\/wp-content\/uploads\/2021\/01\/BreakDancer31-768x1152.jpg 768w, https:\/\/graphimarket.com\/wp-content\/uploads\/2021\/01\/BreakDancer31-1024x1536.jpg 1024w, https:\/\/graphimarket.com\/wp-content\/uploads\/2021\/01\/BreakDancer31-8x12.jpg 8w, https:\/\/graphimarket.com\/wp-content\/uploads\/2021\/01\/BreakDancer31-600x900.jpg 600w\" sizes=\"(max-width: 1153px) 100vw, 1153px\" \/> <img loading=\"lazy\" decoding=\"async\" class=\"alignnone size-full wp-image-15250\" src=\"https:\/\/graphimarket.com\/wp-content\/uploads\/2021\/01\/ArmyManFace1.jpg\" alt=\"\" width=\"1725\" height=\"1627\" srcset=\"https:\/\/graphimarket.com\/wp-content\/uploads\/2021\/01\/ArmyManFace1.jpg 1725w, https:\/\/graphimarket.com\/wp-content\/uploads\/2021\/01\/ArmyManFace1-300x283.jpg 300w, https:\/\/graphimarket.com\/wp-content\/uploads\/2021\/01\/ArmyManFace1-1024x966.jpg 1024w, https:\/\/graphimarket.com\/wp-content\/uploads\/2021\/01\/ArmyManFace1-768x724.jpg 768w, https:\/\/graphimarket.com\/wp-content\/uploads\/2021\/01\/ArmyManFace1-1536x1449.jpg 1536w, https:\/\/graphimarket.com\/wp-content\/uploads\/2021\/01\/ArmyManFace1-13x12.jpg 13w, https:\/\/graphimarket.com\/wp-content\/uploads\/2021\/01\/ArmyManFace1-1320x1245.jpg 1320w, https:\/\/graphimarket.com\/wp-content\/uploads\/2021\/01\/ArmyManFace1-600x566.jpg 600w\" sizes=\"(max-width: 1725px) 100vw, 1725px\" \/><\/p>\n<figure id=\"attachment_15251\" aria-describedby=\"caption-attachment-15251\" style=\"width: 1380px\" class=\"wp-caption alignnone\"><img loading=\"lazy\" decoding=\"async\" class=\"size-full wp-image-15251\" src=\"https:\/\/graphimarket.com\/wp-content\/uploads\/2021\/01\/AstranaughtGirl1.jpg\" alt=\"\" width=\"1380\" height=\"2070\" srcset=\"https:\/\/graphimarket.com\/wp-content\/uploads\/2021\/01\/AstranaughtGirl1.jpg 1380w, https:\/\/graphimarket.com\/wp-content\/uploads\/2021\/01\/AstranaughtGirl1-200x300.jpg 200w, https:\/\/graphimarket.com\/wp-content\/uploads\/2021\/01\/AstranaughtGirl1-683x1024.jpg 683w, https:\/\/graphimarket.com\/wp-content\/uploads\/2021\/01\/AstranaughtGirl1-768x1152.jpg 768w, https:\/\/graphimarket.com\/wp-content\/uploads\/2021\/01\/AstranaughtGirl1-1024x1536.jpg 1024w, https:\/\/graphimarket.com\/wp-content\/uploads\/2021\/01\/AstranaughtGirl1-1365x2048.jpg 1365w, https:\/\/graphimarket.com\/wp-content\/uploads\/2021\/01\/AstranaughtGirl1-8x12.jpg 8w, https:\/\/graphimarket.com\/wp-content\/uploads\/2021\/01\/AstranaughtGirl1-1320x1980.jpg 1320w, https:\/\/graphimarket.com\/wp-content\/uploads\/2021\/01\/AstranaughtGirl1-600x900.jpg 600w\" sizes=\"(max-width: 1380px) 100vw, 1380px\" \/><figcaption id=\"caption-attachment-15251\" class=\"wp-caption-text\">Massenbildkompressor Dieses Bild wurde komprimiert. https:\/\/sourceforge.net\/projects\/icompress\/ mit Qualit\u00e4t: 84<\/figcaption><\/figure>","protected":false},"excerpt":{"rendered":"<p>Charcoal Photoshop Action Create artistic charcoal designs from your photo easily! Included in the download are 5 different charcoal styles and high-resolution charcoal brushes. The action has been tested and working on Photoshop\u00a0CS4,CS5,CS6,CC,CC 2015.5, CC 2017, CC 2018, CC 2019+ Tutorial Important to know Make sure you are using the\u00a0English version of Photoshop\u00a0to run the [&hellip;]<\/p>\n","protected":false},"featured_media":15251,"comment_status":"open","ping_status":"closed","template":"","meta":{"site-sidebar-layout":"default","site-content-layout":"default","ast-site-content-layout":"default","site-content-style":"default","site-sidebar-style":"default","ast-global-header-display":"","ast-banner-title-visibility":"","ast-main-header-display":"","ast-hfb-above-header-display":"","ast-hfb-below-header-display":"","ast-hfb-mobile-header-display":"","site-post-title":"","ast-breadcrumbs-content":"","ast-featured-img":"","footer-sml-layout":"","ast-disable-related-posts":"","theme-transparent-header-meta":"default","adv-header-id-meta":"","stick-header-meta":"","header-above-stick-meta":"","header-main-stick-meta":"","header-below-stick-meta":"","astra-migrate-meta-layouts":"default","ast-page-background-enabled":"default","ast-page-background-meta":{"desktop":{"background-color":"","background-image":"","background-repeat":"repeat","background-position":"center center","background-size":"auto","background-attachment":"scroll","background-type":"","background-media":"","overlay-type":"","overlay-color":"","overlay-opacity":"","overlay-gradient":""},"tablet":{"background-color":"","background-image":"","background-repeat":"repeat","background-position":"center center","background-size":"auto","background-attachment":"scroll","background-type":"","background-media":"","overlay-type":"","overlay-color":"","overlay-opacity":"","overlay-gradient":""},"mobile":{"background-color":"","background-image":"","background-repeat":"repeat","background-position":"center center","background-size":"auto","background-attachment":"scroll","background-type":"","background-media":"","overlay-type":"","overlay-color":"","overlay-opacity":"","overlay-gradient":""}},"ast-content-background-meta":{"desktop":{"background-color":"var(--ast-global-color-5)","background-image":"","background-repeat":"repeat","background-position":"center center","background-size":"auto","background-attachment":"scroll","background-type":"","background-media":"","overlay-type":"","overlay-color":"","overlay-opacity":"","overlay-gradient":""},"tablet":{"background-color":"var(--ast-global-color-5)","background-image":"","background-repeat":"repeat","background-position":"center center","background-size":"auto","background-attachment":"scroll","background-type":"","background-media":"","overlay-type":"","overlay-color":"","overlay-opacity":"","overlay-gradient":""},"mobile":{"background-color":"var(--ast-global-color-5)","background-image":"","background-repeat":"repeat","background-position":"center center","background-size":"auto","background-attachment":"scroll","background-type":"","background-media":"","overlay-type":"","overlay-color":"","overlay-opacity":"","overlay-gradient":""}}},"product_brand":[],"product_cat":[195,146],"product_tag":[292,497,62],"class_list":{"0":"post-15242","1":"product","2":"type-product","3":"status-publish","4":"has-post-thumbnail","6":"product_cat-photoshop","7":"product_cat-photoshop-action","8":"product_tag-action","9":"product_tag-charcoal","10":"product_tag-photoshop","11":"desktop-align-left","12":"tablet-align-left","13":"mobile-align-left","15":"first","16":"instock","17":"sale","18":"downloadable","19":"virtual","20":"taxable","21":"purchasable","22":"product-type-simple"},"yoast_head":"<!-- This site is optimized with the Yoast SEO plugin v27.3 - https:\/\/yoast.com\/product\/yoast-seo-wordpress\/ -->\n<title>Charcoal Photoshop Action - Graphimarket<\/title>\n<meta name=\"description\" content=\"Create artistic charcoal designs from your photo easily! Included in the download are 5 different charcoal styles and high-resolution charcoal...\" \/>\n<meta name=\"robots\" content=\"index, follow, max-snippet:-1, max-image-preview:large, max-video-preview:-1\" \/>\n<link rel=\"canonical\" href=\"http:\/\/graphimarket.com\/de\/product\/charcoal-photoshop-action-2\/\" \/>\n<meta property=\"og:locale\" content=\"de_DE\" \/>\n<meta property=\"og:type\" content=\"article\" \/>\n<meta property=\"og:title\" content=\"Charcoal Photoshop Action - Graphimarket\" \/>\n<meta property=\"og:description\" content=\"Create artistic charcoal designs from your photo easily! Included in the download are 5 different charcoal styles and high-resolution charcoal...\" \/>\n<meta property=\"og:url\" content=\"http:\/\/graphimarket.com\/de\/product\/charcoal-photoshop-action-2\/\" \/>\n<meta property=\"og:site_name\" content=\"Graphimarket\" \/>\n<meta property=\"article:modified_time\" content=\"2022-12-19T08:05:40+00:00\" \/>\n<meta property=\"og:image\" content=\"https:\/\/graphimarket.com\/wp-content\/uploads\/2021\/01\/AstranaughtGirl1.jpg\" \/>\n\t<meta property=\"og:image:width\" content=\"1380\" \/>\n\t<meta property=\"og:image:height\" content=\"2070\" \/>\n\t<meta property=\"og:image:type\" content=\"image\/jpeg\" \/>\n<meta name=\"twitter:card\" content=\"summary_large_image\" \/>\n<meta name=\"twitter:label1\" content=\"Est. reading time\" \/>\n\t<meta name=\"twitter:data1\" content=\"1 minute\" \/>\n<script type=\"application\/ld+json\" class=\"yoast-schema-graph\">{\"@context\":\"https:\\\/\\\/schema.org\",\"@graph\":[{\"@type\":\"WebPage\",\"@id\":\"http:\\\/\\\/graphimarket.com\\\/de\\\/product\\\/charcoal-photoshop-action-2\\\/\",\"url\":\"http:\\\/\\\/graphimarket.com\\\/de\\\/product\\\/charcoal-photoshop-action-2\\\/\",\"name\":\"Charcoal Photoshop Action - Graphimarket\",\"isPartOf\":{\"@id\":\"https:\\\/\\\/graphimarket.com\\\/fr\\\/#website\"},\"primaryImageOfPage\":{\"@id\":\"http:\\\/\\\/graphimarket.com\\\/de\\\/product\\\/charcoal-photoshop-action-2\\\/#primaryimage\"},\"image\":{\"@id\":\"http:\\\/\\\/graphimarket.com\\\/de\\\/product\\\/charcoal-photoshop-action-2\\\/#primaryimage\"},\"thumbnailUrl\":\"https:\\\/\\\/graphimarket.com\\\/wp-content\\\/uploads\\\/2021\\\/01\\\/AstranaughtGirl1.jpg\",\"datePublished\":\"2021-01-15T14:02:12+00:00\",\"dateModified\":\"2022-12-19T08:05:40+00:00\",\"description\":\"Create artistic charcoal designs from your photo easily! Included in the download are 5 different charcoal styles and high-resolution charcoal...\",\"breadcrumb\":{\"@id\":\"http:\\\/\\\/graphimarket.com\\\/de\\\/product\\\/charcoal-photoshop-action-2\\\/#breadcrumb\"},\"inLanguage\":\"de-DE\",\"potentialAction\":[{\"@type\":\"ReadAction\",\"target\":[\"http:\\\/\\\/graphimarket.com\\\/de\\\/product\\\/charcoal-photoshop-action-2\\\/\"]}]},{\"@type\":\"ImageObject\",\"inLanguage\":\"de-DE\",\"@id\":\"http:\\\/\\\/graphimarket.com\\\/de\\\/product\\\/charcoal-photoshop-action-2\\\/#primaryimage\",\"url\":\"https:\\\/\\\/graphimarket.com\\\/wp-content\\\/uploads\\\/2021\\\/01\\\/AstranaughtGirl1.jpg\",\"contentUrl\":\"https:\\\/\\\/graphimarket.com\\\/wp-content\\\/uploads\\\/2021\\\/01\\\/AstranaughtGirl1.jpg\",\"width\":1380,\"height\":2070,\"caption\":\"Mass Image Compressor Compressed this image. https:\\\/\\\/sourceforge.net\\\/projects\\\/icompress\\\/ with Quality:84\"},{\"@type\":\"BreadcrumbList\",\"@id\":\"http:\\\/\\\/graphimarket.com\\\/de\\\/product\\\/charcoal-photoshop-action-2\\\/#breadcrumb\",\"itemListElement\":[{\"@type\":\"ListItem\",\"position\":1,\"name\":\"Home\",\"item\":\"https:\\\/\\\/graphimarket.com\\\/es\\\/\"},{\"@type\":\"ListItem\",\"position\":2,\"name\":\"Store\",\"item\":\"https:\\\/\\\/graphimarket.com\\\/store\\\/\"},{\"@type\":\"ListItem\",\"position\":3,\"name\":\"Charcoal Photoshop Action\"}]},{\"@type\":\"WebSite\",\"@id\":\"https:\\\/\\\/graphimarket.com\\\/fr\\\/#website\",\"url\":\"https:\\\/\\\/graphimarket.com\\\/fr\\\/\",\"name\":\"Graphimarket\",\"description\":\"Find the perfect creative asset to bring your project to life\",\"publisher\":{\"@id\":\"https:\\\/\\\/graphimarket.com\\\/fr\\\/#organization\"},\"potentialAction\":[{\"@type\":\"SearchAction\",\"target\":{\"@type\":\"EntryPoint\",\"urlTemplate\":\"https:\\\/\\\/graphimarket.com\\\/fr\\\/?s={search_term_string}\"},\"query-input\":{\"@type\":\"PropertyValueSpecification\",\"valueRequired\":true,\"valueName\":\"search_term_string\"}}],\"inLanguage\":\"de-DE\"},{\"@type\":\"Organization\",\"@id\":\"https:\\\/\\\/graphimarket.com\\\/fr\\\/#organization\",\"name\":\"Graphimarket\",\"url\":\"https:\\\/\\\/graphimarket.com\\\/fr\\\/\",\"logo\":{\"@type\":\"ImageObject\",\"inLanguage\":\"de-DE\",\"@id\":\"https:\\\/\\\/graphimarket.com\\\/fr\\\/#\\\/schema\\\/logo\\\/image\\\/\",\"url\":\"https:\\\/\\\/graphimarket.com\\\/wp-content\\\/uploads\\\/2020\\\/08\\\/logo-48.png\",\"contentUrl\":\"https:\\\/\\\/graphimarket.com\\\/wp-content\\\/uploads\\\/2020\\\/08\\\/logo-48.png\",\"width\":132,\"height\":48,\"caption\":\"Graphimarket\"},\"image\":{\"@id\":\"https:\\\/\\\/graphimarket.com\\\/fr\\\/#\\\/schema\\\/logo\\\/image\\\/\"}}]}<\/script>\n<!-- \/ Yoast SEO plugin. -->","yoast_head_json":{"title":"Charcoal Photoshop Action - Graphimarket","description":"Erstellen Sie ganz einfach k\u00fcnstlerische Kohle-Designs aus Ihrem Foto! Im Download enthalten sind 5 verschiedene Kohlestile und hochaufl\u00f6sende ...","robots":{"index":"index","follow":"follow","max-snippet":"max-snippet:-1","max-image-preview":"max-image-preview:large","max-video-preview":"max-video-preview:-1"},"canonical":"http:\/\/graphimarket.com\/de\/product\/charcoal-photoshop-action-2\/","og_locale":"de_DE","og_type":"article","og_title":"Charcoal Photoshop Action - Graphimarket","og_description":"Create artistic charcoal designs from your photo easily! Included in the download are 5 different charcoal styles and high-resolution charcoal...","og_url":"http:\/\/graphimarket.com\/de\/product\/charcoal-photoshop-action-2\/","og_site_name":"Graphimarket","article_modified_time":"2022-12-19T08:05:40+00:00","og_image":[{"width":1380,"height":2070,"url":"https:\/\/graphimarket.com\/wp-content\/uploads\/2021\/01\/AstranaughtGirl1.jpg","type":"image\/jpeg"}],"twitter_card":"summary_large_image","twitter_misc":{"Est. reading time":"1 minute"},"schema":{"@context":"https:\/\/schema.org","@graph":[{"@type":"WebPage","@id":"http:\/\/graphimarket.com\/de\/product\/charcoal-photoshop-action-2\/","url":"http:\/\/graphimarket.com\/de\/product\/charcoal-photoshop-action-2\/","name":"Charcoal Photoshop Action - Graphimarket","isPartOf":{"@id":"https:\/\/graphimarket.com\/fr\/#website"},"primaryImageOfPage":{"@id":"http:\/\/graphimarket.com\/de\/product\/charcoal-photoshop-action-2\/#primaryimage"},"image":{"@id":"http:\/\/graphimarket.com\/de\/product\/charcoal-photoshop-action-2\/#primaryimage"},"thumbnailUrl":"https:\/\/graphimarket.com\/wp-content\/uploads\/2021\/01\/AstranaughtGirl1.jpg","datePublished":"2021-01-15T14:02:12+00:00","dateModified":"2022-12-19T08:05:40+00:00","description":"Erstellen Sie ganz einfach k\u00fcnstlerische Kohle-Designs aus Ihrem Foto! Im Download enthalten sind 5 verschiedene Kohlestile und hochaufl\u00f6sende ...","breadcrumb":{"@id":"http:\/\/graphimarket.com\/de\/product\/charcoal-photoshop-action-2\/#breadcrumb"},"inLanguage":"de-DE","potentialAction":[{"@type":"ReadAction","target":["http:\/\/graphimarket.com\/de\/product\/charcoal-photoshop-action-2\/"]}]},{"@type":"ImageObject","inLanguage":"de-DE","@id":"http:\/\/graphimarket.com\/de\/product\/charcoal-photoshop-action-2\/#primaryimage","url":"https:\/\/graphimarket.com\/wp-content\/uploads\/2021\/01\/AstranaughtGirl1.jpg","contentUrl":"https:\/\/graphimarket.com\/wp-content\/uploads\/2021\/01\/AstranaughtGirl1.jpg","width":1380,"height":2070,"caption":"Mass Image Compressor Compressed this image. https:\/\/sourceforge.net\/projects\/icompress\/ with Quality:84"},{"@type":"BreadcrumbList","@id":"http:\/\/graphimarket.com\/de\/product\/charcoal-photoshop-action-2\/#breadcrumb","itemListElement":[{"@type":"ListItem","position":1,"name":"Home","item":"https:\/\/graphimarket.com\/es\/"},{"@type":"ListItem","position":2,"name":"Store","item":"https:\/\/graphimarket.com\/store\/"},{"@type":"ListItem","position":3,"name":"Charcoal Photoshop Action"}]},{"@type":"WebSite","@id":"https:\/\/graphimarket.com\/fr\/#website","url":"https:\/\/graphimarket.com\/fr\/","name":"Graphimarket","description":"Finden Sie das perfekte kreative Kapital, um Ihr Projekt zum Leben zu erwecken","publisher":{"@id":"https:\/\/graphimarket.com\/fr\/#organization"},"potentialAction":[{"@type":"SearchAction","target":{"@type":"EntryPoint","urlTemplate":"https:\/\/graphimarket.com\/fr\/?s={search_term_string}"},"query-input":{"@type":"PropertyValueSpecification","valueRequired":true,"valueName":"search_term_string"}}],"inLanguage":"de-DE"},{"@type":"Organization","@id":"https:\/\/graphimarket.com\/fr\/#organization","name":"Graphimarket","url":"https:\/\/graphimarket.com\/fr\/","logo":{"@type":"ImageObject","inLanguage":"de-DE","@id":"https:\/\/graphimarket.com\/fr\/#\/schema\/logo\/image\/","url":"https:\/\/graphimarket.com\/wp-content\/uploads\/2020\/08\/logo-48.png","contentUrl":"https:\/\/graphimarket.com\/wp-content\/uploads\/2020\/08\/logo-48.png","width":132,"height":48,"caption":"Graphimarket"},"image":{"@id":"https:\/\/graphimarket.com\/fr\/#\/schema\/logo\/image\/"}}]}},"_links":{"self":[{"href":"http:\/\/graphimarket.com\/de\/wp-json\/wp\/v2\/product\/15242","targetHints":{"allow":["GET"]}}],"collection":[{"href":"http:\/\/graphimarket.com\/de\/wp-json\/wp\/v2\/product"}],"about":[{"href":"http:\/\/graphimarket.com\/de\/wp-json\/wp\/v2\/types\/product"}],"replies":[{"embeddable":true,"href":"http:\/\/graphimarket.com\/de\/wp-json\/wp\/v2\/comments?post=15242"}],"version-history":[{"count":0,"href":"http:\/\/graphimarket.com\/de\/wp-json\/wp\/v2\/product\/15242\/revisions"}],"wp:featuredmedia":[{"embeddable":true,"href":"http:\/\/graphimarket.com\/de\/wp-json\/wp\/v2\/media\/15251"}],"wp:attachment":[{"href":"http:\/\/graphimarket.com\/de\/wp-json\/wp\/v2\/media?parent=15242"}],"wp:term":[{"taxonomy":"product_brand","embeddable":true,"href":"http:\/\/graphimarket.com\/de\/wp-json\/wp\/v2\/product_brand?post=15242"},{"taxonomy":"product_cat","embeddable":true,"href":"http:\/\/graphimarket.com\/de\/wp-json\/wp\/v2\/product_cat?post=15242"},{"taxonomy":"product_tag","embeddable":true,"href":"http:\/\/graphimarket.com\/de\/wp-json\/wp\/v2\/product_tag?post=15242"}],"curies":[{"name":"wp","href":"https:\/\/api.w.org\/{rel}","templated":true}]}}