{"id":15307,"date":"2021-01-15T17:46:16","date_gmt":"2021-01-15T16:46:16","guid":{"rendered":"https:\/\/graphimarket.com\/?post_type=product&#038;p=15307"},"modified":"2022-12-19T09:04:21","modified_gmt":"2022-12-19T08:04:21","slug":"vanquish-photoshop-action","status":"publish","type":"product","link":"http:\/\/graphimarket.com\/de\/product\/vanquish-photoshop-action\/","title":{"rendered":"Besiege Photoshop-Aktion"},"content":{"rendered":"<h2 id=\"item-description__vanquish-photoshop-action\">Besiege Photoshop-Aktion<\/h2>\n<p>Create this highly detailed effect from your photos with little effort at all. Each time you run the action you will get a unique result.<\/p>\n<p><strong>IMPORTANT:<\/strong>\u00a0This action is memory intensive. For photos between 1500 \u2013 3500px it is recommended to have no less than\u00a0<strong>8gig ram installed<\/strong>. For photos over 3500px it is recommended to have\u00a0<strong>no less than 12gig ram installed<\/strong>.<\/p>\n<p>Die Aktion wurde getestet und funktioniert in Photoshop\u00a0<strong>CS4, CS5, CS6, CC, CC 2015.5, CC 2017, CC 2018, CC 2019+<\/strong><\/p>\n<p><a href=\"https:\/\/www.youtube.com\/watch?v=kfOhPgjRjEs\" target=\"_blank\" rel=\"noopener\">Lernprogramm<\/a><\/p>\n<p><strong>Wichtig zu wissen<\/strong><\/p>\n<ul>\n<li>Stellen Sie sicher, dass Sie die verwenden\u00a0<a href=\"https:\/\/graphimarket.com\/de\/2021\/01\/12\/change-the-language-of-your-creative-cloud-apps\/\" target=\"_blank\" rel=\"noopener\">Englische Version von Photoshop<\/a>\u00a0um die Aktion auszuf\u00fchren. Alle Sevenstyles-Aktionen funktionieren nur in der englischen Version von Photoshop.<\/li>\n<li>\u00dcberpr\u00fcfen Sie, ob Sie eine von der Aktion unterst\u00fctzte Version von Photoshop verwenden.<\/li>\n<\/ul>\n<ul>\n<li>Verwenden Sie mit der Aktion hochaufl\u00f6sende Fotos, um die besten Ergebnisse zu erzielen und Fehler zu vermeiden. Eine optimale Fotoaufl\u00f6sung liegt zwischen 2000px und 4500px.<\/li>\n<\/ul>\n<ul>\n<li>Mit Adobe Creative Cloud k\u00f6nnen Sie installieren\u00a0<a href=\"https:\/\/graphimarket.com\/de\/2021\/01\/12\/how-to-install-previous-versions-of-your-creative-cloud-apps\/\" target=\"_blank\" rel=\"noopener\">mehrere Versionen von Photoshop<\/a>. Wenn Ihnen diese Aktion gef\u00e4llt, sie jedoch in Ihrer Photoshop-Version nicht unterst\u00fctzt wird, k\u00f6nnen Sie jederzeit eine zus\u00e4tzliche Version von Photoshop installieren, um die Aktion auszuf\u00fchren. Sobald eine Aktion getestet wurde und an einer Version von Photoshop arbeitet, funktioniert sie f\u00fcr immer.<\/li>\n<\/ul>\n<ul>\n<li>Verwenden Sie JPEG-Bilder, um die Aktion auszuf\u00fchren. Andere Dateitypen wie TIFF, BMP, PNG, PSD k\u00f6nnen Probleme mit Aktionen verursachen, da Photoshop verschiedene Funktionen f\u00fcr verschiedene Dateitypen deaktiviert.<\/li>\n<\/ul>\n<ul>\n<li>Wenn eine Sevenstyles-Aktion eine Pinsel- (.abr), Muster- (.pat) oder Shapes- (.csh) Datei im Download enth\u00e4lt, muss sie vor dem Abspielen der Aktion in Photoshop geladen werden.<\/li>\n<\/ul>\n<ul>\n<li>Vermeiden Sie die Verwendung der Aktion f\u00fcr Logos oder Bilder im ClipArt-Stil, da der Mangel an Details und Farbkontrasten zu Fehlern f\u00fchren kann.<\/li>\n<\/ul>\n<p>&nbsp;<\/p>\n<p><img fetchpriority=\"high\" decoding=\"async\" class=\"alignnone size-full wp-image-15308\" src=\"https:\/\/graphimarket.com\/wp-content\/uploads\/2021\/01\/GirlLeap2b.jpg\" alt=\"\" width=\"2533\" height=\"1432\" srcset=\"https:\/\/graphimarket.com\/wp-content\/uploads\/2021\/01\/GirlLeap2b.jpg 2533w, https:\/\/graphimarket.com\/wp-content\/uploads\/2021\/01\/GirlLeap2b-300x170.jpg 300w, https:\/\/graphimarket.com\/wp-content\/uploads\/2021\/01\/GirlLeap2b-1024x579.jpg 1024w, https:\/\/graphimarket.com\/wp-content\/uploads\/2021\/01\/GirlLeap2b-768x434.jpg 768w, https:\/\/graphimarket.com\/wp-content\/uploads\/2021\/01\/GirlLeap2b-1536x868.jpg 1536w, https:\/\/graphimarket.com\/wp-content\/uploads\/2021\/01\/GirlLeap2b-2048x1158.jpg 2048w, https:\/\/graphimarket.com\/wp-content\/uploads\/2021\/01\/GirlLeap2b-16x9.jpg 16w, https:\/\/graphimarket.com\/wp-content\/uploads\/2021\/01\/GirlLeap2b-1320x746.jpg 1320w, https:\/\/graphimarket.com\/wp-content\/uploads\/2021\/01\/GirlLeap2b-600x339.jpg 600w\" sizes=\"(max-width: 2533px) 100vw, 2533px\" \/><\/p>\n<p><img decoding=\"async\" class=\"alignnone size-full wp-image-15309\" src=\"https:\/\/graphimarket.com\/wp-content\/uploads\/2021\/01\/GirlLeap3-scaled.jpg\" alt=\"\" width=\"993\" height=\"2560\" srcset=\"https:\/\/graphimarket.com\/wp-content\/uploads\/2021\/01\/GirlLeap3-scaled.jpg 993w, https:\/\/graphimarket.com\/wp-content\/uploads\/2021\/01\/GirlLeap3-116x300.jpg 116w, https:\/\/graphimarket.com\/wp-content\/uploads\/2021\/01\/GirlLeap3-397x1024.jpg 397w, https:\/\/graphimarket.com\/wp-content\/uploads\/2021\/01\/GirlLeap3-768x1980.jpg 768w, https:\/\/graphimarket.com\/wp-content\/uploads\/2021\/01\/GirlLeap3-596x1536.jpg 596w, https:\/\/graphimarket.com\/wp-content\/uploads\/2021\/01\/GirlLeap3-5x12.jpg 5w, https:\/\/graphimarket.com\/wp-content\/uploads\/2021\/01\/GirlLeap3-600x1547.jpg 600w\" sizes=\"(max-width: 993px) 100vw, 993px\" \/><\/p>\n<p><img decoding=\"async\" class=\"alignnone size-full wp-image-15310\" src=\"https:\/\/graphimarket.com\/wp-content\/uploads\/2021\/01\/GirlLeap4.jpg\" alt=\"\" width=\"1498\" height=\"2058\" srcset=\"https:\/\/graphimarket.com\/wp-content\/uploads\/2021\/01\/GirlLeap4.jpg 1498w, https:\/\/graphimarket.com\/wp-content\/uploads\/2021\/01\/GirlLeap4-218x300.jpg 218w, https:\/\/graphimarket.com\/wp-content\/uploads\/2021\/01\/GirlLeap4-745x1024.jpg 745w, https:\/\/graphimarket.com\/wp-content\/uploads\/2021\/01\/GirlLeap4-768x1055.jpg 768w, https:\/\/graphimarket.com\/wp-content\/uploads\/2021\/01\/GirlLeap4-1118x1536.jpg 1118w, https:\/\/graphimarket.com\/wp-content\/uploads\/2021\/01\/GirlLeap4-1491x2048.jpg 1491w, https:\/\/graphimarket.com\/wp-content\/uploads\/2021\/01\/GirlLeap4-9x12.jpg 9w, https:\/\/graphimarket.com\/wp-content\/uploads\/2021\/01\/GirlLeap4-1320x1813.jpg 1320w, https:\/\/graphimarket.com\/wp-content\/uploads\/2021\/01\/GirlLeap4-600x824.jpg 600w\" sizes=\"(max-width: 1498px) 100vw, 1498px\" \/><\/p>\n<p><img loading=\"lazy\" decoding=\"async\" class=\"alignnone size-full wp-image-15311\" src=\"https:\/\/graphimarket.com\/wp-content\/uploads\/2021\/01\/Guitar-scaled.jpg\" alt=\"\" width=\"2560\" height=\"1561\" srcset=\"https:\/\/graphimarket.com\/wp-content\/uploads\/2021\/01\/Guitar-scaled.jpg 2560w, https:\/\/graphimarket.com\/wp-content\/uploads\/2021\/01\/Guitar-300x183.jpg 300w, https:\/\/graphimarket.com\/wp-content\/uploads\/2021\/01\/Guitar-1024x624.jpg 1024w, https:\/\/graphimarket.com\/wp-content\/uploads\/2021\/01\/Guitar-768x468.jpg 768w, https:\/\/graphimarket.com\/wp-content\/uploads\/2021\/01\/Guitar-1536x936.jpg 1536w, https:\/\/graphimarket.com\/wp-content\/uploads\/2021\/01\/Guitar-2048x1249.jpg 2048w, https:\/\/graphimarket.com\/wp-content\/uploads\/2021\/01\/Guitar-16x10.jpg 16w, https:\/\/graphimarket.com\/wp-content\/uploads\/2021\/01\/Guitar-1320x805.jpg 1320w, https:\/\/graphimarket.com\/wp-content\/uploads\/2021\/01\/Guitar-600x366.jpg 600w\" sizes=\"(max-width: 2560px) 100vw, 2560px\" \/> <img loading=\"lazy\" decoding=\"async\" class=\"alignnone size-full wp-image-15312\" src=\"https:\/\/graphimarket.com\/wp-content\/uploads\/2021\/01\/Horse.jpg\" alt=\"\" width=\"2480\" height=\"1518\" srcset=\"https:\/\/graphimarket.com\/wp-content\/uploads\/2021\/01\/Horse.jpg 2480w, https:\/\/graphimarket.com\/wp-content\/uploads\/2021\/01\/Horse-300x184.jpg 300w, https:\/\/graphimarket.com\/wp-content\/uploads\/2021\/01\/Horse-1024x627.jpg 1024w, https:\/\/graphimarket.com\/wp-content\/uploads\/2021\/01\/Horse-768x470.jpg 768w, https:\/\/graphimarket.com\/wp-content\/uploads\/2021\/01\/Horse-1536x940.jpg 1536w, https:\/\/graphimarket.com\/wp-content\/uploads\/2021\/01\/Horse-2048x1254.jpg 2048w, https:\/\/graphimarket.com\/wp-content\/uploads\/2021\/01\/Horse-16x10.jpg 16w, https:\/\/graphimarket.com\/wp-content\/uploads\/2021\/01\/Horse-1320x808.jpg 1320w, https:\/\/graphimarket.com\/wp-content\/uploads\/2021\/01\/Horse-600x367.jpg 600w\" sizes=\"(max-width: 2480px) 100vw, 2480px\" \/><\/p>\n<p><img loading=\"lazy\" decoding=\"async\" class=\"alignnone size-full wp-image-15313\" src=\"https:\/\/graphimarket.com\/wp-content\/uploads\/2021\/01\/ManLeap1a.jpg\" alt=\"\" width=\"2533\" height=\"1573\" srcset=\"https:\/\/graphimarket.com\/wp-content\/uploads\/2021\/01\/ManLeap1a.jpg 2533w, https:\/\/graphimarket.com\/wp-content\/uploads\/2021\/01\/ManLeap1a-300x186.jpg 300w, https:\/\/graphimarket.com\/wp-content\/uploads\/2021\/01\/ManLeap1a-1024x636.jpg 1024w, https:\/\/graphimarket.com\/wp-content\/uploads\/2021\/01\/ManLeap1a-768x477.jpg 768w, https:\/\/graphimarket.com\/wp-content\/uploads\/2021\/01\/ManLeap1a-1536x954.jpg 1536w, https:\/\/graphimarket.com\/wp-content\/uploads\/2021\/01\/ManLeap1a-2048x1272.jpg 2048w, https:\/\/graphimarket.com\/wp-content\/uploads\/2021\/01\/ManLeap1a-16x10.jpg 16w, https:\/\/graphimarket.com\/wp-content\/uploads\/2021\/01\/ManLeap1a-1320x820.jpg 1320w, https:\/\/graphimarket.com\/wp-content\/uploads\/2021\/01\/ManLeap1a-600x373.jpg 600w\" sizes=\"(max-width: 2533px) 100vw, 2533px\" \/><\/p>\n<p><img loading=\"lazy\" decoding=\"async\" class=\"alignnone size-full wp-image-15314\" src=\"https:\/\/graphimarket.com\/wp-content\/uploads\/2021\/01\/ManLeap2-scaled.jpg\" alt=\"\" width=\"1068\" height=\"2560\" srcset=\"https:\/\/graphimarket.com\/wp-content\/uploads\/2021\/01\/ManLeap2-scaled.jpg 1068w, https:\/\/graphimarket.com\/wp-content\/uploads\/2021\/01\/ManLeap2-125x300.jpg 125w, https:\/\/graphimarket.com\/wp-content\/uploads\/2021\/01\/ManLeap2-427x1024.jpg 427w, https:\/\/graphimarket.com\/wp-content\/uploads\/2021\/01\/ManLeap2-768x1841.jpg 768w, https:\/\/graphimarket.com\/wp-content\/uploads\/2021\/01\/ManLeap2-641x1536.jpg 641w, https:\/\/graphimarket.com\/wp-content\/uploads\/2021\/01\/ManLeap2-854x2048.jpg 854w, https:\/\/graphimarket.com\/wp-content\/uploads\/2021\/01\/ManLeap2-5x12.jpg 5w, https:\/\/graphimarket.com\/wp-content\/uploads\/2021\/01\/ManLeap2-600x1438.jpg 600w\" sizes=\"(max-width: 1068px) 100vw, 1068px\" \/><\/p>\n<p><img loading=\"lazy\" decoding=\"async\" class=\"alignnone size-full wp-image-15315\" src=\"https:\/\/graphimarket.com\/wp-content\/uploads\/2021\/01\/ManLeap3-scaled.jpg\" alt=\"\" width=\"1121\" height=\"2560\" srcset=\"https:\/\/graphimarket.com\/wp-content\/uploads\/2021\/01\/ManLeap3-scaled.jpg 1121w, https:\/\/graphimarket.com\/wp-content\/uploads\/2021\/01\/ManLeap3-131x300.jpg 131w, https:\/\/graphimarket.com\/wp-content\/uploads\/2021\/01\/ManLeap3-449x1024.jpg 449w, https:\/\/graphimarket.com\/wp-content\/uploads\/2021\/01\/ManLeap3-768x1753.jpg 768w, https:\/\/graphimarket.com\/wp-content\/uploads\/2021\/01\/ManLeap3-673x1536.jpg 673w, https:\/\/graphimarket.com\/wp-content\/uploads\/2021\/01\/ManLeap3-897x2048.jpg 897w, https:\/\/graphimarket.com\/wp-content\/uploads\/2021\/01\/ManLeap3-5x12.jpg 5w, https:\/\/graphimarket.com\/wp-content\/uploads\/2021\/01\/ManLeap3-600x1370.jpg 600w\" sizes=\"(max-width: 1121px) 100vw, 1121px\" \/><\/p>\n<p><img loading=\"lazy\" decoding=\"async\" class=\"alignnone size-full wp-image-15316\" src=\"https:\/\/graphimarket.com\/wp-content\/uploads\/2021\/01\/Eagle-scaled.jpg\" alt=\"\" width=\"2560\" height=\"1091\" srcset=\"https:\/\/graphimarket.com\/wp-content\/uploads\/2021\/01\/Eagle-scaled.jpg 2560w, https:\/\/graphimarket.com\/wp-content\/uploads\/2021\/01\/Eagle-300x128.jpg 300w, https:\/\/graphimarket.com\/wp-content\/uploads\/2021\/01\/Eagle-1024x436.jpg 1024w, https:\/\/graphimarket.com\/wp-content\/uploads\/2021\/01\/Eagle-768x327.jpg 768w, https:\/\/graphimarket.com\/wp-content\/uploads\/2021\/01\/Eagle-1536x654.jpg 1536w, https:\/\/graphimarket.com\/wp-content\/uploads\/2021\/01\/Eagle-2048x873.jpg 2048w, https:\/\/graphimarket.com\/wp-content\/uploads\/2021\/01\/Eagle-16x7.jpg 16w, https:\/\/graphimarket.com\/wp-content\/uploads\/2021\/01\/Eagle-1320x562.jpg 1320w, https:\/\/graphimarket.com\/wp-content\/uploads\/2021\/01\/Eagle-600x256.jpg 600w\" sizes=\"(max-width: 2560px) 100vw, 2560px\" \/><\/p>\n<p><img loading=\"lazy\" decoding=\"async\" class=\"alignnone size-full wp-image-15317\" src=\"https:\/\/graphimarket.com\/wp-content\/uploads\/2021\/01\/GirlLeap1-scaled.jpg\" alt=\"\" width=\"2560\" height=\"1219\" srcset=\"https:\/\/graphimarket.com\/wp-content\/uploads\/2021\/01\/GirlLeap1-scaled.jpg 2560w, https:\/\/graphimarket.com\/wp-content\/uploads\/2021\/01\/GirlLeap1-300x143.jpg 300w, https:\/\/graphimarket.com\/wp-content\/uploads\/2021\/01\/GirlLeap1-1024x488.jpg 1024w, https:\/\/graphimarket.com\/wp-content\/uploads\/2021\/01\/GirlLeap1-768x366.jpg 768w, https:\/\/graphimarket.com\/wp-content\/uploads\/2021\/01\/GirlLeap1-1536x732.jpg 1536w, https:\/\/graphimarket.com\/wp-content\/uploads\/2021\/01\/GirlLeap1-2048x976.jpg 2048w, https:\/\/graphimarket.com\/wp-content\/uploads\/2021\/01\/GirlLeap1-16x8.jpg 16w, https:\/\/graphimarket.com\/wp-content\/uploads\/2021\/01\/GirlLeap1-1320x629.jpg 1320w, https:\/\/graphimarket.com\/wp-content\/uploads\/2021\/01\/GirlLeap1-600x286.jpg 600w\" sizes=\"(max-width: 2560px) 100vw, 2560px\" \/><\/p>\n<p>&nbsp;<\/p>","protected":false},"excerpt":{"rendered":"<p>Vanquish Photoshop Action Create this highly detailed effect from your photos with little effort at all. Each time you run the action you will get a unique result. IMPORTANT:\u00a0This action is memory intensive. For photos between 1500 \u2013 3500px it is recommended to have no less than\u00a08gig ram installed. For photos over 3500px it is [&hellip;]<\/p>\n","protected":false},"featured_media":15311,"comment_status":"open","ping_status":"closed","template":"","meta":{"site-sidebar-layout":"default","site-content-layout":"default","ast-site-content-layout":"default","site-content-style":"default","site-sidebar-style":"default","ast-global-header-display":"","ast-banner-title-visibility":"","ast-main-header-display":"","ast-hfb-above-header-display":"","ast-hfb-below-header-display":"","ast-hfb-mobile-header-display":"","site-post-title":"","ast-breadcrumbs-content":"","ast-featured-img":"","footer-sml-layout":"","ast-disable-related-posts":"","theme-transparent-header-meta":"default","adv-header-id-meta":"","stick-header-meta":"","header-above-stick-meta":"","header-main-stick-meta":"","header-below-stick-meta":"","astra-migrate-meta-layouts":"default","ast-page-background-enabled":"default","ast-page-background-meta":{"desktop":{"background-color":"","background-image":"","background-repeat":"repeat","background-position":"center center","background-size":"auto","background-attachment":"scroll","background-type":"","background-media":"","overlay-type":"","overlay-color":"","overlay-opacity":"","overlay-gradient":""},"tablet":{"background-color":"","background-image":"","background-repeat":"repeat","background-position":"center center","background-size":"auto","background-attachment":"scroll","background-type":"","background-media":"","overlay-type":"","overlay-color":"","overlay-opacity":"","overlay-gradient":""},"mobile":{"background-color":"","background-image":"","background-repeat":"repeat","background-position":"center center","background-size":"auto","background-attachment":"scroll","background-type":"","background-media":"","overlay-type":"","overlay-color":"","overlay-opacity":"","overlay-gradient":""}},"ast-content-background-meta":{"desktop":{"background-color":"var(--ast-global-color-5)","background-image":"","background-repeat":"repeat","background-position":"center center","background-size":"auto","background-attachment":"scroll","background-type":"","background-media":"","overlay-type":"","overlay-color":"","overlay-opacity":"","overlay-gradient":""},"tablet":{"background-color":"var(--ast-global-color-5)","background-image":"","background-repeat":"repeat","background-position":"center center","background-size":"auto","background-attachment":"scroll","background-type":"","background-media":"","overlay-type":"","overlay-color":"","overlay-opacity":"","overlay-gradient":""},"mobile":{"background-color":"var(--ast-global-color-5)","background-image":"","background-repeat":"repeat","background-position":"center center","background-size":"auto","background-attachment":"scroll","background-type":"","background-media":"","overlay-type":"","overlay-color":"","overlay-opacity":"","overlay-gradient":""}}},"product_brand":[],"product_cat":[195,146],"product_tag":[292,1386,62,1849],"class_list":{"0":"post-15307","1":"product","2":"type-product","3":"status-publish","4":"has-post-thumbnail","6":"product_cat-photoshop","7":"product_cat-photoshop-action","8":"product_tag-action","9":"product_tag-adobe","10":"product_tag-photoshop","11":"product_tag-vanquish","12":"desktop-align-left","13":"tablet-align-left","14":"mobile-align-left","16":"first","17":"instock","18":"sale","19":"downloadable","20":"virtual","21":"taxable","22":"purchasable","23":"product-type-simple"},"yoast_head":"<!-- This site is optimized with the Yoast SEO plugin v27.3 - https:\/\/yoast.com\/product\/yoast-seo-wordpress\/ -->\n<title>Vanquish Photoshop Action - Graphimarket<\/title>\n<meta name=\"description\" content=\"Vanquish Photoshop ActionCreate this highly detailed effect from your photos with little effort at all. Each time you run the action...\" \/>\n<meta name=\"robots\" content=\"index, follow, max-snippet:-1, max-image-preview:large, max-video-preview:-1\" \/>\n<link rel=\"canonical\" href=\"https:\/\/graphimarket.com\/de\/prodotto\/vanquish-photoshop-action\/\" \/>\n<meta property=\"og:locale\" content=\"de_DE\" \/>\n<meta property=\"og:type\" content=\"article\" \/>\n<meta property=\"og:title\" content=\"Vanquish Photoshop Action - Graphimarket\" \/>\n<meta property=\"og:description\" content=\"Vanquish Photoshop ActionCreate this highly detailed effect from your photos with little effort at all. Each time you run the action...\" \/>\n<meta property=\"og:url\" content=\"https:\/\/graphimarket.com\/de\/prodotto\/vanquish-photoshop-action\/\" \/>\n<meta property=\"og:site_name\" content=\"Graphimarket\" \/>\n<meta property=\"article:modified_time\" content=\"2022-12-19T08:04:21+00:00\" \/>\n<meta property=\"og:image\" content=\"https:\/\/graphimarket.com\/wp-content\/uploads\/2021\/01\/Guitar-scaled.jpg\" \/>\n\t<meta property=\"og:image:width\" content=\"2560\" \/>\n\t<meta property=\"og:image:height\" content=\"1561\" \/>\n\t<meta property=\"og:image:type\" content=\"image\/jpeg\" \/>\n<meta name=\"twitter:card\" content=\"summary_large_image\" \/>\n<meta name=\"twitter:label1\" content=\"Est. reading time\" \/>\n\t<meta name=\"twitter:data1\" content=\"1 minute\" \/>\n<script type=\"application\/ld+json\" class=\"yoast-schema-graph\">{\"@context\":\"https:\\\/\\\/schema.org\",\"@graph\":[{\"@type\":\"WebPage\",\"@id\":\"https:\\\/\\\/graphimarket.com\\\/it\\\/prodotto\\\/vanquish-photoshop-action\\\/\",\"url\":\"https:\\\/\\\/graphimarket.com\\\/it\\\/prodotto\\\/vanquish-photoshop-action\\\/\",\"name\":\"Vanquish Photoshop Action - Graphimarket\",\"isPartOf\":{\"@id\":\"https:\\\/\\\/graphimarket.com\\\/fr\\\/#website\"},\"primaryImageOfPage\":{\"@id\":\"https:\\\/\\\/graphimarket.com\\\/it\\\/prodotto\\\/vanquish-photoshop-action\\\/#primaryimage\"},\"image\":{\"@id\":\"https:\\\/\\\/graphimarket.com\\\/it\\\/prodotto\\\/vanquish-photoshop-action\\\/#primaryimage\"},\"thumbnailUrl\":\"https:\\\/\\\/graphimarket.com\\\/wp-content\\\/uploads\\\/2021\\\/01\\\/Guitar-scaled.jpg\",\"datePublished\":\"2021-01-15T16:46:16+00:00\",\"dateModified\":\"2022-12-19T08:04:21+00:00\",\"description\":\"Vanquish Photoshop ActionCreate this highly detailed effect from your photos with little effort at all. Each time you run the action...\",\"breadcrumb\":{\"@id\":\"https:\\\/\\\/graphimarket.com\\\/it\\\/prodotto\\\/vanquish-photoshop-action\\\/#breadcrumb\"},\"inLanguage\":\"de-DE\",\"potentialAction\":[{\"@type\":\"ReadAction\",\"target\":[\"https:\\\/\\\/graphimarket.com\\\/it\\\/prodotto\\\/vanquish-photoshop-action\\\/\"]}]},{\"@type\":\"ImageObject\",\"inLanguage\":\"de-DE\",\"@id\":\"https:\\\/\\\/graphimarket.com\\\/it\\\/prodotto\\\/vanquish-photoshop-action\\\/#primaryimage\",\"url\":\"https:\\\/\\\/graphimarket.com\\\/wp-content\\\/uploads\\\/2021\\\/01\\\/Guitar-scaled.jpg\",\"contentUrl\":\"https:\\\/\\\/graphimarket.com\\\/wp-content\\\/uploads\\\/2021\\\/01\\\/Guitar-scaled.jpg\",\"width\":2560,\"height\":1561},{\"@type\":\"BreadcrumbList\",\"@id\":\"https:\\\/\\\/graphimarket.com\\\/it\\\/prodotto\\\/vanquish-photoshop-action\\\/#breadcrumb\",\"itemListElement\":[{\"@type\":\"ListItem\",\"position\":1,\"name\":\"Home\",\"item\":\"https:\\\/\\\/graphimarket.com\\\/es\\\/\"},{\"@type\":\"ListItem\",\"position\":2,\"name\":\"Store\",\"item\":\"https:\\\/\\\/graphimarket.com\\\/store\\\/\"},{\"@type\":\"ListItem\",\"position\":3,\"name\":\"Vanquish Photoshop Action\"}]},{\"@type\":\"WebSite\",\"@id\":\"https:\\\/\\\/graphimarket.com\\\/fr\\\/#website\",\"url\":\"https:\\\/\\\/graphimarket.com\\\/fr\\\/\",\"name\":\"Graphimarket\",\"description\":\"Find the perfect creative asset to bring your project to life\",\"publisher\":{\"@id\":\"https:\\\/\\\/graphimarket.com\\\/fr\\\/#organization\"},\"potentialAction\":[{\"@type\":\"SearchAction\",\"target\":{\"@type\":\"EntryPoint\",\"urlTemplate\":\"https:\\\/\\\/graphimarket.com\\\/fr\\\/?s={search_term_string}\"},\"query-input\":{\"@type\":\"PropertyValueSpecification\",\"valueRequired\":true,\"valueName\":\"search_term_string\"}}],\"inLanguage\":\"de-DE\"},{\"@type\":\"Organization\",\"@id\":\"https:\\\/\\\/graphimarket.com\\\/fr\\\/#organization\",\"name\":\"Graphimarket\",\"url\":\"https:\\\/\\\/graphimarket.com\\\/fr\\\/\",\"logo\":{\"@type\":\"ImageObject\",\"inLanguage\":\"de-DE\",\"@id\":\"https:\\\/\\\/graphimarket.com\\\/fr\\\/#\\\/schema\\\/logo\\\/image\\\/\",\"url\":\"https:\\\/\\\/graphimarket.com\\\/wp-content\\\/uploads\\\/2020\\\/08\\\/logo-48.png\",\"contentUrl\":\"https:\\\/\\\/graphimarket.com\\\/wp-content\\\/uploads\\\/2020\\\/08\\\/logo-48.png\",\"width\":132,\"height\":48,\"caption\":\"Graphimarket\"},\"image\":{\"@id\":\"https:\\\/\\\/graphimarket.com\\\/fr\\\/#\\\/schema\\\/logo\\\/image\\\/\"}}]}<\/script>\n<!-- \/ Yoast SEO plugin. -->","yoast_head_json":{"title":"Vanquish Photoshop Action - Graphimarket","description":"Vanquish Photoshop ActionCreate this highly detailed effect from your photos with little effort at all. Each time you run the action...","robots":{"index":"index","follow":"follow","max-snippet":"max-snippet:-1","max-image-preview":"max-image-preview:large","max-video-preview":"max-video-preview:-1"},"canonical":"https:\/\/graphimarket.com\/de\/prodotto\/vanquish-photoshop-action\/","og_locale":"de_DE","og_type":"article","og_title":"Vanquish Photoshop Action - Graphimarket","og_description":"Vanquish Photoshop ActionCreate this highly detailed effect from your photos with little effort at all. Each time you run the action...","og_url":"https:\/\/graphimarket.com\/de\/prodotto\/vanquish-photoshop-action\/","og_site_name":"Graphimarket","article_modified_time":"2022-12-19T08:04:21+00:00","og_image":[{"width":2560,"height":1561,"url":"https:\/\/graphimarket.com\/wp-content\/uploads\/2021\/01\/Guitar-scaled.jpg","type":"image\/jpeg"}],"twitter_card":"summary_large_image","twitter_misc":{"Est. reading time":"1 minute"},"schema":{"@context":"https:\/\/schema.org","@graph":[{"@type":"WebPage","@id":"https:\/\/graphimarket.com\/it\/prodotto\/vanquish-photoshop-action\/","url":"https:\/\/graphimarket.com\/it\/prodotto\/vanquish-photoshop-action\/","name":"Vanquish Photoshop Action - Graphimarket","isPartOf":{"@id":"https:\/\/graphimarket.com\/fr\/#website"},"primaryImageOfPage":{"@id":"https:\/\/graphimarket.com\/it\/prodotto\/vanquish-photoshop-action\/#primaryimage"},"image":{"@id":"https:\/\/graphimarket.com\/it\/prodotto\/vanquish-photoshop-action\/#primaryimage"},"thumbnailUrl":"https:\/\/graphimarket.com\/wp-content\/uploads\/2021\/01\/Guitar-scaled.jpg","datePublished":"2021-01-15T16:46:16+00:00","dateModified":"2022-12-19T08:04:21+00:00","description":"Vanquish Photoshop ActionCreate this highly detailed effect from your photos with little effort at all. Each time you run the action...","breadcrumb":{"@id":"https:\/\/graphimarket.com\/it\/prodotto\/vanquish-photoshop-action\/#breadcrumb"},"inLanguage":"de-DE","potentialAction":[{"@type":"ReadAction","target":["https:\/\/graphimarket.com\/it\/prodotto\/vanquish-photoshop-action\/"]}]},{"@type":"ImageObject","inLanguage":"de-DE","@id":"https:\/\/graphimarket.com\/it\/prodotto\/vanquish-photoshop-action\/#primaryimage","url":"https:\/\/graphimarket.com\/wp-content\/uploads\/2021\/01\/Guitar-scaled.jpg","contentUrl":"https:\/\/graphimarket.com\/wp-content\/uploads\/2021\/01\/Guitar-scaled.jpg","width":2560,"height":1561},{"@type":"BreadcrumbList","@id":"https:\/\/graphimarket.com\/it\/prodotto\/vanquish-photoshop-action\/#breadcrumb","itemListElement":[{"@type":"ListItem","position":1,"name":"Home","item":"https:\/\/graphimarket.com\/es\/"},{"@type":"ListItem","position":2,"name":"Store","item":"https:\/\/graphimarket.com\/store\/"},{"@type":"ListItem","position":3,"name":"Vanquish Photoshop Action"}]},{"@type":"WebSite","@id":"https:\/\/graphimarket.com\/fr\/#website","url":"https:\/\/graphimarket.com\/fr\/","name":"Graphimarket","description":"Finden Sie das perfekte kreative Kapital, um Ihr Projekt zum Leben zu erwecken","publisher":{"@id":"https:\/\/graphimarket.com\/fr\/#organization"},"potentialAction":[{"@type":"SearchAction","target":{"@type":"EntryPoint","urlTemplate":"https:\/\/graphimarket.com\/fr\/?s={search_term_string}"},"query-input":{"@type":"PropertyValueSpecification","valueRequired":true,"valueName":"search_term_string"}}],"inLanguage":"de-DE"},{"@type":"Organization","@id":"https:\/\/graphimarket.com\/fr\/#organization","name":"Graphimarket","url":"https:\/\/graphimarket.com\/fr\/","logo":{"@type":"ImageObject","inLanguage":"de-DE","@id":"https:\/\/graphimarket.com\/fr\/#\/schema\/logo\/image\/","url":"https:\/\/graphimarket.com\/wp-content\/uploads\/2020\/08\/logo-48.png","contentUrl":"https:\/\/graphimarket.com\/wp-content\/uploads\/2020\/08\/logo-48.png","width":132,"height":48,"caption":"Graphimarket"},"image":{"@id":"https:\/\/graphimarket.com\/fr\/#\/schema\/logo\/image\/"}}]}},"_links":{"self":[{"href":"http:\/\/graphimarket.com\/de\/wp-json\/wp\/v2\/product\/15307","targetHints":{"allow":["GET"]}}],"collection":[{"href":"http:\/\/graphimarket.com\/de\/wp-json\/wp\/v2\/product"}],"about":[{"href":"http:\/\/graphimarket.com\/de\/wp-json\/wp\/v2\/types\/product"}],"replies":[{"embeddable":true,"href":"http:\/\/graphimarket.com\/de\/wp-json\/wp\/v2\/comments?post=15307"}],"version-history":[{"count":0,"href":"http:\/\/graphimarket.com\/de\/wp-json\/wp\/v2\/product\/15307\/revisions"}],"wp:featuredmedia":[{"embeddable":true,"href":"http:\/\/graphimarket.com\/de\/wp-json\/wp\/v2\/media\/15311"}],"wp:attachment":[{"href":"http:\/\/graphimarket.com\/de\/wp-json\/wp\/v2\/media?parent=15307"}],"wp:term":[{"taxonomy":"product_brand","embeddable":true,"href":"http:\/\/graphimarket.com\/de\/wp-json\/wp\/v2\/product_brand?post=15307"},{"taxonomy":"product_cat","embeddable":true,"href":"http:\/\/graphimarket.com\/de\/wp-json\/wp\/v2\/product_cat?post=15307"},{"taxonomy":"product_tag","embeddable":true,"href":"http:\/\/graphimarket.com\/de\/wp-json\/wp\/v2\/product_tag?post=15307"}],"curies":[{"name":"wp","href":"https:\/\/api.w.org\/{rel}","templated":true}]}}