{"id":15421,"date":"2021-01-19T16:21:13","date_gmt":"2021-01-19T15:21:13","guid":{"rendered":"https:\/\/graphimarket.com\/?post_type=product&#038;p=15421"},"modified":"2024-03-01T15:09:40","modified_gmt":"2024-03-01T14:09:40","slug":"blizzard-photoshop-action","status":"publish","type":"product","link":"http:\/\/graphimarket.com\/de\/product\/blizzard-photoshop-action\/","title":{"rendered":"Blizzard Photoshop-Aktion"},"content":{"rendered":"<h2 id=\"item-description__blizzard-photoshop-action\">Blizzard Photoshop-Aktion<\/h2>\n<p>Create intense blizzard scenes on your photos with only a few clicks!<\/p>\n<p>Die Aktion wurde getestet und funktioniert in Photoshop\u00a0<strong>CS4, CS5, CS6, CC, CC 2015.5, CC 2017, CC 2018, CC 2019+<\/strong><\/p>\n<p><a href=\"https:\/\/www.youtube.com\/watch?v=FDW8dtz8-ng\" target=\"_blank\" rel=\"noopener\">Lernprogramm<\/a><\/p>\n<p>&nbsp;<\/p>\n<p><strong>Wichtig zu wissen<\/strong><\/p>\n<ul>\n<li>Stellen Sie sicher, dass Sie die verwenden\u00a0<a href=\"https:\/\/graphimarket.com\/de\/2021\/01\/12\/change-the-language-of-your-creative-cloud-apps\/\" target=\"_blank\" rel=\"noopener\">Englische Version von Photoshop<\/a>\u00a0um die Aktion auszuf\u00fchren. Alle Sevenstyles-Aktionen funktionieren nur in der englischen Version von Photoshop.<\/li>\n<\/ul>\n<ul>\n<li>\u00dcberpr\u00fcfen Sie, ob Sie eine von der Aktion unterst\u00fctzte Version von Photoshop verwenden.<\/li>\n<\/ul>\n<ul>\n<li>Verwenden Sie mit der Aktion hochaufl\u00f6sende Fotos, um die besten Ergebnisse zu erzielen und Fehler zu vermeiden. Eine optimale Fotoaufl\u00f6sung liegt zwischen 2000px und 4500px.<\/li>\n<\/ul>\n<ul>\n<li>Mit Adobe Creative Cloud k\u00f6nnen Sie installieren\u00a0<a href=\"https:\/\/graphimarket.com\/de\/2021\/01\/12\/how-to-install-previous-versions-of-your-creative-cloud-apps\/\" target=\"_blank\" rel=\"noopener\">mehrere Versionen von Photoshop<\/a>. Wenn Ihnen diese Aktion gef\u00e4llt, sie jedoch in Ihrer Photoshop-Version nicht unterst\u00fctzt wird, k\u00f6nnen Sie jederzeit eine zus\u00e4tzliche Version von Photoshop installieren, um die Aktion auszuf\u00fchren. Sobald eine Aktion getestet wurde und an einer Version von Photoshop arbeitet, funktioniert sie f\u00fcr immer.<\/li>\n<\/ul>\n<ul>\n<li>Verwenden Sie JPEG-Bilder, um die Aktion auszuf\u00fchren. Andere Dateitypen wie TIFF, BMP, PNG, PSD k\u00f6nnen Probleme mit Aktionen verursachen, da Photoshop verschiedene Funktionen f\u00fcr verschiedene Dateitypen deaktiviert.<\/li>\n<\/ul>\n<ul>\n<li>Wenn eine Sevenstyles-Aktion eine Pinsel- (.abr), Muster- (.pat) oder Shapes- (.csh) Datei im Download enth\u00e4lt, muss sie vor dem Abspielen der Aktion in Photoshop geladen werden.<\/li>\n<\/ul>\n<ul>\n<li>Vermeiden Sie die Verwendung der Aktion f\u00fcr Logos oder Bilder im ClipArt-Stil, da der Mangel an Details und Farbkontrasten zu Fehlern f\u00fchren kann.<\/li>\n<\/ul>\n<p><img fetchpriority=\"high\" decoding=\"async\" class=\"alignnone size-full wp-image-15422\" src=\"https:\/\/graphimarket.com\/wp-content\/uploads\/2021\/01\/ANGLE1.jpg\" alt=\"\" width=\"1587\" height=\"2380\" srcset=\"https:\/\/graphimarket.com\/wp-content\/uploads\/2021\/01\/ANGLE1.jpg 1587w, https:\/\/graphimarket.com\/wp-content\/uploads\/2021\/01\/ANGLE1-200x300.jpg 200w, https:\/\/graphimarket.com\/wp-content\/uploads\/2021\/01\/ANGLE1-683x1024.jpg 683w, https:\/\/graphimarket.com\/wp-content\/uploads\/2021\/01\/ANGLE1-768x1152.jpg 768w, https:\/\/graphimarket.com\/wp-content\/uploads\/2021\/01\/ANGLE1-1024x1536.jpg 1024w, https:\/\/graphimarket.com\/wp-content\/uploads\/2021\/01\/ANGLE1-1366x2048.jpg 1366w, https:\/\/graphimarket.com\/wp-content\/uploads\/2021\/01\/ANGLE1-8x12.jpg 8w, https:\/\/graphimarket.com\/wp-content\/uploads\/2021\/01\/ANGLE1-1320x1980.jpg 1320w, https:\/\/graphimarket.com\/wp-content\/uploads\/2021\/01\/ANGLE1-600x900.jpg 600w\" sizes=\"(max-width: 1587px) 100vw, 1587px\" \/> <img decoding=\"async\" class=\"alignnone size-full wp-image-15423\" src=\"https:\/\/graphimarket.com\/wp-content\/uploads\/2021\/01\/ANGLE2.jpg\" alt=\"\" width=\"1587\" height=\"2380\" srcset=\"https:\/\/graphimarket.com\/wp-content\/uploads\/2021\/01\/ANGLE2.jpg 1587w, https:\/\/graphimarket.com\/wp-content\/uploads\/2021\/01\/ANGLE2-200x300.jpg 200w, https:\/\/graphimarket.com\/wp-content\/uploads\/2021\/01\/ANGLE2-683x1024.jpg 683w, https:\/\/graphimarket.com\/wp-content\/uploads\/2021\/01\/ANGLE2-768x1152.jpg 768w, https:\/\/graphimarket.com\/wp-content\/uploads\/2021\/01\/ANGLE2-1024x1536.jpg 1024w, https:\/\/graphimarket.com\/wp-content\/uploads\/2021\/01\/ANGLE2-1366x2048.jpg 1366w, https:\/\/graphimarket.com\/wp-content\/uploads\/2021\/01\/ANGLE2-8x12.jpg 8w, https:\/\/graphimarket.com\/wp-content\/uploads\/2021\/01\/ANGLE2-1320x1980.jpg 1320w, https:\/\/graphimarket.com\/wp-content\/uploads\/2021\/01\/ANGLE2-600x900.jpg 600w\" sizes=\"(max-width: 1587px) 100vw, 1587px\" \/> <img decoding=\"async\" class=\"alignnone size-full wp-image-15424\" src=\"https:\/\/graphimarket.com\/wp-content\/uploads\/2021\/01\/ANGLE5.jpg\" alt=\"\" width=\"1587\" height=\"2380\" srcset=\"https:\/\/graphimarket.com\/wp-content\/uploads\/2021\/01\/ANGLE5.jpg 1587w, https:\/\/graphimarket.com\/wp-content\/uploads\/2021\/01\/ANGLE5-200x300.jpg 200w, https:\/\/graphimarket.com\/wp-content\/uploads\/2021\/01\/ANGLE5-683x1024.jpg 683w, https:\/\/graphimarket.com\/wp-content\/uploads\/2021\/01\/ANGLE5-768x1152.jpg 768w, https:\/\/graphimarket.com\/wp-content\/uploads\/2021\/01\/ANGLE5-1024x1536.jpg 1024w, https:\/\/graphimarket.com\/wp-content\/uploads\/2021\/01\/ANGLE5-1366x2048.jpg 1366w, https:\/\/graphimarket.com\/wp-content\/uploads\/2021\/01\/ANGLE5-8x12.jpg 8w, https:\/\/graphimarket.com\/wp-content\/uploads\/2021\/01\/ANGLE5-1320x1980.jpg 1320w, https:\/\/graphimarket.com\/wp-content\/uploads\/2021\/01\/ANGLE5-600x900.jpg 600w\" sizes=\"(max-width: 1587px) 100vw, 1587px\" \/> <img loading=\"lazy\" decoding=\"async\" class=\"alignnone size-full wp-image-15425\" src=\"https:\/\/graphimarket.com\/wp-content\/uploads\/2021\/01\/GuyBlackOutfitStand.jpg\" alt=\"\" width=\"1533\" height=\"2299\" srcset=\"https:\/\/graphimarket.com\/wp-content\/uploads\/2021\/01\/GuyBlackOutfitStand.jpg 1533w, https:\/\/graphimarket.com\/wp-content\/uploads\/2021\/01\/GuyBlackOutfitStand-200x300.jpg 200w, https:\/\/graphimarket.com\/wp-content\/uploads\/2021\/01\/GuyBlackOutfitStand-683x1024.jpg 683w, https:\/\/graphimarket.com\/wp-content\/uploads\/2021\/01\/GuyBlackOutfitStand-768x1152.jpg 768w, https:\/\/graphimarket.com\/wp-content\/uploads\/2021\/01\/GuyBlackOutfitStand-1024x1536.jpg 1024w, https:\/\/graphimarket.com\/wp-content\/uploads\/2021\/01\/GuyBlackOutfitStand-1366x2048.jpg 1366w, https:\/\/graphimarket.com\/wp-content\/uploads\/2021\/01\/GuyBlackOutfitStand-8x12.jpg 8w, https:\/\/graphimarket.com\/wp-content\/uploads\/2021\/01\/GuyBlackOutfitStand-1320x1980.jpg 1320w, https:\/\/graphimarket.com\/wp-content\/uploads\/2021\/01\/GuyBlackOutfitStand-600x900.jpg 600w\" sizes=\"(max-width: 1533px) 100vw, 1533px\" \/> <img loading=\"lazy\" decoding=\"async\" class=\"alignnone size-full wp-image-15426\" src=\"https:\/\/graphimarket.com\/wp-content\/uploads\/2021\/01\/Knight.jpg\" alt=\"\" width=\"2299\" height=\"1839\" srcset=\"https:\/\/graphimarket.com\/wp-content\/uploads\/2021\/01\/Knight.jpg 2299w, https:\/\/graphimarket.com\/wp-content\/uploads\/2021\/01\/Knight-300x240.jpg 300w, https:\/\/graphimarket.com\/wp-content\/uploads\/2021\/01\/Knight-1024x819.jpg 1024w, https:\/\/graphimarket.com\/wp-content\/uploads\/2021\/01\/Knight-768x614.jpg 768w, https:\/\/graphimarket.com\/wp-content\/uploads\/2021\/01\/Knight-1536x1229.jpg 1536w, https:\/\/graphimarket.com\/wp-content\/uploads\/2021\/01\/Knight-2048x1638.jpg 2048w, https:\/\/graphimarket.com\/wp-content\/uploads\/2021\/01\/Knight-16x12.jpg 16w, https:\/\/graphimarket.com\/wp-content\/uploads\/2021\/01\/Knight-1320x1056.jpg 1320w, https:\/\/graphimarket.com\/wp-content\/uploads\/2021\/01\/Knight-600x480.jpg 600w\" sizes=\"(max-width: 2299px) 100vw, 2299px\" \/> <img loading=\"lazy\" decoding=\"async\" class=\"alignnone size-full wp-image-15427\" src=\"https:\/\/graphimarket.com\/wp-content\/uploads\/2021\/01\/LeatherJacketGirlCrouch.jpg\" alt=\"\" width=\"1732\" height=\"1152\" srcset=\"https:\/\/graphimarket.com\/wp-content\/uploads\/2021\/01\/LeatherJacketGirlCrouch.jpg 1732w, https:\/\/graphimarket.com\/wp-content\/uploads\/2021\/01\/LeatherJacketGirlCrouch-300x200.jpg 300w, https:\/\/graphimarket.com\/wp-content\/uploads\/2021\/01\/LeatherJacketGirlCrouch-1024x681.jpg 1024w, https:\/\/graphimarket.com\/wp-content\/uploads\/2021\/01\/LeatherJacketGirlCrouch-768x511.jpg 768w, https:\/\/graphimarket.com\/wp-content\/uploads\/2021\/01\/LeatherJacketGirlCrouch-1536x1022.jpg 1536w, https:\/\/graphimarket.com\/wp-content\/uploads\/2021\/01\/LeatherJacketGirlCrouch-16x12.jpg 16w, https:\/\/graphimarket.com\/wp-content\/uploads\/2021\/01\/LeatherJacketGirlCrouch-1320x878.jpg 1320w, https:\/\/graphimarket.com\/wp-content\/uploads\/2021\/01\/LeatherJacketGirlCrouch-600x399.jpg 600w\" sizes=\"(max-width: 1732px) 100vw, 1732px\" \/><\/p>","protected":false},"excerpt":{"rendered":"<p>Blizzard Photoshop Action Create intense blizzard scenes on your photos with only a few clicks! The action has been tested and working on Photoshop\u00a0CS4,CS5,CS6,CC,CC 2015.5, CC 2017, CC 2018, CC 2019+ Tutorial &nbsp; Important to know Make sure you are using the\u00a0English version of Photoshop\u00a0to run the Action on. All Sevenstyles Actions will only work [&hellip;]<\/p>\n","protected":false},"featured_media":15426,"comment_status":"open","ping_status":"closed","template":"","meta":{"site-sidebar-layout":"default","site-content-layout":"default","ast-site-content-layout":"default","site-content-style":"default","site-sidebar-style":"default","ast-global-header-display":"","ast-banner-title-visibility":"","ast-main-header-display":"","ast-hfb-above-header-display":"","ast-hfb-below-header-display":"","ast-hfb-mobile-header-display":"","site-post-title":"","ast-breadcrumbs-content":"","ast-featured-img":"","footer-sml-layout":"","ast-disable-related-posts":"","theme-transparent-header-meta":"default","adv-header-id-meta":"","stick-header-meta":"","header-above-stick-meta":"","header-main-stick-meta":"","header-below-stick-meta":"","astra-migrate-meta-layouts":"default","ast-page-background-enabled":"default","ast-page-background-meta":{"desktop":{"background-color":"","background-image":"","background-repeat":"repeat","background-position":"center center","background-size":"auto","background-attachment":"scroll","background-type":"","background-media":"","overlay-type":"","overlay-color":"","overlay-opacity":"","overlay-gradient":""},"tablet":{"background-color":"","background-image":"","background-repeat":"repeat","background-position":"center center","background-size":"auto","background-attachment":"scroll","background-type":"","background-media":"","overlay-type":"","overlay-color":"","overlay-opacity":"","overlay-gradient":""},"mobile":{"background-color":"","background-image":"","background-repeat":"repeat","background-position":"center center","background-size":"auto","background-attachment":"scroll","background-type":"","background-media":"","overlay-type":"","overlay-color":"","overlay-opacity":"","overlay-gradient":""}},"ast-content-background-meta":{"desktop":{"background-color":"var(--ast-global-color-5)","background-image":"","background-repeat":"repeat","background-position":"center center","background-size":"auto","background-attachment":"scroll","background-type":"","background-media":"","overlay-type":"","overlay-color":"","overlay-opacity":"","overlay-gradient":""},"tablet":{"background-color":"var(--ast-global-color-5)","background-image":"","background-repeat":"repeat","background-position":"center center","background-size":"auto","background-attachment":"scroll","background-type":"","background-media":"","overlay-type":"","overlay-color":"","overlay-opacity":"","overlay-gradient":""},"mobile":{"background-color":"var(--ast-global-color-5)","background-image":"","background-repeat":"repeat","background-position":"center center","background-size":"auto","background-attachment":"scroll","background-type":"","background-media":"","overlay-type":"","overlay-color":"","overlay-opacity":"","overlay-gradient":""}}},"product_brand":[],"product_cat":[195,146],"product_tag":[292,1854,62],"class_list":{"0":"post-15421","1":"product","2":"type-product","3":"status-publish","4":"has-post-thumbnail","6":"product_cat-photoshop","7":"product_cat-photoshop-action","8":"product_tag-action","9":"product_tag-blizzard","10":"product_tag-photoshop","11":"desktop-align-left","12":"tablet-align-left","13":"mobile-align-left","15":"first","16":"instock","17":"sale","18":"downloadable","19":"virtual","20":"taxable","21":"purchasable","22":"product-type-simple"},"yoast_head":"<!-- This site is optimized with the Yoast SEO plugin v27.3 - https:\/\/yoast.com\/product\/yoast-seo-wordpress\/ -->\n<title>Blizzard Photoshop Action - Graphimarket<\/title>\n<meta name=\"description\" content=\"Create intense blizzard scenes on your photos with only a few clicks!The action has been tested and working on Photoshop....\" \/>\n<meta name=\"robots\" content=\"index, follow, max-snippet:-1, max-image-preview:large, max-video-preview:-1\" \/>\n<link rel=\"canonical\" href=\"https:\/\/graphimarket.com\/de\/product\/blizzard-photoshop-action\/\" \/>\n<meta property=\"og:locale\" content=\"de_DE\" \/>\n<meta property=\"og:type\" content=\"article\" \/>\n<meta property=\"og:title\" content=\"Blizzard Photoshop Action - Graphimarket\" \/>\n<meta property=\"og:description\" content=\"Create intense blizzard scenes on your photos with only a few clicks!The action has been tested and working on Photoshop....\" \/>\n<meta property=\"og:url\" content=\"https:\/\/graphimarket.com\/de\/product\/blizzard-photoshop-action\/\" \/>\n<meta property=\"og:site_name\" content=\"Graphimarket\" \/>\n<meta property=\"article:modified_time\" content=\"2024-03-01T14:09:40+00:00\" \/>\n<meta property=\"og:image\" content=\"https:\/\/graphimarket.com\/wp-content\/uploads\/2021\/01\/Knight.jpg\" \/>\n\t<meta property=\"og:image:width\" content=\"2299\" \/>\n\t<meta property=\"og:image:height\" content=\"1839\" \/>\n\t<meta property=\"og:image:type\" content=\"image\/jpeg\" \/>\n<meta name=\"twitter:card\" content=\"summary_large_image\" \/>\n<meta name=\"twitter:label1\" content=\"Est. reading time\" \/>\n\t<meta name=\"twitter:data1\" content=\"1 minute\" \/>\n<script type=\"application\/ld+json\" class=\"yoast-schema-graph\">{\"@context\":\"https:\\\/\\\/schema.org\",\"@graph\":[{\"@type\":\"WebPage\",\"@id\":\"https:\\\/\\\/graphimarket.com\\\/fr\\\/product\\\/blizzard-photoshop-action\\\/\",\"url\":\"https:\\\/\\\/graphimarket.com\\\/fr\\\/product\\\/blizzard-photoshop-action\\\/\",\"name\":\"Blizzard Photoshop Action - Graphimarket\",\"isPartOf\":{\"@id\":\"https:\\\/\\\/graphimarket.com\\\/fr\\\/#website\"},\"primaryImageOfPage\":{\"@id\":\"https:\\\/\\\/graphimarket.com\\\/fr\\\/product\\\/blizzard-photoshop-action\\\/#primaryimage\"},\"image\":{\"@id\":\"https:\\\/\\\/graphimarket.com\\\/fr\\\/product\\\/blizzard-photoshop-action\\\/#primaryimage\"},\"thumbnailUrl\":\"https:\\\/\\\/graphimarket.com\\\/wp-content\\\/uploads\\\/2021\\\/01\\\/Knight.jpg\",\"datePublished\":\"2021-01-19T15:21:13+00:00\",\"dateModified\":\"2024-03-01T14:09:40+00:00\",\"description\":\"Create intense blizzard scenes on your photos with only a few clicks!The action has been tested and working on Photoshop....\",\"breadcrumb\":{\"@id\":\"https:\\\/\\\/graphimarket.com\\\/fr\\\/product\\\/blizzard-photoshop-action\\\/#breadcrumb\"},\"inLanguage\":\"de-DE\",\"potentialAction\":[{\"@type\":\"ReadAction\",\"target\":[\"https:\\\/\\\/graphimarket.com\\\/fr\\\/product\\\/blizzard-photoshop-action\\\/\"]}]},{\"@type\":\"ImageObject\",\"inLanguage\":\"de-DE\",\"@id\":\"https:\\\/\\\/graphimarket.com\\\/fr\\\/product\\\/blizzard-photoshop-action\\\/#primaryimage\",\"url\":\"https:\\\/\\\/graphimarket.com\\\/wp-content\\\/uploads\\\/2021\\\/01\\\/Knight.jpg\",\"contentUrl\":\"https:\\\/\\\/graphimarket.com\\\/wp-content\\\/uploads\\\/2021\\\/01\\\/Knight.jpg\",\"width\":2299,\"height\":1839},{\"@type\":\"BreadcrumbList\",\"@id\":\"https:\\\/\\\/graphimarket.com\\\/fr\\\/product\\\/blizzard-photoshop-action\\\/#breadcrumb\",\"itemListElement\":[{\"@type\":\"ListItem\",\"position\":1,\"name\":\"Home\",\"item\":\"https:\\\/\\\/graphimarket.com\\\/es\\\/\"},{\"@type\":\"ListItem\",\"position\":2,\"name\":\"Store\",\"item\":\"https:\\\/\\\/graphimarket.com\\\/store\\\/\"},{\"@type\":\"ListItem\",\"position\":3,\"name\":\"Blizzard Photoshop Action\"}]},{\"@type\":\"WebSite\",\"@id\":\"https:\\\/\\\/graphimarket.com\\\/fr\\\/#website\",\"url\":\"https:\\\/\\\/graphimarket.com\\\/fr\\\/\",\"name\":\"Graphimarket\",\"description\":\"Find the perfect creative asset to bring your project to life\",\"publisher\":{\"@id\":\"https:\\\/\\\/graphimarket.com\\\/fr\\\/#organization\"},\"potentialAction\":[{\"@type\":\"SearchAction\",\"target\":{\"@type\":\"EntryPoint\",\"urlTemplate\":\"https:\\\/\\\/graphimarket.com\\\/fr\\\/?s={search_term_string}\"},\"query-input\":{\"@type\":\"PropertyValueSpecification\",\"valueRequired\":true,\"valueName\":\"search_term_string\"}}],\"inLanguage\":\"de-DE\"},{\"@type\":\"Organization\",\"@id\":\"https:\\\/\\\/graphimarket.com\\\/fr\\\/#organization\",\"name\":\"Graphimarket\",\"url\":\"https:\\\/\\\/graphimarket.com\\\/fr\\\/\",\"logo\":{\"@type\":\"ImageObject\",\"inLanguage\":\"de-DE\",\"@id\":\"https:\\\/\\\/graphimarket.com\\\/fr\\\/#\\\/schema\\\/logo\\\/image\\\/\",\"url\":\"https:\\\/\\\/graphimarket.com\\\/wp-content\\\/uploads\\\/2020\\\/08\\\/logo-48.png\",\"contentUrl\":\"https:\\\/\\\/graphimarket.com\\\/wp-content\\\/uploads\\\/2020\\\/08\\\/logo-48.png\",\"width\":132,\"height\":48,\"caption\":\"Graphimarket\"},\"image\":{\"@id\":\"https:\\\/\\\/graphimarket.com\\\/fr\\\/#\\\/schema\\\/logo\\\/image\\\/\"}}]}<\/script>\n<!-- \/ Yoast SEO plugin. -->","yoast_head_json":{"title":"Blizzard Photoshop Action - Graphimarket","description":"Create intense blizzard scenes on your photos with only a few clicks!The action has been tested and working on Photoshop....","robots":{"index":"index","follow":"follow","max-snippet":"max-snippet:-1","max-image-preview":"max-image-preview:large","max-video-preview":"max-video-preview:-1"},"canonical":"https:\/\/graphimarket.com\/de\/product\/blizzard-photoshop-action\/","og_locale":"de_DE","og_type":"article","og_title":"Blizzard Photoshop Action - Graphimarket","og_description":"Create intense blizzard scenes on your photos with only a few clicks!The action has been tested and working on Photoshop....","og_url":"https:\/\/graphimarket.com\/de\/product\/blizzard-photoshop-action\/","og_site_name":"Graphimarket","article_modified_time":"2024-03-01T14:09:40+00:00","og_image":[{"width":2299,"height":1839,"url":"https:\/\/graphimarket.com\/wp-content\/uploads\/2021\/01\/Knight.jpg","type":"image\/jpeg"}],"twitter_card":"summary_large_image","twitter_misc":{"Est. reading time":"1 minute"},"schema":{"@context":"https:\/\/schema.org","@graph":[{"@type":"WebPage","@id":"https:\/\/graphimarket.com\/fr\/product\/blizzard-photoshop-action\/","url":"https:\/\/graphimarket.com\/fr\/product\/blizzard-photoshop-action\/","name":"Blizzard Photoshop Action - Graphimarket","isPartOf":{"@id":"https:\/\/graphimarket.com\/fr\/#website"},"primaryImageOfPage":{"@id":"https:\/\/graphimarket.com\/fr\/product\/blizzard-photoshop-action\/#primaryimage"},"image":{"@id":"https:\/\/graphimarket.com\/fr\/product\/blizzard-photoshop-action\/#primaryimage"},"thumbnailUrl":"https:\/\/graphimarket.com\/wp-content\/uploads\/2021\/01\/Knight.jpg","datePublished":"2021-01-19T15:21:13+00:00","dateModified":"2024-03-01T14:09:40+00:00","description":"Create intense blizzard scenes on your photos with only a few clicks!The action has been tested and working on Photoshop....","breadcrumb":{"@id":"https:\/\/graphimarket.com\/fr\/product\/blizzard-photoshop-action\/#breadcrumb"},"inLanguage":"de-DE","potentialAction":[{"@type":"ReadAction","target":["https:\/\/graphimarket.com\/fr\/product\/blizzard-photoshop-action\/"]}]},{"@type":"ImageObject","inLanguage":"de-DE","@id":"https:\/\/graphimarket.com\/fr\/product\/blizzard-photoshop-action\/#primaryimage","url":"https:\/\/graphimarket.com\/wp-content\/uploads\/2021\/01\/Knight.jpg","contentUrl":"https:\/\/graphimarket.com\/wp-content\/uploads\/2021\/01\/Knight.jpg","width":2299,"height":1839},{"@type":"BreadcrumbList","@id":"https:\/\/graphimarket.com\/fr\/product\/blizzard-photoshop-action\/#breadcrumb","itemListElement":[{"@type":"ListItem","position":1,"name":"Home","item":"https:\/\/graphimarket.com\/es\/"},{"@type":"ListItem","position":2,"name":"Store","item":"https:\/\/graphimarket.com\/store\/"},{"@type":"ListItem","position":3,"name":"Blizzard Photoshop Action"}]},{"@type":"WebSite","@id":"https:\/\/graphimarket.com\/fr\/#website","url":"https:\/\/graphimarket.com\/fr\/","name":"Graphimarket","description":"Finden Sie das perfekte kreative Kapital, um Ihr Projekt zum Leben zu erwecken","publisher":{"@id":"https:\/\/graphimarket.com\/fr\/#organization"},"potentialAction":[{"@type":"SearchAction","target":{"@type":"EntryPoint","urlTemplate":"https:\/\/graphimarket.com\/fr\/?s={search_term_string}"},"query-input":{"@type":"PropertyValueSpecification","valueRequired":true,"valueName":"search_term_string"}}],"inLanguage":"de-DE"},{"@type":"Organization","@id":"https:\/\/graphimarket.com\/fr\/#organization","name":"Graphimarket","url":"https:\/\/graphimarket.com\/fr\/","logo":{"@type":"ImageObject","inLanguage":"de-DE","@id":"https:\/\/graphimarket.com\/fr\/#\/schema\/logo\/image\/","url":"https:\/\/graphimarket.com\/wp-content\/uploads\/2020\/08\/logo-48.png","contentUrl":"https:\/\/graphimarket.com\/wp-content\/uploads\/2020\/08\/logo-48.png","width":132,"height":48,"caption":"Graphimarket"},"image":{"@id":"https:\/\/graphimarket.com\/fr\/#\/schema\/logo\/image\/"}}]}},"_links":{"self":[{"href":"http:\/\/graphimarket.com\/de\/wp-json\/wp\/v2\/product\/15421","targetHints":{"allow":["GET"]}}],"collection":[{"href":"http:\/\/graphimarket.com\/de\/wp-json\/wp\/v2\/product"}],"about":[{"href":"http:\/\/graphimarket.com\/de\/wp-json\/wp\/v2\/types\/product"}],"replies":[{"embeddable":true,"href":"http:\/\/graphimarket.com\/de\/wp-json\/wp\/v2\/comments?post=15421"}],"version-history":[{"count":0,"href":"http:\/\/graphimarket.com\/de\/wp-json\/wp\/v2\/product\/15421\/revisions"}],"wp:featuredmedia":[{"embeddable":true,"href":"http:\/\/graphimarket.com\/de\/wp-json\/wp\/v2\/media\/15426"}],"wp:attachment":[{"href":"http:\/\/graphimarket.com\/de\/wp-json\/wp\/v2\/media?parent=15421"}],"wp:term":[{"taxonomy":"product_brand","embeddable":true,"href":"http:\/\/graphimarket.com\/de\/wp-json\/wp\/v2\/product_brand?post=15421"},{"taxonomy":"product_cat","embeddable":true,"href":"http:\/\/graphimarket.com\/de\/wp-json\/wp\/v2\/product_cat?post=15421"},{"taxonomy":"product_tag","embeddable":true,"href":"http:\/\/graphimarket.com\/de\/wp-json\/wp\/v2\/product_tag?post=15421"}],"curies":[{"name":"wp","href":"https:\/\/api.w.org\/{rel}","templated":true}]}}