{"id":15659,"date":"2021-01-29T15:29:56","date_gmt":"2021-01-29T14:29:56","guid":{"rendered":"https:\/\/graphimarket.com\/?post_type=product&#038;p=15659"},"modified":"2026-04-08T22:39:14","modified_gmt":"2026-04-08T20:39:14","slug":"realistic-embroidery-photoshop-actions","status":"publish","type":"product","link":"http:\/\/graphimarket.com\/de\/product\/realistic-embroidery-photoshop-actions\/","title":{"rendered":"Realistische Stickerei - Photoshop-Aktionen"},"content":{"rendered":"<h3 id=\"item-description__realistic-embroidery-v2-photoshop-actions\"><strong>Realistische Stickerei V2 - Photoshop-Aktionen<\/strong><\/h3>\n<p>Verwandeln Sie Ihren Text oder Ihr Logo mit wenigen Klicks in ein realistisches gesticktes \/ gen\u00e4htes Element.<\/p>\n<ul>\n<li>4 Aktionen, 3 verschiedene Materialien, 9 Stile, 15 Pinsel<\/li>\n<li>Jetzt mit unendlicher F\u00fcllfunktion!<\/li>\n<li>Entwickelt und getestet in einer professionellen Produktionsumgebung<\/li>\n<li>Fotorealistischer und sauberer Effekt<\/li>\n<li>Einfach und macht Spa\u00df<\/li>\n<li>Schnell anzupassen<\/li>\n<li>Sehr vielseitig geeignet f\u00fcr viele Stile<\/li>\n<li>Hohe Aufl\u00f6sung und Detailgenauigkeit, geeignet f\u00fcr Druck und andere Zwecke<\/li>\n<li>Hervorragend geeignet f\u00fcr Modelle, Grafiken, Logos, Texte oder Abzeichen<\/li>\n<li>Alle Ebenen sind gut organisiert und in einem Smart-Objekt verpackt<\/li>\n<li>3 hochaufl\u00f6sende Bonushintergr\u00fcnde, blauer Denim, schwarze Jeans und wei\u00dfer Stoff<\/li>\n<\/ul>\n<p><a href=\"https:\/\/www.youtube.com\/watch?v=e4Ji_162EWw\" target=\"_blank\" rel=\"noopener\">LERNPROGRAMM<\/a><\/p>\n<p><img fetchpriority=\"high\" decoding=\"async\" class=\"alignnone size-full wp-image-15660\" src=\"https:\/\/graphimarket.com\/wp-content\/uploads\/2021\/01\/01_multicolorlogo.jpg\" alt=\"\" width=\"900\" height=\"506\" srcset=\"https:\/\/graphimarket.com\/wp-content\/uploads\/2021\/01\/01_multicolorlogo.jpg 900w, https:\/\/graphimarket.com\/wp-content\/uploads\/2021\/01\/01_multicolorlogo-300x169.jpg 300w, https:\/\/graphimarket.com\/wp-content\/uploads\/2021\/01\/01_multicolorlogo-768x432.jpg 768w, https:\/\/graphimarket.com\/wp-content\/uploads\/2021\/01\/01_multicolorlogo-16x9.jpg 16w, https:\/\/graphimarket.com\/wp-content\/uploads\/2021\/01\/01_multicolorlogo-600x337.jpg 600w\" sizes=\"(max-width: 900px) 100vw, 900px\" \/> <img decoding=\"async\" class=\"alignnone size-full wp-image-15661\" src=\"https:\/\/graphimarket.com\/wp-content\/uploads\/2021\/01\/02_royalgold.jpg\" alt=\"\" width=\"900\" height=\"506\" srcset=\"https:\/\/graphimarket.com\/wp-content\/uploads\/2021\/01\/02_royalgold.jpg 900w, https:\/\/graphimarket.com\/wp-content\/uploads\/2021\/01\/02_royalgold-300x169.jpg 300w, https:\/\/graphimarket.com\/wp-content\/uploads\/2021\/01\/02_royalgold-768x432.jpg 768w, https:\/\/graphimarket.com\/wp-content\/uploads\/2021\/01\/02_royalgold-16x9.jpg 16w, https:\/\/graphimarket.com\/wp-content\/uploads\/2021\/01\/02_royalgold-600x337.jpg 600w\" sizes=\"(max-width: 900px) 100vw, 900px\" \/> <img decoding=\"async\" class=\"alignnone size-full wp-image-15662\" src=\"https:\/\/graphimarket.com\/wp-content\/uploads\/2021\/01\/03_stylewars.jpg\" alt=\"\" width=\"900\" height=\"506\" srcset=\"https:\/\/graphimarket.com\/wp-content\/uploads\/2021\/01\/03_stylewars.jpg 900w, https:\/\/graphimarket.com\/wp-content\/uploads\/2021\/01\/03_stylewars-300x169.jpg 300w, https:\/\/graphimarket.com\/wp-content\/uploads\/2021\/01\/03_stylewars-768x432.jpg 768w, https:\/\/graphimarket.com\/wp-content\/uploads\/2021\/01\/03_stylewars-16x9.jpg 16w, https:\/\/graphimarket.com\/wp-content\/uploads\/2021\/01\/03_stylewars-600x337.jpg 600w\" sizes=\"(max-width: 900px) 100vw, 900px\" \/> <img loading=\"lazy\" decoding=\"async\" class=\"alignnone size-full wp-image-15663\" src=\"https:\/\/graphimarket.com\/wp-content\/uploads\/2021\/01\/04_greenhand.jpg\" alt=\"\" width=\"900\" height=\"506\" srcset=\"https:\/\/graphimarket.com\/wp-content\/uploads\/2021\/01\/04_greenhand.jpg 900w, https:\/\/graphimarket.com\/wp-content\/uploads\/2021\/01\/04_greenhand-300x169.jpg 300w, https:\/\/graphimarket.com\/wp-content\/uploads\/2021\/01\/04_greenhand-768x432.jpg 768w, https:\/\/graphimarket.com\/wp-content\/uploads\/2021\/01\/04_greenhand-16x9.jpg 16w, https:\/\/graphimarket.com\/wp-content\/uploads\/2021\/01\/04_greenhand-600x337.jpg 600w\" sizes=\"(max-width: 900px) 100vw, 900px\" \/> <img loading=\"lazy\" decoding=\"async\" class=\"alignnone size-full wp-image-15664\" src=\"https:\/\/graphimarket.com\/wp-content\/uploads\/2021\/01\/01_multicolorlogo-1.jpg\" alt=\"\" width=\"900\" height=\"506\" srcset=\"https:\/\/graphimarket.com\/wp-content\/uploads\/2021\/01\/01_multicolorlogo-1.jpg 900w, https:\/\/graphimarket.com\/wp-content\/uploads\/2021\/01\/01_multicolorlogo-1-300x169.jpg 300w, https:\/\/graphimarket.com\/wp-content\/uploads\/2021\/01\/01_multicolorlogo-1-768x432.jpg 768w, https:\/\/graphimarket.com\/wp-content\/uploads\/2021\/01\/01_multicolorlogo-1-16x9.jpg 16w, https:\/\/graphimarket.com\/wp-content\/uploads\/2021\/01\/01_multicolorlogo-1-600x337.jpg 600w\" sizes=\"(max-width: 900px) 100vw, 900px\" \/><\/p>","protected":false},"excerpt":{"rendered":"<p>Realistic Embroidery V2 \u2013 Photoshop Actions Transform your Text or Logo in a Realistic Embroidered \/ Stitched element in few clicks. 4 Actions, 3 different materials, 9 Styles, 15 Brushes Now with infinite fill feature! Developed and tested in a professional production enviroment Photorealistic and clean effect Easy and fun to use Quick to customize [&hellip;]<\/p>\n","protected":false},"featured_media":15661,"comment_status":"open","ping_status":"closed","template":"","meta":{"site-sidebar-layout":"default","site-content-layout":"default","ast-site-content-layout":"default","site-content-style":"default","site-sidebar-style":"default","ast-global-header-display":"","ast-banner-title-visibility":"","ast-main-header-display":"","ast-hfb-above-header-display":"","ast-hfb-below-header-display":"","ast-hfb-mobile-header-display":"","site-post-title":"","ast-breadcrumbs-content":"","ast-featured-img":"","footer-sml-layout":"","ast-disable-related-posts":"","theme-transparent-header-meta":"default","adv-header-id-meta":"","stick-header-meta":"","header-above-stick-meta":"","header-main-stick-meta":"","header-below-stick-meta":"","astra-migrate-meta-layouts":"default","ast-page-background-enabled":"default","ast-page-background-meta":{"desktop":{"background-color":"","background-image":"","background-repeat":"repeat","background-position":"center center","background-size":"auto","background-attachment":"scroll","background-type":"","background-media":"","overlay-type":"","overlay-color":"","overlay-opacity":"","overlay-gradient":""},"tablet":{"background-color":"","background-image":"","background-repeat":"repeat","background-position":"center center","background-size":"auto","background-attachment":"scroll","background-type":"","background-media":"","overlay-type":"","overlay-color":"","overlay-opacity":"","overlay-gradient":""},"mobile":{"background-color":"","background-image":"","background-repeat":"repeat","background-position":"center center","background-size":"auto","background-attachment":"scroll","background-type":"","background-media":"","overlay-type":"","overlay-color":"","overlay-opacity":"","overlay-gradient":""}},"ast-content-background-meta":{"desktop":{"background-color":"var(--ast-global-color-5)","background-image":"","background-repeat":"repeat","background-position":"center center","background-size":"auto","background-attachment":"scroll","background-type":"","background-media":"","overlay-type":"","overlay-color":"","overlay-opacity":"","overlay-gradient":""},"tablet":{"background-color":"var(--ast-global-color-5)","background-image":"","background-repeat":"repeat","background-position":"center center","background-size":"auto","background-attachment":"scroll","background-type":"","background-media":"","overlay-type":"","overlay-color":"","overlay-opacity":"","overlay-gradient":""},"mobile":{"background-color":"var(--ast-global-color-5)","background-image":"","background-repeat":"repeat","background-position":"center center","background-size":"auto","background-attachment":"scroll","background-type":"","background-media":"","overlay-type":"","overlay-color":"","overlay-opacity":"","overlay-gradient":""}}},"product_brand":[],"product_cat":[108,195,146],"product_tag":[292,1386,688,297,62,489],"class_list":{"0":"post-15659","1":"product","2":"type-product","3":"status-publish","4":"has-post-thumbnail","6":"product_cat-logo","7":"product_cat-photoshop","8":"product_cat-photoshop-action","9":"product_tag-action","10":"product_tag-adobe","11":"product_tag-embroidery","12":"product_tag-logo","13":"product_tag-photoshop","14":"product_tag-realistic","15":"desktop-align-left","16":"tablet-align-left","17":"mobile-align-left","19":"first","20":"instock","21":"sale","22":"downloadable","23":"virtual","24":"taxable","25":"purchasable","26":"product-type-simple"},"yoast_head":"<!-- This site is optimized with the Yoast SEO plugin v27.3 - https:\/\/yoast.com\/product\/yoast-seo-wordpress\/ -->\n<title>Realistic Embroidery - Photoshop Actions - Graphimarket<\/title>\n<meta name=\"description\" content=\"Realistic Embroidery V2 \u2013 Photoshop ActionsTransform your Text or Logo in a Realistic Embroidered \/ Stitched element in few clicks...\" \/>\n<meta name=\"robots\" content=\"index, follow, max-snippet:-1, max-image-preview:large, max-video-preview:-1\" \/>\n<link rel=\"canonical\" href=\"https:\/\/graphimarket.com\/de\/prodotto\/realistic-embroidery-photoshop-actions\/\" \/>\n<meta property=\"og:locale\" content=\"de_DE\" \/>\n<meta property=\"og:type\" content=\"article\" \/>\n<meta property=\"og:title\" content=\"Realistic Embroidery - Photoshop Actions - Graphimarket\" \/>\n<meta property=\"og:description\" content=\"Realistic Embroidery V2 \u2013 Photoshop ActionsTransform your Text or Logo in a Realistic Embroidered \/ Stitched element in few clicks...\" \/>\n<meta property=\"og:url\" content=\"https:\/\/graphimarket.com\/de\/prodotto\/realistic-embroidery-photoshop-actions\/\" \/>\n<meta property=\"og:site_name\" content=\"Graphimarket\" \/>\n<meta property=\"article:modified_time\" content=\"2026-04-08T20:39:14+00:00\" \/>\n<meta property=\"og:image\" content=\"https:\/\/graphimarket.com\/wp-content\/uploads\/2021\/01\/02_royalgold.jpg\" \/>\n\t<meta property=\"og:image:width\" content=\"900\" \/>\n\t<meta property=\"og:image:height\" content=\"506\" \/>\n\t<meta property=\"og:image:type\" content=\"image\/jpeg\" \/>\n<meta name=\"twitter:card\" content=\"summary_large_image\" \/>\n<script type=\"application\/ld+json\" class=\"yoast-schema-graph\">{\"@context\":\"https:\\\/\\\/schema.org\",\"@graph\":[{\"@type\":\"WebPage\",\"@id\":\"https:\\\/\\\/graphimarket.com\\\/it\\\/prodotto\\\/realistic-embroidery-photoshop-actions\\\/\",\"url\":\"https:\\\/\\\/graphimarket.com\\\/it\\\/prodotto\\\/realistic-embroidery-photoshop-actions\\\/\",\"name\":\"Realistic Embroidery - Photoshop Actions - Graphimarket\",\"isPartOf\":{\"@id\":\"https:\\\/\\\/graphimarket.com\\\/fr\\\/#website\"},\"primaryImageOfPage\":{\"@id\":\"https:\\\/\\\/graphimarket.com\\\/it\\\/prodotto\\\/realistic-embroidery-photoshop-actions\\\/#primaryimage\"},\"image\":{\"@id\":\"https:\\\/\\\/graphimarket.com\\\/it\\\/prodotto\\\/realistic-embroidery-photoshop-actions\\\/#primaryimage\"},\"thumbnailUrl\":\"https:\\\/\\\/graphimarket.com\\\/wp-content\\\/uploads\\\/2021\\\/01\\\/02_royalgold.jpg\",\"datePublished\":\"2021-01-29T14:29:56+00:00\",\"dateModified\":\"2026-04-08T20:39:14+00:00\",\"description\":\"Realistic Embroidery V2 \u2013 Photoshop ActionsTransform your Text or Logo in a Realistic Embroidered \\\/ Stitched element in few clicks...\",\"breadcrumb\":{\"@id\":\"https:\\\/\\\/graphimarket.com\\\/it\\\/prodotto\\\/realistic-embroidery-photoshop-actions\\\/#breadcrumb\"},\"inLanguage\":\"de-DE\",\"potentialAction\":[{\"@type\":\"ReadAction\",\"target\":[\"https:\\\/\\\/graphimarket.com\\\/it\\\/prodotto\\\/realistic-embroidery-photoshop-actions\\\/\"]}]},{\"@type\":\"ImageObject\",\"inLanguage\":\"de-DE\",\"@id\":\"https:\\\/\\\/graphimarket.com\\\/it\\\/prodotto\\\/realistic-embroidery-photoshop-actions\\\/#primaryimage\",\"url\":\"https:\\\/\\\/graphimarket.com\\\/wp-content\\\/uploads\\\/2021\\\/01\\\/02_royalgold.jpg\",\"contentUrl\":\"https:\\\/\\\/graphimarket.com\\\/wp-content\\\/uploads\\\/2021\\\/01\\\/02_royalgold.jpg\",\"width\":900,\"height\":506},{\"@type\":\"BreadcrumbList\",\"@id\":\"https:\\\/\\\/graphimarket.com\\\/it\\\/prodotto\\\/realistic-embroidery-photoshop-actions\\\/#breadcrumb\",\"itemListElement\":[{\"@type\":\"ListItem\",\"position\":1,\"name\":\"Home\",\"item\":\"https:\\\/\\\/graphimarket.com\\\/es\\\/\"},{\"@type\":\"ListItem\",\"position\":2,\"name\":\"Store\",\"item\":\"https:\\\/\\\/graphimarket.com\\\/store\\\/\"},{\"@type\":\"ListItem\",\"position\":3,\"name\":\"Realistic Embroidery &#8211; Photoshop Actions\"}]},{\"@type\":\"WebSite\",\"@id\":\"https:\\\/\\\/graphimarket.com\\\/fr\\\/#website\",\"url\":\"https:\\\/\\\/graphimarket.com\\\/fr\\\/\",\"name\":\"Graphimarket\",\"description\":\"Find the perfect creative asset to bring your project to life\",\"publisher\":{\"@id\":\"https:\\\/\\\/graphimarket.com\\\/fr\\\/#organization\"},\"potentialAction\":[{\"@type\":\"SearchAction\",\"target\":{\"@type\":\"EntryPoint\",\"urlTemplate\":\"https:\\\/\\\/graphimarket.com\\\/fr\\\/?s={search_term_string}\"},\"query-input\":{\"@type\":\"PropertyValueSpecification\",\"valueRequired\":true,\"valueName\":\"search_term_string\"}}],\"inLanguage\":\"de-DE\"},{\"@type\":\"Organization\",\"@id\":\"https:\\\/\\\/graphimarket.com\\\/fr\\\/#organization\",\"name\":\"Graphimarket\",\"url\":\"https:\\\/\\\/graphimarket.com\\\/fr\\\/\",\"logo\":{\"@type\":\"ImageObject\",\"inLanguage\":\"de-DE\",\"@id\":\"https:\\\/\\\/graphimarket.com\\\/fr\\\/#\\\/schema\\\/logo\\\/image\\\/\",\"url\":\"https:\\\/\\\/graphimarket.com\\\/wp-content\\\/uploads\\\/2020\\\/08\\\/logo-48.png\",\"contentUrl\":\"https:\\\/\\\/graphimarket.com\\\/wp-content\\\/uploads\\\/2020\\\/08\\\/logo-48.png\",\"width\":132,\"height\":48,\"caption\":\"Graphimarket\"},\"image\":{\"@id\":\"https:\\\/\\\/graphimarket.com\\\/fr\\\/#\\\/schema\\\/logo\\\/image\\\/\"}}]}<\/script>\n<!-- \/ Yoast SEO plugin. -->","yoast_head_json":{"title":"Realistische Stickerei - Photoshop-Aktionen - Graphimarket","description":"Realistische Stickerei V2 - Photoshop-AktionenTransformieren Sie Ihren Text oder Ihr Logo mit wenigen Klicks in ein realistisches gesticktes \/ gen\u00e4htes Element ...","robots":{"index":"index","follow":"follow","max-snippet":"max-snippet:-1","max-image-preview":"max-image-preview:large","max-video-preview":"max-video-preview:-1"},"canonical":"https:\/\/graphimarket.com\/de\/prodotto\/realistic-embroidery-photoshop-actions\/","og_locale":"de_DE","og_type":"article","og_title":"Realistic Embroidery - Photoshop Actions - Graphimarket","og_description":"Realistic Embroidery V2 \u2013 Photoshop ActionsTransform your Text or Logo in a Realistic Embroidered \/ Stitched element in few clicks...","og_url":"https:\/\/graphimarket.com\/de\/prodotto\/realistic-embroidery-photoshop-actions\/","og_site_name":"Graphimarket","article_modified_time":"2026-04-08T20:39:14+00:00","og_image":[{"width":900,"height":506,"url":"https:\/\/graphimarket.com\/wp-content\/uploads\/2021\/01\/02_royalgold.jpg","type":"image\/jpeg"}],"twitter_card":"summary_large_image","schema":{"@context":"https:\/\/schema.org","@graph":[{"@type":"WebPage","@id":"https:\/\/graphimarket.com\/it\/prodotto\/realistic-embroidery-photoshop-actions\/","url":"https:\/\/graphimarket.com\/it\/prodotto\/realistic-embroidery-photoshop-actions\/","name":"Realistische Stickerei - Photoshop-Aktionen - Graphimarket","isPartOf":{"@id":"https:\/\/graphimarket.com\/fr\/#website"},"primaryImageOfPage":{"@id":"https:\/\/graphimarket.com\/it\/prodotto\/realistic-embroidery-photoshop-actions\/#primaryimage"},"image":{"@id":"https:\/\/graphimarket.com\/it\/prodotto\/realistic-embroidery-photoshop-actions\/#primaryimage"},"thumbnailUrl":"https:\/\/graphimarket.com\/wp-content\/uploads\/2021\/01\/02_royalgold.jpg","datePublished":"2021-01-29T14:29:56+00:00","dateModified":"2026-04-08T20:39:14+00:00","description":"Realistische Stickerei V2 - Photoshop-AktionenTransformieren Sie Ihren Text oder Ihr Logo mit wenigen Klicks in ein realistisches gesticktes \/ gen\u00e4htes Element ...","breadcrumb":{"@id":"https:\/\/graphimarket.com\/it\/prodotto\/realistic-embroidery-photoshop-actions\/#breadcrumb"},"inLanguage":"de-DE","potentialAction":[{"@type":"ReadAction","target":["https:\/\/graphimarket.com\/it\/prodotto\/realistic-embroidery-photoshop-actions\/"]}]},{"@type":"ImageObject","inLanguage":"de-DE","@id":"https:\/\/graphimarket.com\/it\/prodotto\/realistic-embroidery-photoshop-actions\/#primaryimage","url":"https:\/\/graphimarket.com\/wp-content\/uploads\/2021\/01\/02_royalgold.jpg","contentUrl":"https:\/\/graphimarket.com\/wp-content\/uploads\/2021\/01\/02_royalgold.jpg","width":900,"height":506},{"@type":"BreadcrumbList","@id":"https:\/\/graphimarket.com\/it\/prodotto\/realistic-embroidery-photoshop-actions\/#breadcrumb","itemListElement":[{"@type":"ListItem","position":1,"name":"Home","item":"https:\/\/graphimarket.com\/es\/"},{"@type":"ListItem","position":2,"name":"Store","item":"https:\/\/graphimarket.com\/store\/"},{"@type":"ListItem","position":3,"name":"Realistic Embroidery &#8211; Photoshop Actions"}]},{"@type":"WebSite","@id":"https:\/\/graphimarket.com\/fr\/#website","url":"https:\/\/graphimarket.com\/fr\/","name":"Graphimarket","description":"Finden Sie das perfekte kreative Kapital, um Ihr Projekt zum Leben zu erwecken","publisher":{"@id":"https:\/\/graphimarket.com\/fr\/#organization"},"potentialAction":[{"@type":"SearchAction","target":{"@type":"EntryPoint","urlTemplate":"https:\/\/graphimarket.com\/fr\/?s={search_term_string}"},"query-input":{"@type":"PropertyValueSpecification","valueRequired":true,"valueName":"search_term_string"}}],"inLanguage":"de-DE"},{"@type":"Organization","@id":"https:\/\/graphimarket.com\/fr\/#organization","name":"Graphimarket","url":"https:\/\/graphimarket.com\/fr\/","logo":{"@type":"ImageObject","inLanguage":"de-DE","@id":"https:\/\/graphimarket.com\/fr\/#\/schema\/logo\/image\/","url":"https:\/\/graphimarket.com\/wp-content\/uploads\/2020\/08\/logo-48.png","contentUrl":"https:\/\/graphimarket.com\/wp-content\/uploads\/2020\/08\/logo-48.png","width":132,"height":48,"caption":"Graphimarket"},"image":{"@id":"https:\/\/graphimarket.com\/fr\/#\/schema\/logo\/image\/"}}]}},"_links":{"self":[{"href":"http:\/\/graphimarket.com\/de\/wp-json\/wp\/v2\/product\/15659","targetHints":{"allow":["GET"]}}],"collection":[{"href":"http:\/\/graphimarket.com\/de\/wp-json\/wp\/v2\/product"}],"about":[{"href":"http:\/\/graphimarket.com\/de\/wp-json\/wp\/v2\/types\/product"}],"replies":[{"embeddable":true,"href":"http:\/\/graphimarket.com\/de\/wp-json\/wp\/v2\/comments?post=15659"}],"version-history":[{"count":0,"href":"http:\/\/graphimarket.com\/de\/wp-json\/wp\/v2\/product\/15659\/revisions"}],"wp:featuredmedia":[{"embeddable":true,"href":"http:\/\/graphimarket.com\/de\/wp-json\/wp\/v2\/media\/15661"}],"wp:attachment":[{"href":"http:\/\/graphimarket.com\/de\/wp-json\/wp\/v2\/media?parent=15659"}],"wp:term":[{"taxonomy":"product_brand","embeddable":true,"href":"http:\/\/graphimarket.com\/de\/wp-json\/wp\/v2\/product_brand?post=15659"},{"taxonomy":"product_cat","embeddable":true,"href":"http:\/\/graphimarket.com\/de\/wp-json\/wp\/v2\/product_cat?post=15659"},{"taxonomy":"product_tag","embeddable":true,"href":"http:\/\/graphimarket.com\/de\/wp-json\/wp\/v2\/product_tag?post=15659"}],"curies":[{"name":"wp","href":"https:\/\/api.w.org\/{rel}","templated":true}]}}