{"id":16228,"date":"2021-03-13T15:41:31","date_gmt":"2021-03-13T14:41:31","guid":{"rendered":"https:\/\/graphimarket.com\/?post_type=product&#038;p=16228"},"modified":"2022-12-19T08:53:02","modified_gmt":"2022-12-19T07:53:02","slug":"10-pro-cacao-photoshop-actions-acr-lut-presets","status":"publish","type":"product","link":"http:\/\/graphimarket.com\/de\/product\/10-pro-cacao-photoshop-actions-acr-lut-presets\/","title":{"rendered":"10 Pro Cacao Photoshop-Aktionen, ACR- und LUT-Voreinstellungen"},"content":{"rendered":"<h3>10 Pro Cacao Photoshop-Aktionen, ACR- und LUT-Voreinstellungen<\/h3>\n<p>Kakao ist eines der Getr\u00e4nke, die viele Menschen heutzutage lieber als Tee oder andere hei\u00dfe Getr\u00e4nke verwenden. In der Zwischenzeit sind die Jugendlichen willkommener als andere. Deshalb stellen wir dieses Produkt vor, mit dem Sie jedes Foto in Kakaostimmung beeinflussen und w\u00e4rmer machen k\u00f6nnen. Es kann Ihnen helfen, Ihre Fotos mit nat\u00fcrlichen Gelb- und Rott\u00f6nen auf jeder Kaffeesorte (z. B. cremig, Espresso, Cappuccino, Latte und\u2026) zu verbessern. Diese Voreinstellungen eignen sich f\u00fcr Personen, die an warmen und schokoladigen Voreinstellungen interessiert sind.<br \/>\nSchlie\u00dflich k\u00f6nnen sie Ihre Instagram-Blogger beeinflussen. Dies ist der beste Weg, um Ihre Social-Media-Pr\u00e4senz zu beeinflussen und Follower mit ihnen zu unterhalten. Sie k\u00f6nnen Ihren Aufnahmen auch ganz einfach einen Kakaoton hinzuf\u00fcgen und Ihre Bearbeitung mit nur wenigen Klicks steuern. Dieses Produkt kann Ihre Fotos durch folgende Themen beeinflussen:<br \/>\n01 Schwarzer Kaffee<br \/>\n02 Kakao<br \/>\n03 Cappuccino<br \/>\n04 Karamell<br \/>\n05 Schokolade<br \/>\n06 Espresso<br \/>\n07 Frappuccino<br \/>\n08 Hei\u00dfer Mokka<br \/>\n09 Eiskaffee<br \/>\n10 Latte<br \/>\nWir hoffen, dass Sie jedes Foto in Kakao- und Kaffeestimmung bearbeiten k\u00f6nnen (auch tags\u00fcber und<br \/>\nNacht) durch diese Presets.<br \/>\n\u2014\u2014\u2014\u2014\u2014\u2014\u2014\u2014\u2014\u2014\u2014\u2014\u2014\u2014\u2014\u2014\u2014\u2014\u2014\u2014<br \/>\nINBEGRIFFEN:<br \/>\n10 Photoshop-Aktionen (.atn-Dateien)<br \/>\n10 ACR-Voreinstellungen (.xmp-Dateien)<br \/>\n10 LUT-Voreinstellungen (.cube-Dateien)<br \/>\n\u2014\u2014\u2014\u2013<br \/>\nKOMPATIBILIT\u00c4T:<br \/>\n-F\u00fcr Photoshop-Aktionen: Photoshop CC und h\u00f6her (mit Adobe Camera Raw 6.6 und h\u00f6her)<br \/>\n-F\u00fcr ACR-Voreinstellungen: Photoshop CS6 und h\u00f6her (mit Adobe Camera Raw 6.6 und h\u00f6her)<br \/>\n-F\u00fcr LUTs-Voreinstellungen: Alle Grafiksoftware, die mit LUTs-Voreinstellungen wie Adobe Photoshop, Davinci Resolve, Adobe Premiere Pro, Adobe After Effects, Final Cut Pro und anderen verwendet werden k\u00f6nnen<br \/>\n\u2014\u2014\u2014\u2013<br \/>\nHINWEIS:<br \/>\nF\u00fcr die besten Ergebnisse wird empfohlen, hochaufl\u00f6sende Fotos und Filmmaterial im Bereich von 1500 bis 5000 Pixel zu verwenden.<\/p>\n<p>&nbsp;<\/p>\n<p><img fetchpriority=\"high\" decoding=\"async\" class=\"alignnone size-full wp-image-16229\" src=\"https:\/\/graphimarket.com\/wp-content\/uploads\/2021\/03\/Photoshop-Poster-3-Motional-Pro-Cacao-Color-Correction-510x340-1.jpg\" alt=\"\" width=\"510\" height=\"340\" srcset=\"https:\/\/graphimarket.com\/wp-content\/uploads\/2021\/03\/Photoshop-Poster-3-Motional-Pro-Cacao-Color-Correction-510x340-1.jpg 510w, https:\/\/graphimarket.com\/wp-content\/uploads\/2021\/03\/Photoshop-Poster-3-Motional-Pro-Cacao-Color-Correction-510x340-1-300x200.jpg 300w, https:\/\/graphimarket.com\/wp-content\/uploads\/2021\/03\/Photoshop-Poster-3-Motional-Pro-Cacao-Color-Correction-510x340-1-16x12.jpg 16w\" sizes=\"(max-width: 510px) 100vw, 510px\" \/><\/p>\n<p><img decoding=\"async\" class=\"alignnone size-full wp-image-16230\" src=\"https:\/\/graphimarket.com\/wp-content\/uploads\/2021\/03\/06-Poster-3-Motional-Pro-Cacao-Color-Correction-510x340-1.jpg\" alt=\"\" width=\"510\" height=\"340\" srcset=\"https:\/\/graphimarket.com\/wp-content\/uploads\/2021\/03\/06-Poster-3-Motional-Pro-Cacao-Color-Correction-510x340-1.jpg 510w, https:\/\/graphimarket.com\/wp-content\/uploads\/2021\/03\/06-Poster-3-Motional-Pro-Cacao-Color-Correction-510x340-1-300x200.jpg 300w, https:\/\/graphimarket.com\/wp-content\/uploads\/2021\/03\/06-Poster-3-Motional-Pro-Cacao-Color-Correction-510x340-1-16x12.jpg 16w\" sizes=\"(max-width: 510px) 100vw, 510px\" \/> <img decoding=\"async\" class=\"alignnone size-full wp-image-16231\" src=\"https:\/\/graphimarket.com\/wp-content\/uploads\/2021\/03\/07-Poster-3-Motional-Pro-Cacao-Color-Correction-510x340-1.jpg\" alt=\"\" width=\"510\" height=\"340\" srcset=\"https:\/\/graphimarket.com\/wp-content\/uploads\/2021\/03\/07-Poster-3-Motional-Pro-Cacao-Color-Correction-510x340-1.jpg 510w, https:\/\/graphimarket.com\/wp-content\/uploads\/2021\/03\/07-Poster-3-Motional-Pro-Cacao-Color-Correction-510x340-1-300x200.jpg 300w, https:\/\/graphimarket.com\/wp-content\/uploads\/2021\/03\/07-Poster-3-Motional-Pro-Cacao-Color-Correction-510x340-1-16x12.jpg 16w\" sizes=\"(max-width: 510px) 100vw, 510px\" \/> <img loading=\"lazy\" decoding=\"async\" class=\"alignnone size-full wp-image-16232\" src=\"https:\/\/graphimarket.com\/wp-content\/uploads\/2021\/03\/08-Poster-3-Motional-Pro-Cacao-Color-Correction-510x340-1.jpg\" alt=\"\" width=\"510\" height=\"340\" srcset=\"https:\/\/graphimarket.com\/wp-content\/uploads\/2021\/03\/08-Poster-3-Motional-Pro-Cacao-Color-Correction-510x340-1.jpg 510w, https:\/\/graphimarket.com\/wp-content\/uploads\/2021\/03\/08-Poster-3-Motional-Pro-Cacao-Color-Correction-510x340-1-300x200.jpg 300w, https:\/\/graphimarket.com\/wp-content\/uploads\/2021\/03\/08-Poster-3-Motional-Pro-Cacao-Color-Correction-510x340-1-16x12.jpg 16w\" sizes=\"(max-width: 510px) 100vw, 510px\" \/> <img loading=\"lazy\" decoding=\"async\" class=\"alignnone size-full wp-image-16233\" src=\"https:\/\/graphimarket.com\/wp-content\/uploads\/2021\/03\/09-Poster-3-Motional-Pro-Cacao-Color-Correction-510x340-1.jpg\" alt=\"\" width=\"510\" height=\"340\" srcset=\"https:\/\/graphimarket.com\/wp-content\/uploads\/2021\/03\/09-Poster-3-Motional-Pro-Cacao-Color-Correction-510x340-1.jpg 510w, https:\/\/graphimarket.com\/wp-content\/uploads\/2021\/03\/09-Poster-3-Motional-Pro-Cacao-Color-Correction-510x340-1-300x200.jpg 300w, https:\/\/graphimarket.com\/wp-content\/uploads\/2021\/03\/09-Poster-3-Motional-Pro-Cacao-Color-Correction-510x340-1-16x12.jpg 16w\" sizes=\"(max-width: 510px) 100vw, 510px\" \/> <img loading=\"lazy\" decoding=\"async\" class=\"alignnone size-full wp-image-16234\" src=\"https:\/\/graphimarket.com\/wp-content\/uploads\/2021\/03\/02-Poster-3-Motional-Pro-Cacao-Color-Correction-510x340-1.jpg\" alt=\"\" width=\"510\" height=\"340\" srcset=\"https:\/\/graphimarket.com\/wp-content\/uploads\/2021\/03\/02-Poster-3-Motional-Pro-Cacao-Color-Correction-510x340-1.jpg 510w, https:\/\/graphimarket.com\/wp-content\/uploads\/2021\/03\/02-Poster-3-Motional-Pro-Cacao-Color-Correction-510x340-1-300x200.jpg 300w, https:\/\/graphimarket.com\/wp-content\/uploads\/2021\/03\/02-Poster-3-Motional-Pro-Cacao-Color-Correction-510x340-1-16x12.jpg 16w\" sizes=\"(max-width: 510px) 100vw, 510px\" \/> <img loading=\"lazy\" decoding=\"async\" class=\"alignnone size-full wp-image-16235\" src=\"https:\/\/graphimarket.com\/wp-content\/uploads\/2021\/03\/01-Poster-3-Motional-Pro-Cacao-Color-Correction-510x340-1.jpg\" alt=\"\" width=\"510\" height=\"340\" srcset=\"https:\/\/graphimarket.com\/wp-content\/uploads\/2021\/03\/01-Poster-3-Motional-Pro-Cacao-Color-Correction-510x340-1.jpg 510w, https:\/\/graphimarket.com\/wp-content\/uploads\/2021\/03\/01-Poster-3-Motional-Pro-Cacao-Color-Correction-510x340-1-300x200.jpg 300w, https:\/\/graphimarket.com\/wp-content\/uploads\/2021\/03\/01-Poster-3-Motional-Pro-Cacao-Color-Correction-510x340-1-16x12.jpg 16w\" sizes=\"(max-width: 510px) 100vw, 510px\" \/> <img loading=\"lazy\" decoding=\"async\" class=\"alignnone size-full wp-image-16236\" src=\"https:\/\/graphimarket.com\/wp-content\/uploads\/2021\/03\/03-Poster-3-Motional-Pro-Cacao-Color-Correction-510x340-1.jpg\" alt=\"\" width=\"510\" height=\"340\" srcset=\"https:\/\/graphimarket.com\/wp-content\/uploads\/2021\/03\/03-Poster-3-Motional-Pro-Cacao-Color-Correction-510x340-1.jpg 510w, https:\/\/graphimarket.com\/wp-content\/uploads\/2021\/03\/03-Poster-3-Motional-Pro-Cacao-Color-Correction-510x340-1-300x200.jpg 300w, https:\/\/graphimarket.com\/wp-content\/uploads\/2021\/03\/03-Poster-3-Motional-Pro-Cacao-Color-Correction-510x340-1-16x12.jpg 16w\" sizes=\"(max-width: 510px) 100vw, 510px\" \/> <img loading=\"lazy\" decoding=\"async\" class=\"alignnone size-full wp-image-16237\" src=\"https:\/\/graphimarket.com\/wp-content\/uploads\/2021\/03\/04-Poster-3-Motional-Pro-Cacao-Color-Correction-510x340-1.jpg\" alt=\"\" width=\"510\" height=\"340\" srcset=\"https:\/\/graphimarket.com\/wp-content\/uploads\/2021\/03\/04-Poster-3-Motional-Pro-Cacao-Color-Correction-510x340-1.jpg 510w, https:\/\/graphimarket.com\/wp-content\/uploads\/2021\/03\/04-Poster-3-Motional-Pro-Cacao-Color-Correction-510x340-1-300x200.jpg 300w, https:\/\/graphimarket.com\/wp-content\/uploads\/2021\/03\/04-Poster-3-Motional-Pro-Cacao-Color-Correction-510x340-1-16x12.jpg 16w\" sizes=\"(max-width: 510px) 100vw, 510px\" \/> <img loading=\"lazy\" decoding=\"async\" class=\"alignnone size-full wp-image-16238\" src=\"https:\/\/graphimarket.com\/wp-content\/uploads\/2021\/03\/05-Poster-3-Motional-Pro-Cacao-Color-Correction-510x340-1.jpg\" alt=\"\" width=\"510\" height=\"340\" srcset=\"https:\/\/graphimarket.com\/wp-content\/uploads\/2021\/03\/05-Poster-3-Motional-Pro-Cacao-Color-Correction-510x340-1.jpg 510w, https:\/\/graphimarket.com\/wp-content\/uploads\/2021\/03\/05-Poster-3-Motional-Pro-Cacao-Color-Correction-510x340-1-300x200.jpg 300w, https:\/\/graphimarket.com\/wp-content\/uploads\/2021\/03\/05-Poster-3-Motional-Pro-Cacao-Color-Correction-510x340-1-16x12.jpg 16w\" sizes=\"(max-width: 510px) 100vw, 510px\" \/><\/p>","protected":false},"excerpt":{"rendered":"<p>10 Pro Cacao Photoshop Actions, ACR, LUT Presets Cacao is one of the beverages that many people today prefer to tea or other hot drinks, in the meantime, the youth are more welcomed than others, So we introduce this product that can affect you every photo in cacao mood and make them more warmly. It [&hellip;]<\/p>\n","protected":false},"featured_media":16229,"comment_status":"open","ping_status":"closed","template":"","meta":{"site-sidebar-layout":"default","site-content-layout":"default","ast-site-content-layout":"default","site-content-style":"default","site-sidebar-style":"default","ast-global-header-display":"","ast-banner-title-visibility":"","ast-main-header-display":"","ast-hfb-above-header-display":"","ast-hfb-below-header-display":"","ast-hfb-mobile-header-display":"","site-post-title":"","ast-breadcrumbs-content":"","ast-featured-img":"","footer-sml-layout":"","ast-disable-related-posts":"","theme-transparent-header-meta":"default","adv-header-id-meta":"","stick-header-meta":"","header-above-stick-meta":"","header-main-stick-meta":"","header-below-stick-meta":"","astra-migrate-meta-layouts":"default","ast-page-background-enabled":"default","ast-page-background-meta":{"desktop":{"background-color":"","background-image":"","background-repeat":"repeat","background-position":"center center","background-size":"auto","background-attachment":"scroll","background-type":"","background-media":"","overlay-type":"","overlay-color":"","overlay-opacity":"","overlay-gradient":""},"tablet":{"background-color":"","background-image":"","background-repeat":"repeat","background-position":"center center","background-size":"auto","background-attachment":"scroll","background-type":"","background-media":"","overlay-type":"","overlay-color":"","overlay-opacity":"","overlay-gradient":""},"mobile":{"background-color":"","background-image":"","background-repeat":"repeat","background-position":"center center","background-size":"auto","background-attachment":"scroll","background-type":"","background-media":"","overlay-type":"","overlay-color":"","overlay-opacity":"","overlay-gradient":""}},"ast-content-background-meta":{"desktop":{"background-color":"var(--ast-global-color-5)","background-image":"","background-repeat":"repeat","background-position":"center center","background-size":"auto","background-attachment":"scroll","background-type":"","background-media":"","overlay-type":"","overlay-color":"","overlay-opacity":"","overlay-gradient":""},"tablet":{"background-color":"var(--ast-global-color-5)","background-image":"","background-repeat":"repeat","background-position":"center center","background-size":"auto","background-attachment":"scroll","background-type":"","background-media":"","overlay-type":"","overlay-color":"","overlay-opacity":"","overlay-gradient":""},"mobile":{"background-color":"var(--ast-global-color-5)","background-image":"","background-repeat":"repeat","background-position":"center center","background-size":"auto","background-attachment":"scroll","background-type":"","background-media":"","overlay-type":"","overlay-color":"","overlay-opacity":"","overlay-gradient":""}}},"product_brand":[],"product_cat":[196,15,144,145,195,146],"product_tag":[1913,1916,292,1915,1917,62,374],"class_list":{"0":"post-16228","1":"product","2":"type-product","3":"status-publish","4":"has-post-thumbnail","6":"product_cat-actions","7":"product_cat-photo","8":"product_cat-photo-editor","9":"product_cat-photography","10":"product_cat-photoshop","11":"product_cat-photoshop-action","12":"product_tag-1913","13":"product_tag-acr","14":"product_tag-action","15":"product_tag-cacao","16":"product_tag-lut-presets","17":"product_tag-photoshop","18":"product_tag-pro","19":"desktop-align-left","20":"tablet-align-left","21":"mobile-align-left","23":"first","24":"instock","25":"sale","26":"downloadable","27":"virtual","28":"taxable","29":"purchasable","30":"product-type-simple"},"yoast_head":"<!-- This site is optimized with the Yoast SEO plugin v27.3 - https:\/\/yoast.com\/product\/yoast-seo-wordpress\/ -->\n<title>10 Pro Cacao Photoshop Actions, ACR, LUT Presets - Graphimarket<\/title>\n<meta name=\"description\" content=\"Cacao is one of the beverages that many people today prefer to tea or other hot drinks, in the meantime...\" \/>\n<meta name=\"robots\" content=\"index, follow, max-snippet:-1, max-image-preview:large, max-video-preview:-1\" \/>\n<link rel=\"canonical\" href=\"https:\/\/graphimarket.com\/de\/product\/10-pro-cacao-photoshop-actions-acr-lut-presets\/\" \/>\n<meta property=\"og:locale\" content=\"de_DE\" \/>\n<meta property=\"og:type\" content=\"article\" \/>\n<meta property=\"og:title\" content=\"10 Pro Cacao Photoshop Actions, ACR, LUT Presets - Graphimarket\" \/>\n<meta property=\"og:description\" content=\"Cacao is one of the beverages that many people today prefer to tea or other hot drinks, in the meantime...\" \/>\n<meta property=\"og:url\" content=\"https:\/\/graphimarket.com\/de\/product\/10-pro-cacao-photoshop-actions-acr-lut-presets\/\" \/>\n<meta property=\"og:site_name\" content=\"Graphimarket\" \/>\n<meta property=\"article:modified_time\" content=\"2022-12-19T07:53:02+00:00\" \/>\n<meta property=\"og:image\" content=\"https:\/\/graphimarket.com\/wp-content\/uploads\/2021\/03\/Photoshop-Poster-3-Motional-Pro-Cacao-Color-Correction-510x340-1.jpg\" \/>\n\t<meta property=\"og:image:width\" content=\"510\" \/>\n\t<meta property=\"og:image:height\" content=\"340\" \/>\n\t<meta property=\"og:image:type\" content=\"image\/jpeg\" \/>\n<meta name=\"twitter:card\" content=\"summary_large_image\" \/>\n<meta name=\"twitter:label1\" content=\"Est. reading time\" \/>\n\t<meta name=\"twitter:data1\" content=\"1 minute\" \/>\n<script type=\"application\/ld+json\" class=\"yoast-schema-graph\">{\"@context\":\"https:\\\/\\\/schema.org\",\"@graph\":[{\"@type\":\"WebPage\",\"@id\":\"https:\\\/\\\/graphimarket.com\\\/product\\\/10-pro-cacao-photoshop-actions-acr-lut-presets\\\/\",\"url\":\"https:\\\/\\\/graphimarket.com\\\/product\\\/10-pro-cacao-photoshop-actions-acr-lut-presets\\\/\",\"name\":\"10 Pro Cacao Photoshop Actions, ACR, LUT Presets - Graphimarket\",\"isPartOf\":{\"@id\":\"https:\\\/\\\/graphimarket.com\\\/fr\\\/#website\"},\"primaryImageOfPage\":{\"@id\":\"https:\\\/\\\/graphimarket.com\\\/product\\\/10-pro-cacao-photoshop-actions-acr-lut-presets\\\/#primaryimage\"},\"image\":{\"@id\":\"https:\\\/\\\/graphimarket.com\\\/product\\\/10-pro-cacao-photoshop-actions-acr-lut-presets\\\/#primaryimage\"},\"thumbnailUrl\":\"https:\\\/\\\/graphimarket.com\\\/wp-content\\\/uploads\\\/2021\\\/03\\\/Photoshop-Poster-3-Motional-Pro-Cacao-Color-Correction-510x340-1.jpg\",\"datePublished\":\"2021-03-13T14:41:31+00:00\",\"dateModified\":\"2022-12-19T07:53:02+00:00\",\"description\":\"Cacao is one of the beverages that many people today prefer to tea or other hot drinks, in the meantime...\",\"breadcrumb\":{\"@id\":\"https:\\\/\\\/graphimarket.com\\\/product\\\/10-pro-cacao-photoshop-actions-acr-lut-presets\\\/#breadcrumb\"},\"inLanguage\":\"de-DE\",\"potentialAction\":[{\"@type\":\"ReadAction\",\"target\":[\"https:\\\/\\\/graphimarket.com\\\/product\\\/10-pro-cacao-photoshop-actions-acr-lut-presets\\\/\"]}]},{\"@type\":\"ImageObject\",\"inLanguage\":\"de-DE\",\"@id\":\"https:\\\/\\\/graphimarket.com\\\/product\\\/10-pro-cacao-photoshop-actions-acr-lut-presets\\\/#primaryimage\",\"url\":\"https:\\\/\\\/graphimarket.com\\\/wp-content\\\/uploads\\\/2021\\\/03\\\/Photoshop-Poster-3-Motional-Pro-Cacao-Color-Correction-510x340-1.jpg\",\"contentUrl\":\"https:\\\/\\\/graphimarket.com\\\/wp-content\\\/uploads\\\/2021\\\/03\\\/Photoshop-Poster-3-Motional-Pro-Cacao-Color-Correction-510x340-1.jpg\",\"width\":510,\"height\":340},{\"@type\":\"BreadcrumbList\",\"@id\":\"https:\\\/\\\/graphimarket.com\\\/product\\\/10-pro-cacao-photoshop-actions-acr-lut-presets\\\/#breadcrumb\",\"itemListElement\":[{\"@type\":\"ListItem\",\"position\":1,\"name\":\"Home\",\"item\":\"https:\\\/\\\/graphimarket.com\\\/es\\\/\"},{\"@type\":\"ListItem\",\"position\":2,\"name\":\"Store\",\"item\":\"https:\\\/\\\/graphimarket.com\\\/store\\\/\"},{\"@type\":\"ListItem\",\"position\":3,\"name\":\"10 Pro Cacao Photoshop Actions, ACR, LUT Presets\"}]},{\"@type\":\"WebSite\",\"@id\":\"https:\\\/\\\/graphimarket.com\\\/fr\\\/#website\",\"url\":\"https:\\\/\\\/graphimarket.com\\\/fr\\\/\",\"name\":\"Graphimarket\",\"description\":\"Find the perfect creative asset to bring your project to life\",\"publisher\":{\"@id\":\"https:\\\/\\\/graphimarket.com\\\/fr\\\/#organization\"},\"potentialAction\":[{\"@type\":\"SearchAction\",\"target\":{\"@type\":\"EntryPoint\",\"urlTemplate\":\"https:\\\/\\\/graphimarket.com\\\/fr\\\/?s={search_term_string}\"},\"query-input\":{\"@type\":\"PropertyValueSpecification\",\"valueRequired\":true,\"valueName\":\"search_term_string\"}}],\"inLanguage\":\"de-DE\"},{\"@type\":\"Organization\",\"@id\":\"https:\\\/\\\/graphimarket.com\\\/fr\\\/#organization\",\"name\":\"Graphimarket\",\"url\":\"https:\\\/\\\/graphimarket.com\\\/fr\\\/\",\"logo\":{\"@type\":\"ImageObject\",\"inLanguage\":\"de-DE\",\"@id\":\"https:\\\/\\\/graphimarket.com\\\/fr\\\/#\\\/schema\\\/logo\\\/image\\\/\",\"url\":\"https:\\\/\\\/graphimarket.com\\\/wp-content\\\/uploads\\\/2020\\\/08\\\/logo-48.png\",\"contentUrl\":\"https:\\\/\\\/graphimarket.com\\\/wp-content\\\/uploads\\\/2020\\\/08\\\/logo-48.png\",\"width\":132,\"height\":48,\"caption\":\"Graphimarket\"},\"image\":{\"@id\":\"https:\\\/\\\/graphimarket.com\\\/fr\\\/#\\\/schema\\\/logo\\\/image\\\/\"}}]}<\/script>\n<!-- \/ Yoast SEO plugin. -->","yoast_head_json":{"title":"10 Pro Cacao Photoshop-Aktionen, ACR-, LUT-Voreinstellungen - Graphimarket","description":"Kakao ist eines der Getr\u00e4nke, die heutzutage viele Menschen lieber Tee oder andere hei\u00dfe Getr\u00e4nke bevorzugen ...","robots":{"index":"index","follow":"follow","max-snippet":"max-snippet:-1","max-image-preview":"max-image-preview:large","max-video-preview":"max-video-preview:-1"},"canonical":"https:\/\/graphimarket.com\/de\/product\/10-pro-cacao-photoshop-actions-acr-lut-presets\/","og_locale":"de_DE","og_type":"article","og_title":"10 Pro Cacao Photoshop Actions, ACR, LUT Presets - Graphimarket","og_description":"Cacao is one of the beverages that many people today prefer to tea or other hot drinks, in the meantime...","og_url":"https:\/\/graphimarket.com\/de\/product\/10-pro-cacao-photoshop-actions-acr-lut-presets\/","og_site_name":"Graphimarket","article_modified_time":"2022-12-19T07:53:02+00:00","og_image":[{"width":510,"height":340,"url":"https:\/\/graphimarket.com\/wp-content\/uploads\/2021\/03\/Photoshop-Poster-3-Motional-Pro-Cacao-Color-Correction-510x340-1.jpg","type":"image\/jpeg"}],"twitter_card":"summary_large_image","twitter_misc":{"Est. reading time":"1 minute"},"schema":{"@context":"https:\/\/schema.org","@graph":[{"@type":"WebPage","@id":"https:\/\/graphimarket.com\/product\/10-pro-cacao-photoshop-actions-acr-lut-presets\/","url":"https:\/\/graphimarket.com\/product\/10-pro-cacao-photoshop-actions-acr-lut-presets\/","name":"10 Pro Cacao Photoshop-Aktionen, ACR-, LUT-Voreinstellungen - Graphimarket","isPartOf":{"@id":"https:\/\/graphimarket.com\/fr\/#website"},"primaryImageOfPage":{"@id":"https:\/\/graphimarket.com\/product\/10-pro-cacao-photoshop-actions-acr-lut-presets\/#primaryimage"},"image":{"@id":"https:\/\/graphimarket.com\/product\/10-pro-cacao-photoshop-actions-acr-lut-presets\/#primaryimage"},"thumbnailUrl":"https:\/\/graphimarket.com\/wp-content\/uploads\/2021\/03\/Photoshop-Poster-3-Motional-Pro-Cacao-Color-Correction-510x340-1.jpg","datePublished":"2021-03-13T14:41:31+00:00","dateModified":"2022-12-19T07:53:02+00:00","description":"Kakao ist eines der Getr\u00e4nke, die heutzutage viele Menschen lieber Tee oder andere hei\u00dfe Getr\u00e4nke bevorzugen ...","breadcrumb":{"@id":"https:\/\/graphimarket.com\/product\/10-pro-cacao-photoshop-actions-acr-lut-presets\/#breadcrumb"},"inLanguage":"de-DE","potentialAction":[{"@type":"ReadAction","target":["https:\/\/graphimarket.com\/product\/10-pro-cacao-photoshop-actions-acr-lut-presets\/"]}]},{"@type":"ImageObject","inLanguage":"de-DE","@id":"https:\/\/graphimarket.com\/product\/10-pro-cacao-photoshop-actions-acr-lut-presets\/#primaryimage","url":"https:\/\/graphimarket.com\/wp-content\/uploads\/2021\/03\/Photoshop-Poster-3-Motional-Pro-Cacao-Color-Correction-510x340-1.jpg","contentUrl":"https:\/\/graphimarket.com\/wp-content\/uploads\/2021\/03\/Photoshop-Poster-3-Motional-Pro-Cacao-Color-Correction-510x340-1.jpg","width":510,"height":340},{"@type":"BreadcrumbList","@id":"https:\/\/graphimarket.com\/product\/10-pro-cacao-photoshop-actions-acr-lut-presets\/#breadcrumb","itemListElement":[{"@type":"ListItem","position":1,"name":"Home","item":"https:\/\/graphimarket.com\/es\/"},{"@type":"ListItem","position":2,"name":"Store","item":"https:\/\/graphimarket.com\/store\/"},{"@type":"ListItem","position":3,"name":"10 Pro Cacao Photoshop Actions, ACR, LUT Presets"}]},{"@type":"WebSite","@id":"https:\/\/graphimarket.com\/fr\/#website","url":"https:\/\/graphimarket.com\/fr\/","name":"Graphimarket","description":"Finden Sie das perfekte kreative Kapital, um Ihr Projekt zum Leben zu erwecken","publisher":{"@id":"https:\/\/graphimarket.com\/fr\/#organization"},"potentialAction":[{"@type":"SearchAction","target":{"@type":"EntryPoint","urlTemplate":"https:\/\/graphimarket.com\/fr\/?s={search_term_string}"},"query-input":{"@type":"PropertyValueSpecification","valueRequired":true,"valueName":"search_term_string"}}],"inLanguage":"de-DE"},{"@type":"Organization","@id":"https:\/\/graphimarket.com\/fr\/#organization","name":"Graphimarket","url":"https:\/\/graphimarket.com\/fr\/","logo":{"@type":"ImageObject","inLanguage":"de-DE","@id":"https:\/\/graphimarket.com\/fr\/#\/schema\/logo\/image\/","url":"https:\/\/graphimarket.com\/wp-content\/uploads\/2020\/08\/logo-48.png","contentUrl":"https:\/\/graphimarket.com\/wp-content\/uploads\/2020\/08\/logo-48.png","width":132,"height":48,"caption":"Graphimarket"},"image":{"@id":"https:\/\/graphimarket.com\/fr\/#\/schema\/logo\/image\/"}}]}},"_links":{"self":[{"href":"http:\/\/graphimarket.com\/de\/wp-json\/wp\/v2\/product\/16228","targetHints":{"allow":["GET"]}}],"collection":[{"href":"http:\/\/graphimarket.com\/de\/wp-json\/wp\/v2\/product"}],"about":[{"href":"http:\/\/graphimarket.com\/de\/wp-json\/wp\/v2\/types\/product"}],"replies":[{"embeddable":true,"href":"http:\/\/graphimarket.com\/de\/wp-json\/wp\/v2\/comments?post=16228"}],"version-history":[{"count":0,"href":"http:\/\/graphimarket.com\/de\/wp-json\/wp\/v2\/product\/16228\/revisions"}],"wp:featuredmedia":[{"embeddable":true,"href":"http:\/\/graphimarket.com\/de\/wp-json\/wp\/v2\/media\/16229"}],"wp:attachment":[{"href":"http:\/\/graphimarket.com\/de\/wp-json\/wp\/v2\/media?parent=16228"}],"wp:term":[{"taxonomy":"product_brand","embeddable":true,"href":"http:\/\/graphimarket.com\/de\/wp-json\/wp\/v2\/product_brand?post=16228"},{"taxonomy":"product_cat","embeddable":true,"href":"http:\/\/graphimarket.com\/de\/wp-json\/wp\/v2\/product_cat?post=16228"},{"taxonomy":"product_tag","embeddable":true,"href":"http:\/\/graphimarket.com\/de\/wp-json\/wp\/v2\/product_tag?post=16228"}],"curies":[{"name":"wp","href":"https:\/\/api.w.org\/{rel}","templated":true}]}}