{"id":17054,"date":"2021-04-06T15:49:36","date_gmt":"2021-04-06T13:49:36","guid":{"rendered":"https:\/\/graphimarket.com\/?post_type=product&#038;p=17054"},"modified":"2024-10-22T13:04:19","modified_gmt":"2024-10-22T11:04:19","slug":"artificial-intelligence-3","status":"publish","type":"product","link":"http:\/\/graphimarket.com\/de\/product\/artificial-intelligence-3\/","title":{"rendered":"K\u00fcnstliche Intelligenz 3"},"content":{"rendered":"<p id=\"item-description__artificial-intelligence-3\"><strong>K\u00fcnstliche Intelligenz 3<\/strong><\/p>\n<p>Dies ist eine neue Version der beliebten Artificial Intelligence One Photoshop-Aktion. Das visuelle Erscheinungsbild passt gut zu allen boomenden aktuellen technologiebezogenen Themen wie Blockchain, Kryptow\u00e4hrungen, Bitcoin, K\u00fcnstliche Intelligenz, Maschinelles Lernen, Robotik, Augmented Reality, Virtuelle Realit\u00e4t und Investieren.<\/p>\n<p>Erstellen Sie diesen coolen Effekt mit nur wenigen Klicks auf Ihren Fotos. Erstellen Sie gut aussehende Poster, Anzeigen, Banner und Pr\u00e4sentationen - sparen Sie Arbeitstage.\u00a0<b>Sie erhalten jedes Mal ein eindeutiges Ergebnis, wenn Sie die Aktion ausf\u00fchren.<\/b>\u00a0Wie cool ist das?<\/p>\n<p>&nbsp;<\/p>\n<h2 id=\"item-description__what-s-included\">Was ist inbegriffen<\/h2>\n<ul>\n<li>1 .atn-Datei (Aktion)<\/li>\n<li>1 .pat-Datei (Muster)<\/li>\n<li>1 .abr-Datei (Pinsel)<\/li>\n<li>Hilfedatei &amp; Schritt-f\u00fcr-Schritt-Anleitung mit Bildern<\/li>\n<li>Vollst\u00e4ndig bearbeitbare Ebenen<\/li>\n<li>Gut organisierte Ebenen und Ordner<\/li>\n<li>Zahlreiche Farbfilter<\/li>\n<\/ul>\n<h2 id=\"item-description__recommended-photo-size\">Empfohlene Fotogr\u00f6\u00dfe<\/h2>\n<p>F\u00fcr die besten Ergebnisse empfehle ich die Verwendung von Fotos im Bereich von 2500 bis 5000 Pixel Breite.<\/p>\n<h2 id=\"item-description__the-file-is-organised\">Die Datei ist organisiert<\/h2>\n<p>Nachdem jede Aktion beendet wurde, wird eine gut organisierte Ebenenstruktur erstellt. Jede Ebene und jeder Ordner werden entsprechend benannt, um eine \u00fcbersichtliche Arbeitsumgebung f\u00fcr Sie zu erstellen.<\/p>\n<h2 id=\"item-description__the-action-is-tested\">Die Aktion wird getestet<\/h2>\n<p>Jede Aktion wird gr\u00fcndlich auf 30 bis 50 verschiedene Fotos getestet, um sicherzustellen, dass keine Fehler vorliegen. Im Falle eines Fehlers kontaktieren Sie mich bitte \u00fcber das Kontaktformular auf meiner Profilseite.<\/p>\n<h2 id=\"item-description__how-to-configure-photoshop\">So konfigurieren Sie Photoshop<\/h2>\n<p><b>1.<\/b>\u00a0Stellen Sie sicher, dass Sie die englische Version von Photoshop verwenden. Jede Aktion wurde erstellt und optimiert, um nur mit der englischen Version von Photoshop zu funktionieren. Stellen Sie daher sicher, dass Sie diese Version verwenden. Wenn nicht, machen Sie sich keine Sorgen: Mit dieser Methode k\u00f6nnen Sie die Sprache Ihrer Photoshop-Version in Englisch \u00e4ndern (und wieder zur\u00fcckschalten)<\/p>\n<p><b>2.<\/b>\u00a0Verwenden Sie den RGB-Modus und die 8-Bit-Farbe. Um diese Einstellungen zu \u00fcberpr\u00fcfen, gehen Sie zu Bild-&gt; Modus und \u00fcberpr\u00fcfen Sie die \u201eRGB-Farbe\u201c und \u201e8 Bits \/ Kanal\u201c.<\/p>\n<p><b>3.<\/b>\u00a0Stellen Sie sicher, dass die Option &quot;Kopieren zu kopierten Ebenen und Gruppen hinzuf\u00fcgen&quot; aktiviert ist. Diese Option gilt nur f\u00fcr CS5 und sp\u00e4tere Versionen von Photoshop. Klicken Sie im Bedienfeld \u201eSCHICHTEN\u201c auf das Men\u00fcsymbol, gehen Sie zu \u201eBedienfeldoptionen\u2026\u201c und \u00fcberpr\u00fcfen Sie, ob die Option \u201eKopieren zu kopierten Ebenen und Gruppen hinzuf\u00fcgen\u201c aktiviert ist.<\/p>\n<p><b>4.<\/b>\u00a0Verwenden Sie ein Foto mit 72 dpi oder h\u00f6her. Wenn Sie ein Foto mit weniger als 72 dpi verwenden, funktioniert die Aktion nicht richtig. Um dies zu beheben, gehen Sie zu Bild-&gt; Bildgr\u00f6\u00dfe und erh\u00f6hen Sie den Aufl\u00f6sungswert.<\/p>\n<p><b>5.<\/b>\u00a0Stellen Sie die Deckkraft des Pinsels auf 100% ein. Stellen Sie die Deckkraft des Pinsels auf 100% ein. W\u00e4hlen Sie das \u201ePinselwerkzeug\u201c und bewegen Sie den Deckkraftregler auf 100%.<\/p>\n<p>&nbsp;<\/p>\n<p><img decoding=\"async\" src=\"https:\/\/graphimarket.com\/wp-content\/uploads\/2021\/04\/cover.jpg\" \/><\/p>","protected":false},"excerpt":{"rendered":"<p>Artificial Intelligence 3 This is a new version of the popular\u00a0Artificial Intelligence One Photoshop Action. The visual look will go along nicely with all the booming current technology related subjects such as: Blockchain, Cryptocurrencies, Bitcoin, Artificial Intelligence, Machine Learning, Robotics, Augmented Reality, Virtual Reality &amp; Investing. Create this cool effect on your photos with just [&hellip;]<\/p>\n","protected":false},"featured_media":17056,"comment_status":"open","ping_status":"closed","template":"","meta":{"site-sidebar-layout":"default","site-content-layout":"default","ast-site-content-layout":"default","site-content-style":"default","site-sidebar-style":"default","ast-global-header-display":"","ast-banner-title-visibility":"","ast-main-header-display":"","ast-hfb-above-header-display":"","ast-hfb-below-header-display":"","ast-hfb-mobile-header-display":"","site-post-title":"","ast-breadcrumbs-content":"","ast-featured-img":"","footer-sml-layout":"","ast-disable-related-posts":"","theme-transparent-header-meta":"default","adv-header-id-meta":"","stick-header-meta":"","header-above-stick-meta":"","header-main-stick-meta":"","header-below-stick-meta":"","astra-migrate-meta-layouts":"default","ast-page-background-enabled":"default","ast-page-background-meta":{"desktop":{"background-color":"","background-image":"","background-repeat":"repeat","background-position":"center center","background-size":"auto","background-attachment":"scroll","background-type":"","background-media":"","overlay-type":"","overlay-color":"","overlay-opacity":"","overlay-gradient":""},"tablet":{"background-color":"","background-image":"","background-repeat":"repeat","background-position":"center center","background-size":"auto","background-attachment":"scroll","background-type":"","background-media":"","overlay-type":"","overlay-color":"","overlay-opacity":"","overlay-gradient":""},"mobile":{"background-color":"","background-image":"","background-repeat":"repeat","background-position":"center center","background-size":"auto","background-attachment":"scroll","background-type":"","background-media":"","overlay-type":"","overlay-color":"","overlay-opacity":"","overlay-gradient":""}},"ast-content-background-meta":{"desktop":{"background-color":"var(--ast-global-color-5)","background-image":"","background-repeat":"repeat","background-position":"center center","background-size":"auto","background-attachment":"scroll","background-type":"","background-media":"","overlay-type":"","overlay-color":"","overlay-opacity":"","overlay-gradient":""},"tablet":{"background-color":"var(--ast-global-color-5)","background-image":"","background-repeat":"repeat","background-position":"center center","background-size":"auto","background-attachment":"scroll","background-type":"","background-media":"","overlay-type":"","overlay-color":"","overlay-opacity":"","overlay-gradient":""},"mobile":{"background-color":"var(--ast-global-color-5)","background-image":"","background-repeat":"repeat","background-position":"center center","background-size":"auto","background-attachment":"scroll","background-type":"","background-media":"","overlay-type":"","overlay-color":"","overlay-opacity":"","overlay-gradient":""}}},"product_brand":[],"product_cat":[196,15,144,145,195,146],"product_tag":[1956,292,1386,1973,531,1936,1974,285,62],"class_list":{"0":"post-17054","1":"product","2":"type-product","3":"status-publish","4":"has-post-thumbnail","6":"product_cat-actions","7":"product_cat-photo","8":"product_cat-photo-editor","9":"product_cat-photography","10":"product_cat-photoshop","11":"product_cat-photoshop-action","12":"product_tag-1956","13":"product_tag-action","14":"product_tag-adobe","15":"product_tag-artificial","16":"product_tag-cc","17":"product_tag-cs","18":"product_tag-intelligence","19":"product_tag-photo","20":"product_tag-photoshop","21":"desktop-align-left","22":"tablet-align-left","23":"mobile-align-left","25":"first","26":"instock","27":"sale","28":"downloadable","29":"virtual","30":"taxable","31":"purchasable","32":"product-type-simple"},"yoast_head":"<!-- This site is optimized with the Yoast SEO plugin v27.3 - https:\/\/yoast.com\/product\/yoast-seo-wordpress\/ -->\n<title>Artificial Intelligence 3 - Graphimarket<\/title>\n<meta name=\"description\" content=\"Artificial Intelligence 3. This is a new version of the popular\u00a0Artificial Intelligence One Photoshop Action. The visual look...\" \/>\n<meta name=\"robots\" content=\"index, follow, max-snippet:-1, max-image-preview:large, max-video-preview:-1\" \/>\n<link rel=\"canonical\" href=\"http:\/\/graphimarket.com\/de\/product\/artificial-intelligence-3\/\" \/>\n<meta property=\"og:locale\" content=\"de_DE\" \/>\n<meta property=\"og:type\" content=\"article\" \/>\n<meta property=\"og:title\" content=\"Artificial Intelligence 3 - Graphimarket\" \/>\n<meta property=\"og:description\" content=\"Artificial Intelligence 3. This is a new version of the popular\u00a0Artificial Intelligence One Photoshop Action. The visual look...\" \/>\n<meta property=\"og:url\" content=\"http:\/\/graphimarket.com\/de\/product\/artificial-intelligence-3\/\" \/>\n<meta property=\"og:site_name\" content=\"Graphimarket\" \/>\n<meta property=\"article:modified_time\" content=\"2024-10-22T11:04:19+00:00\" \/>\n<meta property=\"og:image\" content=\"https:\/\/graphimarket.com\/wp-content\/uploads\/2021\/04\/icon-9.jpg\" \/>\n\t<meta property=\"og:image:width\" content=\"590\" \/>\n\t<meta property=\"og:image:height\" content=\"741\" \/>\n\t<meta property=\"og:image:type\" content=\"image\/jpeg\" \/>\n<meta name=\"twitter:card\" content=\"summary_large_image\" \/>\n<meta name=\"twitter:label1\" content=\"Est. reading time\" \/>\n\t<meta name=\"twitter:data1\" content=\"2 minutes\" \/>\n<script type=\"application\/ld+json\" class=\"yoast-schema-graph\">{\"@context\":\"https:\\\/\\\/schema.org\",\"@graph\":[{\"@type\":\"WebPage\",\"@id\":\"http:\\\/\\\/graphimarket.com\\\/ja\\\/product\\\/artificial-intelligence-3\\\/\",\"url\":\"http:\\\/\\\/graphimarket.com\\\/ja\\\/product\\\/artificial-intelligence-3\\\/\",\"name\":\"Artificial Intelligence 3 - Graphimarket\",\"isPartOf\":{\"@id\":\"https:\\\/\\\/graphimarket.com\\\/fr\\\/#website\"},\"primaryImageOfPage\":{\"@id\":\"http:\\\/\\\/graphimarket.com\\\/ja\\\/product\\\/artificial-intelligence-3\\\/#primaryimage\"},\"image\":{\"@id\":\"http:\\\/\\\/graphimarket.com\\\/ja\\\/product\\\/artificial-intelligence-3\\\/#primaryimage\"},\"thumbnailUrl\":\"https:\\\/\\\/graphimarket.com\\\/wp-content\\\/uploads\\\/2021\\\/04\\\/icon-9.jpg\",\"datePublished\":\"2021-04-06T13:49:36+00:00\",\"dateModified\":\"2024-10-22T11:04:19+00:00\",\"description\":\"Artificial Intelligence 3. This is a new version of the popular\u00a0Artificial Intelligence One Photoshop Action. The visual look...\",\"breadcrumb\":{\"@id\":\"http:\\\/\\\/graphimarket.com\\\/ja\\\/product\\\/artificial-intelligence-3\\\/#breadcrumb\"},\"inLanguage\":\"de-DE\",\"potentialAction\":[{\"@type\":\"ReadAction\",\"target\":[\"http:\\\/\\\/graphimarket.com\\\/ja\\\/product\\\/artificial-intelligence-3\\\/\"]}]},{\"@type\":\"ImageObject\",\"inLanguage\":\"de-DE\",\"@id\":\"http:\\\/\\\/graphimarket.com\\\/ja\\\/product\\\/artificial-intelligence-3\\\/#primaryimage\",\"url\":\"https:\\\/\\\/graphimarket.com\\\/wp-content\\\/uploads\\\/2021\\\/04\\\/icon-9.jpg\",\"contentUrl\":\"https:\\\/\\\/graphimarket.com\\\/wp-content\\\/uploads\\\/2021\\\/04\\\/icon-9.jpg\",\"width\":590,\"height\":741},{\"@type\":\"BreadcrumbList\",\"@id\":\"http:\\\/\\\/graphimarket.com\\\/ja\\\/product\\\/artificial-intelligence-3\\\/#breadcrumb\",\"itemListElement\":[{\"@type\":\"ListItem\",\"position\":1,\"name\":\"Home\",\"item\":\"https:\\\/\\\/graphimarket.com\\\/es\\\/\"},{\"@type\":\"ListItem\",\"position\":2,\"name\":\"Store\",\"item\":\"https:\\\/\\\/graphimarket.com\\\/store\\\/\"},{\"@type\":\"ListItem\",\"position\":3,\"name\":\"Artificial Intelligence 3\"}]},{\"@type\":\"WebSite\",\"@id\":\"https:\\\/\\\/graphimarket.com\\\/fr\\\/#website\",\"url\":\"https:\\\/\\\/graphimarket.com\\\/fr\\\/\",\"name\":\"Graphimarket\",\"description\":\"Find the perfect creative asset to bring your project to life\",\"publisher\":{\"@id\":\"https:\\\/\\\/graphimarket.com\\\/fr\\\/#organization\"},\"potentialAction\":[{\"@type\":\"SearchAction\",\"target\":{\"@type\":\"EntryPoint\",\"urlTemplate\":\"https:\\\/\\\/graphimarket.com\\\/fr\\\/?s={search_term_string}\"},\"query-input\":{\"@type\":\"PropertyValueSpecification\",\"valueRequired\":true,\"valueName\":\"search_term_string\"}}],\"inLanguage\":\"de-DE\"},{\"@type\":\"Organization\",\"@id\":\"https:\\\/\\\/graphimarket.com\\\/fr\\\/#organization\",\"name\":\"Graphimarket\",\"url\":\"https:\\\/\\\/graphimarket.com\\\/fr\\\/\",\"logo\":{\"@type\":\"ImageObject\",\"inLanguage\":\"de-DE\",\"@id\":\"https:\\\/\\\/graphimarket.com\\\/fr\\\/#\\\/schema\\\/logo\\\/image\\\/\",\"url\":\"https:\\\/\\\/graphimarket.com\\\/wp-content\\\/uploads\\\/2020\\\/08\\\/logo-48.png\",\"contentUrl\":\"https:\\\/\\\/graphimarket.com\\\/wp-content\\\/uploads\\\/2020\\\/08\\\/logo-48.png\",\"width\":132,\"height\":48,\"caption\":\"Graphimarket\"},\"image\":{\"@id\":\"https:\\\/\\\/graphimarket.com\\\/fr\\\/#\\\/schema\\\/logo\\\/image\\\/\"}}]}<\/script>\n<!-- \/ Yoast SEO plugin. -->","yoast_head_json":{"title":"K\u00fcnstliche Intelligenz 3 - Graphimarket","description":"K\u00fcnstliche Intelligenz 3. Dies ist eine neue Version der beliebten Photoshop-Aktion f\u00fcr k\u00fcnstliche Intelligenz. Der visuelle Look ...","robots":{"index":"index","follow":"follow","max-snippet":"max-snippet:-1","max-image-preview":"max-image-preview:large","max-video-preview":"max-video-preview:-1"},"canonical":"http:\/\/graphimarket.com\/de\/product\/artificial-intelligence-3\/","og_locale":"de_DE","og_type":"article","og_title":"Artificial Intelligence 3 - Graphimarket","og_description":"Artificial Intelligence 3. This is a new version of the popular\u00a0Artificial Intelligence One Photoshop Action. The visual look...","og_url":"http:\/\/graphimarket.com\/de\/product\/artificial-intelligence-3\/","og_site_name":"Graphimarket","article_modified_time":"2024-10-22T11:04:19+00:00","og_image":[{"width":590,"height":741,"url":"https:\/\/graphimarket.com\/wp-content\/uploads\/2021\/04\/icon-9.jpg","type":"image\/jpeg"}],"twitter_card":"summary_large_image","twitter_misc":{"Est. reading time":"2 minutes"},"schema":{"@context":"https:\/\/schema.org","@graph":[{"@type":"WebPage","@id":"http:\/\/graphimarket.com\/ja\/product\/artificial-intelligence-3\/","url":"http:\/\/graphimarket.com\/ja\/product\/artificial-intelligence-3\/","name":"K\u00fcnstliche Intelligenz 3 - Graphimarket","isPartOf":{"@id":"https:\/\/graphimarket.com\/fr\/#website"},"primaryImageOfPage":{"@id":"http:\/\/graphimarket.com\/ja\/product\/artificial-intelligence-3\/#primaryimage"},"image":{"@id":"http:\/\/graphimarket.com\/ja\/product\/artificial-intelligence-3\/#primaryimage"},"thumbnailUrl":"https:\/\/graphimarket.com\/wp-content\/uploads\/2021\/04\/icon-9.jpg","datePublished":"2021-04-06T13:49:36+00:00","dateModified":"2024-10-22T11:04:19+00:00","description":"K\u00fcnstliche Intelligenz 3. Dies ist eine neue Version der beliebten Photoshop-Aktion f\u00fcr k\u00fcnstliche Intelligenz. Der visuelle Look ...","breadcrumb":{"@id":"http:\/\/graphimarket.com\/ja\/product\/artificial-intelligence-3\/#breadcrumb"},"inLanguage":"de-DE","potentialAction":[{"@type":"ReadAction","target":["http:\/\/graphimarket.com\/ja\/product\/artificial-intelligence-3\/"]}]},{"@type":"ImageObject","inLanguage":"de-DE","@id":"http:\/\/graphimarket.com\/ja\/product\/artificial-intelligence-3\/#primaryimage","url":"https:\/\/graphimarket.com\/wp-content\/uploads\/2021\/04\/icon-9.jpg","contentUrl":"https:\/\/graphimarket.com\/wp-content\/uploads\/2021\/04\/icon-9.jpg","width":590,"height":741},{"@type":"BreadcrumbList","@id":"http:\/\/graphimarket.com\/ja\/product\/artificial-intelligence-3\/#breadcrumb","itemListElement":[{"@type":"ListItem","position":1,"name":"Home","item":"https:\/\/graphimarket.com\/es\/"},{"@type":"ListItem","position":2,"name":"Store","item":"https:\/\/graphimarket.com\/store\/"},{"@type":"ListItem","position":3,"name":"Artificial Intelligence 3"}]},{"@type":"WebSite","@id":"https:\/\/graphimarket.com\/fr\/#website","url":"https:\/\/graphimarket.com\/fr\/","name":"Graphimarket","description":"Finden Sie das perfekte kreative Kapital, um Ihr Projekt zum Leben zu erwecken","publisher":{"@id":"https:\/\/graphimarket.com\/fr\/#organization"},"potentialAction":[{"@type":"SearchAction","target":{"@type":"EntryPoint","urlTemplate":"https:\/\/graphimarket.com\/fr\/?s={search_term_string}"},"query-input":{"@type":"PropertyValueSpecification","valueRequired":true,"valueName":"search_term_string"}}],"inLanguage":"de-DE"},{"@type":"Organization","@id":"https:\/\/graphimarket.com\/fr\/#organization","name":"Graphimarket","url":"https:\/\/graphimarket.com\/fr\/","logo":{"@type":"ImageObject","inLanguage":"de-DE","@id":"https:\/\/graphimarket.com\/fr\/#\/schema\/logo\/image\/","url":"https:\/\/graphimarket.com\/wp-content\/uploads\/2020\/08\/logo-48.png","contentUrl":"https:\/\/graphimarket.com\/wp-content\/uploads\/2020\/08\/logo-48.png","width":132,"height":48,"caption":"Graphimarket"},"image":{"@id":"https:\/\/graphimarket.com\/fr\/#\/schema\/logo\/image\/"}}]}},"_links":{"self":[{"href":"http:\/\/graphimarket.com\/de\/wp-json\/wp\/v2\/product\/17054","targetHints":{"allow":["GET"]}}],"collection":[{"href":"http:\/\/graphimarket.com\/de\/wp-json\/wp\/v2\/product"}],"about":[{"href":"http:\/\/graphimarket.com\/de\/wp-json\/wp\/v2\/types\/product"}],"replies":[{"embeddable":true,"href":"http:\/\/graphimarket.com\/de\/wp-json\/wp\/v2\/comments?post=17054"}],"version-history":[{"count":0,"href":"http:\/\/graphimarket.com\/de\/wp-json\/wp\/v2\/product\/17054\/revisions"}],"wp:featuredmedia":[{"embeddable":true,"href":"http:\/\/graphimarket.com\/de\/wp-json\/wp\/v2\/media\/17056"}],"wp:attachment":[{"href":"http:\/\/graphimarket.com\/de\/wp-json\/wp\/v2\/media?parent=17054"}],"wp:term":[{"taxonomy":"product_brand","embeddable":true,"href":"http:\/\/graphimarket.com\/de\/wp-json\/wp\/v2\/product_brand?post=17054"},{"taxonomy":"product_cat","embeddable":true,"href":"http:\/\/graphimarket.com\/de\/wp-json\/wp\/v2\/product_cat?post=17054"},{"taxonomy":"product_tag","embeddable":true,"href":"http:\/\/graphimarket.com\/de\/wp-json\/wp\/v2\/product_tag?post=17054"}],"curies":[{"name":"wp","href":"https:\/\/api.w.org\/{rel}","templated":true}]}}