{"id":7563,"date":"2020-09-03T15:40:55","date_gmt":"2020-09-03T13:40:55","guid":{"rendered":"https:\/\/graphimarket.com\/?post_type=product&#038;p=7563"},"modified":"2022-12-19T23:29:37","modified_gmt":"2022-12-19T22:29:37","slug":"halloween-scene-creators-2","status":"publish","type":"product","link":"http:\/\/graphimarket.com\/de\/product\/halloween-scene-creators-2\/","title":{"rendered":"Halloween-Szenensch\u00f6pfer"},"content":{"rendered":"<p>Halloween Scene Creators \u2013 Genie\u00dfen Sie dieses Halloween mit diesem fantastischen kostenlosen Geschenk!<\/p>\n<p>Dieses Freebie enth\u00e4lt 8 Scene Creators und mehr als 100 Elemente, die Sie verwenden k\u00f6nnen, um fantastische Halloween-Designs zu erstellen! Ihre Halloween-Grafikdesigns sind der wichtigste Entscheidungsfaktor f\u00fcr Verbraucher. Dies ist der erste Schritt, um das erste Verkaufsgespr\u00e4ch zu f\u00fchren, bevor Sie sp\u00e4ter weitermachen. Halloween-Designs sollten die gesamte Saison abbilden, ohne dabei den Fokus auf das zu verlieren, was Sie bewerben.<\/p>\n<p>Dieses Angebot wird mit einer erweiterten kommerziellen Lizenz geliefert, sodass Sie dieses Paket f\u00fcr unbegrenzte pers\u00f6nliche und kommerzielle Projekte verwenden k\u00f6nnen!<\/p>\n<h3>8 Szenenersteller beinhaltet:<\/h3>\n<ul>\n<li>\u00dcber 100 Elemente<\/li>\n<li>Lichteffekte<\/li>\n<li>Hintergrundtextur<\/li>\n<\/ul>\n<h3><strong>Hier ist ein kleiner Vorgeschmack auf dieses Halloween Scene Creators Bundle:<\/strong><\/h3>\n<p>&nbsp;<\/p>\n<p><img fetchpriority=\"high\" decoding=\"async\" class=\"aligncenter wp-image-7565 size-full\" src=\"https:\/\/graphimarket.com\/wp-content\/uploads\/2020\/09\/02-iso-scene-1-1024x683-2.jpg\" alt=\"\" width=\"1024\" height=\"683\" srcset=\"https:\/\/graphimarket.com\/wp-content\/uploads\/2020\/09\/02-iso-scene-1-1024x683-2.jpg 1024w, https:\/\/graphimarket.com\/wp-content\/uploads\/2020\/09\/02-iso-scene-1-1024x683-2-600x400.jpg 600w, https:\/\/graphimarket.com\/wp-content\/uploads\/2020\/09\/02-iso-scene-1-1024x683-2-300x200.jpg 300w, https:\/\/graphimarket.com\/wp-content\/uploads\/2020\/09\/02-iso-scene-1-1024x683-2-768x512.jpg 768w\" sizes=\"(max-width: 1024px) 100vw, 1024px\" \/><\/p>\n<p><img decoding=\"async\" class=\"aligncenter wp-image-7566 size-full\" src=\"https:\/\/graphimarket.com\/wp-content\/uploads\/2020\/09\/02-top-scene-1024x683-2.jpg\" alt=\"\" width=\"1024\" height=\"683\" srcset=\"https:\/\/graphimarket.com\/wp-content\/uploads\/2020\/09\/02-top-scene-1024x683-2.jpg 1024w, https:\/\/graphimarket.com\/wp-content\/uploads\/2020\/09\/02-top-scene-1024x683-2-600x400.jpg 600w, https:\/\/graphimarket.com\/wp-content\/uploads\/2020\/09\/02-top-scene-1024x683-2-300x200.jpg 300w, https:\/\/graphimarket.com\/wp-content\/uploads\/2020\/09\/02-top-scene-1024x683-2-768x512.jpg 768w\" sizes=\"(max-width: 1024px) 100vw, 1024px\" \/><\/p>\n<p><img decoding=\"async\" class=\"aligncenter wp-image-7567 size-full\" src=\"https:\/\/graphimarket.com\/wp-content\/uploads\/2020\/09\/03-front-scene-1024x683-2.jpg\" alt=\"\" width=\"1024\" height=\"683\" srcset=\"https:\/\/graphimarket.com\/wp-content\/uploads\/2020\/09\/03-front-scene-1024x683-2.jpg 1024w, https:\/\/graphimarket.com\/wp-content\/uploads\/2020\/09\/03-front-scene-1024x683-2-600x400.jpg 600w, https:\/\/graphimarket.com\/wp-content\/uploads\/2020\/09\/03-front-scene-1024x683-2-300x200.jpg 300w, https:\/\/graphimarket.com\/wp-content\/uploads\/2020\/09\/03-front-scene-1024x683-2-768x512.jpg 768w\" sizes=\"(max-width: 1024px) 100vw, 1024px\" \/><\/p>\n<p><img loading=\"lazy\" decoding=\"async\" class=\"aligncenter wp-image-7568 size-full\" src=\"https:\/\/graphimarket.com\/wp-content\/uploads\/2020\/09\/03-top-scene-1024x683-2.jpg\" alt=\"\" width=\"1024\" height=\"683\" srcset=\"https:\/\/graphimarket.com\/wp-content\/uploads\/2020\/09\/03-top-scene-1024x683-2.jpg 1024w, https:\/\/graphimarket.com\/wp-content\/uploads\/2020\/09\/03-top-scene-1024x683-2-600x400.jpg 600w, https:\/\/graphimarket.com\/wp-content\/uploads\/2020\/09\/03-top-scene-1024x683-2-300x200.jpg 300w, https:\/\/graphimarket.com\/wp-content\/uploads\/2020\/09\/03-top-scene-1024x683-2-768x512.jpg 768w\" sizes=\"(max-width: 1024px) 100vw, 1024px\" \/><\/p>\n<p><img loading=\"lazy\" decoding=\"async\" class=\"aligncenter wp-image-7570 size-full\" src=\"https:\/\/graphimarket.com\/wp-content\/uploads\/2020\/09\/04-front-scene-1024x683-2.jpg\" alt=\"\" width=\"1024\" height=\"683\" srcset=\"https:\/\/graphimarket.com\/wp-content\/uploads\/2020\/09\/04-front-scene-1024x683-2.jpg 1024w, https:\/\/graphimarket.com\/wp-content\/uploads\/2020\/09\/04-front-scene-1024x683-2-600x400.jpg 600w, https:\/\/graphimarket.com\/wp-content\/uploads\/2020\/09\/04-front-scene-1024x683-2-300x200.jpg 300w, https:\/\/graphimarket.com\/wp-content\/uploads\/2020\/09\/04-front-scene-1024x683-2-768x512.jpg 768w\" sizes=\"(max-width: 1024px) 100vw, 1024px\" \/><\/p>\n<p><img loading=\"lazy\" decoding=\"async\" class=\"aligncenter wp-image-7571 size-full\" src=\"https:\/\/graphimarket.com\/wp-content\/uploads\/2020\/09\/04-top-scene-1024x683-2.jpg\" alt=\"\" width=\"1024\" height=\"683\" srcset=\"https:\/\/graphimarket.com\/wp-content\/uploads\/2020\/09\/04-top-scene-1024x683-2.jpg 1024w, https:\/\/graphimarket.com\/wp-content\/uploads\/2020\/09\/04-top-scene-1024x683-2-600x400.jpg 600w, https:\/\/graphimarket.com\/wp-content\/uploads\/2020\/09\/04-top-scene-1024x683-2-300x200.jpg 300w, https:\/\/graphimarket.com\/wp-content\/uploads\/2020\/09\/04-top-scene-1024x683-2-768x512.jpg 768w\" sizes=\"(max-width: 1024px) 100vw, 1024px\" \/><\/p>\n<p><img loading=\"lazy\" decoding=\"async\" class=\"aligncenter wp-image-7572 size-full\" src=\"https:\/\/graphimarket.com\/wp-content\/uploads\/2020\/09\/05-front-scene-1024x683-2.jpg\" alt=\"\" width=\"1024\" height=\"683\" srcset=\"https:\/\/graphimarket.com\/wp-content\/uploads\/2020\/09\/05-front-scene-1024x683-2.jpg 1024w, https:\/\/graphimarket.com\/wp-content\/uploads\/2020\/09\/05-front-scene-1024x683-2-600x400.jpg 600w, https:\/\/graphimarket.com\/wp-content\/uploads\/2020\/09\/05-front-scene-1024x683-2-300x200.jpg 300w, https:\/\/graphimarket.com\/wp-content\/uploads\/2020\/09\/05-front-scene-1024x683-2-768x512.jpg 768w\" sizes=\"(max-width: 1024px) 100vw, 1024px\" \/><\/p>\n<p><img loading=\"lazy\" decoding=\"async\" class=\"aligncenter wp-image-7573 size-full\" src=\"https:\/\/graphimarket.com\/wp-content\/uploads\/2020\/09\/01-top-scene-1-1024x683-2.jpg\" alt=\"\" width=\"1024\" height=\"683\" srcset=\"https:\/\/graphimarket.com\/wp-content\/uploads\/2020\/09\/01-top-scene-1-1024x683-2.jpg 1024w, https:\/\/graphimarket.com\/wp-content\/uploads\/2020\/09\/01-top-scene-1-1024x683-2-600x400.jpg 600w, https:\/\/graphimarket.com\/wp-content\/uploads\/2020\/09\/01-top-scene-1-1024x683-2-300x200.jpg 300w, https:\/\/graphimarket.com\/wp-content\/uploads\/2020\/09\/01-top-scene-1-1024x683-2-768x512.jpg 768w\" sizes=\"(max-width: 1024px) 100vw, 1024px\" \/><\/p>\n<p>&nbsp;<\/p>\n<p>Die beliebteste Zeit, um mit der Dekoration f\u00fcr Halloween zu beginnen, sind die ersten beiden Oktoberwochen. Sie k\u00f6nnen jedoch bereits Ende September mit dem Aufh\u00e4ngen von Dekorationen f\u00fcr Halloween beginnen. Genie\u00dfen Sie dieses Halloween mit diesem fantastischen kostenlosen Geschenk von Inky Deals!<\/p>\n<h3>Holen Sie sich dieses Freebie jetzt!<\/h3>\n<h3>Gesch\u00e4ftsbedingungen f\u00fcr Ersteller von Halloween-Szenen:<\/h3>\n<ul>\n<li>Dieses Paket steht nach Abschluss Ihres Kaufs als sofortiger Download zur Verf\u00fcgung.<\/li>\n<li>Das Bundle kann f\u00fcr pers\u00f6nliche und kommerzielle Zwecke mit einer unbegrenzten Anzahl von Projekten verwendet werden.<\/li>\n<li>Endprodukte d\u00fcrfen nicht in einer Weise verwendet oder verkauft werden, die in direktem Wettbewerb mit dem von Ihnen gekauften Originalartikel steht.<\/li>\n<li>Sie erhalten lebenslangen Zugriff auf das Bundle.<\/li>\n<li>Dieses Paket steht nach Abschluss Ihres Kaufs als sofortiger Download zur Verf\u00fcgung.<\/li>\n<li>Das Bundle kann f\u00fcr pers\u00f6nliche und kommerzielle Zwecke mit einer unbegrenzten Anzahl von Projekten verwendet werden.<\/li>\n<li>Endprodukte d\u00fcrfen nicht in einer Weise verwendet oder verkauft werden, die in direktem Wettbewerb mit dem von Ihnen gekauften Originalartikel steht.<\/li>\n<li>Es kann nicht unterlizenziert, weiterverkauft, geteilt, \u00fcbertragen oder auf andere Weise allein weitergegeben werden. Sie k\u00f6nnen diese Ressourcen nicht mit anderen teilen.<\/li>\n<li>Sie erhalten lebenslangen Zugriff auf das Bundle.<\/li>\n<li>Dieses Angebot wird mit einer erweiterten kommerziellen Lizenz geliefert, sodass Sie dieses Paket f\u00fcr unbegrenzte pers\u00f6nliche und kommerzielle Projekte verwenden k\u00f6nnen!<\/li>\n<\/ul>\n<p>&nbsp;<\/p>","protected":false},"excerpt":{"rendered":"<p>Halloween Scene Creators \u2013 Enjoy this Halloween with this awesome free gift! This freebie includes 8 Scene Creators and more than 100 elements that you can use to create awesome Halloween Designs! Your Halloween graphic designs are the most significant decisive factor for consumers. This is the first step in making that initial sales pitch [&hellip;]<\/p>\n","protected":false},"featured_media":7564,"comment_status":"open","ping_status":"closed","template":"","meta":{"site-sidebar-layout":"default","site-content-layout":"default","ast-site-content-layout":"default","site-content-style":"default","site-sidebar-style":"default","ast-global-header-display":"","ast-banner-title-visibility":"","ast-main-header-display":"","ast-hfb-above-header-display":"","ast-hfb-below-header-display":"","ast-hfb-mobile-header-display":"","site-post-title":"","ast-breadcrumbs-content":"","ast-featured-img":"","footer-sml-layout":"","ast-disable-related-posts":"","theme-transparent-header-meta":"default","adv-header-id-meta":"","stick-header-meta":"","header-above-stick-meta":"","header-main-stick-meta":"","header-below-stick-meta":"","astra-migrate-meta-layouts":"default","ast-page-background-enabled":"default","ast-page-background-meta":{"desktop":{"background-color":"","background-image":"","background-repeat":"repeat","background-position":"center center","background-size":"auto","background-attachment":"scroll","background-type":"","background-media":"","overlay-type":"","overlay-color":"","overlay-opacity":"","overlay-gradient":""},"tablet":{"background-color":"","background-image":"","background-repeat":"repeat","background-position":"center center","background-size":"auto","background-attachment":"scroll","background-type":"","background-media":"","overlay-type":"","overlay-color":"","overlay-opacity":"","overlay-gradient":""},"mobile":{"background-color":"","background-image":"","background-repeat":"repeat","background-position":"center center","background-size":"auto","background-attachment":"scroll","background-type":"","background-media":"","overlay-type":"","overlay-color":"","overlay-opacity":"","overlay-gradient":""}},"ast-content-background-meta":{"desktop":{"background-color":"var(--ast-global-color-5)","background-image":"","background-repeat":"repeat","background-position":"center center","background-size":"auto","background-attachment":"scroll","background-type":"","background-media":"","overlay-type":"","overlay-color":"","overlay-opacity":"","overlay-gradient":""},"tablet":{"background-color":"var(--ast-global-color-5)","background-image":"","background-repeat":"repeat","background-position":"center center","background-size":"auto","background-attachment":"scroll","background-type":"","background-media":"","overlay-type":"","overlay-color":"","overlay-opacity":"","overlay-gradient":""},"mobile":{"background-color":"var(--ast-global-color-5)","background-image":"","background-repeat":"repeat","background-position":"center center","background-size":"auto","background-attachment":"scroll","background-type":"","background-media":"","overlay-type":"","overlay-color":"","overlay-opacity":"","overlay-gradient":""}}},"product_brand":[],"product_cat":[99,191,46,195,176],"product_tag":[],"class_list":{"0":"post-7563","1":"product","2":"type-product","3":"status-publish","4":"has-post-thumbnail","6":"product_cat-backgrounds","7":"product_cat-free","8":"product_cat-graphics","9":"product_cat-photoshop","10":"product_cat-vectors","11":"desktop-align-left","12":"tablet-align-left","13":"mobile-align-left","15":"first","16":"instock","17":"sale","18":"downloadable","19":"virtual","20":"taxable","21":"purchasable","22":"product-type-simple"},"yoast_head":"<!-- This site is optimized with the Yoast SEO plugin v27.3 - https:\/\/yoast.com\/product\/yoast-seo-wordpress\/ -->\n<title>Halloween Scene Creators - Graphimarket<\/title>\n<meta name=\"description\" content=\"Halloween Scene Creators \u2013 Enjoy this Halloween with this awesome free gift from Inky Deals!This freebie includes 8 Scene Creators...\" \/>\n<meta name=\"robots\" content=\"index, follow, max-snippet:-1, max-image-preview:large, max-video-preview:-1\" \/>\n<link rel=\"canonical\" href=\"https:\/\/graphimarket.com\/de\/product\/halloween-scene-creators-2\/\" \/>\n<meta property=\"og:locale\" content=\"de_DE\" \/>\n<meta property=\"og:type\" content=\"article\" \/>\n<meta property=\"og:title\" content=\"Halloween Scene Creators - Graphimarket\" \/>\n<meta property=\"og:description\" content=\"Halloween Scene Creators \u2013 Enjoy this Halloween with this awesome free gift from Inky Deals!This freebie includes 8 Scene Creators...\" \/>\n<meta property=\"og:url\" content=\"https:\/\/graphimarket.com\/de\/product\/halloween-scene-creators-2\/\" \/>\n<meta property=\"og:site_name\" content=\"Graphimarket\" \/>\n<meta property=\"article:modified_time\" content=\"2022-12-19T22:29:37+00:00\" \/>\n<meta property=\"og:image\" content=\"https:\/\/graphimarket.com\/wp-content\/uploads\/2020\/09\/Feature-Image-800x516-2.jpg\" \/>\n\t<meta property=\"og:image:width\" content=\"800\" \/>\n\t<meta property=\"og:image:height\" content=\"516\" \/>\n\t<meta property=\"og:image:type\" content=\"image\/jpeg\" \/>\n<meta name=\"twitter:card\" content=\"summary_large_image\" \/>\n<meta name=\"twitter:label1\" content=\"Est. reading time\" \/>\n\t<meta name=\"twitter:data1\" content=\"2 minutes\" \/>\n<script type=\"application\/ld+json\" class=\"yoast-schema-graph\">{\"@context\":\"https:\\\/\\\/schema.org\",\"@graph\":[{\"@type\":\"WebPage\",\"@id\":\"https:\\\/\\\/graphimarket.com\\\/product\\\/halloween-scene-creators-2\\\/\",\"url\":\"https:\\\/\\\/graphimarket.com\\\/product\\\/halloween-scene-creators-2\\\/\",\"name\":\"Halloween Scene Creators - Graphimarket\",\"isPartOf\":{\"@id\":\"https:\\\/\\\/graphimarket.com\\\/fr\\\/#website\"},\"primaryImageOfPage\":{\"@id\":\"https:\\\/\\\/graphimarket.com\\\/product\\\/halloween-scene-creators-2\\\/#primaryimage\"},\"image\":{\"@id\":\"https:\\\/\\\/graphimarket.com\\\/product\\\/halloween-scene-creators-2\\\/#primaryimage\"},\"thumbnailUrl\":\"https:\\\/\\\/graphimarket.com\\\/wp-content\\\/uploads\\\/2020\\\/09\\\/Feature-Image-800x516-2.jpg\",\"datePublished\":\"2020-09-03T13:40:55+00:00\",\"dateModified\":\"2022-12-19T22:29:37+00:00\",\"description\":\"Halloween Scene Creators \u2013 Enjoy this Halloween with this awesome free gift from Inky Deals!This freebie includes 8 Scene Creators...\",\"breadcrumb\":{\"@id\":\"https:\\\/\\\/graphimarket.com\\\/product\\\/halloween-scene-creators-2\\\/#breadcrumb\"},\"inLanguage\":\"de-DE\",\"potentialAction\":[{\"@type\":\"ReadAction\",\"target\":[\"https:\\\/\\\/graphimarket.com\\\/product\\\/halloween-scene-creators-2\\\/\"]}]},{\"@type\":\"ImageObject\",\"inLanguage\":\"de-DE\",\"@id\":\"https:\\\/\\\/graphimarket.com\\\/product\\\/halloween-scene-creators-2\\\/#primaryimage\",\"url\":\"https:\\\/\\\/graphimarket.com\\\/wp-content\\\/uploads\\\/2020\\\/09\\\/Feature-Image-800x516-2.jpg\",\"contentUrl\":\"https:\\\/\\\/graphimarket.com\\\/wp-content\\\/uploads\\\/2020\\\/09\\\/Feature-Image-800x516-2.jpg\",\"width\":800,\"height\":516},{\"@type\":\"BreadcrumbList\",\"@id\":\"https:\\\/\\\/graphimarket.com\\\/product\\\/halloween-scene-creators-2\\\/#breadcrumb\",\"itemListElement\":[{\"@type\":\"ListItem\",\"position\":1,\"name\":\"Home\",\"item\":\"https:\\\/\\\/graphimarket.com\\\/es\\\/\"},{\"@type\":\"ListItem\",\"position\":2,\"name\":\"Store\",\"item\":\"https:\\\/\\\/graphimarket.com\\\/store\\\/\"},{\"@type\":\"ListItem\",\"position\":3,\"name\":\"Halloween Scene Creators\"}]},{\"@type\":\"WebSite\",\"@id\":\"https:\\\/\\\/graphimarket.com\\\/fr\\\/#website\",\"url\":\"https:\\\/\\\/graphimarket.com\\\/fr\\\/\",\"name\":\"Graphimarket\",\"description\":\"Find the perfect creative asset to bring your project to life\",\"publisher\":{\"@id\":\"https:\\\/\\\/graphimarket.com\\\/fr\\\/#organization\"},\"potentialAction\":[{\"@type\":\"SearchAction\",\"target\":{\"@type\":\"EntryPoint\",\"urlTemplate\":\"https:\\\/\\\/graphimarket.com\\\/fr\\\/?s={search_term_string}\"},\"query-input\":{\"@type\":\"PropertyValueSpecification\",\"valueRequired\":true,\"valueName\":\"search_term_string\"}}],\"inLanguage\":\"de-DE\"},{\"@type\":\"Organization\",\"@id\":\"https:\\\/\\\/graphimarket.com\\\/fr\\\/#organization\",\"name\":\"Graphimarket\",\"url\":\"https:\\\/\\\/graphimarket.com\\\/fr\\\/\",\"logo\":{\"@type\":\"ImageObject\",\"inLanguage\":\"de-DE\",\"@id\":\"https:\\\/\\\/graphimarket.com\\\/fr\\\/#\\\/schema\\\/logo\\\/image\\\/\",\"url\":\"https:\\\/\\\/graphimarket.com\\\/wp-content\\\/uploads\\\/2020\\\/08\\\/logo-48.png\",\"contentUrl\":\"https:\\\/\\\/graphimarket.com\\\/wp-content\\\/uploads\\\/2020\\\/08\\\/logo-48.png\",\"width\":132,\"height\":48,\"caption\":\"Graphimarket\"},\"image\":{\"@id\":\"https:\\\/\\\/graphimarket.com\\\/fr\\\/#\\\/schema\\\/logo\\\/image\\\/\"}}]}<\/script>\n<!-- \/ Yoast SEO plugin. -->","yoast_head_json":{"title":"Ersteller von Halloween-Szenen - Graphimarket","description":"Halloween Scene Creators \u2013 Genie\u00dfen Sie dieses Halloween mit diesem fantastischen kostenlosen Geschenk von Inky Deals! Dieses Freebie enth\u00e4lt 8 Scene Creators ...","robots":{"index":"index","follow":"follow","max-snippet":"max-snippet:-1","max-image-preview":"max-image-preview:large","max-video-preview":"max-video-preview:-1"},"canonical":"https:\/\/graphimarket.com\/de\/product\/halloween-scene-creators-2\/","og_locale":"de_DE","og_type":"article","og_title":"Halloween Scene Creators - Graphimarket","og_description":"Halloween Scene Creators \u2013 Enjoy this Halloween with this awesome free gift from Inky Deals!This freebie includes 8 Scene Creators...","og_url":"https:\/\/graphimarket.com\/de\/product\/halloween-scene-creators-2\/","og_site_name":"Graphimarket","article_modified_time":"2022-12-19T22:29:37+00:00","og_image":[{"width":800,"height":516,"url":"https:\/\/graphimarket.com\/wp-content\/uploads\/2020\/09\/Feature-Image-800x516-2.jpg","type":"image\/jpeg"}],"twitter_card":"summary_large_image","twitter_misc":{"Est. reading time":"2 minutes"},"schema":{"@context":"https:\/\/schema.org","@graph":[{"@type":"WebPage","@id":"https:\/\/graphimarket.com\/product\/halloween-scene-creators-2\/","url":"https:\/\/graphimarket.com\/product\/halloween-scene-creators-2\/","name":"Ersteller von Halloween-Szenen - Graphimarket","isPartOf":{"@id":"https:\/\/graphimarket.com\/fr\/#website"},"primaryImageOfPage":{"@id":"https:\/\/graphimarket.com\/product\/halloween-scene-creators-2\/#primaryimage"},"image":{"@id":"https:\/\/graphimarket.com\/product\/halloween-scene-creators-2\/#primaryimage"},"thumbnailUrl":"https:\/\/graphimarket.com\/wp-content\/uploads\/2020\/09\/Feature-Image-800x516-2.jpg","datePublished":"2020-09-03T13:40:55+00:00","dateModified":"2022-12-19T22:29:37+00:00","description":"Halloween Scene Creators \u2013 Genie\u00dfen Sie dieses Halloween mit diesem fantastischen kostenlosen Geschenk von Inky Deals! Dieses Freebie enth\u00e4lt 8 Scene Creators ...","breadcrumb":{"@id":"https:\/\/graphimarket.com\/product\/halloween-scene-creators-2\/#breadcrumb"},"inLanguage":"de-DE","potentialAction":[{"@type":"ReadAction","target":["https:\/\/graphimarket.com\/product\/halloween-scene-creators-2\/"]}]},{"@type":"ImageObject","inLanguage":"de-DE","@id":"https:\/\/graphimarket.com\/product\/halloween-scene-creators-2\/#primaryimage","url":"https:\/\/graphimarket.com\/wp-content\/uploads\/2020\/09\/Feature-Image-800x516-2.jpg","contentUrl":"https:\/\/graphimarket.com\/wp-content\/uploads\/2020\/09\/Feature-Image-800x516-2.jpg","width":800,"height":516},{"@type":"BreadcrumbList","@id":"https:\/\/graphimarket.com\/product\/halloween-scene-creators-2\/#breadcrumb","itemListElement":[{"@type":"ListItem","position":1,"name":"Home","item":"https:\/\/graphimarket.com\/es\/"},{"@type":"ListItem","position":2,"name":"Store","item":"https:\/\/graphimarket.com\/store\/"},{"@type":"ListItem","position":3,"name":"Halloween Scene Creators"}]},{"@type":"WebSite","@id":"https:\/\/graphimarket.com\/fr\/#website","url":"https:\/\/graphimarket.com\/fr\/","name":"Graphimarket","description":"Finden Sie das perfekte kreative Kapital, um Ihr Projekt zum Leben zu erwecken","publisher":{"@id":"https:\/\/graphimarket.com\/fr\/#organization"},"potentialAction":[{"@type":"SearchAction","target":{"@type":"EntryPoint","urlTemplate":"https:\/\/graphimarket.com\/fr\/?s={search_term_string}"},"query-input":{"@type":"PropertyValueSpecification","valueRequired":true,"valueName":"search_term_string"}}],"inLanguage":"de-DE"},{"@type":"Organization","@id":"https:\/\/graphimarket.com\/fr\/#organization","name":"Graphimarket","url":"https:\/\/graphimarket.com\/fr\/","logo":{"@type":"ImageObject","inLanguage":"de-DE","@id":"https:\/\/graphimarket.com\/fr\/#\/schema\/logo\/image\/","url":"https:\/\/graphimarket.com\/wp-content\/uploads\/2020\/08\/logo-48.png","contentUrl":"https:\/\/graphimarket.com\/wp-content\/uploads\/2020\/08\/logo-48.png","width":132,"height":48,"caption":"Graphimarket"},"image":{"@id":"https:\/\/graphimarket.com\/fr\/#\/schema\/logo\/image\/"}}]}},"_links":{"self":[{"href":"http:\/\/graphimarket.com\/de\/wp-json\/wp\/v2\/product\/7563","targetHints":{"allow":["GET"]}}],"collection":[{"href":"http:\/\/graphimarket.com\/de\/wp-json\/wp\/v2\/product"}],"about":[{"href":"http:\/\/graphimarket.com\/de\/wp-json\/wp\/v2\/types\/product"}],"replies":[{"embeddable":true,"href":"http:\/\/graphimarket.com\/de\/wp-json\/wp\/v2\/comments?post=7563"}],"version-history":[{"count":0,"href":"http:\/\/graphimarket.com\/de\/wp-json\/wp\/v2\/product\/7563\/revisions"}],"wp:featuredmedia":[{"embeddable":true,"href":"http:\/\/graphimarket.com\/de\/wp-json\/wp\/v2\/media\/7564"}],"wp:attachment":[{"href":"http:\/\/graphimarket.com\/de\/wp-json\/wp\/v2\/media?parent=7563"}],"wp:term":[{"taxonomy":"product_brand","embeddable":true,"href":"http:\/\/graphimarket.com\/de\/wp-json\/wp\/v2\/product_brand?post=7563"},{"taxonomy":"product_cat","embeddable":true,"href":"http:\/\/graphimarket.com\/de\/wp-json\/wp\/v2\/product_cat?post=7563"},{"taxonomy":"product_tag","embeddable":true,"href":"http:\/\/graphimarket.com\/de\/wp-json\/wp\/v2\/product_tag?post=7563"}],"curies":[{"name":"wp","href":"https:\/\/api.w.org\/{rel}","templated":true}]}}