{"id":7649,"date":"2020-09-07T10:59:31","date_gmt":"2020-09-07T08:59:31","guid":{"rendered":"https:\/\/graphimarket.com\/?post_type=product&#038;p=7649"},"modified":"2022-12-19T23:28:33","modified_gmt":"2022-12-19T22:28:33","slug":"the-merry-christmas-freebie-100-christmas-elements-in-one-pack","status":"publish","type":"product","link":"http:\/\/graphimarket.com\/de\/product\/the-merry-christmas-freebie-100-christmas-elements-in-one-pack\/","title":{"rendered":"The Merry Christmas Freebie: 100 Weihnachtselemente in einer Packung"},"content":{"rendered":"<h3>Kostenlose Weihnachtselemente, wundersch\u00f6n verpackt und mit Liebe pr\u00e4sentiert!<\/h3>\n<p><strong>Kostenlos Frohe Weihnachten Elemente unter dem Baum gew\u00fcnscht?<\/strong><\/p>\n<p>In dieser Weihnachtszeit hat sich Inky Deals zu Santas Lieblingshelfer entwickelt! Wir haben mehrere m\u00fchsame Tage damit verbracht, die besten saisonalen Elemente in einer fantastischen Sammlung zu sammeln -\u00a0<strong>Das Frohe Weihnachten Freebie<\/strong>.<\/p>\n<p>Sorgf\u00e4ltig ausgew\u00e4hlt, wundersch\u00f6n verpackt und mit Liebe pr\u00e4sentiert, sind all diese Elemente absolut\u00a0<strong>kostenlos zum Download<\/strong>. Hier finden Sie viele Elemente f\u00fcr Weihnachtsfeiern, B\u00e4ume, Tiere, Dekorationen, Textetiketten und viele weitere Grafiken. Sie alle sind bereit, Ihnen bei der Dekoration Ihrer Projekte f\u00fcr die Feiertage zu helfen und Ihr Publikum in festliche Stimmung zu versetzen.<\/p>\n<p>Sie k\u00f6nnen dieses Bundle f\u00fcr verschiedene Projekte wie Einladungen, Banner, Papierprodukte, Partydekorationen, Ausdrucke, Gru\u00dfkarten, Poster, Schreibwaren, Scrapbooking, Aufkleber, \u00dcberlagerungen und vieles mehr verwenden.<\/p>\n<p>Diese 100 wundervollen und festlichen kostenlosen Weihnachtsvektoren warten darauf, ihre Pl\u00e4tze in Ihren Projekten zu finden. Nehmen Sie sie alle mit!<\/p>\n<h3>Highlights f\u00fcr diese Frohe Weihnachten Elemente:<\/h3>\n<ul>\n<li>Es gibt 50 schwarz-wei\u00dfe Elemente und 50 farbige Elemente.<\/li>\n<li>Alle Ergebnisse sind in den Formaten PSD und PNG.<\/li>\n<li>Das Paket kann als \u00dcberlagerung, in Postern, Bannern, Einladungen, Gr\u00fc\u00dfen usw. verwendet werden.<\/li>\n<li>Dieses Bundle kann kostenlos heruntergeladen werden.<\/li>\n<\/ul>\n<h3 style=\"text-align: center;\">Hier ist ein kleiner Einblick in diese Elemente<\/h3>\n<p>&nbsp;<\/p>\n<p><img fetchpriority=\"high\" decoding=\"async\" class=\"aligncenter wp-image-7651 size-full\" src=\"https:\/\/graphimarket.com\/wp-content\/uploads\/2020\/09\/1-3-1200x652-1.jpg\" alt=\"\" width=\"1200\" height=\"652\" srcset=\"https:\/\/graphimarket.com\/wp-content\/uploads\/2020\/09\/1-3-1200x652-1.jpg 1200w, https:\/\/graphimarket.com\/wp-content\/uploads\/2020\/09\/1-3-1200x652-1-600x326.jpg 600w, https:\/\/graphimarket.com\/wp-content\/uploads\/2020\/09\/1-3-1200x652-1-300x163.jpg 300w, https:\/\/graphimarket.com\/wp-content\/uploads\/2020\/09\/1-3-1200x652-1-1024x556.jpg 1024w, https:\/\/graphimarket.com\/wp-content\/uploads\/2020\/09\/1-3-1200x652-1-768x417.jpg 768w\" sizes=\"(max-width: 1200px) 100vw, 1200px\" \/><\/p>\n<p><img decoding=\"async\" class=\"aligncenter wp-image-7652 size-full\" src=\"https:\/\/graphimarket.com\/wp-content\/uploads\/2020\/09\/2-1200x652-1.jpg\" alt=\"\" width=\"1200\" height=\"652\" srcset=\"https:\/\/graphimarket.com\/wp-content\/uploads\/2020\/09\/2-1200x652-1.jpg 1200w, https:\/\/graphimarket.com\/wp-content\/uploads\/2020\/09\/2-1200x652-1-600x326.jpg 600w, https:\/\/graphimarket.com\/wp-content\/uploads\/2020\/09\/2-1200x652-1-300x163.jpg 300w, https:\/\/graphimarket.com\/wp-content\/uploads\/2020\/09\/2-1200x652-1-1024x556.jpg 1024w, https:\/\/graphimarket.com\/wp-content\/uploads\/2020\/09\/2-1200x652-1-768x417.jpg 768w\" sizes=\"(max-width: 1200px) 100vw, 1200px\" \/><\/p>\n<p><img decoding=\"async\" class=\"aligncenter wp-image-7653 size-full\" src=\"https:\/\/graphimarket.com\/wp-content\/uploads\/2020\/09\/3-1200x652-1.jpg\" alt=\"\" width=\"1200\" height=\"652\" srcset=\"https:\/\/graphimarket.com\/wp-content\/uploads\/2020\/09\/3-1200x652-1.jpg 1200w, https:\/\/graphimarket.com\/wp-content\/uploads\/2020\/09\/3-1200x652-1-600x326.jpg 600w, https:\/\/graphimarket.com\/wp-content\/uploads\/2020\/09\/3-1200x652-1-300x163.jpg 300w, https:\/\/graphimarket.com\/wp-content\/uploads\/2020\/09\/3-1200x652-1-1024x556.jpg 1024w, https:\/\/graphimarket.com\/wp-content\/uploads\/2020\/09\/3-1200x652-1-768x417.jpg 768w\" sizes=\"(max-width: 1200px) 100vw, 1200px\" \/><\/p>\n<p><img loading=\"lazy\" decoding=\"async\" class=\"aligncenter wp-image-7654 size-full\" src=\"https:\/\/graphimarket.com\/wp-content\/uploads\/2020\/09\/4-1-1200x652-1.jpg\" alt=\"\" width=\"1200\" height=\"652\" srcset=\"https:\/\/graphimarket.com\/wp-content\/uploads\/2020\/09\/4-1-1200x652-1.jpg 1200w, https:\/\/graphimarket.com\/wp-content\/uploads\/2020\/09\/4-1-1200x652-1-600x326.jpg 600w, https:\/\/graphimarket.com\/wp-content\/uploads\/2020\/09\/4-1-1200x652-1-300x163.jpg 300w, https:\/\/graphimarket.com\/wp-content\/uploads\/2020\/09\/4-1-1200x652-1-1024x556.jpg 1024w, https:\/\/graphimarket.com\/wp-content\/uploads\/2020\/09\/4-1-1200x652-1-768x417.jpg 768w\" sizes=\"(max-width: 1200px) 100vw, 1200px\" \/><\/p>\n<p><img loading=\"lazy\" decoding=\"async\" class=\"aligncenter wp-image-7655 size-mailpoet_newsletter_max\" src=\"https:\/\/graphimarket.com\/wp-content\/uploads\/2020\/09\/5-3-2-1320x717.jpg\" alt=\"\" width=\"1320\" height=\"717\" srcset=\"https:\/\/graphimarket.com\/wp-content\/uploads\/2020\/09\/5-3-2-1320x717.jpg 1320w, https:\/\/graphimarket.com\/wp-content\/uploads\/2020\/09\/5-3-2-600x326.jpg 600w, https:\/\/graphimarket.com\/wp-content\/uploads\/2020\/09\/5-3-2-300x163.jpg 300w, https:\/\/graphimarket.com\/wp-content\/uploads\/2020\/09\/5-3-2-1024x556.jpg 1024w, https:\/\/graphimarket.com\/wp-content\/uploads\/2020\/09\/5-3-2-768x417.jpg 768w, https:\/\/graphimarket.com\/wp-content\/uploads\/2020\/09\/5-3-2-1536x834.jpg 1536w, https:\/\/graphimarket.com\/wp-content\/uploads\/2020\/09\/5-3-2.jpg 1600w\" sizes=\"(max-width: 1320px) 100vw, 1320px\" \/><\/p>\n<p>&nbsp;<\/p>\n<h3 style=\"text-align: center;\">Hier sind einige coole Designs, die mit diesen Elementen hergestellt wurden<\/h3>\n<p>&nbsp;<\/p>\n<p><img loading=\"lazy\" decoding=\"async\" class=\"aligncenter wp-image-7656 size-full\" src=\"https:\/\/graphimarket.com\/wp-content\/uploads\/2020\/09\/Image1.jpg\" alt=\"\" width=\"800\" height=\"500\" srcset=\"https:\/\/graphimarket.com\/wp-content\/uploads\/2020\/09\/Image1.jpg 800w, https:\/\/graphimarket.com\/wp-content\/uploads\/2020\/09\/Image1-600x375.jpg 600w, https:\/\/graphimarket.com\/wp-content\/uploads\/2020\/09\/Image1-300x188.jpg 300w, https:\/\/graphimarket.com\/wp-content\/uploads\/2020\/09\/Image1-768x480.jpg 768w\" sizes=\"(max-width: 800px) 100vw, 800px\" \/><\/p>\n<p><img loading=\"lazy\" decoding=\"async\" class=\"aligncenter wp-image-7657 size-full\" src=\"https:\/\/graphimarket.com\/wp-content\/uploads\/2020\/09\/Image2.jpg\" alt=\"\" width=\"800\" height=\"500\" srcset=\"https:\/\/graphimarket.com\/wp-content\/uploads\/2020\/09\/Image2.jpg 800w, https:\/\/graphimarket.com\/wp-content\/uploads\/2020\/09\/Image2-600x375.jpg 600w, https:\/\/graphimarket.com\/wp-content\/uploads\/2020\/09\/Image2-300x188.jpg 300w, https:\/\/graphimarket.com\/wp-content\/uploads\/2020\/09\/Image2-768x480.jpg 768w\" sizes=\"(max-width: 800px) 100vw, 800px\" \/><\/p>\n<p><img loading=\"lazy\" decoding=\"async\" class=\"aligncenter wp-image-7658 size-full\" src=\"https:\/\/graphimarket.com\/wp-content\/uploads\/2020\/09\/Image3.jpg\" alt=\"\" width=\"800\" height=\"500\" srcset=\"https:\/\/graphimarket.com\/wp-content\/uploads\/2020\/09\/Image3.jpg 800w, https:\/\/graphimarket.com\/wp-content\/uploads\/2020\/09\/Image3-600x375.jpg 600w, https:\/\/graphimarket.com\/wp-content\/uploads\/2020\/09\/Image3-300x188.jpg 300w, https:\/\/graphimarket.com\/wp-content\/uploads\/2020\/09\/Image3-768x480.jpg 768w\" sizes=\"(max-width: 800px) 100vw, 800px\" \/><\/p>\n<p><img loading=\"lazy\" decoding=\"async\" class=\"aligncenter wp-image-7659 size-full\" src=\"https:\/\/graphimarket.com\/wp-content\/uploads\/2020\/09\/Image4.jpg\" alt=\"\" width=\"800\" height=\"500\" srcset=\"https:\/\/graphimarket.com\/wp-content\/uploads\/2020\/09\/Image4.jpg 800w, https:\/\/graphimarket.com\/wp-content\/uploads\/2020\/09\/Image4-600x375.jpg 600w, https:\/\/graphimarket.com\/wp-content\/uploads\/2020\/09\/Image4-300x188.jpg 300w, https:\/\/graphimarket.com\/wp-content\/uploads\/2020\/09\/Image4-768x480.jpg 768w\" sizes=\"(max-width: 800px) 100vw, 800px\" \/><\/p>\n<p><img loading=\"lazy\" decoding=\"async\" class=\"aligncenter wp-image-7660 size-full\" src=\"https:\/\/graphimarket.com\/wp-content\/uploads\/2020\/09\/Image5.jpg\" alt=\"\" width=\"800\" height=\"500\" srcset=\"https:\/\/graphimarket.com\/wp-content\/uploads\/2020\/09\/Image5.jpg 800w, https:\/\/graphimarket.com\/wp-content\/uploads\/2020\/09\/Image5-600x375.jpg 600w, https:\/\/graphimarket.com\/wp-content\/uploads\/2020\/09\/Image5-300x188.jpg 300w, https:\/\/graphimarket.com\/wp-content\/uploads\/2020\/09\/Image5-768x480.jpg 768w\" sizes=\"(max-width: 800px) 100vw, 800px\" \/><\/p>\n<h3 style=\"text-align: center;\">Schnapp dir dieses Werbegeschenk jetzt!<\/h3>\n<h3>Vertragsbedingungen:<\/h3>\n<ul>\n<li>Diese kostenlosen Merry Christmas-Elemente stehen nach Abschluss Ihres Kaufs als sofortiger Download zur Verf\u00fcgung.<\/li>\n<li>Das Bundle kann f\u00fcr pers\u00f6nliche und kommerzielle Zwecke mit einer unbegrenzten Anzahl von Projekten verwendet werden.<\/li>\n<li>Endprodukte d\u00fcrfen nicht in einer Weise verwendet oder verkauft werden, die in direktem Wettbewerb mit dem von Ihnen gekauften Originalartikel steht.<\/li>\n<li>Es kann nicht unterlizenziert, weiterverkauft, geteilt, \u00fcbertragen oder auf andere Weise allein weitergegeben werden. Sie k\u00f6nnen diese Ressourcen nicht mit anderen teilen.<\/li>\n<li>Sie erhalten lebenslangen Zugriff auf das Bundle.<\/li>\n<li>Das Bundle kann von Inky Deals-Kunden kostenlos heruntergeladen werden.<\/li>\n<\/ul>\n<p>&nbsp;<\/p>\n<p>&nbsp;<\/p>","protected":false},"excerpt":{"rendered":"<p>Free Christmas elements, beautifully wrapped and presented with love! Wished for free Merry Christmas elements under the tree? This Christmas season Inky Deals has turned into Santa\u2019s favorite helper! We have spent several tedious days to gather the best seasonal elements in one awesome collection \u2013\u00a0The Merry Christmas Freebie. Carefully picked, beautifully wrapped and presented [&hellip;]<\/p>\n","protected":false},"featured_media":7650,"comment_status":"open","ping_status":"closed","template":"","meta":{"site-sidebar-layout":"default","site-content-layout":"default","ast-site-content-layout":"default","site-content-style":"default","site-sidebar-style":"default","ast-global-header-display":"","ast-banner-title-visibility":"","ast-main-header-display":"","ast-hfb-above-header-display":"","ast-hfb-below-header-display":"","ast-hfb-mobile-header-display":"","site-post-title":"","ast-breadcrumbs-content":"","ast-featured-img":"","footer-sml-layout":"","ast-disable-related-posts":"","theme-transparent-header-meta":"default","adv-header-id-meta":"","stick-header-meta":"","header-above-stick-meta":"","header-main-stick-meta":"","header-below-stick-meta":"","astra-migrate-meta-layouts":"default","ast-page-background-enabled":"default","ast-page-background-meta":{"desktop":{"background-color":"","background-image":"","background-repeat":"repeat","background-position":"center center","background-size":"auto","background-attachment":"scroll","background-type":"","background-media":"","overlay-type":"","overlay-color":"","overlay-opacity":"","overlay-gradient":""},"tablet":{"background-color":"","background-image":"","background-repeat":"repeat","background-position":"center center","background-size":"auto","background-attachment":"scroll","background-type":"","background-media":"","overlay-type":"","overlay-color":"","overlay-opacity":"","overlay-gradient":""},"mobile":{"background-color":"","background-image":"","background-repeat":"repeat","background-position":"center center","background-size":"auto","background-attachment":"scroll","background-type":"","background-media":"","overlay-type":"","overlay-color":"","overlay-opacity":"","overlay-gradient":""}},"ast-content-background-meta":{"desktop":{"background-color":"var(--ast-global-color-5)","background-image":"","background-repeat":"repeat","background-position":"center center","background-size":"auto","background-attachment":"scroll","background-type":"","background-media":"","overlay-type":"","overlay-color":"","overlay-opacity":"","overlay-gradient":""},"tablet":{"background-color":"var(--ast-global-color-5)","background-image":"","background-repeat":"repeat","background-position":"center center","background-size":"auto","background-attachment":"scroll","background-type":"","background-media":"","overlay-type":"","overlay-color":"","overlay-opacity":"","overlay-gradient":""},"mobile":{"background-color":"var(--ast-global-color-5)","background-image":"","background-repeat":"repeat","background-position":"center center","background-size":"auto","background-attachment":"scroll","background-type":"","background-media":"","overlay-type":"","overlay-color":"","overlay-opacity":"","overlay-gradient":""}}},"product_brand":[],"product_cat":[110,191,46],"product_tag":[],"class_list":{"0":"post-7649","1":"product","2":"type-product","3":"status-publish","4":"has-post-thumbnail","6":"product_cat-clipart","7":"product_cat-free","8":"product_cat-graphics","9":"desktop-align-left","10":"tablet-align-left","11":"mobile-align-left","13":"first","14":"instock","15":"sale","16":"downloadable","17":"virtual","18":"taxable","19":"purchasable","20":"product-type-simple"},"yoast_head":"<!-- This site is optimized with the Yoast SEO plugin v27.3 - https:\/\/yoast.com\/product\/yoast-seo-wordpress\/ -->\n<title>The Merry Christmas Freebie: 100 Christmas Elements In One Pack - Graphimarket<\/title>\n<meta name=\"description\" content=\"Free Christmas elements, beautifully wrapped and presented with love!Wished for free Merry Christmas elements under the tree?...\" \/>\n<meta name=\"robots\" content=\"index, follow, max-snippet:-1, max-image-preview:large, max-video-preview:-1\" \/>\n<link rel=\"canonical\" href=\"https:\/\/graphimarket.com\/de\/product\/the-merry-christmas-freebie-100-christmas-elements-in-one-pack\/\" \/>\n<meta property=\"og:locale\" content=\"de_DE\" \/>\n<meta property=\"og:type\" content=\"article\" \/>\n<meta property=\"og:title\" content=\"The Merry Christmas Freebie: 100 Christmas Elements In One Pack - Graphimarket\" \/>\n<meta property=\"og:description\" content=\"Free Christmas elements, beautifully wrapped and presented with love!Wished for free Merry Christmas elements under the tree?...\" \/>\n<meta property=\"og:url\" content=\"https:\/\/graphimarket.com\/de\/product\/the-merry-christmas-freebie-100-christmas-elements-in-one-pack\/\" \/>\n<meta property=\"og:site_name\" content=\"Graphimarket\" \/>\n<meta property=\"article:modified_time\" content=\"2022-12-19T22:28:33+00:00\" \/>\n<meta property=\"og:image\" content=\"https:\/\/graphimarket.com\/wp-content\/uploads\/2020\/09\/Feature-Image-11.jpg\" \/>\n\t<meta property=\"og:image:width\" content=\"800\" \/>\n\t<meta property=\"og:image:height\" content=\"500\" \/>\n\t<meta property=\"og:image:type\" content=\"image\/jpeg\" \/>\n<meta name=\"twitter:card\" content=\"summary_large_image\" \/>\n<meta name=\"twitter:label1\" content=\"Est. reading time\" \/>\n\t<meta name=\"twitter:data1\" content=\"2 minutes\" \/>\n<script type=\"application\/ld+json\" class=\"yoast-schema-graph\">{\"@context\":\"https:\\\/\\\/schema.org\",\"@graph\":[{\"@type\":\"WebPage\",\"@id\":\"https:\\\/\\\/graphimarket.com\\\/product\\\/the-merry-christmas-freebie-100-christmas-elements-in-one-pack\\\/\",\"url\":\"https:\\\/\\\/graphimarket.com\\\/product\\\/the-merry-christmas-freebie-100-christmas-elements-in-one-pack\\\/\",\"name\":\"The Merry Christmas Freebie: 100 Christmas Elements In One Pack - Graphimarket\",\"isPartOf\":{\"@id\":\"https:\\\/\\\/graphimarket.com\\\/fr\\\/#website\"},\"primaryImageOfPage\":{\"@id\":\"https:\\\/\\\/graphimarket.com\\\/product\\\/the-merry-christmas-freebie-100-christmas-elements-in-one-pack\\\/#primaryimage\"},\"image\":{\"@id\":\"https:\\\/\\\/graphimarket.com\\\/product\\\/the-merry-christmas-freebie-100-christmas-elements-in-one-pack\\\/#primaryimage\"},\"thumbnailUrl\":\"https:\\\/\\\/graphimarket.com\\\/wp-content\\\/uploads\\\/2020\\\/09\\\/Feature-Image-11.jpg\",\"datePublished\":\"2020-09-07T08:59:31+00:00\",\"dateModified\":\"2022-12-19T22:28:33+00:00\",\"description\":\"Free Christmas elements, beautifully wrapped and presented with love!Wished for free Merry Christmas elements under the tree?...\",\"breadcrumb\":{\"@id\":\"https:\\\/\\\/graphimarket.com\\\/product\\\/the-merry-christmas-freebie-100-christmas-elements-in-one-pack\\\/#breadcrumb\"},\"inLanguage\":\"de-DE\",\"potentialAction\":[{\"@type\":\"ReadAction\",\"target\":[\"https:\\\/\\\/graphimarket.com\\\/product\\\/the-merry-christmas-freebie-100-christmas-elements-in-one-pack\\\/\"]}]},{\"@type\":\"ImageObject\",\"inLanguage\":\"de-DE\",\"@id\":\"https:\\\/\\\/graphimarket.com\\\/product\\\/the-merry-christmas-freebie-100-christmas-elements-in-one-pack\\\/#primaryimage\",\"url\":\"https:\\\/\\\/graphimarket.com\\\/wp-content\\\/uploads\\\/2020\\\/09\\\/Feature-Image-11.jpg\",\"contentUrl\":\"https:\\\/\\\/graphimarket.com\\\/wp-content\\\/uploads\\\/2020\\\/09\\\/Feature-Image-11.jpg\",\"width\":800,\"height\":500},{\"@type\":\"BreadcrumbList\",\"@id\":\"https:\\\/\\\/graphimarket.com\\\/product\\\/the-merry-christmas-freebie-100-christmas-elements-in-one-pack\\\/#breadcrumb\",\"itemListElement\":[{\"@type\":\"ListItem\",\"position\":1,\"name\":\"Home\",\"item\":\"https:\\\/\\\/graphimarket.com\\\/es\\\/\"},{\"@type\":\"ListItem\",\"position\":2,\"name\":\"Store\",\"item\":\"https:\\\/\\\/graphimarket.com\\\/store\\\/\"},{\"@type\":\"ListItem\",\"position\":3,\"name\":\"The Merry Christmas Freebie: 100 Christmas Elements In One Pack\"}]},{\"@type\":\"WebSite\",\"@id\":\"https:\\\/\\\/graphimarket.com\\\/fr\\\/#website\",\"url\":\"https:\\\/\\\/graphimarket.com\\\/fr\\\/\",\"name\":\"Graphimarket\",\"description\":\"Find the perfect creative asset to bring your project to life\",\"publisher\":{\"@id\":\"https:\\\/\\\/graphimarket.com\\\/fr\\\/#organization\"},\"potentialAction\":[{\"@type\":\"SearchAction\",\"target\":{\"@type\":\"EntryPoint\",\"urlTemplate\":\"https:\\\/\\\/graphimarket.com\\\/fr\\\/?s={search_term_string}\"},\"query-input\":{\"@type\":\"PropertyValueSpecification\",\"valueRequired\":true,\"valueName\":\"search_term_string\"}}],\"inLanguage\":\"de-DE\"},{\"@type\":\"Organization\",\"@id\":\"https:\\\/\\\/graphimarket.com\\\/fr\\\/#organization\",\"name\":\"Graphimarket\",\"url\":\"https:\\\/\\\/graphimarket.com\\\/fr\\\/\",\"logo\":{\"@type\":\"ImageObject\",\"inLanguage\":\"de-DE\",\"@id\":\"https:\\\/\\\/graphimarket.com\\\/fr\\\/#\\\/schema\\\/logo\\\/image\\\/\",\"url\":\"https:\\\/\\\/graphimarket.com\\\/wp-content\\\/uploads\\\/2020\\\/08\\\/logo-48.png\",\"contentUrl\":\"https:\\\/\\\/graphimarket.com\\\/wp-content\\\/uploads\\\/2020\\\/08\\\/logo-48.png\",\"width\":132,\"height\":48,\"caption\":\"Graphimarket\"},\"image\":{\"@id\":\"https:\\\/\\\/graphimarket.com\\\/fr\\\/#\\\/schema\\\/logo\\\/image\\\/\"}}]}<\/script>\n<!-- \/ Yoast SEO plugin. -->","yoast_head_json":{"title":"The Merry Christmas Freebie: 100 Weihnachtselemente in einer Packung - Graphimarket","description":"Kostenlose Weihnachtselemente, wundersch\u00f6n verpackt und mit Liebe pr\u00e4sentiert! Kostenlos Frohe Weihnachten Elemente unter dem Baum gew\u00fcnscht? ...","robots":{"index":"index","follow":"follow","max-snippet":"max-snippet:-1","max-image-preview":"max-image-preview:large","max-video-preview":"max-video-preview:-1"},"canonical":"https:\/\/graphimarket.com\/de\/product\/the-merry-christmas-freebie-100-christmas-elements-in-one-pack\/","og_locale":"de_DE","og_type":"article","og_title":"The Merry Christmas Freebie: 100 Christmas Elements In One Pack - Graphimarket","og_description":"Free Christmas elements, beautifully wrapped and presented with love!Wished for free Merry Christmas elements under the tree?...","og_url":"https:\/\/graphimarket.com\/de\/product\/the-merry-christmas-freebie-100-christmas-elements-in-one-pack\/","og_site_name":"Graphimarket","article_modified_time":"2022-12-19T22:28:33+00:00","og_image":[{"width":800,"height":500,"url":"https:\/\/graphimarket.com\/wp-content\/uploads\/2020\/09\/Feature-Image-11.jpg","type":"image\/jpeg"}],"twitter_card":"summary_large_image","twitter_misc":{"Est. reading time":"2 minutes"},"schema":{"@context":"https:\/\/schema.org","@graph":[{"@type":"WebPage","@id":"https:\/\/graphimarket.com\/product\/the-merry-christmas-freebie-100-christmas-elements-in-one-pack\/","url":"https:\/\/graphimarket.com\/product\/the-merry-christmas-freebie-100-christmas-elements-in-one-pack\/","name":"The Merry Christmas Freebie: 100 Weihnachtselemente in einer Packung - Graphimarket","isPartOf":{"@id":"https:\/\/graphimarket.com\/fr\/#website"},"primaryImageOfPage":{"@id":"https:\/\/graphimarket.com\/product\/the-merry-christmas-freebie-100-christmas-elements-in-one-pack\/#primaryimage"},"image":{"@id":"https:\/\/graphimarket.com\/product\/the-merry-christmas-freebie-100-christmas-elements-in-one-pack\/#primaryimage"},"thumbnailUrl":"https:\/\/graphimarket.com\/wp-content\/uploads\/2020\/09\/Feature-Image-11.jpg","datePublished":"2020-09-07T08:59:31+00:00","dateModified":"2022-12-19T22:28:33+00:00","description":"Kostenlose Weihnachtselemente, wundersch\u00f6n verpackt und mit Liebe pr\u00e4sentiert! Kostenlos Frohe Weihnachten Elemente unter dem Baum gew\u00fcnscht? ...","breadcrumb":{"@id":"https:\/\/graphimarket.com\/product\/the-merry-christmas-freebie-100-christmas-elements-in-one-pack\/#breadcrumb"},"inLanguage":"de-DE","potentialAction":[{"@type":"ReadAction","target":["https:\/\/graphimarket.com\/product\/the-merry-christmas-freebie-100-christmas-elements-in-one-pack\/"]}]},{"@type":"ImageObject","inLanguage":"de-DE","@id":"https:\/\/graphimarket.com\/product\/the-merry-christmas-freebie-100-christmas-elements-in-one-pack\/#primaryimage","url":"https:\/\/graphimarket.com\/wp-content\/uploads\/2020\/09\/Feature-Image-11.jpg","contentUrl":"https:\/\/graphimarket.com\/wp-content\/uploads\/2020\/09\/Feature-Image-11.jpg","width":800,"height":500},{"@type":"BreadcrumbList","@id":"https:\/\/graphimarket.com\/product\/the-merry-christmas-freebie-100-christmas-elements-in-one-pack\/#breadcrumb","itemListElement":[{"@type":"ListItem","position":1,"name":"Home","item":"https:\/\/graphimarket.com\/es\/"},{"@type":"ListItem","position":2,"name":"Store","item":"https:\/\/graphimarket.com\/store\/"},{"@type":"ListItem","position":3,"name":"The Merry Christmas Freebie: 100 Christmas Elements In One Pack"}]},{"@type":"WebSite","@id":"https:\/\/graphimarket.com\/fr\/#website","url":"https:\/\/graphimarket.com\/fr\/","name":"Graphimarket","description":"Finden Sie das perfekte kreative Kapital, um Ihr Projekt zum Leben zu erwecken","publisher":{"@id":"https:\/\/graphimarket.com\/fr\/#organization"},"potentialAction":[{"@type":"SearchAction","target":{"@type":"EntryPoint","urlTemplate":"https:\/\/graphimarket.com\/fr\/?s={search_term_string}"},"query-input":{"@type":"PropertyValueSpecification","valueRequired":true,"valueName":"search_term_string"}}],"inLanguage":"de-DE"},{"@type":"Organization","@id":"https:\/\/graphimarket.com\/fr\/#organization","name":"Graphimarket","url":"https:\/\/graphimarket.com\/fr\/","logo":{"@type":"ImageObject","inLanguage":"de-DE","@id":"https:\/\/graphimarket.com\/fr\/#\/schema\/logo\/image\/","url":"https:\/\/graphimarket.com\/wp-content\/uploads\/2020\/08\/logo-48.png","contentUrl":"https:\/\/graphimarket.com\/wp-content\/uploads\/2020\/08\/logo-48.png","width":132,"height":48,"caption":"Graphimarket"},"image":{"@id":"https:\/\/graphimarket.com\/fr\/#\/schema\/logo\/image\/"}}]}},"_links":{"self":[{"href":"http:\/\/graphimarket.com\/de\/wp-json\/wp\/v2\/product\/7649","targetHints":{"allow":["GET"]}}],"collection":[{"href":"http:\/\/graphimarket.com\/de\/wp-json\/wp\/v2\/product"}],"about":[{"href":"http:\/\/graphimarket.com\/de\/wp-json\/wp\/v2\/types\/product"}],"replies":[{"embeddable":true,"href":"http:\/\/graphimarket.com\/de\/wp-json\/wp\/v2\/comments?post=7649"}],"version-history":[{"count":0,"href":"http:\/\/graphimarket.com\/de\/wp-json\/wp\/v2\/product\/7649\/revisions"}],"wp:featuredmedia":[{"embeddable":true,"href":"http:\/\/graphimarket.com\/de\/wp-json\/wp\/v2\/media\/7650"}],"wp:attachment":[{"href":"http:\/\/graphimarket.com\/de\/wp-json\/wp\/v2\/media?parent=7649"}],"wp:term":[{"taxonomy":"product_brand","embeddable":true,"href":"http:\/\/graphimarket.com\/de\/wp-json\/wp\/v2\/product_brand?post=7649"},{"taxonomy":"product_cat","embeddable":true,"href":"http:\/\/graphimarket.com\/de\/wp-json\/wp\/v2\/product_cat?post=7649"},{"taxonomy":"product_tag","embeddable":true,"href":"http:\/\/graphimarket.com\/de\/wp-json\/wp\/v2\/product_tag?post=7649"}],"curies":[{"name":"wp","href":"https:\/\/api.w.org\/{rel}","templated":true}]}}