{"id":8417,"date":"2020-09-11T19:13:05","date_gmt":"2020-09-11T17:13:05","guid":{"rendered":"https:\/\/graphimarket.com\/?post_type=product&#038;p=8417"},"modified":"2022-12-19T23:16:44","modified_gmt":"2022-12-19T22:16:44","slug":"firey-light-leak-kit-10-brushes-50-overlays","status":"publish","type":"product","link":"http:\/\/graphimarket.com\/de\/product\/firey-light-leak-kit-10-brushes-50-overlays\/","title":{"rendered":"Firey Light Leak Kit - 10 Pinsel und 50 \u00dcberlagerungen"},"content":{"rendered":"<p>Firey Light Leak Kit - 10 Pinsel und 50 \u00dcberlagerungen<\/p>\n<p>F\u00fcgen Sie Ihren Fotos mit diesem B\u00fcndel aus 10 Photoshop-Pinseln und 50 \u00dcberlagerungen feurige Lichtlecks hinzu. Malen Sie Ihre eigenen Lichtlecks mit den Photoshop-Pinseln oder verwenden Sie die vorgefertigten \u00dcberlagerungen.<\/p>\n<p><strong>Was du bekommst<\/strong><\/p>\n<ul>\n<li>10 leichte undichte Photoshop-Pinsel<\/li>\n<li>50 Leichte Leck\u00fcberlagerung<\/li>\n<\/ul>\n<p><strong>Eigenschaften<\/strong><\/p>\n<ul>\n<li>Aus echten Fotos gemacht!<\/li>\n<li>Hochaufl\u00f6sende 4000-5000px Photoshop-Pinsel<\/li>\n<li>Hochaufl\u00f6sende JPG-Overlays mit 6000 x 6000 Pixel<\/li>\n<\/ul>\n<p><strong>Kompatibel mit:<\/strong><\/p>\n<ul>\n<li>Photoshop CC 2018 oder neuer<\/li>\n<\/ul>\n<p><img fetchpriority=\"high\" decoding=\"async\" class=\"aligncenter wp-image-8422 size-full\" src=\"https:\/\/graphimarket.com\/wp-content\/uploads\/2020\/09\/448025aa-099a-4654-82e5-e2f6eebe174e.jpg\" alt=\"\" width=\"900\" height=\"600\" srcset=\"https:\/\/graphimarket.com\/wp-content\/uploads\/2020\/09\/448025aa-099a-4654-82e5-e2f6eebe174e.jpg 900w, https:\/\/graphimarket.com\/wp-content\/uploads\/2020\/09\/448025aa-099a-4654-82e5-e2f6eebe174e-600x400.jpg 600w, https:\/\/graphimarket.com\/wp-content\/uploads\/2020\/09\/448025aa-099a-4654-82e5-e2f6eebe174e-300x200.jpg 300w, https:\/\/graphimarket.com\/wp-content\/uploads\/2020\/09\/448025aa-099a-4654-82e5-e2f6eebe174e-768x512.jpg 768w\" sizes=\"(max-width: 900px) 100vw, 900px\" \/> <img decoding=\"async\" class=\"aligncenter wp-image-8423 size-full\" src=\"https:\/\/graphimarket.com\/wp-content\/uploads\/2020\/09\/a6740146-f9fe-40a6-a7c2-13998b9439d0.jpg\" alt=\"\" width=\"900\" height=\"600\" srcset=\"https:\/\/graphimarket.com\/wp-content\/uploads\/2020\/09\/a6740146-f9fe-40a6-a7c2-13998b9439d0.jpg 900w, https:\/\/graphimarket.com\/wp-content\/uploads\/2020\/09\/a6740146-f9fe-40a6-a7c2-13998b9439d0-600x400.jpg 600w, https:\/\/graphimarket.com\/wp-content\/uploads\/2020\/09\/a6740146-f9fe-40a6-a7c2-13998b9439d0-300x200.jpg 300w, https:\/\/graphimarket.com\/wp-content\/uploads\/2020\/09\/a6740146-f9fe-40a6-a7c2-13998b9439d0-768x512.jpg 768w\" sizes=\"(max-width: 900px) 100vw, 900px\" \/> <img decoding=\"async\" class=\"aligncenter wp-image-8424 size-full\" src=\"https:\/\/graphimarket.com\/wp-content\/uploads\/2020\/09\/cdd92128-0dee-45fc-aa4a-f9ce9793f651.jpg\" alt=\"\" width=\"900\" height=\"600\" srcset=\"https:\/\/graphimarket.com\/wp-content\/uploads\/2020\/09\/cdd92128-0dee-45fc-aa4a-f9ce9793f651.jpg 900w, https:\/\/graphimarket.com\/wp-content\/uploads\/2020\/09\/cdd92128-0dee-45fc-aa4a-f9ce9793f651-600x400.jpg 600w, https:\/\/graphimarket.com\/wp-content\/uploads\/2020\/09\/cdd92128-0dee-45fc-aa4a-f9ce9793f651-300x200.jpg 300w, https:\/\/graphimarket.com\/wp-content\/uploads\/2020\/09\/cdd92128-0dee-45fc-aa4a-f9ce9793f651-768x512.jpg 768w\" sizes=\"(max-width: 900px) 100vw, 900px\" \/> <img loading=\"lazy\" decoding=\"async\" class=\"aligncenter wp-image-8425 size-full\" src=\"https:\/\/graphimarket.com\/wp-content\/uploads\/2020\/09\/4a5f1839-8e0d-43c8-86d6-48527dae2932.jpg\" alt=\"\" width=\"900\" height=\"600\" srcset=\"https:\/\/graphimarket.com\/wp-content\/uploads\/2020\/09\/4a5f1839-8e0d-43c8-86d6-48527dae2932.jpg 900w, https:\/\/graphimarket.com\/wp-content\/uploads\/2020\/09\/4a5f1839-8e0d-43c8-86d6-48527dae2932-600x400.jpg 600w, https:\/\/graphimarket.com\/wp-content\/uploads\/2020\/09\/4a5f1839-8e0d-43c8-86d6-48527dae2932-300x200.jpg 300w, https:\/\/graphimarket.com\/wp-content\/uploads\/2020\/09\/4a5f1839-8e0d-43c8-86d6-48527dae2932-768x512.jpg 768w\" sizes=\"(max-width: 900px) 100vw, 900px\" \/> <img loading=\"lazy\" decoding=\"async\" class=\"aligncenter wp-image-8426 size-full\" src=\"https:\/\/graphimarket.com\/wp-content\/uploads\/2020\/09\/548c7ba2-5d22-401f-96a8-744c28e0b87f.jpg\" alt=\"\" width=\"900\" height=\"600\" srcset=\"https:\/\/graphimarket.com\/wp-content\/uploads\/2020\/09\/548c7ba2-5d22-401f-96a8-744c28e0b87f.jpg 900w, https:\/\/graphimarket.com\/wp-content\/uploads\/2020\/09\/548c7ba2-5d22-401f-96a8-744c28e0b87f-600x400.jpg 600w, https:\/\/graphimarket.com\/wp-content\/uploads\/2020\/09\/548c7ba2-5d22-401f-96a8-744c28e0b87f-300x200.jpg 300w, https:\/\/graphimarket.com\/wp-content\/uploads\/2020\/09\/548c7ba2-5d22-401f-96a8-744c28e0b87f-768x512.jpg 768w\" sizes=\"(max-width: 900px) 100vw, 900px\" \/><\/p>","protected":false},"excerpt":{"rendered":"<p>Firey Light Leak Kit &#8211; 10 Brushes &amp; 50 Overlays Add firey light leaks to your photos with this bundle of 10 Photoshop brushes and 50 overlays. Paint your own light leaks with the Photoshop brushes or use the premade overlays. What You&#8217;ll Get 10 Light Leak Photoshop Brushes 50 Light Leak Overlay Features Made [&hellip;]<\/p>\n","protected":false},"featured_media":8429,"comment_status":"open","ping_status":"closed","template":"","meta":{"site-sidebar-layout":"default","site-content-layout":"default","ast-site-content-layout":"default","site-content-style":"default","site-sidebar-style":"default","ast-global-header-display":"","ast-banner-title-visibility":"","ast-main-header-display":"","ast-hfb-above-header-display":"","ast-hfb-below-header-display":"","ast-hfb-mobile-header-display":"","site-post-title":"","ast-breadcrumbs-content":"","ast-featured-img":"","footer-sml-layout":"","ast-disable-related-posts":"","theme-transparent-header-meta":"default","adv-header-id-meta":"","stick-header-meta":"","header-above-stick-meta":"","header-main-stick-meta":"","header-below-stick-meta":"","astra-migrate-meta-layouts":"default","ast-page-background-enabled":"default","ast-page-background-meta":{"desktop":{"background-color":"","background-image":"","background-repeat":"repeat","background-position":"center center","background-size":"auto","background-attachment":"scroll","background-type":"","background-media":"","overlay-type":"","overlay-color":"","overlay-opacity":"","overlay-gradient":""},"tablet":{"background-color":"","background-image":"","background-repeat":"repeat","background-position":"center center","background-size":"auto","background-attachment":"scroll","background-type":"","background-media":"","overlay-type":"","overlay-color":"","overlay-opacity":"","overlay-gradient":""},"mobile":{"background-color":"","background-image":"","background-repeat":"repeat","background-position":"center center","background-size":"auto","background-attachment":"scroll","background-type":"","background-media":"","overlay-type":"","overlay-color":"","overlay-opacity":"","overlay-gradient":""}},"ast-content-background-meta":{"desktop":{"background-color":"var(--ast-global-color-5)","background-image":"","background-repeat":"repeat","background-position":"center center","background-size":"auto","background-attachment":"scroll","background-type":"","background-media":"","overlay-type":"","overlay-color":"","overlay-opacity":"","overlay-gradient":""},"tablet":{"background-color":"var(--ast-global-color-5)","background-image":"","background-repeat":"repeat","background-position":"center center","background-size":"auto","background-attachment":"scroll","background-type":"","background-media":"","overlay-type":"","overlay-color":"","overlay-opacity":"","overlay-gradient":""},"mobile":{"background-color":"var(--ast-global-color-5)","background-image":"","background-repeat":"repeat","background-position":"center center","background-size":"auto","background-attachment":"scroll","background-type":"","background-media":"","overlay-type":"","overlay-color":"","overlay-opacity":"","overlay-gradient":""}}},"product_brand":[],"product_cat":[197,140,195],"product_tag":[231,244,526,525,354,527,523,398,283,355,356,524,277,243,276],"class_list":{"0":"post-8417","1":"product","2":"type-product","3":"status-publish","4":"has-post-thumbnail","6":"product_cat-brushes","7":"product_cat-overlays","8":"product_cat-photoshop","9":"product_tag-brushes","10":"product_tag-fire","11":"product_tag-flame","12":"product_tag-flare","13":"product_tag-hipster","14":"product_tag-inferno","15":"product_tag-leak","16":"product_tag-lens","17":"product_tag-light","18":"product_tag-lomo","19":"product_tag-lomography","20":"product_tag-overlay","21":"product_tag-retro","22":"product_tag-texture","23":"product_tag-vintage","24":"desktop-align-left","25":"tablet-align-left","26":"mobile-align-left","28":"first","29":"instock","30":"downloadable","31":"virtual","32":"taxable","33":"purchasable","34":"product-type-simple"},"yoast_head":"<!-- This site is optimized with the Yoast SEO plugin v27.3 - https:\/\/yoast.com\/product\/yoast-seo-wordpress\/ -->\n<title>Firey Light Leak Kit - 10 Brushes &amp; 50 Overlays - Graphimarket<\/title>\n<meta name=\"description\" content=\"Firey Light Leak Kit - 10 Brushes &amp; 50 Overlays\u00a0Add firey light leaks to your photos with this bundle of 10 Photoshop brushes and 50 overlays\" \/>\n<meta name=\"robots\" content=\"index, follow, max-snippet:-1, max-image-preview:large, max-video-preview:-1\" \/>\n<link rel=\"canonical\" href=\"https:\/\/graphimarket.com\/de\/product\/firey-light-leak-kit-10-brushes-50-overlays\/\" \/>\n<meta property=\"og:locale\" content=\"de_DE\" \/>\n<meta property=\"og:type\" content=\"article\" \/>\n<meta property=\"og:title\" content=\"Firey Light Leak Kit - 10 Brushes &amp; 50 Overlays - Graphimarket\" \/>\n<meta property=\"og:description\" content=\"Firey Light Leak Kit - 10 Brushes &amp; 50 Overlays\u00a0Add firey light leaks to your photos with this bundle of 10 Photoshop brushes and 50 overlays\" \/>\n<meta property=\"og:url\" content=\"https:\/\/graphimarket.com\/de\/product\/firey-light-leak-kit-10-brushes-50-overlays\/\" \/>\n<meta property=\"og:site_name\" content=\"Graphimarket\" \/>\n<meta property=\"article:modified_time\" content=\"2022-12-19T22:16:44+00:00\" \/>\n<meta property=\"og:image\" content=\"https:\/\/graphimarket.com\/wp-content\/uploads\/2020\/09\/e85b1ddc-3799-4d29-a07c-6e5ac3027dad.jpg\" \/>\n\t<meta property=\"og:image:width\" content=\"866\" \/>\n\t<meta property=\"og:image:height\" content=\"577\" \/>\n\t<meta property=\"og:image:type\" content=\"image\/jpeg\" \/>\n<meta name=\"twitter:card\" content=\"summary_large_image\" \/>\n<script type=\"application\/ld+json\" class=\"yoast-schema-graph\">{\"@context\":\"https:\\\/\\\/schema.org\",\"@graph\":[{\"@type\":\"WebPage\",\"@id\":\"https:\\\/\\\/graphimarket.com\\\/product\\\/firey-light-leak-kit-10-brushes-50-overlays\\\/\",\"url\":\"https:\\\/\\\/graphimarket.com\\\/product\\\/firey-light-leak-kit-10-brushes-50-overlays\\\/\",\"name\":\"Firey Light Leak Kit - 10 Brushes & 50 Overlays - Graphimarket\",\"isPartOf\":{\"@id\":\"https:\\\/\\\/graphimarket.com\\\/fr\\\/#website\"},\"primaryImageOfPage\":{\"@id\":\"https:\\\/\\\/graphimarket.com\\\/product\\\/firey-light-leak-kit-10-brushes-50-overlays\\\/#primaryimage\"},\"image\":{\"@id\":\"https:\\\/\\\/graphimarket.com\\\/product\\\/firey-light-leak-kit-10-brushes-50-overlays\\\/#primaryimage\"},\"thumbnailUrl\":\"https:\\\/\\\/graphimarket.com\\\/wp-content\\\/uploads\\\/2020\\\/09\\\/e85b1ddc-3799-4d29-a07c-6e5ac3027dad.jpg\",\"datePublished\":\"2020-09-11T17:13:05+00:00\",\"dateModified\":\"2022-12-19T22:16:44+00:00\",\"description\":\"Firey Light Leak Kit - 10 Brushes & 50 Overlays\u00a0Add firey light leaks to your photos with this bundle of 10 Photoshop brushes and 50 overlays\",\"breadcrumb\":{\"@id\":\"https:\\\/\\\/graphimarket.com\\\/product\\\/firey-light-leak-kit-10-brushes-50-overlays\\\/#breadcrumb\"},\"inLanguage\":\"de-DE\",\"potentialAction\":[{\"@type\":\"ReadAction\",\"target\":[\"https:\\\/\\\/graphimarket.com\\\/product\\\/firey-light-leak-kit-10-brushes-50-overlays\\\/\"]}]},{\"@type\":\"ImageObject\",\"inLanguage\":\"de-DE\",\"@id\":\"https:\\\/\\\/graphimarket.com\\\/product\\\/firey-light-leak-kit-10-brushes-50-overlays\\\/#primaryimage\",\"url\":\"https:\\\/\\\/graphimarket.com\\\/wp-content\\\/uploads\\\/2020\\\/09\\\/e85b1ddc-3799-4d29-a07c-6e5ac3027dad.jpg\",\"contentUrl\":\"https:\\\/\\\/graphimarket.com\\\/wp-content\\\/uploads\\\/2020\\\/09\\\/e85b1ddc-3799-4d29-a07c-6e5ac3027dad.jpg\",\"width\":866,\"height\":577},{\"@type\":\"BreadcrumbList\",\"@id\":\"https:\\\/\\\/graphimarket.com\\\/product\\\/firey-light-leak-kit-10-brushes-50-overlays\\\/#breadcrumb\",\"itemListElement\":[{\"@type\":\"ListItem\",\"position\":1,\"name\":\"Home\",\"item\":\"https:\\\/\\\/graphimarket.com\\\/es\\\/\"},{\"@type\":\"ListItem\",\"position\":2,\"name\":\"Store\",\"item\":\"https:\\\/\\\/graphimarket.com\\\/store\\\/\"},{\"@type\":\"ListItem\",\"position\":3,\"name\":\"Firey Light Leak Kit &#8211; 10 Brushes &#038; 50 Overlays\"}]},{\"@type\":\"WebSite\",\"@id\":\"https:\\\/\\\/graphimarket.com\\\/fr\\\/#website\",\"url\":\"https:\\\/\\\/graphimarket.com\\\/fr\\\/\",\"name\":\"Graphimarket\",\"description\":\"Find the perfect creative asset to bring your project to life\",\"publisher\":{\"@id\":\"https:\\\/\\\/graphimarket.com\\\/fr\\\/#organization\"},\"potentialAction\":[{\"@type\":\"SearchAction\",\"target\":{\"@type\":\"EntryPoint\",\"urlTemplate\":\"https:\\\/\\\/graphimarket.com\\\/fr\\\/?s={search_term_string}\"},\"query-input\":{\"@type\":\"PropertyValueSpecification\",\"valueRequired\":true,\"valueName\":\"search_term_string\"}}],\"inLanguage\":\"de-DE\"},{\"@type\":\"Organization\",\"@id\":\"https:\\\/\\\/graphimarket.com\\\/fr\\\/#organization\",\"name\":\"Graphimarket\",\"url\":\"https:\\\/\\\/graphimarket.com\\\/fr\\\/\",\"logo\":{\"@type\":\"ImageObject\",\"inLanguage\":\"de-DE\",\"@id\":\"https:\\\/\\\/graphimarket.com\\\/fr\\\/#\\\/schema\\\/logo\\\/image\\\/\",\"url\":\"https:\\\/\\\/graphimarket.com\\\/wp-content\\\/uploads\\\/2020\\\/08\\\/logo-48.png\",\"contentUrl\":\"https:\\\/\\\/graphimarket.com\\\/wp-content\\\/uploads\\\/2020\\\/08\\\/logo-48.png\",\"width\":132,\"height\":48,\"caption\":\"Graphimarket\"},\"image\":{\"@id\":\"https:\\\/\\\/graphimarket.com\\\/fr\\\/#\\\/schema\\\/logo\\\/image\\\/\"}}]}<\/script>\n<!-- \/ Yoast SEO plugin. -->","yoast_head_json":{"title":"Firey Light Leak Kit - 10 Pinsel &amp; 50 Overlays - Graphimarket","description":"Firey Light Leak Kit - 10 Pinsel und 50 \u00dcberlagerungen Mit diesem Paket aus 10 Photoshop-Pinseln und 50 \u00dcberlagerungen k\u00f6nnen Sie Ihren Fotos feuerlichtlecks hinzuf\u00fcgen","robots":{"index":"index","follow":"follow","max-snippet":"max-snippet:-1","max-image-preview":"max-image-preview:large","max-video-preview":"max-video-preview:-1"},"canonical":"https:\/\/graphimarket.com\/de\/product\/firey-light-leak-kit-10-brushes-50-overlays\/","og_locale":"de_DE","og_type":"article","og_title":"Firey Light Leak Kit - 10 Brushes & 50 Overlays - Graphimarket","og_description":"Firey Light Leak Kit - 10 Brushes & 50 Overlays\u00a0Add firey light leaks to your photos with this bundle of 10 Photoshop brushes and 50 overlays","og_url":"https:\/\/graphimarket.com\/de\/product\/firey-light-leak-kit-10-brushes-50-overlays\/","og_site_name":"Graphimarket","article_modified_time":"2022-12-19T22:16:44+00:00","og_image":[{"width":866,"height":577,"url":"https:\/\/graphimarket.com\/wp-content\/uploads\/2020\/09\/e85b1ddc-3799-4d29-a07c-6e5ac3027dad.jpg","type":"image\/jpeg"}],"twitter_card":"summary_large_image","schema":{"@context":"https:\/\/schema.org","@graph":[{"@type":"WebPage","@id":"https:\/\/graphimarket.com\/product\/firey-light-leak-kit-10-brushes-50-overlays\/","url":"https:\/\/graphimarket.com\/product\/firey-light-leak-kit-10-brushes-50-overlays\/","name":"Firey Light Leak Kit - 10 Pinsel &amp; 50 Overlays - Graphimarket","isPartOf":{"@id":"https:\/\/graphimarket.com\/fr\/#website"},"primaryImageOfPage":{"@id":"https:\/\/graphimarket.com\/product\/firey-light-leak-kit-10-brushes-50-overlays\/#primaryimage"},"image":{"@id":"https:\/\/graphimarket.com\/product\/firey-light-leak-kit-10-brushes-50-overlays\/#primaryimage"},"thumbnailUrl":"https:\/\/graphimarket.com\/wp-content\/uploads\/2020\/09\/e85b1ddc-3799-4d29-a07c-6e5ac3027dad.jpg","datePublished":"2020-09-11T17:13:05+00:00","dateModified":"2022-12-19T22:16:44+00:00","description":"Firey Light Leak Kit - 10 Pinsel und 50 \u00dcberlagerungen Mit diesem Paket aus 10 Photoshop-Pinseln und 50 \u00dcberlagerungen k\u00f6nnen Sie Ihren Fotos feuerlichtlecks hinzuf\u00fcgen","breadcrumb":{"@id":"https:\/\/graphimarket.com\/product\/firey-light-leak-kit-10-brushes-50-overlays\/#breadcrumb"},"inLanguage":"de-DE","potentialAction":[{"@type":"ReadAction","target":["https:\/\/graphimarket.com\/product\/firey-light-leak-kit-10-brushes-50-overlays\/"]}]},{"@type":"ImageObject","inLanguage":"de-DE","@id":"https:\/\/graphimarket.com\/product\/firey-light-leak-kit-10-brushes-50-overlays\/#primaryimage","url":"https:\/\/graphimarket.com\/wp-content\/uploads\/2020\/09\/e85b1ddc-3799-4d29-a07c-6e5ac3027dad.jpg","contentUrl":"https:\/\/graphimarket.com\/wp-content\/uploads\/2020\/09\/e85b1ddc-3799-4d29-a07c-6e5ac3027dad.jpg","width":866,"height":577},{"@type":"BreadcrumbList","@id":"https:\/\/graphimarket.com\/product\/firey-light-leak-kit-10-brushes-50-overlays\/#breadcrumb","itemListElement":[{"@type":"ListItem","position":1,"name":"Home","item":"https:\/\/graphimarket.com\/es\/"},{"@type":"ListItem","position":2,"name":"Store","item":"https:\/\/graphimarket.com\/store\/"},{"@type":"ListItem","position":3,"name":"Firey Light Leak Kit &#8211; 10 Brushes &#038; 50 Overlays"}]},{"@type":"WebSite","@id":"https:\/\/graphimarket.com\/fr\/#website","url":"https:\/\/graphimarket.com\/fr\/","name":"Graphimarket","description":"Finden Sie das perfekte kreative Kapital, um Ihr Projekt zum Leben zu erwecken","publisher":{"@id":"https:\/\/graphimarket.com\/fr\/#organization"},"potentialAction":[{"@type":"SearchAction","target":{"@type":"EntryPoint","urlTemplate":"https:\/\/graphimarket.com\/fr\/?s={search_term_string}"},"query-input":{"@type":"PropertyValueSpecification","valueRequired":true,"valueName":"search_term_string"}}],"inLanguage":"de-DE"},{"@type":"Organization","@id":"https:\/\/graphimarket.com\/fr\/#organization","name":"Graphimarket","url":"https:\/\/graphimarket.com\/fr\/","logo":{"@type":"ImageObject","inLanguage":"de-DE","@id":"https:\/\/graphimarket.com\/fr\/#\/schema\/logo\/image\/","url":"https:\/\/graphimarket.com\/wp-content\/uploads\/2020\/08\/logo-48.png","contentUrl":"https:\/\/graphimarket.com\/wp-content\/uploads\/2020\/08\/logo-48.png","width":132,"height":48,"caption":"Graphimarket"},"image":{"@id":"https:\/\/graphimarket.com\/fr\/#\/schema\/logo\/image\/"}}]}},"_links":{"self":[{"href":"http:\/\/graphimarket.com\/de\/wp-json\/wp\/v2\/product\/8417","targetHints":{"allow":["GET"]}}],"collection":[{"href":"http:\/\/graphimarket.com\/de\/wp-json\/wp\/v2\/product"}],"about":[{"href":"http:\/\/graphimarket.com\/de\/wp-json\/wp\/v2\/types\/product"}],"replies":[{"embeddable":true,"href":"http:\/\/graphimarket.com\/de\/wp-json\/wp\/v2\/comments?post=8417"}],"version-history":[{"count":0,"href":"http:\/\/graphimarket.com\/de\/wp-json\/wp\/v2\/product\/8417\/revisions"}],"wp:featuredmedia":[{"embeddable":true,"href":"http:\/\/graphimarket.com\/de\/wp-json\/wp\/v2\/media\/8429"}],"wp:attachment":[{"href":"http:\/\/graphimarket.com\/de\/wp-json\/wp\/v2\/media?parent=8417"}],"wp:term":[{"taxonomy":"product_brand","embeddable":true,"href":"http:\/\/graphimarket.com\/de\/wp-json\/wp\/v2\/product_brand?post=8417"},{"taxonomy":"product_cat","embeddable":true,"href":"http:\/\/graphimarket.com\/de\/wp-json\/wp\/v2\/product_cat?post=8417"},{"taxonomy":"product_tag","embeddable":true,"href":"http:\/\/graphimarket.com\/de\/wp-json\/wp\/v2\/product_tag?post=8417"}],"curies":[{"name":"wp","href":"https:\/\/api.w.org\/{rel}","templated":true}]}}