{"id":10590,"date":"2020-09-18T15:52:30","date_gmt":"2020-09-18T13:52:30","guid":{"rendered":"https:\/\/graphimarket.com\/?post_type=product&#038;p=10590"},"modified":"2022-12-19T10:12:07","modified_gmt":"2022-12-19T09:12:07","slug":"retylle-solyta-monoline","status":"publish","type":"product","link":"http:\/\/graphimarket.com\/es\/product\/retylle-solyta-monoline\/","title":{"rendered":"Retylle Solyta Monoline"},"content":{"rendered":"<div class=\"_2Masz2rr\">\n<p><strong>Retylle Solyta<\/strong>\u00a0is a beautiful monoline retro script font which would work for a wide variety of purposes and projects.<\/p>\n<p><strong>Retylle Solyta<\/strong>\u00a0is perfect for branding projects, logo, wedding designs, social media posts, advertisements, product packaging, product designs, label, photography, watermark, invitation, stationery and any projects that need handwriting taste.<\/p>\n<p><strong>Qu\u00e9 est\u00e1 incluido :<\/strong><\/p>\n<ul>\n<li>Retylle Solyta (OTF\/TTF\/WOFF)<\/li>\n<li>Fuentes web<\/li>\n<li>Toneladas de glifos<\/li>\n<li>Ligadura<\/li>\n<li>Works on PC &amp;amp; Mac<\/li>\n<li>Instalaciones sencillas<\/li>\n<li><strong>Accessible in<\/strong>\u00a0the Adobe Illustrator, Adobe Photoshop, Adobe InDesign, even work on Microsoft Word.<\/li>\n<li><strong>Caracteres codificados PUA<\/strong>\u00a0\u2013 Totalmente accesible sin software de dise\u00f1o adicional.<\/li>\n<li>Las fuentes incluyen\u00a0<strong>multilingual support<\/strong>\u00a0for;\u00a0<strong>\u00e4 \u00f6 \u00fc \u00c4 \u00d6 \u00dc \u00df \u00bf \u00a1<\/strong><\/li>\n<\/ul>\n<p>SANS SERIF FONT, OBJECT &amp; RETRO\/VINTAGE EFFECT IS PREVIEW PURPOSE ONLY, IT DOES NOT INCLUDE ON MAIN FILE<\/p>\n<p>Hope you enjoy with our font!<\/p>\n<\/div>\n<p>&nbsp;<\/p>\n<p><img fetchpriority=\"high\" decoding=\"async\" class=\"aligncenter wp-image-10591 size-full\" src=\"https:\/\/graphimarket.com\/wp-content\/uploads\/2020\/09\/918ed3ab-55a3-482d-b4be-52e9306d1a5d.jpg\" alt=\"\" width=\"1170\" height=\"780\" srcset=\"https:\/\/graphimarket.com\/wp-content\/uploads\/2020\/09\/918ed3ab-55a3-482d-b4be-52e9306d1a5d.jpg 1170w, https:\/\/graphimarket.com\/wp-content\/uploads\/2020\/09\/918ed3ab-55a3-482d-b4be-52e9306d1a5d-300x200.jpg 300w, https:\/\/graphimarket.com\/wp-content\/uploads\/2020\/09\/918ed3ab-55a3-482d-b4be-52e9306d1a5d-1024x683.jpg 1024w, https:\/\/graphimarket.com\/wp-content\/uploads\/2020\/09\/918ed3ab-55a3-482d-b4be-52e9306d1a5d-768x512.jpg 768w, https:\/\/graphimarket.com\/wp-content\/uploads\/2020\/09\/918ed3ab-55a3-482d-b4be-52e9306d1a5d-600x400.jpg 600w\" sizes=\"(max-width: 1170px) 100vw, 1170px\" \/> <img decoding=\"async\" class=\"aligncenter wp-image-10592 size-full\" src=\"https:\/\/graphimarket.com\/wp-content\/uploads\/2020\/09\/5537317a-d4a9-4316-a4fb-a857a7ffa43e.jpg\" alt=\"\" width=\"1019\" height=\"679\" srcset=\"https:\/\/graphimarket.com\/wp-content\/uploads\/2020\/09\/5537317a-d4a9-4316-a4fb-a857a7ffa43e.jpg 1019w, https:\/\/graphimarket.com\/wp-content\/uploads\/2020\/09\/5537317a-d4a9-4316-a4fb-a857a7ffa43e-300x200.jpg 300w, https:\/\/graphimarket.com\/wp-content\/uploads\/2020\/09\/5537317a-d4a9-4316-a4fb-a857a7ffa43e-768x512.jpg 768w, https:\/\/graphimarket.com\/wp-content\/uploads\/2020\/09\/5537317a-d4a9-4316-a4fb-a857a7ffa43e-600x400.jpg 600w\" sizes=\"(max-width: 1019px) 100vw, 1019px\" \/> <img decoding=\"async\" class=\"aligncenter wp-image-10593 size-full\" src=\"https:\/\/graphimarket.com\/wp-content\/uploads\/2020\/09\/e84f886f-484b-4f93-a625-797be0b3e28a.jpg\" alt=\"\" width=\"1170\" height=\"780\" srcset=\"https:\/\/graphimarket.com\/wp-content\/uploads\/2020\/09\/e84f886f-484b-4f93-a625-797be0b3e28a.jpg 1170w, https:\/\/graphimarket.com\/wp-content\/uploads\/2020\/09\/e84f886f-484b-4f93-a625-797be0b3e28a-300x200.jpg 300w, https:\/\/graphimarket.com\/wp-content\/uploads\/2020\/09\/e84f886f-484b-4f93-a625-797be0b3e28a-1024x683.jpg 1024w, https:\/\/graphimarket.com\/wp-content\/uploads\/2020\/09\/e84f886f-484b-4f93-a625-797be0b3e28a-768x512.jpg 768w, https:\/\/graphimarket.com\/wp-content\/uploads\/2020\/09\/e84f886f-484b-4f93-a625-797be0b3e28a-600x400.jpg 600w\" sizes=\"(max-width: 1170px) 100vw, 1170px\" \/> <img loading=\"lazy\" decoding=\"async\" class=\"aligncenter wp-image-10594 size-full\" src=\"https:\/\/graphimarket.com\/wp-content\/uploads\/2020\/09\/153d757b-25d0-4adf-ae66-9e74d43f3c76.jpg\" alt=\"\" width=\"1170\" height=\"780\" srcset=\"https:\/\/graphimarket.com\/wp-content\/uploads\/2020\/09\/153d757b-25d0-4adf-ae66-9e74d43f3c76.jpg 1170w, https:\/\/graphimarket.com\/wp-content\/uploads\/2020\/09\/153d757b-25d0-4adf-ae66-9e74d43f3c76-300x200.jpg 300w, https:\/\/graphimarket.com\/wp-content\/uploads\/2020\/09\/153d757b-25d0-4adf-ae66-9e74d43f3c76-1024x683.jpg 1024w, https:\/\/graphimarket.com\/wp-content\/uploads\/2020\/09\/153d757b-25d0-4adf-ae66-9e74d43f3c76-768x512.jpg 768w, https:\/\/graphimarket.com\/wp-content\/uploads\/2020\/09\/153d757b-25d0-4adf-ae66-9e74d43f3c76-600x400.jpg 600w\" sizes=\"(max-width: 1170px) 100vw, 1170px\" \/> <img loading=\"lazy\" decoding=\"async\" class=\"aligncenter wp-image-10595 size-full\" src=\"https:\/\/graphimarket.com\/wp-content\/uploads\/2020\/09\/870b7571-82b6-4b00-b4c5-1fcb40568d96.jpg\" alt=\"\" width=\"1170\" height=\"780\" srcset=\"https:\/\/graphimarket.com\/wp-content\/uploads\/2020\/09\/870b7571-82b6-4b00-b4c5-1fcb40568d96.jpg 1170w, https:\/\/graphimarket.com\/wp-content\/uploads\/2020\/09\/870b7571-82b6-4b00-b4c5-1fcb40568d96-300x200.jpg 300w, https:\/\/graphimarket.com\/wp-content\/uploads\/2020\/09\/870b7571-82b6-4b00-b4c5-1fcb40568d96-1024x683.jpg 1024w, https:\/\/graphimarket.com\/wp-content\/uploads\/2020\/09\/870b7571-82b6-4b00-b4c5-1fcb40568d96-768x512.jpg 768w, https:\/\/graphimarket.com\/wp-content\/uploads\/2020\/09\/870b7571-82b6-4b00-b4c5-1fcb40568d96-600x400.jpg 600w\" sizes=\"(max-width: 1170px) 100vw, 1170px\" \/><\/p>\n<div class=\"_3YqMOf9R\">\n<div class=\"_3KAa4-GZ frEFeDSS\"><\/div>\n<\/div>","protected":false},"excerpt":{"rendered":"<p>Retylle Solyta\u00a0is a beautiful monoline retro script font which would work for a wide variety of purposes and projects. Retylle Solyta\u00a0is perfect for branding projects, logo, wedding designs, social media posts, advertisements, product packaging, product designs, label, photography, watermark, invitation, stationery and any projects that need handwriting taste. What&#8217;s Included : Retylle Solyta (OTF\/TTF\/WOFF) Web [&hellip;]<\/p>\n","protected":false},"featured_media":10592,"comment_status":"open","ping_status":"closed","template":"","meta":{"site-sidebar-layout":"default","site-content-layout":"default","ast-site-content-layout":"default","site-content-style":"default","site-sidebar-style":"default","ast-global-header-display":"","ast-banner-title-visibility":"","ast-main-header-display":"","ast-hfb-above-header-display":"","ast-hfb-below-header-display":"","ast-hfb-mobile-header-display":"","site-post-title":"","ast-breadcrumbs-content":"","ast-featured-img":"","footer-sml-layout":"","ast-disable-related-posts":"","theme-transparent-header-meta":"default","adv-header-id-meta":"","stick-header-meta":"","header-above-stick-meta":"","header-main-stick-meta":"","header-below-stick-meta":"","astra-migrate-meta-layouts":"default","ast-page-background-enabled":"default","ast-page-background-meta":{"desktop":{"background-color":"","background-image":"","background-repeat":"repeat","background-position":"center center","background-size":"auto","background-attachment":"scroll","background-type":"","background-media":"","overlay-type":"","overlay-color":"","overlay-opacity":"","overlay-gradient":""},"tablet":{"background-color":"","background-image":"","background-repeat":"repeat","background-position":"center center","background-size":"auto","background-attachment":"scroll","background-type":"","background-media":"","overlay-type":"","overlay-color":"","overlay-opacity":"","overlay-gradient":""},"mobile":{"background-color":"","background-image":"","background-repeat":"repeat","background-position":"center center","background-size":"auto","background-attachment":"scroll","background-type":"","background-media":"","overlay-type":"","overlay-color":"","overlay-opacity":"","overlay-gradient":""}},"ast-content-background-meta":{"desktop":{"background-color":"var(--ast-global-color-5)","background-image":"","background-repeat":"repeat","background-position":"center center","background-size":"auto","background-attachment":"scroll","background-type":"","background-media":"","overlay-type":"","overlay-color":"","overlay-opacity":"","overlay-gradient":""},"tablet":{"background-color":"var(--ast-global-color-5)","background-image":"","background-repeat":"repeat","background-position":"center center","background-size":"auto","background-attachment":"scroll","background-type":"","background-media":"","overlay-type":"","overlay-color":"","overlay-opacity":"","overlay-gradient":""},"mobile":{"background-color":"var(--ast-global-color-5)","background-image":"","background-repeat":"repeat","background-position":"center center","background-size":"auto","background-attachment":"scroll","background-type":"","background-media":"","overlay-type":"","overlay-color":"","overlay-opacity":"","overlay-gradient":""}}},"product_brand":[],"product_cat":[187],"product_tag":[702,1114,322,1091,1099,297,1115,937,277,1073,1101,1109,298,276],"class_list":{"0":"post-10590","1":"product","2":"type-product","3":"status-publish","4":"has-post-thumbnail","6":"product_cat-fonts","7":"product_tag-branding","8":"product_tag-casual","9":"product_tag-fashion","10":"product_tag-handwriting","11":"product_tag-handwritten","12":"product_tag-logo","13":"product_tag-moniline","14":"product_tag-natural","15":"product_tag-retro","16":"product_tag-script","17":"product_tag-signature","18":"product_tag-stylish","19":"product_tag-typography","20":"product_tag-vintage","21":"desktop-align-left","22":"tablet-align-left","23":"mobile-align-left","25":"first","26":"instock","27":"downloadable","28":"virtual","29":"taxable","30":"purchasable","31":"product-type-simple"},"yoast_head":"<!-- This site is optimized with the Yoast SEO plugin v27.3 - https:\/\/yoast.com\/product\/yoast-seo-wordpress\/ -->\n<title>Retylle Solyta Monoline - Graphimarket<\/title>\n<meta name=\"description\" content=\"Retylle Solyta\u00a0is a beautiful monoline retro script font which would work for a wide variety of purposes and projects.Retylle Solyta...\" \/>\n<meta name=\"robots\" content=\"index, follow, max-snippet:-1, max-image-preview:large, max-video-preview:-1\" \/>\n<link rel=\"canonical\" href=\"https:\/\/graphimarket.com\/es\/product\/retylle-solyta-monoline\/\" \/>\n<meta property=\"og:locale\" content=\"es_ES\" \/>\n<meta property=\"og:type\" content=\"article\" \/>\n<meta property=\"og:title\" content=\"Retylle Solyta Monoline - Graphimarket\" \/>\n<meta property=\"og:description\" content=\"Retylle Solyta\u00a0is a beautiful monoline retro script font which would work for a wide variety of purposes and projects.Retylle Solyta...\" \/>\n<meta property=\"og:url\" content=\"https:\/\/graphimarket.com\/es\/product\/retylle-solyta-monoline\/\" \/>\n<meta property=\"og:site_name\" content=\"Graphimarket\" \/>\n<meta property=\"article:modified_time\" content=\"2022-12-19T09:12:07+00:00\" \/>\n<meta property=\"og:image\" content=\"https:\/\/graphimarket.com\/wp-content\/uploads\/2020\/09\/5537317a-d4a9-4316-a4fb-a857a7ffa43e.jpg\" \/>\n\t<meta property=\"og:image:width\" content=\"1019\" \/>\n\t<meta property=\"og:image:height\" content=\"679\" \/>\n\t<meta property=\"og:image:type\" content=\"image\/jpeg\" \/>\n<meta name=\"twitter:card\" content=\"summary_large_image\" \/>\n<meta name=\"twitter:label1\" content=\"Est. reading time\" \/>\n\t<meta name=\"twitter:data1\" content=\"1 minute\" \/>\n<script type=\"application\/ld+json\" class=\"yoast-schema-graph\">{\"@context\":\"https:\\\/\\\/schema.org\",\"@graph\":[{\"@type\":\"WebPage\",\"@id\":\"https:\\\/\\\/graphimarket.com\\\/es\\\/product\\\/retylle-solyta-monoline\\\/\",\"url\":\"https:\\\/\\\/graphimarket.com\\\/es\\\/product\\\/retylle-solyta-monoline\\\/\",\"name\":\"Retylle Solyta Monoline - Graphimarket\",\"isPartOf\":{\"@id\":\"https:\\\/\\\/graphimarket.com\\\/fr\\\/#website\"},\"primaryImageOfPage\":{\"@id\":\"https:\\\/\\\/graphimarket.com\\\/es\\\/product\\\/retylle-solyta-monoline\\\/#primaryimage\"},\"image\":{\"@id\":\"https:\\\/\\\/graphimarket.com\\\/es\\\/product\\\/retylle-solyta-monoline\\\/#primaryimage\"},\"thumbnailUrl\":\"https:\\\/\\\/graphimarket.com\\\/wp-content\\\/uploads\\\/2020\\\/09\\\/5537317a-d4a9-4316-a4fb-a857a7ffa43e.jpg\",\"datePublished\":\"2020-09-18T13:52:30+00:00\",\"dateModified\":\"2022-12-19T09:12:07+00:00\",\"description\":\"Retylle Solyta\u00a0is a beautiful monoline retro script font which would work for a wide variety of purposes and projects.Retylle Solyta...\",\"breadcrumb\":{\"@id\":\"https:\\\/\\\/graphimarket.com\\\/es\\\/product\\\/retylle-solyta-monoline\\\/#breadcrumb\"},\"inLanguage\":\"es-ES\",\"potentialAction\":[{\"@type\":\"ReadAction\",\"target\":[\"https:\\\/\\\/graphimarket.com\\\/es\\\/product\\\/retylle-solyta-monoline\\\/\"]}]},{\"@type\":\"ImageObject\",\"inLanguage\":\"es-ES\",\"@id\":\"https:\\\/\\\/graphimarket.com\\\/es\\\/product\\\/retylle-solyta-monoline\\\/#primaryimage\",\"url\":\"https:\\\/\\\/graphimarket.com\\\/wp-content\\\/uploads\\\/2020\\\/09\\\/5537317a-d4a9-4316-a4fb-a857a7ffa43e.jpg\",\"contentUrl\":\"https:\\\/\\\/graphimarket.com\\\/wp-content\\\/uploads\\\/2020\\\/09\\\/5537317a-d4a9-4316-a4fb-a857a7ffa43e.jpg\",\"width\":1019,\"height\":679},{\"@type\":\"BreadcrumbList\",\"@id\":\"https:\\\/\\\/graphimarket.com\\\/es\\\/product\\\/retylle-solyta-monoline\\\/#breadcrumb\",\"itemListElement\":[{\"@type\":\"ListItem\",\"position\":1,\"name\":\"Home\",\"item\":\"https:\\\/\\\/graphimarket.com\\\/es\\\/\"},{\"@type\":\"ListItem\",\"position\":2,\"name\":\"Store\",\"item\":\"https:\\\/\\\/graphimarket.com\\\/store\\\/\"},{\"@type\":\"ListItem\",\"position\":3,\"name\":\"Retylle Solyta Monoline\"}]},{\"@type\":\"WebSite\",\"@id\":\"https:\\\/\\\/graphimarket.com\\\/fr\\\/#website\",\"url\":\"https:\\\/\\\/graphimarket.com\\\/fr\\\/\",\"name\":\"Graphimarket\",\"description\":\"Find the perfect creative asset to bring your project to life\",\"publisher\":{\"@id\":\"https:\\\/\\\/graphimarket.com\\\/fr\\\/#organization\"},\"potentialAction\":[{\"@type\":\"SearchAction\",\"target\":{\"@type\":\"EntryPoint\",\"urlTemplate\":\"https:\\\/\\\/graphimarket.com\\\/fr\\\/?s={search_term_string}\"},\"query-input\":{\"@type\":\"PropertyValueSpecification\",\"valueRequired\":true,\"valueName\":\"search_term_string\"}}],\"inLanguage\":\"es-ES\"},{\"@type\":\"Organization\",\"@id\":\"https:\\\/\\\/graphimarket.com\\\/fr\\\/#organization\",\"name\":\"Graphimarket\",\"url\":\"https:\\\/\\\/graphimarket.com\\\/fr\\\/\",\"logo\":{\"@type\":\"ImageObject\",\"inLanguage\":\"es-ES\",\"@id\":\"https:\\\/\\\/graphimarket.com\\\/fr\\\/#\\\/schema\\\/logo\\\/image\\\/\",\"url\":\"https:\\\/\\\/graphimarket.com\\\/wp-content\\\/uploads\\\/2020\\\/08\\\/logo-48.png\",\"contentUrl\":\"https:\\\/\\\/graphimarket.com\\\/wp-content\\\/uploads\\\/2020\\\/08\\\/logo-48.png\",\"width\":132,\"height\":48,\"caption\":\"Graphimarket\"},\"image\":{\"@id\":\"https:\\\/\\\/graphimarket.com\\\/fr\\\/#\\\/schema\\\/logo\\\/image\\\/\"}}]}<\/script>\n<!-- \/ Yoast SEO plugin. -->","yoast_head_json":{"title":"Retylle Solyta Monoline - Graphimarket","description":"Retylle Solyta\u00a0is a beautiful monoline retro script font which would work for a wide variety of purposes and projects.Retylle Solyta...","robots":{"index":"index","follow":"follow","max-snippet":"max-snippet:-1","max-image-preview":"max-image-preview:large","max-video-preview":"max-video-preview:-1"},"canonical":"https:\/\/graphimarket.com\/es\/product\/retylle-solyta-monoline\/","og_locale":"es_ES","og_type":"article","og_title":"Retylle Solyta Monoline - Graphimarket","og_description":"Retylle Solyta\u00a0is a beautiful monoline retro script font which would work for a wide variety of purposes and projects.Retylle Solyta...","og_url":"https:\/\/graphimarket.com\/es\/product\/retylle-solyta-monoline\/","og_site_name":"Graphimarket","article_modified_time":"2022-12-19T09:12:07+00:00","og_image":[{"width":1019,"height":679,"url":"https:\/\/graphimarket.com\/wp-content\/uploads\/2020\/09\/5537317a-d4a9-4316-a4fb-a857a7ffa43e.jpg","type":"image\/jpeg"}],"twitter_card":"summary_large_image","twitter_misc":{"Est. reading time":"1 minute"},"schema":{"@context":"https:\/\/schema.org","@graph":[{"@type":"WebPage","@id":"https:\/\/graphimarket.com\/es\/product\/retylle-solyta-monoline\/","url":"https:\/\/graphimarket.com\/es\/product\/retylle-solyta-monoline\/","name":"Retylle Solyta Monoline - Graphimarket","isPartOf":{"@id":"https:\/\/graphimarket.com\/fr\/#website"},"primaryImageOfPage":{"@id":"https:\/\/graphimarket.com\/es\/product\/retylle-solyta-monoline\/#primaryimage"},"image":{"@id":"https:\/\/graphimarket.com\/es\/product\/retylle-solyta-monoline\/#primaryimage"},"thumbnailUrl":"https:\/\/graphimarket.com\/wp-content\/uploads\/2020\/09\/5537317a-d4a9-4316-a4fb-a857a7ffa43e.jpg","datePublished":"2020-09-18T13:52:30+00:00","dateModified":"2022-12-19T09:12:07+00:00","description":"Retylle Solyta\u00a0is a beautiful monoline retro script font which would work for a wide variety of purposes and projects.Retylle Solyta...","breadcrumb":{"@id":"https:\/\/graphimarket.com\/es\/product\/retylle-solyta-monoline\/#breadcrumb"},"inLanguage":"es-ES","potentialAction":[{"@type":"ReadAction","target":["https:\/\/graphimarket.com\/es\/product\/retylle-solyta-monoline\/"]}]},{"@type":"ImageObject","inLanguage":"es-ES","@id":"https:\/\/graphimarket.com\/es\/product\/retylle-solyta-monoline\/#primaryimage","url":"https:\/\/graphimarket.com\/wp-content\/uploads\/2020\/09\/5537317a-d4a9-4316-a4fb-a857a7ffa43e.jpg","contentUrl":"https:\/\/graphimarket.com\/wp-content\/uploads\/2020\/09\/5537317a-d4a9-4316-a4fb-a857a7ffa43e.jpg","width":1019,"height":679},{"@type":"BreadcrumbList","@id":"https:\/\/graphimarket.com\/es\/product\/retylle-solyta-monoline\/#breadcrumb","itemListElement":[{"@type":"ListItem","position":1,"name":"Home","item":"https:\/\/graphimarket.com\/es\/"},{"@type":"ListItem","position":2,"name":"Store","item":"https:\/\/graphimarket.com\/store\/"},{"@type":"ListItem","position":3,"name":"Retylle Solyta Monoline"}]},{"@type":"WebSite","@id":"https:\/\/graphimarket.com\/fr\/#website","url":"https:\/\/graphimarket.com\/fr\/","name":"Graphimarket","description":"Encuentre el activo creativo perfecto para darle vida a su proyecto","publisher":{"@id":"https:\/\/graphimarket.com\/fr\/#organization"},"potentialAction":[{"@type":"SearchAction","target":{"@type":"EntryPoint","urlTemplate":"https:\/\/graphimarket.com\/fr\/?s={search_term_string}"},"query-input":{"@type":"PropertyValueSpecification","valueRequired":true,"valueName":"search_term_string"}}],"inLanguage":"es-ES"},{"@type":"Organization","@id":"https:\/\/graphimarket.com\/fr\/#organization","name":"Graphimarket","url":"https:\/\/graphimarket.com\/fr\/","logo":{"@type":"ImageObject","inLanguage":"es-ES","@id":"https:\/\/graphimarket.com\/fr\/#\/schema\/logo\/image\/","url":"https:\/\/graphimarket.com\/wp-content\/uploads\/2020\/08\/logo-48.png","contentUrl":"https:\/\/graphimarket.com\/wp-content\/uploads\/2020\/08\/logo-48.png","width":132,"height":48,"caption":"Graphimarket"},"image":{"@id":"https:\/\/graphimarket.com\/fr\/#\/schema\/logo\/image\/"}}]}},"_links":{"self":[{"href":"http:\/\/graphimarket.com\/es\/wp-json\/wp\/v2\/product\/10590","targetHints":{"allow":["GET"]}}],"collection":[{"href":"http:\/\/graphimarket.com\/es\/wp-json\/wp\/v2\/product"}],"about":[{"href":"http:\/\/graphimarket.com\/es\/wp-json\/wp\/v2\/types\/product"}],"replies":[{"embeddable":true,"href":"http:\/\/graphimarket.com\/es\/wp-json\/wp\/v2\/comments?post=10590"}],"version-history":[{"count":0,"href":"http:\/\/graphimarket.com\/es\/wp-json\/wp\/v2\/product\/10590\/revisions"}],"wp:featuredmedia":[{"embeddable":true,"href":"http:\/\/graphimarket.com\/es\/wp-json\/wp\/v2\/media\/10592"}],"wp:attachment":[{"href":"http:\/\/graphimarket.com\/es\/wp-json\/wp\/v2\/media?parent=10590"}],"wp:term":[{"taxonomy":"product_brand","embeddable":true,"href":"http:\/\/graphimarket.com\/es\/wp-json\/wp\/v2\/product_brand?post=10590"},{"taxonomy":"product_cat","embeddable":true,"href":"http:\/\/graphimarket.com\/es\/wp-json\/wp\/v2\/product_cat?post=10590"},{"taxonomy":"product_tag","embeddable":true,"href":"http:\/\/graphimarket.com\/es\/wp-json\/wp\/v2\/product_tag?post=10590"}],"curies":[{"name":"wp","href":"https:\/\/api.w.org\/{rel}","templated":true}]}}