{"id":10727,"date":"2020-09-19T12:14:07","date_gmt":"2020-09-19T10:14:07","guid":{"rendered":"https:\/\/graphimarket.com\/?post_type=product&#038;p=10727"},"modified":"2022-12-19T10:10:17","modified_gmt":"2022-12-19T09:10:17","slug":"palace-yh-bold-calligraphy-font","status":"publish","type":"product","link":"http:\/\/graphimarket.com\/es\/product\/palace-yh-bold-calligraphy-font\/","title":{"rendered":"Palace YH - Fuente de caligraf\u00eda en negrita"},"content":{"rendered":"<p>Orgullosamente presente, Palace Font.<\/p>\n<p>Palace es una linda fuente de caligraf\u00eda moderna.<\/p>\n<p>Palace es perfecto para empaquetar productos, proyectos de marca, revistas, redes sociales, bodas o simplemente para expresar palabras sobre el fondo.<\/p>\n<p>Esta fuente incluye TTF y OTF, Palace tambi\u00e9n es compatible con varios idiomas.<\/p>\n<p>Disfrute de la fuente, si\u00e9ntase libre de comentar o retroalimentar, env\u00edeme PM o correo electr\u00f3nico.<\/p>\n<p>\u00a1Gracias!<\/p>\n<p>&nbsp;<\/p>\n<p><img fetchpriority=\"high\" decoding=\"async\" class=\"aligncenter wp-image-10734 size-full\" src=\"https:\/\/graphimarket.com\/wp-content\/uploads\/2020\/09\/267e41ab-3bf0-49cc-9088-2b6abdf03783.jpg\" alt=\"\" width=\"1170\" height=\"878\" srcset=\"https:\/\/graphimarket.com\/wp-content\/uploads\/2020\/09\/267e41ab-3bf0-49cc-9088-2b6abdf03783.jpg 1170w, https:\/\/graphimarket.com\/wp-content\/uploads\/2020\/09\/267e41ab-3bf0-49cc-9088-2b6abdf03783-300x225.jpg 300w, https:\/\/graphimarket.com\/wp-content\/uploads\/2020\/09\/267e41ab-3bf0-49cc-9088-2b6abdf03783-1024x768.jpg 1024w, https:\/\/graphimarket.com\/wp-content\/uploads\/2020\/09\/267e41ab-3bf0-49cc-9088-2b6abdf03783-768x576.jpg 768w, https:\/\/graphimarket.com\/wp-content\/uploads\/2020\/09\/267e41ab-3bf0-49cc-9088-2b6abdf03783-600x450.jpg 600w\" sizes=\"(max-width: 1170px) 100vw, 1170px\" \/> <img decoding=\"async\" class=\"aligncenter wp-image-10735 size-full\" src=\"https:\/\/graphimarket.com\/wp-content\/uploads\/2020\/09\/505477d4-5516-45d1-bfbb-6d95385bff6e.jpg\" alt=\"\" width=\"1170\" height=\"878\" srcset=\"https:\/\/graphimarket.com\/wp-content\/uploads\/2020\/09\/505477d4-5516-45d1-bfbb-6d95385bff6e.jpg 1170w, https:\/\/graphimarket.com\/wp-content\/uploads\/2020\/09\/505477d4-5516-45d1-bfbb-6d95385bff6e-300x225.jpg 300w, https:\/\/graphimarket.com\/wp-content\/uploads\/2020\/09\/505477d4-5516-45d1-bfbb-6d95385bff6e-1024x768.jpg 1024w, https:\/\/graphimarket.com\/wp-content\/uploads\/2020\/09\/505477d4-5516-45d1-bfbb-6d95385bff6e-768x576.jpg 768w, https:\/\/graphimarket.com\/wp-content\/uploads\/2020\/09\/505477d4-5516-45d1-bfbb-6d95385bff6e-600x450.jpg 600w\" sizes=\"(max-width: 1170px) 100vw, 1170px\" \/> <img decoding=\"async\" class=\"aligncenter wp-image-10736 size-full\" src=\"https:\/\/graphimarket.com\/wp-content\/uploads\/2020\/09\/c1a35f7f-e37a-4f89-9166-0c4772f2679b.jpg\" alt=\"\" width=\"1170\" height=\"878\" srcset=\"https:\/\/graphimarket.com\/wp-content\/uploads\/2020\/09\/c1a35f7f-e37a-4f89-9166-0c4772f2679b.jpg 1170w, https:\/\/graphimarket.com\/wp-content\/uploads\/2020\/09\/c1a35f7f-e37a-4f89-9166-0c4772f2679b-300x225.jpg 300w, https:\/\/graphimarket.com\/wp-content\/uploads\/2020\/09\/c1a35f7f-e37a-4f89-9166-0c4772f2679b-1024x768.jpg 1024w, https:\/\/graphimarket.com\/wp-content\/uploads\/2020\/09\/c1a35f7f-e37a-4f89-9166-0c4772f2679b-768x576.jpg 768w, https:\/\/graphimarket.com\/wp-content\/uploads\/2020\/09\/c1a35f7f-e37a-4f89-9166-0c4772f2679b-600x450.jpg 600w\" sizes=\"(max-width: 1170px) 100vw, 1170px\" \/> <img loading=\"lazy\" decoding=\"async\" class=\"aligncenter wp-image-10737 size-full\" src=\"https:\/\/graphimarket.com\/wp-content\/uploads\/2020\/09\/d8ab81bf-1090-4a16-9d48-f21f79215389.jpg\" alt=\"\" width=\"1170\" height=\"878\" srcset=\"https:\/\/graphimarket.com\/wp-content\/uploads\/2020\/09\/d8ab81bf-1090-4a16-9d48-f21f79215389.jpg 1170w, https:\/\/graphimarket.com\/wp-content\/uploads\/2020\/09\/d8ab81bf-1090-4a16-9d48-f21f79215389-300x225.jpg 300w, https:\/\/graphimarket.com\/wp-content\/uploads\/2020\/09\/d8ab81bf-1090-4a16-9d48-f21f79215389-1024x768.jpg 1024w, https:\/\/graphimarket.com\/wp-content\/uploads\/2020\/09\/d8ab81bf-1090-4a16-9d48-f21f79215389-768x576.jpg 768w, https:\/\/graphimarket.com\/wp-content\/uploads\/2020\/09\/d8ab81bf-1090-4a16-9d48-f21f79215389-600x450.jpg 600w\" sizes=\"(max-width: 1170px) 100vw, 1170px\" \/> <img loading=\"lazy\" decoding=\"async\" class=\"aligncenter wp-image-10738 size-full\" src=\"https:\/\/graphimarket.com\/wp-content\/uploads\/2020\/09\/dd7e62cf-ff30-468c-bfa3-39522e52f4fe-1.jpg\" alt=\"\" width=\"1019\" height=\"679\" srcset=\"https:\/\/graphimarket.com\/wp-content\/uploads\/2020\/09\/dd7e62cf-ff30-468c-bfa3-39522e52f4fe-1.jpg 1019w, https:\/\/graphimarket.com\/wp-content\/uploads\/2020\/09\/dd7e62cf-ff30-468c-bfa3-39522e52f4fe-1-300x200.jpg 300w, https:\/\/graphimarket.com\/wp-content\/uploads\/2020\/09\/dd7e62cf-ff30-468c-bfa3-39522e52f4fe-1-768x512.jpg 768w, https:\/\/graphimarket.com\/wp-content\/uploads\/2020\/09\/dd7e62cf-ff30-468c-bfa3-39522e52f4fe-1-600x400.jpg 600w\" sizes=\"(max-width: 1019px) 100vw, 1019px\" \/> <img loading=\"lazy\" decoding=\"async\" class=\"aligncenter wp-image-10739 size-full\" src=\"https:\/\/graphimarket.com\/wp-content\/uploads\/2020\/09\/4a7790f3-c76f-4322-aa3b-a79d6887d265.jpg\" alt=\"\" width=\"1170\" height=\"878\" srcset=\"https:\/\/graphimarket.com\/wp-content\/uploads\/2020\/09\/4a7790f3-c76f-4322-aa3b-a79d6887d265.jpg 1170w, https:\/\/graphimarket.com\/wp-content\/uploads\/2020\/09\/4a7790f3-c76f-4322-aa3b-a79d6887d265-300x225.jpg 300w, https:\/\/graphimarket.com\/wp-content\/uploads\/2020\/09\/4a7790f3-c76f-4322-aa3b-a79d6887d265-1024x768.jpg 1024w, https:\/\/graphimarket.com\/wp-content\/uploads\/2020\/09\/4a7790f3-c76f-4322-aa3b-a79d6887d265-768x576.jpg 768w, https:\/\/graphimarket.com\/wp-content\/uploads\/2020\/09\/4a7790f3-c76f-4322-aa3b-a79d6887d265-600x450.jpg 600w\" sizes=\"(max-width: 1170px) 100vw, 1170px\" \/> <img loading=\"lazy\" decoding=\"async\" class=\"aligncenter wp-image-10740 size-full\" src=\"https:\/\/graphimarket.com\/wp-content\/uploads\/2020\/09\/67d3ec82-c6d7-4aee-a552-fdc7358100d4.jpg\" alt=\"\" width=\"1170\" height=\"878\" srcset=\"https:\/\/graphimarket.com\/wp-content\/uploads\/2020\/09\/67d3ec82-c6d7-4aee-a552-fdc7358100d4.jpg 1170w, https:\/\/graphimarket.com\/wp-content\/uploads\/2020\/09\/67d3ec82-c6d7-4aee-a552-fdc7358100d4-300x225.jpg 300w, https:\/\/graphimarket.com\/wp-content\/uploads\/2020\/09\/67d3ec82-c6d7-4aee-a552-fdc7358100d4-1024x768.jpg 1024w, https:\/\/graphimarket.com\/wp-content\/uploads\/2020\/09\/67d3ec82-c6d7-4aee-a552-fdc7358100d4-768x576.jpg 768w, https:\/\/graphimarket.com\/wp-content\/uploads\/2020\/09\/67d3ec82-c6d7-4aee-a552-fdc7358100d4-600x450.jpg 600w\" sizes=\"(max-width: 1170px) 100vw, 1170px\" \/><\/p>","protected":false},"excerpt":{"rendered":"<p>Proudly Present, Palace Font. Palace is a cute modern calligraphy font. Palace is perfect for product packaging, branding project, megazine, social media, wedding, or just used to express words above the background. This font includes TTF and OTF, Palace also multilingual support. Enjoy the font, feel free to comment or feedback, send me PM or [&hellip;]<\/p>\n","protected":false},"featured_media":10733,"comment_status":"open","ping_status":"closed","template":"","meta":{"site-sidebar-layout":"default","site-content-layout":"default","ast-site-content-layout":"default","site-content-style":"default","site-sidebar-style":"default","ast-global-header-display":"","ast-banner-title-visibility":"","ast-main-header-display":"","ast-hfb-above-header-display":"","ast-hfb-below-header-display":"","ast-hfb-mobile-header-display":"","site-post-title":"","ast-breadcrumbs-content":"","ast-featured-img":"","footer-sml-layout":"","ast-disable-related-posts":"","theme-transparent-header-meta":"default","adv-header-id-meta":"","stick-header-meta":"","header-above-stick-meta":"","header-main-stick-meta":"","header-below-stick-meta":"","astra-migrate-meta-layouts":"default","ast-page-background-enabled":"default","ast-page-background-meta":{"desktop":{"background-color":"","background-image":"","background-repeat":"repeat","background-position":"center center","background-size":"auto","background-attachment":"scroll","background-type":"","background-media":"","overlay-type":"","overlay-color":"","overlay-opacity":"","overlay-gradient":""},"tablet":{"background-color":"","background-image":"","background-repeat":"repeat","background-position":"center center","background-size":"auto","background-attachment":"scroll","background-type":"","background-media":"","overlay-type":"","overlay-color":"","overlay-opacity":"","overlay-gradient":""},"mobile":{"background-color":"","background-image":"","background-repeat":"repeat","background-position":"center center","background-size":"auto","background-attachment":"scroll","background-type":"","background-media":"","overlay-type":"","overlay-color":"","overlay-opacity":"","overlay-gradient":""}},"ast-content-background-meta":{"desktop":{"background-color":"var(--ast-global-color-5)","background-image":"","background-repeat":"repeat","background-position":"center center","background-size":"auto","background-attachment":"scroll","background-type":"","background-media":"","overlay-type":"","overlay-color":"","overlay-opacity":"","overlay-gradient":""},"tablet":{"background-color":"var(--ast-global-color-5)","background-image":"","background-repeat":"repeat","background-position":"center center","background-size":"auto","background-attachment":"scroll","background-type":"","background-media":"","overlay-type":"","overlay-color":"","overlay-opacity":"","overlay-gradient":""},"mobile":{"background-color":"var(--ast-global-color-5)","background-image":"","background-repeat":"repeat","background-position":"center center","background-size":"auto","background-attachment":"scroll","background-type":"","background-media":"","overlay-type":"","overlay-color":"","overlay-opacity":"","overlay-gradient":""}}},"product_brand":[],"product_cat":[187],"product_tag":[1176,389,1076,1063,1175,1177,351,1070,1091,1099,296,1142,262,1073,298],"class_list":{"0":"post-10727","1":"product","2":"type-product","3":"status-publish","4":"has-post-thumbnail","6":"product_cat-fonts","7":"product_tag-alternate","8":"product_tag-brush","9":"product_tag-calligraphy","10":"product_tag-elegant","11":"product_tag-fancy","12":"product_tag-feminine","13":"product_tag-font","14":"product_tag-handlettering","15":"product_tag-handwriting","16":"product_tag-handwritten","17":"product_tag-lettering","18":"product_tag-ligature","19":"product_tag-modern","20":"product_tag-script","21":"product_tag-typography","22":"desktop-align-left","23":"tablet-align-left","24":"mobile-align-left","26":"first","27":"instock","28":"downloadable","29":"virtual","30":"taxable","31":"purchasable","32":"product-type-simple"},"yoast_head":"<!-- This site is optimized with the Yoast SEO plugin v27.3 - https:\/\/yoast.com\/product\/yoast-seo-wordpress\/ -->\n<title>Palace YH - Bold Calligraphy Font - Graphimarket<\/title>\n<meta name=\"description\" content=\"Proudly Present, Palace Font.Palace is a cute modern calligraphy font.Palace is perfect for product packaging, branding project...\" \/>\n<meta name=\"robots\" content=\"index, follow, max-snippet:-1, max-image-preview:large, max-video-preview:-1\" \/>\n<link rel=\"canonical\" href=\"https:\/\/graphimarket.com\/es\/product\/palace-yh-bold-calligraphy-font\/\" \/>\n<meta property=\"og:locale\" content=\"es_ES\" \/>\n<meta property=\"og:type\" content=\"article\" \/>\n<meta property=\"og:title\" content=\"Palace YH - Bold Calligraphy Font - Graphimarket\" \/>\n<meta property=\"og:description\" content=\"Proudly Present, Palace Font.Palace is a cute modern calligraphy font.Palace is perfect for product packaging, branding project...\" \/>\n<meta property=\"og:url\" content=\"https:\/\/graphimarket.com\/es\/product\/palace-yh-bold-calligraphy-font\/\" \/>\n<meta property=\"og:site_name\" content=\"Graphimarket\" \/>\n<meta property=\"article:modified_time\" content=\"2022-12-19T09:10:17+00:00\" \/>\n<meta property=\"og:image\" content=\"https:\/\/graphimarket.com\/wp-content\/uploads\/2020\/09\/dd7e62cf-ff30-468c-bfa3-39522e52f4fe.jpg\" \/>\n\t<meta property=\"og:image:width\" content=\"1019\" \/>\n\t<meta property=\"og:image:height\" content=\"679\" \/>\n\t<meta property=\"og:image:type\" content=\"image\/jpeg\" \/>\n<meta name=\"twitter:card\" content=\"summary_large_image\" \/>\n<script type=\"application\/ld+json\" class=\"yoast-schema-graph\">{\"@context\":\"https:\\\/\\\/schema.org\",\"@graph\":[{\"@type\":\"WebPage\",\"@id\":\"https:\\\/\\\/graphimarket.com\\\/en\\\/product\\\/palace-yh-bold-calligraphy-font\\\/\",\"url\":\"https:\\\/\\\/graphimarket.com\\\/en\\\/product\\\/palace-yh-bold-calligraphy-font\\\/\",\"name\":\"Palace YH - Bold Calligraphy Font - Graphimarket\",\"isPartOf\":{\"@id\":\"https:\\\/\\\/graphimarket.com\\\/fr\\\/#website\"},\"primaryImageOfPage\":{\"@id\":\"https:\\\/\\\/graphimarket.com\\\/en\\\/product\\\/palace-yh-bold-calligraphy-font\\\/#primaryimage\"},\"image\":{\"@id\":\"https:\\\/\\\/graphimarket.com\\\/en\\\/product\\\/palace-yh-bold-calligraphy-font\\\/#primaryimage\"},\"thumbnailUrl\":\"https:\\\/\\\/graphimarket.com\\\/wp-content\\\/uploads\\\/2020\\\/09\\\/dd7e62cf-ff30-468c-bfa3-39522e52f4fe.jpg\",\"datePublished\":\"2020-09-19T10:14:07+00:00\",\"dateModified\":\"2022-12-19T09:10:17+00:00\",\"description\":\"Proudly Present, Palace Font.Palace is a cute modern calligraphy font.Palace is perfect for product packaging, branding project...\",\"breadcrumb\":{\"@id\":\"https:\\\/\\\/graphimarket.com\\\/en\\\/product\\\/palace-yh-bold-calligraphy-font\\\/#breadcrumb\"},\"inLanguage\":\"es-ES\",\"potentialAction\":[{\"@type\":\"ReadAction\",\"target\":[\"https:\\\/\\\/graphimarket.com\\\/en\\\/product\\\/palace-yh-bold-calligraphy-font\\\/\"]}]},{\"@type\":\"ImageObject\",\"inLanguage\":\"es-ES\",\"@id\":\"https:\\\/\\\/graphimarket.com\\\/en\\\/product\\\/palace-yh-bold-calligraphy-font\\\/#primaryimage\",\"url\":\"https:\\\/\\\/graphimarket.com\\\/wp-content\\\/uploads\\\/2020\\\/09\\\/dd7e62cf-ff30-468c-bfa3-39522e52f4fe.jpg\",\"contentUrl\":\"https:\\\/\\\/graphimarket.com\\\/wp-content\\\/uploads\\\/2020\\\/09\\\/dd7e62cf-ff30-468c-bfa3-39522e52f4fe.jpg\",\"width\":1019,\"height\":679},{\"@type\":\"BreadcrumbList\",\"@id\":\"https:\\\/\\\/graphimarket.com\\\/en\\\/product\\\/palace-yh-bold-calligraphy-font\\\/#breadcrumb\",\"itemListElement\":[{\"@type\":\"ListItem\",\"position\":1,\"name\":\"Home\",\"item\":\"https:\\\/\\\/graphimarket.com\\\/es\\\/\"},{\"@type\":\"ListItem\",\"position\":2,\"name\":\"Store\",\"item\":\"https:\\\/\\\/graphimarket.com\\\/store\\\/\"},{\"@type\":\"ListItem\",\"position\":3,\"name\":\"Palace YH &#8211; Bold Calligraphy Font\"}]},{\"@type\":\"WebSite\",\"@id\":\"https:\\\/\\\/graphimarket.com\\\/fr\\\/#website\",\"url\":\"https:\\\/\\\/graphimarket.com\\\/fr\\\/\",\"name\":\"Graphimarket\",\"description\":\"Find the perfect creative asset to bring your project to life\",\"publisher\":{\"@id\":\"https:\\\/\\\/graphimarket.com\\\/fr\\\/#organization\"},\"potentialAction\":[{\"@type\":\"SearchAction\",\"target\":{\"@type\":\"EntryPoint\",\"urlTemplate\":\"https:\\\/\\\/graphimarket.com\\\/fr\\\/?s={search_term_string}\"},\"query-input\":{\"@type\":\"PropertyValueSpecification\",\"valueRequired\":true,\"valueName\":\"search_term_string\"}}],\"inLanguage\":\"es-ES\"},{\"@type\":\"Organization\",\"@id\":\"https:\\\/\\\/graphimarket.com\\\/fr\\\/#organization\",\"name\":\"Graphimarket\",\"url\":\"https:\\\/\\\/graphimarket.com\\\/fr\\\/\",\"logo\":{\"@type\":\"ImageObject\",\"inLanguage\":\"es-ES\",\"@id\":\"https:\\\/\\\/graphimarket.com\\\/fr\\\/#\\\/schema\\\/logo\\\/image\\\/\",\"url\":\"https:\\\/\\\/graphimarket.com\\\/wp-content\\\/uploads\\\/2020\\\/08\\\/logo-48.png\",\"contentUrl\":\"https:\\\/\\\/graphimarket.com\\\/wp-content\\\/uploads\\\/2020\\\/08\\\/logo-48.png\",\"width\":132,\"height\":48,\"caption\":\"Graphimarket\"},\"image\":{\"@id\":\"https:\\\/\\\/graphimarket.com\\\/fr\\\/#\\\/schema\\\/logo\\\/image\\\/\"}}]}<\/script>\n<!-- \/ Yoast SEO plugin. -->","yoast_head_json":{"title":"Palace YH - Fuente de caligraf\u00eda en negrita - Graphimarket","description":"Orgullosamente presente, Palace Font.Palace es una linda fuente de caligraf\u00eda moderna.Palace es perfecta para el empaque de productos, proyectos de marca ...","robots":{"index":"index","follow":"follow","max-snippet":"max-snippet:-1","max-image-preview":"max-image-preview:large","max-video-preview":"max-video-preview:-1"},"canonical":"https:\/\/graphimarket.com\/es\/product\/palace-yh-bold-calligraphy-font\/","og_locale":"es_ES","og_type":"article","og_title":"Palace YH - Bold Calligraphy Font - Graphimarket","og_description":"Proudly Present, Palace Font.Palace is a cute modern calligraphy font.Palace is perfect for product packaging, branding project...","og_url":"https:\/\/graphimarket.com\/es\/product\/palace-yh-bold-calligraphy-font\/","og_site_name":"Graphimarket","article_modified_time":"2022-12-19T09:10:17+00:00","og_image":[{"width":1019,"height":679,"url":"https:\/\/graphimarket.com\/wp-content\/uploads\/2020\/09\/dd7e62cf-ff30-468c-bfa3-39522e52f4fe.jpg","type":"image\/jpeg"}],"twitter_card":"summary_large_image","schema":{"@context":"https:\/\/schema.org","@graph":[{"@type":"WebPage","@id":"https:\/\/graphimarket.com\/en\/product\/palace-yh-bold-calligraphy-font\/","url":"https:\/\/graphimarket.com\/en\/product\/palace-yh-bold-calligraphy-font\/","name":"Palace YH - Fuente de caligraf\u00eda en negrita - Graphimarket","isPartOf":{"@id":"https:\/\/graphimarket.com\/fr\/#website"},"primaryImageOfPage":{"@id":"https:\/\/graphimarket.com\/en\/product\/palace-yh-bold-calligraphy-font\/#primaryimage"},"image":{"@id":"https:\/\/graphimarket.com\/en\/product\/palace-yh-bold-calligraphy-font\/#primaryimage"},"thumbnailUrl":"https:\/\/graphimarket.com\/wp-content\/uploads\/2020\/09\/dd7e62cf-ff30-468c-bfa3-39522e52f4fe.jpg","datePublished":"2020-09-19T10:14:07+00:00","dateModified":"2022-12-19T09:10:17+00:00","description":"Orgullosamente presente, Palace Font.Palace es una linda fuente de caligraf\u00eda moderna.Palace es perfecta para el empaque de productos, proyectos de marca ...","breadcrumb":{"@id":"https:\/\/graphimarket.com\/en\/product\/palace-yh-bold-calligraphy-font\/#breadcrumb"},"inLanguage":"es-ES","potentialAction":[{"@type":"ReadAction","target":["https:\/\/graphimarket.com\/en\/product\/palace-yh-bold-calligraphy-font\/"]}]},{"@type":"ImageObject","inLanguage":"es-ES","@id":"https:\/\/graphimarket.com\/en\/product\/palace-yh-bold-calligraphy-font\/#primaryimage","url":"https:\/\/graphimarket.com\/wp-content\/uploads\/2020\/09\/dd7e62cf-ff30-468c-bfa3-39522e52f4fe.jpg","contentUrl":"https:\/\/graphimarket.com\/wp-content\/uploads\/2020\/09\/dd7e62cf-ff30-468c-bfa3-39522e52f4fe.jpg","width":1019,"height":679},{"@type":"BreadcrumbList","@id":"https:\/\/graphimarket.com\/en\/product\/palace-yh-bold-calligraphy-font\/#breadcrumb","itemListElement":[{"@type":"ListItem","position":1,"name":"Home","item":"https:\/\/graphimarket.com\/es\/"},{"@type":"ListItem","position":2,"name":"Store","item":"https:\/\/graphimarket.com\/store\/"},{"@type":"ListItem","position":3,"name":"Palace YH &#8211; Bold Calligraphy Font"}]},{"@type":"WebSite","@id":"https:\/\/graphimarket.com\/fr\/#website","url":"https:\/\/graphimarket.com\/fr\/","name":"Graphimarket","description":"Encuentre el activo creativo perfecto para darle vida a su proyecto","publisher":{"@id":"https:\/\/graphimarket.com\/fr\/#organization"},"potentialAction":[{"@type":"SearchAction","target":{"@type":"EntryPoint","urlTemplate":"https:\/\/graphimarket.com\/fr\/?s={search_term_string}"},"query-input":{"@type":"PropertyValueSpecification","valueRequired":true,"valueName":"search_term_string"}}],"inLanguage":"es-ES"},{"@type":"Organization","@id":"https:\/\/graphimarket.com\/fr\/#organization","name":"Graphimarket","url":"https:\/\/graphimarket.com\/fr\/","logo":{"@type":"ImageObject","inLanguage":"es-ES","@id":"https:\/\/graphimarket.com\/fr\/#\/schema\/logo\/image\/","url":"https:\/\/graphimarket.com\/wp-content\/uploads\/2020\/08\/logo-48.png","contentUrl":"https:\/\/graphimarket.com\/wp-content\/uploads\/2020\/08\/logo-48.png","width":132,"height":48,"caption":"Graphimarket"},"image":{"@id":"https:\/\/graphimarket.com\/fr\/#\/schema\/logo\/image\/"}}]}},"_links":{"self":[{"href":"http:\/\/graphimarket.com\/es\/wp-json\/wp\/v2\/product\/10727","targetHints":{"allow":["GET"]}}],"collection":[{"href":"http:\/\/graphimarket.com\/es\/wp-json\/wp\/v2\/product"}],"about":[{"href":"http:\/\/graphimarket.com\/es\/wp-json\/wp\/v2\/types\/product"}],"replies":[{"embeddable":true,"href":"http:\/\/graphimarket.com\/es\/wp-json\/wp\/v2\/comments?post=10727"}],"version-history":[{"count":0,"href":"http:\/\/graphimarket.com\/es\/wp-json\/wp\/v2\/product\/10727\/revisions"}],"wp:featuredmedia":[{"embeddable":true,"href":"http:\/\/graphimarket.com\/es\/wp-json\/wp\/v2\/media\/10733"}],"wp:attachment":[{"href":"http:\/\/graphimarket.com\/es\/wp-json\/wp\/v2\/media?parent=10727"}],"wp:term":[{"taxonomy":"product_brand","embeddable":true,"href":"http:\/\/graphimarket.com\/es\/wp-json\/wp\/v2\/product_brand?post=10727"},{"taxonomy":"product_cat","embeddable":true,"href":"http:\/\/graphimarket.com\/es\/wp-json\/wp\/v2\/product_cat?post=10727"},{"taxonomy":"product_tag","embeddable":true,"href":"http:\/\/graphimarket.com\/es\/wp-json\/wp\/v2\/product_tag?post=10727"}],"curies":[{"name":"wp","href":"https:\/\/api.w.org\/{rel}","templated":true}]}}