{"id":11999,"date":"2020-10-12T17:33:45","date_gmt":"2020-10-12T15:33:45","guid":{"rendered":"https:\/\/graphimarket.com\/?post_type=product&#038;p=11999"},"modified":"2022-12-19T09:44:21","modified_gmt":"2022-12-19T08:44:21","slug":"geometric-flyers-bundle","status":"publish","type":"product","link":"http:\/\/graphimarket.com\/es\/product\/geometric-flyers-bundle\/","title":{"rendered":"Paquete de volantes geom\u00e9tricos"},"content":{"rendered":"<div class=\"_2Masz2rr\">\n<p>Paquete de volantes geom\u00e9tricos<\/p>\n<p>Siguiendo nuestra Tendencia geom\u00e9trica para 2016, hemos creado un conjunto de 4 folletos basados en dise\u00f1os geom\u00e9tricos para usar en sus proyectos creativos. En este conjunto de Flyers recibir\u00e1s:<\/p>\n<ul>\n<li>4 folletos en formato .PSD a 300DPI (listo para imprimir) en formato CMYK<\/li>\n<li>Archivo Readme.txt para cualquier ayuda necesaria.<\/li>\n<\/ul>\n<p>Todas las fuentes utilizadas en estos folletos son GRATIS<\/p>\n<p>Todas las im\u00e1genes que puede ver son CC0 (de uso y distribuci\u00f3n gratuitos) de nuestros amigos en Unsplash.com<\/p>\n<\/div>\n<div class=\"_3KAa4-GZ frEFeDSS\"><\/div>\n<div><img fetchpriority=\"high\" decoding=\"async\" class=\"aligncenter wp-image-12000 size-full\" src=\"https:\/\/graphimarket.com\/wp-content\/uploads\/2020\/10\/cad984e6-7162-4082-87bd-b1db96759e63.jpg\" alt=\"\" width=\"1170\" height=\"780\" srcset=\"https:\/\/graphimarket.com\/wp-content\/uploads\/2020\/10\/cad984e6-7162-4082-87bd-b1db96759e63.jpg 1170w, https:\/\/graphimarket.com\/wp-content\/uploads\/2020\/10\/cad984e6-7162-4082-87bd-b1db96759e63-300x200.jpg 300w, https:\/\/graphimarket.com\/wp-content\/uploads\/2020\/10\/cad984e6-7162-4082-87bd-b1db96759e63-1024x683.jpg 1024w, https:\/\/graphimarket.com\/wp-content\/uploads\/2020\/10\/cad984e6-7162-4082-87bd-b1db96759e63-768x512.jpg 768w, https:\/\/graphimarket.com\/wp-content\/uploads\/2020\/10\/cad984e6-7162-4082-87bd-b1db96759e63-16x12.jpg 16w, https:\/\/graphimarket.com\/wp-content\/uploads\/2020\/10\/cad984e6-7162-4082-87bd-b1db96759e63-600x400.jpg 600w\" sizes=\"(max-width: 1170px) 100vw, 1170px\" \/> <img decoding=\"async\" class=\"aligncenter wp-image-12001 size-full\" src=\"https:\/\/graphimarket.com\/wp-content\/uploads\/2020\/10\/495b787a-6896-4a54-b2b9-80ecd14623ef.jpg\" alt=\"\" width=\"1170\" height=\"780\" srcset=\"https:\/\/graphimarket.com\/wp-content\/uploads\/2020\/10\/495b787a-6896-4a54-b2b9-80ecd14623ef.jpg 1170w, https:\/\/graphimarket.com\/wp-content\/uploads\/2020\/10\/495b787a-6896-4a54-b2b9-80ecd14623ef-300x200.jpg 300w, https:\/\/graphimarket.com\/wp-content\/uploads\/2020\/10\/495b787a-6896-4a54-b2b9-80ecd14623ef-1024x683.jpg 1024w, https:\/\/graphimarket.com\/wp-content\/uploads\/2020\/10\/495b787a-6896-4a54-b2b9-80ecd14623ef-768x512.jpg 768w, https:\/\/graphimarket.com\/wp-content\/uploads\/2020\/10\/495b787a-6896-4a54-b2b9-80ecd14623ef-16x12.jpg 16w, https:\/\/graphimarket.com\/wp-content\/uploads\/2020\/10\/495b787a-6896-4a54-b2b9-80ecd14623ef-600x400.jpg 600w\" sizes=\"(max-width: 1170px) 100vw, 1170px\" \/> <img decoding=\"async\" class=\"aligncenter wp-image-12002 size-full\" src=\"https:\/\/graphimarket.com\/wp-content\/uploads\/2020\/10\/ad7c4245-5abc-41a6-9ed0-d2a2168f4ace.jpg\" alt=\"\" width=\"1170\" height=\"780\" srcset=\"https:\/\/graphimarket.com\/wp-content\/uploads\/2020\/10\/ad7c4245-5abc-41a6-9ed0-d2a2168f4ace.jpg 1170w, https:\/\/graphimarket.com\/wp-content\/uploads\/2020\/10\/ad7c4245-5abc-41a6-9ed0-d2a2168f4ace-300x200.jpg 300w, https:\/\/graphimarket.com\/wp-content\/uploads\/2020\/10\/ad7c4245-5abc-41a6-9ed0-d2a2168f4ace-1024x683.jpg 1024w, https:\/\/graphimarket.com\/wp-content\/uploads\/2020\/10\/ad7c4245-5abc-41a6-9ed0-d2a2168f4ace-768x512.jpg 768w, https:\/\/graphimarket.com\/wp-content\/uploads\/2020\/10\/ad7c4245-5abc-41a6-9ed0-d2a2168f4ace-16x12.jpg 16w, https:\/\/graphimarket.com\/wp-content\/uploads\/2020\/10\/ad7c4245-5abc-41a6-9ed0-d2a2168f4ace-600x400.jpg 600w\" sizes=\"(max-width: 1170px) 100vw, 1170px\" \/> <img loading=\"lazy\" decoding=\"async\" class=\"aligncenter wp-image-12003 size-full\" src=\"https:\/\/graphimarket.com\/wp-content\/uploads\/2020\/10\/d2d658bb-6f36-461c-8b7b-d3da9edcadb0.jpg\" alt=\"\" width=\"1170\" height=\"780\" srcset=\"https:\/\/graphimarket.com\/wp-content\/uploads\/2020\/10\/d2d658bb-6f36-461c-8b7b-d3da9edcadb0.jpg 1170w, https:\/\/graphimarket.com\/wp-content\/uploads\/2020\/10\/d2d658bb-6f36-461c-8b7b-d3da9edcadb0-300x200.jpg 300w, https:\/\/graphimarket.com\/wp-content\/uploads\/2020\/10\/d2d658bb-6f36-461c-8b7b-d3da9edcadb0-1024x683.jpg 1024w, https:\/\/graphimarket.com\/wp-content\/uploads\/2020\/10\/d2d658bb-6f36-461c-8b7b-d3da9edcadb0-768x512.jpg 768w, https:\/\/graphimarket.com\/wp-content\/uploads\/2020\/10\/d2d658bb-6f36-461c-8b7b-d3da9edcadb0-16x12.jpg 16w, https:\/\/graphimarket.com\/wp-content\/uploads\/2020\/10\/d2d658bb-6f36-461c-8b7b-d3da9edcadb0-600x400.jpg 600w\" sizes=\"(max-width: 1170px) 100vw, 1170px\" \/><\/div>","protected":false},"excerpt":{"rendered":"<p>Geometric Flyers Bundle Following our Geometric Trend for 2016, we have come up with a set of 4 Geometric Design-based Flyers to use on your creative projects. In this set of Flyers you will receive: 4 Flyers in .PSD Format at 300DPI (print ready) in CMYK format Readme.txt file for any help needed. All the [&hellip;]<\/p>\n","protected":false},"featured_media":12003,"comment_status":"open","ping_status":"closed","template":"","meta":{"site-sidebar-layout":"default","site-content-layout":"default","ast-site-content-layout":"default","site-content-style":"default","site-sidebar-style":"default","ast-global-header-display":"","ast-banner-title-visibility":"","ast-main-header-display":"","ast-hfb-above-header-display":"","ast-hfb-below-header-display":"","ast-hfb-mobile-header-display":"","site-post-title":"","ast-breadcrumbs-content":"","ast-featured-img":"","footer-sml-layout":"","ast-disable-related-posts":"","theme-transparent-header-meta":"default","adv-header-id-meta":"","stick-header-meta":"","header-above-stick-meta":"","header-main-stick-meta":"","header-below-stick-meta":"","astra-migrate-meta-layouts":"default","ast-page-background-enabled":"default","ast-page-background-meta":{"desktop":{"background-color":"","background-image":"","background-repeat":"repeat","background-position":"center center","background-size":"auto","background-attachment":"scroll","background-type":"","background-media":"","overlay-type":"","overlay-color":"","overlay-opacity":"","overlay-gradient":""},"tablet":{"background-color":"","background-image":"","background-repeat":"repeat","background-position":"center center","background-size":"auto","background-attachment":"scroll","background-type":"","background-media":"","overlay-type":"","overlay-color":"","overlay-opacity":"","overlay-gradient":""},"mobile":{"background-color":"","background-image":"","background-repeat":"repeat","background-position":"center center","background-size":"auto","background-attachment":"scroll","background-type":"","background-media":"","overlay-type":"","overlay-color":"","overlay-opacity":"","overlay-gradient":""}},"ast-content-background-meta":{"desktop":{"background-color":"var(--ast-global-color-5)","background-image":"","background-repeat":"repeat","background-position":"center center","background-size":"auto","background-attachment":"scroll","background-type":"","background-media":"","overlay-type":"","overlay-color":"","overlay-opacity":"","overlay-gradient":""},"tablet":{"background-color":"var(--ast-global-color-5)","background-image":"","background-repeat":"repeat","background-position":"center center","background-size":"auto","background-attachment":"scroll","background-type":"","background-media":"","overlay-type":"","overlay-color":"","overlay-opacity":"","overlay-gradient":""},"mobile":{"background-color":"var(--ast-global-color-5)","background-image":"","background-repeat":"repeat","background-position":"center center","background-size":"auto","background-attachment":"scroll","background-type":"","background-media":"","overlay-type":"","overlay-color":"","overlay-opacity":"","overlay-gradient":""}}},"product_brand":[],"product_cat":[1002,1609,193,46,698,139,195,168],"product_tag":[1531,838,1538,1535,1537,1536,1529,1534,1530,1533,1532],"class_list":{"0":"post-11999","1":"product","2":"type-product","3":"status-publish","4":"has-post-thumbnail","6":"product_cat-accessories","7":"product_cat-bundle","8":"product_cat-graphic-design","9":"product_cat-graphics","10":"product_cat-mockup","11":"product_cat-others","12":"product_cat-photoshop","13":"product_cat-templates","14":"product_tag-coolflyer","15":"product_tag-flyer","16":"product_tag-flyerart","17":"product_tag-flyerdesign","18":"product_tag-flyerdesigns","19":"product_tag-flyergraphic","20":"product_tag-flyers","21":"product_tag-flyertemplate","22":"product_tag-geometricflyer","23":"product_tag-retroflyer","24":"product_tag-vintageflyer","25":"desktop-align-left","26":"tablet-align-left","27":"mobile-align-left","29":"first","30":"instock","31":"sale","32":"downloadable","33":"virtual","34":"taxable","35":"purchasable","36":"product-type-simple"},"yoast_head":"<!-- This site is optimized with the Yoast SEO plugin v27.3 - https:\/\/yoast.com\/product\/yoast-seo-wordpress\/ -->\n<title>Geometric Flyers Bundle - Graphimarket<\/title>\n<meta name=\"description\" content=\"Geometric Flyers Bundle Following our Geometric Trend for 2016, we have come up with a set of 4 Geometric Design-based Flyers to use...\" \/>\n<meta name=\"robots\" content=\"index, follow, max-snippet:-1, max-image-preview:large, max-video-preview:-1\" \/>\n<link rel=\"canonical\" href=\"https:\/\/graphimarket.com\/es\/product\/geometric-flyers-bundle\/\" \/>\n<meta property=\"og:locale\" content=\"es_ES\" \/>\n<meta property=\"og:type\" content=\"article\" \/>\n<meta property=\"og:title\" content=\"Geometric Flyers Bundle - Graphimarket\" \/>\n<meta property=\"og:description\" content=\"Geometric Flyers Bundle Following our Geometric Trend for 2016, we have come up with a set of 4 Geometric Design-based Flyers to use...\" \/>\n<meta property=\"og:url\" content=\"https:\/\/graphimarket.com\/es\/product\/geometric-flyers-bundle\/\" \/>\n<meta property=\"og:site_name\" content=\"Graphimarket\" \/>\n<meta property=\"article:modified_time\" content=\"2022-12-19T08:44:21+00:00\" \/>\n<meta property=\"og:image\" content=\"https:\/\/graphimarket.com\/wp-content\/uploads\/2020\/10\/d2d658bb-6f36-461c-8b7b-d3da9edcadb0.jpg\" \/>\n\t<meta property=\"og:image:width\" content=\"1170\" \/>\n\t<meta property=\"og:image:height\" content=\"780\" \/>\n\t<meta property=\"og:image:type\" content=\"image\/jpeg\" \/>\n<meta name=\"twitter:card\" content=\"summary_large_image\" \/>\n<script type=\"application\/ld+json\" class=\"yoast-schema-graph\">{\"@context\":\"https:\\\/\\\/schema.org\",\"@graph\":[{\"@type\":\"WebPage\",\"@id\":\"https:\\\/\\\/graphimarket.com\\\/product\\\/geometric-flyers-bundle\\\/\",\"url\":\"https:\\\/\\\/graphimarket.com\\\/product\\\/geometric-flyers-bundle\\\/\",\"name\":\"Geometric Flyers Bundle - Graphimarket\",\"isPartOf\":{\"@id\":\"https:\\\/\\\/graphimarket.com\\\/fr\\\/#website\"},\"primaryImageOfPage\":{\"@id\":\"https:\\\/\\\/graphimarket.com\\\/product\\\/geometric-flyers-bundle\\\/#primaryimage\"},\"image\":{\"@id\":\"https:\\\/\\\/graphimarket.com\\\/product\\\/geometric-flyers-bundle\\\/#primaryimage\"},\"thumbnailUrl\":\"https:\\\/\\\/graphimarket.com\\\/wp-content\\\/uploads\\\/2020\\\/10\\\/d2d658bb-6f36-461c-8b7b-d3da9edcadb0.jpg\",\"datePublished\":\"2020-10-12T15:33:45+00:00\",\"dateModified\":\"2022-12-19T08:44:21+00:00\",\"description\":\"Geometric Flyers Bundle Following our Geometric Trend for 2016, we have come up with a set of 4 Geometric Design-based Flyers to use...\",\"breadcrumb\":{\"@id\":\"https:\\\/\\\/graphimarket.com\\\/product\\\/geometric-flyers-bundle\\\/#breadcrumb\"},\"inLanguage\":\"es-ES\",\"potentialAction\":[{\"@type\":\"ReadAction\",\"target\":[\"https:\\\/\\\/graphimarket.com\\\/product\\\/geometric-flyers-bundle\\\/\"]}]},{\"@type\":\"ImageObject\",\"inLanguage\":\"es-ES\",\"@id\":\"https:\\\/\\\/graphimarket.com\\\/product\\\/geometric-flyers-bundle\\\/#primaryimage\",\"url\":\"https:\\\/\\\/graphimarket.com\\\/wp-content\\\/uploads\\\/2020\\\/10\\\/d2d658bb-6f36-461c-8b7b-d3da9edcadb0.jpg\",\"contentUrl\":\"https:\\\/\\\/graphimarket.com\\\/wp-content\\\/uploads\\\/2020\\\/10\\\/d2d658bb-6f36-461c-8b7b-d3da9edcadb0.jpg\",\"width\":1170,\"height\":780},{\"@type\":\"BreadcrumbList\",\"@id\":\"https:\\\/\\\/graphimarket.com\\\/product\\\/geometric-flyers-bundle\\\/#breadcrumb\",\"itemListElement\":[{\"@type\":\"ListItem\",\"position\":1,\"name\":\"Home\",\"item\":\"https:\\\/\\\/graphimarket.com\\\/es\\\/\"},{\"@type\":\"ListItem\",\"position\":2,\"name\":\"Store\",\"item\":\"https:\\\/\\\/graphimarket.com\\\/store\\\/\"},{\"@type\":\"ListItem\",\"position\":3,\"name\":\"Geometric Flyers Bundle\"}]},{\"@type\":\"WebSite\",\"@id\":\"https:\\\/\\\/graphimarket.com\\\/fr\\\/#website\",\"url\":\"https:\\\/\\\/graphimarket.com\\\/fr\\\/\",\"name\":\"Graphimarket\",\"description\":\"Find the perfect creative asset to bring your project to life\",\"publisher\":{\"@id\":\"https:\\\/\\\/graphimarket.com\\\/fr\\\/#organization\"},\"potentialAction\":[{\"@type\":\"SearchAction\",\"target\":{\"@type\":\"EntryPoint\",\"urlTemplate\":\"https:\\\/\\\/graphimarket.com\\\/fr\\\/?s={search_term_string}\"},\"query-input\":{\"@type\":\"PropertyValueSpecification\",\"valueRequired\":true,\"valueName\":\"search_term_string\"}}],\"inLanguage\":\"es-ES\"},{\"@type\":\"Organization\",\"@id\":\"https:\\\/\\\/graphimarket.com\\\/fr\\\/#organization\",\"name\":\"Graphimarket\",\"url\":\"https:\\\/\\\/graphimarket.com\\\/fr\\\/\",\"logo\":{\"@type\":\"ImageObject\",\"inLanguage\":\"es-ES\",\"@id\":\"https:\\\/\\\/graphimarket.com\\\/fr\\\/#\\\/schema\\\/logo\\\/image\\\/\",\"url\":\"https:\\\/\\\/graphimarket.com\\\/wp-content\\\/uploads\\\/2020\\\/08\\\/logo-48.png\",\"contentUrl\":\"https:\\\/\\\/graphimarket.com\\\/wp-content\\\/uploads\\\/2020\\\/08\\\/logo-48.png\",\"width\":132,\"height\":48,\"caption\":\"Graphimarket\"},\"image\":{\"@id\":\"https:\\\/\\\/graphimarket.com\\\/fr\\\/#\\\/schema\\\/logo\\\/image\\\/\"}}]}<\/script>\n<!-- \/ Yoast SEO plugin. -->","yoast_head_json":{"title":"Paquete de folletos geom\u00e9tricos - Graphimarket","description":"Paquete de folletos geom\u00e9tricos Siguiendo nuestra tendencia geom\u00e9trica para 2016, hemos creado un conjunto de 4 folletos basados en dise\u00f1os geom\u00e9tricos para usar ...","robots":{"index":"index","follow":"follow","max-snippet":"max-snippet:-1","max-image-preview":"max-image-preview:large","max-video-preview":"max-video-preview:-1"},"canonical":"https:\/\/graphimarket.com\/es\/product\/geometric-flyers-bundle\/","og_locale":"es_ES","og_type":"article","og_title":"Geometric Flyers Bundle - Graphimarket","og_description":"Geometric Flyers Bundle Following our Geometric Trend for 2016, we have come up with a set of 4 Geometric Design-based Flyers to use...","og_url":"https:\/\/graphimarket.com\/es\/product\/geometric-flyers-bundle\/","og_site_name":"Graphimarket","article_modified_time":"2022-12-19T08:44:21+00:00","og_image":[{"width":1170,"height":780,"url":"https:\/\/graphimarket.com\/wp-content\/uploads\/2020\/10\/d2d658bb-6f36-461c-8b7b-d3da9edcadb0.jpg","type":"image\/jpeg"}],"twitter_card":"summary_large_image","schema":{"@context":"https:\/\/schema.org","@graph":[{"@type":"WebPage","@id":"https:\/\/graphimarket.com\/product\/geometric-flyers-bundle\/","url":"https:\/\/graphimarket.com\/product\/geometric-flyers-bundle\/","name":"Paquete de folletos geom\u00e9tricos - Graphimarket","isPartOf":{"@id":"https:\/\/graphimarket.com\/fr\/#website"},"primaryImageOfPage":{"@id":"https:\/\/graphimarket.com\/product\/geometric-flyers-bundle\/#primaryimage"},"image":{"@id":"https:\/\/graphimarket.com\/product\/geometric-flyers-bundle\/#primaryimage"},"thumbnailUrl":"https:\/\/graphimarket.com\/wp-content\/uploads\/2020\/10\/d2d658bb-6f36-461c-8b7b-d3da9edcadb0.jpg","datePublished":"2020-10-12T15:33:45+00:00","dateModified":"2022-12-19T08:44:21+00:00","description":"Paquete de folletos geom\u00e9tricos Siguiendo nuestra tendencia geom\u00e9trica para 2016, hemos creado un conjunto de 4 folletos basados en dise\u00f1os geom\u00e9tricos para usar ...","breadcrumb":{"@id":"https:\/\/graphimarket.com\/product\/geometric-flyers-bundle\/#breadcrumb"},"inLanguage":"es-ES","potentialAction":[{"@type":"ReadAction","target":["https:\/\/graphimarket.com\/product\/geometric-flyers-bundle\/"]}]},{"@type":"ImageObject","inLanguage":"es-ES","@id":"https:\/\/graphimarket.com\/product\/geometric-flyers-bundle\/#primaryimage","url":"https:\/\/graphimarket.com\/wp-content\/uploads\/2020\/10\/d2d658bb-6f36-461c-8b7b-d3da9edcadb0.jpg","contentUrl":"https:\/\/graphimarket.com\/wp-content\/uploads\/2020\/10\/d2d658bb-6f36-461c-8b7b-d3da9edcadb0.jpg","width":1170,"height":780},{"@type":"BreadcrumbList","@id":"https:\/\/graphimarket.com\/product\/geometric-flyers-bundle\/#breadcrumb","itemListElement":[{"@type":"ListItem","position":1,"name":"Home","item":"https:\/\/graphimarket.com\/es\/"},{"@type":"ListItem","position":2,"name":"Store","item":"https:\/\/graphimarket.com\/store\/"},{"@type":"ListItem","position":3,"name":"Geometric Flyers Bundle"}]},{"@type":"WebSite","@id":"https:\/\/graphimarket.com\/fr\/#website","url":"https:\/\/graphimarket.com\/fr\/","name":"Graphimarket","description":"Encuentre el activo creativo perfecto para darle vida a su proyecto","publisher":{"@id":"https:\/\/graphimarket.com\/fr\/#organization"},"potentialAction":[{"@type":"SearchAction","target":{"@type":"EntryPoint","urlTemplate":"https:\/\/graphimarket.com\/fr\/?s={search_term_string}"},"query-input":{"@type":"PropertyValueSpecification","valueRequired":true,"valueName":"search_term_string"}}],"inLanguage":"es-ES"},{"@type":"Organization","@id":"https:\/\/graphimarket.com\/fr\/#organization","name":"Graphimarket","url":"https:\/\/graphimarket.com\/fr\/","logo":{"@type":"ImageObject","inLanguage":"es-ES","@id":"https:\/\/graphimarket.com\/fr\/#\/schema\/logo\/image\/","url":"https:\/\/graphimarket.com\/wp-content\/uploads\/2020\/08\/logo-48.png","contentUrl":"https:\/\/graphimarket.com\/wp-content\/uploads\/2020\/08\/logo-48.png","width":132,"height":48,"caption":"Graphimarket"},"image":{"@id":"https:\/\/graphimarket.com\/fr\/#\/schema\/logo\/image\/"}}]}},"_links":{"self":[{"href":"http:\/\/graphimarket.com\/es\/wp-json\/wp\/v2\/product\/11999","targetHints":{"allow":["GET"]}}],"collection":[{"href":"http:\/\/graphimarket.com\/es\/wp-json\/wp\/v2\/product"}],"about":[{"href":"http:\/\/graphimarket.com\/es\/wp-json\/wp\/v2\/types\/product"}],"replies":[{"embeddable":true,"href":"http:\/\/graphimarket.com\/es\/wp-json\/wp\/v2\/comments?post=11999"}],"version-history":[{"count":0,"href":"http:\/\/graphimarket.com\/es\/wp-json\/wp\/v2\/product\/11999\/revisions"}],"wp:featuredmedia":[{"embeddable":true,"href":"http:\/\/graphimarket.com\/es\/wp-json\/wp\/v2\/media\/12003"}],"wp:attachment":[{"href":"http:\/\/graphimarket.com\/es\/wp-json\/wp\/v2\/media?parent=11999"}],"wp:term":[{"taxonomy":"product_brand","embeddable":true,"href":"http:\/\/graphimarket.com\/es\/wp-json\/wp\/v2\/product_brand?post=11999"},{"taxonomy":"product_cat","embeddable":true,"href":"http:\/\/graphimarket.com\/es\/wp-json\/wp\/v2\/product_cat?post=11999"},{"taxonomy":"product_tag","embeddable":true,"href":"http:\/\/graphimarket.com\/es\/wp-json\/wp\/v2\/product_tag?post=11999"}],"curies":[{"name":"wp","href":"https:\/\/api.w.org\/{rel}","templated":true}]}}