{"id":12494,"date":"2020-10-15T15:31:02","date_gmt":"2020-10-15T13:31:02","guid":{"rendered":"https:\/\/graphimarket.com\/?post_type=product&#038;p=12494"},"modified":"2022-12-19T09:31:50","modified_gmt":"2022-12-19T08:31:50","slug":"dashi-social-media-dashboard-report-presentation","status":"publish","type":"product","link":"http:\/\/graphimarket.com\/es\/product\/dashi-social-media-dashboard-report-presentation\/","title":{"rendered":"Dashi Social Media - Presentaci\u00f3n del informe del panel"},"content":{"rendered":"<p>Dashi Social Media - Presentaci\u00f3n del informe del panel<\/p>\n<p>Los paneles son una de las mejores herramientas que se pueden utilizar para explicar los n\u00fameros y hacer una versi\u00f3n comprensible de todo lo que sucede. Entendemos que las plantillas de paneles son realmente para cualquier campo, pero cuando hablamos de informaci\u00f3n num\u00e9rica y complicada, los informes de redes sociales se vuelven tan obvios. Nos referimos a que, a pesar de que las plataformas de redes sociales ahora proporcionan m\u00e9tricas, paneles y c\u00e1lculos para brindar una visi\u00f3n clara para el usuario, entregar esta visi\u00f3n a un cliente es muy dif\u00edcil y complicado. Es por eso que pensamos en agregar a Dashi dashboards Bundle una plantilla adicional de paneles de redes sociales que lo ayude a obtener lo mejor de las herramientas de redes sociales. Cualquiera que sea la plataforma que est\u00e9 utilizando Facebook, Linked in, Instagram, Twitter, Youtube, Tik Tok, etc. Nuestra plantilla de PowerPoint para el panel de productos se ajustar\u00e1. Todos los cuadros de mando se pueden editar y ajustar por completo para adaptarse a sus necesidades y gustos. Las fuentes y los temas de color se pueden editar. Los informes de las redes sociales nunca han sido tan f\u00e1ciles. Descargue la plantilla de PowerPoint para redes sociales de Dashboards de Dashi ahora y lleve su carrera a un nivel realmente emocionante.<\/p>\n<p>&nbsp;<\/p>\n<p><img fetchpriority=\"high\" decoding=\"async\" class=\"aligncenter wp-image-12495 size-full\" src=\"https:\/\/graphimarket.com\/wp-content\/uploads\/2020\/10\/894a9756-54df-456c-a7dc-2f4d2e0d0682.jpg\" alt=\"\" width=\"1170\" height=\"999\" srcset=\"https:\/\/graphimarket.com\/wp-content\/uploads\/2020\/10\/894a9756-54df-456c-a7dc-2f4d2e0d0682.jpg 1170w, https:\/\/graphimarket.com\/wp-content\/uploads\/2020\/10\/894a9756-54df-456c-a7dc-2f4d2e0d0682-300x256.jpg 300w, https:\/\/graphimarket.com\/wp-content\/uploads\/2020\/10\/894a9756-54df-456c-a7dc-2f4d2e0d0682-1024x874.jpg 1024w, https:\/\/graphimarket.com\/wp-content\/uploads\/2020\/10\/894a9756-54df-456c-a7dc-2f4d2e0d0682-768x656.jpg 768w, https:\/\/graphimarket.com\/wp-content\/uploads\/2020\/10\/894a9756-54df-456c-a7dc-2f4d2e0d0682-14x12.jpg 14w, https:\/\/graphimarket.com\/wp-content\/uploads\/2020\/10\/894a9756-54df-456c-a7dc-2f4d2e0d0682-600x512.jpg 600w\" sizes=\"(max-width: 1170px) 100vw, 1170px\" \/> <img decoding=\"async\" class=\"aligncenter wp-image-12496 size-full\" src=\"https:\/\/graphimarket.com\/wp-content\/uploads\/2020\/10\/e037ce09-5d6c-412c-a417-0cb8b89966bf.jpg\" alt=\"\" width=\"1170\" height=\"999\" srcset=\"https:\/\/graphimarket.com\/wp-content\/uploads\/2020\/10\/e037ce09-5d6c-412c-a417-0cb8b89966bf.jpg 1170w, https:\/\/graphimarket.com\/wp-content\/uploads\/2020\/10\/e037ce09-5d6c-412c-a417-0cb8b89966bf-300x256.jpg 300w, https:\/\/graphimarket.com\/wp-content\/uploads\/2020\/10\/e037ce09-5d6c-412c-a417-0cb8b89966bf-1024x874.jpg 1024w, https:\/\/graphimarket.com\/wp-content\/uploads\/2020\/10\/e037ce09-5d6c-412c-a417-0cb8b89966bf-768x656.jpg 768w, https:\/\/graphimarket.com\/wp-content\/uploads\/2020\/10\/e037ce09-5d6c-412c-a417-0cb8b89966bf-14x12.jpg 14w, https:\/\/graphimarket.com\/wp-content\/uploads\/2020\/10\/e037ce09-5d6c-412c-a417-0cb8b89966bf-600x512.jpg 600w\" sizes=\"(max-width: 1170px) 100vw, 1170px\" \/> <img decoding=\"async\" class=\"aligncenter wp-image-12497 size-full\" src=\"https:\/\/graphimarket.com\/wp-content\/uploads\/2020\/10\/ec074761-8da2-4218-b072-4d00d5974773-1.jpg\" alt=\"\" width=\"1170\" height=\"999\" srcset=\"https:\/\/graphimarket.com\/wp-content\/uploads\/2020\/10\/ec074761-8da2-4218-b072-4d00d5974773-1.jpg 1170w, https:\/\/graphimarket.com\/wp-content\/uploads\/2020\/10\/ec074761-8da2-4218-b072-4d00d5974773-1-300x256.jpg 300w, https:\/\/graphimarket.com\/wp-content\/uploads\/2020\/10\/ec074761-8da2-4218-b072-4d00d5974773-1-1024x874.jpg 1024w, https:\/\/graphimarket.com\/wp-content\/uploads\/2020\/10\/ec074761-8da2-4218-b072-4d00d5974773-1-768x656.jpg 768w, https:\/\/graphimarket.com\/wp-content\/uploads\/2020\/10\/ec074761-8da2-4218-b072-4d00d5974773-1-14x12.jpg 14w, https:\/\/graphimarket.com\/wp-content\/uploads\/2020\/10\/ec074761-8da2-4218-b072-4d00d5974773-1-600x512.jpg 600w\" sizes=\"(max-width: 1170px) 100vw, 1170px\" \/> <img loading=\"lazy\" decoding=\"async\" class=\"aligncenter wp-image-12498 size-full\" src=\"https:\/\/graphimarket.com\/wp-content\/uploads\/2020\/10\/ec074761-8da2-4218-b072-4d00d5974773.jpg\" alt=\"\" width=\"1170\" height=\"999\" srcset=\"https:\/\/graphimarket.com\/wp-content\/uploads\/2020\/10\/ec074761-8da2-4218-b072-4d00d5974773.jpg 1170w, https:\/\/graphimarket.com\/wp-content\/uploads\/2020\/10\/ec074761-8da2-4218-b072-4d00d5974773-300x256.jpg 300w, https:\/\/graphimarket.com\/wp-content\/uploads\/2020\/10\/ec074761-8da2-4218-b072-4d00d5974773-1024x874.jpg 1024w, https:\/\/graphimarket.com\/wp-content\/uploads\/2020\/10\/ec074761-8da2-4218-b072-4d00d5974773-768x656.jpg 768w, https:\/\/graphimarket.com\/wp-content\/uploads\/2020\/10\/ec074761-8da2-4218-b072-4d00d5974773-14x12.jpg 14w, https:\/\/graphimarket.com\/wp-content\/uploads\/2020\/10\/ec074761-8da2-4218-b072-4d00d5974773-600x512.jpg 600w\" sizes=\"(max-width: 1170px) 100vw, 1170px\" \/> <img loading=\"lazy\" decoding=\"async\" class=\"aligncenter wp-image-12499 size-full\" src=\"https:\/\/graphimarket.com\/wp-content\/uploads\/2020\/10\/67ad48c2-6153-478c-9168-cf2de2ae947e.jpg\" alt=\"\" width=\"1170\" height=\"999\" srcset=\"https:\/\/graphimarket.com\/wp-content\/uploads\/2020\/10\/67ad48c2-6153-478c-9168-cf2de2ae947e.jpg 1170w, https:\/\/graphimarket.com\/wp-content\/uploads\/2020\/10\/67ad48c2-6153-478c-9168-cf2de2ae947e-300x256.jpg 300w, https:\/\/graphimarket.com\/wp-content\/uploads\/2020\/10\/67ad48c2-6153-478c-9168-cf2de2ae947e-1024x874.jpg 1024w, https:\/\/graphimarket.com\/wp-content\/uploads\/2020\/10\/67ad48c2-6153-478c-9168-cf2de2ae947e-768x656.jpg 768w, https:\/\/graphimarket.com\/wp-content\/uploads\/2020\/10\/67ad48c2-6153-478c-9168-cf2de2ae947e-14x12.jpg 14w, https:\/\/graphimarket.com\/wp-content\/uploads\/2020\/10\/67ad48c2-6153-478c-9168-cf2de2ae947e-600x512.jpg 600w\" sizes=\"(max-width: 1170px) 100vw, 1170px\" \/> <img loading=\"lazy\" decoding=\"async\" class=\"aligncenter wp-image-12500 size-full\" src=\"https:\/\/graphimarket.com\/wp-content\/uploads\/2020\/10\/17cd2744-1ace-40bf-9740-6992dc9c9b7e.jpg\" alt=\"\" width=\"1170\" height=\"999\" srcset=\"https:\/\/graphimarket.com\/wp-content\/uploads\/2020\/10\/17cd2744-1ace-40bf-9740-6992dc9c9b7e.jpg 1170w, https:\/\/graphimarket.com\/wp-content\/uploads\/2020\/10\/17cd2744-1ace-40bf-9740-6992dc9c9b7e-300x256.jpg 300w, https:\/\/graphimarket.com\/wp-content\/uploads\/2020\/10\/17cd2744-1ace-40bf-9740-6992dc9c9b7e-1024x874.jpg 1024w, https:\/\/graphimarket.com\/wp-content\/uploads\/2020\/10\/17cd2744-1ace-40bf-9740-6992dc9c9b7e-768x656.jpg 768w, https:\/\/graphimarket.com\/wp-content\/uploads\/2020\/10\/17cd2744-1ace-40bf-9740-6992dc9c9b7e-14x12.jpg 14w, https:\/\/graphimarket.com\/wp-content\/uploads\/2020\/10\/17cd2744-1ace-40bf-9740-6992dc9c9b7e-600x512.jpg 600w\" sizes=\"(max-width: 1170px) 100vw, 1170px\" \/> <img loading=\"lazy\" decoding=\"async\" class=\"aligncenter wp-image-12501 size-full\" src=\"https:\/\/graphimarket.com\/wp-content\/uploads\/2020\/10\/583c4695-1444-43a0-b466-b860226b8326.jpg\" alt=\"\" width=\"1170\" height=\"999\" srcset=\"https:\/\/graphimarket.com\/wp-content\/uploads\/2020\/10\/583c4695-1444-43a0-b466-b860226b8326.jpg 1170w, https:\/\/graphimarket.com\/wp-content\/uploads\/2020\/10\/583c4695-1444-43a0-b466-b860226b8326-300x256.jpg 300w, https:\/\/graphimarket.com\/wp-content\/uploads\/2020\/10\/583c4695-1444-43a0-b466-b860226b8326-1024x874.jpg 1024w, https:\/\/graphimarket.com\/wp-content\/uploads\/2020\/10\/583c4695-1444-43a0-b466-b860226b8326-768x656.jpg 768w, https:\/\/graphimarket.com\/wp-content\/uploads\/2020\/10\/583c4695-1444-43a0-b466-b860226b8326-14x12.jpg 14w, https:\/\/graphimarket.com\/wp-content\/uploads\/2020\/10\/583c4695-1444-43a0-b466-b860226b8326-600x512.jpg 600w\" sizes=\"(max-width: 1170px) 100vw, 1170px\" \/> <img loading=\"lazy\" decoding=\"async\" class=\"aligncenter wp-image-12502 size-full\" src=\"https:\/\/graphimarket.com\/wp-content\/uploads\/2020\/10\/714b27f7-2137-40fb-860f-3df41457a5f4.jpg\" alt=\"\" width=\"1170\" height=\"780\" srcset=\"https:\/\/graphimarket.com\/wp-content\/uploads\/2020\/10\/714b27f7-2137-40fb-860f-3df41457a5f4.jpg 1170w, https:\/\/graphimarket.com\/wp-content\/uploads\/2020\/10\/714b27f7-2137-40fb-860f-3df41457a5f4-300x200.jpg 300w, https:\/\/graphimarket.com\/wp-content\/uploads\/2020\/10\/714b27f7-2137-40fb-860f-3df41457a5f4-1024x683.jpg 1024w, https:\/\/graphimarket.com\/wp-content\/uploads\/2020\/10\/714b27f7-2137-40fb-860f-3df41457a5f4-768x512.jpg 768w, https:\/\/graphimarket.com\/wp-content\/uploads\/2020\/10\/714b27f7-2137-40fb-860f-3df41457a5f4-16x12.jpg 16w, https:\/\/graphimarket.com\/wp-content\/uploads\/2020\/10\/714b27f7-2137-40fb-860f-3df41457a5f4-600x400.jpg 600w\" sizes=\"(max-width: 1170px) 100vw, 1170px\" \/><\/p>","protected":false},"excerpt":{"rendered":"<p>Dashi Social Media \u2013 Dashboard Report Presentation Dashboards are one of the greatest tools could be used to explain numbers and make an understood version of everything going on. We understand that dashboards templates are really for any fields but when we talk about numeric and complicated information, Social media reports become so obvious. We [&hellip;]<\/p>\n","protected":false},"featured_media":12502,"comment_status":"open","ping_status":"closed","template":"","meta":{"site-sidebar-layout":"default","site-content-layout":"default","ast-site-content-layout":"default","site-content-style":"default","site-sidebar-style":"default","ast-global-header-display":"","ast-banner-title-visibility":"","ast-main-header-display":"","ast-hfb-above-header-display":"","ast-hfb-below-header-display":"","ast-hfb-mobile-header-display":"","site-post-title":"","ast-breadcrumbs-content":"","ast-featured-img":"","footer-sml-layout":"","ast-disable-related-posts":"","theme-transparent-header-meta":"default","adv-header-id-meta":"","stick-header-meta":"","header-above-stick-meta":"","header-main-stick-meta":"","header-below-stick-meta":"","astra-migrate-meta-layouts":"default","ast-page-background-enabled":"default","ast-page-background-meta":{"desktop":{"background-color":"","background-image":"","background-repeat":"repeat","background-position":"center center","background-size":"auto","background-attachment":"scroll","background-type":"","background-media":"","overlay-type":"","overlay-color":"","overlay-opacity":"","overlay-gradient":""},"tablet":{"background-color":"","background-image":"","background-repeat":"repeat","background-position":"center center","background-size":"auto","background-attachment":"scroll","background-type":"","background-media":"","overlay-type":"","overlay-color":"","overlay-opacity":"","overlay-gradient":""},"mobile":{"background-color":"","background-image":"","background-repeat":"repeat","background-position":"center center","background-size":"auto","background-attachment":"scroll","background-type":"","background-media":"","overlay-type":"","overlay-color":"","overlay-opacity":"","overlay-gradient":""}},"ast-content-background-meta":{"desktop":{"background-color":"var(--ast-global-color-5)","background-image":"","background-repeat":"repeat","background-position":"center center","background-size":"auto","background-attachment":"scroll","background-type":"","background-media":"","overlay-type":"","overlay-color":"","overlay-opacity":"","overlay-gradient":""},"tablet":{"background-color":"var(--ast-global-color-5)","background-image":"","background-repeat":"repeat","background-position":"center center","background-size":"auto","background-attachment":"scroll","background-type":"","background-media":"","overlay-type":"","overlay-color":"","overlay-opacity":"","overlay-gradient":""},"mobile":{"background-color":"var(--ast-global-color-5)","background-image":"","background-repeat":"repeat","background-position":"center center","background-size":"auto","background-attachment":"scroll","background-type":"","background-media":"","overlay-type":"","overlay-color":"","overlay-opacity":"","overlay-gradient":""}}},"product_brand":[],"product_cat":[106,154],"product_tag":[345,856,257,1039,1160,742,1678,740,709,383,706,741,60],"class_list":{"0":"post-12494","1":"product","2":"type-product","3":"status-publish","4":"has-post-thumbnail","6":"product_cat-bundles","7":"product_cat-presentations","8":"product_tag-clean","9":"product_tag-corporate","10":"product_tag-digital","11":"product_tag-infographic","12":"product_tag-marketing","13":"product_tag-media","14":"product_tag-networking","15":"product_tag-post","16":"product_tag-presentation","17":"product_tag-professional","18":"product_tag-promotion","19":"product_tag-social","20":"product_tag-template","21":"desktop-align-left","22":"tablet-align-left","23":"mobile-align-left","25":"first","26":"instock","27":"sale","28":"downloadable","29":"virtual","30":"taxable","31":"purchasable","32":"product-type-simple"},"yoast_head":"<!-- This site is optimized with the Yoast SEO plugin v27.3 - https:\/\/yoast.com\/product\/yoast-seo-wordpress\/ -->\n<title>Dashi Social Media \u2013 Dashboard Report Presentation - Graphimarket<\/title>\n<meta name=\"description\" content=\"Dashi Social Media \u2013 Dashboard Report Presentation Dashboards are one of the greatest tools could be used to explain numbers and make...\" \/>\n<meta name=\"robots\" content=\"index, follow, max-snippet:-1, max-image-preview:large, max-video-preview:-1\" \/>\n<link rel=\"canonical\" href=\"https:\/\/graphimarket.com\/es\/product\/dashi-social-media-dashboard-report-presentation\/\" \/>\n<meta property=\"og:locale\" content=\"es_ES\" \/>\n<meta property=\"og:type\" content=\"article\" \/>\n<meta property=\"og:title\" content=\"Dashi Social Media \u2013 Dashboard Report Presentation - Graphimarket\" \/>\n<meta property=\"og:description\" content=\"Dashi Social Media \u2013 Dashboard Report Presentation Dashboards are one of the greatest tools could be used to explain numbers and make...\" \/>\n<meta property=\"og:url\" content=\"https:\/\/graphimarket.com\/es\/product\/dashi-social-media-dashboard-report-presentation\/\" \/>\n<meta property=\"og:site_name\" content=\"Graphimarket\" \/>\n<meta property=\"article:modified_time\" content=\"2022-12-19T08:31:50+00:00\" \/>\n<meta property=\"og:image\" content=\"https:\/\/graphimarket.com\/wp-content\/uploads\/2020\/10\/714b27f7-2137-40fb-860f-3df41457a5f4.jpg\" \/>\n\t<meta property=\"og:image:width\" content=\"1170\" \/>\n\t<meta property=\"og:image:height\" content=\"780\" \/>\n\t<meta property=\"og:image:type\" content=\"image\/jpeg\" \/>\n<meta name=\"twitter:card\" content=\"summary_large_image\" \/>\n<meta name=\"twitter:label1\" content=\"Est. reading time\" \/>\n\t<meta name=\"twitter:data1\" content=\"1 minute\" \/>\n<script type=\"application\/ld+json\" class=\"yoast-schema-graph\">{\"@context\":\"https:\\\/\\\/schema.org\",\"@graph\":[{\"@type\":\"WebPage\",\"@id\":\"https:\\\/\\\/graphimarket.com\\\/product\\\/dashi-social-media-dashboard-report-presentation\\\/\",\"url\":\"https:\\\/\\\/graphimarket.com\\\/product\\\/dashi-social-media-dashboard-report-presentation\\\/\",\"name\":\"Dashi Social Media \u2013 Dashboard Report Presentation - Graphimarket\",\"isPartOf\":{\"@id\":\"https:\\\/\\\/graphimarket.com\\\/fr\\\/#website\"},\"primaryImageOfPage\":{\"@id\":\"https:\\\/\\\/graphimarket.com\\\/product\\\/dashi-social-media-dashboard-report-presentation\\\/#primaryimage\"},\"image\":{\"@id\":\"https:\\\/\\\/graphimarket.com\\\/product\\\/dashi-social-media-dashboard-report-presentation\\\/#primaryimage\"},\"thumbnailUrl\":\"https:\\\/\\\/graphimarket.com\\\/wp-content\\\/uploads\\\/2020\\\/10\\\/714b27f7-2137-40fb-860f-3df41457a5f4.jpg\",\"datePublished\":\"2020-10-15T13:31:02+00:00\",\"dateModified\":\"2022-12-19T08:31:50+00:00\",\"description\":\"Dashi Social Media \u2013 Dashboard Report Presentation Dashboards are one of the greatest tools could be used to explain numbers and make...\",\"breadcrumb\":{\"@id\":\"https:\\\/\\\/graphimarket.com\\\/product\\\/dashi-social-media-dashboard-report-presentation\\\/#breadcrumb\"},\"inLanguage\":\"es-ES\",\"potentialAction\":[{\"@type\":\"ReadAction\",\"target\":[\"https:\\\/\\\/graphimarket.com\\\/product\\\/dashi-social-media-dashboard-report-presentation\\\/\"]}]},{\"@type\":\"ImageObject\",\"inLanguage\":\"es-ES\",\"@id\":\"https:\\\/\\\/graphimarket.com\\\/product\\\/dashi-social-media-dashboard-report-presentation\\\/#primaryimage\",\"url\":\"https:\\\/\\\/graphimarket.com\\\/wp-content\\\/uploads\\\/2020\\\/10\\\/714b27f7-2137-40fb-860f-3df41457a5f4.jpg\",\"contentUrl\":\"https:\\\/\\\/graphimarket.com\\\/wp-content\\\/uploads\\\/2020\\\/10\\\/714b27f7-2137-40fb-860f-3df41457a5f4.jpg\",\"width\":1170,\"height\":780},{\"@type\":\"BreadcrumbList\",\"@id\":\"https:\\\/\\\/graphimarket.com\\\/product\\\/dashi-social-media-dashboard-report-presentation\\\/#breadcrumb\",\"itemListElement\":[{\"@type\":\"ListItem\",\"position\":1,\"name\":\"Home\",\"item\":\"https:\\\/\\\/graphimarket.com\\\/es\\\/\"},{\"@type\":\"ListItem\",\"position\":2,\"name\":\"Store\",\"item\":\"https:\\\/\\\/graphimarket.com\\\/store\\\/\"},{\"@type\":\"ListItem\",\"position\":3,\"name\":\"Dashi Social Media \u2013 Dashboard Report Presentation\"}]},{\"@type\":\"WebSite\",\"@id\":\"https:\\\/\\\/graphimarket.com\\\/fr\\\/#website\",\"url\":\"https:\\\/\\\/graphimarket.com\\\/fr\\\/\",\"name\":\"Graphimarket\",\"description\":\"Find the perfect creative asset to bring your project to life\",\"publisher\":{\"@id\":\"https:\\\/\\\/graphimarket.com\\\/fr\\\/#organization\"},\"potentialAction\":[{\"@type\":\"SearchAction\",\"target\":{\"@type\":\"EntryPoint\",\"urlTemplate\":\"https:\\\/\\\/graphimarket.com\\\/fr\\\/?s={search_term_string}\"},\"query-input\":{\"@type\":\"PropertyValueSpecification\",\"valueRequired\":true,\"valueName\":\"search_term_string\"}}],\"inLanguage\":\"es-ES\"},{\"@type\":\"Organization\",\"@id\":\"https:\\\/\\\/graphimarket.com\\\/fr\\\/#organization\",\"name\":\"Graphimarket\",\"url\":\"https:\\\/\\\/graphimarket.com\\\/fr\\\/\",\"logo\":{\"@type\":\"ImageObject\",\"inLanguage\":\"es-ES\",\"@id\":\"https:\\\/\\\/graphimarket.com\\\/fr\\\/#\\\/schema\\\/logo\\\/image\\\/\",\"url\":\"https:\\\/\\\/graphimarket.com\\\/wp-content\\\/uploads\\\/2020\\\/08\\\/logo-48.png\",\"contentUrl\":\"https:\\\/\\\/graphimarket.com\\\/wp-content\\\/uploads\\\/2020\\\/08\\\/logo-48.png\",\"width\":132,\"height\":48,\"caption\":\"Graphimarket\"},\"image\":{\"@id\":\"https:\\\/\\\/graphimarket.com\\\/fr\\\/#\\\/schema\\\/logo\\\/image\\\/\"}}]}<\/script>\n<!-- \/ Yoast SEO plugin. -->","yoast_head_json":{"title":"Dashi Social Media - Presentaci\u00f3n del informe del tablero - Graphimarket","description":"Dashi Social Media - Presentaci\u00f3n del informe del tablero Los tableros son una de las mejores herramientas que se pueden usar para explicar n\u00fameros y hacer ...","robots":{"index":"index","follow":"follow","max-snippet":"max-snippet:-1","max-image-preview":"max-image-preview:large","max-video-preview":"max-video-preview:-1"},"canonical":"https:\/\/graphimarket.com\/es\/product\/dashi-social-media-dashboard-report-presentation\/","og_locale":"es_ES","og_type":"article","og_title":"Dashi Social Media \u2013 Dashboard Report Presentation - Graphimarket","og_description":"Dashi Social Media \u2013 Dashboard Report Presentation Dashboards are one of the greatest tools could be used to explain numbers and make...","og_url":"https:\/\/graphimarket.com\/es\/product\/dashi-social-media-dashboard-report-presentation\/","og_site_name":"Graphimarket","article_modified_time":"2022-12-19T08:31:50+00:00","og_image":[{"width":1170,"height":780,"url":"https:\/\/graphimarket.com\/wp-content\/uploads\/2020\/10\/714b27f7-2137-40fb-860f-3df41457a5f4.jpg","type":"image\/jpeg"}],"twitter_card":"summary_large_image","twitter_misc":{"Est. reading time":"1 minute"},"schema":{"@context":"https:\/\/schema.org","@graph":[{"@type":"WebPage","@id":"https:\/\/graphimarket.com\/product\/dashi-social-media-dashboard-report-presentation\/","url":"https:\/\/graphimarket.com\/product\/dashi-social-media-dashboard-report-presentation\/","name":"Dashi Social Media - Presentaci\u00f3n del informe del tablero - Graphimarket","isPartOf":{"@id":"https:\/\/graphimarket.com\/fr\/#website"},"primaryImageOfPage":{"@id":"https:\/\/graphimarket.com\/product\/dashi-social-media-dashboard-report-presentation\/#primaryimage"},"image":{"@id":"https:\/\/graphimarket.com\/product\/dashi-social-media-dashboard-report-presentation\/#primaryimage"},"thumbnailUrl":"https:\/\/graphimarket.com\/wp-content\/uploads\/2020\/10\/714b27f7-2137-40fb-860f-3df41457a5f4.jpg","datePublished":"2020-10-15T13:31:02+00:00","dateModified":"2022-12-19T08:31:50+00:00","description":"Dashi Social Media - Presentaci\u00f3n del informe del tablero Los tableros son una de las mejores herramientas que se pueden usar para explicar n\u00fameros y hacer ...","breadcrumb":{"@id":"https:\/\/graphimarket.com\/product\/dashi-social-media-dashboard-report-presentation\/#breadcrumb"},"inLanguage":"es-ES","potentialAction":[{"@type":"ReadAction","target":["https:\/\/graphimarket.com\/product\/dashi-social-media-dashboard-report-presentation\/"]}]},{"@type":"ImageObject","inLanguage":"es-ES","@id":"https:\/\/graphimarket.com\/product\/dashi-social-media-dashboard-report-presentation\/#primaryimage","url":"https:\/\/graphimarket.com\/wp-content\/uploads\/2020\/10\/714b27f7-2137-40fb-860f-3df41457a5f4.jpg","contentUrl":"https:\/\/graphimarket.com\/wp-content\/uploads\/2020\/10\/714b27f7-2137-40fb-860f-3df41457a5f4.jpg","width":1170,"height":780},{"@type":"BreadcrumbList","@id":"https:\/\/graphimarket.com\/product\/dashi-social-media-dashboard-report-presentation\/#breadcrumb","itemListElement":[{"@type":"ListItem","position":1,"name":"Home","item":"https:\/\/graphimarket.com\/es\/"},{"@type":"ListItem","position":2,"name":"Store","item":"https:\/\/graphimarket.com\/store\/"},{"@type":"ListItem","position":3,"name":"Dashi Social Media \u2013 Dashboard Report Presentation"}]},{"@type":"WebSite","@id":"https:\/\/graphimarket.com\/fr\/#website","url":"https:\/\/graphimarket.com\/fr\/","name":"Graphimarket","description":"Encuentre el activo creativo perfecto para darle vida a su proyecto","publisher":{"@id":"https:\/\/graphimarket.com\/fr\/#organization"},"potentialAction":[{"@type":"SearchAction","target":{"@type":"EntryPoint","urlTemplate":"https:\/\/graphimarket.com\/fr\/?s={search_term_string}"},"query-input":{"@type":"PropertyValueSpecification","valueRequired":true,"valueName":"search_term_string"}}],"inLanguage":"es-ES"},{"@type":"Organization","@id":"https:\/\/graphimarket.com\/fr\/#organization","name":"Graphimarket","url":"https:\/\/graphimarket.com\/fr\/","logo":{"@type":"ImageObject","inLanguage":"es-ES","@id":"https:\/\/graphimarket.com\/fr\/#\/schema\/logo\/image\/","url":"https:\/\/graphimarket.com\/wp-content\/uploads\/2020\/08\/logo-48.png","contentUrl":"https:\/\/graphimarket.com\/wp-content\/uploads\/2020\/08\/logo-48.png","width":132,"height":48,"caption":"Graphimarket"},"image":{"@id":"https:\/\/graphimarket.com\/fr\/#\/schema\/logo\/image\/"}}]}},"_links":{"self":[{"href":"http:\/\/graphimarket.com\/es\/wp-json\/wp\/v2\/product\/12494","targetHints":{"allow":["GET"]}}],"collection":[{"href":"http:\/\/graphimarket.com\/es\/wp-json\/wp\/v2\/product"}],"about":[{"href":"http:\/\/graphimarket.com\/es\/wp-json\/wp\/v2\/types\/product"}],"replies":[{"embeddable":true,"href":"http:\/\/graphimarket.com\/es\/wp-json\/wp\/v2\/comments?post=12494"}],"version-history":[{"count":0,"href":"http:\/\/graphimarket.com\/es\/wp-json\/wp\/v2\/product\/12494\/revisions"}],"wp:featuredmedia":[{"embeddable":true,"href":"http:\/\/graphimarket.com\/es\/wp-json\/wp\/v2\/media\/12502"}],"wp:attachment":[{"href":"http:\/\/graphimarket.com\/es\/wp-json\/wp\/v2\/media?parent=12494"}],"wp:term":[{"taxonomy":"product_brand","embeddable":true,"href":"http:\/\/graphimarket.com\/es\/wp-json\/wp\/v2\/product_brand?post=12494"},{"taxonomy":"product_cat","embeddable":true,"href":"http:\/\/graphimarket.com\/es\/wp-json\/wp\/v2\/product_cat?post=12494"},{"taxonomy":"product_tag","embeddable":true,"href":"http:\/\/graphimarket.com\/es\/wp-json\/wp\/v2\/product_tag?post=12494"}],"curies":[{"name":"wp","href":"https:\/\/api.w.org\/{rel}","templated":true}]}}