{"id":14881,"date":"2021-01-07T18:35:13","date_gmt":"2021-01-07T17:35:13","guid":{"rendered":"https:\/\/graphimarket.com\/?post_type=product&#038;p=14881"},"modified":"2022-12-19T09:22:28","modified_gmt":"2022-12-19T08:22:28","slug":"modern-pencil-sketch-photoshop-action","status":"publish","type":"product","link":"http:\/\/graphimarket.com\/es\/product\/modern-pencil-sketch-photoshop-action\/","title":{"rendered":"Dibujo a l\u00e1piz moderno Acci\u00f3n de Photoshop"},"content":{"rendered":"<h2>Dibujo a l\u00e1piz moderno Acci\u00f3n de Photoshop<\/h2>\n<p><strong>Dibujo a l\u00e1piz moderno Acci\u00f3n de Photoshop\u00a0<\/strong>Sea artista sin ninguna experiencia (solo un clic haga que sus fotos tengan un estilo art\u00edstico). Saludo de rendimiento impresionante mirando solo un clic.<\/p>\n<p>Versi\u00f3n de soporte de software: CS5, CS5.5, CS6, CC2015.5, CC, CC2017, CC2018 + Versi\u00f3n. ( Versi\u00f3n inglesa )<\/p>\n<p><strong>Por qu\u00e9 por esta acci\u00f3n de Photoshop:<\/strong><\/p>\n<p>\u2013 Efecto Total 10<\/p>\n<p>\u2013 S\u00faper opci\u00f3n de ahorro de tiempo<\/p>\n<p>\u2013 Concepto creativo<\/p>\n<p>\u2013 F\u00e1cil de editar<\/p>\n<p>\u2013 Dise\u00f1o de camiseta perfecto<\/p>\n<p>\u2013 Ayuda con el dise\u00f1ador gr\u00e1fico para la manipulaci\u00f3n de fotos.<\/p>\n<p>\u2013 Color ilimitado<\/p>\n<p>\u2013 100% Buen funcionamiento<\/p>\n<p>\u2013 Prueba de laboratorio MRI STUDIO<\/p>\n<p><strong>Lo que juegas para esta acci\u00f3n:\u00a0<\/strong>\u2013 Haz un p\u00f3ster de pel\u00edculas con estilo<\/p>\n<p>\u2013 Pintura digital<\/p>\n<p>- Portada de revista<\/p>\n<p>\u2013 Asesoramiento<\/p>\n<p>&nbsp;<\/p>\n<p><img fetchpriority=\"high\" decoding=\"async\" class=\"alignnone size-full wp-image-14883\" src=\"https:\/\/graphimarket.com\/wp-content\/uploads\/2021\/01\/modern-pencil-sketch-photoshop-action-5-.jpg\" alt=\"\" width=\"910\" height=\"607\" srcset=\"https:\/\/graphimarket.com\/wp-content\/uploads\/2021\/01\/modern-pencil-sketch-photoshop-action-5-.jpg 910w, https:\/\/graphimarket.com\/wp-content\/uploads\/2021\/01\/modern-pencil-sketch-photoshop-action-5--300x200.jpg 300w, https:\/\/graphimarket.com\/wp-content\/uploads\/2021\/01\/modern-pencil-sketch-photoshop-action-5--768x512.jpg 768w, https:\/\/graphimarket.com\/wp-content\/uploads\/2021\/01\/modern-pencil-sketch-photoshop-action-5--16x12.jpg 16w, https:\/\/graphimarket.com\/wp-content\/uploads\/2021\/01\/modern-pencil-sketch-photoshop-action-5--600x400.jpg 600w\" sizes=\"(max-width: 910px) 100vw, 910px\" \/> <img decoding=\"async\" class=\"alignnone size-full wp-image-14884\" src=\"https:\/\/graphimarket.com\/wp-content\/uploads\/2021\/01\/modern-pencil-sketch-photoshop-action-6-.jpg\" alt=\"\" width=\"910\" height=\"607\" srcset=\"https:\/\/graphimarket.com\/wp-content\/uploads\/2021\/01\/modern-pencil-sketch-photoshop-action-6-.jpg 910w, https:\/\/graphimarket.com\/wp-content\/uploads\/2021\/01\/modern-pencil-sketch-photoshop-action-6--300x200.jpg 300w, https:\/\/graphimarket.com\/wp-content\/uploads\/2021\/01\/modern-pencil-sketch-photoshop-action-6--768x512.jpg 768w, https:\/\/graphimarket.com\/wp-content\/uploads\/2021\/01\/modern-pencil-sketch-photoshop-action-6--16x12.jpg 16w, https:\/\/graphimarket.com\/wp-content\/uploads\/2021\/01\/modern-pencil-sketch-photoshop-action-6--600x400.jpg 600w\" sizes=\"(max-width: 910px) 100vw, 910px\" \/> <img decoding=\"async\" class=\"alignnone size-full wp-image-14885\" src=\"https:\/\/graphimarket.com\/wp-content\/uploads\/2021\/01\/modern-pencil-sketch-photoshop-action-8-.jpg\" alt=\"\" width=\"910\" height=\"607\" srcset=\"https:\/\/graphimarket.com\/wp-content\/uploads\/2021\/01\/modern-pencil-sketch-photoshop-action-8-.jpg 910w, https:\/\/graphimarket.com\/wp-content\/uploads\/2021\/01\/modern-pencil-sketch-photoshop-action-8--300x200.jpg 300w, https:\/\/graphimarket.com\/wp-content\/uploads\/2021\/01\/modern-pencil-sketch-photoshop-action-8--768x512.jpg 768w, https:\/\/graphimarket.com\/wp-content\/uploads\/2021\/01\/modern-pencil-sketch-photoshop-action-8--16x12.jpg 16w, https:\/\/graphimarket.com\/wp-content\/uploads\/2021\/01\/modern-pencil-sketch-photoshop-action-8--600x400.jpg 600w\" sizes=\"(max-width: 910px) 100vw, 910px\" \/> <img loading=\"lazy\" decoding=\"async\" class=\"alignnone size-full wp-image-14886\" src=\"https:\/\/graphimarket.com\/wp-content\/uploads\/2021\/01\/modern-pencil-sketch-photoshop-action-11-.jpg\" alt=\"\" width=\"910\" height=\"607\" srcset=\"https:\/\/graphimarket.com\/wp-content\/uploads\/2021\/01\/modern-pencil-sketch-photoshop-action-11-.jpg 910w, https:\/\/graphimarket.com\/wp-content\/uploads\/2021\/01\/modern-pencil-sketch-photoshop-action-11--300x200.jpg 300w, https:\/\/graphimarket.com\/wp-content\/uploads\/2021\/01\/modern-pencil-sketch-photoshop-action-11--768x512.jpg 768w, https:\/\/graphimarket.com\/wp-content\/uploads\/2021\/01\/modern-pencil-sketch-photoshop-action-11--16x12.jpg 16w, https:\/\/graphimarket.com\/wp-content\/uploads\/2021\/01\/modern-pencil-sketch-photoshop-action-11--600x400.jpg 600w\" sizes=\"(max-width: 910px) 100vw, 910px\" \/> <img loading=\"lazy\" decoding=\"async\" class=\"alignnone size-full wp-image-14887\" src=\"https:\/\/graphimarket.com\/wp-content\/uploads\/2021\/01\/modern-pencil-sketch-photoshop-action-2-.jpg\" alt=\"\" width=\"910\" height=\"607\" srcset=\"https:\/\/graphimarket.com\/wp-content\/uploads\/2021\/01\/modern-pencil-sketch-photoshop-action-2-.jpg 910w, https:\/\/graphimarket.com\/wp-content\/uploads\/2021\/01\/modern-pencil-sketch-photoshop-action-2--300x200.jpg 300w, https:\/\/graphimarket.com\/wp-content\/uploads\/2021\/01\/modern-pencil-sketch-photoshop-action-2--768x512.jpg 768w, https:\/\/graphimarket.com\/wp-content\/uploads\/2021\/01\/modern-pencil-sketch-photoshop-action-2--16x12.jpg 16w, https:\/\/graphimarket.com\/wp-content\/uploads\/2021\/01\/modern-pencil-sketch-photoshop-action-2--600x400.jpg 600w\" sizes=\"(max-width: 910px) 100vw, 910px\" \/> <img loading=\"lazy\" decoding=\"async\" class=\"alignnone size-full wp-image-14888\" src=\"https:\/\/graphimarket.com\/wp-content\/uploads\/2021\/01\/modern-pencil-sketch-photoshop-action-4-.jpg\" alt=\"\" width=\"910\" height=\"607\" srcset=\"https:\/\/graphimarket.com\/wp-content\/uploads\/2021\/01\/modern-pencil-sketch-photoshop-action-4-.jpg 910w, https:\/\/graphimarket.com\/wp-content\/uploads\/2021\/01\/modern-pencil-sketch-photoshop-action-4--300x200.jpg 300w, https:\/\/graphimarket.com\/wp-content\/uploads\/2021\/01\/modern-pencil-sketch-photoshop-action-4--768x512.jpg 768w, https:\/\/graphimarket.com\/wp-content\/uploads\/2021\/01\/modern-pencil-sketch-photoshop-action-4--16x12.jpg 16w, https:\/\/graphimarket.com\/wp-content\/uploads\/2021\/01\/modern-pencil-sketch-photoshop-action-4--600x400.jpg 600w\" sizes=\"(max-width: 910px) 100vw, 910px\" \/><\/p>\n<div class=\"code-block code-block-13\"><\/div>","protected":false},"excerpt":{"rendered":"<p>Modern Pencil Sketch Photoshop Action Modern Pencil Sketch Photoshop Action\u00a0Be artist without any experience (just one click make your photos art style). Awesome performance greet looking just one click. Software support version : CS5,CS5.5, CS6, CC2015.5,CC, CC2017, CC2018+ Version. ( English Version ) Why by this Photoshop Action: \u2013 Total 10 Effect \u2013 Super time [&hellip;]<\/p>\n","protected":false},"featured_media":14887,"comment_status":"open","ping_status":"closed","template":"","meta":{"site-sidebar-layout":"default","site-content-layout":"default","ast-site-content-layout":"default","site-content-style":"default","site-sidebar-style":"default","ast-global-header-display":"","ast-banner-title-visibility":"","ast-main-header-display":"","ast-hfb-above-header-display":"","ast-hfb-below-header-display":"","ast-hfb-mobile-header-display":"","site-post-title":"","ast-breadcrumbs-content":"","ast-featured-img":"","footer-sml-layout":"","ast-disable-related-posts":"","theme-transparent-header-meta":"default","adv-header-id-meta":"","stick-header-meta":"","header-above-stick-meta":"","header-main-stick-meta":"","header-below-stick-meta":"","astra-migrate-meta-layouts":"default","ast-page-background-enabled":"default","ast-page-background-meta":{"desktop":{"background-color":"","background-image":"","background-repeat":"repeat","background-position":"center center","background-size":"auto","background-attachment":"scroll","background-type":"","background-media":"","overlay-type":"","overlay-color":"","overlay-opacity":"","overlay-gradient":""},"tablet":{"background-color":"","background-image":"","background-repeat":"repeat","background-position":"center center","background-size":"auto","background-attachment":"scroll","background-type":"","background-media":"","overlay-type":"","overlay-color":"","overlay-opacity":"","overlay-gradient":""},"mobile":{"background-color":"","background-image":"","background-repeat":"repeat","background-position":"center center","background-size":"auto","background-attachment":"scroll","background-type":"","background-media":"","overlay-type":"","overlay-color":"","overlay-opacity":"","overlay-gradient":""}},"ast-content-background-meta":{"desktop":{"background-color":"var(--ast-global-color-5)","background-image":"","background-repeat":"repeat","background-position":"center center","background-size":"auto","background-attachment":"scroll","background-type":"","background-media":"","overlay-type":"","overlay-color":"","overlay-opacity":"","overlay-gradient":""},"tablet":{"background-color":"var(--ast-global-color-5)","background-image":"","background-repeat":"repeat","background-position":"center center","background-size":"auto","background-attachment":"scroll","background-type":"","background-media":"","overlay-type":"","overlay-color":"","overlay-opacity":"","overlay-gradient":""},"mobile":{"background-color":"var(--ast-global-color-5)","background-image":"","background-repeat":"repeat","background-position":"center center","background-size":"auto","background-attachment":"scroll","background-type":"","background-media":"","overlay-type":"","overlay-color":"","overlay-opacity":"","overlay-gradient":""}}},"product_brand":[],"product_cat":[146],"product_tag":[262,263,1799,267],"class_list":{"0":"post-14881","1":"product","2":"type-product","3":"status-publish","4":"has-post-thumbnail","6":"product_cat-photoshop-action","7":"product_tag-modern","8":"product_tag-pencil","9":"product_tag-photoshop-action","10":"product_tag-sketch","11":"desktop-align-left","12":"tablet-align-left","13":"mobile-align-left","15":"first","16":"instock","17":"sale","18":"downloadable","19":"virtual","20":"taxable","21":"purchasable","22":"product-type-simple"},"yoast_head":"<!-- This site is optimized with the Yoast SEO plugin v27.3 - https:\/\/yoast.com\/product\/yoast-seo-wordpress\/ -->\n<title>Modern Pencil Sketch Photoshop Action - Graphimarket<\/title>\n<meta name=\"description\" content=\"Modern Pencil Sketch Photoshop Action\u00a0Be artist without any experience (just one click make your photos art style). Awesome performance...\" \/>\n<meta name=\"robots\" content=\"index, follow, max-snippet:-1, max-image-preview:large, max-video-preview:-1\" \/>\n<link rel=\"canonical\" href=\"https:\/\/graphimarket.com\/es\/product\/modern-pencil-sketch-photoshop-action\/\" \/>\n<meta property=\"og:locale\" content=\"es_ES\" \/>\n<meta property=\"og:type\" content=\"article\" \/>\n<meta property=\"og:title\" content=\"Modern Pencil Sketch Photoshop Action - Graphimarket\" \/>\n<meta property=\"og:description\" content=\"Modern Pencil Sketch Photoshop Action\u00a0Be artist without any experience (just one click make your photos art style). Awesome performance...\" \/>\n<meta property=\"og:url\" content=\"https:\/\/graphimarket.com\/es\/product\/modern-pencil-sketch-photoshop-action\/\" \/>\n<meta property=\"og:site_name\" content=\"Graphimarket\" \/>\n<meta property=\"article:modified_time\" content=\"2022-12-19T08:22:28+00:00\" \/>\n<meta property=\"og:image\" content=\"https:\/\/graphimarket.com\/wp-content\/uploads\/2021\/01\/modern-pencil-sketch-photoshop-action-2-.jpg\" \/>\n\t<meta property=\"og:image:width\" content=\"910\" \/>\n\t<meta property=\"og:image:height\" content=\"607\" \/>\n\t<meta property=\"og:image:type\" content=\"image\/jpeg\" \/>\n<meta name=\"twitter:card\" content=\"summary_large_image\" \/>\n<script type=\"application\/ld+json\" class=\"yoast-schema-graph\">{\"@context\":\"https:\\\/\\\/schema.org\",\"@graph\":[{\"@type\":\"WebPage\",\"@id\":\"https:\\\/\\\/graphimarket.com\\\/en\\\/product\\\/modern-pencil-sketch-photoshop-action\\\/\",\"url\":\"https:\\\/\\\/graphimarket.com\\\/en\\\/product\\\/modern-pencil-sketch-photoshop-action\\\/\",\"name\":\"Modern Pencil Sketch Photoshop Action - Graphimarket\",\"isPartOf\":{\"@id\":\"https:\\\/\\\/graphimarket.com\\\/fr\\\/#website\"},\"primaryImageOfPage\":{\"@id\":\"https:\\\/\\\/graphimarket.com\\\/en\\\/product\\\/modern-pencil-sketch-photoshop-action\\\/#primaryimage\"},\"image\":{\"@id\":\"https:\\\/\\\/graphimarket.com\\\/en\\\/product\\\/modern-pencil-sketch-photoshop-action\\\/#primaryimage\"},\"thumbnailUrl\":\"https:\\\/\\\/graphimarket.com\\\/wp-content\\\/uploads\\\/2021\\\/01\\\/modern-pencil-sketch-photoshop-action-2-.jpg\",\"datePublished\":\"2021-01-07T17:35:13+00:00\",\"dateModified\":\"2022-12-19T08:22:28+00:00\",\"description\":\"Modern Pencil Sketch Photoshop Action\u00a0Be artist without any experience (just one click make your photos art style). Awesome performance...\",\"breadcrumb\":{\"@id\":\"https:\\\/\\\/graphimarket.com\\\/en\\\/product\\\/modern-pencil-sketch-photoshop-action\\\/#breadcrumb\"},\"inLanguage\":\"es-ES\",\"potentialAction\":[{\"@type\":\"ReadAction\",\"target\":[\"https:\\\/\\\/graphimarket.com\\\/en\\\/product\\\/modern-pencil-sketch-photoshop-action\\\/\"]}]},{\"@type\":\"ImageObject\",\"inLanguage\":\"es-ES\",\"@id\":\"https:\\\/\\\/graphimarket.com\\\/en\\\/product\\\/modern-pencil-sketch-photoshop-action\\\/#primaryimage\",\"url\":\"https:\\\/\\\/graphimarket.com\\\/wp-content\\\/uploads\\\/2021\\\/01\\\/modern-pencil-sketch-photoshop-action-2-.jpg\",\"contentUrl\":\"https:\\\/\\\/graphimarket.com\\\/wp-content\\\/uploads\\\/2021\\\/01\\\/modern-pencil-sketch-photoshop-action-2-.jpg\",\"width\":910,\"height\":607},{\"@type\":\"BreadcrumbList\",\"@id\":\"https:\\\/\\\/graphimarket.com\\\/en\\\/product\\\/modern-pencil-sketch-photoshop-action\\\/#breadcrumb\",\"itemListElement\":[{\"@type\":\"ListItem\",\"position\":1,\"name\":\"Home\",\"item\":\"https:\\\/\\\/graphimarket.com\\\/es\\\/\"},{\"@type\":\"ListItem\",\"position\":2,\"name\":\"Store\",\"item\":\"https:\\\/\\\/graphimarket.com\\\/store\\\/\"},{\"@type\":\"ListItem\",\"position\":3,\"name\":\"Modern Pencil Sketch Photoshop Action\"}]},{\"@type\":\"WebSite\",\"@id\":\"https:\\\/\\\/graphimarket.com\\\/fr\\\/#website\",\"url\":\"https:\\\/\\\/graphimarket.com\\\/fr\\\/\",\"name\":\"Graphimarket\",\"description\":\"Find the perfect creative asset to bring your project to life\",\"publisher\":{\"@id\":\"https:\\\/\\\/graphimarket.com\\\/fr\\\/#organization\"},\"potentialAction\":[{\"@type\":\"SearchAction\",\"target\":{\"@type\":\"EntryPoint\",\"urlTemplate\":\"https:\\\/\\\/graphimarket.com\\\/fr\\\/?s={search_term_string}\"},\"query-input\":{\"@type\":\"PropertyValueSpecification\",\"valueRequired\":true,\"valueName\":\"search_term_string\"}}],\"inLanguage\":\"es-ES\"},{\"@type\":\"Organization\",\"@id\":\"https:\\\/\\\/graphimarket.com\\\/fr\\\/#organization\",\"name\":\"Graphimarket\",\"url\":\"https:\\\/\\\/graphimarket.com\\\/fr\\\/\",\"logo\":{\"@type\":\"ImageObject\",\"inLanguage\":\"es-ES\",\"@id\":\"https:\\\/\\\/graphimarket.com\\\/fr\\\/#\\\/schema\\\/logo\\\/image\\\/\",\"url\":\"https:\\\/\\\/graphimarket.com\\\/wp-content\\\/uploads\\\/2020\\\/08\\\/logo-48.png\",\"contentUrl\":\"https:\\\/\\\/graphimarket.com\\\/wp-content\\\/uploads\\\/2020\\\/08\\\/logo-48.png\",\"width\":132,\"height\":48,\"caption\":\"Graphimarket\"},\"image\":{\"@id\":\"https:\\\/\\\/graphimarket.com\\\/fr\\\/#\\\/schema\\\/logo\\\/image\\\/\"}}]}<\/script>\n<!-- \/ Yoast SEO plugin. -->","yoast_head_json":{"title":"Dibujo a l\u00e1piz moderno Acci\u00f3n de Photoshop - Graphimarket","description":"Modern Pencil Sketch Photoshop Action Sea un artista sin ninguna experiencia (solo un clic haga que sus fotos tengan un estilo art\u00edstico). Excelente actuaci\u00f3n...","robots":{"index":"index","follow":"follow","max-snippet":"max-snippet:-1","max-image-preview":"max-image-preview:large","max-video-preview":"max-video-preview:-1"},"canonical":"https:\/\/graphimarket.com\/es\/product\/modern-pencil-sketch-photoshop-action\/","og_locale":"es_ES","og_type":"article","og_title":"Modern Pencil Sketch Photoshop Action - Graphimarket","og_description":"Modern Pencil Sketch Photoshop Action\u00a0Be artist without any experience (just one click make your photos art style). Awesome performance...","og_url":"https:\/\/graphimarket.com\/es\/product\/modern-pencil-sketch-photoshop-action\/","og_site_name":"Graphimarket","article_modified_time":"2022-12-19T08:22:28+00:00","og_image":[{"width":910,"height":607,"url":"https:\/\/graphimarket.com\/wp-content\/uploads\/2021\/01\/modern-pencil-sketch-photoshop-action-2-.jpg","type":"image\/jpeg"}],"twitter_card":"summary_large_image","schema":{"@context":"https:\/\/schema.org","@graph":[{"@type":"WebPage","@id":"https:\/\/graphimarket.com\/en\/product\/modern-pencil-sketch-photoshop-action\/","url":"https:\/\/graphimarket.com\/en\/product\/modern-pencil-sketch-photoshop-action\/","name":"Dibujo a l\u00e1piz moderno Acci\u00f3n de Photoshop - Graphimarket","isPartOf":{"@id":"https:\/\/graphimarket.com\/fr\/#website"},"primaryImageOfPage":{"@id":"https:\/\/graphimarket.com\/en\/product\/modern-pencil-sketch-photoshop-action\/#primaryimage"},"image":{"@id":"https:\/\/graphimarket.com\/en\/product\/modern-pencil-sketch-photoshop-action\/#primaryimage"},"thumbnailUrl":"https:\/\/graphimarket.com\/wp-content\/uploads\/2021\/01\/modern-pencil-sketch-photoshop-action-2-.jpg","datePublished":"2021-01-07T17:35:13+00:00","dateModified":"2022-12-19T08:22:28+00:00","description":"Modern Pencil Sketch Photoshop Action Sea un artista sin ninguna experiencia (solo un clic haga que sus fotos tengan un estilo art\u00edstico). Excelente actuaci\u00f3n...","breadcrumb":{"@id":"https:\/\/graphimarket.com\/en\/product\/modern-pencil-sketch-photoshop-action\/#breadcrumb"},"inLanguage":"es-ES","potentialAction":[{"@type":"ReadAction","target":["https:\/\/graphimarket.com\/en\/product\/modern-pencil-sketch-photoshop-action\/"]}]},{"@type":"ImageObject","inLanguage":"es-ES","@id":"https:\/\/graphimarket.com\/en\/product\/modern-pencil-sketch-photoshop-action\/#primaryimage","url":"https:\/\/graphimarket.com\/wp-content\/uploads\/2021\/01\/modern-pencil-sketch-photoshop-action-2-.jpg","contentUrl":"https:\/\/graphimarket.com\/wp-content\/uploads\/2021\/01\/modern-pencil-sketch-photoshop-action-2-.jpg","width":910,"height":607},{"@type":"BreadcrumbList","@id":"https:\/\/graphimarket.com\/en\/product\/modern-pencil-sketch-photoshop-action\/#breadcrumb","itemListElement":[{"@type":"ListItem","position":1,"name":"Home","item":"https:\/\/graphimarket.com\/es\/"},{"@type":"ListItem","position":2,"name":"Store","item":"https:\/\/graphimarket.com\/store\/"},{"@type":"ListItem","position":3,"name":"Modern Pencil Sketch Photoshop Action"}]},{"@type":"WebSite","@id":"https:\/\/graphimarket.com\/fr\/#website","url":"https:\/\/graphimarket.com\/fr\/","name":"Graphimarket","description":"Encuentre el activo creativo perfecto para darle vida a su proyecto","publisher":{"@id":"https:\/\/graphimarket.com\/fr\/#organization"},"potentialAction":[{"@type":"SearchAction","target":{"@type":"EntryPoint","urlTemplate":"https:\/\/graphimarket.com\/fr\/?s={search_term_string}"},"query-input":{"@type":"PropertyValueSpecification","valueRequired":true,"valueName":"search_term_string"}}],"inLanguage":"es-ES"},{"@type":"Organization","@id":"https:\/\/graphimarket.com\/fr\/#organization","name":"Graphimarket","url":"https:\/\/graphimarket.com\/fr\/","logo":{"@type":"ImageObject","inLanguage":"es-ES","@id":"https:\/\/graphimarket.com\/fr\/#\/schema\/logo\/image\/","url":"https:\/\/graphimarket.com\/wp-content\/uploads\/2020\/08\/logo-48.png","contentUrl":"https:\/\/graphimarket.com\/wp-content\/uploads\/2020\/08\/logo-48.png","width":132,"height":48,"caption":"Graphimarket"},"image":{"@id":"https:\/\/graphimarket.com\/fr\/#\/schema\/logo\/image\/"}}]}},"_links":{"self":[{"href":"http:\/\/graphimarket.com\/es\/wp-json\/wp\/v2\/product\/14881","targetHints":{"allow":["GET"]}}],"collection":[{"href":"http:\/\/graphimarket.com\/es\/wp-json\/wp\/v2\/product"}],"about":[{"href":"http:\/\/graphimarket.com\/es\/wp-json\/wp\/v2\/types\/product"}],"replies":[{"embeddable":true,"href":"http:\/\/graphimarket.com\/es\/wp-json\/wp\/v2\/comments?post=14881"}],"version-history":[{"count":0,"href":"http:\/\/graphimarket.com\/es\/wp-json\/wp\/v2\/product\/14881\/revisions"}],"wp:featuredmedia":[{"embeddable":true,"href":"http:\/\/graphimarket.com\/es\/wp-json\/wp\/v2\/media\/14887"}],"wp:attachment":[{"href":"http:\/\/graphimarket.com\/es\/wp-json\/wp\/v2\/media?parent=14881"}],"wp:term":[{"taxonomy":"product_brand","embeddable":true,"href":"http:\/\/graphimarket.com\/es\/wp-json\/wp\/v2\/product_brand?post=14881"},{"taxonomy":"product_cat","embeddable":true,"href":"http:\/\/graphimarket.com\/es\/wp-json\/wp\/v2\/product_cat?post=14881"},{"taxonomy":"product_tag","embeddable":true,"href":"http:\/\/graphimarket.com\/es\/wp-json\/wp\/v2\/product_tag?post=14881"}],"curies":[{"name":"wp","href":"https:\/\/api.w.org\/{rel}","templated":true}]}}