{"id":15752,"date":"2021-02-02T17:00:17","date_gmt":"2021-02-02T16:00:17","guid":{"rendered":"https:\/\/graphimarket.com\/?post_type=product&#038;p=15752"},"modified":"2021-02-04T18:56:18","modified_gmt":"2021-02-04T17:56:18","slug":"engrave-photoshop-actions-kit","status":"publish","type":"product","link":"http:\/\/graphimarket.com\/es\/product\/engrave-photoshop-actions-kit\/","title":{"rendered":"Grabar Kit de acciones de Photoshop"},"content":{"rendered":"<p>Kit de acci\u00f3n DGB Engrave: es una herramienta para convertir f\u00e1cilmente una foto en un grabado estilizado. Aunque este proceso es muy simple, lea el manual para evitar errores. El kit de acci\u00f3n DGB Engrave se ha probado en Photoshop CS4, CS5 y CS3 (gracias por J).<\/p>\n<p>Video tutorial:<a href=\"https:\/\/www.youtube.com\/watch?v=WDlR2_A3Fbw\" target=\"_blank\" rel=\"noopener\">\u00a0https:\/\/www.youtube.com\/watch?v=WDlR2_A3Fbwhttp:\/\/youtu.be\/m-Al3a2h2a0<\/a>\u00a0En Photoshop: 1. Cargue graver.atn en el panel de acciones de Photoshop. 2. Abra el archivo graver-source.psd. 3. Abra su imagen. 4. Coloque su imagen en el documento fuente m\u00e1s grave. (arrastrar y soltar o copiar y pegar). 5. Ajuste el tama\u00f1o y la posici\u00f3n de la imagen. 6. Aseg\u00farese de que la capa seleccionada (activa) sea su imagen. Seleccione cualquiera de los 7 scripts. \u00a1Ejecuta una acci\u00f3n! Nota. Cuando aparezca el cuadro de di\u00e1logo Curvas o Tono-Saturaci\u00f3n, simplemente haga clic en Aceptar y contin\u00fae con el gui\u00f3n. \u00a1NO interrumpa la acci\u00f3n!<\/p>\n<p>Graver-Normal: toques en blanco y negro de aproximadamente el mismo contraste que un original. Graver-Light: un toque blanco y negro m\u00e1s claro que un original. Graver-Dark: un toque blanco y negro m\u00e1s oscuro que un original. Graver-Color-Image - Toques en blanco y negro con imagen de fondo como original. Graver-Color-Lines: toques de color en los colores de un original. Graver-Color-Back: toques en blanco y negro y color de fondo s\u00f3lido (editable en capas). Graver-Color-Solid-Lines - Un toque de color.<\/p>\n<p>&nbsp;<\/p>\n<p><img fetchpriority=\"high\" decoding=\"async\" class=\"size-full wp-image-15753 aligncenter\" src=\"https:\/\/graphimarket.com\/wp-content\/uploads\/2021\/02\/engraver-cover.jpg\" alt=\"\" width=\"590\" height=\"2377\" srcset=\"https:\/\/graphimarket.com\/wp-content\/uploads\/2021\/02\/engraver-cover.jpg 590w, https:\/\/graphimarket.com\/wp-content\/uploads\/2021\/02\/engraver-cover-254x1024.jpg 254w, https:\/\/graphimarket.com\/wp-content\/uploads\/2021\/02\/engraver-cover-381x1536.jpg 381w, https:\/\/graphimarket.com\/wp-content\/uploads\/2021\/02\/engraver-cover-508x2048.jpg 508w, https:\/\/graphimarket.com\/wp-content\/uploads\/2021\/02\/engraver-cover-3x12.jpg 3w\" sizes=\"(max-width: 590px) 100vw, 590px\" \/><\/p>","protected":false},"excerpt":{"rendered":"<p>DGB Engrave action kit \u2013 That\u2019s a tool to easily turn a photo into stylized engraving. Although this process is very simple, please read the manual to avoid mistakes. DGB Engrave action kit has been tested on Photoshop CS4, CS5 &amp; CS3 (Thanks for J). Video tutorial:\u00a0https:\/\/www.youtube.com\/watch?v=WDlR2_A3Fbwhttp:\/\/youtu.be\/m-Al3a2h2a0\u00a0In Photoshop: 1. Load graver.atn to the Photoshop action [&hellip;]<\/p>\n","protected":false},"featured_media":15754,"comment_status":"open","ping_status":"closed","template":"","meta":{"site-sidebar-layout":"default","site-content-layout":"default","ast-site-content-layout":"default","site-content-style":"default","site-sidebar-style":"default","ast-global-header-display":"","ast-banner-title-visibility":"","ast-main-header-display":"","ast-hfb-above-header-display":"","ast-hfb-below-header-display":"","ast-hfb-mobile-header-display":"","site-post-title":"","ast-breadcrumbs-content":"","ast-featured-img":"","footer-sml-layout":"","ast-disable-related-posts":"","theme-transparent-header-meta":"default","adv-header-id-meta":"","stick-header-meta":"","header-above-stick-meta":"","header-main-stick-meta":"","header-below-stick-meta":"","astra-migrate-meta-layouts":"default","ast-page-background-enabled":"default","ast-page-background-meta":{"desktop":{"background-color":"","background-image":"","background-repeat":"repeat","background-position":"center center","background-size":"auto","background-attachment":"scroll","background-type":"","background-media":"","overlay-type":"","overlay-color":"","overlay-opacity":"","overlay-gradient":""},"tablet":{"background-color":"","background-image":"","background-repeat":"repeat","background-position":"center center","background-size":"auto","background-attachment":"scroll","background-type":"","background-media":"","overlay-type":"","overlay-color":"","overlay-opacity":"","overlay-gradient":""},"mobile":{"background-color":"","background-image":"","background-repeat":"repeat","background-position":"center center","background-size":"auto","background-attachment":"scroll","background-type":"","background-media":"","overlay-type":"","overlay-color":"","overlay-opacity":"","overlay-gradient":""}},"ast-content-background-meta":{"desktop":{"background-color":"var(--ast-global-color-5)","background-image":"","background-repeat":"repeat","background-position":"center center","background-size":"auto","background-attachment":"scroll","background-type":"","background-media":"","overlay-type":"","overlay-color":"","overlay-opacity":"","overlay-gradient":""},"tablet":{"background-color":"var(--ast-global-color-5)","background-image":"","background-repeat":"repeat","background-position":"center center","background-size":"auto","background-attachment":"scroll","background-type":"","background-media":"","overlay-type":"","overlay-color":"","overlay-opacity":"","overlay-gradient":""},"mobile":{"background-color":"var(--ast-global-color-5)","background-image":"","background-repeat":"repeat","background-position":"center center","background-size":"auto","background-attachment":"scroll","background-type":"","background-media":"","overlay-type":"","overlay-color":"","overlay-opacity":"","overlay-gradient":""}}},"product_brand":[],"product_cat":[196,15,195],"product_tag":[292,1868,609,479,285,62],"class_list":{"0":"post-15752","1":"product","2":"type-product","3":"status-publish","4":"has-post-thumbnail","6":"product_cat-actions","7":"product_cat-photo","8":"product_cat-photoshop","9":"product_tag-action","10":"product_tag-dgb","11":"product_tag-engrave","12":"product_tag-kit","13":"product_tag-photo","14":"product_tag-photoshop","15":"desktop-align-left","16":"tablet-align-left","17":"mobile-align-left","19":"first","20":"instock","21":"sale","22":"downloadable","23":"virtual","24":"taxable","25":"purchasable","26":"product-type-simple"},"yoast_head":"<!-- This site is optimized with the Yoast SEO plugin v27.3 - https:\/\/yoast.com\/product\/yoast-seo-wordpress\/ -->\n<title>Engrave Photoshop Actions Kit - Graphimarket<\/title>\n<meta name=\"description\" content=\"DGB Engrave action kit \u2013 That\u2019s a tool to easily turn a photo into stylized engraving. Although this process is very simple...\" \/>\n<meta name=\"robots\" content=\"index, follow, max-snippet:-1, max-image-preview:large, max-video-preview:-1\" \/>\n<link rel=\"canonical\" href=\"https:\/\/graphimarket.com\/es\/product\/engrave-photoshop-actions-kit\/\" \/>\n<meta property=\"og:locale\" content=\"es_ES\" \/>\n<meta property=\"og:type\" content=\"article\" \/>\n<meta property=\"og:title\" content=\"Engrave Photoshop Actions Kit - Graphimarket\" \/>\n<meta property=\"og:description\" content=\"DGB Engrave action kit \u2013 That\u2019s a tool to easily turn a photo into stylized engraving. Although this process is very simple...\" \/>\n<meta property=\"og:url\" content=\"https:\/\/graphimarket.com\/es\/product\/engrave-photoshop-actions-kit\/\" \/>\n<meta property=\"og:site_name\" content=\"Graphimarket\" \/>\n<meta property=\"article:modified_time\" content=\"2021-02-04T17:56:18+00:00\" \/>\n<meta property=\"og:image\" content=\"https:\/\/graphimarket.com\/wp-content\/uploads\/2021\/02\/Thumbnail-1-43-1280x720-1.jpg\" \/>\n\t<meta property=\"og:image:width\" content=\"1280\" \/>\n\t<meta property=\"og:image:height\" content=\"720\" \/>\n\t<meta property=\"og:image:type\" content=\"image\/jpeg\" \/>\n<meta name=\"twitter:card\" content=\"summary_large_image\" \/>\n<meta name=\"twitter:label1\" content=\"Est. reading time\" \/>\n\t<meta name=\"twitter:data1\" content=\"1 minute\" \/>\n<script type=\"application\/ld+json\" class=\"yoast-schema-graph\">{\"@context\":\"https:\\\/\\\/schema.org\",\"@graph\":[{\"@type\":\"WebPage\",\"@id\":\"https:\\\/\\\/graphimarket.com\\\/en\\\/product\\\/engrave-photoshop-actions-kit\\\/\",\"url\":\"https:\\\/\\\/graphimarket.com\\\/en\\\/product\\\/engrave-photoshop-actions-kit\\\/\",\"name\":\"Engrave Photoshop Actions Kit - Graphimarket\",\"isPartOf\":{\"@id\":\"https:\\\/\\\/graphimarket.com\\\/fr\\\/#website\"},\"primaryImageOfPage\":{\"@id\":\"https:\\\/\\\/graphimarket.com\\\/en\\\/product\\\/engrave-photoshop-actions-kit\\\/#primaryimage\"},\"image\":{\"@id\":\"https:\\\/\\\/graphimarket.com\\\/en\\\/product\\\/engrave-photoshop-actions-kit\\\/#primaryimage\"},\"thumbnailUrl\":\"https:\\\/\\\/graphimarket.com\\\/wp-content\\\/uploads\\\/2021\\\/02\\\/Thumbnail-1-43-1280x720-1.jpg\",\"datePublished\":\"2021-02-02T16:00:17+00:00\",\"dateModified\":\"2021-02-04T17:56:18+00:00\",\"description\":\"DGB Engrave action kit \u2013 That\u2019s a tool to easily turn a photo into stylized engraving. Although this process is very simple...\",\"breadcrumb\":{\"@id\":\"https:\\\/\\\/graphimarket.com\\\/en\\\/product\\\/engrave-photoshop-actions-kit\\\/#breadcrumb\"},\"inLanguage\":\"es-ES\",\"potentialAction\":[{\"@type\":\"ReadAction\",\"target\":[\"https:\\\/\\\/graphimarket.com\\\/en\\\/product\\\/engrave-photoshop-actions-kit\\\/\"]}]},{\"@type\":\"ImageObject\",\"inLanguage\":\"es-ES\",\"@id\":\"https:\\\/\\\/graphimarket.com\\\/en\\\/product\\\/engrave-photoshop-actions-kit\\\/#primaryimage\",\"url\":\"https:\\\/\\\/graphimarket.com\\\/wp-content\\\/uploads\\\/2021\\\/02\\\/Thumbnail-1-43-1280x720-1.jpg\",\"contentUrl\":\"https:\\\/\\\/graphimarket.com\\\/wp-content\\\/uploads\\\/2021\\\/02\\\/Thumbnail-1-43-1280x720-1.jpg\",\"width\":1280,\"height\":720},{\"@type\":\"BreadcrumbList\",\"@id\":\"https:\\\/\\\/graphimarket.com\\\/en\\\/product\\\/engrave-photoshop-actions-kit\\\/#breadcrumb\",\"itemListElement\":[{\"@type\":\"ListItem\",\"position\":1,\"name\":\"Home\",\"item\":\"https:\\\/\\\/graphimarket.com\\\/es\\\/\"},{\"@type\":\"ListItem\",\"position\":2,\"name\":\"Store\",\"item\":\"https:\\\/\\\/graphimarket.com\\\/store\\\/\"},{\"@type\":\"ListItem\",\"position\":3,\"name\":\"Engrave Photoshop Actions Kit\"}]},{\"@type\":\"WebSite\",\"@id\":\"https:\\\/\\\/graphimarket.com\\\/fr\\\/#website\",\"url\":\"https:\\\/\\\/graphimarket.com\\\/fr\\\/\",\"name\":\"Graphimarket\",\"description\":\"Find the perfect creative asset to bring your project to life\",\"publisher\":{\"@id\":\"https:\\\/\\\/graphimarket.com\\\/fr\\\/#organization\"},\"potentialAction\":[{\"@type\":\"SearchAction\",\"target\":{\"@type\":\"EntryPoint\",\"urlTemplate\":\"https:\\\/\\\/graphimarket.com\\\/fr\\\/?s={search_term_string}\"},\"query-input\":{\"@type\":\"PropertyValueSpecification\",\"valueRequired\":true,\"valueName\":\"search_term_string\"}}],\"inLanguage\":\"es-ES\"},{\"@type\":\"Organization\",\"@id\":\"https:\\\/\\\/graphimarket.com\\\/fr\\\/#organization\",\"name\":\"Graphimarket\",\"url\":\"https:\\\/\\\/graphimarket.com\\\/fr\\\/\",\"logo\":{\"@type\":\"ImageObject\",\"inLanguage\":\"es-ES\",\"@id\":\"https:\\\/\\\/graphimarket.com\\\/fr\\\/#\\\/schema\\\/logo\\\/image\\\/\",\"url\":\"https:\\\/\\\/graphimarket.com\\\/wp-content\\\/uploads\\\/2020\\\/08\\\/logo-48.png\",\"contentUrl\":\"https:\\\/\\\/graphimarket.com\\\/wp-content\\\/uploads\\\/2020\\\/08\\\/logo-48.png\",\"width\":132,\"height\":48,\"caption\":\"Graphimarket\"},\"image\":{\"@id\":\"https:\\\/\\\/graphimarket.com\\\/fr\\\/#\\\/schema\\\/logo\\\/image\\\/\"}}]}<\/script>\n<!-- \/ Yoast SEO plugin. -->","yoast_head_json":{"title":"Kit de acciones de grabado de Photoshop - Graphimarket","description":"Kit de acci\u00f3n DGB Engrave: es una herramienta para convertir f\u00e1cilmente una foto en un grabado estilizado. Aunque este proceso es muy sencillo ...","robots":{"index":"index","follow":"follow","max-snippet":"max-snippet:-1","max-image-preview":"max-image-preview:large","max-video-preview":"max-video-preview:-1"},"canonical":"https:\/\/graphimarket.com\/es\/product\/engrave-photoshop-actions-kit\/","og_locale":"es_ES","og_type":"article","og_title":"Engrave Photoshop Actions Kit - Graphimarket","og_description":"DGB Engrave action kit \u2013 That\u2019s a tool to easily turn a photo into stylized engraving. Although this process is very simple...","og_url":"https:\/\/graphimarket.com\/es\/product\/engrave-photoshop-actions-kit\/","og_site_name":"Graphimarket","article_modified_time":"2021-02-04T17:56:18+00:00","og_image":[{"width":1280,"height":720,"url":"https:\/\/graphimarket.com\/wp-content\/uploads\/2021\/02\/Thumbnail-1-43-1280x720-1.jpg","type":"image\/jpeg"}],"twitter_card":"summary_large_image","twitter_misc":{"Est. reading time":"1 minute"},"schema":{"@context":"https:\/\/schema.org","@graph":[{"@type":"WebPage","@id":"https:\/\/graphimarket.com\/en\/product\/engrave-photoshop-actions-kit\/","url":"https:\/\/graphimarket.com\/en\/product\/engrave-photoshop-actions-kit\/","name":"Kit de acciones de grabado de Photoshop - Graphimarket","isPartOf":{"@id":"https:\/\/graphimarket.com\/fr\/#website"},"primaryImageOfPage":{"@id":"https:\/\/graphimarket.com\/en\/product\/engrave-photoshop-actions-kit\/#primaryimage"},"image":{"@id":"https:\/\/graphimarket.com\/en\/product\/engrave-photoshop-actions-kit\/#primaryimage"},"thumbnailUrl":"https:\/\/graphimarket.com\/wp-content\/uploads\/2021\/02\/Thumbnail-1-43-1280x720-1.jpg","datePublished":"2021-02-02T16:00:17+00:00","dateModified":"2021-02-04T17:56:18+00:00","description":"Kit de acci\u00f3n DGB Engrave: es una herramienta para convertir f\u00e1cilmente una foto en un grabado estilizado. Aunque este proceso es muy sencillo ...","breadcrumb":{"@id":"https:\/\/graphimarket.com\/en\/product\/engrave-photoshop-actions-kit\/#breadcrumb"},"inLanguage":"es-ES","potentialAction":[{"@type":"ReadAction","target":["https:\/\/graphimarket.com\/en\/product\/engrave-photoshop-actions-kit\/"]}]},{"@type":"ImageObject","inLanguage":"es-ES","@id":"https:\/\/graphimarket.com\/en\/product\/engrave-photoshop-actions-kit\/#primaryimage","url":"https:\/\/graphimarket.com\/wp-content\/uploads\/2021\/02\/Thumbnail-1-43-1280x720-1.jpg","contentUrl":"https:\/\/graphimarket.com\/wp-content\/uploads\/2021\/02\/Thumbnail-1-43-1280x720-1.jpg","width":1280,"height":720},{"@type":"BreadcrumbList","@id":"https:\/\/graphimarket.com\/en\/product\/engrave-photoshop-actions-kit\/#breadcrumb","itemListElement":[{"@type":"ListItem","position":1,"name":"Home","item":"https:\/\/graphimarket.com\/es\/"},{"@type":"ListItem","position":2,"name":"Store","item":"https:\/\/graphimarket.com\/store\/"},{"@type":"ListItem","position":3,"name":"Engrave Photoshop Actions Kit"}]},{"@type":"WebSite","@id":"https:\/\/graphimarket.com\/fr\/#website","url":"https:\/\/graphimarket.com\/fr\/","name":"Graphimarket","description":"Encuentre el activo creativo perfecto para darle vida a su proyecto","publisher":{"@id":"https:\/\/graphimarket.com\/fr\/#organization"},"potentialAction":[{"@type":"SearchAction","target":{"@type":"EntryPoint","urlTemplate":"https:\/\/graphimarket.com\/fr\/?s={search_term_string}"},"query-input":{"@type":"PropertyValueSpecification","valueRequired":true,"valueName":"search_term_string"}}],"inLanguage":"es-ES"},{"@type":"Organization","@id":"https:\/\/graphimarket.com\/fr\/#organization","name":"Graphimarket","url":"https:\/\/graphimarket.com\/fr\/","logo":{"@type":"ImageObject","inLanguage":"es-ES","@id":"https:\/\/graphimarket.com\/fr\/#\/schema\/logo\/image\/","url":"https:\/\/graphimarket.com\/wp-content\/uploads\/2020\/08\/logo-48.png","contentUrl":"https:\/\/graphimarket.com\/wp-content\/uploads\/2020\/08\/logo-48.png","width":132,"height":48,"caption":"Graphimarket"},"image":{"@id":"https:\/\/graphimarket.com\/fr\/#\/schema\/logo\/image\/"}}]}},"_links":{"self":[{"href":"http:\/\/graphimarket.com\/es\/wp-json\/wp\/v2\/product\/15752","targetHints":{"allow":["GET"]}}],"collection":[{"href":"http:\/\/graphimarket.com\/es\/wp-json\/wp\/v2\/product"}],"about":[{"href":"http:\/\/graphimarket.com\/es\/wp-json\/wp\/v2\/types\/product"}],"replies":[{"embeddable":true,"href":"http:\/\/graphimarket.com\/es\/wp-json\/wp\/v2\/comments?post=15752"}],"version-history":[{"count":0,"href":"http:\/\/graphimarket.com\/es\/wp-json\/wp\/v2\/product\/15752\/revisions"}],"wp:featuredmedia":[{"embeddable":true,"href":"http:\/\/graphimarket.com\/es\/wp-json\/wp\/v2\/media\/15754"}],"wp:attachment":[{"href":"http:\/\/graphimarket.com\/es\/wp-json\/wp\/v2\/media?parent=15752"}],"wp:term":[{"taxonomy":"product_brand","embeddable":true,"href":"http:\/\/graphimarket.com\/es\/wp-json\/wp\/v2\/product_brand?post=15752"},{"taxonomy":"product_cat","embeddable":true,"href":"http:\/\/graphimarket.com\/es\/wp-json\/wp\/v2\/product_cat?post=15752"},{"taxonomy":"product_tag","embeddable":true,"href":"http:\/\/graphimarket.com\/es\/wp-json\/wp\/v2\/product_tag?post=15752"}],"curies":[{"name":"wp","href":"https:\/\/api.w.org\/{rel}","templated":true}]}}