{"id":15830,"date":"2021-02-05T15:16:18","date_gmt":"2021-02-05T14:16:18","guid":{"rendered":"https:\/\/graphimarket.com\/?post_type=product&#038;p=15830"},"modified":"2022-12-19T08:59:32","modified_gmt":"2022-12-19T07:59:32","slug":"financial-blog-media-kit-10-pages-powerpoint","status":"publish","type":"product","link":"http:\/\/graphimarket.com\/es\/product\/financial-blog-media-kit-10-pages-powerpoint\/","title":{"rendered":"Kit de medios para blogs financieros PowerPoint de 10 p\u00e1ginas"},"content":{"rendered":"<p><strong>Kit de medios para blogs financieros | 10 p\u00e1ginas | PowerPoint<\/strong><\/p>\n<p>P\u00e1ginas incluidas: * Portada * Declaraci\u00f3n de misi\u00f3n * Acerca de la p\u00e1gina * Datos demogr\u00e1ficos de la audiencia * Estad\u00edsticas sociales * En el blog * Colaboraciones de marcas pasadas * Proceso de colaboraci\u00f3n * Hoja de tarifas * Bonificaci\u00f3n: 40+ Inter\u00e9s personal + Iconos de redes sociales Tama\u00f1o: Letra de EE. UU. (11 \u00d7 8.5) Orientaci\u00f3n: Paisaje<\/p>\n<ul>\n<li>Plantilla de kit de medios de 10 p\u00e1ginas (PowerPoint)<\/li>\n<li>Gu\u00eda del usuario<\/li>\n<\/ul>\n<p><strong>Detalles:<\/strong><\/p>\n<ul>\n<li>Compatibilidad: Microsoft PowerPoint<\/li>\n<li>Tama\u00f1o: letra de EE. UU.<\/li>\n<li>Utiliza fuentes gratuitas<\/li>\n<li>Fotograf\u00edas no incluidas<\/li>\n<li>Compatible con Mac + PC<\/li>\n<\/ul>\n<div class=\"code-block code-block-13\"><img fetchpriority=\"high\" decoding=\"async\" class=\"size-full wp-image-15831 aligncenter\" src=\"https:\/\/graphimarket.com\/wp-content\/uploads\/2021\/02\/bf313d86-2686-474c-b320-b9894426a2b8.jpg\" alt=\"\" width=\"1200\" height=\"800\" srcset=\"https:\/\/graphimarket.com\/wp-content\/uploads\/2021\/02\/bf313d86-2686-474c-b320-b9894426a2b8.jpg 1200w, https:\/\/graphimarket.com\/wp-content\/uploads\/2021\/02\/bf313d86-2686-474c-b320-b9894426a2b8-300x200.jpg 300w, https:\/\/graphimarket.com\/wp-content\/uploads\/2021\/02\/bf313d86-2686-474c-b320-b9894426a2b8-1024x683.jpg 1024w, https:\/\/graphimarket.com\/wp-content\/uploads\/2021\/02\/bf313d86-2686-474c-b320-b9894426a2b8-768x512.jpg 768w, https:\/\/graphimarket.com\/wp-content\/uploads\/2021\/02\/bf313d86-2686-474c-b320-b9894426a2b8-16x12.jpg 16w, https:\/\/graphimarket.com\/wp-content\/uploads\/2021\/02\/bf313d86-2686-474c-b320-b9894426a2b8-600x400.jpg 600w\" sizes=\"(max-width: 1200px) 100vw, 1200px\" \/><\/div>\n<div><\/div>\n<div class=\"code-block code-block-13\"><img decoding=\"async\" class=\"size-full wp-image-15832 aligncenter\" src=\"https:\/\/graphimarket.com\/wp-content\/uploads\/2021\/02\/b631fe67-351e-40ae-87d2-162ecd0f8e94.jpg\" alt=\"\" width=\"1370\" height=\"913\" srcset=\"https:\/\/graphimarket.com\/wp-content\/uploads\/2021\/02\/b631fe67-351e-40ae-87d2-162ecd0f8e94.jpg 1370w, https:\/\/graphimarket.com\/wp-content\/uploads\/2021\/02\/b631fe67-351e-40ae-87d2-162ecd0f8e94-300x200.jpg 300w, https:\/\/graphimarket.com\/wp-content\/uploads\/2021\/02\/b631fe67-351e-40ae-87d2-162ecd0f8e94-1024x682.jpg 1024w, https:\/\/graphimarket.com\/wp-content\/uploads\/2021\/02\/b631fe67-351e-40ae-87d2-162ecd0f8e94-768x512.jpg 768w, https:\/\/graphimarket.com\/wp-content\/uploads\/2021\/02\/b631fe67-351e-40ae-87d2-162ecd0f8e94-16x12.jpg 16w, https:\/\/graphimarket.com\/wp-content\/uploads\/2021\/02\/b631fe67-351e-40ae-87d2-162ecd0f8e94-1320x880.jpg 1320w, https:\/\/graphimarket.com\/wp-content\/uploads\/2021\/02\/b631fe67-351e-40ae-87d2-162ecd0f8e94-600x400.jpg 600w\" sizes=\"(max-width: 1370px) 100vw, 1370px\" \/><\/div>","protected":false},"excerpt":{"rendered":"<p>Financial Blog Media Kit | 10 Pages| PowerPoint Pages Included: *Cover Page *Mission Statement *About Page *Audience Demographics *Social Stats *On The Blog *Past Brand Collaborations *Collaboration Process *Rate Sheet *Bonus: 40+ Personal Interest + Social Media Icons Size: US Letter (11\u00d78.5) Orientation: Landscape 10-Page Media Kit Template (PowerPoint) User Guide Details: Compatibility: Microsoft PowerPoint [&hellip;]<\/p>\n","protected":false},"featured_media":15831,"comment_status":"open","ping_status":"closed","template":"","meta":{"site-sidebar-layout":"default","site-content-layout":"default","ast-site-content-layout":"default","site-content-style":"default","site-sidebar-style":"default","ast-global-header-display":"","ast-banner-title-visibility":"","ast-main-header-display":"","ast-hfb-above-header-display":"","ast-hfb-below-header-display":"","ast-hfb-mobile-header-display":"","site-post-title":"","ast-breadcrumbs-content":"","ast-featured-img":"","footer-sml-layout":"","ast-disable-related-posts":"","theme-transparent-header-meta":"default","adv-header-id-meta":"","stick-header-meta":"","header-above-stick-meta":"","header-main-stick-meta":"","header-below-stick-meta":"","astra-migrate-meta-layouts":"default","ast-page-background-enabled":"default","ast-page-background-meta":{"desktop":{"background-color":"","background-image":"","background-repeat":"repeat","background-position":"center center","background-size":"auto","background-attachment":"scroll","background-type":"","background-media":"","overlay-type":"","overlay-color":"","overlay-opacity":"","overlay-gradient":""},"tablet":{"background-color":"","background-image":"","background-repeat":"repeat","background-position":"center center","background-size":"auto","background-attachment":"scroll","background-type":"","background-media":"","overlay-type":"","overlay-color":"","overlay-opacity":"","overlay-gradient":""},"mobile":{"background-color":"","background-image":"","background-repeat":"repeat","background-position":"center center","background-size":"auto","background-attachment":"scroll","background-type":"","background-media":"","overlay-type":"","overlay-color":"","overlay-opacity":"","overlay-gradient":""}},"ast-content-background-meta":{"desktop":{"background-color":"var(--ast-global-color-5)","background-image":"","background-repeat":"repeat","background-position":"center center","background-size":"auto","background-attachment":"scroll","background-type":"","background-media":"","overlay-type":"","overlay-color":"","overlay-opacity":"","overlay-gradient":""},"tablet":{"background-color":"var(--ast-global-color-5)","background-image":"","background-repeat":"repeat","background-position":"center center","background-size":"auto","background-attachment":"scroll","background-type":"","background-media":"","overlay-type":"","overlay-color":"","overlay-opacity":"","overlay-gradient":""},"mobile":{"background-color":"var(--ast-global-color-5)","background-image":"","background-repeat":"repeat","background-position":"center center","background-size":"auto","background-attachment":"scroll","background-type":"","background-media":"","overlay-type":"","overlay-color":"","overlay-opacity":"","overlay-gradient":""}}},"product_brand":[],"product_cat":[149,151,168],"product_tag":[929,1460,479,742,957,993,60],"class_list":{"0":"post-15830","1":"product","2":"type-product","3":"status-publish","4":"has-post-thumbnail","6":"product_cat-powerpoint","7":"product_cat-powerpoint-presentation-template","8":"product_cat-templates","9":"product_tag-blog","10":"product_tag-financial","11":"product_tag-kit","12":"product_tag-media","13":"product_tag-microsoft","14":"product_tag-powerpoint","15":"product_tag-template","16":"desktop-align-left","17":"tablet-align-left","18":"mobile-align-left","20":"first","21":"instock","22":"sale","23":"downloadable","24":"virtual","25":"taxable","26":"purchasable","27":"product-type-simple"},"yoast_head":"<!-- This site is optimized with the Yoast SEO plugin v27.3 - https:\/\/yoast.com\/product\/yoast-seo-wordpress\/ -->\n<title>Financial Blog Media Kit 10 Pages PowerPoint - Graphimarket<\/title>\n<meta name=\"description\" content=\"Financial Blog Media Kit | 10 Pages| PowerPointPages Included: *Cover Page *Mission Statement *About Page....\" \/>\n<meta name=\"robots\" content=\"index, follow, max-snippet:-1, max-image-preview:large, max-video-preview:-1\" \/>\n<link rel=\"canonical\" href=\"https:\/\/graphimarket.com\/es\/product\/financial-blog-media-kit-10-pages-powerpoint\/\" \/>\n<meta property=\"og:locale\" content=\"es_ES\" \/>\n<meta property=\"og:type\" content=\"article\" \/>\n<meta property=\"og:title\" content=\"Financial Blog Media Kit 10 Pages PowerPoint - Graphimarket\" \/>\n<meta property=\"og:description\" content=\"Financial Blog Media Kit | 10 Pages| PowerPointPages Included: *Cover Page *Mission Statement *About Page....\" \/>\n<meta property=\"og:url\" content=\"https:\/\/graphimarket.com\/es\/product\/financial-blog-media-kit-10-pages-powerpoint\/\" \/>\n<meta property=\"og:site_name\" content=\"Graphimarket\" \/>\n<meta property=\"article:modified_time\" content=\"2022-12-19T07:59:32+00:00\" \/>\n<meta property=\"og:image\" content=\"https:\/\/graphimarket.com\/wp-content\/uploads\/2021\/02\/bf313d86-2686-474c-b320-b9894426a2b8.jpg\" \/>\n\t<meta property=\"og:image:width\" content=\"1200\" \/>\n\t<meta property=\"og:image:height\" content=\"800\" \/>\n\t<meta property=\"og:image:type\" content=\"image\/jpeg\" \/>\n<meta name=\"twitter:card\" content=\"summary_large_image\" \/>\n<script type=\"application\/ld+json\" class=\"yoast-schema-graph\">{\"@context\":\"https:\\\/\\\/schema.org\",\"@graph\":[{\"@type\":\"WebPage\",\"@id\":\"https:\\\/\\\/graphimarket.com\\\/product\\\/financial-blog-media-kit-10-pages-powerpoint\\\/\",\"url\":\"https:\\\/\\\/graphimarket.com\\\/product\\\/financial-blog-media-kit-10-pages-powerpoint\\\/\",\"name\":\"Financial Blog Media Kit 10 Pages PowerPoint - Graphimarket\",\"isPartOf\":{\"@id\":\"https:\\\/\\\/graphimarket.com\\\/fr\\\/#website\"},\"primaryImageOfPage\":{\"@id\":\"https:\\\/\\\/graphimarket.com\\\/product\\\/financial-blog-media-kit-10-pages-powerpoint\\\/#primaryimage\"},\"image\":{\"@id\":\"https:\\\/\\\/graphimarket.com\\\/product\\\/financial-blog-media-kit-10-pages-powerpoint\\\/#primaryimage\"},\"thumbnailUrl\":\"https:\\\/\\\/graphimarket.com\\\/wp-content\\\/uploads\\\/2021\\\/02\\\/bf313d86-2686-474c-b320-b9894426a2b8.jpg\",\"datePublished\":\"2021-02-05T14:16:18+00:00\",\"dateModified\":\"2022-12-19T07:59:32+00:00\",\"description\":\"Financial Blog Media Kit | 10 Pages| PowerPointPages Included: *Cover Page *Mission Statement *About Page....\",\"breadcrumb\":{\"@id\":\"https:\\\/\\\/graphimarket.com\\\/product\\\/financial-blog-media-kit-10-pages-powerpoint\\\/#breadcrumb\"},\"inLanguage\":\"es-ES\",\"potentialAction\":[{\"@type\":\"ReadAction\",\"target\":[\"https:\\\/\\\/graphimarket.com\\\/product\\\/financial-blog-media-kit-10-pages-powerpoint\\\/\"]}]},{\"@type\":\"ImageObject\",\"inLanguage\":\"es-ES\",\"@id\":\"https:\\\/\\\/graphimarket.com\\\/product\\\/financial-blog-media-kit-10-pages-powerpoint\\\/#primaryimage\",\"url\":\"https:\\\/\\\/graphimarket.com\\\/wp-content\\\/uploads\\\/2021\\\/02\\\/bf313d86-2686-474c-b320-b9894426a2b8.jpg\",\"contentUrl\":\"https:\\\/\\\/graphimarket.com\\\/wp-content\\\/uploads\\\/2021\\\/02\\\/bf313d86-2686-474c-b320-b9894426a2b8.jpg\",\"width\":1200,\"height\":800},{\"@type\":\"BreadcrumbList\",\"@id\":\"https:\\\/\\\/graphimarket.com\\\/product\\\/financial-blog-media-kit-10-pages-powerpoint\\\/#breadcrumb\",\"itemListElement\":[{\"@type\":\"ListItem\",\"position\":1,\"name\":\"Home\",\"item\":\"https:\\\/\\\/graphimarket.com\\\/es\\\/\"},{\"@type\":\"ListItem\",\"position\":2,\"name\":\"Store\",\"item\":\"https:\\\/\\\/graphimarket.com\\\/store\\\/\"},{\"@type\":\"ListItem\",\"position\":3,\"name\":\"Financial Blog Media Kit 10 Pages PowerPoint\"}]},{\"@type\":\"WebSite\",\"@id\":\"https:\\\/\\\/graphimarket.com\\\/fr\\\/#website\",\"url\":\"https:\\\/\\\/graphimarket.com\\\/fr\\\/\",\"name\":\"Graphimarket\",\"description\":\"Find the perfect creative asset to bring your project to life\",\"publisher\":{\"@id\":\"https:\\\/\\\/graphimarket.com\\\/fr\\\/#organization\"},\"potentialAction\":[{\"@type\":\"SearchAction\",\"target\":{\"@type\":\"EntryPoint\",\"urlTemplate\":\"https:\\\/\\\/graphimarket.com\\\/fr\\\/?s={search_term_string}\"},\"query-input\":{\"@type\":\"PropertyValueSpecification\",\"valueRequired\":true,\"valueName\":\"search_term_string\"}}],\"inLanguage\":\"es-ES\"},{\"@type\":\"Organization\",\"@id\":\"https:\\\/\\\/graphimarket.com\\\/fr\\\/#organization\",\"name\":\"Graphimarket\",\"url\":\"https:\\\/\\\/graphimarket.com\\\/fr\\\/\",\"logo\":{\"@type\":\"ImageObject\",\"inLanguage\":\"es-ES\",\"@id\":\"https:\\\/\\\/graphimarket.com\\\/fr\\\/#\\\/schema\\\/logo\\\/image\\\/\",\"url\":\"https:\\\/\\\/graphimarket.com\\\/wp-content\\\/uploads\\\/2020\\\/08\\\/logo-48.png\",\"contentUrl\":\"https:\\\/\\\/graphimarket.com\\\/wp-content\\\/uploads\\\/2020\\\/08\\\/logo-48.png\",\"width\":132,\"height\":48,\"caption\":\"Graphimarket\"},\"image\":{\"@id\":\"https:\\\/\\\/graphimarket.com\\\/fr\\\/#\\\/schema\\\/logo\\\/image\\\/\"}}]}<\/script>\n<!-- \/ Yoast SEO plugin. -->","yoast_head_json":{"title":"Kit de medios de blog financiero PowerPoint de 10 p\u00e1ginas - Graphimarket","description":"Kit de medios para blogs financieros | 10 p\u00e1ginas | P\u00e1ginas de PowerPoint incluidas: * Portada * Declaraci\u00f3n de la misi\u00f3n * Acerca de la p\u00e1gina ....","robots":{"index":"index","follow":"follow","max-snippet":"max-snippet:-1","max-image-preview":"max-image-preview:large","max-video-preview":"max-video-preview:-1"},"canonical":"https:\/\/graphimarket.com\/es\/product\/financial-blog-media-kit-10-pages-powerpoint\/","og_locale":"es_ES","og_type":"article","og_title":"Financial Blog Media Kit 10 Pages PowerPoint - Graphimarket","og_description":"Financial Blog Media Kit | 10 Pages| PowerPointPages Included: *Cover Page *Mission Statement *About Page....","og_url":"https:\/\/graphimarket.com\/es\/product\/financial-blog-media-kit-10-pages-powerpoint\/","og_site_name":"Graphimarket","article_modified_time":"2022-12-19T07:59:32+00:00","og_image":[{"width":1200,"height":800,"url":"https:\/\/graphimarket.com\/wp-content\/uploads\/2021\/02\/bf313d86-2686-474c-b320-b9894426a2b8.jpg","type":"image\/jpeg"}],"twitter_card":"summary_large_image","schema":{"@context":"https:\/\/schema.org","@graph":[{"@type":"WebPage","@id":"https:\/\/graphimarket.com\/product\/financial-blog-media-kit-10-pages-powerpoint\/","url":"https:\/\/graphimarket.com\/product\/financial-blog-media-kit-10-pages-powerpoint\/","name":"Kit de medios de blog financiero PowerPoint de 10 p\u00e1ginas - Graphimarket","isPartOf":{"@id":"https:\/\/graphimarket.com\/fr\/#website"},"primaryImageOfPage":{"@id":"https:\/\/graphimarket.com\/product\/financial-blog-media-kit-10-pages-powerpoint\/#primaryimage"},"image":{"@id":"https:\/\/graphimarket.com\/product\/financial-blog-media-kit-10-pages-powerpoint\/#primaryimage"},"thumbnailUrl":"https:\/\/graphimarket.com\/wp-content\/uploads\/2021\/02\/bf313d86-2686-474c-b320-b9894426a2b8.jpg","datePublished":"2021-02-05T14:16:18+00:00","dateModified":"2022-12-19T07:59:32+00:00","description":"Kit de medios para blogs financieros | 10 p\u00e1ginas | P\u00e1ginas de PowerPoint incluidas: * Portada * Declaraci\u00f3n de la misi\u00f3n * Acerca de la p\u00e1gina ....","breadcrumb":{"@id":"https:\/\/graphimarket.com\/product\/financial-blog-media-kit-10-pages-powerpoint\/#breadcrumb"},"inLanguage":"es-ES","potentialAction":[{"@type":"ReadAction","target":["https:\/\/graphimarket.com\/product\/financial-blog-media-kit-10-pages-powerpoint\/"]}]},{"@type":"ImageObject","inLanguage":"es-ES","@id":"https:\/\/graphimarket.com\/product\/financial-blog-media-kit-10-pages-powerpoint\/#primaryimage","url":"https:\/\/graphimarket.com\/wp-content\/uploads\/2021\/02\/bf313d86-2686-474c-b320-b9894426a2b8.jpg","contentUrl":"https:\/\/graphimarket.com\/wp-content\/uploads\/2021\/02\/bf313d86-2686-474c-b320-b9894426a2b8.jpg","width":1200,"height":800},{"@type":"BreadcrumbList","@id":"https:\/\/graphimarket.com\/product\/financial-blog-media-kit-10-pages-powerpoint\/#breadcrumb","itemListElement":[{"@type":"ListItem","position":1,"name":"Home","item":"https:\/\/graphimarket.com\/es\/"},{"@type":"ListItem","position":2,"name":"Store","item":"https:\/\/graphimarket.com\/store\/"},{"@type":"ListItem","position":3,"name":"Financial Blog Media Kit 10 Pages PowerPoint"}]},{"@type":"WebSite","@id":"https:\/\/graphimarket.com\/fr\/#website","url":"https:\/\/graphimarket.com\/fr\/","name":"Graphimarket","description":"Encuentre el activo creativo perfecto para darle vida a su proyecto","publisher":{"@id":"https:\/\/graphimarket.com\/fr\/#organization"},"potentialAction":[{"@type":"SearchAction","target":{"@type":"EntryPoint","urlTemplate":"https:\/\/graphimarket.com\/fr\/?s={search_term_string}"},"query-input":{"@type":"PropertyValueSpecification","valueRequired":true,"valueName":"search_term_string"}}],"inLanguage":"es-ES"},{"@type":"Organization","@id":"https:\/\/graphimarket.com\/fr\/#organization","name":"Graphimarket","url":"https:\/\/graphimarket.com\/fr\/","logo":{"@type":"ImageObject","inLanguage":"es-ES","@id":"https:\/\/graphimarket.com\/fr\/#\/schema\/logo\/image\/","url":"https:\/\/graphimarket.com\/wp-content\/uploads\/2020\/08\/logo-48.png","contentUrl":"https:\/\/graphimarket.com\/wp-content\/uploads\/2020\/08\/logo-48.png","width":132,"height":48,"caption":"Graphimarket"},"image":{"@id":"https:\/\/graphimarket.com\/fr\/#\/schema\/logo\/image\/"}}]}},"_links":{"self":[{"href":"http:\/\/graphimarket.com\/es\/wp-json\/wp\/v2\/product\/15830","targetHints":{"allow":["GET"]}}],"collection":[{"href":"http:\/\/graphimarket.com\/es\/wp-json\/wp\/v2\/product"}],"about":[{"href":"http:\/\/graphimarket.com\/es\/wp-json\/wp\/v2\/types\/product"}],"replies":[{"embeddable":true,"href":"http:\/\/graphimarket.com\/es\/wp-json\/wp\/v2\/comments?post=15830"}],"version-history":[{"count":0,"href":"http:\/\/graphimarket.com\/es\/wp-json\/wp\/v2\/product\/15830\/revisions"}],"wp:featuredmedia":[{"embeddable":true,"href":"http:\/\/graphimarket.com\/es\/wp-json\/wp\/v2\/media\/15831"}],"wp:attachment":[{"href":"http:\/\/graphimarket.com\/es\/wp-json\/wp\/v2\/media?parent=15830"}],"wp:term":[{"taxonomy":"product_brand","embeddable":true,"href":"http:\/\/graphimarket.com\/es\/wp-json\/wp\/v2\/product_brand?post=15830"},{"taxonomy":"product_cat","embeddable":true,"href":"http:\/\/graphimarket.com\/es\/wp-json\/wp\/v2\/product_cat?post=15830"},{"taxonomy":"product_tag","embeddable":true,"href":"http:\/\/graphimarket.com\/es\/wp-json\/wp\/v2\/product_tag?post=15830"}],"curies":[{"name":"wp","href":"https:\/\/api.w.org\/{rel}","templated":true}]}}