{"id":16096,"date":"2021-03-11T18:24:09","date_gmt":"2021-03-11T17:24:09","guid":{"rendered":"https:\/\/graphimarket.com\/?post_type=product&#038;p=16096"},"modified":"2022-12-19T08:57:19","modified_gmt":"2022-12-19T07:57:19","slug":"glory-photoshop-action","status":"publish","type":"product","link":"http:\/\/graphimarket.com\/es\/product\/glory-photoshop-action\/","title":{"rendered":"Acci\u00f3n de Photoshop Glory"},"content":{"rendered":"<h2 id=\"item-description__glory-photoshop-action\">Acci\u00f3n de Photoshop Glory<\/h2>\n<p>This Photoshop tool will automatically create a striking lighting photo effect in Photoshop with only a few clicks. Whether you are a Photoshop beginner or professional, this tool will save lots of time. The end result gives you a fully layered and well-organized PSD file that you can customize and<\/p>\n<p>La acci\u00f3n ha sido probada y funcionando en Photoshop.\u00a0<strong>CS3,CS4,CS5,CS6,CC,CC 2015.5,CC 2017,CC 2018, CC 2019+<\/strong><\/p>\n<p><strong>Importante saber<\/strong><\/p>\n<ul>\n<li>Aseg\u00farese de que est\u00e1 utilizando\u00a0<a href=\"https:\/\/graphimarket.com\/es\/2021\/01\/12\/change-the-language-of-your-creative-cloud-apps\/\" target=\"_blank\" rel=\"noopener\">Versi\u00f3n inglesa de Photoshop<\/a>\u00a0para ejecutar la acci\u00f3n. Todas las acciones de Sevenstyles solo funcionar\u00e1n en la versi\u00f3n en ingl\u00e9s de Photoshop.<\/li>\n<\/ul>\n<ul>\n<li>Compruebe que est\u00e1 utilizando una versi\u00f3n de Photoshop compatible con la Acci\u00f3n. Utilice fotograf\u00edas de alta resoluci\u00f3n con la Acci\u00f3n para obtener los mejores resultados y evitar errores. Una resoluci\u00f3n fotogr\u00e1fica \u00f3ptima es de 2000px a 4500px.<\/li>\n<\/ul>\n<ul>\n<li>Con Adobe Creative Cloud, puede instalar\u00a0<a href=\"https:\/\/graphimarket.com\/es\/2021\/01\/12\/how-to-install-previous-versions-of-your-creative-cloud-apps\/\" target=\"_blank\" rel=\"noopener\">m\u00faltiples versiones de Photoshop<\/a>. Si le gusta esta acci\u00f3n pero no es compatible con su versi\u00f3n de Photoshop, siempre puede instalar una versi\u00f3n adicional de Photoshop para ejecutar la acci\u00f3n. Una vez que se haya probado una acci\u00f3n y est\u00e9 funcionando en una versi\u00f3n de Photoshop, funcionar\u00e1 para siempre.<\/li>\n<\/ul>\n<ul>\n<li>Utilice im\u00e1genes Jpeg para ejecutar la acci\u00f3n. Otros tipos de archivos como TIFF, BMP, PNG, PSD pueden causar problemas con las acciones, ya que Photoshop desactiva varias funciones para diferentes tipos de archivos.<\/li>\n<\/ul>\n<ul>\n<li>Si una acci\u00f3n de Sevenstyles incluye un archivo de pincel (.abr), patr\u00f3n (.pat) o formas (.csh) en la descarga, entonces debe cargarse en Photoshop antes de reproducir la acci\u00f3n.<\/li>\n<\/ul>\n<ul>\n<li>Evite usar la acci\u00f3n en logotipos o im\u00e1genes de estilo clip art, ya que la falta de detalle y contraste de color puede provocar errores.<\/li>\n<\/ul>\n<p><a href=\"https:\/\/www.youtube.com\/watch?v=DHQiT5QDRcQ\" target=\"_blank\" rel=\"noopener\">Tutorial\u00a0<\/a><\/p>\n<p><img fetchpriority=\"high\" decoding=\"async\" class=\"alignnone size-full wp-image-16097\" src=\"https:\/\/graphimarket.com\/wp-content\/uploads\/2021\/03\/ANGLE5.jpg\" alt=\"\" width=\"1563\" height=\"2428\" srcset=\"https:\/\/graphimarket.com\/wp-content\/uploads\/2021\/03\/ANGLE5.jpg 1563w, https:\/\/graphimarket.com\/wp-content\/uploads\/2021\/03\/ANGLE5-193x300.jpg 193w, https:\/\/graphimarket.com\/wp-content\/uploads\/2021\/03\/ANGLE5-659x1024.jpg 659w, https:\/\/graphimarket.com\/wp-content\/uploads\/2021\/03\/ANGLE5-768x1193.jpg 768w, https:\/\/graphimarket.com\/wp-content\/uploads\/2021\/03\/ANGLE5-989x1536.jpg 989w, https:\/\/graphimarket.com\/wp-content\/uploads\/2021\/03\/ANGLE5-1318x2048.jpg 1318w, https:\/\/graphimarket.com\/wp-content\/uploads\/2021\/03\/ANGLE5-8x12.jpg 8w, https:\/\/graphimarket.com\/wp-content\/uploads\/2021\/03\/ANGLE5-1320x2051.jpg 1320w, https:\/\/graphimarket.com\/wp-content\/uploads\/2021\/03\/ANGLE5-600x932.jpg 600w\" sizes=\"(max-width: 1563px) 100vw, 1563px\" \/> <img decoding=\"async\" class=\"alignnone size-full wp-image-16098\" src=\"https:\/\/graphimarket.com\/wp-content\/uploads\/2021\/03\/Archer-scaled.jpg\" alt=\"\" width=\"1707\" height=\"2560\" srcset=\"https:\/\/graphimarket.com\/wp-content\/uploads\/2021\/03\/Archer-scaled.jpg 1707w, https:\/\/graphimarket.com\/wp-content\/uploads\/2021\/03\/Archer-200x300.jpg 200w, https:\/\/graphimarket.com\/wp-content\/uploads\/2021\/03\/Archer-683x1024.jpg 683w, https:\/\/graphimarket.com\/wp-content\/uploads\/2021\/03\/Archer-768x1152.jpg 768w, https:\/\/graphimarket.com\/wp-content\/uploads\/2021\/03\/Archer-1024x1536.jpg 1024w, https:\/\/graphimarket.com\/wp-content\/uploads\/2021\/03\/Archer-1365x2048.jpg 1365w, https:\/\/graphimarket.com\/wp-content\/uploads\/2021\/03\/Archer-8x12.jpg 8w, https:\/\/graphimarket.com\/wp-content\/uploads\/2021\/03\/Archer-1320x1980.jpg 1320w, https:\/\/graphimarket.com\/wp-content\/uploads\/2021\/03\/Archer-600x900.jpg 600w\" sizes=\"(max-width: 1707px) 100vw, 1707px\" \/> <img decoding=\"async\" class=\"alignnone size-full wp-image-16099\" src=\"https:\/\/graphimarket.com\/wp-content\/uploads\/2021\/03\/AxeMan.jpg\" alt=\"\" width=\"1421\" height=\"2380\" srcset=\"https:\/\/graphimarket.com\/wp-content\/uploads\/2021\/03\/AxeMan.jpg 1421w, https:\/\/graphimarket.com\/wp-content\/uploads\/2021\/03\/AxeMan-179x300.jpg 179w, https:\/\/graphimarket.com\/wp-content\/uploads\/2021\/03\/AxeMan-611x1024.jpg 611w, https:\/\/graphimarket.com\/wp-content\/uploads\/2021\/03\/AxeMan-768x1286.jpg 768w, https:\/\/graphimarket.com\/wp-content\/uploads\/2021\/03\/AxeMan-917x1536.jpg 917w, https:\/\/graphimarket.com\/wp-content\/uploads\/2021\/03\/AxeMan-1223x2048.jpg 1223w, https:\/\/graphimarket.com\/wp-content\/uploads\/2021\/03\/AxeMan-7x12.jpg 7w, https:\/\/graphimarket.com\/wp-content\/uploads\/2021\/03\/AxeMan-1320x2211.jpg 1320w, https:\/\/graphimarket.com\/wp-content\/uploads\/2021\/03\/AxeMan-600x1005.jpg 600w\" sizes=\"(max-width: 1421px) 100vw, 1421px\" \/> <img loading=\"lazy\" decoding=\"async\" class=\"alignnone size-full wp-image-16100\" src=\"https:\/\/graphimarket.com\/wp-content\/uploads\/2021\/03\/Basketballer1.jpg\" alt=\"\" width=\"1584\" height=\"2376\" srcset=\"https:\/\/graphimarket.com\/wp-content\/uploads\/2021\/03\/Basketballer1.jpg 1584w, https:\/\/graphimarket.com\/wp-content\/uploads\/2021\/03\/Basketballer1-200x300.jpg 200w, https:\/\/graphimarket.com\/wp-content\/uploads\/2021\/03\/Basketballer1-683x1024.jpg 683w, https:\/\/graphimarket.com\/wp-content\/uploads\/2021\/03\/Basketballer1-768x1152.jpg 768w, https:\/\/graphimarket.com\/wp-content\/uploads\/2021\/03\/Basketballer1-1024x1536.jpg 1024w, https:\/\/graphimarket.com\/wp-content\/uploads\/2021\/03\/Basketballer1-1365x2048.jpg 1365w, https:\/\/graphimarket.com\/wp-content\/uploads\/2021\/03\/Basketballer1-8x12.jpg 8w, https:\/\/graphimarket.com\/wp-content\/uploads\/2021\/03\/Basketballer1-1320x1980.jpg 1320w, https:\/\/graphimarket.com\/wp-content\/uploads\/2021\/03\/Basketballer1-600x900.jpg 600w\" sizes=\"(max-width: 1584px) 100vw, 1584px\" \/> <img loading=\"lazy\" decoding=\"async\" class=\"alignnone size-full wp-image-16101\" src=\"https:\/\/graphimarket.com\/wp-content\/uploads\/2021\/03\/BeardPortrait.jpg\" alt=\"\" width=\"2208\" height=\"2208\" srcset=\"https:\/\/graphimarket.com\/wp-content\/uploads\/2021\/03\/BeardPortrait.jpg 2208w, https:\/\/graphimarket.com\/wp-content\/uploads\/2021\/03\/BeardPortrait-300x300.jpg 300w, https:\/\/graphimarket.com\/wp-content\/uploads\/2021\/03\/BeardPortrait-1024x1024.jpg 1024w, https:\/\/graphimarket.com\/wp-content\/uploads\/2021\/03\/BeardPortrait-150x150.jpg 150w, https:\/\/graphimarket.com\/wp-content\/uploads\/2021\/03\/BeardPortrait-768x768.jpg 768w, https:\/\/graphimarket.com\/wp-content\/uploads\/2021\/03\/BeardPortrait-1536x1536.jpg 1536w, https:\/\/graphimarket.com\/wp-content\/uploads\/2021\/03\/BeardPortrait-2048x2048.jpg 2048w, https:\/\/graphimarket.com\/wp-content\/uploads\/2021\/03\/BeardPortrait-12x12.jpg 12w, https:\/\/graphimarket.com\/wp-content\/uploads\/2021\/03\/BeardPortrait-1320x1320.jpg 1320w, https:\/\/graphimarket.com\/wp-content\/uploads\/2021\/03\/BeardPortrait-600x600.jpg 600w, https:\/\/graphimarket.com\/wp-content\/uploads\/2021\/03\/BeardPortrait-100x100.jpg 100w\" sizes=\"(max-width: 2208px) 100vw, 2208px\" \/> <img loading=\"lazy\" decoding=\"async\" class=\"alignnone size-full wp-image-16102\" src=\"https:\/\/graphimarket.com\/wp-content\/uploads\/2021\/03\/Boxer.jpg\" alt=\"\" width=\"2070\" height=\"1789\" srcset=\"https:\/\/graphimarket.com\/wp-content\/uploads\/2021\/03\/Boxer.jpg 2070w, https:\/\/graphimarket.com\/wp-content\/uploads\/2021\/03\/Boxer-300x259.jpg 300w, https:\/\/graphimarket.com\/wp-content\/uploads\/2021\/03\/Boxer-1024x885.jpg 1024w, https:\/\/graphimarket.com\/wp-content\/uploads\/2021\/03\/Boxer-768x664.jpg 768w, https:\/\/graphimarket.com\/wp-content\/uploads\/2021\/03\/Boxer-1536x1327.jpg 1536w, https:\/\/graphimarket.com\/wp-content\/uploads\/2021\/03\/Boxer-2048x1770.jpg 2048w, https:\/\/graphimarket.com\/wp-content\/uploads\/2021\/03\/Boxer-14x12.jpg 14w, https:\/\/graphimarket.com\/wp-content\/uploads\/2021\/03\/Boxer-1320x1141.jpg 1320w, https:\/\/graphimarket.com\/wp-content\/uploads\/2021\/03\/Boxer-600x519.jpg 600w\" sizes=\"(max-width: 2070px) 100vw, 2070px\" \/> <img loading=\"lazy\" decoding=\"async\" class=\"alignnone size-full wp-image-16103\" src=\"https:\/\/graphimarket.com\/wp-content\/uploads\/2021\/03\/ANGLE1.jpg\" alt=\"\" width=\"1563\" height=\"2428\" srcset=\"https:\/\/graphimarket.com\/wp-content\/uploads\/2021\/03\/ANGLE1.jpg 1563w, https:\/\/graphimarket.com\/wp-content\/uploads\/2021\/03\/ANGLE1-193x300.jpg 193w, https:\/\/graphimarket.com\/wp-content\/uploads\/2021\/03\/ANGLE1-659x1024.jpg 659w, https:\/\/graphimarket.com\/wp-content\/uploads\/2021\/03\/ANGLE1-768x1193.jpg 768w, https:\/\/graphimarket.com\/wp-content\/uploads\/2021\/03\/ANGLE1-989x1536.jpg 989w, https:\/\/graphimarket.com\/wp-content\/uploads\/2021\/03\/ANGLE1-1318x2048.jpg 1318w, https:\/\/graphimarket.com\/wp-content\/uploads\/2021\/03\/ANGLE1-8x12.jpg 8w, https:\/\/graphimarket.com\/wp-content\/uploads\/2021\/03\/ANGLE1-1320x2051.jpg 1320w, https:\/\/graphimarket.com\/wp-content\/uploads\/2021\/03\/ANGLE1-600x932.jpg 600w\" sizes=\"(max-width: 1563px) 100vw, 1563px\" \/> <img loading=\"lazy\" decoding=\"async\" class=\"alignnone size-full wp-image-16104\" src=\"https:\/\/graphimarket.com\/wp-content\/uploads\/2021\/03\/ANGLE2.jpg\" alt=\"\" width=\"1563\" height=\"2428\" srcset=\"https:\/\/graphimarket.com\/wp-content\/uploads\/2021\/03\/ANGLE2.jpg 1563w, https:\/\/graphimarket.com\/wp-content\/uploads\/2021\/03\/ANGLE2-193x300.jpg 193w, https:\/\/graphimarket.com\/wp-content\/uploads\/2021\/03\/ANGLE2-659x1024.jpg 659w, https:\/\/graphimarket.com\/wp-content\/uploads\/2021\/03\/ANGLE2-768x1193.jpg 768w, https:\/\/graphimarket.com\/wp-content\/uploads\/2021\/03\/ANGLE2-989x1536.jpg 989w, https:\/\/graphimarket.com\/wp-content\/uploads\/2021\/03\/ANGLE2-1318x2048.jpg 1318w, https:\/\/graphimarket.com\/wp-content\/uploads\/2021\/03\/ANGLE2-8x12.jpg 8w, https:\/\/graphimarket.com\/wp-content\/uploads\/2021\/03\/ANGLE2-1320x2051.jpg 1320w, https:\/\/graphimarket.com\/wp-content\/uploads\/2021\/03\/ANGLE2-600x932.jpg 600w\" sizes=\"(max-width: 1563px) 100vw, 1563px\" \/> <img loading=\"lazy\" decoding=\"async\" class=\"alignnone size-full wp-image-16105\" src=\"https:\/\/graphimarket.com\/wp-content\/uploads\/2021\/03\/ANGLE4.jpg\" alt=\"\" width=\"1563\" height=\"2428\" srcset=\"https:\/\/graphimarket.com\/wp-content\/uploads\/2021\/03\/ANGLE4.jpg 1563w, https:\/\/graphimarket.com\/wp-content\/uploads\/2021\/03\/ANGLE4-193x300.jpg 193w, https:\/\/graphimarket.com\/wp-content\/uploads\/2021\/03\/ANGLE4-659x1024.jpg 659w, https:\/\/graphimarket.com\/wp-content\/uploads\/2021\/03\/ANGLE4-768x1193.jpg 768w, https:\/\/graphimarket.com\/wp-content\/uploads\/2021\/03\/ANGLE4-989x1536.jpg 989w, https:\/\/graphimarket.com\/wp-content\/uploads\/2021\/03\/ANGLE4-1318x2048.jpg 1318w, https:\/\/graphimarket.com\/wp-content\/uploads\/2021\/03\/ANGLE4-8x12.jpg 8w, https:\/\/graphimarket.com\/wp-content\/uploads\/2021\/03\/ANGLE4-1320x2051.jpg 1320w, https:\/\/graphimarket.com\/wp-content\/uploads\/2021\/03\/ANGLE4-600x932.jpg 600w\" sizes=\"(max-width: 1563px) 100vw, 1563px\" \/><\/p>\n<p>&nbsp;<\/p>","protected":false},"excerpt":{"rendered":"<p>Glory Photoshop Action This Photoshop tool will automatically create a striking lighting photo effect in Photoshop with only a few clicks. Whether you are a Photoshop beginner or professional, this tool will save lots of time. The end result gives you a fully layered and well-organized PSD file that you can customize and The action [&hellip;]<\/p>\n","protected":false},"featured_media":16102,"comment_status":"open","ping_status":"closed","template":"","meta":{"site-sidebar-layout":"default","site-content-layout":"default","ast-site-content-layout":"default","site-content-style":"default","site-sidebar-style":"default","ast-global-header-display":"","ast-banner-title-visibility":"","ast-main-header-display":"","ast-hfb-above-header-display":"","ast-hfb-below-header-display":"","ast-hfb-mobile-header-display":"","site-post-title":"","ast-breadcrumbs-content":"","ast-featured-img":"","footer-sml-layout":"","ast-disable-related-posts":"","theme-transparent-header-meta":"default","adv-header-id-meta":"","stick-header-meta":"","header-above-stick-meta":"","header-main-stick-meta":"","header-below-stick-meta":"","astra-migrate-meta-layouts":"default","ast-page-background-enabled":"default","ast-page-background-meta":{"desktop":{"background-color":"","background-image":"","background-repeat":"repeat","background-position":"center center","background-size":"auto","background-attachment":"scroll","background-type":"","background-media":"","overlay-type":"","overlay-color":"","overlay-opacity":"","overlay-gradient":""},"tablet":{"background-color":"","background-image":"","background-repeat":"repeat","background-position":"center center","background-size":"auto","background-attachment":"scroll","background-type":"","background-media":"","overlay-type":"","overlay-color":"","overlay-opacity":"","overlay-gradient":""},"mobile":{"background-color":"","background-image":"","background-repeat":"repeat","background-position":"center center","background-size":"auto","background-attachment":"scroll","background-type":"","background-media":"","overlay-type":"","overlay-color":"","overlay-opacity":"","overlay-gradient":""}},"ast-content-background-meta":{"desktop":{"background-color":"var(--ast-global-color-5)","background-image":"","background-repeat":"repeat","background-position":"center center","background-size":"auto","background-attachment":"scroll","background-type":"","background-media":"","overlay-type":"","overlay-color":"","overlay-opacity":"","overlay-gradient":""},"tablet":{"background-color":"var(--ast-global-color-5)","background-image":"","background-repeat":"repeat","background-position":"center center","background-size":"auto","background-attachment":"scroll","background-type":"","background-media":"","overlay-type":"","overlay-color":"","overlay-opacity":"","overlay-gradient":""},"mobile":{"background-color":"var(--ast-global-color-5)","background-image":"","background-repeat":"repeat","background-position":"center center","background-size":"auto","background-attachment":"scroll","background-type":"","background-media":"","overlay-type":"","overlay-color":"","overlay-opacity":"","overlay-gradient":""}}},"product_brand":[],"product_cat":[196,97,144,195,146],"product_tag":[485,1386,1897,274,1288,1890,240,784],"class_list":{"0":"post-16096","1":"product","2":"type-product","3":"status-publish","4":"has-post-thumbnail","6":"product_cat-actions","7":"product_cat-addons","8":"product_cat-photo-editor","9":"product_cat-photoshop","10":"product_cat-photoshop-action","11":"product_tag-addon","12":"product_tag-adobe","13":"product_tag-editor","14":"product_tag-effect","15":"product_tag-glory","16":"product_tag-mac","17":"product_tag-ps","18":"product_tag-windows","19":"desktop-align-left","20":"tablet-align-left","21":"mobile-align-left","23":"first","24":"instock","25":"downloadable","26":"virtual","27":"taxable","28":"purchasable","29":"product-type-simple"},"yoast_head":"<!-- This site is optimized with the Yoast SEO plugin v27.3 - https:\/\/yoast.com\/product\/yoast-seo-wordpress\/ -->\n<title>Glory Photoshop Action - Graphimarket<\/title>\n<meta name=\"description\" content=\"This Photoshop tool will automatically create a striking lighting photo effect in Photoshop with only a few clicks..\" \/>\n<meta name=\"robots\" content=\"index, follow, max-snippet:-1, max-image-preview:large, max-video-preview:-1\" \/>\n<link rel=\"canonical\" href=\"https:\/\/graphimarket.com\/es\/product\/glory-photoshop-action\/\" \/>\n<meta property=\"og:locale\" content=\"es_ES\" \/>\n<meta property=\"og:type\" content=\"article\" \/>\n<meta property=\"og:title\" content=\"Glory Photoshop Action - Graphimarket\" \/>\n<meta property=\"og:description\" content=\"This Photoshop tool will automatically create a striking lighting photo effect in Photoshop with only a few clicks..\" \/>\n<meta property=\"og:url\" content=\"https:\/\/graphimarket.com\/es\/product\/glory-photoshop-action\/\" \/>\n<meta property=\"og:site_name\" content=\"Graphimarket\" \/>\n<meta property=\"article:modified_time\" content=\"2022-12-19T07:57:19+00:00\" \/>\n<meta property=\"og:image\" content=\"https:\/\/graphimarket.com\/wp-content\/uploads\/2021\/03\/Boxer.jpg\" \/>\n\t<meta property=\"og:image:width\" content=\"2070\" \/>\n\t<meta property=\"og:image:height\" content=\"1789\" \/>\n\t<meta property=\"og:image:type\" content=\"image\/jpeg\" \/>\n<meta name=\"twitter:card\" content=\"summary_large_image\" \/>\n<meta name=\"twitter:label1\" content=\"Est. reading time\" \/>\n\t<meta name=\"twitter:data1\" content=\"1 minute\" \/>\n<script type=\"application\/ld+json\" class=\"yoast-schema-graph\">{\"@context\":\"https:\\\/\\\/schema.org\",\"@graph\":[{\"@type\":\"WebPage\",\"@id\":\"https:\\\/\\\/graphimarket.com\\\/de\\\/product\\\/glory-photoshop-action\\\/\",\"url\":\"https:\\\/\\\/graphimarket.com\\\/de\\\/product\\\/glory-photoshop-action\\\/\",\"name\":\"Glory Photoshop Action - Graphimarket\",\"isPartOf\":{\"@id\":\"https:\\\/\\\/graphimarket.com\\\/fr\\\/#website\"},\"primaryImageOfPage\":{\"@id\":\"https:\\\/\\\/graphimarket.com\\\/de\\\/product\\\/glory-photoshop-action\\\/#primaryimage\"},\"image\":{\"@id\":\"https:\\\/\\\/graphimarket.com\\\/de\\\/product\\\/glory-photoshop-action\\\/#primaryimage\"},\"thumbnailUrl\":\"https:\\\/\\\/graphimarket.com\\\/wp-content\\\/uploads\\\/2021\\\/03\\\/Boxer.jpg\",\"datePublished\":\"2021-03-11T17:24:09+00:00\",\"dateModified\":\"2022-12-19T07:57:19+00:00\",\"description\":\"This Photoshop tool will automatically create a striking lighting photo effect in Photoshop with only a few clicks..\",\"breadcrumb\":{\"@id\":\"https:\\\/\\\/graphimarket.com\\\/de\\\/product\\\/glory-photoshop-action\\\/#breadcrumb\"},\"inLanguage\":\"es-ES\",\"potentialAction\":[{\"@type\":\"ReadAction\",\"target\":[\"https:\\\/\\\/graphimarket.com\\\/de\\\/product\\\/glory-photoshop-action\\\/\"]}]},{\"@type\":\"ImageObject\",\"inLanguage\":\"es-ES\",\"@id\":\"https:\\\/\\\/graphimarket.com\\\/de\\\/product\\\/glory-photoshop-action\\\/#primaryimage\",\"url\":\"https:\\\/\\\/graphimarket.com\\\/wp-content\\\/uploads\\\/2021\\\/03\\\/Boxer.jpg\",\"contentUrl\":\"https:\\\/\\\/graphimarket.com\\\/wp-content\\\/uploads\\\/2021\\\/03\\\/Boxer.jpg\",\"width\":2070,\"height\":1789},{\"@type\":\"BreadcrumbList\",\"@id\":\"https:\\\/\\\/graphimarket.com\\\/de\\\/product\\\/glory-photoshop-action\\\/#breadcrumb\",\"itemListElement\":[{\"@type\":\"ListItem\",\"position\":1,\"name\":\"Home\",\"item\":\"https:\\\/\\\/graphimarket.com\\\/es\\\/\"},{\"@type\":\"ListItem\",\"position\":2,\"name\":\"Store\",\"item\":\"https:\\\/\\\/graphimarket.com\\\/store\\\/\"},{\"@type\":\"ListItem\",\"position\":3,\"name\":\"Glory Photoshop Action\"}]},{\"@type\":\"WebSite\",\"@id\":\"https:\\\/\\\/graphimarket.com\\\/fr\\\/#website\",\"url\":\"https:\\\/\\\/graphimarket.com\\\/fr\\\/\",\"name\":\"Graphimarket\",\"description\":\"Find the perfect creative asset to bring your project to life\",\"publisher\":{\"@id\":\"https:\\\/\\\/graphimarket.com\\\/fr\\\/#organization\"},\"potentialAction\":[{\"@type\":\"SearchAction\",\"target\":{\"@type\":\"EntryPoint\",\"urlTemplate\":\"https:\\\/\\\/graphimarket.com\\\/fr\\\/?s={search_term_string}\"},\"query-input\":{\"@type\":\"PropertyValueSpecification\",\"valueRequired\":true,\"valueName\":\"search_term_string\"}}],\"inLanguage\":\"es-ES\"},{\"@type\":\"Organization\",\"@id\":\"https:\\\/\\\/graphimarket.com\\\/fr\\\/#organization\",\"name\":\"Graphimarket\",\"url\":\"https:\\\/\\\/graphimarket.com\\\/fr\\\/\",\"logo\":{\"@type\":\"ImageObject\",\"inLanguage\":\"es-ES\",\"@id\":\"https:\\\/\\\/graphimarket.com\\\/fr\\\/#\\\/schema\\\/logo\\\/image\\\/\",\"url\":\"https:\\\/\\\/graphimarket.com\\\/wp-content\\\/uploads\\\/2020\\\/08\\\/logo-48.png\",\"contentUrl\":\"https:\\\/\\\/graphimarket.com\\\/wp-content\\\/uploads\\\/2020\\\/08\\\/logo-48.png\",\"width\":132,\"height\":48,\"caption\":\"Graphimarket\"},\"image\":{\"@id\":\"https:\\\/\\\/graphimarket.com\\\/fr\\\/#\\\/schema\\\/logo\\\/image\\\/\"}}]}<\/script>\n<!-- \/ Yoast SEO plugin. -->","yoast_head_json":{"title":"Glory Photoshop Action - Graphimarket","description":"This Photoshop tool will automatically create a striking lighting photo effect in Photoshop with only a few clicks..","robots":{"index":"index","follow":"follow","max-snippet":"max-snippet:-1","max-image-preview":"max-image-preview:large","max-video-preview":"max-video-preview:-1"},"canonical":"https:\/\/graphimarket.com\/es\/product\/glory-photoshop-action\/","og_locale":"es_ES","og_type":"article","og_title":"Glory Photoshop Action - Graphimarket","og_description":"This Photoshop tool will automatically create a striking lighting photo effect in Photoshop with only a few clicks..","og_url":"https:\/\/graphimarket.com\/es\/product\/glory-photoshop-action\/","og_site_name":"Graphimarket","article_modified_time":"2022-12-19T07:57:19+00:00","og_image":[{"width":2070,"height":1789,"url":"https:\/\/graphimarket.com\/wp-content\/uploads\/2021\/03\/Boxer.jpg","type":"image\/jpeg"}],"twitter_card":"summary_large_image","twitter_misc":{"Est. reading time":"1 minute"},"schema":{"@context":"https:\/\/schema.org","@graph":[{"@type":"WebPage","@id":"https:\/\/graphimarket.com\/de\/product\/glory-photoshop-action\/","url":"https:\/\/graphimarket.com\/de\/product\/glory-photoshop-action\/","name":"Glory Photoshop Action - Graphimarket","isPartOf":{"@id":"https:\/\/graphimarket.com\/fr\/#website"},"primaryImageOfPage":{"@id":"https:\/\/graphimarket.com\/de\/product\/glory-photoshop-action\/#primaryimage"},"image":{"@id":"https:\/\/graphimarket.com\/de\/product\/glory-photoshop-action\/#primaryimage"},"thumbnailUrl":"https:\/\/graphimarket.com\/wp-content\/uploads\/2021\/03\/Boxer.jpg","datePublished":"2021-03-11T17:24:09+00:00","dateModified":"2022-12-19T07:57:19+00:00","description":"This Photoshop tool will automatically create a striking lighting photo effect in Photoshop with only a few clicks..","breadcrumb":{"@id":"https:\/\/graphimarket.com\/de\/product\/glory-photoshop-action\/#breadcrumb"},"inLanguage":"es-ES","potentialAction":[{"@type":"ReadAction","target":["https:\/\/graphimarket.com\/de\/product\/glory-photoshop-action\/"]}]},{"@type":"ImageObject","inLanguage":"es-ES","@id":"https:\/\/graphimarket.com\/de\/product\/glory-photoshop-action\/#primaryimage","url":"https:\/\/graphimarket.com\/wp-content\/uploads\/2021\/03\/Boxer.jpg","contentUrl":"https:\/\/graphimarket.com\/wp-content\/uploads\/2021\/03\/Boxer.jpg","width":2070,"height":1789},{"@type":"BreadcrumbList","@id":"https:\/\/graphimarket.com\/de\/product\/glory-photoshop-action\/#breadcrumb","itemListElement":[{"@type":"ListItem","position":1,"name":"Home","item":"https:\/\/graphimarket.com\/es\/"},{"@type":"ListItem","position":2,"name":"Store","item":"https:\/\/graphimarket.com\/store\/"},{"@type":"ListItem","position":3,"name":"Glory Photoshop Action"}]},{"@type":"WebSite","@id":"https:\/\/graphimarket.com\/fr\/#website","url":"https:\/\/graphimarket.com\/fr\/","name":"Graphimarket","description":"Encuentre el activo creativo perfecto para darle vida a su proyecto","publisher":{"@id":"https:\/\/graphimarket.com\/fr\/#organization"},"potentialAction":[{"@type":"SearchAction","target":{"@type":"EntryPoint","urlTemplate":"https:\/\/graphimarket.com\/fr\/?s={search_term_string}"},"query-input":{"@type":"PropertyValueSpecification","valueRequired":true,"valueName":"search_term_string"}}],"inLanguage":"es-ES"},{"@type":"Organization","@id":"https:\/\/graphimarket.com\/fr\/#organization","name":"Graphimarket","url":"https:\/\/graphimarket.com\/fr\/","logo":{"@type":"ImageObject","inLanguage":"es-ES","@id":"https:\/\/graphimarket.com\/fr\/#\/schema\/logo\/image\/","url":"https:\/\/graphimarket.com\/wp-content\/uploads\/2020\/08\/logo-48.png","contentUrl":"https:\/\/graphimarket.com\/wp-content\/uploads\/2020\/08\/logo-48.png","width":132,"height":48,"caption":"Graphimarket"},"image":{"@id":"https:\/\/graphimarket.com\/fr\/#\/schema\/logo\/image\/"}}]}},"_links":{"self":[{"href":"http:\/\/graphimarket.com\/es\/wp-json\/wp\/v2\/product\/16096","targetHints":{"allow":["GET"]}}],"collection":[{"href":"http:\/\/graphimarket.com\/es\/wp-json\/wp\/v2\/product"}],"about":[{"href":"http:\/\/graphimarket.com\/es\/wp-json\/wp\/v2\/types\/product"}],"replies":[{"embeddable":true,"href":"http:\/\/graphimarket.com\/es\/wp-json\/wp\/v2\/comments?post=16096"}],"version-history":[{"count":0,"href":"http:\/\/graphimarket.com\/es\/wp-json\/wp\/v2\/product\/16096\/revisions"}],"wp:featuredmedia":[{"embeddable":true,"href":"http:\/\/graphimarket.com\/es\/wp-json\/wp\/v2\/media\/16102"}],"wp:attachment":[{"href":"http:\/\/graphimarket.com\/es\/wp-json\/wp\/v2\/media?parent=16096"}],"wp:term":[{"taxonomy":"product_brand","embeddable":true,"href":"http:\/\/graphimarket.com\/es\/wp-json\/wp\/v2\/product_brand?post=16096"},{"taxonomy":"product_cat","embeddable":true,"href":"http:\/\/graphimarket.com\/es\/wp-json\/wp\/v2\/product_cat?post=16096"},{"taxonomy":"product_tag","embeddable":true,"href":"http:\/\/graphimarket.com\/es\/wp-json\/wp\/v2\/product_tag?post=16096"}],"curies":[{"name":"wp","href":"https:\/\/api.w.org\/{rel}","templated":true}]}}