{"id":17156,"date":"2021-04-08T17:13:57","date_gmt":"2021-04-08T15:13:57","guid":{"rendered":"https:\/\/graphimarket.com\/?post_type=product&#038;p=17156"},"modified":"2026-04-08T23:13:12","modified_gmt":"2026-04-08T21:13:12","slug":"modernart-4-photoshop-action","status":"publish","type":"product","link":"http:\/\/graphimarket.com\/es\/product\/modernart-4-photoshop-action\/","title":{"rendered":"ModernArt 4 Acci\u00f3n de Photoshop"},"content":{"rendered":"<p id=\"item-description__modernart-4-photoshop-action\"><strong>ModernArt 4 Acci\u00f3n de Photoshop<\/strong><\/p>\n<p>Crea este efecto altamente detallado a partir de tus fotos con poco esfuerzo.\u00a0<strong>Each time you run the action you get a unique result!<\/strong>\u00a0Make sure to watch the\u00a0<a href=\"https:\/\/www.youtube.com\/watch?v=kIR8OVU_oQQ\" rel=\"nofollow\">tutorial de personalizaci\u00f3n<\/a>\u00a0on how to get the most out of this effect. The video tutorial is very important for those wanting to use the action on people as subjects.<\/p>\n<p>La acci\u00f3n ha sido probada y funcionando en Photoshop.\u00a0<strong>CS3, CS4, CS5, CS6, CC, CC 2015.5, CC 2017, CC 2018, CC 2019+<\/strong><\/p>\n<p><strong>Importante saber<\/strong><\/p>\n<ul>\n<li>Aseg\u00farese de que est\u00e1 utilizando\u00a0<a href=\"https:\/\/graphimarket.com\/es\/2021\/01\/12\/change-the-language-of-your-creative-cloud-apps\/\" target=\"_blank\" rel=\"noopener\">Versi\u00f3n inglesa de Photoshop<\/a>\u00a0para ejecutar la acci\u00f3n. Todas las acciones de Sevenstyles solo funcionar\u00e1n en la versi\u00f3n en ingl\u00e9s de Photoshop.<\/li>\n<\/ul>\n<ul>\n<li>Compruebe que est\u00e1 utilizando una versi\u00f3n de Photoshop compatible con Action.<\/li>\n<\/ul>\n<ul>\n<li>Utilice fotograf\u00edas de alta resoluci\u00f3n con Action para obtener los mejores resultados y evitar errores. Una resoluci\u00f3n fotogr\u00e1fica \u00f3ptima es de 2000px a 4500px.<\/li>\n<\/ul>\n<ul>\n<li>Con Adobe Creative Cloud, puede instalar\u00a0<a href=\"https:\/\/graphimarket.com\/es\/2021\/01\/12\/how-to-install-previous-versions-of-your-creative-cloud-apps\/\" target=\"_blank\" rel=\"noopener\">m\u00faltiples versiones de Photoshop<\/a>. Si le gusta esta acci\u00f3n pero no es compatible con su versi\u00f3n de Photoshop, siempre puede instalar una versi\u00f3n adicional de Photoshop para ejecutar la acci\u00f3n. Una vez que se haya probado una acci\u00f3n y est\u00e9 funcionando en una versi\u00f3n de Photoshop, funcionar\u00e1 para siempre.<\/li>\n<\/ul>\n<ul>\n<li>Utilice im\u00e1genes Jpeg para ejecutar la acci\u00f3n. Otros tipos de archivos como TIFF, BMP, PNG, PSD pueden causar problemas con las acciones, ya que Photoshop desactiva varias funciones para diferentes tipos de archivos.<\/li>\n<\/ul>\n<ul>\n<li>Si una acci\u00f3n de Sevenstyles incluye un archivo de pincel (.abr), patr\u00f3n (.pat) o formas (.csh) en la descarga, entonces debe cargarse en Photoshop antes de reproducir la acci\u00f3n.<\/li>\n<\/ul>\n<ul>\n<li>Evite usar la acci\u00f3n en logotipos o im\u00e1genes de estilo clip art, ya que la falta de detalle y contraste de color puede provocar errores.<\/li>\n<\/ul>\n<p><img fetchpriority=\"high\" decoding=\"async\" class=\"alignnone size-full wp-image-17157\" src=\"https:\/\/graphimarket.com\/wp-content\/uploads\/2021\/04\/BBaller_aa.jpg\" alt=\"\" width=\"1932\" height=\"2070\" srcset=\"https:\/\/graphimarket.com\/wp-content\/uploads\/2021\/04\/BBaller_aa.jpg 1932w, https:\/\/graphimarket.com\/wp-content\/uploads\/2021\/04\/BBaller_aa-280x300.jpg 280w, https:\/\/graphimarket.com\/wp-content\/uploads\/2021\/04\/BBaller_aa-956x1024.jpg 956w, https:\/\/graphimarket.com\/wp-content\/uploads\/2021\/04\/BBaller_aa-768x823.jpg 768w, https:\/\/graphimarket.com\/wp-content\/uploads\/2021\/04\/BBaller_aa-1434x1536.jpg 1434w, https:\/\/graphimarket.com\/wp-content\/uploads\/2021\/04\/BBaller_aa-1911x2048.jpg 1911w, https:\/\/graphimarket.com\/wp-content\/uploads\/2021\/04\/BBaller_aa-11x12.jpg 11w, https:\/\/graphimarket.com\/wp-content\/uploads\/2021\/04\/BBaller_aa-1320x1414.jpg 1320w, https:\/\/graphimarket.com\/wp-content\/uploads\/2021\/04\/BBaller_aa-600x643.jpg 600w\" sizes=\"(max-width: 1932px) 100vw, 1932px\" \/> <img decoding=\"async\" class=\"alignnone size-full wp-image-17158\" src=\"https:\/\/graphimarket.com\/wp-content\/uploads\/2021\/04\/ElegantWoman_aa.jpg\" alt=\"\" width=\"1355\" height=\"2070\" srcset=\"https:\/\/graphimarket.com\/wp-content\/uploads\/2021\/04\/ElegantWoman_aa.jpg 1355w, https:\/\/graphimarket.com\/wp-content\/uploads\/2021\/04\/ElegantWoman_aa-196x300.jpg 196w, https:\/\/graphimarket.com\/wp-content\/uploads\/2021\/04\/ElegantWoman_aa-670x1024.jpg 670w, https:\/\/graphimarket.com\/wp-content\/uploads\/2021\/04\/ElegantWoman_aa-768x1173.jpg 768w, https:\/\/graphimarket.com\/wp-content\/uploads\/2021\/04\/ElegantWoman_aa-1005x1536.jpg 1005w, https:\/\/graphimarket.com\/wp-content\/uploads\/2021\/04\/ElegantWoman_aa-1341x2048.jpg 1341w, https:\/\/graphimarket.com\/wp-content\/uploads\/2021\/04\/ElegantWoman_aa-8x12.jpg 8w, https:\/\/graphimarket.com\/wp-content\/uploads\/2021\/04\/ElegantWoman_aa-1320x2017.jpg 1320w, https:\/\/graphimarket.com\/wp-content\/uploads\/2021\/04\/ElegantWoman_aa-600x917.jpg 600w\" sizes=\"(max-width: 1355px) 100vw, 1355px\" \/><\/p>\n<p><img decoding=\"async\" class=\"size-full wp-image-17159\" src=\"https:\/\/graphimarket.com\/wp-content\/uploads\/2021\/04\/GirlHandsUp_aa.jpg\" alt=\"\" width=\"1024\" height=\"2070\" srcset=\"https:\/\/graphimarket.com\/wp-content\/uploads\/2021\/04\/GirlHandsUp_aa.jpg 1024w, https:\/\/graphimarket.com\/wp-content\/uploads\/2021\/04\/GirlHandsUp_aa-148x300.jpg 148w, https:\/\/graphimarket.com\/wp-content\/uploads\/2021\/04\/GirlHandsUp_aa-507x1024.jpg 507w, https:\/\/graphimarket.com\/wp-content\/uploads\/2021\/04\/GirlHandsUp_aa-768x1553.jpg 768w, https:\/\/graphimarket.com\/wp-content\/uploads\/2021\/04\/GirlHandsUp_aa-760x1536.jpg 760w, https:\/\/graphimarket.com\/wp-content\/uploads\/2021\/04\/GirlHandsUp_aa-1013x2048.jpg 1013w, https:\/\/graphimarket.com\/wp-content\/uploads\/2021\/04\/GirlHandsUp_aa-6x12.jpg 6w, https:\/\/graphimarket.com\/wp-content\/uploads\/2021\/04\/GirlHandsUp_aa-600x1213.jpg 600w\" sizes=\"(max-width: 1024px) 100vw, 1024px\" \/><\/p>\n<p><img loading=\"lazy\" decoding=\"async\" class=\"alignnone size-full wp-image-17160\" src=\"https:\/\/graphimarket.com\/wp-content\/uploads\/2021\/04\/GirlLeap1_aa.jpg\" alt=\"\" width=\"1380\" height=\"2070\" srcset=\"https:\/\/graphimarket.com\/wp-content\/uploads\/2021\/04\/GirlLeap1_aa.jpg 1380w, https:\/\/graphimarket.com\/wp-content\/uploads\/2021\/04\/GirlLeap1_aa-200x300.jpg 200w, https:\/\/graphimarket.com\/wp-content\/uploads\/2021\/04\/GirlLeap1_aa-683x1024.jpg 683w, https:\/\/graphimarket.com\/wp-content\/uploads\/2021\/04\/GirlLeap1_aa-768x1152.jpg 768w, https:\/\/graphimarket.com\/wp-content\/uploads\/2021\/04\/GirlLeap1_aa-1024x1536.jpg 1024w, https:\/\/graphimarket.com\/wp-content\/uploads\/2021\/04\/GirlLeap1_aa-1365x2048.jpg 1365w, https:\/\/graphimarket.com\/wp-content\/uploads\/2021\/04\/GirlLeap1_aa-8x12.jpg 8w, https:\/\/graphimarket.com\/wp-content\/uploads\/2021\/04\/GirlLeap1_aa-1320x1980.jpg 1320w, https:\/\/graphimarket.com\/wp-content\/uploads\/2021\/04\/GirlLeap1_aa-600x900.jpg 600w\" sizes=\"(max-width: 1380px) 100vw, 1380px\" \/> <img loading=\"lazy\" decoding=\"async\" class=\"alignnone size-full wp-image-17161\" src=\"https:\/\/graphimarket.com\/wp-content\/uploads\/2021\/04\/GirlLeap5.jpg\" alt=\"\" width=\"1153\" height=\"1730\" srcset=\"https:\/\/graphimarket.com\/wp-content\/uploads\/2021\/04\/GirlLeap5.jpg 1153w, https:\/\/graphimarket.com\/wp-content\/uploads\/2021\/04\/GirlLeap5-200x300.jpg 200w, https:\/\/graphimarket.com\/wp-content\/uploads\/2021\/04\/GirlLeap5-682x1024.jpg 682w, https:\/\/graphimarket.com\/wp-content\/uploads\/2021\/04\/GirlLeap5-768x1152.jpg 768w, https:\/\/graphimarket.com\/wp-content\/uploads\/2021\/04\/GirlLeap5-1024x1536.jpg 1024w, https:\/\/graphimarket.com\/wp-content\/uploads\/2021\/04\/GirlLeap5-8x12.jpg 8w, https:\/\/graphimarket.com\/wp-content\/uploads\/2021\/04\/GirlLeap5-600x900.jpg 600w\" sizes=\"(max-width: 1153px) 100vw, 1153px\" \/> <img loading=\"lazy\" decoding=\"async\" class=\"alignnone size-full wp-image-17162\" src=\"https:\/\/graphimarket.com\/wp-content\/uploads\/2021\/04\/HandeStandGuy_aa.jpg\" alt=\"\" width=\"1171\" height=\"1704\" srcset=\"https:\/\/graphimarket.com\/wp-content\/uploads\/2021\/04\/HandeStandGuy_aa.jpg 1171w, https:\/\/graphimarket.com\/wp-content\/uploads\/2021\/04\/HandeStandGuy_aa-206x300.jpg 206w, https:\/\/graphimarket.com\/wp-content\/uploads\/2021\/04\/HandeStandGuy_aa-704x1024.jpg 704w, https:\/\/graphimarket.com\/wp-content\/uploads\/2021\/04\/HandeStandGuy_aa-768x1118.jpg 768w, https:\/\/graphimarket.com\/wp-content\/uploads\/2021\/04\/HandeStandGuy_aa-1056x1536.jpg 1056w, https:\/\/graphimarket.com\/wp-content\/uploads\/2021\/04\/HandeStandGuy_aa-8x12.jpg 8w, https:\/\/graphimarket.com\/wp-content\/uploads\/2021\/04\/HandeStandGuy_aa-600x873.jpg 600w\" sizes=\"(max-width: 1171px) 100vw, 1171px\" \/> <img loading=\"lazy\" decoding=\"async\" class=\"alignnone size-full wp-image-17163\" src=\"https:\/\/graphimarket.com\/wp-content\/uploads\/2021\/04\/Hockey_aa.jpg\" alt=\"\" width=\"1265\" height=\"1953\" srcset=\"https:\/\/graphimarket.com\/wp-content\/uploads\/2021\/04\/Hockey_aa.jpg 1265w, https:\/\/graphimarket.com\/wp-content\/uploads\/2021\/04\/Hockey_aa-194x300.jpg 194w, https:\/\/graphimarket.com\/wp-content\/uploads\/2021\/04\/Hockey_aa-663x1024.jpg 663w, https:\/\/graphimarket.com\/wp-content\/uploads\/2021\/04\/Hockey_aa-768x1186.jpg 768w, https:\/\/graphimarket.com\/wp-content\/uploads\/2021\/04\/Hockey_aa-995x1536.jpg 995w, https:\/\/graphimarket.com\/wp-content\/uploads\/2021\/04\/Hockey_aa-8x12.jpg 8w, https:\/\/graphimarket.com\/wp-content\/uploads\/2021\/04\/Hockey_aa-600x926.jpg 600w\" sizes=\"(max-width: 1265px) 100vw, 1265px\" \/> <img loading=\"lazy\" decoding=\"async\" class=\"alignnone size-full wp-image-17164\" src=\"https:\/\/graphimarket.com\/wp-content\/uploads\/2021\/04\/4x4_aa.jpg\" alt=\"\" width=\"1689\" height=\"1622\" srcset=\"https:\/\/graphimarket.com\/wp-content\/uploads\/2021\/04\/4x4_aa.jpg 1689w, https:\/\/graphimarket.com\/wp-content\/uploads\/2021\/04\/4x4_aa-300x288.jpg 300w, https:\/\/graphimarket.com\/wp-content\/uploads\/2021\/04\/4x4_aa-1024x983.jpg 1024w, https:\/\/graphimarket.com\/wp-content\/uploads\/2021\/04\/4x4_aa-768x738.jpg 768w, https:\/\/graphimarket.com\/wp-content\/uploads\/2021\/04\/4x4_aa-1536x1475.jpg 1536w, https:\/\/graphimarket.com\/wp-content\/uploads\/2021\/04\/4x4_aa-12x12.jpg 12w, https:\/\/graphimarket.com\/wp-content\/uploads\/2021\/04\/4x4_aa-1320x1268.jpg 1320w, https:\/\/graphimarket.com\/wp-content\/uploads\/2021\/04\/4x4_aa-600x576.jpg 600w\" sizes=\"(max-width: 1689px) 100vw, 1689px\" \/><\/p>","protected":false},"excerpt":{"rendered":"<p>ModernArt 4 Photoshop Action Create this highly detailed effect from your photos with little effort at all.\u00a0Each time you run the action you get a unique result!\u00a0Make sure to watch the\u00a0customization tutorial\u00a0on how to get the most out of this effect. The video tutorial is very important for those wanting to use the action on [&hellip;]<\/p>\n","protected":false},"featured_media":17157,"comment_status":"open","ping_status":"closed","template":"","meta":{"site-sidebar-layout":"default","site-content-layout":"default","ast-site-content-layout":"default","site-content-style":"default","site-sidebar-style":"default","ast-global-header-display":"","ast-banner-title-visibility":"","ast-main-header-display":"","ast-hfb-above-header-display":"","ast-hfb-below-header-display":"","ast-hfb-mobile-header-display":"","site-post-title":"","ast-breadcrumbs-content":"","ast-featured-img":"","footer-sml-layout":"","ast-disable-related-posts":"","theme-transparent-header-meta":"default","adv-header-id-meta":"","stick-header-meta":"","header-above-stick-meta":"","header-main-stick-meta":"","header-below-stick-meta":"","astra-migrate-meta-layouts":"default","ast-page-background-enabled":"default","ast-page-background-meta":{"desktop":{"background-color":"","background-image":"","background-repeat":"repeat","background-position":"center center","background-size":"auto","background-attachment":"scroll","background-type":"","background-media":"","overlay-type":"","overlay-color":"","overlay-opacity":"","overlay-gradient":""},"tablet":{"background-color":"","background-image":"","background-repeat":"repeat","background-position":"center center","background-size":"auto","background-attachment":"scroll","background-type":"","background-media":"","overlay-type":"","overlay-color":"","overlay-opacity":"","overlay-gradient":""},"mobile":{"background-color":"","background-image":"","background-repeat":"repeat","background-position":"center center","background-size":"auto","background-attachment":"scroll","background-type":"","background-media":"","overlay-type":"","overlay-color":"","overlay-opacity":"","overlay-gradient":""}},"ast-content-background-meta":{"desktop":{"background-color":"var(--ast-global-color-5)","background-image":"","background-repeat":"repeat","background-position":"center center","background-size":"auto","background-attachment":"scroll","background-type":"","background-media":"","overlay-type":"","overlay-color":"","overlay-opacity":"","overlay-gradient":""},"tablet":{"background-color":"var(--ast-global-color-5)","background-image":"","background-repeat":"repeat","background-position":"center center","background-size":"auto","background-attachment":"scroll","background-type":"","background-media":"","overlay-type":"","overlay-color":"","overlay-opacity":"","overlay-gradient":""},"mobile":{"background-color":"var(--ast-global-color-5)","background-image":"","background-repeat":"repeat","background-position":"center center","background-size":"auto","background-attachment":"scroll","background-type":"","background-media":"","overlay-type":"","overlay-color":"","overlay-opacity":"","overlay-gradient":""}}},"product_brand":[],"product_cat":[196,15,144,145,195,146],"product_tag":[1979,292,1386,531,1936,1978,62],"class_list":{"0":"post-17156","1":"product","2":"type-product","3":"status-publish","4":"has-post-thumbnail","6":"product_cat-actions","7":"product_cat-photo","8":"product_cat-photo-editor","9":"product_cat-photography","10":"product_cat-photoshop","11":"product_cat-photoshop-action","12":"product_tag-1979","13":"product_tag-action","14":"product_tag-adobe","15":"product_tag-cc","16":"product_tag-cs","17":"product_tag-modernart","18":"product_tag-photoshop","19":"desktop-align-left","20":"tablet-align-left","21":"mobile-align-left","23":"first","24":"instock","25":"sale","26":"downloadable","27":"virtual","28":"taxable","29":"purchasable","30":"product-type-simple"},"yoast_head":"<!-- This site is optimized with the Yoast SEO plugin v27.3 - https:\/\/yoast.com\/product\/yoast-seo-wordpress\/ -->\n<title>ModernArt 4 Photoshop Action - Graphimarket<\/title>\n<meta name=\"description\" content=\"ModernArt 4 Photoshop ActionCreate this highly detailed effect from your photos with little effort at all.\u00a0Each time you run...\" \/>\n<meta name=\"robots\" content=\"index, follow, max-snippet:-1, max-image-preview:large, max-video-preview:-1\" \/>\n<link rel=\"canonical\" href=\"https:\/\/graphimarket.com\/es\/product\/modernart-4-photoshop-action\/\" \/>\n<meta property=\"og:locale\" content=\"es_ES\" \/>\n<meta property=\"og:type\" content=\"article\" \/>\n<meta property=\"og:title\" content=\"ModernArt 4 Photoshop Action - Graphimarket\" \/>\n<meta property=\"og:description\" content=\"ModernArt 4 Photoshop ActionCreate this highly detailed effect from your photos with little effort at all.\u00a0Each time you run...\" \/>\n<meta property=\"og:url\" content=\"https:\/\/graphimarket.com\/es\/product\/modernart-4-photoshop-action\/\" \/>\n<meta property=\"og:site_name\" content=\"Graphimarket\" \/>\n<meta property=\"article:modified_time\" content=\"2026-04-08T21:13:12+00:00\" \/>\n<meta property=\"og:image\" content=\"https:\/\/graphimarket.com\/wp-content\/uploads\/2021\/04\/BBaller_aa.jpg\" \/>\n\t<meta property=\"og:image:width\" content=\"1932\" \/>\n\t<meta property=\"og:image:height\" content=\"2070\" \/>\n\t<meta property=\"og:image:type\" content=\"image\/jpeg\" \/>\n<meta name=\"twitter:card\" content=\"summary_large_image\" \/>\n<meta name=\"twitter:label1\" content=\"Est. reading time\" \/>\n\t<meta name=\"twitter:data1\" content=\"1 minute\" \/>\n<script type=\"application\/ld+json\" class=\"yoast-schema-graph\">{\"@context\":\"https:\\\/\\\/schema.org\",\"@graph\":[{\"@type\":\"WebPage\",\"@id\":\"https:\\\/\\\/graphimarket.com\\\/product\\\/modernart-4-photoshop-action\\\/\",\"url\":\"https:\\\/\\\/graphimarket.com\\\/product\\\/modernart-4-photoshop-action\\\/\",\"name\":\"ModernArt 4 Photoshop Action - Graphimarket\",\"isPartOf\":{\"@id\":\"https:\\\/\\\/graphimarket.com\\\/fr\\\/#website\"},\"primaryImageOfPage\":{\"@id\":\"https:\\\/\\\/graphimarket.com\\\/product\\\/modernart-4-photoshop-action\\\/#primaryimage\"},\"image\":{\"@id\":\"https:\\\/\\\/graphimarket.com\\\/product\\\/modernart-4-photoshop-action\\\/#primaryimage\"},\"thumbnailUrl\":\"https:\\\/\\\/graphimarket.com\\\/wp-content\\\/uploads\\\/2021\\\/04\\\/BBaller_aa.jpg\",\"datePublished\":\"2021-04-08T15:13:57+00:00\",\"dateModified\":\"2026-04-08T21:13:12+00:00\",\"description\":\"ModernArt 4 Photoshop ActionCreate this highly detailed effect from your photos with little effort at all.\u00a0Each time you run...\",\"breadcrumb\":{\"@id\":\"https:\\\/\\\/graphimarket.com\\\/product\\\/modernart-4-photoshop-action\\\/#breadcrumb\"},\"inLanguage\":\"es-ES\",\"potentialAction\":[{\"@type\":\"ReadAction\",\"target\":[\"https:\\\/\\\/graphimarket.com\\\/product\\\/modernart-4-photoshop-action\\\/\"]}]},{\"@type\":\"ImageObject\",\"inLanguage\":\"es-ES\",\"@id\":\"https:\\\/\\\/graphimarket.com\\\/product\\\/modernart-4-photoshop-action\\\/#primaryimage\",\"url\":\"https:\\\/\\\/graphimarket.com\\\/wp-content\\\/uploads\\\/2021\\\/04\\\/BBaller_aa.jpg\",\"contentUrl\":\"https:\\\/\\\/graphimarket.com\\\/wp-content\\\/uploads\\\/2021\\\/04\\\/BBaller_aa.jpg\",\"width\":1932,\"height\":2070},{\"@type\":\"BreadcrumbList\",\"@id\":\"https:\\\/\\\/graphimarket.com\\\/product\\\/modernart-4-photoshop-action\\\/#breadcrumb\",\"itemListElement\":[{\"@type\":\"ListItem\",\"position\":1,\"name\":\"Home\",\"item\":\"https:\\\/\\\/graphimarket.com\\\/es\\\/\"},{\"@type\":\"ListItem\",\"position\":2,\"name\":\"Store\",\"item\":\"https:\\\/\\\/graphimarket.com\\\/store\\\/\"},{\"@type\":\"ListItem\",\"position\":3,\"name\":\"ModernArt 4 Photoshop Action\"}]},{\"@type\":\"WebSite\",\"@id\":\"https:\\\/\\\/graphimarket.com\\\/fr\\\/#website\",\"url\":\"https:\\\/\\\/graphimarket.com\\\/fr\\\/\",\"name\":\"Graphimarket\",\"description\":\"Find the perfect creative asset to bring your project to life\",\"publisher\":{\"@id\":\"https:\\\/\\\/graphimarket.com\\\/fr\\\/#organization\"},\"potentialAction\":[{\"@type\":\"SearchAction\",\"target\":{\"@type\":\"EntryPoint\",\"urlTemplate\":\"https:\\\/\\\/graphimarket.com\\\/fr\\\/?s={search_term_string}\"},\"query-input\":{\"@type\":\"PropertyValueSpecification\",\"valueRequired\":true,\"valueName\":\"search_term_string\"}}],\"inLanguage\":\"es-ES\"},{\"@type\":\"Organization\",\"@id\":\"https:\\\/\\\/graphimarket.com\\\/fr\\\/#organization\",\"name\":\"Graphimarket\",\"url\":\"https:\\\/\\\/graphimarket.com\\\/fr\\\/\",\"logo\":{\"@type\":\"ImageObject\",\"inLanguage\":\"es-ES\",\"@id\":\"https:\\\/\\\/graphimarket.com\\\/fr\\\/#\\\/schema\\\/logo\\\/image\\\/\",\"url\":\"https:\\\/\\\/graphimarket.com\\\/wp-content\\\/uploads\\\/2020\\\/08\\\/logo-48.png\",\"contentUrl\":\"https:\\\/\\\/graphimarket.com\\\/wp-content\\\/uploads\\\/2020\\\/08\\\/logo-48.png\",\"width\":132,\"height\":48,\"caption\":\"Graphimarket\"},\"image\":{\"@id\":\"https:\\\/\\\/graphimarket.com\\\/fr\\\/#\\\/schema\\\/logo\\\/image\\\/\"}}]}<\/script>\n<!-- \/ Yoast SEO plugin. -->","yoast_head_json":{"title":"ModernArt 4 Photoshop Action - Graphimarket","description":"ModernArt 4 Photoshop ActionCreate this highly detailed effect from your photos with little effort at all.\u00a0Each time you run...","robots":{"index":"index","follow":"follow","max-snippet":"max-snippet:-1","max-image-preview":"max-image-preview:large","max-video-preview":"max-video-preview:-1"},"canonical":"https:\/\/graphimarket.com\/es\/product\/modernart-4-photoshop-action\/","og_locale":"es_ES","og_type":"article","og_title":"ModernArt 4 Photoshop Action - Graphimarket","og_description":"ModernArt 4 Photoshop ActionCreate this highly detailed effect from your photos with little effort at all.\u00a0Each time you run...","og_url":"https:\/\/graphimarket.com\/es\/product\/modernart-4-photoshop-action\/","og_site_name":"Graphimarket","article_modified_time":"2026-04-08T21:13:12+00:00","og_image":[{"width":1932,"height":2070,"url":"https:\/\/graphimarket.com\/wp-content\/uploads\/2021\/04\/BBaller_aa.jpg","type":"image\/jpeg"}],"twitter_card":"summary_large_image","twitter_misc":{"Est. reading time":"1 minute"},"schema":{"@context":"https:\/\/schema.org","@graph":[{"@type":"WebPage","@id":"https:\/\/graphimarket.com\/product\/modernart-4-photoshop-action\/","url":"https:\/\/graphimarket.com\/product\/modernart-4-photoshop-action\/","name":"ModernArt 4 Photoshop Action - Graphimarket","isPartOf":{"@id":"https:\/\/graphimarket.com\/fr\/#website"},"primaryImageOfPage":{"@id":"https:\/\/graphimarket.com\/product\/modernart-4-photoshop-action\/#primaryimage"},"image":{"@id":"https:\/\/graphimarket.com\/product\/modernart-4-photoshop-action\/#primaryimage"},"thumbnailUrl":"https:\/\/graphimarket.com\/wp-content\/uploads\/2021\/04\/BBaller_aa.jpg","datePublished":"2021-04-08T15:13:57+00:00","dateModified":"2026-04-08T21:13:12+00:00","description":"ModernArt 4 Photoshop ActionCreate this highly detailed effect from your photos with little effort at all.\u00a0Each time you run...","breadcrumb":{"@id":"https:\/\/graphimarket.com\/product\/modernart-4-photoshop-action\/#breadcrumb"},"inLanguage":"es-ES","potentialAction":[{"@type":"ReadAction","target":["https:\/\/graphimarket.com\/product\/modernart-4-photoshop-action\/"]}]},{"@type":"ImageObject","inLanguage":"es-ES","@id":"https:\/\/graphimarket.com\/product\/modernart-4-photoshop-action\/#primaryimage","url":"https:\/\/graphimarket.com\/wp-content\/uploads\/2021\/04\/BBaller_aa.jpg","contentUrl":"https:\/\/graphimarket.com\/wp-content\/uploads\/2021\/04\/BBaller_aa.jpg","width":1932,"height":2070},{"@type":"BreadcrumbList","@id":"https:\/\/graphimarket.com\/product\/modernart-4-photoshop-action\/#breadcrumb","itemListElement":[{"@type":"ListItem","position":1,"name":"Home","item":"https:\/\/graphimarket.com\/es\/"},{"@type":"ListItem","position":2,"name":"Store","item":"https:\/\/graphimarket.com\/store\/"},{"@type":"ListItem","position":3,"name":"ModernArt 4 Photoshop Action"}]},{"@type":"WebSite","@id":"https:\/\/graphimarket.com\/fr\/#website","url":"https:\/\/graphimarket.com\/fr\/","name":"Graphimarket","description":"Encuentre el activo creativo perfecto para darle vida a su proyecto","publisher":{"@id":"https:\/\/graphimarket.com\/fr\/#organization"},"potentialAction":[{"@type":"SearchAction","target":{"@type":"EntryPoint","urlTemplate":"https:\/\/graphimarket.com\/fr\/?s={search_term_string}"},"query-input":{"@type":"PropertyValueSpecification","valueRequired":true,"valueName":"search_term_string"}}],"inLanguage":"es-ES"},{"@type":"Organization","@id":"https:\/\/graphimarket.com\/fr\/#organization","name":"Graphimarket","url":"https:\/\/graphimarket.com\/fr\/","logo":{"@type":"ImageObject","inLanguage":"es-ES","@id":"https:\/\/graphimarket.com\/fr\/#\/schema\/logo\/image\/","url":"https:\/\/graphimarket.com\/wp-content\/uploads\/2020\/08\/logo-48.png","contentUrl":"https:\/\/graphimarket.com\/wp-content\/uploads\/2020\/08\/logo-48.png","width":132,"height":48,"caption":"Graphimarket"},"image":{"@id":"https:\/\/graphimarket.com\/fr\/#\/schema\/logo\/image\/"}}]}},"_links":{"self":[{"href":"http:\/\/graphimarket.com\/es\/wp-json\/wp\/v2\/product\/17156","targetHints":{"allow":["GET"]}}],"collection":[{"href":"http:\/\/graphimarket.com\/es\/wp-json\/wp\/v2\/product"}],"about":[{"href":"http:\/\/graphimarket.com\/es\/wp-json\/wp\/v2\/types\/product"}],"replies":[{"embeddable":true,"href":"http:\/\/graphimarket.com\/es\/wp-json\/wp\/v2\/comments?post=17156"}],"version-history":[{"count":0,"href":"http:\/\/graphimarket.com\/es\/wp-json\/wp\/v2\/product\/17156\/revisions"}],"wp:featuredmedia":[{"embeddable":true,"href":"http:\/\/graphimarket.com\/es\/wp-json\/wp\/v2\/media\/17157"}],"wp:attachment":[{"href":"http:\/\/graphimarket.com\/es\/wp-json\/wp\/v2\/media?parent=17156"}],"wp:term":[{"taxonomy":"product_brand","embeddable":true,"href":"http:\/\/graphimarket.com\/es\/wp-json\/wp\/v2\/product_brand?post=17156"},{"taxonomy":"product_cat","embeddable":true,"href":"http:\/\/graphimarket.com\/es\/wp-json\/wp\/v2\/product_cat?post=17156"},{"taxonomy":"product_tag","embeddable":true,"href":"http:\/\/graphimarket.com\/es\/wp-json\/wp\/v2\/product_tag?post=17156"}],"curies":[{"name":"wp","href":"https:\/\/api.w.org\/{rel}","templated":true}]}}