{"id":8782,"date":"2020-09-13T10:58:24","date_gmt":"2020-09-13T08:58:24","guid":{"rendered":"https:\/\/graphimarket.com\/?post_type=product&#038;p=8782"},"modified":"2022-12-19T11:05:48","modified_gmt":"2022-12-19T10:05:48","slug":"toy-camera-photography-actions-for-adobe-photoshop","status":"publish","type":"product","link":"http:\/\/graphimarket.com\/es\/product\/toy-camera-photography-actions-for-adobe-photoshop\/","title":{"rendered":"Acciones de fotograf\u00eda de c\u00e1mara de juguete para Adobe Photoshop"},"content":{"rendered":"<div class=\"_2Masz2rr\">\n<p><strong>Las acciones de fotograf\u00eda de c\u00e1mara de juguete para Adobe Photoshop convierten su fotograf\u00eda en instant\u00e1neas retro e indie al instante.<\/strong><\/p>\n<p>Dentro de la colecci\u00f3n encontrar\u00e1s:<\/p>\n<ul>\n<li><strong>16 acciones de fotograf\u00eda de c\u00e1mara de juguete para Adobe Photoshop<\/strong><\/li>\n<li>** M\u00e1s de 110 mapas de degradado se utilizan junto con acciones o por separado<\/li>\n<li><strong>Un manual de efectos<\/strong>\u00a0Hoja de referencia en PDF<\/li>\n<li><strong>Gu\u00eda r\u00e1pida<\/strong>\u00a0PDF<\/li>\n<\/ul>\n<p>Simplemente elija su foto y presione el bot\u00f3n de acci\u00f3n. Despu\u00e9s de que suceda la magia, puede ajustar todo lo que desee, desde la b\u00fasqueda de color, pasando por la textura y la distorsi\u00f3n. Todas las acciones son no destructivas y f\u00e1ciles de ajustar.<\/p>\n<p><strong>\u00a1Descarga y divi\u00e9rtete!<\/strong><\/p>\n<\/div>\n<p>&nbsp;<\/p>\n<p><img fetchpriority=\"high\" decoding=\"async\" class=\"aligncenter wp-image-8783 size-full\" src=\"https:\/\/graphimarket.com\/wp-content\/uploads\/2020\/09\/56697a30-bb75-4aa4-b689-e4623520aa9c.jpg\" alt=\"\" width=\"900\" height=\"600\" srcset=\"https:\/\/graphimarket.com\/wp-content\/uploads\/2020\/09\/56697a30-bb75-4aa4-b689-e4623520aa9c.jpg 900w, https:\/\/graphimarket.com\/wp-content\/uploads\/2020\/09\/56697a30-bb75-4aa4-b689-e4623520aa9c-600x400.jpg 600w, https:\/\/graphimarket.com\/wp-content\/uploads\/2020\/09\/56697a30-bb75-4aa4-b689-e4623520aa9c-300x200.jpg 300w, https:\/\/graphimarket.com\/wp-content\/uploads\/2020\/09\/56697a30-bb75-4aa4-b689-e4623520aa9c-768x512.jpg 768w\" sizes=\"(max-width: 900px) 100vw, 900px\" \/> <img decoding=\"async\" class=\"aligncenter wp-image-8784 size-full\" src=\"https:\/\/graphimarket.com\/wp-content\/uploads\/2020\/09\/a75f457b-d501-4eea-b605-389eecb5d073.jpg\" alt=\"\" width=\"900\" height=\"600\" srcset=\"https:\/\/graphimarket.com\/wp-content\/uploads\/2020\/09\/a75f457b-d501-4eea-b605-389eecb5d073.jpg 900w, https:\/\/graphimarket.com\/wp-content\/uploads\/2020\/09\/a75f457b-d501-4eea-b605-389eecb5d073-600x400.jpg 600w, https:\/\/graphimarket.com\/wp-content\/uploads\/2020\/09\/a75f457b-d501-4eea-b605-389eecb5d073-300x200.jpg 300w, https:\/\/graphimarket.com\/wp-content\/uploads\/2020\/09\/a75f457b-d501-4eea-b605-389eecb5d073-768x512.jpg 768w\" sizes=\"(max-width: 900px) 100vw, 900px\" \/> <img decoding=\"async\" class=\"aligncenter wp-image-8785 size-full\" src=\"https:\/\/graphimarket.com\/wp-content\/uploads\/2020\/09\/be88b173-ba0b-40fd-8841-82ba5de9fece.jpg\" alt=\"\" width=\"900\" height=\"600\" srcset=\"https:\/\/graphimarket.com\/wp-content\/uploads\/2020\/09\/be88b173-ba0b-40fd-8841-82ba5de9fece.jpg 900w, https:\/\/graphimarket.com\/wp-content\/uploads\/2020\/09\/be88b173-ba0b-40fd-8841-82ba5de9fece-600x400.jpg 600w, https:\/\/graphimarket.com\/wp-content\/uploads\/2020\/09\/be88b173-ba0b-40fd-8841-82ba5de9fece-300x200.jpg 300w, https:\/\/graphimarket.com\/wp-content\/uploads\/2020\/09\/be88b173-ba0b-40fd-8841-82ba5de9fece-768x512.jpg 768w\" sizes=\"(max-width: 900px) 100vw, 900px\" \/> <img loading=\"lazy\" decoding=\"async\" class=\"aligncenter wp-image-8786 size-full\" src=\"https:\/\/graphimarket.com\/wp-content\/uploads\/2020\/09\/c9fda15d-4922-4b9b-89cd-9eb590f64104.jpg\" alt=\"\" width=\"900\" height=\"600\" srcset=\"https:\/\/graphimarket.com\/wp-content\/uploads\/2020\/09\/c9fda15d-4922-4b9b-89cd-9eb590f64104.jpg 900w, https:\/\/graphimarket.com\/wp-content\/uploads\/2020\/09\/c9fda15d-4922-4b9b-89cd-9eb590f64104-600x400.jpg 600w, https:\/\/graphimarket.com\/wp-content\/uploads\/2020\/09\/c9fda15d-4922-4b9b-89cd-9eb590f64104-300x200.jpg 300w, https:\/\/graphimarket.com\/wp-content\/uploads\/2020\/09\/c9fda15d-4922-4b9b-89cd-9eb590f64104-768x512.jpg 768w\" sizes=\"(max-width: 900px) 100vw, 900px\" \/> <img loading=\"lazy\" decoding=\"async\" class=\"aligncenter wp-image-8787 size-full\" src=\"https:\/\/graphimarket.com\/wp-content\/uploads\/2020\/09\/c41a8022-2755-4d58-b0da-7c876c1352d1.jpg\" alt=\"\" width=\"900\" height=\"600\" srcset=\"https:\/\/graphimarket.com\/wp-content\/uploads\/2020\/09\/c41a8022-2755-4d58-b0da-7c876c1352d1.jpg 900w, https:\/\/graphimarket.com\/wp-content\/uploads\/2020\/09\/c41a8022-2755-4d58-b0da-7c876c1352d1-600x400.jpg 600w, https:\/\/graphimarket.com\/wp-content\/uploads\/2020\/09\/c41a8022-2755-4d58-b0da-7c876c1352d1-300x200.jpg 300w, https:\/\/graphimarket.com\/wp-content\/uploads\/2020\/09\/c41a8022-2755-4d58-b0da-7c876c1352d1-768x512.jpg 768w\" sizes=\"(max-width: 900px) 100vw, 900px\" \/> <img loading=\"lazy\" decoding=\"async\" class=\"aligncenter wp-image-8788 size-full\" src=\"https:\/\/graphimarket.com\/wp-content\/uploads\/2020\/09\/3753c1de-842d-44ca-8cb6-276956a5358d.jpg\" alt=\"\" width=\"900\" height=\"600\" srcset=\"https:\/\/graphimarket.com\/wp-content\/uploads\/2020\/09\/3753c1de-842d-44ca-8cb6-276956a5358d.jpg 900w, https:\/\/graphimarket.com\/wp-content\/uploads\/2020\/09\/3753c1de-842d-44ca-8cb6-276956a5358d-600x400.jpg 600w, https:\/\/graphimarket.com\/wp-content\/uploads\/2020\/09\/3753c1de-842d-44ca-8cb6-276956a5358d-300x200.jpg 300w, https:\/\/graphimarket.com\/wp-content\/uploads\/2020\/09\/3753c1de-842d-44ca-8cb6-276956a5358d-768x512.jpg 768w\" sizes=\"(max-width: 900px) 100vw, 900px\" \/> <img loading=\"lazy\" decoding=\"async\" class=\"aligncenter wp-image-8789 size-full\" src=\"https:\/\/graphimarket.com\/wp-content\/uploads\/2020\/09\/8e7adf42-3458-4dfb-bb1a-f2b2aee4d91f.jpg\" alt=\"\" width=\"900\" height=\"600\" srcset=\"https:\/\/graphimarket.com\/wp-content\/uploads\/2020\/09\/8e7adf42-3458-4dfb-bb1a-f2b2aee4d91f.jpg 900w, https:\/\/graphimarket.com\/wp-content\/uploads\/2020\/09\/8e7adf42-3458-4dfb-bb1a-f2b2aee4d91f-600x400.jpg 600w, https:\/\/graphimarket.com\/wp-content\/uploads\/2020\/09\/8e7adf42-3458-4dfb-bb1a-f2b2aee4d91f-300x200.jpg 300w, https:\/\/graphimarket.com\/wp-content\/uploads\/2020\/09\/8e7adf42-3458-4dfb-bb1a-f2b2aee4d91f-768x512.jpg 768w\" sizes=\"(max-width: 900px) 100vw, 900px\" \/><\/p>\n<div class=\"_3YqMOf9R\">\n<div class=\"_3KAa4-GZ frEFeDSS\"><\/div>\n<\/div>","protected":false},"excerpt":{"rendered":"<p>Toy Camera Photography Actions for Adobe Photoshop turn your photography into retro and indie snapshot instantly! Inside collection you will find: 16 Toy Camera Photography Actions for Adobe Photoshop **Over 110 Gradient Maps use together with actions or separately A Handbook of the Effects\u00a0PDF cheatsheet Quick Guide\u00a0PDF Just choose your photo and hit the action [&hellip;]<\/p>\n","protected":false},"featured_media":8790,"comment_status":"open","ping_status":"closed","template":"","meta":{"site-sidebar-layout":"default","site-content-layout":"default","ast-site-content-layout":"default","site-content-style":"default","site-sidebar-style":"default","ast-global-header-display":"","ast-banner-title-visibility":"","ast-main-header-display":"","ast-hfb-above-header-display":"","ast-hfb-below-header-display":"","ast-hfb-mobile-header-display":"","site-post-title":"","ast-breadcrumbs-content":"","ast-featured-img":"","footer-sml-layout":"","ast-disable-related-posts":"","theme-transparent-header-meta":"default","adv-header-id-meta":"","stick-header-meta":"","header-above-stick-meta":"","header-main-stick-meta":"","header-below-stick-meta":"","astra-migrate-meta-layouts":"default","ast-page-background-enabled":"default","ast-page-background-meta":{"desktop":{"background-color":"","background-image":"","background-repeat":"repeat","background-position":"center center","background-size":"auto","background-attachment":"scroll","background-type":"","background-media":"","overlay-type":"","overlay-color":"","overlay-opacity":"","overlay-gradient":""},"tablet":{"background-color":"","background-image":"","background-repeat":"repeat","background-position":"center center","background-size":"auto","background-attachment":"scroll","background-type":"","background-media":"","overlay-type":"","overlay-color":"","overlay-opacity":"","overlay-gradient":""},"mobile":{"background-color":"","background-image":"","background-repeat":"repeat","background-position":"center center","background-size":"auto","background-attachment":"scroll","background-type":"","background-media":"","overlay-type":"","overlay-color":"","overlay-opacity":"","overlay-gradient":""}},"ast-content-background-meta":{"desktop":{"background-color":"var(--ast-global-color-5)","background-image":"","background-repeat":"repeat","background-position":"center center","background-size":"auto","background-attachment":"scroll","background-type":"","background-media":"","overlay-type":"","overlay-color":"","overlay-opacity":"","overlay-gradient":""},"tablet":{"background-color":"var(--ast-global-color-5)","background-image":"","background-repeat":"repeat","background-position":"center center","background-size":"auto","background-attachment":"scroll","background-type":"","background-media":"","overlay-type":"","overlay-color":"","overlay-opacity":"","overlay-gradient":""},"mobile":{"background-color":"var(--ast-global-color-5)","background-image":"","background-repeat":"repeat","background-position":"center center","background-size":"auto","background-attachment":"scroll","background-type":"","background-media":"","overlay-type":"","overlay-color":"","overlay-opacity":"","overlay-gradient":""}}},"product_brand":[],"product_cat":[195,146],"product_tag":[292,661,396,660,320,662,663,664,523,285,252,62,659,277,665],"class_list":{"0":"post-8782","1":"product","2":"type-product","3":"status-publish","4":"has-post-thumbnail","6":"product_cat-photoshop","7":"product_cat-photoshop-action","8":"product_tag-action","9":"product_tag-analog","10":"product_tag-camera","11":"product_tag-cinema","12":"product_tag-film","13":"product_tag-gradients","14":"product_tag-grain","15":"product_tag-indie","16":"product_tag-leak","17":"product_tag-photo","18":"product_tag-photography","19":"product_tag-photoshop","20":"product_tag-polaroid","21":"product_tag-retro","22":"product_tag-toy","23":"desktop-align-left","24":"tablet-align-left","25":"mobile-align-left","27":"first","28":"instock","29":"downloadable","30":"virtual","31":"taxable","32":"purchasable","33":"product-type-simple"},"yoast_head":"<!-- This site is optimized with the Yoast SEO plugin v27.3 - https:\/\/yoast.com\/product\/yoast-seo-wordpress\/ -->\n<title>Toy Camera Photography Actions for Adobe Photoshop - Graphimarket<\/title>\n<meta name=\"description\" content=\"Toy Camera Photography Actions for Adobe Photoshop turn your photography into retro and indie snapshot instantly!Inside...\" \/>\n<meta name=\"robots\" content=\"index, follow, max-snippet:-1, max-image-preview:large, max-video-preview:-1\" \/>\n<link rel=\"canonical\" href=\"https:\/\/graphimarket.com\/es\/product\/toy-camera-photography-actions-for-adobe-photoshop\/\" \/>\n<meta property=\"og:locale\" content=\"es_ES\" \/>\n<meta property=\"og:type\" content=\"article\" \/>\n<meta property=\"og:title\" content=\"Toy Camera Photography Actions for Adobe Photoshop - Graphimarket\" \/>\n<meta property=\"og:description\" content=\"Toy Camera Photography Actions for Adobe Photoshop turn your photography into retro and indie snapshot instantly!Inside...\" \/>\n<meta property=\"og:url\" content=\"https:\/\/graphimarket.com\/es\/product\/toy-camera-photography-actions-for-adobe-photoshop\/\" \/>\n<meta property=\"og:site_name\" content=\"Graphimarket\" \/>\n<meta property=\"article:modified_time\" content=\"2022-12-19T10:05:48+00:00\" \/>\n<meta property=\"og:image\" content=\"https:\/\/graphimarket.com\/wp-content\/uploads\/2020\/09\/dc897203-8efa-41a5-aabb-7d4c2c443702.jpg\" \/>\n\t<meta property=\"og:image:width\" content=\"900\" \/>\n\t<meta property=\"og:image:height\" content=\"600\" \/>\n\t<meta property=\"og:image:type\" content=\"image\/jpeg\" \/>\n<meta name=\"twitter:card\" content=\"summary_large_image\" \/>\n<script type=\"application\/ld+json\" class=\"yoast-schema-graph\">{\"@context\":\"https:\\\/\\\/schema.org\",\"@graph\":[{\"@type\":\"WebPage\",\"@id\":\"https:\\\/\\\/graphimarket.com\\\/product\\\/toy-camera-photography-actions-for-adobe-photoshop\\\/\",\"url\":\"https:\\\/\\\/graphimarket.com\\\/product\\\/toy-camera-photography-actions-for-adobe-photoshop\\\/\",\"name\":\"Toy Camera Photography Actions for Adobe Photoshop - Graphimarket\",\"isPartOf\":{\"@id\":\"https:\\\/\\\/graphimarket.com\\\/fr\\\/#website\"},\"primaryImageOfPage\":{\"@id\":\"https:\\\/\\\/graphimarket.com\\\/product\\\/toy-camera-photography-actions-for-adobe-photoshop\\\/#primaryimage\"},\"image\":{\"@id\":\"https:\\\/\\\/graphimarket.com\\\/product\\\/toy-camera-photography-actions-for-adobe-photoshop\\\/#primaryimage\"},\"thumbnailUrl\":\"https:\\\/\\\/graphimarket.com\\\/wp-content\\\/uploads\\\/2020\\\/09\\\/dc897203-8efa-41a5-aabb-7d4c2c443702.jpg\",\"datePublished\":\"2020-09-13T08:58:24+00:00\",\"dateModified\":\"2022-12-19T10:05:48+00:00\",\"description\":\"Toy Camera Photography Actions for Adobe Photoshop turn your photography into retro and indie snapshot instantly!Inside...\",\"breadcrumb\":{\"@id\":\"https:\\\/\\\/graphimarket.com\\\/product\\\/toy-camera-photography-actions-for-adobe-photoshop\\\/#breadcrumb\"},\"inLanguage\":\"es-ES\",\"potentialAction\":[{\"@type\":\"ReadAction\",\"target\":[\"https:\\\/\\\/graphimarket.com\\\/product\\\/toy-camera-photography-actions-for-adobe-photoshop\\\/\"]}]},{\"@type\":\"ImageObject\",\"inLanguage\":\"es-ES\",\"@id\":\"https:\\\/\\\/graphimarket.com\\\/product\\\/toy-camera-photography-actions-for-adobe-photoshop\\\/#primaryimage\",\"url\":\"https:\\\/\\\/graphimarket.com\\\/wp-content\\\/uploads\\\/2020\\\/09\\\/dc897203-8efa-41a5-aabb-7d4c2c443702.jpg\",\"contentUrl\":\"https:\\\/\\\/graphimarket.com\\\/wp-content\\\/uploads\\\/2020\\\/09\\\/dc897203-8efa-41a5-aabb-7d4c2c443702.jpg\",\"width\":900,\"height\":600},{\"@type\":\"BreadcrumbList\",\"@id\":\"https:\\\/\\\/graphimarket.com\\\/product\\\/toy-camera-photography-actions-for-adobe-photoshop\\\/#breadcrumb\",\"itemListElement\":[{\"@type\":\"ListItem\",\"position\":1,\"name\":\"Home\",\"item\":\"https:\\\/\\\/graphimarket.com\\\/es\\\/\"},{\"@type\":\"ListItem\",\"position\":2,\"name\":\"Store\",\"item\":\"https:\\\/\\\/graphimarket.com\\\/store\\\/\"},{\"@type\":\"ListItem\",\"position\":3,\"name\":\"Toy Camera Photography Actions for Adobe Photoshop\"}]},{\"@type\":\"WebSite\",\"@id\":\"https:\\\/\\\/graphimarket.com\\\/fr\\\/#website\",\"url\":\"https:\\\/\\\/graphimarket.com\\\/fr\\\/\",\"name\":\"Graphimarket\",\"description\":\"Find the perfect creative asset to bring your project to life\",\"publisher\":{\"@id\":\"https:\\\/\\\/graphimarket.com\\\/fr\\\/#organization\"},\"potentialAction\":[{\"@type\":\"SearchAction\",\"target\":{\"@type\":\"EntryPoint\",\"urlTemplate\":\"https:\\\/\\\/graphimarket.com\\\/fr\\\/?s={search_term_string}\"},\"query-input\":{\"@type\":\"PropertyValueSpecification\",\"valueRequired\":true,\"valueName\":\"search_term_string\"}}],\"inLanguage\":\"es-ES\"},{\"@type\":\"Organization\",\"@id\":\"https:\\\/\\\/graphimarket.com\\\/fr\\\/#organization\",\"name\":\"Graphimarket\",\"url\":\"https:\\\/\\\/graphimarket.com\\\/fr\\\/\",\"logo\":{\"@type\":\"ImageObject\",\"inLanguage\":\"es-ES\",\"@id\":\"https:\\\/\\\/graphimarket.com\\\/fr\\\/#\\\/schema\\\/logo\\\/image\\\/\",\"url\":\"https:\\\/\\\/graphimarket.com\\\/wp-content\\\/uploads\\\/2020\\\/08\\\/logo-48.png\",\"contentUrl\":\"https:\\\/\\\/graphimarket.com\\\/wp-content\\\/uploads\\\/2020\\\/08\\\/logo-48.png\",\"width\":132,\"height\":48,\"caption\":\"Graphimarket\"},\"image\":{\"@id\":\"https:\\\/\\\/graphimarket.com\\\/fr\\\/#\\\/schema\\\/logo\\\/image\\\/\"}}]}<\/script>\n<!-- \/ Yoast SEO plugin. -->","yoast_head_json":{"title":"Acciones de fotograf\u00eda de c\u00e1mara de juguete para Adobe Photoshop - Graphimarket","description":"\u00a1Las acciones de fotograf\u00eda de c\u00e1mara de juguete para Adobe Photoshop convierten su fotograf\u00eda en instant\u00e1neas retro e indie al instante! ...","robots":{"index":"index","follow":"follow","max-snippet":"max-snippet:-1","max-image-preview":"max-image-preview:large","max-video-preview":"max-video-preview:-1"},"canonical":"https:\/\/graphimarket.com\/es\/product\/toy-camera-photography-actions-for-adobe-photoshop\/","og_locale":"es_ES","og_type":"article","og_title":"Toy Camera Photography Actions for Adobe Photoshop - Graphimarket","og_description":"Toy Camera Photography Actions for Adobe Photoshop turn your photography into retro and indie snapshot instantly!Inside...","og_url":"https:\/\/graphimarket.com\/es\/product\/toy-camera-photography-actions-for-adobe-photoshop\/","og_site_name":"Graphimarket","article_modified_time":"2022-12-19T10:05:48+00:00","og_image":[{"width":900,"height":600,"url":"https:\/\/graphimarket.com\/wp-content\/uploads\/2020\/09\/dc897203-8efa-41a5-aabb-7d4c2c443702.jpg","type":"image\/jpeg"}],"twitter_card":"summary_large_image","schema":{"@context":"https:\/\/schema.org","@graph":[{"@type":"WebPage","@id":"https:\/\/graphimarket.com\/product\/toy-camera-photography-actions-for-adobe-photoshop\/","url":"https:\/\/graphimarket.com\/product\/toy-camera-photography-actions-for-adobe-photoshop\/","name":"Acciones de fotograf\u00eda de c\u00e1mara de juguete para Adobe Photoshop - Graphimarket","isPartOf":{"@id":"https:\/\/graphimarket.com\/fr\/#website"},"primaryImageOfPage":{"@id":"https:\/\/graphimarket.com\/product\/toy-camera-photography-actions-for-adobe-photoshop\/#primaryimage"},"image":{"@id":"https:\/\/graphimarket.com\/product\/toy-camera-photography-actions-for-adobe-photoshop\/#primaryimage"},"thumbnailUrl":"https:\/\/graphimarket.com\/wp-content\/uploads\/2020\/09\/dc897203-8efa-41a5-aabb-7d4c2c443702.jpg","datePublished":"2020-09-13T08:58:24+00:00","dateModified":"2022-12-19T10:05:48+00:00","description":"\u00a1Las acciones de fotograf\u00eda de c\u00e1mara de juguete para Adobe Photoshop convierten su fotograf\u00eda en instant\u00e1neas retro e indie al instante! ...","breadcrumb":{"@id":"https:\/\/graphimarket.com\/product\/toy-camera-photography-actions-for-adobe-photoshop\/#breadcrumb"},"inLanguage":"es-ES","potentialAction":[{"@type":"ReadAction","target":["https:\/\/graphimarket.com\/product\/toy-camera-photography-actions-for-adobe-photoshop\/"]}]},{"@type":"ImageObject","inLanguage":"es-ES","@id":"https:\/\/graphimarket.com\/product\/toy-camera-photography-actions-for-adobe-photoshop\/#primaryimage","url":"https:\/\/graphimarket.com\/wp-content\/uploads\/2020\/09\/dc897203-8efa-41a5-aabb-7d4c2c443702.jpg","contentUrl":"https:\/\/graphimarket.com\/wp-content\/uploads\/2020\/09\/dc897203-8efa-41a5-aabb-7d4c2c443702.jpg","width":900,"height":600},{"@type":"BreadcrumbList","@id":"https:\/\/graphimarket.com\/product\/toy-camera-photography-actions-for-adobe-photoshop\/#breadcrumb","itemListElement":[{"@type":"ListItem","position":1,"name":"Home","item":"https:\/\/graphimarket.com\/es\/"},{"@type":"ListItem","position":2,"name":"Store","item":"https:\/\/graphimarket.com\/store\/"},{"@type":"ListItem","position":3,"name":"Toy Camera Photography Actions for Adobe Photoshop"}]},{"@type":"WebSite","@id":"https:\/\/graphimarket.com\/fr\/#website","url":"https:\/\/graphimarket.com\/fr\/","name":"Graphimarket","description":"Encuentre el activo creativo perfecto para darle vida a su proyecto","publisher":{"@id":"https:\/\/graphimarket.com\/fr\/#organization"},"potentialAction":[{"@type":"SearchAction","target":{"@type":"EntryPoint","urlTemplate":"https:\/\/graphimarket.com\/fr\/?s={search_term_string}"},"query-input":{"@type":"PropertyValueSpecification","valueRequired":true,"valueName":"search_term_string"}}],"inLanguage":"es-ES"},{"@type":"Organization","@id":"https:\/\/graphimarket.com\/fr\/#organization","name":"Graphimarket","url":"https:\/\/graphimarket.com\/fr\/","logo":{"@type":"ImageObject","inLanguage":"es-ES","@id":"https:\/\/graphimarket.com\/fr\/#\/schema\/logo\/image\/","url":"https:\/\/graphimarket.com\/wp-content\/uploads\/2020\/08\/logo-48.png","contentUrl":"https:\/\/graphimarket.com\/wp-content\/uploads\/2020\/08\/logo-48.png","width":132,"height":48,"caption":"Graphimarket"},"image":{"@id":"https:\/\/graphimarket.com\/fr\/#\/schema\/logo\/image\/"}}]}},"_links":{"self":[{"href":"http:\/\/graphimarket.com\/es\/wp-json\/wp\/v2\/product\/8782","targetHints":{"allow":["GET"]}}],"collection":[{"href":"http:\/\/graphimarket.com\/es\/wp-json\/wp\/v2\/product"}],"about":[{"href":"http:\/\/graphimarket.com\/es\/wp-json\/wp\/v2\/types\/product"}],"replies":[{"embeddable":true,"href":"http:\/\/graphimarket.com\/es\/wp-json\/wp\/v2\/comments?post=8782"}],"version-history":[{"count":0,"href":"http:\/\/graphimarket.com\/es\/wp-json\/wp\/v2\/product\/8782\/revisions"}],"wp:featuredmedia":[{"embeddable":true,"href":"http:\/\/graphimarket.com\/es\/wp-json\/wp\/v2\/media\/8790"}],"wp:attachment":[{"href":"http:\/\/graphimarket.com\/es\/wp-json\/wp\/v2\/media?parent=8782"}],"wp:term":[{"taxonomy":"product_brand","embeddable":true,"href":"http:\/\/graphimarket.com\/es\/wp-json\/wp\/v2\/product_brand?post=8782"},{"taxonomy":"product_cat","embeddable":true,"href":"http:\/\/graphimarket.com\/es\/wp-json\/wp\/v2\/product_cat?post=8782"},{"taxonomy":"product_tag","embeddable":true,"href":"http:\/\/graphimarket.com\/es\/wp-json\/wp\/v2\/product_tag?post=8782"}],"curies":[{"name":"wp","href":"https:\/\/api.w.org\/{rel}","templated":true}]}}