{"id":10523,"date":"2020-09-18T14:52:55","date_gmt":"2020-09-18T12:52:55","guid":{"rendered":"https:\/\/graphimarket.com\/?post_type=product&#038;p=10523"},"modified":"2024-07-13T01:34:06","modified_gmt":"2024-07-12T23:34:06","slug":"sinisuka","status":"publish","type":"product","link":"http:\/\/graphimarket.com\/fr\/product\/sinisuka\/","title":{"rendered":"Sinisuka"},"content":{"rendered":"<div class=\"_2Masz2rr\">\n<p><strong>Sinisuka<\/strong>\u00a0une excellente police pour les conceptions de logo de lettrage \u00e0 la main modernes. Et convient \u00e0 tous les besoins de conception, de marque, de conception publicitaire moderne, de citation d&#039;art, de titre de livre \/ couverture, d&#039;\u00e9v\u00e9nements sp\u00e9ciaux, de tasse personnalis\u00e9e, d&#039;oreiller, de t-shirts, de tout besoin de lettrage de brosse et plus encore.<\/p>\n<p>Ce qui est inclu :<\/p>\n<ul>\n<li>Sinisuka Typeface (.ttf &amp; .otf) est livr\u00e9 avec des caract\u00e8res standard majuscules et minuscules, des signes de ponctuation et des chiffres. Et d&#039;autres variantes de glyphes des fonctionnalit\u00e9s OpenType telles que la ligature standard, l&#039;alternative stylistique et l&#039;ensemble stylistique (ss01, ss02, ss03, ss04) et Swash.<\/li>\n<li>Sinisuka Swashes, un bonus de 35 swashes pour ajouter du punch \u00e0 vos cr\u00e9ations.<\/li>\n<\/ul>\n<p>Merci pour votre achat! et j&#039;esp\u00e8re que vous vous amusez avec Sinisuka! Bonne cr\u00e9ation!<\/p>\n<p><strong>Typia Nesia<\/strong><\/p>\n<\/div>\n<p>&nbsp;<\/p>\n<p><img fetchpriority=\"high\" decoding=\"async\" class=\"aligncenter wp-image-10524 size-full\" src=\"https:\/\/graphimarket.com\/wp-content\/uploads\/2020\/09\/3436068b-1800-499a-95fd-dbc7595319a0.jpg\" alt=\"\" width=\"1170\" height=\"780\" srcset=\"https:\/\/graphimarket.com\/wp-content\/uploads\/2020\/09\/3436068b-1800-499a-95fd-dbc7595319a0.jpg 1170w, https:\/\/graphimarket.com\/wp-content\/uploads\/2020\/09\/3436068b-1800-499a-95fd-dbc7595319a0-300x200.jpg 300w, https:\/\/graphimarket.com\/wp-content\/uploads\/2020\/09\/3436068b-1800-499a-95fd-dbc7595319a0-1024x683.jpg 1024w, https:\/\/graphimarket.com\/wp-content\/uploads\/2020\/09\/3436068b-1800-499a-95fd-dbc7595319a0-768x512.jpg 768w, https:\/\/graphimarket.com\/wp-content\/uploads\/2020\/09\/3436068b-1800-499a-95fd-dbc7595319a0-600x400.jpg 600w\" sizes=\"(max-width: 1170px) 100vw, 1170px\" \/> <img decoding=\"async\" class=\"aligncenter wp-image-10525 size-full\" src=\"https:\/\/graphimarket.com\/wp-content\/uploads\/2020\/09\/67481449-cd29-44e6-a123-0a53b6650f2f.jpg\" alt=\"\" width=\"1170\" height=\"780\" srcset=\"https:\/\/graphimarket.com\/wp-content\/uploads\/2020\/09\/67481449-cd29-44e6-a123-0a53b6650f2f.jpg 1170w, https:\/\/graphimarket.com\/wp-content\/uploads\/2020\/09\/67481449-cd29-44e6-a123-0a53b6650f2f-300x200.jpg 300w, https:\/\/graphimarket.com\/wp-content\/uploads\/2020\/09\/67481449-cd29-44e6-a123-0a53b6650f2f-1024x683.jpg 1024w, https:\/\/graphimarket.com\/wp-content\/uploads\/2020\/09\/67481449-cd29-44e6-a123-0a53b6650f2f-768x512.jpg 768w, https:\/\/graphimarket.com\/wp-content\/uploads\/2020\/09\/67481449-cd29-44e6-a123-0a53b6650f2f-600x400.jpg 600w\" sizes=\"(max-width: 1170px) 100vw, 1170px\" \/> <img decoding=\"async\" class=\"aligncenter wp-image-10526 size-full\" src=\"https:\/\/graphimarket.com\/wp-content\/uploads\/2020\/09\/b576c720-6404-4c81-aa26-5f5ae18bf604.jpg\" alt=\"\" width=\"1170\" height=\"780\" srcset=\"https:\/\/graphimarket.com\/wp-content\/uploads\/2020\/09\/b576c720-6404-4c81-aa26-5f5ae18bf604.jpg 1170w, https:\/\/graphimarket.com\/wp-content\/uploads\/2020\/09\/b576c720-6404-4c81-aa26-5f5ae18bf604-300x200.jpg 300w, https:\/\/graphimarket.com\/wp-content\/uploads\/2020\/09\/b576c720-6404-4c81-aa26-5f5ae18bf604-1024x683.jpg 1024w, https:\/\/graphimarket.com\/wp-content\/uploads\/2020\/09\/b576c720-6404-4c81-aa26-5f5ae18bf604-768x512.jpg 768w, https:\/\/graphimarket.com\/wp-content\/uploads\/2020\/09\/b576c720-6404-4c81-aa26-5f5ae18bf604-600x400.jpg 600w\" sizes=\"(max-width: 1170px) 100vw, 1170px\" \/> <img loading=\"lazy\" decoding=\"async\" class=\"aligncenter wp-image-10527 size-full\" src=\"https:\/\/graphimarket.com\/wp-content\/uploads\/2020\/09\/32d015c1-9561-46c7-884b-83abf7442ac2.jpg\" alt=\"\" width=\"1170\" height=\"780\" srcset=\"https:\/\/graphimarket.com\/wp-content\/uploads\/2020\/09\/32d015c1-9561-46c7-884b-83abf7442ac2.jpg 1170w, https:\/\/graphimarket.com\/wp-content\/uploads\/2020\/09\/32d015c1-9561-46c7-884b-83abf7442ac2-300x200.jpg 300w, https:\/\/graphimarket.com\/wp-content\/uploads\/2020\/09\/32d015c1-9561-46c7-884b-83abf7442ac2-1024x683.jpg 1024w, https:\/\/graphimarket.com\/wp-content\/uploads\/2020\/09\/32d015c1-9561-46c7-884b-83abf7442ac2-768x512.jpg 768w, https:\/\/graphimarket.com\/wp-content\/uploads\/2020\/09\/32d015c1-9561-46c7-884b-83abf7442ac2-600x400.jpg 600w\" sizes=\"(max-width: 1170px) 100vw, 1170px\" \/> <img loading=\"lazy\" decoding=\"async\" class=\"aligncenter wp-image-10528 size-full\" src=\"https:\/\/graphimarket.com\/wp-content\/uploads\/2020\/09\/8c5b7034-106c-43d4-a3a4-4613c4b653cd.jpg\" alt=\"\" width=\"1170\" height=\"780\" srcset=\"https:\/\/graphimarket.com\/wp-content\/uploads\/2020\/09\/8c5b7034-106c-43d4-a3a4-4613c4b653cd.jpg 1170w, https:\/\/graphimarket.com\/wp-content\/uploads\/2020\/09\/8c5b7034-106c-43d4-a3a4-4613c4b653cd-300x200.jpg 300w, https:\/\/graphimarket.com\/wp-content\/uploads\/2020\/09\/8c5b7034-106c-43d4-a3a4-4613c4b653cd-1024x683.jpg 1024w, https:\/\/graphimarket.com\/wp-content\/uploads\/2020\/09\/8c5b7034-106c-43d4-a3a4-4613c4b653cd-768x512.jpg 768w, https:\/\/graphimarket.com\/wp-content\/uploads\/2020\/09\/8c5b7034-106c-43d4-a3a4-4613c4b653cd-600x400.jpg 600w\" sizes=\"(max-width: 1170px) 100vw, 1170px\" \/> <img loading=\"lazy\" decoding=\"async\" class=\"aligncenter wp-image-10529 size-full\" src=\"https:\/\/graphimarket.com\/wp-content\/uploads\/2020\/09\/53fdb5bd-a7d5-4ff4-a02d-018711bc3494.jpg\" alt=\"\" width=\"1170\" height=\"780\" srcset=\"https:\/\/graphimarket.com\/wp-content\/uploads\/2020\/09\/53fdb5bd-a7d5-4ff4-a02d-018711bc3494.jpg 1170w, https:\/\/graphimarket.com\/wp-content\/uploads\/2020\/09\/53fdb5bd-a7d5-4ff4-a02d-018711bc3494-300x200.jpg 300w, https:\/\/graphimarket.com\/wp-content\/uploads\/2020\/09\/53fdb5bd-a7d5-4ff4-a02d-018711bc3494-1024x683.jpg 1024w, https:\/\/graphimarket.com\/wp-content\/uploads\/2020\/09\/53fdb5bd-a7d5-4ff4-a02d-018711bc3494-768x512.jpg 768w, https:\/\/graphimarket.com\/wp-content\/uploads\/2020\/09\/53fdb5bd-a7d5-4ff4-a02d-018711bc3494-600x400.jpg 600w\" sizes=\"(max-width: 1170px) 100vw, 1170px\" \/><\/p>\n<div class=\"_3YqMOf9R\">\n<div class=\"_3KAa4-GZ frEFeDSS\"><\/div>\n<\/div>","protected":false},"excerpt":{"rendered":"<p>Sinisuka\u00a0an excellent typeface for modern hand lettering logo designs. And suitable for any design needs, branding, modern advertising design, Art Quote, Book\/Cover Title, special events, custom mug, pillow, t-shirts, any brush lettering needs and more. What&#8217;s Included : Sinisuka Typeface ( .ttf &amp; .otf) comes with upper and lowercase Standard Characters, Punctuation, Numerals. And other [&hellip;]<\/p>\n","protected":false},"featured_media":10530,"comment_status":"open","ping_status":"closed","template":"","meta":{"site-sidebar-layout":"default","site-content-layout":"default","ast-site-content-layout":"default","site-content-style":"default","site-sidebar-style":"default","ast-global-header-display":"","ast-banner-title-visibility":"","ast-main-header-display":"","ast-hfb-above-header-display":"","ast-hfb-below-header-display":"","ast-hfb-mobile-header-display":"","site-post-title":"","ast-breadcrumbs-content":"","ast-featured-img":"","footer-sml-layout":"","ast-disable-related-posts":"","theme-transparent-header-meta":"default","adv-header-id-meta":"","stick-header-meta":"","header-above-stick-meta":"","header-main-stick-meta":"","header-below-stick-meta":"","astra-migrate-meta-layouts":"default","ast-page-background-enabled":"default","ast-page-background-meta":{"desktop":{"background-color":"","background-image":"","background-repeat":"repeat","background-position":"center center","background-size":"auto","background-attachment":"scroll","background-type":"","background-media":"","overlay-type":"","overlay-color":"","overlay-opacity":"","overlay-gradient":""},"tablet":{"background-color":"","background-image":"","background-repeat":"repeat","background-position":"center center","background-size":"auto","background-attachment":"scroll","background-type":"","background-media":"","overlay-type":"","overlay-color":"","overlay-opacity":"","overlay-gradient":""},"mobile":{"background-color":"","background-image":"","background-repeat":"repeat","background-position":"center center","background-size":"auto","background-attachment":"scroll","background-type":"","background-media":"","overlay-type":"","overlay-color":"","overlay-opacity":"","overlay-gradient":""}},"ast-content-background-meta":{"desktop":{"background-color":"var(--ast-global-color-5)","background-image":"","background-repeat":"repeat","background-position":"center center","background-size":"auto","background-attachment":"scroll","background-type":"","background-media":"","overlay-type":"","overlay-color":"","overlay-opacity":"","overlay-gradient":""},"tablet":{"background-color":"var(--ast-global-color-5)","background-image":"","background-repeat":"repeat","background-position":"center center","background-size":"auto","background-attachment":"scroll","background-type":"","background-media":"","overlay-type":"","overlay-color":"","overlay-opacity":"","overlay-gradient":""},"mobile":{"background-color":"var(--ast-global-color-5)","background-image":"","background-repeat":"repeat","background-position":"center center","background-size":"auto","background-attachment":"scroll","background-type":"","background-media":"","overlay-type":"","overlay-color":"","overlay-opacity":"","overlay-gradient":""}}},"product_brand":[],"product_cat":[187,191],"product_tag":[1071,703,389,1076,1070,437,297,1075,496,1072,1073,1069,276,885,1074],"class_list":{"0":"post-10523","1":"product","2":"type-product","3":"status-publish","4":"has-post-thumbnail","6":"product_cat-fonts","7":"product_cat-free","8":"product_tag-bestseller","9":"product_tag-brand","10":"product_tag-brush","11":"product_tag-calligraphy","12":"product_tag-handlettering","13":"product_tag-handmade","14":"product_tag-logo","15":"product_tag-logotype","16":"product_tag-marker","17":"product_tag-playful","18":"product_tag-script","19":"product_tag-swash","20":"product_tag-vintage","21":"product_tag-web","22":"product_tag-wordmark","23":"desktop-align-left","24":"tablet-align-left","25":"mobile-align-left","27":"first","28":"instock","29":"downloadable","30":"virtual","31":"taxable","32":"purchasable","33":"product-type-simple"},"yoast_head":"<!-- This site is optimized with the Yoast SEO plugin v27.3 - https:\/\/yoast.com\/product\/yoast-seo-wordpress\/ -->\n<title>Sinisuka - Graphimarket<\/title>\n<meta name=\"description\" content=\"Sinisuka\u00a0an excellent typeface for modern hand lettering logo designs. And suitable for any design needs, branding, modern...\" \/>\n<meta name=\"robots\" content=\"index, follow, max-snippet:-1, max-image-preview:large, max-video-preview:-1\" \/>\n<link rel=\"canonical\" href=\"https:\/\/graphimarket.com\/fr\/product\/sinisuka\/\" \/>\n<meta property=\"og:locale\" content=\"fr_FR\" \/>\n<meta property=\"og:type\" content=\"article\" \/>\n<meta property=\"og:title\" content=\"Sinisuka - Graphimarket\" \/>\n<meta property=\"og:description\" content=\"Sinisuka\u00a0an excellent typeface for modern hand lettering logo designs. And suitable for any design needs, branding, modern...\" \/>\n<meta property=\"og:url\" content=\"https:\/\/graphimarket.com\/fr\/product\/sinisuka\/\" \/>\n<meta property=\"og:site_name\" content=\"Graphimarket\" \/>\n<meta property=\"article:modified_time\" content=\"2024-07-12T23:34:06+00:00\" \/>\n<meta property=\"og:image\" content=\"https:\/\/graphimarket.com\/wp-content\/uploads\/2020\/09\/3d92d44d-b0d6-4e94-83cf-313c62e0a4a3.jpg\" \/>\n\t<meta property=\"og:image:width\" content=\"1019\" \/>\n\t<meta property=\"og:image:height\" content=\"679\" \/>\n\t<meta property=\"og:image:type\" content=\"image\/jpeg\" \/>\n<meta name=\"twitter:card\" content=\"summary_large_image\" \/>\n<meta name=\"twitter:label1\" content=\"Est. reading time\" \/>\n\t<meta name=\"twitter:data1\" content=\"1 minute\" \/>\n<script type=\"application\/ld+json\" class=\"yoast-schema-graph\">{\"@context\":\"https:\\\/\\\/schema.org\",\"@graph\":[{\"@type\":\"WebPage\",\"@id\":\"https:\\\/\\\/graphimarket.com\\\/product\\\/sinisuka\\\/\",\"url\":\"https:\\\/\\\/graphimarket.com\\\/product\\\/sinisuka\\\/\",\"name\":\"Sinisuka - Graphimarket\",\"isPartOf\":{\"@id\":\"https:\\\/\\\/graphimarket.com\\\/fr\\\/#website\"},\"primaryImageOfPage\":{\"@id\":\"https:\\\/\\\/graphimarket.com\\\/product\\\/sinisuka\\\/#primaryimage\"},\"image\":{\"@id\":\"https:\\\/\\\/graphimarket.com\\\/product\\\/sinisuka\\\/#primaryimage\"},\"thumbnailUrl\":\"https:\\\/\\\/graphimarket.com\\\/wp-content\\\/uploads\\\/2020\\\/09\\\/3d92d44d-b0d6-4e94-83cf-313c62e0a4a3.jpg\",\"datePublished\":\"2020-09-18T12:52:55+00:00\",\"dateModified\":\"2024-07-12T23:34:06+00:00\",\"description\":\"Sinisuka\u00a0an excellent typeface for modern hand lettering logo designs. And suitable for any design needs, branding, modern...\",\"breadcrumb\":{\"@id\":\"https:\\\/\\\/graphimarket.com\\\/product\\\/sinisuka\\\/#breadcrumb\"},\"inLanguage\":\"fr-FR\",\"potentialAction\":[{\"@type\":\"ReadAction\",\"target\":[\"https:\\\/\\\/graphimarket.com\\\/product\\\/sinisuka\\\/\"]}]},{\"@type\":\"ImageObject\",\"inLanguage\":\"fr-FR\",\"@id\":\"https:\\\/\\\/graphimarket.com\\\/product\\\/sinisuka\\\/#primaryimage\",\"url\":\"https:\\\/\\\/graphimarket.com\\\/wp-content\\\/uploads\\\/2020\\\/09\\\/3d92d44d-b0d6-4e94-83cf-313c62e0a4a3.jpg\",\"contentUrl\":\"https:\\\/\\\/graphimarket.com\\\/wp-content\\\/uploads\\\/2020\\\/09\\\/3d92d44d-b0d6-4e94-83cf-313c62e0a4a3.jpg\",\"width\":1019,\"height\":679},{\"@type\":\"BreadcrumbList\",\"@id\":\"https:\\\/\\\/graphimarket.com\\\/product\\\/sinisuka\\\/#breadcrumb\",\"itemListElement\":[{\"@type\":\"ListItem\",\"position\":1,\"name\":\"Home\",\"item\":\"https:\\\/\\\/graphimarket.com\\\/es\\\/\"},{\"@type\":\"ListItem\",\"position\":2,\"name\":\"Store\",\"item\":\"https:\\\/\\\/graphimarket.com\\\/store\\\/\"},{\"@type\":\"ListItem\",\"position\":3,\"name\":\"Sinisuka\"}]},{\"@type\":\"WebSite\",\"@id\":\"https:\\\/\\\/graphimarket.com\\\/fr\\\/#website\",\"url\":\"https:\\\/\\\/graphimarket.com\\\/fr\\\/\",\"name\":\"Graphimarket\",\"description\":\"Find the perfect creative asset to bring your project to life\",\"publisher\":{\"@id\":\"https:\\\/\\\/graphimarket.com\\\/fr\\\/#organization\"},\"potentialAction\":[{\"@type\":\"SearchAction\",\"target\":{\"@type\":\"EntryPoint\",\"urlTemplate\":\"https:\\\/\\\/graphimarket.com\\\/fr\\\/?s={search_term_string}\"},\"query-input\":{\"@type\":\"PropertyValueSpecification\",\"valueRequired\":true,\"valueName\":\"search_term_string\"}}],\"inLanguage\":\"fr-FR\"},{\"@type\":\"Organization\",\"@id\":\"https:\\\/\\\/graphimarket.com\\\/fr\\\/#organization\",\"name\":\"Graphimarket\",\"url\":\"https:\\\/\\\/graphimarket.com\\\/fr\\\/\",\"logo\":{\"@type\":\"ImageObject\",\"inLanguage\":\"fr-FR\",\"@id\":\"https:\\\/\\\/graphimarket.com\\\/fr\\\/#\\\/schema\\\/logo\\\/image\\\/\",\"url\":\"https:\\\/\\\/graphimarket.com\\\/wp-content\\\/uploads\\\/2020\\\/08\\\/logo-48.png\",\"contentUrl\":\"https:\\\/\\\/graphimarket.com\\\/wp-content\\\/uploads\\\/2020\\\/08\\\/logo-48.png\",\"width\":132,\"height\":48,\"caption\":\"Graphimarket\"},\"image\":{\"@id\":\"https:\\\/\\\/graphimarket.com\\\/fr\\\/#\\\/schema\\\/logo\\\/image\\\/\"}}]}<\/script>\n<!-- \/ Yoast SEO plugin. -->","yoast_head_json":{"title":"Sinisuka - Graphimarket","description":"Sinisuka est une excellente police de caract\u00e8res pour les cr\u00e9ations de logo de lettrage \u00e0 la main modernes. Et adapt\u00e9 \u00e0 tous les besoins de conception, de marque, de modernit\u00e9 ...","robots":{"index":"index","follow":"follow","max-snippet":"max-snippet:-1","max-image-preview":"max-image-preview:large","max-video-preview":"max-video-preview:-1"},"canonical":"https:\/\/graphimarket.com\/fr\/product\/sinisuka\/","og_locale":"fr_FR","og_type":"article","og_title":"Sinisuka - Graphimarket","og_description":"Sinisuka\u00a0an excellent typeface for modern hand lettering logo designs. And suitable for any design needs, branding, modern...","og_url":"https:\/\/graphimarket.com\/fr\/product\/sinisuka\/","og_site_name":"Graphimarket","article_modified_time":"2024-07-12T23:34:06+00:00","og_image":[{"width":1019,"height":679,"url":"https:\/\/graphimarket.com\/wp-content\/uploads\/2020\/09\/3d92d44d-b0d6-4e94-83cf-313c62e0a4a3.jpg","type":"image\/jpeg"}],"twitter_card":"summary_large_image","twitter_misc":{"Est. reading time":"1 minute"},"schema":{"@context":"https:\/\/schema.org","@graph":[{"@type":"WebPage","@id":"https:\/\/graphimarket.com\/product\/sinisuka\/","url":"https:\/\/graphimarket.com\/product\/sinisuka\/","name":"Sinisuka - Graphimarket","isPartOf":{"@id":"https:\/\/graphimarket.com\/fr\/#website"},"primaryImageOfPage":{"@id":"https:\/\/graphimarket.com\/product\/sinisuka\/#primaryimage"},"image":{"@id":"https:\/\/graphimarket.com\/product\/sinisuka\/#primaryimage"},"thumbnailUrl":"https:\/\/graphimarket.com\/wp-content\/uploads\/2020\/09\/3d92d44d-b0d6-4e94-83cf-313c62e0a4a3.jpg","datePublished":"2020-09-18T12:52:55+00:00","dateModified":"2024-07-12T23:34:06+00:00","description":"Sinisuka est une excellente police de caract\u00e8res pour les cr\u00e9ations de logo de lettrage \u00e0 la main modernes. Et adapt\u00e9 \u00e0 tous les besoins de conception, de marque, de modernit\u00e9 ...","breadcrumb":{"@id":"https:\/\/graphimarket.com\/product\/sinisuka\/#breadcrumb"},"inLanguage":"fr-FR","potentialAction":[{"@type":"ReadAction","target":["https:\/\/graphimarket.com\/product\/sinisuka\/"]}]},{"@type":"ImageObject","inLanguage":"fr-FR","@id":"https:\/\/graphimarket.com\/product\/sinisuka\/#primaryimage","url":"https:\/\/graphimarket.com\/wp-content\/uploads\/2020\/09\/3d92d44d-b0d6-4e94-83cf-313c62e0a4a3.jpg","contentUrl":"https:\/\/graphimarket.com\/wp-content\/uploads\/2020\/09\/3d92d44d-b0d6-4e94-83cf-313c62e0a4a3.jpg","width":1019,"height":679},{"@type":"BreadcrumbList","@id":"https:\/\/graphimarket.com\/product\/sinisuka\/#breadcrumb","itemListElement":[{"@type":"ListItem","position":1,"name":"Home","item":"https:\/\/graphimarket.com\/es\/"},{"@type":"ListItem","position":2,"name":"Store","item":"https:\/\/graphimarket.com\/store\/"},{"@type":"ListItem","position":3,"name":"Sinisuka"}]},{"@type":"WebSite","@id":"https:\/\/graphimarket.com\/fr\/#website","url":"https:\/\/graphimarket.com\/fr\/","name":"Graphimarket","description":"Trouvez l&#039;atout cr\u00e9atif parfait pour donner vie \u00e0 votre projet","publisher":{"@id":"https:\/\/graphimarket.com\/fr\/#organization"},"potentialAction":[{"@type":"SearchAction","target":{"@type":"EntryPoint","urlTemplate":"https:\/\/graphimarket.com\/fr\/?s={search_term_string}"},"query-input":{"@type":"PropertyValueSpecification","valueRequired":true,"valueName":"search_term_string"}}],"inLanguage":"fr-FR"},{"@type":"Organization","@id":"https:\/\/graphimarket.com\/fr\/#organization","name":"Graphimarket","url":"https:\/\/graphimarket.com\/fr\/","logo":{"@type":"ImageObject","inLanguage":"fr-FR","@id":"https:\/\/graphimarket.com\/fr\/#\/schema\/logo\/image\/","url":"https:\/\/graphimarket.com\/wp-content\/uploads\/2020\/08\/logo-48.png","contentUrl":"https:\/\/graphimarket.com\/wp-content\/uploads\/2020\/08\/logo-48.png","width":132,"height":48,"caption":"Graphimarket"},"image":{"@id":"https:\/\/graphimarket.com\/fr\/#\/schema\/logo\/image\/"}}]}},"_links":{"self":[{"href":"http:\/\/graphimarket.com\/fr\/wp-json\/wp\/v2\/product\/10523","targetHints":{"allow":["GET"]}}],"collection":[{"href":"http:\/\/graphimarket.com\/fr\/wp-json\/wp\/v2\/product"}],"about":[{"href":"http:\/\/graphimarket.com\/fr\/wp-json\/wp\/v2\/types\/product"}],"replies":[{"embeddable":true,"href":"http:\/\/graphimarket.com\/fr\/wp-json\/wp\/v2\/comments?post=10523"}],"version-history":[{"count":0,"href":"http:\/\/graphimarket.com\/fr\/wp-json\/wp\/v2\/product\/10523\/revisions"}],"wp:featuredmedia":[{"embeddable":true,"href":"http:\/\/graphimarket.com\/fr\/wp-json\/wp\/v2\/media\/10530"}],"wp:attachment":[{"href":"http:\/\/graphimarket.com\/fr\/wp-json\/wp\/v2\/media?parent=10523"}],"wp:term":[{"taxonomy":"product_brand","embeddable":true,"href":"http:\/\/graphimarket.com\/fr\/wp-json\/wp\/v2\/product_brand?post=10523"},{"taxonomy":"product_cat","embeddable":true,"href":"http:\/\/graphimarket.com\/fr\/wp-json\/wp\/v2\/product_cat?post=10523"},{"taxonomy":"product_tag","embeddable":true,"href":"http:\/\/graphimarket.com\/fr\/wp-json\/wp\/v2\/product_tag?post=10523"}],"curies":[{"name":"wp","href":"https:\/\/api.w.org\/{rel}","templated":true}]}}