{"id":10778,"date":"2020-09-19T14:51:04","date_gmt":"2020-09-19T12:51:04","guid":{"rendered":"https:\/\/graphimarket.com\/?post_type=product&#038;p=10778"},"modified":"2022-12-19T10:09:42","modified_gmt":"2022-12-19T09:09:42","slug":"summerbliss-lightroom-presets","status":"publish","type":"product","link":"http:\/\/graphimarket.com\/fr\/product\/summerbliss-lightroom-presets\/","title":{"rendered":"Pr\u00e9r\u00e9glages Summerbliss Lightroom"},"content":{"rendered":"<div class=\"_2Masz2rr\">\n<p>La collection Summerbliss propose 12 pr\u00e9r\u00e9glages de photos artistiques pour un traitement cr\u00e9atif des couleurs dans Adobe Lightroom. Naturelles et \u00e9clatantes, elles apportent une tonalit\u00e9 et une am\u00e9lioration des couleurs en un seul clic. Con\u00e7u pour la photographie de portrait en plein air, de mariage, d&#039;histoire d&#039;amour, de style de vie et de grossesse.<\/p>\n<p><strong>12 PRESETS INCLUS:<\/strong><\/p>\n<p>6 pr\u00e9r\u00e9glages originaux:<\/p>\n<ul>\n<li>Summerbliss 01 - Naturel<\/li>\n<li>Summerbliss 02 - Ardeur<\/li>\n<li>Summerbliss 03 - Steppe<\/li>\n<li>Summerbliss 04 - Paysage<\/li>\n<li>Summerbliss 05 - Serein<\/li>\n<li>Summerbliss 06 - Sauvage<\/li>\n<\/ul>\n<p>6 variations pr\u00e9d\u00e9finies (pour correspondre \u00e0 diff\u00e9rents param\u00e8tres d&#039;\u00e9clairage et de cam\u00e9ra)<\/p>\n<p>COMPATIBILIT\u00c9:<br \/>\nLightroom 4 et versions ult\u00e9rieures, y compris CC 2015. Ces param\u00e8tres pr\u00e9d\u00e9finis sont r\u00e9serv\u00e9s \u00e0 Adobe Lightroom et ne fonctionneront pas dans Photoshop.<\/p>\n<p>INSTALLATION:<br \/>\nStandard pour les pr\u00e9r\u00e9glages Lightroom. De br\u00e8ves instructions d&#039;installation et d&#039;utilisation se trouvent dans l&#039;archive.<\/p>\n<p>Presetrain Co. | Photographie Alexander Kuzmin<\/p>\n<\/div>\n<p>&nbsp;<\/p>\n<p><img fetchpriority=\"high\" decoding=\"async\" class=\"aligncenter wp-image-10781 size-full\" src=\"https:\/\/graphimarket.com\/wp-content\/uploads\/2020\/09\/b9bff87d-e601-4c99-9fda-a2df17ade6e1.jpg\" alt=\"\" width=\"900\" height=\"599\" srcset=\"https:\/\/graphimarket.com\/wp-content\/uploads\/2020\/09\/b9bff87d-e601-4c99-9fda-a2df17ade6e1.jpg 900w, https:\/\/graphimarket.com\/wp-content\/uploads\/2020\/09\/b9bff87d-e601-4c99-9fda-a2df17ade6e1-300x200.jpg 300w, https:\/\/graphimarket.com\/wp-content\/uploads\/2020\/09\/b9bff87d-e601-4c99-9fda-a2df17ade6e1-768x511.jpg 768w, https:\/\/graphimarket.com\/wp-content\/uploads\/2020\/09\/b9bff87d-e601-4c99-9fda-a2df17ade6e1-600x399.jpg 600w\" sizes=\"(max-width: 900px) 100vw, 900px\" \/> <img decoding=\"async\" class=\"aligncenter wp-image-10782 size-full\" src=\"https:\/\/graphimarket.com\/wp-content\/uploads\/2020\/09\/e5e92e6f-b2b8-4a1d-ba51-413c29a3f688.jpg\" alt=\"\" width=\"900\" height=\"599\" srcset=\"https:\/\/graphimarket.com\/wp-content\/uploads\/2020\/09\/e5e92e6f-b2b8-4a1d-ba51-413c29a3f688.jpg 900w, https:\/\/graphimarket.com\/wp-content\/uploads\/2020\/09\/e5e92e6f-b2b8-4a1d-ba51-413c29a3f688-300x200.jpg 300w, https:\/\/graphimarket.com\/wp-content\/uploads\/2020\/09\/e5e92e6f-b2b8-4a1d-ba51-413c29a3f688-768x511.jpg 768w, https:\/\/graphimarket.com\/wp-content\/uploads\/2020\/09\/e5e92e6f-b2b8-4a1d-ba51-413c29a3f688-600x399.jpg 600w\" sizes=\"(max-width: 900px) 100vw, 900px\" \/> <img decoding=\"async\" class=\"aligncenter wp-image-10783 size-full\" src=\"https:\/\/graphimarket.com\/wp-content\/uploads\/2020\/09\/f84e868a-07ff-4cbf-b38e-86bde701cd5c.jpg\" alt=\"\" width=\"900\" height=\"599\" srcset=\"https:\/\/graphimarket.com\/wp-content\/uploads\/2020\/09\/f84e868a-07ff-4cbf-b38e-86bde701cd5c.jpg 900w, https:\/\/graphimarket.com\/wp-content\/uploads\/2020\/09\/f84e868a-07ff-4cbf-b38e-86bde701cd5c-300x200.jpg 300w, https:\/\/graphimarket.com\/wp-content\/uploads\/2020\/09\/f84e868a-07ff-4cbf-b38e-86bde701cd5c-768x511.jpg 768w, https:\/\/graphimarket.com\/wp-content\/uploads\/2020\/09\/f84e868a-07ff-4cbf-b38e-86bde701cd5c-600x399.jpg 600w\" sizes=\"(max-width: 900px) 100vw, 900px\" \/> <img loading=\"lazy\" decoding=\"async\" class=\"aligncenter wp-image-10784 size-full\" src=\"https:\/\/graphimarket.com\/wp-content\/uploads\/2020\/09\/acb1ac77-db3b-4c12-9b09-97c350fefc3c-1.jpg\" alt=\"\" width=\"866\" height=\"577\" srcset=\"https:\/\/graphimarket.com\/wp-content\/uploads\/2020\/09\/acb1ac77-db3b-4c12-9b09-97c350fefc3c-1.jpg 866w, https:\/\/graphimarket.com\/wp-content\/uploads\/2020\/09\/acb1ac77-db3b-4c12-9b09-97c350fefc3c-1-300x200.jpg 300w, https:\/\/graphimarket.com\/wp-content\/uploads\/2020\/09\/acb1ac77-db3b-4c12-9b09-97c350fefc3c-1-768x512.jpg 768w, https:\/\/graphimarket.com\/wp-content\/uploads\/2020\/09\/acb1ac77-db3b-4c12-9b09-97c350fefc3c-1-600x400.jpg 600w\" sizes=\"(max-width: 866px) 100vw, 866px\" \/> <img loading=\"lazy\" decoding=\"async\" class=\"aligncenter wp-image-10785 size-full\" src=\"https:\/\/graphimarket.com\/wp-content\/uploads\/2020\/09\/1ab10e4d-e8aa-47f6-832b-26fcc45801e8.jpg\" alt=\"\" width=\"900\" height=\"599\" srcset=\"https:\/\/graphimarket.com\/wp-content\/uploads\/2020\/09\/1ab10e4d-e8aa-47f6-832b-26fcc45801e8.jpg 900w, https:\/\/graphimarket.com\/wp-content\/uploads\/2020\/09\/1ab10e4d-e8aa-47f6-832b-26fcc45801e8-300x200.jpg 300w, https:\/\/graphimarket.com\/wp-content\/uploads\/2020\/09\/1ab10e4d-e8aa-47f6-832b-26fcc45801e8-768x511.jpg 768w, https:\/\/graphimarket.com\/wp-content\/uploads\/2020\/09\/1ab10e4d-e8aa-47f6-832b-26fcc45801e8-600x399.jpg 600w\" sizes=\"(max-width: 900px) 100vw, 900px\" \/> <img loading=\"lazy\" decoding=\"async\" class=\"aligncenter wp-image-10786 size-full\" src=\"https:\/\/graphimarket.com\/wp-content\/uploads\/2020\/09\/361a24a4-126a-4dce-b329-5882512b24b5.jpg\" alt=\"\" width=\"900\" height=\"599\" srcset=\"https:\/\/graphimarket.com\/wp-content\/uploads\/2020\/09\/361a24a4-126a-4dce-b329-5882512b24b5.jpg 900w, https:\/\/graphimarket.com\/wp-content\/uploads\/2020\/09\/361a24a4-126a-4dce-b329-5882512b24b5-300x200.jpg 300w, https:\/\/graphimarket.com\/wp-content\/uploads\/2020\/09\/361a24a4-126a-4dce-b329-5882512b24b5-768x511.jpg 768w, https:\/\/graphimarket.com\/wp-content\/uploads\/2020\/09\/361a24a4-126a-4dce-b329-5882512b24b5-600x399.jpg 600w\" sizes=\"(max-width: 900px) 100vw, 900px\" \/> <img loading=\"lazy\" decoding=\"async\" class=\"aligncenter wp-image-10787 size-full\" src=\"https:\/\/graphimarket.com\/wp-content\/uploads\/2020\/09\/a2efef68-0b4e-4d52-98c5-bfcaa6e5d5b4.jpg\" alt=\"\" width=\"900\" height=\"599\" srcset=\"https:\/\/graphimarket.com\/wp-content\/uploads\/2020\/09\/a2efef68-0b4e-4d52-98c5-bfcaa6e5d5b4.jpg 900w, https:\/\/graphimarket.com\/wp-content\/uploads\/2020\/09\/a2efef68-0b4e-4d52-98c5-bfcaa6e5d5b4-300x200.jpg 300w, https:\/\/graphimarket.com\/wp-content\/uploads\/2020\/09\/a2efef68-0b4e-4d52-98c5-bfcaa6e5d5b4-768x511.jpg 768w, https:\/\/graphimarket.com\/wp-content\/uploads\/2020\/09\/a2efef68-0b4e-4d52-98c5-bfcaa6e5d5b4-600x399.jpg 600w\" sizes=\"(max-width: 900px) 100vw, 900px\" \/> <img loading=\"lazy\" decoding=\"async\" class=\"aligncenter wp-image-10788 size-full\" src=\"https:\/\/graphimarket.com\/wp-content\/uploads\/2020\/09\/a672d906-19ed-4e01-af11-4fcfddbd9349.jpg\" alt=\"\" width=\"900\" height=\"599\" srcset=\"https:\/\/graphimarket.com\/wp-content\/uploads\/2020\/09\/a672d906-19ed-4e01-af11-4fcfddbd9349.jpg 900w, https:\/\/graphimarket.com\/wp-content\/uploads\/2020\/09\/a672d906-19ed-4e01-af11-4fcfddbd9349-300x200.jpg 300w, https:\/\/graphimarket.com\/wp-content\/uploads\/2020\/09\/a672d906-19ed-4e01-af11-4fcfddbd9349-768x511.jpg 768w, https:\/\/graphimarket.com\/wp-content\/uploads\/2020\/09\/a672d906-19ed-4e01-af11-4fcfddbd9349-600x399.jpg 600w\" sizes=\"(max-width: 900px) 100vw, 900px\" \/><\/p>\n<div class=\"_3YqMOf9R\">\n<div class=\"_3KAa4-GZ frEFeDSS\"><\/div>\n<\/div>","protected":false},"excerpt":{"rendered":"<p>Summerbliss collection offers 12 artistic photo presets for creative color processing in Adobe Lightroom. Natural and vibrant, they provide color toning and enhancement with a single click. Designed for outdoor portrait, wedding, love-story, lifestyle and pregnancy photography. 12 PRESETS INCLUDED: 6 original presets: Summerbliss 01 &#8211; Natural Summerbliss 02 &#8211; Ardour Summerbliss 03 &#8211; Steppe [&hellip;]<\/p>\n","protected":false},"featured_media":10780,"comment_status":"open","ping_status":"closed","template":"","meta":{"site-sidebar-layout":"default","site-content-layout":"default","ast-site-content-layout":"default","site-content-style":"default","site-sidebar-style":"default","ast-global-header-display":"","ast-banner-title-visibility":"","ast-main-header-display":"","ast-hfb-above-header-display":"","ast-hfb-below-header-display":"","ast-hfb-mobile-header-display":"","site-post-title":"","ast-breadcrumbs-content":"","ast-featured-img":"","footer-sml-layout":"","ast-disable-related-posts":"","theme-transparent-header-meta":"default","adv-header-id-meta":"","stick-header-meta":"","header-above-stick-meta":"","header-main-stick-meta":"","header-below-stick-meta":"","astra-migrate-meta-layouts":"default","ast-page-background-enabled":"default","ast-page-background-meta":{"desktop":{"background-color":"","background-image":"","background-repeat":"repeat","background-position":"center center","background-size":"auto","background-attachment":"scroll","background-type":"","background-media":"","overlay-type":"","overlay-color":"","overlay-opacity":"","overlay-gradient":""},"tablet":{"background-color":"","background-image":"","background-repeat":"repeat","background-position":"center center","background-size":"auto","background-attachment":"scroll","background-type":"","background-media":"","overlay-type":"","overlay-color":"","overlay-opacity":"","overlay-gradient":""},"mobile":{"background-color":"","background-image":"","background-repeat":"repeat","background-position":"center center","background-size":"auto","background-attachment":"scroll","background-type":"","background-media":"","overlay-type":"","overlay-color":"","overlay-opacity":"","overlay-gradient":""}},"ast-content-background-meta":{"desktop":{"background-color":"var(--ast-global-color-5)","background-image":"","background-repeat":"repeat","background-position":"center center","background-size":"auto","background-attachment":"scroll","background-type":"","background-media":"","overlay-type":"","overlay-color":"","overlay-opacity":"","overlay-gradient":""},"tablet":{"background-color":"var(--ast-global-color-5)","background-image":"","background-repeat":"repeat","background-position":"center center","background-size":"auto","background-attachment":"scroll","background-type":"","background-media":"","overlay-type":"","overlay-color":"","overlay-opacity":"","overlay-gradient":""},"mobile":{"background-color":"var(--ast-global-color-5)","background-image":"","background-repeat":"repeat","background-position":"center center","background-size":"auto","background-attachment":"scroll","background-type":"","background-media":"","overlay-type":"","overlay-color":"","overlay-opacity":"","overlay-gradient":""}}},"product_brand":[],"product_cat":[15],"product_tag":[485,274,339,335,1187,1186,1185,321,1184,344,318,1105,1104,341,326],"class_list":{"0":"post-10778","1":"product","2":"type-product","3":"status-publish","4":"has-post-thumbnail","6":"product_cat-photo","7":"product_tag-addon","8":"product_tag-effect","9":"product_tag-filter","10":"product_tag-lightroom","11":"product_tag-lovestory","12":"product_tag-lr","13":"product_tag-maternity","14":"product_tag-portrait","15":"product_tag-pregnancy","16":"product_tag-presetrain","17":"product_tag-presets","18":"product_tag-romantic","19":"product_tag-summer","20":"product_tag-toning","21":"product_tag-wedding","22":"desktop-align-left","23":"tablet-align-left","24":"mobile-align-left","26":"first","27":"instock","28":"downloadable","29":"virtual","30":"taxable","31":"purchasable","32":"product-type-simple"},"yoast_head":"<!-- This site is optimized with the Yoast SEO plugin v27.3 - https:\/\/yoast.com\/product\/yoast-seo-wordpress\/ -->\n<title>Summerbliss Lightroom Presets - Graphimarket<\/title>\n<meta name=\"description\" content=\"Summerbliss collection offers 12 artistic photo presets for creative color processing in Adobe Lightroom. Natural and vibrant...\" \/>\n<meta name=\"robots\" content=\"index, follow, max-snippet:-1, max-image-preview:large, max-video-preview:-1\" \/>\n<link rel=\"canonical\" href=\"https:\/\/graphimarket.com\/fr\/product\/summerbliss-lightroom-presets\/\" \/>\n<meta property=\"og:locale\" content=\"fr_FR\" \/>\n<meta property=\"og:type\" content=\"article\" \/>\n<meta property=\"og:title\" content=\"Summerbliss Lightroom Presets - Graphimarket\" \/>\n<meta property=\"og:description\" content=\"Summerbliss collection offers 12 artistic photo presets for creative color processing in Adobe Lightroom. Natural and vibrant...\" \/>\n<meta property=\"og:url\" content=\"https:\/\/graphimarket.com\/fr\/product\/summerbliss-lightroom-presets\/\" \/>\n<meta property=\"og:site_name\" content=\"Graphimarket\" \/>\n<meta property=\"article:modified_time\" content=\"2022-12-19T09:09:42+00:00\" \/>\n<meta property=\"og:image\" content=\"https:\/\/graphimarket.com\/wp-content\/uploads\/2020\/09\/acb1ac77-db3b-4c12-9b09-97c350fefc3c.jpg\" \/>\n\t<meta property=\"og:image:width\" content=\"866\" \/>\n\t<meta property=\"og:image:height\" content=\"577\" \/>\n\t<meta property=\"og:image:type\" content=\"image\/jpeg\" \/>\n<meta name=\"twitter:card\" content=\"summary_large_image\" \/>\n<meta name=\"twitter:label1\" content=\"Est. reading time\" \/>\n\t<meta name=\"twitter:data1\" content=\"1 minute\" \/>\n<script type=\"application\/ld+json\" class=\"yoast-schema-graph\">{\"@context\":\"https:\\\/\\\/schema.org\",\"@graph\":[{\"@type\":\"WebPage\",\"@id\":\"https:\\\/\\\/graphimarket.com\\\/product\\\/summerbliss-lightroom-presets\\\/\",\"url\":\"https:\\\/\\\/graphimarket.com\\\/product\\\/summerbliss-lightroom-presets\\\/\",\"name\":\"Summerbliss Lightroom Presets - Graphimarket\",\"isPartOf\":{\"@id\":\"https:\\\/\\\/graphimarket.com\\\/fr\\\/#website\"},\"primaryImageOfPage\":{\"@id\":\"https:\\\/\\\/graphimarket.com\\\/product\\\/summerbliss-lightroom-presets\\\/#primaryimage\"},\"image\":{\"@id\":\"https:\\\/\\\/graphimarket.com\\\/product\\\/summerbliss-lightroom-presets\\\/#primaryimage\"},\"thumbnailUrl\":\"https:\\\/\\\/graphimarket.com\\\/wp-content\\\/uploads\\\/2020\\\/09\\\/acb1ac77-db3b-4c12-9b09-97c350fefc3c.jpg\",\"datePublished\":\"2020-09-19T12:51:04+00:00\",\"dateModified\":\"2022-12-19T09:09:42+00:00\",\"description\":\"Summerbliss collection offers 12 artistic photo presets for creative color processing in Adobe Lightroom. Natural and vibrant...\",\"breadcrumb\":{\"@id\":\"https:\\\/\\\/graphimarket.com\\\/product\\\/summerbliss-lightroom-presets\\\/#breadcrumb\"},\"inLanguage\":\"fr-FR\",\"potentialAction\":[{\"@type\":\"ReadAction\",\"target\":[\"https:\\\/\\\/graphimarket.com\\\/product\\\/summerbliss-lightroom-presets\\\/\"]}]},{\"@type\":\"ImageObject\",\"inLanguage\":\"fr-FR\",\"@id\":\"https:\\\/\\\/graphimarket.com\\\/product\\\/summerbliss-lightroom-presets\\\/#primaryimage\",\"url\":\"https:\\\/\\\/graphimarket.com\\\/wp-content\\\/uploads\\\/2020\\\/09\\\/acb1ac77-db3b-4c12-9b09-97c350fefc3c.jpg\",\"contentUrl\":\"https:\\\/\\\/graphimarket.com\\\/wp-content\\\/uploads\\\/2020\\\/09\\\/acb1ac77-db3b-4c12-9b09-97c350fefc3c.jpg\",\"width\":866,\"height\":577},{\"@type\":\"BreadcrumbList\",\"@id\":\"https:\\\/\\\/graphimarket.com\\\/product\\\/summerbliss-lightroom-presets\\\/#breadcrumb\",\"itemListElement\":[{\"@type\":\"ListItem\",\"position\":1,\"name\":\"Home\",\"item\":\"https:\\\/\\\/graphimarket.com\\\/es\\\/\"},{\"@type\":\"ListItem\",\"position\":2,\"name\":\"Store\",\"item\":\"https:\\\/\\\/graphimarket.com\\\/store\\\/\"},{\"@type\":\"ListItem\",\"position\":3,\"name\":\"Summerbliss Lightroom Presets\"}]},{\"@type\":\"WebSite\",\"@id\":\"https:\\\/\\\/graphimarket.com\\\/fr\\\/#website\",\"url\":\"https:\\\/\\\/graphimarket.com\\\/fr\\\/\",\"name\":\"Graphimarket\",\"description\":\"Find the perfect creative asset to bring your project to life\",\"publisher\":{\"@id\":\"https:\\\/\\\/graphimarket.com\\\/fr\\\/#organization\"},\"potentialAction\":[{\"@type\":\"SearchAction\",\"target\":{\"@type\":\"EntryPoint\",\"urlTemplate\":\"https:\\\/\\\/graphimarket.com\\\/fr\\\/?s={search_term_string}\"},\"query-input\":{\"@type\":\"PropertyValueSpecification\",\"valueRequired\":true,\"valueName\":\"search_term_string\"}}],\"inLanguage\":\"fr-FR\"},{\"@type\":\"Organization\",\"@id\":\"https:\\\/\\\/graphimarket.com\\\/fr\\\/#organization\",\"name\":\"Graphimarket\",\"url\":\"https:\\\/\\\/graphimarket.com\\\/fr\\\/\",\"logo\":{\"@type\":\"ImageObject\",\"inLanguage\":\"fr-FR\",\"@id\":\"https:\\\/\\\/graphimarket.com\\\/fr\\\/#\\\/schema\\\/logo\\\/image\\\/\",\"url\":\"https:\\\/\\\/graphimarket.com\\\/wp-content\\\/uploads\\\/2020\\\/08\\\/logo-48.png\",\"contentUrl\":\"https:\\\/\\\/graphimarket.com\\\/wp-content\\\/uploads\\\/2020\\\/08\\\/logo-48.png\",\"width\":132,\"height\":48,\"caption\":\"Graphimarket\"},\"image\":{\"@id\":\"https:\\\/\\\/graphimarket.com\\\/fr\\\/#\\\/schema\\\/logo\\\/image\\\/\"}}]}<\/script>\n<!-- \/ Yoast SEO plugin. -->","yoast_head_json":{"title":"Pr\u00e9r\u00e9glages Summerbliss Lightroom - Graphimarket","description":"La collection Summerbliss propose 12 pr\u00e9r\u00e9glages de photos artistiques pour un traitement cr\u00e9atif des couleurs dans Adobe Lightroom. Naturel et vibrant ...","robots":{"index":"index","follow":"follow","max-snippet":"max-snippet:-1","max-image-preview":"max-image-preview:large","max-video-preview":"max-video-preview:-1"},"canonical":"https:\/\/graphimarket.com\/fr\/product\/summerbliss-lightroom-presets\/","og_locale":"fr_FR","og_type":"article","og_title":"Summerbliss Lightroom Presets - Graphimarket","og_description":"Summerbliss collection offers 12 artistic photo presets for creative color processing in Adobe Lightroom. Natural and vibrant...","og_url":"https:\/\/graphimarket.com\/fr\/product\/summerbliss-lightroom-presets\/","og_site_name":"Graphimarket","article_modified_time":"2022-12-19T09:09:42+00:00","og_image":[{"width":866,"height":577,"url":"https:\/\/graphimarket.com\/wp-content\/uploads\/2020\/09\/acb1ac77-db3b-4c12-9b09-97c350fefc3c.jpg","type":"image\/jpeg"}],"twitter_card":"summary_large_image","twitter_misc":{"Est. reading time":"1 minute"},"schema":{"@context":"https:\/\/schema.org","@graph":[{"@type":"WebPage","@id":"https:\/\/graphimarket.com\/product\/summerbliss-lightroom-presets\/","url":"https:\/\/graphimarket.com\/product\/summerbliss-lightroom-presets\/","name":"Pr\u00e9r\u00e9glages Summerbliss Lightroom - Graphimarket","isPartOf":{"@id":"https:\/\/graphimarket.com\/fr\/#website"},"primaryImageOfPage":{"@id":"https:\/\/graphimarket.com\/product\/summerbliss-lightroom-presets\/#primaryimage"},"image":{"@id":"https:\/\/graphimarket.com\/product\/summerbliss-lightroom-presets\/#primaryimage"},"thumbnailUrl":"https:\/\/graphimarket.com\/wp-content\/uploads\/2020\/09\/acb1ac77-db3b-4c12-9b09-97c350fefc3c.jpg","datePublished":"2020-09-19T12:51:04+00:00","dateModified":"2022-12-19T09:09:42+00:00","description":"La collection Summerbliss propose 12 pr\u00e9r\u00e9glages de photos artistiques pour un traitement cr\u00e9atif des couleurs dans Adobe Lightroom. Naturel et vibrant ...","breadcrumb":{"@id":"https:\/\/graphimarket.com\/product\/summerbliss-lightroom-presets\/#breadcrumb"},"inLanguage":"fr-FR","potentialAction":[{"@type":"ReadAction","target":["https:\/\/graphimarket.com\/product\/summerbliss-lightroom-presets\/"]}]},{"@type":"ImageObject","inLanguage":"fr-FR","@id":"https:\/\/graphimarket.com\/product\/summerbliss-lightroom-presets\/#primaryimage","url":"https:\/\/graphimarket.com\/wp-content\/uploads\/2020\/09\/acb1ac77-db3b-4c12-9b09-97c350fefc3c.jpg","contentUrl":"https:\/\/graphimarket.com\/wp-content\/uploads\/2020\/09\/acb1ac77-db3b-4c12-9b09-97c350fefc3c.jpg","width":866,"height":577},{"@type":"BreadcrumbList","@id":"https:\/\/graphimarket.com\/product\/summerbliss-lightroom-presets\/#breadcrumb","itemListElement":[{"@type":"ListItem","position":1,"name":"Home","item":"https:\/\/graphimarket.com\/es\/"},{"@type":"ListItem","position":2,"name":"Store","item":"https:\/\/graphimarket.com\/store\/"},{"@type":"ListItem","position":3,"name":"Summerbliss Lightroom Presets"}]},{"@type":"WebSite","@id":"https:\/\/graphimarket.com\/fr\/#website","url":"https:\/\/graphimarket.com\/fr\/","name":"Graphimarket","description":"Trouvez l&#039;atout cr\u00e9atif parfait pour donner vie \u00e0 votre projet","publisher":{"@id":"https:\/\/graphimarket.com\/fr\/#organization"},"potentialAction":[{"@type":"SearchAction","target":{"@type":"EntryPoint","urlTemplate":"https:\/\/graphimarket.com\/fr\/?s={search_term_string}"},"query-input":{"@type":"PropertyValueSpecification","valueRequired":true,"valueName":"search_term_string"}}],"inLanguage":"fr-FR"},{"@type":"Organization","@id":"https:\/\/graphimarket.com\/fr\/#organization","name":"Graphimarket","url":"https:\/\/graphimarket.com\/fr\/","logo":{"@type":"ImageObject","inLanguage":"fr-FR","@id":"https:\/\/graphimarket.com\/fr\/#\/schema\/logo\/image\/","url":"https:\/\/graphimarket.com\/wp-content\/uploads\/2020\/08\/logo-48.png","contentUrl":"https:\/\/graphimarket.com\/wp-content\/uploads\/2020\/08\/logo-48.png","width":132,"height":48,"caption":"Graphimarket"},"image":{"@id":"https:\/\/graphimarket.com\/fr\/#\/schema\/logo\/image\/"}}]}},"_links":{"self":[{"href":"http:\/\/graphimarket.com\/fr\/wp-json\/wp\/v2\/product\/10778","targetHints":{"allow":["GET"]}}],"collection":[{"href":"http:\/\/graphimarket.com\/fr\/wp-json\/wp\/v2\/product"}],"about":[{"href":"http:\/\/graphimarket.com\/fr\/wp-json\/wp\/v2\/types\/product"}],"replies":[{"embeddable":true,"href":"http:\/\/graphimarket.com\/fr\/wp-json\/wp\/v2\/comments?post=10778"}],"version-history":[{"count":0,"href":"http:\/\/graphimarket.com\/fr\/wp-json\/wp\/v2\/product\/10778\/revisions"}],"wp:featuredmedia":[{"embeddable":true,"href":"http:\/\/graphimarket.com\/fr\/wp-json\/wp\/v2\/media\/10780"}],"wp:attachment":[{"href":"http:\/\/graphimarket.com\/fr\/wp-json\/wp\/v2\/media?parent=10778"}],"wp:term":[{"taxonomy":"product_brand","embeddable":true,"href":"http:\/\/graphimarket.com\/fr\/wp-json\/wp\/v2\/product_brand?post=10778"},{"taxonomy":"product_cat","embeddable":true,"href":"http:\/\/graphimarket.com\/fr\/wp-json\/wp\/v2\/product_cat?post=10778"},{"taxonomy":"product_tag","embeddable":true,"href":"http:\/\/graphimarket.com\/fr\/wp-json\/wp\/v2\/product_tag?post=10778"}],"curies":[{"name":"wp","href":"https:\/\/api.w.org\/{rel}","templated":true}]}}