{"id":11006,"date":"2020-09-24T10:30:35","date_gmt":"2020-09-24T08:30:35","guid":{"rendered":"https:\/\/graphimarket.com\/?post_type=product&#038;p=11006"},"modified":"2022-12-19T10:06:49","modified_gmt":"2022-12-19T09:06:49","slug":"baker-street-ornaments","status":"publish","type":"product","link":"http:\/\/graphimarket.com\/fr\/product\/baker-street-ornaments\/","title":{"rendered":"Ornements de Baker Street"},"content":{"rendered":"<div class=\"_2Masz2rr\">\n<p>Baker Street a \u00e9t\u00e9 inspir\u00e9 par un r\u00e9cent voyage \u00e0 Londres, en Angleterre, o\u00f9 je suis tomb\u00e9 sur un pub anim\u00e9 avec une belle signalisation typographique. Les premiers croquis ont cr\u00e9\u00e9 un \u00e9ventail de ligatures sp\u00e9cialis\u00e9es \u00e0 partir desquelles la police a vraiment pris forme. La famille est compos\u00e9e de style r\u00e9gulier, italique, en ligne et d&#039;un style textur\u00e9 rustique. Baker Street offre une multitude de fonctionnalit\u00e9s Opentype, comprenant principalement des centaines de ligatures discr\u00e9tionnaires qui relient des paires de lettres \u00e0 travers diff\u00e9rentes fioritures. Ces ligatures distinctes sont utilis\u00e9es dans des combinaisons entre deux lettres majuscules, deux lettres minuscules, des paires majuscules-minuscules et des combinaisons de chiffres sp\u00e9cifiques. Pour un certain nombre de lettres majuscules et minuscules, de grands swash s&#039;\u00e9tendent au-dessus et au-dessous des caract\u00e8res. Des swash contextuels sont \u00e9galement appliqu\u00e9s \u00e0 certains caract\u00e8res lorsqu&#039;ils sont plac\u00e9s au d\u00e9but ou \u00e0 la fin d&#039;un mot. Les alternatives stylistiques et les alternatives de titrage offrent des variations de style distinctes aux majuscules. La doublure tabulaire et les figures de style ancien offrent plusieurs alternatives num\u00e9riques.<\/p>\n<p>Enfin, la famille comprend \u00e9galement deux ensembles d&#039;ornements cr\u00e9\u00e9s sp\u00e9cialement pour travailler avec le style de Baker Street.<\/p>\n<p>Avec tout cela, Baker Street fournit \u00e0 chaque utilisateur les outils pour r\u00e9soudre son propre cas. Le jeu est en cours!<\/p>\n<\/div>\n<p>&nbsp;<\/p>\n<p><img fetchpriority=\"high\" decoding=\"async\" class=\"aligncenter wp-image-11007 size-full\" src=\"https:\/\/graphimarket.com\/wp-content\/uploads\/2020\/09\/b-2.jpg\" alt=\"\" width=\"900\" height=\"450\" srcset=\"https:\/\/graphimarket.com\/wp-content\/uploads\/2020\/09\/b-2.jpg 900w, https:\/\/graphimarket.com\/wp-content\/uploads\/2020\/09\/b-2-300x150.jpg 300w, https:\/\/graphimarket.com\/wp-content\/uploads\/2020\/09\/b-2-768x384.jpg 768w, https:\/\/graphimarket.com\/wp-content\/uploads\/2020\/09\/b-2-600x300.jpg 600w\" sizes=\"(max-width: 900px) 100vw, 900px\" \/> <img decoding=\"async\" class=\"aligncenter wp-image-11008 size-full\" src=\"https:\/\/graphimarket.com\/wp-content\/uploads\/2020\/09\/bc5d2a9a-fb71-47aa-bdcb-267f8a328229.jpg\" alt=\"\" width=\"900\" height=\"450\" srcset=\"https:\/\/graphimarket.com\/wp-content\/uploads\/2020\/09\/bc5d2a9a-fb71-47aa-bdcb-267f8a328229.jpg 900w, https:\/\/graphimarket.com\/wp-content\/uploads\/2020\/09\/bc5d2a9a-fb71-47aa-bdcb-267f8a328229-300x150.jpg 300w, https:\/\/graphimarket.com\/wp-content\/uploads\/2020\/09\/bc5d2a9a-fb71-47aa-bdcb-267f8a328229-768x384.jpg 768w, https:\/\/graphimarket.com\/wp-content\/uploads\/2020\/09\/bc5d2a9a-fb71-47aa-bdcb-267f8a328229-600x300.jpg 600w\" sizes=\"(max-width: 900px) 100vw, 900px\" \/> <img decoding=\"async\" class=\"aligncenter wp-image-11009 size-full\" src=\"https:\/\/graphimarket.com\/wp-content\/uploads\/2020\/09\/cd648130-ce5b-4245-b9da-fe6a7d87a082.jpg\" alt=\"\" width=\"900\" height=\"450\" srcset=\"https:\/\/graphimarket.com\/wp-content\/uploads\/2020\/09\/cd648130-ce5b-4245-b9da-fe6a7d87a082.jpg 900w, https:\/\/graphimarket.com\/wp-content\/uploads\/2020\/09\/cd648130-ce5b-4245-b9da-fe6a7d87a082-300x150.jpg 300w, https:\/\/graphimarket.com\/wp-content\/uploads\/2020\/09\/cd648130-ce5b-4245-b9da-fe6a7d87a082-768x384.jpg 768w, https:\/\/graphimarket.com\/wp-content\/uploads\/2020\/09\/cd648130-ce5b-4245-b9da-fe6a7d87a082-600x300.jpg 600w\" sizes=\"(max-width: 900px) 100vw, 900px\" \/> <img loading=\"lazy\" decoding=\"async\" class=\"aligncenter wp-image-11010 size-full\" src=\"https:\/\/graphimarket.com\/wp-content\/uploads\/2020\/09\/68d3325e-61b9-4585-9e1d-45380f1d16bd.jpg\" alt=\"\" width=\"900\" height=\"450\" srcset=\"https:\/\/graphimarket.com\/wp-content\/uploads\/2020\/09\/68d3325e-61b9-4585-9e1d-45380f1d16bd.jpg 900w, https:\/\/graphimarket.com\/wp-content\/uploads\/2020\/09\/68d3325e-61b9-4585-9e1d-45380f1d16bd-300x150.jpg 300w, https:\/\/graphimarket.com\/wp-content\/uploads\/2020\/09\/68d3325e-61b9-4585-9e1d-45380f1d16bd-768x384.jpg 768w, https:\/\/graphimarket.com\/wp-content\/uploads\/2020\/09\/68d3325e-61b9-4585-9e1d-45380f1d16bd-600x300.jpg 600w\" sizes=\"(max-width: 900px) 100vw, 900px\" \/> <img loading=\"lazy\" decoding=\"async\" class=\"aligncenter wp-image-11011 size-full\" src=\"https:\/\/graphimarket.com\/wp-content\/uploads\/2020\/09\/1fb48893-a62f-4667-b44f-479007fc5cc0.jpg\" alt=\"\" width=\"900\" height=\"450\" srcset=\"https:\/\/graphimarket.com\/wp-content\/uploads\/2020\/09\/1fb48893-a62f-4667-b44f-479007fc5cc0.jpg 900w, https:\/\/graphimarket.com\/wp-content\/uploads\/2020\/09\/1fb48893-a62f-4667-b44f-479007fc5cc0-300x150.jpg 300w, https:\/\/graphimarket.com\/wp-content\/uploads\/2020\/09\/1fb48893-a62f-4667-b44f-479007fc5cc0-768x384.jpg 768w, https:\/\/graphimarket.com\/wp-content\/uploads\/2020\/09\/1fb48893-a62f-4667-b44f-479007fc5cc0-600x300.jpg 600w\" sizes=\"(max-width: 900px) 100vw, 900px\" \/> <img loading=\"lazy\" decoding=\"async\" class=\"aligncenter wp-image-11012 size-full\" src=\"https:\/\/graphimarket.com\/wp-content\/uploads\/2020\/09\/40487f19-497a-420e-8a3c-151d4af2dbe3.jpg\" alt=\"\" width=\"900\" height=\"450\" srcset=\"https:\/\/graphimarket.com\/wp-content\/uploads\/2020\/09\/40487f19-497a-420e-8a3c-151d4af2dbe3.jpg 900w, https:\/\/graphimarket.com\/wp-content\/uploads\/2020\/09\/40487f19-497a-420e-8a3c-151d4af2dbe3-300x150.jpg 300w, https:\/\/graphimarket.com\/wp-content\/uploads\/2020\/09\/40487f19-497a-420e-8a3c-151d4af2dbe3-768x384.jpg 768w, https:\/\/graphimarket.com\/wp-content\/uploads\/2020\/09\/40487f19-497a-420e-8a3c-151d4af2dbe3-600x300.jpg 600w\" sizes=\"(max-width: 900px) 100vw, 900px\" \/><\/p>\n<p>&nbsp;<\/p>\n<p>&nbsp;<\/p>\n<p>&nbsp;<\/p>\n<div class=\"_3YqMOf9R\">\n<div class=\"_3KAa4-GZ frEFeDSS\"><\/div>\n<\/div>","protected":false},"excerpt":{"rendered":"<p>Baker Street was inspired by a recent trip to London, England where I happened upon a bustling pub with beautiful typographic signage. Early sketches created an array of specialized ligatures from which the font really took shape. The family is comprised of regular, italic, inline and a rustic textured style. Baker Street delivers a multitude [&hellip;]<\/p>\n","protected":false},"featured_media":11013,"comment_status":"open","ping_status":"closed","template":"","meta":{"site-sidebar-layout":"default","site-content-layout":"default","ast-site-content-layout":"default","site-content-style":"default","site-sidebar-style":"default","ast-global-header-display":"","ast-banner-title-visibility":"","ast-main-header-display":"","ast-hfb-above-header-display":"","ast-hfb-below-header-display":"","ast-hfb-mobile-header-display":"","site-post-title":"","ast-breadcrumbs-content":"","ast-featured-img":"","footer-sml-layout":"","ast-disable-related-posts":"","theme-transparent-header-meta":"default","adv-header-id-meta":"","stick-header-meta":"","header-above-stick-meta":"","header-main-stick-meta":"","header-below-stick-meta":"","astra-migrate-meta-layouts":"default","ast-page-background-enabled":"default","ast-page-background-meta":{"desktop":{"background-color":"","background-image":"","background-repeat":"repeat","background-position":"center center","background-size":"auto","background-attachment":"scroll","background-type":"","background-media":"","overlay-type":"","overlay-color":"","overlay-opacity":"","overlay-gradient":""},"tablet":{"background-color":"","background-image":"","background-repeat":"repeat","background-position":"center center","background-size":"auto","background-attachment":"scroll","background-type":"","background-media":"","overlay-type":"","overlay-color":"","overlay-opacity":"","overlay-gradient":""},"mobile":{"background-color":"","background-image":"","background-repeat":"repeat","background-position":"center center","background-size":"auto","background-attachment":"scroll","background-type":"","background-media":"","overlay-type":"","overlay-color":"","overlay-opacity":"","overlay-gradient":""}},"ast-content-background-meta":{"desktop":{"background-color":"var(--ast-global-color-5)","background-image":"","background-repeat":"repeat","background-position":"center center","background-size":"auto","background-attachment":"scroll","background-type":"","background-media":"","overlay-type":"","overlay-color":"","overlay-opacity":"","overlay-gradient":""},"tablet":{"background-color":"var(--ast-global-color-5)","background-image":"","background-repeat":"repeat","background-position":"center center","background-size":"auto","background-attachment":"scroll","background-type":"","background-media":"","overlay-type":"","overlay-color":"","overlay-opacity":"","overlay-gradient":""},"mobile":{"background-color":"var(--ast-global-color-5)","background-image":"","background-repeat":"repeat","background-position":"center center","background-size":"auto","background-attachment":"scroll","background-type":"","background-media":"","overlay-type":"","overlay-color":"","overlay-opacity":"","overlay-gradient":""}}},"product_brand":[],"product_cat":[187],"product_tag":[931,1196,577,1166,1175,1198,1083,1085,296,316,1199,1137,1108,1197,1200],"class_list":{"0":"post-11006","1":"product","2":"type-product","3":"status-publish","4":"has-post-thumbnail","6":"product_cat-fonts","7":"product_tag-book","8":"product_tag-contemporary","9":"product_tag-display","10":"product_tag-extras","11":"product_tag-fancy","12":"product_tag-flourish","13":"product_tag-inline","14":"product_tag-invitation","15":"product_tag-lettering","16":"product_tag-magazine","17":"product_tag-opentype","18":"product_tag-rustic","19":"product_tag-serif","20":"product_tag-slab","21":"product_tag-swashes","22":"desktop-align-left","23":"tablet-align-left","24":"mobile-align-left","26":"first","27":"instock","28":"downloadable","29":"virtual","30":"taxable","31":"purchasable","32":"product-type-simple"},"yoast_head":"<!-- This site is optimized with the Yoast SEO plugin v27.3 - https:\/\/yoast.com\/product\/yoast-seo-wordpress\/ -->\n<title>Baker Street Ornaments - Graphimarket<\/title>\n<meta name=\"description\" content=\"Baker Street was inspired by a recent trip to London, England where I happened upon a bustling pub with beautiful typographic signage...\" \/>\n<meta name=\"robots\" content=\"index, follow, max-snippet:-1, max-image-preview:large, max-video-preview:-1\" \/>\n<link rel=\"canonical\" href=\"https:\/\/graphimarket.com\/fr\/product\/baker-street-ornaments\/\" \/>\n<meta property=\"og:locale\" content=\"fr_FR\" \/>\n<meta property=\"og:type\" content=\"article\" \/>\n<meta property=\"og:title\" content=\"Baker Street Ornaments - Graphimarket\" \/>\n<meta property=\"og:description\" content=\"Baker Street was inspired by a recent trip to London, England where I happened upon a bustling pub with beautiful typographic signage...\" \/>\n<meta property=\"og:url\" content=\"https:\/\/graphimarket.com\/fr\/product\/baker-street-ornaments\/\" \/>\n<meta property=\"og:site_name\" content=\"Graphimarket\" \/>\n<meta property=\"article:modified_time\" content=\"2022-12-19T09:06:49+00:00\" \/>\n<meta property=\"og:image\" content=\"https:\/\/graphimarket.com\/wp-content\/uploads\/2020\/09\/9f2fc726-15c7-4f13-8341-5847bb1b2a00.jpg\" \/>\n\t<meta property=\"og:image:width\" content=\"866\" \/>\n\t<meta property=\"og:image:height\" content=\"577\" \/>\n\t<meta property=\"og:image:type\" content=\"image\/jpeg\" \/>\n<meta name=\"twitter:card\" content=\"summary_large_image\" \/>\n<meta name=\"twitter:label1\" content=\"Est. reading time\" \/>\n\t<meta name=\"twitter:data1\" content=\"1 minute\" \/>\n<script type=\"application\/ld+json\" class=\"yoast-schema-graph\">{\"@context\":\"https:\\\/\\\/schema.org\",\"@graph\":[{\"@type\":\"WebPage\",\"@id\":\"https:\\\/\\\/graphimarket.com\\\/en\\\/product\\\/baker-street-ornaments\\\/\",\"url\":\"https:\\\/\\\/graphimarket.com\\\/en\\\/product\\\/baker-street-ornaments\\\/\",\"name\":\"Baker Street Ornaments - Graphimarket\",\"isPartOf\":{\"@id\":\"https:\\\/\\\/graphimarket.com\\\/fr\\\/#website\"},\"primaryImageOfPage\":{\"@id\":\"https:\\\/\\\/graphimarket.com\\\/en\\\/product\\\/baker-street-ornaments\\\/#primaryimage\"},\"image\":{\"@id\":\"https:\\\/\\\/graphimarket.com\\\/en\\\/product\\\/baker-street-ornaments\\\/#primaryimage\"},\"thumbnailUrl\":\"https:\\\/\\\/graphimarket.com\\\/wp-content\\\/uploads\\\/2020\\\/09\\\/9f2fc726-15c7-4f13-8341-5847bb1b2a00.jpg\",\"datePublished\":\"2020-09-24T08:30:35+00:00\",\"dateModified\":\"2022-12-19T09:06:49+00:00\",\"description\":\"Baker Street was inspired by a recent trip to London, England where I happened upon a bustling pub with beautiful typographic signage...\",\"breadcrumb\":{\"@id\":\"https:\\\/\\\/graphimarket.com\\\/en\\\/product\\\/baker-street-ornaments\\\/#breadcrumb\"},\"inLanguage\":\"fr-FR\",\"potentialAction\":[{\"@type\":\"ReadAction\",\"target\":[\"https:\\\/\\\/graphimarket.com\\\/en\\\/product\\\/baker-street-ornaments\\\/\"]}]},{\"@type\":\"ImageObject\",\"inLanguage\":\"fr-FR\",\"@id\":\"https:\\\/\\\/graphimarket.com\\\/en\\\/product\\\/baker-street-ornaments\\\/#primaryimage\",\"url\":\"https:\\\/\\\/graphimarket.com\\\/wp-content\\\/uploads\\\/2020\\\/09\\\/9f2fc726-15c7-4f13-8341-5847bb1b2a00.jpg\",\"contentUrl\":\"https:\\\/\\\/graphimarket.com\\\/wp-content\\\/uploads\\\/2020\\\/09\\\/9f2fc726-15c7-4f13-8341-5847bb1b2a00.jpg\",\"width\":866,\"height\":577},{\"@type\":\"BreadcrumbList\",\"@id\":\"https:\\\/\\\/graphimarket.com\\\/en\\\/product\\\/baker-street-ornaments\\\/#breadcrumb\",\"itemListElement\":[{\"@type\":\"ListItem\",\"position\":1,\"name\":\"Home\",\"item\":\"https:\\\/\\\/graphimarket.com\\\/es\\\/\"},{\"@type\":\"ListItem\",\"position\":2,\"name\":\"Store\",\"item\":\"https:\\\/\\\/graphimarket.com\\\/store\\\/\"},{\"@type\":\"ListItem\",\"position\":3,\"name\":\"Baker Street Ornaments\"}]},{\"@type\":\"WebSite\",\"@id\":\"https:\\\/\\\/graphimarket.com\\\/fr\\\/#website\",\"url\":\"https:\\\/\\\/graphimarket.com\\\/fr\\\/\",\"name\":\"Graphimarket\",\"description\":\"Find the perfect creative asset to bring your project to life\",\"publisher\":{\"@id\":\"https:\\\/\\\/graphimarket.com\\\/fr\\\/#organization\"},\"potentialAction\":[{\"@type\":\"SearchAction\",\"target\":{\"@type\":\"EntryPoint\",\"urlTemplate\":\"https:\\\/\\\/graphimarket.com\\\/fr\\\/?s={search_term_string}\"},\"query-input\":{\"@type\":\"PropertyValueSpecification\",\"valueRequired\":true,\"valueName\":\"search_term_string\"}}],\"inLanguage\":\"fr-FR\"},{\"@type\":\"Organization\",\"@id\":\"https:\\\/\\\/graphimarket.com\\\/fr\\\/#organization\",\"name\":\"Graphimarket\",\"url\":\"https:\\\/\\\/graphimarket.com\\\/fr\\\/\",\"logo\":{\"@type\":\"ImageObject\",\"inLanguage\":\"fr-FR\",\"@id\":\"https:\\\/\\\/graphimarket.com\\\/fr\\\/#\\\/schema\\\/logo\\\/image\\\/\",\"url\":\"https:\\\/\\\/graphimarket.com\\\/wp-content\\\/uploads\\\/2020\\\/08\\\/logo-48.png\",\"contentUrl\":\"https:\\\/\\\/graphimarket.com\\\/wp-content\\\/uploads\\\/2020\\\/08\\\/logo-48.png\",\"width\":132,\"height\":48,\"caption\":\"Graphimarket\"},\"image\":{\"@id\":\"https:\\\/\\\/graphimarket.com\\\/fr\\\/#\\\/schema\\\/logo\\\/image\\\/\"}}]}<\/script>\n<!-- \/ Yoast SEO plugin. -->","yoast_head_json":{"title":"Ornements Baker Street - Graphimarket","description":"Baker Street a \u00e9t\u00e9 inspir\u00e9 par un r\u00e9cent voyage \u00e0 Londres, en Angleterre, o\u00f9 je suis tomb\u00e9 sur un pub anim\u00e9 avec une belle signalisation typographique...","robots":{"index":"index","follow":"follow","max-snippet":"max-snippet:-1","max-image-preview":"max-image-preview:large","max-video-preview":"max-video-preview:-1"},"canonical":"https:\/\/graphimarket.com\/fr\/product\/baker-street-ornaments\/","og_locale":"fr_FR","og_type":"article","og_title":"Baker Street Ornaments - Graphimarket","og_description":"Baker Street was inspired by a recent trip to London, England where I happened upon a bustling pub with beautiful typographic signage...","og_url":"https:\/\/graphimarket.com\/fr\/product\/baker-street-ornaments\/","og_site_name":"Graphimarket","article_modified_time":"2022-12-19T09:06:49+00:00","og_image":[{"width":866,"height":577,"url":"https:\/\/graphimarket.com\/wp-content\/uploads\/2020\/09\/9f2fc726-15c7-4f13-8341-5847bb1b2a00.jpg","type":"image\/jpeg"}],"twitter_card":"summary_large_image","twitter_misc":{"Est. reading time":"1 minute"},"schema":{"@context":"https:\/\/schema.org","@graph":[{"@type":"WebPage","@id":"https:\/\/graphimarket.com\/en\/product\/baker-street-ornaments\/","url":"https:\/\/graphimarket.com\/en\/product\/baker-street-ornaments\/","name":"Ornements Baker Street - Graphimarket","isPartOf":{"@id":"https:\/\/graphimarket.com\/fr\/#website"},"primaryImageOfPage":{"@id":"https:\/\/graphimarket.com\/en\/product\/baker-street-ornaments\/#primaryimage"},"image":{"@id":"https:\/\/graphimarket.com\/en\/product\/baker-street-ornaments\/#primaryimage"},"thumbnailUrl":"https:\/\/graphimarket.com\/wp-content\/uploads\/2020\/09\/9f2fc726-15c7-4f13-8341-5847bb1b2a00.jpg","datePublished":"2020-09-24T08:30:35+00:00","dateModified":"2022-12-19T09:06:49+00:00","description":"Baker Street a \u00e9t\u00e9 inspir\u00e9 par un r\u00e9cent voyage \u00e0 Londres, en Angleterre, o\u00f9 je suis tomb\u00e9 sur un pub anim\u00e9 avec une belle signalisation typographique...","breadcrumb":{"@id":"https:\/\/graphimarket.com\/en\/product\/baker-street-ornaments\/#breadcrumb"},"inLanguage":"fr-FR","potentialAction":[{"@type":"ReadAction","target":["https:\/\/graphimarket.com\/en\/product\/baker-street-ornaments\/"]}]},{"@type":"ImageObject","inLanguage":"fr-FR","@id":"https:\/\/graphimarket.com\/en\/product\/baker-street-ornaments\/#primaryimage","url":"https:\/\/graphimarket.com\/wp-content\/uploads\/2020\/09\/9f2fc726-15c7-4f13-8341-5847bb1b2a00.jpg","contentUrl":"https:\/\/graphimarket.com\/wp-content\/uploads\/2020\/09\/9f2fc726-15c7-4f13-8341-5847bb1b2a00.jpg","width":866,"height":577},{"@type":"BreadcrumbList","@id":"https:\/\/graphimarket.com\/en\/product\/baker-street-ornaments\/#breadcrumb","itemListElement":[{"@type":"ListItem","position":1,"name":"Home","item":"https:\/\/graphimarket.com\/es\/"},{"@type":"ListItem","position":2,"name":"Store","item":"https:\/\/graphimarket.com\/store\/"},{"@type":"ListItem","position":3,"name":"Baker Street Ornaments"}]},{"@type":"WebSite","@id":"https:\/\/graphimarket.com\/fr\/#website","url":"https:\/\/graphimarket.com\/fr\/","name":"Graphimarket","description":"Trouvez l&#039;atout cr\u00e9atif parfait pour donner vie \u00e0 votre projet","publisher":{"@id":"https:\/\/graphimarket.com\/fr\/#organization"},"potentialAction":[{"@type":"SearchAction","target":{"@type":"EntryPoint","urlTemplate":"https:\/\/graphimarket.com\/fr\/?s={search_term_string}"},"query-input":{"@type":"PropertyValueSpecification","valueRequired":true,"valueName":"search_term_string"}}],"inLanguage":"fr-FR"},{"@type":"Organization","@id":"https:\/\/graphimarket.com\/fr\/#organization","name":"Graphimarket","url":"https:\/\/graphimarket.com\/fr\/","logo":{"@type":"ImageObject","inLanguage":"fr-FR","@id":"https:\/\/graphimarket.com\/fr\/#\/schema\/logo\/image\/","url":"https:\/\/graphimarket.com\/wp-content\/uploads\/2020\/08\/logo-48.png","contentUrl":"https:\/\/graphimarket.com\/wp-content\/uploads\/2020\/08\/logo-48.png","width":132,"height":48,"caption":"Graphimarket"},"image":{"@id":"https:\/\/graphimarket.com\/fr\/#\/schema\/logo\/image\/"}}]}},"_links":{"self":[{"href":"http:\/\/graphimarket.com\/fr\/wp-json\/wp\/v2\/product\/11006","targetHints":{"allow":["GET"]}}],"collection":[{"href":"http:\/\/graphimarket.com\/fr\/wp-json\/wp\/v2\/product"}],"about":[{"href":"http:\/\/graphimarket.com\/fr\/wp-json\/wp\/v2\/types\/product"}],"replies":[{"embeddable":true,"href":"http:\/\/graphimarket.com\/fr\/wp-json\/wp\/v2\/comments?post=11006"}],"version-history":[{"count":0,"href":"http:\/\/graphimarket.com\/fr\/wp-json\/wp\/v2\/product\/11006\/revisions"}],"wp:featuredmedia":[{"embeddable":true,"href":"http:\/\/graphimarket.com\/fr\/wp-json\/wp\/v2\/media\/11013"}],"wp:attachment":[{"href":"http:\/\/graphimarket.com\/fr\/wp-json\/wp\/v2\/media?parent=11006"}],"wp:term":[{"taxonomy":"product_brand","embeddable":true,"href":"http:\/\/graphimarket.com\/fr\/wp-json\/wp\/v2\/product_brand?post=11006"},{"taxonomy":"product_cat","embeddable":true,"href":"http:\/\/graphimarket.com\/fr\/wp-json\/wp\/v2\/product_cat?post=11006"},{"taxonomy":"product_tag","embeddable":true,"href":"http:\/\/graphimarket.com\/fr\/wp-json\/wp\/v2\/product_tag?post=11006"}],"curies":[{"name":"wp","href":"https:\/\/api.w.org\/{rel}","templated":true}]}}