{"id":11343,"date":"2020-09-25T17:33:46","date_gmt":"2020-09-25T15:33:46","guid":{"rendered":"https:\/\/graphimarket.com\/?post_type=product&#038;p=11343"},"modified":"2022-12-19T09:57:27","modified_gmt":"2022-12-19T08:57:27","slug":"appareo-light","status":"publish","type":"product","link":"http:\/\/graphimarket.com\/fr\/product\/appareo-light\/","title":{"rendered":"Appareo Light"},"content":{"rendered":"<div class=\"_2Masz2rr\">\n<p>Inspir\u00e9 des livres anciens et des pages qu&#039;il contient, Appareo est une police serif imparfaite et us\u00e9e qui se d\u00e9cline en trois poids. Chaque grammage a un degr\u00e9 variable de d\u00e9tresse, du noir, dans lequel la presse et l&#039;encre sont compl\u00e8tement ins\u00e9r\u00e9es dans la page, \u00e0 Medium, Light et Extralight, o\u00f9 la texture est la plus lourde. Chaque poids a \u00e9galement une version en italique personnalis\u00e9e de chaque caract\u00e8re.<\/p>\n<p>Pour donner pleinement la sensation authentique des pages us\u00e9es de livres poussi\u00e9reux, Appareo propose 5 variations de caract\u00e8res.<\/p>\n<p>Appareo dispose \u00e9galement d&#039;un ensemble d&#039;\u00e9l\u00e9ments graphiques, y compris des cadres, des banni\u00e8res, des bordures, des fl\u00e8ches, etc. dans le m\u00eame style et la m\u00eame texture.<\/p>\n<\/div>\n<p>&nbsp;<\/p>\n<p><img fetchpriority=\"high\" decoding=\"async\" class=\"aligncenter wp-image-11348 size-full\" src=\"https:\/\/graphimarket.com\/wp-content\/uploads\/2020\/09\/39600046-5e9c-4b39-bf37-7fde834fdaf7.jpg\" alt=\"\" width=\"1170\" height=\"585\" srcset=\"https:\/\/graphimarket.com\/wp-content\/uploads\/2020\/09\/39600046-5e9c-4b39-bf37-7fde834fdaf7.jpg 1170w, https:\/\/graphimarket.com\/wp-content\/uploads\/2020\/09\/39600046-5e9c-4b39-bf37-7fde834fdaf7-300x150.jpg 300w, https:\/\/graphimarket.com\/wp-content\/uploads\/2020\/09\/39600046-5e9c-4b39-bf37-7fde834fdaf7-1024x512.jpg 1024w, https:\/\/graphimarket.com\/wp-content\/uploads\/2020\/09\/39600046-5e9c-4b39-bf37-7fde834fdaf7-768x384.jpg 768w, https:\/\/graphimarket.com\/wp-content\/uploads\/2020\/09\/39600046-5e9c-4b39-bf37-7fde834fdaf7-600x300.jpg 600w\" sizes=\"(max-width: 1170px) 100vw, 1170px\" \/> <img decoding=\"async\" class=\"aligncenter wp-image-11349 size-full\" src=\"https:\/\/graphimarket.com\/wp-content\/uploads\/2020\/09\/cdd1311a-07b3-4432-9cf6-c7fd7eb1cdf3.jpg\" alt=\"\" width=\"1170\" height=\"605\" srcset=\"https:\/\/graphimarket.com\/wp-content\/uploads\/2020\/09\/cdd1311a-07b3-4432-9cf6-c7fd7eb1cdf3.jpg 1170w, https:\/\/graphimarket.com\/wp-content\/uploads\/2020\/09\/cdd1311a-07b3-4432-9cf6-c7fd7eb1cdf3-300x155.jpg 300w, https:\/\/graphimarket.com\/wp-content\/uploads\/2020\/09\/cdd1311a-07b3-4432-9cf6-c7fd7eb1cdf3-1024x530.jpg 1024w, https:\/\/graphimarket.com\/wp-content\/uploads\/2020\/09\/cdd1311a-07b3-4432-9cf6-c7fd7eb1cdf3-768x397.jpg 768w, https:\/\/graphimarket.com\/wp-content\/uploads\/2020\/09\/cdd1311a-07b3-4432-9cf6-c7fd7eb1cdf3-600x310.jpg 600w\" sizes=\"(max-width: 1170px) 100vw, 1170px\" \/> <img decoding=\"async\" class=\"aligncenter wp-image-11350 size-full\" src=\"https:\/\/graphimarket.com\/wp-content\/uploads\/2020\/09\/dd464af3-5ea9-4446-a4d4-46858e9cdac6.jpg\" alt=\"\" width=\"1170\" height=\"605\" srcset=\"https:\/\/graphimarket.com\/wp-content\/uploads\/2020\/09\/dd464af3-5ea9-4446-a4d4-46858e9cdac6.jpg 1170w, https:\/\/graphimarket.com\/wp-content\/uploads\/2020\/09\/dd464af3-5ea9-4446-a4d4-46858e9cdac6-300x155.jpg 300w, https:\/\/graphimarket.com\/wp-content\/uploads\/2020\/09\/dd464af3-5ea9-4446-a4d4-46858e9cdac6-1024x530.jpg 1024w, https:\/\/graphimarket.com\/wp-content\/uploads\/2020\/09\/dd464af3-5ea9-4446-a4d4-46858e9cdac6-768x397.jpg 768w, https:\/\/graphimarket.com\/wp-content\/uploads\/2020\/09\/dd464af3-5ea9-4446-a4d4-46858e9cdac6-600x310.jpg 600w\" sizes=\"(max-width: 1170px) 100vw, 1170px\" \/> <img loading=\"lazy\" decoding=\"async\" class=\"aligncenter wp-image-11351 size-full\" src=\"https:\/\/graphimarket.com\/wp-content\/uploads\/2020\/09\/2f6b0e72-aca6-4255-addc-bd9e609c1595.jpg\" alt=\"\" width=\"1170\" height=\"780\" srcset=\"https:\/\/graphimarket.com\/wp-content\/uploads\/2020\/09\/2f6b0e72-aca6-4255-addc-bd9e609c1595.jpg 1170w, https:\/\/graphimarket.com\/wp-content\/uploads\/2020\/09\/2f6b0e72-aca6-4255-addc-bd9e609c1595-300x200.jpg 300w, https:\/\/graphimarket.com\/wp-content\/uploads\/2020\/09\/2f6b0e72-aca6-4255-addc-bd9e609c1595-1024x683.jpg 1024w, https:\/\/graphimarket.com\/wp-content\/uploads\/2020\/09\/2f6b0e72-aca6-4255-addc-bd9e609c1595-768x512.jpg 768w, https:\/\/graphimarket.com\/wp-content\/uploads\/2020\/09\/2f6b0e72-aca6-4255-addc-bd9e609c1595-600x400.jpg 600w\" sizes=\"(max-width: 1170px) 100vw, 1170px\" \/> <img loading=\"lazy\" decoding=\"async\" class=\"aligncenter wp-image-11352 size-full\" src=\"https:\/\/graphimarket.com\/wp-content\/uploads\/2020\/09\/0ed287d7-b565-4f4e-9b90-478e5a3e5fd0.jpg\" alt=\"\" width=\"1170\" height=\"605\" srcset=\"https:\/\/graphimarket.com\/wp-content\/uploads\/2020\/09\/0ed287d7-b565-4f4e-9b90-478e5a3e5fd0.jpg 1170w, https:\/\/graphimarket.com\/wp-content\/uploads\/2020\/09\/0ed287d7-b565-4f4e-9b90-478e5a3e5fd0-300x155.jpg 300w, https:\/\/graphimarket.com\/wp-content\/uploads\/2020\/09\/0ed287d7-b565-4f4e-9b90-478e5a3e5fd0-1024x530.jpg 1024w, https:\/\/graphimarket.com\/wp-content\/uploads\/2020\/09\/0ed287d7-b565-4f4e-9b90-478e5a3e5fd0-768x397.jpg 768w, https:\/\/graphimarket.com\/wp-content\/uploads\/2020\/09\/0ed287d7-b565-4f4e-9b90-478e5a3e5fd0-600x310.jpg 600w\" sizes=\"(max-width: 1170px) 100vw, 1170px\" \/> <img loading=\"lazy\" decoding=\"async\" class=\"aligncenter wp-image-11353 size-full\" src=\"https:\/\/graphimarket.com\/wp-content\/uploads\/2020\/09\/37a05151-7c55-4f22-8718-96a8e903c82f.jpg\" alt=\"\" width=\"1170\" height=\"605\" srcset=\"https:\/\/graphimarket.com\/wp-content\/uploads\/2020\/09\/37a05151-7c55-4f22-8718-96a8e903c82f.jpg 1170w, https:\/\/graphimarket.com\/wp-content\/uploads\/2020\/09\/37a05151-7c55-4f22-8718-96a8e903c82f-300x155.jpg 300w, https:\/\/graphimarket.com\/wp-content\/uploads\/2020\/09\/37a05151-7c55-4f22-8718-96a8e903c82f-1024x530.jpg 1024w, https:\/\/graphimarket.com\/wp-content\/uploads\/2020\/09\/37a05151-7c55-4f22-8718-96a8e903c82f-768x397.jpg 768w, https:\/\/graphimarket.com\/wp-content\/uploads\/2020\/09\/37a05151-7c55-4f22-8718-96a8e903c82f-600x310.jpg 600w\" sizes=\"(max-width: 1170px) 100vw, 1170px\" \/> <img loading=\"lazy\" decoding=\"async\" class=\"aligncenter wp-image-11354 size-full\" src=\"https:\/\/graphimarket.com\/wp-content\/uploads\/2020\/09\/333e3880-3669-47c3-a0a0-32d4754d0298.jpg\" alt=\"\" width=\"1170\" height=\"605\" srcset=\"https:\/\/graphimarket.com\/wp-content\/uploads\/2020\/09\/333e3880-3669-47c3-a0a0-32d4754d0298.jpg 1170w, https:\/\/graphimarket.com\/wp-content\/uploads\/2020\/09\/333e3880-3669-47c3-a0a0-32d4754d0298-300x155.jpg 300w, https:\/\/graphimarket.com\/wp-content\/uploads\/2020\/09\/333e3880-3669-47c3-a0a0-32d4754d0298-1024x530.jpg 1024w, https:\/\/graphimarket.com\/wp-content\/uploads\/2020\/09\/333e3880-3669-47c3-a0a0-32d4754d0298-768x397.jpg 768w, https:\/\/graphimarket.com\/wp-content\/uploads\/2020\/09\/333e3880-3669-47c3-a0a0-32d4754d0298-600x310.jpg 600w\" sizes=\"(max-width: 1170px) 100vw, 1170px\" \/><\/p>\n<div class=\"_3YqMOf9R\">\n<div class=\"_3KAa4-GZ frEFeDSS\"><\/div>\n<\/div>","protected":false},"excerpt":{"rendered":"<p>Inspired by vintage books and the pages within, Appareo is an imperfect, worn serif font that comes in three weights. Each weight has a varying degree of distress, from Black, in which the press and ink fully set into the page, to Medium, Light and Extralight, where the texture is heaviest. Each weight also has [&hellip;]<\/p>\n","protected":false},"featured_media":11348,"comment_status":"open","ping_status":"closed","template":"","meta":{"site-sidebar-layout":"default","site-content-layout":"default","ast-site-content-layout":"default","site-content-style":"default","site-sidebar-style":"default","ast-global-header-display":"","ast-banner-title-visibility":"","ast-main-header-display":"","ast-hfb-above-header-display":"","ast-hfb-below-header-display":"","ast-hfb-mobile-header-display":"","site-post-title":"","ast-breadcrumbs-content":"","ast-featured-img":"","footer-sml-layout":"","ast-disable-related-posts":"","theme-transparent-header-meta":"default","adv-header-id-meta":"","stick-header-meta":"","header-above-stick-meta":"","header-main-stick-meta":"","header-below-stick-meta":"","astra-migrate-meta-layouts":"default","ast-page-background-enabled":"default","ast-page-background-meta":{"desktop":{"background-color":"","background-image":"","background-repeat":"repeat","background-position":"center center","background-size":"auto","background-attachment":"scroll","background-type":"","background-media":"","overlay-type":"","overlay-color":"","overlay-opacity":"","overlay-gradient":""},"tablet":{"background-color":"","background-image":"","background-repeat":"repeat","background-position":"center center","background-size":"auto","background-attachment":"scroll","background-type":"","background-media":"","overlay-type":"","overlay-color":"","overlay-opacity":"","overlay-gradient":""},"mobile":{"background-color":"","background-image":"","background-repeat":"repeat","background-position":"center center","background-size":"auto","background-attachment":"scroll","background-type":"","background-media":"","overlay-type":"","overlay-color":"","overlay-opacity":"","overlay-gradient":""}},"ast-content-background-meta":{"desktop":{"background-color":"var(--ast-global-color-5)","background-image":"","background-repeat":"repeat","background-position":"center center","background-size":"auto","background-attachment":"scroll","background-type":"","background-media":"","overlay-type":"","overlay-color":"","overlay-opacity":"","overlay-gradient":""},"tablet":{"background-color":"var(--ast-global-color-5)","background-image":"","background-repeat":"repeat","background-position":"center center","background-size":"auto","background-attachment":"scroll","background-type":"","background-media":"","overlay-type":"","overlay-color":"","overlay-opacity":"","overlay-gradient":""},"mobile":{"background-color":"var(--ast-global-color-5)","background-image":"","background-repeat":"repeat","background-position":"center center","background-size":"auto","background-attachment":"scroll","background-type":"","background-media":"","overlay-type":"","overlay-color":"","overlay-opacity":"","overlay-gradient":""}}},"product_brand":[],"product_cat":[187],"product_tag":[746,1346,931,577,1341,248,1342,1302,766,277,439,1345,276,1344,1343],"class_list":{"0":"post-11343","1":"product","2":"type-product","3":"status-publish","4":"has-post-thumbnail","6":"product_cat-fonts","7":"product_tag-advertising","8":"product_tag-aged","9":"product_tag-book","10":"product_tag-display","11":"product_tag-distressed","12":"product_tag-grunge","13":"product_tag-letterpress","14":"product_tag-ornaments","15":"product_tag-printed","16":"product_tag-retro","17":"product_tag-textured","18":"product_tag-typewriter","19":"product_tag-vintage","20":"product_tag-weatehred","21":"product_tag-worn","22":"desktop-align-left","23":"tablet-align-left","24":"mobile-align-left","26":"first","27":"instock","28":"downloadable","29":"virtual","30":"taxable","31":"purchasable","32":"product-type-simple"},"yoast_head":"<!-- This site is optimized with the Yoast SEO plugin v27.3 - https:\/\/yoast.com\/product\/yoast-seo-wordpress\/ -->\n<title>Appareo Light - Graphimarket<\/title>\n<meta name=\"description\" content=\"Inspired by vintage books and the pages within, Appareo is an imperfect, worn serif font that comes in three weights. Each weight...\" \/>\n<meta name=\"robots\" content=\"index, follow, max-snippet:-1, max-image-preview:large, max-video-preview:-1\" \/>\n<link rel=\"canonical\" href=\"http:\/\/graphimarket.com\/fr\/prodotto\/appareo-light\/\" \/>\n<meta property=\"og:locale\" content=\"fr_FR\" \/>\n<meta property=\"og:type\" content=\"article\" \/>\n<meta property=\"og:title\" content=\"Appareo Light - Graphimarket\" \/>\n<meta property=\"og:description\" content=\"Inspired by vintage books and the pages within, Appareo is an imperfect, worn serif font that comes in three weights. Each weight...\" \/>\n<meta property=\"og:url\" content=\"http:\/\/graphimarket.com\/fr\/prodotto\/appareo-light\/\" \/>\n<meta property=\"og:site_name\" content=\"Graphimarket\" \/>\n<meta property=\"article:modified_time\" content=\"2022-12-19T08:57:27+00:00\" \/>\n<meta property=\"og:image\" content=\"https:\/\/graphimarket.com\/wp-content\/uploads\/2020\/09\/39600046-5e9c-4b39-bf37-7fde834fdaf7.jpg\" \/>\n\t<meta property=\"og:image:width\" content=\"1170\" \/>\n\t<meta property=\"og:image:height\" content=\"585\" \/>\n\t<meta property=\"og:image:type\" content=\"image\/jpeg\" \/>\n<meta name=\"twitter:card\" content=\"summary_large_image\" \/>\n<script type=\"application\/ld+json\" class=\"yoast-schema-graph\">{\"@context\":\"https:\\\/\\\/schema.org\",\"@graph\":[{\"@type\":\"WebPage\",\"@id\":\"http:\\\/\\\/graphimarket.com\\\/it\\\/prodotto\\\/appareo-light\\\/\",\"url\":\"http:\\\/\\\/graphimarket.com\\\/it\\\/prodotto\\\/appareo-light\\\/\",\"name\":\"Appareo Light - Graphimarket\",\"isPartOf\":{\"@id\":\"https:\\\/\\\/graphimarket.com\\\/fr\\\/#website\"},\"primaryImageOfPage\":{\"@id\":\"http:\\\/\\\/graphimarket.com\\\/it\\\/prodotto\\\/appareo-light\\\/#primaryimage\"},\"image\":{\"@id\":\"http:\\\/\\\/graphimarket.com\\\/it\\\/prodotto\\\/appareo-light\\\/#primaryimage\"},\"thumbnailUrl\":\"https:\\\/\\\/graphimarket.com\\\/wp-content\\\/uploads\\\/2020\\\/09\\\/39600046-5e9c-4b39-bf37-7fde834fdaf7.jpg\",\"datePublished\":\"2020-09-25T15:33:46+00:00\",\"dateModified\":\"2022-12-19T08:57:27+00:00\",\"description\":\"Inspired by vintage books and the pages within, Appareo is an imperfect, worn serif font that comes in three weights. Each weight...\",\"breadcrumb\":{\"@id\":\"http:\\\/\\\/graphimarket.com\\\/it\\\/prodotto\\\/appareo-light\\\/#breadcrumb\"},\"inLanguage\":\"fr-FR\",\"potentialAction\":[{\"@type\":\"ReadAction\",\"target\":[\"http:\\\/\\\/graphimarket.com\\\/it\\\/prodotto\\\/appareo-light\\\/\"]}]},{\"@type\":\"ImageObject\",\"inLanguage\":\"fr-FR\",\"@id\":\"http:\\\/\\\/graphimarket.com\\\/it\\\/prodotto\\\/appareo-light\\\/#primaryimage\",\"url\":\"https:\\\/\\\/graphimarket.com\\\/wp-content\\\/uploads\\\/2020\\\/09\\\/39600046-5e9c-4b39-bf37-7fde834fdaf7.jpg\",\"contentUrl\":\"https:\\\/\\\/graphimarket.com\\\/wp-content\\\/uploads\\\/2020\\\/09\\\/39600046-5e9c-4b39-bf37-7fde834fdaf7.jpg\",\"width\":1170,\"height\":585},{\"@type\":\"BreadcrumbList\",\"@id\":\"http:\\\/\\\/graphimarket.com\\\/it\\\/prodotto\\\/appareo-light\\\/#breadcrumb\",\"itemListElement\":[{\"@type\":\"ListItem\",\"position\":1,\"name\":\"Home\",\"item\":\"https:\\\/\\\/graphimarket.com\\\/es\\\/\"},{\"@type\":\"ListItem\",\"position\":2,\"name\":\"Store\",\"item\":\"https:\\\/\\\/graphimarket.com\\\/store\\\/\"},{\"@type\":\"ListItem\",\"position\":3,\"name\":\"Appareo Light\"}]},{\"@type\":\"WebSite\",\"@id\":\"https:\\\/\\\/graphimarket.com\\\/fr\\\/#website\",\"url\":\"https:\\\/\\\/graphimarket.com\\\/fr\\\/\",\"name\":\"Graphimarket\",\"description\":\"Find the perfect creative asset to bring your project to life\",\"publisher\":{\"@id\":\"https:\\\/\\\/graphimarket.com\\\/fr\\\/#organization\"},\"potentialAction\":[{\"@type\":\"SearchAction\",\"target\":{\"@type\":\"EntryPoint\",\"urlTemplate\":\"https:\\\/\\\/graphimarket.com\\\/fr\\\/?s={search_term_string}\"},\"query-input\":{\"@type\":\"PropertyValueSpecification\",\"valueRequired\":true,\"valueName\":\"search_term_string\"}}],\"inLanguage\":\"fr-FR\"},{\"@type\":\"Organization\",\"@id\":\"https:\\\/\\\/graphimarket.com\\\/fr\\\/#organization\",\"name\":\"Graphimarket\",\"url\":\"https:\\\/\\\/graphimarket.com\\\/fr\\\/\",\"logo\":{\"@type\":\"ImageObject\",\"inLanguage\":\"fr-FR\",\"@id\":\"https:\\\/\\\/graphimarket.com\\\/fr\\\/#\\\/schema\\\/logo\\\/image\\\/\",\"url\":\"https:\\\/\\\/graphimarket.com\\\/wp-content\\\/uploads\\\/2020\\\/08\\\/logo-48.png\",\"contentUrl\":\"https:\\\/\\\/graphimarket.com\\\/wp-content\\\/uploads\\\/2020\\\/08\\\/logo-48.png\",\"width\":132,\"height\":48,\"caption\":\"Graphimarket\"},\"image\":{\"@id\":\"https:\\\/\\\/graphimarket.com\\\/fr\\\/#\\\/schema\\\/logo\\\/image\\\/\"}}]}<\/script>\n<!-- \/ Yoast SEO plugin. -->","yoast_head_json":{"title":"Appareo Light - Graphimarket","description":"Inspir\u00e9 des livres anciens et des pages qu&#039;il contient, Appareo est une police serif imparfaite et us\u00e9e qui se d\u00e9cline en trois poids. Chaque poids ...","robots":{"index":"index","follow":"follow","max-snippet":"max-snippet:-1","max-image-preview":"max-image-preview:large","max-video-preview":"max-video-preview:-1"},"canonical":"http:\/\/graphimarket.com\/fr\/prodotto\/appareo-light\/","og_locale":"fr_FR","og_type":"article","og_title":"Appareo Light - Graphimarket","og_description":"Inspired by vintage books and the pages within, Appareo is an imperfect, worn serif font that comes in three weights. Each weight...","og_url":"http:\/\/graphimarket.com\/fr\/prodotto\/appareo-light\/","og_site_name":"Graphimarket","article_modified_time":"2022-12-19T08:57:27+00:00","og_image":[{"width":1170,"height":585,"url":"https:\/\/graphimarket.com\/wp-content\/uploads\/2020\/09\/39600046-5e9c-4b39-bf37-7fde834fdaf7.jpg","type":"image\/jpeg"}],"twitter_card":"summary_large_image","schema":{"@context":"https:\/\/schema.org","@graph":[{"@type":"WebPage","@id":"http:\/\/graphimarket.com\/it\/prodotto\/appareo-light\/","url":"http:\/\/graphimarket.com\/it\/prodotto\/appareo-light\/","name":"Appareo Light - Graphimarket","isPartOf":{"@id":"https:\/\/graphimarket.com\/fr\/#website"},"primaryImageOfPage":{"@id":"http:\/\/graphimarket.com\/it\/prodotto\/appareo-light\/#primaryimage"},"image":{"@id":"http:\/\/graphimarket.com\/it\/prodotto\/appareo-light\/#primaryimage"},"thumbnailUrl":"https:\/\/graphimarket.com\/wp-content\/uploads\/2020\/09\/39600046-5e9c-4b39-bf37-7fde834fdaf7.jpg","datePublished":"2020-09-25T15:33:46+00:00","dateModified":"2022-12-19T08:57:27+00:00","description":"Inspir\u00e9 des livres anciens et des pages qu&#039;il contient, Appareo est une police serif imparfaite et us\u00e9e qui se d\u00e9cline en trois poids. Chaque poids ...","breadcrumb":{"@id":"http:\/\/graphimarket.com\/it\/prodotto\/appareo-light\/#breadcrumb"},"inLanguage":"fr-FR","potentialAction":[{"@type":"ReadAction","target":["http:\/\/graphimarket.com\/it\/prodotto\/appareo-light\/"]}]},{"@type":"ImageObject","inLanguage":"fr-FR","@id":"http:\/\/graphimarket.com\/it\/prodotto\/appareo-light\/#primaryimage","url":"https:\/\/graphimarket.com\/wp-content\/uploads\/2020\/09\/39600046-5e9c-4b39-bf37-7fde834fdaf7.jpg","contentUrl":"https:\/\/graphimarket.com\/wp-content\/uploads\/2020\/09\/39600046-5e9c-4b39-bf37-7fde834fdaf7.jpg","width":1170,"height":585},{"@type":"BreadcrumbList","@id":"http:\/\/graphimarket.com\/it\/prodotto\/appareo-light\/#breadcrumb","itemListElement":[{"@type":"ListItem","position":1,"name":"Home","item":"https:\/\/graphimarket.com\/es\/"},{"@type":"ListItem","position":2,"name":"Store","item":"https:\/\/graphimarket.com\/store\/"},{"@type":"ListItem","position":3,"name":"Appareo Light"}]},{"@type":"WebSite","@id":"https:\/\/graphimarket.com\/fr\/#website","url":"https:\/\/graphimarket.com\/fr\/","name":"Graphimarket","description":"Trouvez l&#039;atout cr\u00e9atif parfait pour donner vie \u00e0 votre projet","publisher":{"@id":"https:\/\/graphimarket.com\/fr\/#organization"},"potentialAction":[{"@type":"SearchAction","target":{"@type":"EntryPoint","urlTemplate":"https:\/\/graphimarket.com\/fr\/?s={search_term_string}"},"query-input":{"@type":"PropertyValueSpecification","valueRequired":true,"valueName":"search_term_string"}}],"inLanguage":"fr-FR"},{"@type":"Organization","@id":"https:\/\/graphimarket.com\/fr\/#organization","name":"Graphimarket","url":"https:\/\/graphimarket.com\/fr\/","logo":{"@type":"ImageObject","inLanguage":"fr-FR","@id":"https:\/\/graphimarket.com\/fr\/#\/schema\/logo\/image\/","url":"https:\/\/graphimarket.com\/wp-content\/uploads\/2020\/08\/logo-48.png","contentUrl":"https:\/\/graphimarket.com\/wp-content\/uploads\/2020\/08\/logo-48.png","width":132,"height":48,"caption":"Graphimarket"},"image":{"@id":"https:\/\/graphimarket.com\/fr\/#\/schema\/logo\/image\/"}}]}},"_links":{"self":[{"href":"http:\/\/graphimarket.com\/fr\/wp-json\/wp\/v2\/product\/11343","targetHints":{"allow":["GET"]}}],"collection":[{"href":"http:\/\/graphimarket.com\/fr\/wp-json\/wp\/v2\/product"}],"about":[{"href":"http:\/\/graphimarket.com\/fr\/wp-json\/wp\/v2\/types\/product"}],"replies":[{"embeddable":true,"href":"http:\/\/graphimarket.com\/fr\/wp-json\/wp\/v2\/comments?post=11343"}],"version-history":[{"count":0,"href":"http:\/\/graphimarket.com\/fr\/wp-json\/wp\/v2\/product\/11343\/revisions"}],"wp:featuredmedia":[{"embeddable":true,"href":"http:\/\/graphimarket.com\/fr\/wp-json\/wp\/v2\/media\/11348"}],"wp:attachment":[{"href":"http:\/\/graphimarket.com\/fr\/wp-json\/wp\/v2\/media?parent=11343"}],"wp:term":[{"taxonomy":"product_brand","embeddable":true,"href":"http:\/\/graphimarket.com\/fr\/wp-json\/wp\/v2\/product_brand?post=11343"},{"taxonomy":"product_cat","embeddable":true,"href":"http:\/\/graphimarket.com\/fr\/wp-json\/wp\/v2\/product_cat?post=11343"},{"taxonomy":"product_tag","embeddable":true,"href":"http:\/\/graphimarket.com\/fr\/wp-json\/wp\/v2\/product_tag?post=11343"}],"curies":[{"name":"wp","href":"https:\/\/api.w.org\/{rel}","templated":true}]}}