{"id":11418,"date":"2020-09-28T17:09:05","date_gmt":"2020-09-28T15:09:05","guid":{"rendered":"https:\/\/graphimarket.com\/?post_type=product&#038;p=11418"},"modified":"2022-12-19T09:53:45","modified_gmt":"2022-12-19T08:53:45","slug":"cinematic-lightroom-presets","status":"publish","type":"product","link":"http:\/\/graphimarket.com\/fr\/product\/cinematic-lightroom-presets\/","title":{"rendered":"Pr\u00e9r\u00e9glages cin\u00e9matiques de Lightroom"},"content":{"rendered":"<div class=\"_2Masz2rr\">\n<p>49 Effets Lightroom cin\u00e9matiques pour la retouche photo professionnelle et parfaits pour les photographes et les graphistes. Tous ont \u00e9t\u00e9 cr\u00e9\u00e9s avec des ajustements de calibrage pr\u00e9cis pour donner vie \u00e0 vos images \u00e0 l&#039;aide d&#039;outils puissants et de m\u00e9thodes professionnelles.<\/p>\n<p><strong>Le forfait comprend<\/strong><\/p>\n<ul>\n<li>Contient 49 pr\u00e9r\u00e9glages professionnels.<\/li>\n<li>Compatible avec Lightroom 4-6.<\/li>\n<li>\u00c0 utiliser avec les fichiers JPEG et RAW.<\/li>\n<li>Instructions d&#039;installation d\u00e9taill\u00e9es incluses.<\/li>\n<li>Enti\u00e8rement compatible avec PC et Mac.<\/li>\n<\/ul>\n<p><img fetchpriority=\"high\" decoding=\"async\" class=\"aligncenter wp-image-11419 size-full\" src=\"https:\/\/graphimarket.com\/wp-content\/uploads\/2020\/09\/35561339-973e-4cd9-8948-eabd2e02e460.jpg\" alt=\"\" width=\"1170\" height=\"780\" srcset=\"https:\/\/graphimarket.com\/wp-content\/uploads\/2020\/09\/35561339-973e-4cd9-8948-eabd2e02e460.jpg 1170w, https:\/\/graphimarket.com\/wp-content\/uploads\/2020\/09\/35561339-973e-4cd9-8948-eabd2e02e460-300x200.jpg 300w, https:\/\/graphimarket.com\/wp-content\/uploads\/2020\/09\/35561339-973e-4cd9-8948-eabd2e02e460-1024x683.jpg 1024w, https:\/\/graphimarket.com\/wp-content\/uploads\/2020\/09\/35561339-973e-4cd9-8948-eabd2e02e460-768x512.jpg 768w, https:\/\/graphimarket.com\/wp-content\/uploads\/2020\/09\/35561339-973e-4cd9-8948-eabd2e02e460-600x400.jpg 600w\" sizes=\"(max-width: 1170px) 100vw, 1170px\" \/> <img decoding=\"async\" class=\"aligncenter wp-image-11420 size-full\" src=\"https:\/\/graphimarket.com\/wp-content\/uploads\/2020\/09\/ba097ce6-5331-4208-85e0-51b6e26f51f0.jpg\" alt=\"\" width=\"1170\" height=\"780\" srcset=\"https:\/\/graphimarket.com\/wp-content\/uploads\/2020\/09\/ba097ce6-5331-4208-85e0-51b6e26f51f0.jpg 1170w, https:\/\/graphimarket.com\/wp-content\/uploads\/2020\/09\/ba097ce6-5331-4208-85e0-51b6e26f51f0-300x200.jpg 300w, https:\/\/graphimarket.com\/wp-content\/uploads\/2020\/09\/ba097ce6-5331-4208-85e0-51b6e26f51f0-1024x683.jpg 1024w, https:\/\/graphimarket.com\/wp-content\/uploads\/2020\/09\/ba097ce6-5331-4208-85e0-51b6e26f51f0-768x512.jpg 768w, https:\/\/graphimarket.com\/wp-content\/uploads\/2020\/09\/ba097ce6-5331-4208-85e0-51b6e26f51f0-600x400.jpg 600w\" sizes=\"(max-width: 1170px) 100vw, 1170px\" \/> <img decoding=\"async\" class=\"aligncenter wp-image-11421 size-full\" src=\"https:\/\/graphimarket.com\/wp-content\/uploads\/2020\/09\/e8ab1500-1211-4aca-95e2-c53415ef541c.jpg\" alt=\"\" width=\"1170\" height=\"780\" srcset=\"https:\/\/graphimarket.com\/wp-content\/uploads\/2020\/09\/e8ab1500-1211-4aca-95e2-c53415ef541c.jpg 1170w, https:\/\/graphimarket.com\/wp-content\/uploads\/2020\/09\/e8ab1500-1211-4aca-95e2-c53415ef541c-300x200.jpg 300w, https:\/\/graphimarket.com\/wp-content\/uploads\/2020\/09\/e8ab1500-1211-4aca-95e2-c53415ef541c-1024x683.jpg 1024w, https:\/\/graphimarket.com\/wp-content\/uploads\/2020\/09\/e8ab1500-1211-4aca-95e2-c53415ef541c-768x512.jpg 768w, https:\/\/graphimarket.com\/wp-content\/uploads\/2020\/09\/e8ab1500-1211-4aca-95e2-c53415ef541c-600x400.jpg 600w\" sizes=\"(max-width: 1170px) 100vw, 1170px\" \/> <img loading=\"lazy\" decoding=\"async\" class=\"aligncenter wp-image-11422 size-full\" src=\"https:\/\/graphimarket.com\/wp-content\/uploads\/2020\/09\/14d87a8c-b099-4774-835b-3ef6dc211431.jpg\" alt=\"\" width=\"1170\" height=\"780\" srcset=\"https:\/\/graphimarket.com\/wp-content\/uploads\/2020\/09\/14d87a8c-b099-4774-835b-3ef6dc211431.jpg 1170w, https:\/\/graphimarket.com\/wp-content\/uploads\/2020\/09\/14d87a8c-b099-4774-835b-3ef6dc211431-300x200.jpg 300w, https:\/\/graphimarket.com\/wp-content\/uploads\/2020\/09\/14d87a8c-b099-4774-835b-3ef6dc211431-1024x683.jpg 1024w, https:\/\/graphimarket.com\/wp-content\/uploads\/2020\/09\/14d87a8c-b099-4774-835b-3ef6dc211431-768x512.jpg 768w, https:\/\/graphimarket.com\/wp-content\/uploads\/2020\/09\/14d87a8c-b099-4774-835b-3ef6dc211431-600x400.jpg 600w\" sizes=\"(max-width: 1170px) 100vw, 1170px\" \/> <img loading=\"lazy\" decoding=\"async\" class=\"aligncenter wp-image-11423 size-full\" src=\"https:\/\/graphimarket.com\/wp-content\/uploads\/2020\/09\/23c6fc91-82e0-4a30-93fe-37ecaa01405f.jpg\" alt=\"\" width=\"1170\" height=\"780\" srcset=\"https:\/\/graphimarket.com\/wp-content\/uploads\/2020\/09\/23c6fc91-82e0-4a30-93fe-37ecaa01405f.jpg 1170w, https:\/\/graphimarket.com\/wp-content\/uploads\/2020\/09\/23c6fc91-82e0-4a30-93fe-37ecaa01405f-300x200.jpg 300w, https:\/\/graphimarket.com\/wp-content\/uploads\/2020\/09\/23c6fc91-82e0-4a30-93fe-37ecaa01405f-1024x683.jpg 1024w, https:\/\/graphimarket.com\/wp-content\/uploads\/2020\/09\/23c6fc91-82e0-4a30-93fe-37ecaa01405f-768x512.jpg 768w, https:\/\/graphimarket.com\/wp-content\/uploads\/2020\/09\/23c6fc91-82e0-4a30-93fe-37ecaa01405f-600x400.jpg 600w\" sizes=\"(max-width: 1170px) 100vw, 1170px\" \/> <img loading=\"lazy\" decoding=\"async\" class=\"aligncenter wp-image-11424 size-full\" src=\"https:\/\/graphimarket.com\/wp-content\/uploads\/2020\/09\/85725a78-1f14-4260-b72a-17540b5daa3d.jpg\" alt=\"\" width=\"1170\" height=\"780\" srcset=\"https:\/\/graphimarket.com\/wp-content\/uploads\/2020\/09\/85725a78-1f14-4260-b72a-17540b5daa3d.jpg 1170w, https:\/\/graphimarket.com\/wp-content\/uploads\/2020\/09\/85725a78-1f14-4260-b72a-17540b5daa3d-300x200.jpg 300w, https:\/\/graphimarket.com\/wp-content\/uploads\/2020\/09\/85725a78-1f14-4260-b72a-17540b5daa3d-1024x683.jpg 1024w, https:\/\/graphimarket.com\/wp-content\/uploads\/2020\/09\/85725a78-1f14-4260-b72a-17540b5daa3d-768x512.jpg 768w, https:\/\/graphimarket.com\/wp-content\/uploads\/2020\/09\/85725a78-1f14-4260-b72a-17540b5daa3d-600x400.jpg 600w\" sizes=\"(max-width: 1170px) 100vw, 1170px\" \/><\/p>\n<\/div>\n<div class=\"_3YqMOf9R\">\n<div class=\"_3KAa4-GZ frEFeDSS\"><\/div>\n<\/div>","protected":false},"excerpt":{"rendered":"<p>49 Cinematic Lightroom Effects for professional Photo Retouch and perfect for photographers and graphic designers. All they have been created with precise calibration adjustments to bring your images to life using powerful tools professional methods. Package Includes Contains 49 Professional presets. Compatible with Lightroom 4-6. Use with both JPEGs and RAW files. Detailed Installation Instructions [&hellip;]<\/p>\n","protected":false},"featured_media":11422,"comment_status":"open","ping_status":"closed","template":"","meta":{"site-sidebar-layout":"default","site-content-layout":"default","ast-site-content-layout":"default","site-content-style":"default","site-sidebar-style":"default","ast-global-header-display":"","ast-banner-title-visibility":"","ast-main-header-display":"","ast-hfb-above-header-display":"","ast-hfb-below-header-display":"","ast-hfb-mobile-header-display":"","site-post-title":"","ast-breadcrumbs-content":"","ast-featured-img":"","footer-sml-layout":"","ast-disable-related-posts":"","theme-transparent-header-meta":"default","adv-header-id-meta":"","stick-header-meta":"","header-above-stick-meta":"","header-main-stick-meta":"","header-below-stick-meta":"","astra-migrate-meta-layouts":"default","ast-page-background-enabled":"default","ast-page-background-meta":{"desktop":{"background-color":"","background-image":"","background-repeat":"repeat","background-position":"center center","background-size":"auto","background-attachment":"scroll","background-type":"","background-media":"","overlay-type":"","overlay-color":"","overlay-opacity":"","overlay-gradient":""},"tablet":{"background-color":"","background-image":"","background-repeat":"repeat","background-position":"center center","background-size":"auto","background-attachment":"scroll","background-type":"","background-media":"","overlay-type":"","overlay-color":"","overlay-opacity":"","overlay-gradient":""},"mobile":{"background-color":"","background-image":"","background-repeat":"repeat","background-position":"center center","background-size":"auto","background-attachment":"scroll","background-type":"","background-media":"","overlay-type":"","overlay-color":"","overlay-opacity":"","overlay-gradient":""}},"ast-content-background-meta":{"desktop":{"background-color":"var(--ast-global-color-5)","background-image":"","background-repeat":"repeat","background-position":"center center","background-size":"auto","background-attachment":"scroll","background-type":"","background-media":"","overlay-type":"","overlay-color":"","overlay-opacity":"","overlay-gradient":""},"tablet":{"background-color":"var(--ast-global-color-5)","background-image":"","background-repeat":"repeat","background-position":"center center","background-size":"auto","background-attachment":"scroll","background-type":"","background-media":"","overlay-type":"","overlay-color":"","overlay-opacity":"","overlay-gradient":""},"mobile":{"background-color":"var(--ast-global-color-5)","background-image":"","background-repeat":"repeat","background-position":"center center","background-size":"auto","background-attachment":"scroll","background-type":"","background-media":"","overlay-type":"","overlay-color":"","overlay-opacity":"","overlay-gradient":""}}},"product_brand":[],"product_cat":[131],"product_tag":[1386,289,1385,393,320,335,1387,1384,318,383,1383],"class_list":{"0":"post-11418","1":"product","2":"type-product","3":"status-publish","4":"has-post-thumbnail","6":"product_cat-lightroom-preset","7":"product_tag-adobe","8":"product_tag-cinematic","9":"product_tag-dramatic","10":"product_tag-editing","11":"product_tag-film","12":"product_tag-lightroom","13":"product_tag-lrtemplate","14":"product_tag-photographic","15":"product_tag-presets","16":"product_tag-professional","17":"product_tag-retouch","18":"desktop-align-left","19":"tablet-align-left","20":"mobile-align-left","22":"first","23":"instock","24":"downloadable","25":"virtual","26":"taxable","27":"purchasable","28":"product-type-simple"},"yoast_head":"<!-- This site is optimized with the Yoast SEO plugin v27.3 - https:\/\/yoast.com\/product\/yoast-seo-wordpress\/ -->\n<title>Cinematic Lightroom Presets - Graphimarket<\/title>\n<meta name=\"description\" content=\"49 Cinematic Lightroom Effects for professional Photo Retouch and perfect for photographers and graphic designers.\" \/>\n<meta name=\"robots\" content=\"index, follow, max-snippet:-1, max-image-preview:large, max-video-preview:-1\" \/>\n<link rel=\"canonical\" href=\"https:\/\/graphimarket.com\/fr\/product\/cinematic-lightroom-presets\/\" \/>\n<meta property=\"og:locale\" content=\"fr_FR\" \/>\n<meta property=\"og:type\" content=\"article\" \/>\n<meta property=\"og:title\" content=\"Cinematic Lightroom Presets - Graphimarket\" \/>\n<meta property=\"og:description\" content=\"49 Cinematic Lightroom Effects for professional Photo Retouch and perfect for photographers and graphic designers.\" \/>\n<meta property=\"og:url\" content=\"https:\/\/graphimarket.com\/fr\/product\/cinematic-lightroom-presets\/\" \/>\n<meta property=\"og:site_name\" content=\"Graphimarket\" \/>\n<meta property=\"article:modified_time\" content=\"2022-12-19T08:53:45+00:00\" \/>\n<meta property=\"og:image\" content=\"https:\/\/graphimarket.com\/wp-content\/uploads\/2020\/09\/14d87a8c-b099-4774-835b-3ef6dc211431.jpg\" \/>\n\t<meta property=\"og:image:width\" content=\"1170\" \/>\n\t<meta property=\"og:image:height\" content=\"780\" \/>\n\t<meta property=\"og:image:type\" content=\"image\/jpeg\" \/>\n<meta name=\"twitter:card\" content=\"summary_large_image\" \/>\n<script type=\"application\/ld+json\" class=\"yoast-schema-graph\">{\"@context\":\"https:\\\/\\\/schema.org\",\"@graph\":[{\"@type\":\"WebPage\",\"@id\":\"https:\\\/\\\/graphimarket.com\\\/product\\\/cinematic-lightroom-presets\\\/\",\"url\":\"https:\\\/\\\/graphimarket.com\\\/product\\\/cinematic-lightroom-presets\\\/\",\"name\":\"Cinematic Lightroom Presets - Graphimarket\",\"isPartOf\":{\"@id\":\"https:\\\/\\\/graphimarket.com\\\/fr\\\/#website\"},\"primaryImageOfPage\":{\"@id\":\"https:\\\/\\\/graphimarket.com\\\/product\\\/cinematic-lightroom-presets\\\/#primaryimage\"},\"image\":{\"@id\":\"https:\\\/\\\/graphimarket.com\\\/product\\\/cinematic-lightroom-presets\\\/#primaryimage\"},\"thumbnailUrl\":\"https:\\\/\\\/graphimarket.com\\\/wp-content\\\/uploads\\\/2020\\\/09\\\/14d87a8c-b099-4774-835b-3ef6dc211431.jpg\",\"datePublished\":\"2020-09-28T15:09:05+00:00\",\"dateModified\":\"2022-12-19T08:53:45+00:00\",\"description\":\"49 Cinematic Lightroom Effects for professional Photo Retouch and perfect for photographers and graphic designers.\",\"breadcrumb\":{\"@id\":\"https:\\\/\\\/graphimarket.com\\\/product\\\/cinematic-lightroom-presets\\\/#breadcrumb\"},\"inLanguage\":\"fr-FR\",\"potentialAction\":[{\"@type\":\"ReadAction\",\"target\":[\"https:\\\/\\\/graphimarket.com\\\/product\\\/cinematic-lightroom-presets\\\/\"]}]},{\"@type\":\"ImageObject\",\"inLanguage\":\"fr-FR\",\"@id\":\"https:\\\/\\\/graphimarket.com\\\/product\\\/cinematic-lightroom-presets\\\/#primaryimage\",\"url\":\"https:\\\/\\\/graphimarket.com\\\/wp-content\\\/uploads\\\/2020\\\/09\\\/14d87a8c-b099-4774-835b-3ef6dc211431.jpg\",\"contentUrl\":\"https:\\\/\\\/graphimarket.com\\\/wp-content\\\/uploads\\\/2020\\\/09\\\/14d87a8c-b099-4774-835b-3ef6dc211431.jpg\",\"width\":1170,\"height\":780},{\"@type\":\"BreadcrumbList\",\"@id\":\"https:\\\/\\\/graphimarket.com\\\/product\\\/cinematic-lightroom-presets\\\/#breadcrumb\",\"itemListElement\":[{\"@type\":\"ListItem\",\"position\":1,\"name\":\"Home\",\"item\":\"https:\\\/\\\/graphimarket.com\\\/es\\\/\"},{\"@type\":\"ListItem\",\"position\":2,\"name\":\"Store\",\"item\":\"https:\\\/\\\/graphimarket.com\\\/store\\\/\"},{\"@type\":\"ListItem\",\"position\":3,\"name\":\"Cinematic Lightroom Presets\"}]},{\"@type\":\"WebSite\",\"@id\":\"https:\\\/\\\/graphimarket.com\\\/fr\\\/#website\",\"url\":\"https:\\\/\\\/graphimarket.com\\\/fr\\\/\",\"name\":\"Graphimarket\",\"description\":\"Find the perfect creative asset to bring your project to life\",\"publisher\":{\"@id\":\"https:\\\/\\\/graphimarket.com\\\/fr\\\/#organization\"},\"potentialAction\":[{\"@type\":\"SearchAction\",\"target\":{\"@type\":\"EntryPoint\",\"urlTemplate\":\"https:\\\/\\\/graphimarket.com\\\/fr\\\/?s={search_term_string}\"},\"query-input\":{\"@type\":\"PropertyValueSpecification\",\"valueRequired\":true,\"valueName\":\"search_term_string\"}}],\"inLanguage\":\"fr-FR\"},{\"@type\":\"Organization\",\"@id\":\"https:\\\/\\\/graphimarket.com\\\/fr\\\/#organization\",\"name\":\"Graphimarket\",\"url\":\"https:\\\/\\\/graphimarket.com\\\/fr\\\/\",\"logo\":{\"@type\":\"ImageObject\",\"inLanguage\":\"fr-FR\",\"@id\":\"https:\\\/\\\/graphimarket.com\\\/fr\\\/#\\\/schema\\\/logo\\\/image\\\/\",\"url\":\"https:\\\/\\\/graphimarket.com\\\/wp-content\\\/uploads\\\/2020\\\/08\\\/logo-48.png\",\"contentUrl\":\"https:\\\/\\\/graphimarket.com\\\/wp-content\\\/uploads\\\/2020\\\/08\\\/logo-48.png\",\"width\":132,\"height\":48,\"caption\":\"Graphimarket\"},\"image\":{\"@id\":\"https:\\\/\\\/graphimarket.com\\\/fr\\\/#\\\/schema\\\/logo\\\/image\\\/\"}}]}<\/script>\n<!-- \/ Yoast SEO plugin. -->","yoast_head_json":{"title":"Pr\u00e9r\u00e9glages Cinematic Lightroom - Graphimarket","description":"49 Effets Lightroom cin\u00e9matiques pour la retouche photo professionnelle et parfaits pour les photographes et les graphistes.","robots":{"index":"index","follow":"follow","max-snippet":"max-snippet:-1","max-image-preview":"max-image-preview:large","max-video-preview":"max-video-preview:-1"},"canonical":"https:\/\/graphimarket.com\/fr\/product\/cinematic-lightroom-presets\/","og_locale":"fr_FR","og_type":"article","og_title":"Cinematic Lightroom Presets - Graphimarket","og_description":"49 Cinematic Lightroom Effects for professional Photo Retouch and perfect for photographers and graphic designers.","og_url":"https:\/\/graphimarket.com\/fr\/product\/cinematic-lightroom-presets\/","og_site_name":"Graphimarket","article_modified_time":"2022-12-19T08:53:45+00:00","og_image":[{"width":1170,"height":780,"url":"https:\/\/graphimarket.com\/wp-content\/uploads\/2020\/09\/14d87a8c-b099-4774-835b-3ef6dc211431.jpg","type":"image\/jpeg"}],"twitter_card":"summary_large_image","schema":{"@context":"https:\/\/schema.org","@graph":[{"@type":"WebPage","@id":"https:\/\/graphimarket.com\/product\/cinematic-lightroom-presets\/","url":"https:\/\/graphimarket.com\/product\/cinematic-lightroom-presets\/","name":"Pr\u00e9r\u00e9glages Cinematic Lightroom - Graphimarket","isPartOf":{"@id":"https:\/\/graphimarket.com\/fr\/#website"},"primaryImageOfPage":{"@id":"https:\/\/graphimarket.com\/product\/cinematic-lightroom-presets\/#primaryimage"},"image":{"@id":"https:\/\/graphimarket.com\/product\/cinematic-lightroom-presets\/#primaryimage"},"thumbnailUrl":"https:\/\/graphimarket.com\/wp-content\/uploads\/2020\/09\/14d87a8c-b099-4774-835b-3ef6dc211431.jpg","datePublished":"2020-09-28T15:09:05+00:00","dateModified":"2022-12-19T08:53:45+00:00","description":"49 Effets Lightroom cin\u00e9matiques pour la retouche photo professionnelle et parfaits pour les photographes et les graphistes.","breadcrumb":{"@id":"https:\/\/graphimarket.com\/product\/cinematic-lightroom-presets\/#breadcrumb"},"inLanguage":"fr-FR","potentialAction":[{"@type":"ReadAction","target":["https:\/\/graphimarket.com\/product\/cinematic-lightroom-presets\/"]}]},{"@type":"ImageObject","inLanguage":"fr-FR","@id":"https:\/\/graphimarket.com\/product\/cinematic-lightroom-presets\/#primaryimage","url":"https:\/\/graphimarket.com\/wp-content\/uploads\/2020\/09\/14d87a8c-b099-4774-835b-3ef6dc211431.jpg","contentUrl":"https:\/\/graphimarket.com\/wp-content\/uploads\/2020\/09\/14d87a8c-b099-4774-835b-3ef6dc211431.jpg","width":1170,"height":780},{"@type":"BreadcrumbList","@id":"https:\/\/graphimarket.com\/product\/cinematic-lightroom-presets\/#breadcrumb","itemListElement":[{"@type":"ListItem","position":1,"name":"Home","item":"https:\/\/graphimarket.com\/es\/"},{"@type":"ListItem","position":2,"name":"Store","item":"https:\/\/graphimarket.com\/store\/"},{"@type":"ListItem","position":3,"name":"Cinematic Lightroom Presets"}]},{"@type":"WebSite","@id":"https:\/\/graphimarket.com\/fr\/#website","url":"https:\/\/graphimarket.com\/fr\/","name":"Graphimarket","description":"Trouvez l&#039;atout cr\u00e9atif parfait pour donner vie \u00e0 votre projet","publisher":{"@id":"https:\/\/graphimarket.com\/fr\/#organization"},"potentialAction":[{"@type":"SearchAction","target":{"@type":"EntryPoint","urlTemplate":"https:\/\/graphimarket.com\/fr\/?s={search_term_string}"},"query-input":{"@type":"PropertyValueSpecification","valueRequired":true,"valueName":"search_term_string"}}],"inLanguage":"fr-FR"},{"@type":"Organization","@id":"https:\/\/graphimarket.com\/fr\/#organization","name":"Graphimarket","url":"https:\/\/graphimarket.com\/fr\/","logo":{"@type":"ImageObject","inLanguage":"fr-FR","@id":"https:\/\/graphimarket.com\/fr\/#\/schema\/logo\/image\/","url":"https:\/\/graphimarket.com\/wp-content\/uploads\/2020\/08\/logo-48.png","contentUrl":"https:\/\/graphimarket.com\/wp-content\/uploads\/2020\/08\/logo-48.png","width":132,"height":48,"caption":"Graphimarket"},"image":{"@id":"https:\/\/graphimarket.com\/fr\/#\/schema\/logo\/image\/"}}]}},"_links":{"self":[{"href":"http:\/\/graphimarket.com\/fr\/wp-json\/wp\/v2\/product\/11418","targetHints":{"allow":["GET"]}}],"collection":[{"href":"http:\/\/graphimarket.com\/fr\/wp-json\/wp\/v2\/product"}],"about":[{"href":"http:\/\/graphimarket.com\/fr\/wp-json\/wp\/v2\/types\/product"}],"replies":[{"embeddable":true,"href":"http:\/\/graphimarket.com\/fr\/wp-json\/wp\/v2\/comments?post=11418"}],"version-history":[{"count":0,"href":"http:\/\/graphimarket.com\/fr\/wp-json\/wp\/v2\/product\/11418\/revisions"}],"wp:featuredmedia":[{"embeddable":true,"href":"http:\/\/graphimarket.com\/fr\/wp-json\/wp\/v2\/media\/11422"}],"wp:attachment":[{"href":"http:\/\/graphimarket.com\/fr\/wp-json\/wp\/v2\/media?parent=11418"}],"wp:term":[{"taxonomy":"product_brand","embeddable":true,"href":"http:\/\/graphimarket.com\/fr\/wp-json\/wp\/v2\/product_brand?post=11418"},{"taxonomy":"product_cat","embeddable":true,"href":"http:\/\/graphimarket.com\/fr\/wp-json\/wp\/v2\/product_cat?post=11418"},{"taxonomy":"product_tag","embeddable":true,"href":"http:\/\/graphimarket.com\/fr\/wp-json\/wp\/v2\/product_tag?post=11418"}],"curies":[{"name":"wp","href":"https:\/\/api.w.org\/{rel}","templated":true}]}}