{"id":11482,"date":"2020-09-28T17:53:10","date_gmt":"2020-09-28T15:53:10","guid":{"rendered":"https:\/\/graphimarket.com\/?post_type=product&#038;p=11482"},"modified":"2022-12-19T09:52:23","modified_gmt":"2022-12-19T08:52:23","slug":"10-hq-lightroom-presets","status":"publish","type":"product","link":"http:\/\/graphimarket.com\/fr\/product\/10-hq-lightroom-presets\/","title":{"rendered":"10 pr\u00e9r\u00e9glages HQ Lightroom"},"content":{"rendered":"<p><strong>\u00c0 PROPOS DE 10 pr\u00e9r\u00e9glages HQ Lightroom:<\/strong><\/p>\n<p>Ce pack est parfait pour les blogueurs, Instagram, Facebook et la photographie de style de vie. Moderne, mat, granuleux, dramatique, chaleureux, doux et profond - tout d\u00e9pend de ces pr\u00e9r\u00e9glages. Ces pr\u00e9r\u00e9glages professionnels sont con\u00e7us pour am\u00e9liorer le flux de travail pour le traitement et l&#039;\u00e9dition de photos en un seul clic. Ils ont \u00e9t\u00e9 test\u00e9s sur diff\u00e9rentes photos et fonctionnent tr\u00e8s bien. Les r\u00e9glages sont tr\u00e8s intelligents, propres et faciles \u00e0 personnaliser. Vous pouvez \u00e9galement utiliser ces pr\u00e9r\u00e9glages avec n&#039;importe quelle photo de votre choix, ils pourraient \u00e9galement \u00eatre d\u00e9crits comme polyvalents.<\/p>\n<p><strong>CARACT\u00c9RISTIQUES TR\u00c8S IMPORTANTES:<\/strong><\/p>\n<ul>\n<li>R\u00e9sultat professionnel et unique r\u00e9alisable en un clic<\/li>\n<li>100% non destructif, nous les avons test\u00e9s sur diff\u00e9rentes photos<\/li>\n<li>Pour les photographes, designers, blogueurs et instagrammeurs, professionnels et amateurs<\/li>\n<li>La qualit\u00e9 au-dessus de la quantit\u00e9. Vous ne verrez jamais de notre \u00e9quipe des pr\u00e9r\u00e9glages 100-en-1, avec des changements tr\u00e8s mineurs entre eux, \u00e0 l&#039;exception des bundles. Nous respectons nos clients et faisons de notre mieux pour fournir des produits de tr\u00e8s haute qualit\u00e9.<\/li>\n<li>Ces pr\u00e9r\u00e9glages ne changent pas le WB (balance des blancs) de votre image, ils fonctionnent avec la couleur, l&#039;exposition, le contraste, les blancs, les noirs, HSL, les couleurs etc. Cela signifie que si votre WB est \u00abOK\u00bb, ils font presque la m\u00eame chose effet comme sur l&#039;image d&#039;aper\u00e7u, et c&#039;est g\u00e9nial<\/li>\n<li>Facile \u00e0 utiliser, un seul clic + fichier FAQ + support GRATUIT<\/li>\n<li>Facile \u00e0 personnaliser<\/li>\n<li>MAC et PC<\/li>\n<li>Con\u00e7u pour \u00eatre utilis\u00e9 avec n&#039;importe quelle r\u00e9solution<\/li>\n<li>Aucun profil d&#039;\u00e9talonnage de cam\u00e9ra n\u00e9cessaire<\/li>\n<li>Besoin de modifications avec des photos surexpos\u00e9es et sous-expos\u00e9es<\/li>\n<li>Le type de fichier: .lrtemplate<\/li>\n<li>Prend en charge: .jpg, .tiff et RAW (.arw, .srf, .sr2, .crw, .cr2, .dng, .3fr, .mef, .nef, .nrw, .ptx, .pef, .raf,. rw1, .rw2, .srw et etc.)<\/li>\n<li>N\u00e9cessite Adobe Lightroom de 3.x \u00e0 CC<\/li>\n<\/ul>\n<p><strong>INCLUS:<\/strong><\/p>\n<ul>\n<li>10 pr\u00e9r\u00e9glages Lightroom<\/li>\n<li>Fichier FAQ<\/li>\n<\/ul>\n<p><strong>CR\u00c9DITS<\/strong><\/p>\n<p>Les photos de l&#039;aper\u00e7u sont utilis\u00e9es \u00e0 des fins de d\u00e9monstration uniquement. Toutes les photos utilis\u00e9es ont une licence Creative Commons et ont \u00e9t\u00e9 prises \u00e0 partir de Pexels, Unsplash, notre portefeuille d&#039;\u00e9quipe, etc.<\/p>\n<p>&nbsp;<\/p>\n<p><img fetchpriority=\"high\" decoding=\"async\" class=\"aligncenter wp-image-11483 size-full\" src=\"https:\/\/graphimarket.com\/wp-content\/uploads\/2020\/09\/44a96b13-c7bb-46fa-8046-b2b1c776f893.jpg\" alt=\"\" width=\"590\" height=\"442\" srcset=\"https:\/\/graphimarket.com\/wp-content\/uploads\/2020\/09\/44a96b13-c7bb-46fa-8046-b2b1c776f893.jpg 590w, https:\/\/graphimarket.com\/wp-content\/uploads\/2020\/09\/44a96b13-c7bb-46fa-8046-b2b1c776f893-300x225.jpg 300w\" sizes=\"(max-width: 590px) 100vw, 590px\" \/> <img decoding=\"async\" class=\"aligncenter wp-image-11484 size-full\" src=\"https:\/\/graphimarket.com\/wp-content\/uploads\/2020\/09\/844a7073-3ca6-4266-9c3c-ea280d2abc70.jpg\" alt=\"\" width=\"590\" height=\"788\" srcset=\"https:\/\/graphimarket.com\/wp-content\/uploads\/2020\/09\/844a7073-3ca6-4266-9c3c-ea280d2abc70.jpg 590w, https:\/\/graphimarket.com\/wp-content\/uploads\/2020\/09\/844a7073-3ca6-4266-9c3c-ea280d2abc70-225x300.jpg 225w\" sizes=\"(max-width: 590px) 100vw, 590px\" \/> <img decoding=\"async\" class=\"aligncenter wp-image-11485 size-full\" src=\"https:\/\/graphimarket.com\/wp-content\/uploads\/2020\/09\/1931c6bf-5a1b-411b-a46a-029c42c21b23.jpg\" alt=\"\" width=\"590\" height=\"788\" srcset=\"https:\/\/graphimarket.com\/wp-content\/uploads\/2020\/09\/1931c6bf-5a1b-411b-a46a-029c42c21b23.jpg 590w, https:\/\/graphimarket.com\/wp-content\/uploads\/2020\/09\/1931c6bf-5a1b-411b-a46a-029c42c21b23-225x300.jpg 225w\" sizes=\"(max-width: 590px) 100vw, 590px\" \/> <img loading=\"lazy\" decoding=\"async\" class=\"aligncenter wp-image-11486 size-full\" src=\"https:\/\/graphimarket.com\/wp-content\/uploads\/2020\/09\/a37bf5ee-2667-4a88-a42f-da30f0a33964.jpg\" alt=\"\" width=\"590\" height=\"788\" srcset=\"https:\/\/graphimarket.com\/wp-content\/uploads\/2020\/09\/a37bf5ee-2667-4a88-a42f-da30f0a33964.jpg 590w, https:\/\/graphimarket.com\/wp-content\/uploads\/2020\/09\/a37bf5ee-2667-4a88-a42f-da30f0a33964-225x300.jpg 225w\" sizes=\"(max-width: 590px) 100vw, 590px\" \/> <img loading=\"lazy\" decoding=\"async\" class=\"aligncenter wp-image-11487 size-full\" src=\"https:\/\/graphimarket.com\/wp-content\/uploads\/2020\/09\/59c01feb-167f-443b-90c4-8c5989f49bca.jpg\" alt=\"\" width=\"1170\" height=\"780\" srcset=\"https:\/\/graphimarket.com\/wp-content\/uploads\/2020\/09\/59c01feb-167f-443b-90c4-8c5989f49bca.jpg 1170w, https:\/\/graphimarket.com\/wp-content\/uploads\/2020\/09\/59c01feb-167f-443b-90c4-8c5989f49bca-300x200.jpg 300w, https:\/\/graphimarket.com\/wp-content\/uploads\/2020\/09\/59c01feb-167f-443b-90c4-8c5989f49bca-1024x683.jpg 1024w, https:\/\/graphimarket.com\/wp-content\/uploads\/2020\/09\/59c01feb-167f-443b-90c4-8c5989f49bca-768x512.jpg 768w, https:\/\/graphimarket.com\/wp-content\/uploads\/2020\/09\/59c01feb-167f-443b-90c4-8c5989f49bca-600x400.jpg 600w\" sizes=\"(max-width: 1170px) 100vw, 1170px\" \/> <img loading=\"lazy\" decoding=\"async\" class=\"aligncenter wp-image-11488 size-full\" src=\"https:\/\/graphimarket.com\/wp-content\/uploads\/2020\/09\/2de670bd-af50-47c3-b483-32d52c8361af.jpg\" alt=\"\" width=\"590\" height=\"788\" srcset=\"https:\/\/graphimarket.com\/wp-content\/uploads\/2020\/09\/2de670bd-af50-47c3-b483-32d52c8361af.jpg 590w, https:\/\/graphimarket.com\/wp-content\/uploads\/2020\/09\/2de670bd-af50-47c3-b483-32d52c8361af-225x300.jpg 225w\" sizes=\"(max-width: 590px) 100vw, 590px\" \/> <img loading=\"lazy\" decoding=\"async\" class=\"aligncenter wp-image-11489 size-full\" src=\"https:\/\/graphimarket.com\/wp-content\/uploads\/2020\/09\/3a934b51-f06c-4a81-9ff9-d5e6e1414066.jpg\" alt=\"\" width=\"590\" height=\"788\" srcset=\"https:\/\/graphimarket.com\/wp-content\/uploads\/2020\/09\/3a934b51-f06c-4a81-9ff9-d5e6e1414066.jpg 590w, https:\/\/graphimarket.com\/wp-content\/uploads\/2020\/09\/3a934b51-f06c-4a81-9ff9-d5e6e1414066-225x300.jpg 225w\" sizes=\"(max-width: 590px) 100vw, 590px\" \/> <img loading=\"lazy\" decoding=\"async\" class=\"aligncenter wp-image-11490 size-full\" src=\"https:\/\/graphimarket.com\/wp-content\/uploads\/2020\/09\/5c8789da-b909-4668-801b-fbb8e8656418.jpg\" alt=\"\" width=\"590\" height=\"788\" srcset=\"https:\/\/graphimarket.com\/wp-content\/uploads\/2020\/09\/5c8789da-b909-4668-801b-fbb8e8656418.jpg 590w, https:\/\/graphimarket.com\/wp-content\/uploads\/2020\/09\/5c8789da-b909-4668-801b-fbb8e8656418-225x300.jpg 225w\" sizes=\"(max-width: 590px) 100vw, 590px\" \/> <img loading=\"lazy\" decoding=\"async\" class=\"aligncenter wp-image-11491 size-full\" src=\"https:\/\/graphimarket.com\/wp-content\/uploads\/2020\/09\/7d338231-8c60-4a4c-a976-ad7dffb7d594.jpg\" alt=\"\" width=\"590\" height=\"788\" srcset=\"https:\/\/graphimarket.com\/wp-content\/uploads\/2020\/09\/7d338231-8c60-4a4c-a976-ad7dffb7d594.jpg 590w, https:\/\/graphimarket.com\/wp-content\/uploads\/2020\/09\/7d338231-8c60-4a4c-a976-ad7dffb7d594-225x300.jpg 225w\" sizes=\"(max-width: 590px) 100vw, 590px\" \/> <img loading=\"lazy\" decoding=\"async\" class=\"aligncenter wp-image-11492 size-full\" src=\"https:\/\/graphimarket.com\/wp-content\/uploads\/2020\/09\/37c09053-8241-4f0e-a3e4-7381eb4f13ac.jpg\" alt=\"\" width=\"590\" height=\"788\" srcset=\"https:\/\/graphimarket.com\/wp-content\/uploads\/2020\/09\/37c09053-8241-4f0e-a3e4-7381eb4f13ac.jpg 590w, https:\/\/graphimarket.com\/wp-content\/uploads\/2020\/09\/37c09053-8241-4f0e-a3e4-7381eb4f13ac-225x300.jpg 225w\" sizes=\"(max-width: 590px) 100vw, 590px\" \/> <img loading=\"lazy\" decoding=\"async\" class=\"aligncenter wp-image-11493 size-full\" src=\"https:\/\/graphimarket.com\/wp-content\/uploads\/2020\/09\/38a8ad19-cb04-4805-8f75-3930f3529a99.jpg\" alt=\"\" width=\"590\" height=\"788\" srcset=\"https:\/\/graphimarket.com\/wp-content\/uploads\/2020\/09\/38a8ad19-cb04-4805-8f75-3930f3529a99.jpg 590w, https:\/\/graphimarket.com\/wp-content\/uploads\/2020\/09\/38a8ad19-cb04-4805-8f75-3930f3529a99-225x300.jpg 225w\" sizes=\"(max-width: 590px) 100vw, 590px\" \/><\/p>\n<p>&nbsp;<\/p>","protected":false},"excerpt":{"rendered":"<p>ABOUT 10 HQ Lightroom Presets: This pack is perfect for bloggers, instagram, facebook and lifestyle photography. Modern, matte, grainy, dramatic, warm, soft and deep \u2013 it\u2019s all about this presets. This professional presets are designed to improve workflow for processing and editing photos mostly in one click. They have been tested on different photos and [&hellip;]<\/p>\n","protected":false},"featured_media":11487,"comment_status":"open","ping_status":"closed","template":"","meta":{"site-sidebar-layout":"default","site-content-layout":"default","ast-site-content-layout":"default","site-content-style":"default","site-sidebar-style":"default","ast-global-header-display":"","ast-banner-title-visibility":"","ast-main-header-display":"","ast-hfb-above-header-display":"","ast-hfb-below-header-display":"","ast-hfb-mobile-header-display":"","site-post-title":"","ast-breadcrumbs-content":"","ast-featured-img":"","footer-sml-layout":"","ast-disable-related-posts":"","theme-transparent-header-meta":"default","adv-header-id-meta":"","stick-header-meta":"","header-above-stick-meta":"","header-main-stick-meta":"","header-below-stick-meta":"","astra-migrate-meta-layouts":"default","ast-page-background-enabled":"default","ast-page-background-meta":{"desktop":{"background-color":"","background-image":"","background-repeat":"repeat","background-position":"center center","background-size":"auto","background-attachment":"scroll","background-type":"","background-media":"","overlay-type":"","overlay-color":"","overlay-opacity":"","overlay-gradient":""},"tablet":{"background-color":"","background-image":"","background-repeat":"repeat","background-position":"center center","background-size":"auto","background-attachment":"scroll","background-type":"","background-media":"","overlay-type":"","overlay-color":"","overlay-opacity":"","overlay-gradient":""},"mobile":{"background-color":"","background-image":"","background-repeat":"repeat","background-position":"center center","background-size":"auto","background-attachment":"scroll","background-type":"","background-media":"","overlay-type":"","overlay-color":"","overlay-opacity":"","overlay-gradient":""}},"ast-content-background-meta":{"desktop":{"background-color":"var(--ast-global-color-5)","background-image":"","background-repeat":"repeat","background-position":"center center","background-size":"auto","background-attachment":"scroll","background-type":"","background-media":"","overlay-type":"","overlay-color":"","overlay-opacity":"","overlay-gradient":""},"tablet":{"background-color":"var(--ast-global-color-5)","background-image":"","background-repeat":"repeat","background-position":"center center","background-size":"auto","background-attachment":"scroll","background-type":"","background-media":"","overlay-type":"","overlay-color":"","overlay-opacity":"","overlay-gradient":""},"mobile":{"background-color":"var(--ast-global-color-5)","background-image":"","background-repeat":"repeat","background-position":"center center","background-size":"auto","background-attachment":"scroll","background-type":"","background-media":"","overlay-type":"","overlay-color":"","overlay-opacity":"","overlay-gradient":""}}},"product_brand":[],"product_cat":[131],"product_tag":[370,320,378,371,372,377,335,373,376,564,412,318,374,375,323,1401],"class_list":{"0":"post-11482","1":"product","2":"type-product","3":"status-publish","4":"has-post-thumbnail","6":"product_cat-lightroom-preset","7":"product_tag-blogger","8":"product_tag-film","9":"product_tag-fuji","10":"product_tag-insta","11":"product_tag-instagram","12":"product_tag-kodak","13":"product_tag-lightroom","14":"product_tag-lut","15":"product_tag-matte","16":"product_tag-portait","17":"product_tag-preset","18":"product_tag-presets","19":"product_tag-pro","20":"product_tag-skintone","21":"product_tag-trendy","22":"product_tag-vsc","23":"desktop-align-left","24":"tablet-align-left","25":"mobile-align-left","27":"first","28":"instock","29":"downloadable","30":"virtual","31":"taxable","32":"purchasable","33":"product-type-simple"},"yoast_head":"<!-- This site is optimized with the Yoast SEO plugin v27.3 - https:\/\/yoast.com\/product\/yoast-seo-wordpress\/ -->\n<title>10 HQ Lightroom Presets - Graphimarket<\/title>\n<meta name=\"description\" content=\"his pack is perfect for bloggers, instagram, facebook and lifestyle photography. Modern, matte, grainy, dramatic, warm, soft and deep\" \/>\n<meta name=\"robots\" content=\"index, follow, max-snippet:-1, max-image-preview:large, max-video-preview:-1\" \/>\n<link rel=\"canonical\" href=\"https:\/\/graphimarket.com\/fr\/product\/10-hq-lightroom-presets\/\" \/>\n<meta property=\"og:locale\" content=\"fr_FR\" \/>\n<meta property=\"og:type\" content=\"article\" \/>\n<meta property=\"og:title\" content=\"10 HQ Lightroom Presets - Graphimarket\" \/>\n<meta property=\"og:description\" content=\"his pack is perfect for bloggers, instagram, facebook and lifestyle photography. Modern, matte, grainy, dramatic, warm, soft and deep\" \/>\n<meta property=\"og:url\" content=\"https:\/\/graphimarket.com\/fr\/product\/10-hq-lightroom-presets\/\" \/>\n<meta property=\"og:site_name\" content=\"Graphimarket\" \/>\n<meta property=\"article:modified_time\" content=\"2022-12-19T08:52:23+00:00\" \/>\n<meta property=\"og:image\" content=\"https:\/\/graphimarket.com\/wp-content\/uploads\/2020\/09\/59c01feb-167f-443b-90c4-8c5989f49bca.jpg\" \/>\n\t<meta property=\"og:image:width\" content=\"1170\" \/>\n\t<meta property=\"og:image:height\" content=\"780\" \/>\n\t<meta property=\"og:image:type\" content=\"image\/jpeg\" \/>\n<meta name=\"twitter:card\" content=\"summary_large_image\" \/>\n<meta name=\"twitter:label1\" content=\"Est. reading time\" \/>\n\t<meta name=\"twitter:data1\" content=\"2 minutes\" \/>\n<script type=\"application\/ld+json\" class=\"yoast-schema-graph\">{\"@context\":\"https:\\\/\\\/schema.org\",\"@graph\":[{\"@type\":\"WebPage\",\"@id\":\"https:\\\/\\\/graphimarket.com\\\/product\\\/10-hq-lightroom-presets\\\/\",\"url\":\"https:\\\/\\\/graphimarket.com\\\/product\\\/10-hq-lightroom-presets\\\/\",\"name\":\"10 HQ Lightroom Presets - Graphimarket\",\"isPartOf\":{\"@id\":\"https:\\\/\\\/graphimarket.com\\\/fr\\\/#website\"},\"primaryImageOfPage\":{\"@id\":\"https:\\\/\\\/graphimarket.com\\\/product\\\/10-hq-lightroom-presets\\\/#primaryimage\"},\"image\":{\"@id\":\"https:\\\/\\\/graphimarket.com\\\/product\\\/10-hq-lightroom-presets\\\/#primaryimage\"},\"thumbnailUrl\":\"https:\\\/\\\/graphimarket.com\\\/wp-content\\\/uploads\\\/2020\\\/09\\\/59c01feb-167f-443b-90c4-8c5989f49bca.jpg\",\"datePublished\":\"2020-09-28T15:53:10+00:00\",\"dateModified\":\"2022-12-19T08:52:23+00:00\",\"description\":\"his pack is perfect for bloggers, instagram, facebook and lifestyle photography. Modern, matte, grainy, dramatic, warm, soft and deep\",\"breadcrumb\":{\"@id\":\"https:\\\/\\\/graphimarket.com\\\/product\\\/10-hq-lightroom-presets\\\/#breadcrumb\"},\"inLanguage\":\"fr-FR\",\"potentialAction\":[{\"@type\":\"ReadAction\",\"target\":[\"https:\\\/\\\/graphimarket.com\\\/product\\\/10-hq-lightroom-presets\\\/\"]}]},{\"@type\":\"ImageObject\",\"inLanguage\":\"fr-FR\",\"@id\":\"https:\\\/\\\/graphimarket.com\\\/product\\\/10-hq-lightroom-presets\\\/#primaryimage\",\"url\":\"https:\\\/\\\/graphimarket.com\\\/wp-content\\\/uploads\\\/2020\\\/09\\\/59c01feb-167f-443b-90c4-8c5989f49bca.jpg\",\"contentUrl\":\"https:\\\/\\\/graphimarket.com\\\/wp-content\\\/uploads\\\/2020\\\/09\\\/59c01feb-167f-443b-90c4-8c5989f49bca.jpg\",\"width\":1170,\"height\":780},{\"@type\":\"BreadcrumbList\",\"@id\":\"https:\\\/\\\/graphimarket.com\\\/product\\\/10-hq-lightroom-presets\\\/#breadcrumb\",\"itemListElement\":[{\"@type\":\"ListItem\",\"position\":1,\"name\":\"Home\",\"item\":\"https:\\\/\\\/graphimarket.com\\\/es\\\/\"},{\"@type\":\"ListItem\",\"position\":2,\"name\":\"Store\",\"item\":\"https:\\\/\\\/graphimarket.com\\\/store\\\/\"},{\"@type\":\"ListItem\",\"position\":3,\"name\":\"10 HQ Lightroom Presets\"}]},{\"@type\":\"WebSite\",\"@id\":\"https:\\\/\\\/graphimarket.com\\\/fr\\\/#website\",\"url\":\"https:\\\/\\\/graphimarket.com\\\/fr\\\/\",\"name\":\"Graphimarket\",\"description\":\"Find the perfect creative asset to bring your project to life\",\"publisher\":{\"@id\":\"https:\\\/\\\/graphimarket.com\\\/fr\\\/#organization\"},\"potentialAction\":[{\"@type\":\"SearchAction\",\"target\":{\"@type\":\"EntryPoint\",\"urlTemplate\":\"https:\\\/\\\/graphimarket.com\\\/fr\\\/?s={search_term_string}\"},\"query-input\":{\"@type\":\"PropertyValueSpecification\",\"valueRequired\":true,\"valueName\":\"search_term_string\"}}],\"inLanguage\":\"fr-FR\"},{\"@type\":\"Organization\",\"@id\":\"https:\\\/\\\/graphimarket.com\\\/fr\\\/#organization\",\"name\":\"Graphimarket\",\"url\":\"https:\\\/\\\/graphimarket.com\\\/fr\\\/\",\"logo\":{\"@type\":\"ImageObject\",\"inLanguage\":\"fr-FR\",\"@id\":\"https:\\\/\\\/graphimarket.com\\\/fr\\\/#\\\/schema\\\/logo\\\/image\\\/\",\"url\":\"https:\\\/\\\/graphimarket.com\\\/wp-content\\\/uploads\\\/2020\\\/08\\\/logo-48.png\",\"contentUrl\":\"https:\\\/\\\/graphimarket.com\\\/wp-content\\\/uploads\\\/2020\\\/08\\\/logo-48.png\",\"width\":132,\"height\":48,\"caption\":\"Graphimarket\"},\"image\":{\"@id\":\"https:\\\/\\\/graphimarket.com\\\/fr\\\/#\\\/schema\\\/logo\\\/image\\\/\"}}]}<\/script>\n<!-- \/ Yoast SEO plugin. -->","yoast_head_json":{"title":"10 pr\u00e9r\u00e9glages HQ Lightroom - Graphimarket","description":"son pack est parfait pour les blogueurs, instagram, facebook et photographie lifestyle. Moderne, mat, granuleux, dramatique, chaleureux, doux et profond","robots":{"index":"index","follow":"follow","max-snippet":"max-snippet:-1","max-image-preview":"max-image-preview:large","max-video-preview":"max-video-preview:-1"},"canonical":"https:\/\/graphimarket.com\/fr\/product\/10-hq-lightroom-presets\/","og_locale":"fr_FR","og_type":"article","og_title":"10 HQ Lightroom Presets - Graphimarket","og_description":"his pack is perfect for bloggers, instagram, facebook and lifestyle photography. Modern, matte, grainy, dramatic, warm, soft and deep","og_url":"https:\/\/graphimarket.com\/fr\/product\/10-hq-lightroom-presets\/","og_site_name":"Graphimarket","article_modified_time":"2022-12-19T08:52:23+00:00","og_image":[{"width":1170,"height":780,"url":"https:\/\/graphimarket.com\/wp-content\/uploads\/2020\/09\/59c01feb-167f-443b-90c4-8c5989f49bca.jpg","type":"image\/jpeg"}],"twitter_card":"summary_large_image","twitter_misc":{"Est. reading time":"2 minutes"},"schema":{"@context":"https:\/\/schema.org","@graph":[{"@type":"WebPage","@id":"https:\/\/graphimarket.com\/product\/10-hq-lightroom-presets\/","url":"https:\/\/graphimarket.com\/product\/10-hq-lightroom-presets\/","name":"10 pr\u00e9r\u00e9glages HQ Lightroom - Graphimarket","isPartOf":{"@id":"https:\/\/graphimarket.com\/fr\/#website"},"primaryImageOfPage":{"@id":"https:\/\/graphimarket.com\/product\/10-hq-lightroom-presets\/#primaryimage"},"image":{"@id":"https:\/\/graphimarket.com\/product\/10-hq-lightroom-presets\/#primaryimage"},"thumbnailUrl":"https:\/\/graphimarket.com\/wp-content\/uploads\/2020\/09\/59c01feb-167f-443b-90c4-8c5989f49bca.jpg","datePublished":"2020-09-28T15:53:10+00:00","dateModified":"2022-12-19T08:52:23+00:00","description":"son pack est parfait pour les blogueurs, instagram, facebook et photographie lifestyle. Moderne, mat, granuleux, dramatique, chaleureux, doux et profond","breadcrumb":{"@id":"https:\/\/graphimarket.com\/product\/10-hq-lightroom-presets\/#breadcrumb"},"inLanguage":"fr-FR","potentialAction":[{"@type":"ReadAction","target":["https:\/\/graphimarket.com\/product\/10-hq-lightroom-presets\/"]}]},{"@type":"ImageObject","inLanguage":"fr-FR","@id":"https:\/\/graphimarket.com\/product\/10-hq-lightroom-presets\/#primaryimage","url":"https:\/\/graphimarket.com\/wp-content\/uploads\/2020\/09\/59c01feb-167f-443b-90c4-8c5989f49bca.jpg","contentUrl":"https:\/\/graphimarket.com\/wp-content\/uploads\/2020\/09\/59c01feb-167f-443b-90c4-8c5989f49bca.jpg","width":1170,"height":780},{"@type":"BreadcrumbList","@id":"https:\/\/graphimarket.com\/product\/10-hq-lightroom-presets\/#breadcrumb","itemListElement":[{"@type":"ListItem","position":1,"name":"Home","item":"https:\/\/graphimarket.com\/es\/"},{"@type":"ListItem","position":2,"name":"Store","item":"https:\/\/graphimarket.com\/store\/"},{"@type":"ListItem","position":3,"name":"10 HQ Lightroom Presets"}]},{"@type":"WebSite","@id":"https:\/\/graphimarket.com\/fr\/#website","url":"https:\/\/graphimarket.com\/fr\/","name":"Graphimarket","description":"Trouvez l&#039;atout cr\u00e9atif parfait pour donner vie \u00e0 votre projet","publisher":{"@id":"https:\/\/graphimarket.com\/fr\/#organization"},"potentialAction":[{"@type":"SearchAction","target":{"@type":"EntryPoint","urlTemplate":"https:\/\/graphimarket.com\/fr\/?s={search_term_string}"},"query-input":{"@type":"PropertyValueSpecification","valueRequired":true,"valueName":"search_term_string"}}],"inLanguage":"fr-FR"},{"@type":"Organization","@id":"https:\/\/graphimarket.com\/fr\/#organization","name":"Graphimarket","url":"https:\/\/graphimarket.com\/fr\/","logo":{"@type":"ImageObject","inLanguage":"fr-FR","@id":"https:\/\/graphimarket.com\/fr\/#\/schema\/logo\/image\/","url":"https:\/\/graphimarket.com\/wp-content\/uploads\/2020\/08\/logo-48.png","contentUrl":"https:\/\/graphimarket.com\/wp-content\/uploads\/2020\/08\/logo-48.png","width":132,"height":48,"caption":"Graphimarket"},"image":{"@id":"https:\/\/graphimarket.com\/fr\/#\/schema\/logo\/image\/"}}]}},"_links":{"self":[{"href":"http:\/\/graphimarket.com\/fr\/wp-json\/wp\/v2\/product\/11482","targetHints":{"allow":["GET"]}}],"collection":[{"href":"http:\/\/graphimarket.com\/fr\/wp-json\/wp\/v2\/product"}],"about":[{"href":"http:\/\/graphimarket.com\/fr\/wp-json\/wp\/v2\/types\/product"}],"replies":[{"embeddable":true,"href":"http:\/\/graphimarket.com\/fr\/wp-json\/wp\/v2\/comments?post=11482"}],"version-history":[{"count":0,"href":"http:\/\/graphimarket.com\/fr\/wp-json\/wp\/v2\/product\/11482\/revisions"}],"wp:featuredmedia":[{"embeddable":true,"href":"http:\/\/graphimarket.com\/fr\/wp-json\/wp\/v2\/media\/11487"}],"wp:attachment":[{"href":"http:\/\/graphimarket.com\/fr\/wp-json\/wp\/v2\/media?parent=11482"}],"wp:term":[{"taxonomy":"product_brand","embeddable":true,"href":"http:\/\/graphimarket.com\/fr\/wp-json\/wp\/v2\/product_brand?post=11482"},{"taxonomy":"product_cat","embeddable":true,"href":"http:\/\/graphimarket.com\/fr\/wp-json\/wp\/v2\/product_cat?post=11482"},{"taxonomy":"product_tag","embeddable":true,"href":"http:\/\/graphimarket.com\/fr\/wp-json\/wp\/v2\/product_tag?post=11482"}],"curies":[{"name":"wp","href":"https:\/\/api.w.org\/{rel}","templated":true}]}}