{"id":11818,"date":"2020-10-09T17:43:36","date_gmt":"2020-10-09T15:43:36","guid":{"rendered":"https:\/\/graphimarket.com\/?post_type=product&#038;p=11818"},"modified":"2022-12-19T09:49:04","modified_gmt":"2022-12-19T08:49:04","slug":"prime-responsive-email-themebuilder-access","status":"publish","type":"product","link":"http:\/\/graphimarket.com\/fr\/product\/prime-responsive-email-themebuilder-access\/","title":{"rendered":"Prime - E-mail r\u00e9actif + acc\u00e8s au cr\u00e9ateur de th\u00e8mes"},"content":{"rendered":"<div class=\"_2Masz2rr\">\n<p>Prime - E-mail r\u00e9actif + acc\u00e8s au cr\u00e9ateur de th\u00e8mes<\/p>\n<p><strong>Fichiers inclus<\/strong><\/p>\n<ul>\n<li>Photoshop<\/li>\n<li>Html<\/li>\n<li>MailChimp<\/li>\n<li>Campaign Monitor<\/li>\n<li>Documentation<\/li>\n<\/ul>\n<p><strong>Fonctionnalit\u00e9s<\/strong><\/p>\n<ul>\n<li>Full Width Design<\/li>\n<li>Clean Commented Code<\/li>\n<\/ul>\n<p><strong>Free Builder Access<\/strong><\/p>\n<ul>\n<li>Drag &amp; Drop, Duplicate or Delete Modules<\/li>\n<li>Create Unlimited Structures<\/li>\n<li>Change Colours<\/li>\n<li>Edit Text<\/li>\n<li>Link (background) Images with a custom Url<\/li>\n<li>Undo\/ or Redo Adjustments<\/li>\n<li>Responsive Preview Mode<\/li>\n<li>Export file to Desktop<\/li>\n<\/ul>\n<p><strong>Campaign Monitor Support<\/strong><\/p>\n<ul>\n<li>If you import your template into Campaign Monitor, you will able to edit texts, buttons and images. Repeater and Layout tags are included, be aware that not full features are supported by this builder.<\/li>\n<\/ul>\n<p><strong>Compatibility<\/strong><\/p>\n<ul>\n<li>MailChimp<\/li>\n<li>Campaign Monitor<\/li>\n<li>FreshMail<\/li>\n<li>ActiveCampaign<\/li>\n<li>StampReady<\/li>\n<li>iContact<\/li>\n<li>Constant Contact<\/li>\n<li>Aweber<\/li>\n<li>Apple Mail<\/li>\n<li>Android<\/li>\n<li>AOL<\/li>\n<li>Outlook.com<\/li>\n<li>Yahoo Mail<\/li>\n<li>Thunderbird<\/li>\n<li>Microsoft Outlook 2003\/2007\/2010<\/li>\n<li>Outlook Express<\/li>\n<li>Windows Mail<\/li>\n<li>Lotus Notes 8\/8.5<\/li>\n<li>OperaMail<\/li>\n<li>iPad<\/li>\n<li>iPhone (4\/5\/6\/6+)<\/li>\n<li>Live Mail<\/li>\n<\/ul>\n<p><strong>Notes<\/strong><\/p>\n<ul>\n<li>Gmail App not supported<\/li>\n<li>Google Fonts may not properly render in specific clients, unsupported fonts will auto fallback to standard web fonts.<\/li>\n<li>Versions of Outlook may not support background images.<\/li>\n<li>Images aren&#8217;t included in your download.<\/li>\n<\/ul>\n<p><strong>FAQ<\/strong><\/p>\n<ul>\n<li><strong>Q: The background images in Gmail won\u2019t stretch full width. How can I fix this?<\/strong>\u00a0A: Gmail doesn\u2019t support css in bg images, upload a larger background image so it fully covers the entire background.<\/li>\n<li><strong>Q: Is the Builder included in my purchase?<\/strong>\u00a0A: No, the Builder isn\u2019t included so you aren\u2019t able to host it on your own server.<\/li>\n<li><strong>Q: I purchased the template, what now?<\/strong>\u00a0A: You can immediately start editing your newsletter our free builder. But your purchase also comes with a standard .html newsletter file, Campaign Monitor and MailChimp compatible file. If you are using one of these services simply import these files into the service you are using.<\/li>\n<li><strong>Q: I need help customizing my purchased template, is this included in your support?<\/strong>\u00a0A: Our team is standby to support you with small customizations.<\/li>\n<li><strong>Q: Are custom fonts supported?<\/strong>\u00a0A: Email Clients that support custom web fonts: iOS Mail, Apple Mail, Android (default client), Thunderbird. Other clients will show a standard fallback webfont. Information about the Template<\/li>\n<\/ul>\n<p><strong>Credits<\/strong><\/p>\n<ul>\n<li>There are a lot of great (free) sites out there that helps us improve our work and makes our lives easier, when comes to image usage and inspiration. Big shout out to the following resources: superfamous, dribbble, splitshire, deathtothestockphoto, unsplash, Graphicburger, picjumbo and logo instant (images are not included in your purchase).<\/li>\n<\/ul>\n<\/div>\n<div class=\"_3YqMOf9R\">\n<div class=\"_3KAa4-GZ frEFeDSS\"><img fetchpriority=\"high\" decoding=\"async\" class=\"aligncenter wp-image-11819 size-full\" src=\"https:\/\/graphimarket.com\/wp-content\/uploads\/2020\/10\/48efdbb0-4df4-4b71-a0ed-2b6427756c42.jpg\" alt=\"\" width=\"1370\" height=\"913\" srcset=\"https:\/\/graphimarket.com\/wp-content\/uploads\/2020\/10\/48efdbb0-4df4-4b71-a0ed-2b6427756c42.jpg 1370w, https:\/\/graphimarket.com\/wp-content\/uploads\/2020\/10\/48efdbb0-4df4-4b71-a0ed-2b6427756c42-300x200.jpg 300w, https:\/\/graphimarket.com\/wp-content\/uploads\/2020\/10\/48efdbb0-4df4-4b71-a0ed-2b6427756c42-1024x682.jpg 1024w, https:\/\/graphimarket.com\/wp-content\/uploads\/2020\/10\/48efdbb0-4df4-4b71-a0ed-2b6427756c42-768x512.jpg 768w, https:\/\/graphimarket.com\/wp-content\/uploads\/2020\/10\/48efdbb0-4df4-4b71-a0ed-2b6427756c42-16x12.jpg 16w, https:\/\/graphimarket.com\/wp-content\/uploads\/2020\/10\/48efdbb0-4df4-4b71-a0ed-2b6427756c42-1320x880.jpg 1320w, https:\/\/graphimarket.com\/wp-content\/uploads\/2020\/10\/48efdbb0-4df4-4b71-a0ed-2b6427756c42-600x400.jpg 600w\" sizes=\"(max-width: 1370px) 100vw, 1370px\" \/><\/div>\n<\/div>","protected":false},"excerpt":{"rendered":"<p>Prime &#8211; Responsive Email + Themebuilder Access Included Files Photoshop Html MailChimp Campaign Monitor Documentation Features Full Width Design Clean Commented Code Free Builder Access Drag &amp; Drop, Duplicate or Delete Modules Create Unlimited Structures Change Colours Edit Text Link (background) Images with a custom Url Undo\/ or Redo Adjustments Responsive Preview Mode Export file [&hellip;]<\/p>\n","protected":false},"featured_media":11819,"comment_status":"open","ping_status":"closed","template":"","meta":{"site-sidebar-layout":"default","site-content-layout":"default","ast-site-content-layout":"default","site-content-style":"default","site-sidebar-style":"default","ast-global-header-display":"","ast-banner-title-visibility":"","ast-main-header-display":"","ast-hfb-above-header-display":"","ast-hfb-below-header-display":"","ast-hfb-mobile-header-display":"","site-post-title":"","ast-breadcrumbs-content":"","ast-featured-img":"","footer-sml-layout":"","ast-disable-related-posts":"","theme-transparent-header-meta":"default","adv-header-id-meta":"","stick-header-meta":"","header-above-stick-meta":"","header-main-stick-meta":"","header-below-stick-meta":"","astra-migrate-meta-layouts":"default","ast-page-background-enabled":"default","ast-page-background-meta":{"desktop":{"background-color":"","background-image":"","background-repeat":"repeat","background-position":"center center","background-size":"auto","background-attachment":"scroll","background-type":"","background-media":"","overlay-type":"","overlay-color":"","overlay-opacity":"","overlay-gradient":""},"tablet":{"background-color":"","background-image":"","background-repeat":"repeat","background-position":"center center","background-size":"auto","background-attachment":"scroll","background-type":"","background-media":"","overlay-type":"","overlay-color":"","overlay-opacity":"","overlay-gradient":""},"mobile":{"background-color":"","background-image":"","background-repeat":"repeat","background-position":"center center","background-size":"auto","background-attachment":"scroll","background-type":"","background-media":"","overlay-type":"","overlay-color":"","overlay-opacity":"","overlay-gradient":""}},"ast-content-background-meta":{"desktop":{"background-color":"var(--ast-global-color-5)","background-image":"","background-repeat":"repeat","background-position":"center center","background-size":"auto","background-attachment":"scroll","background-type":"","background-media":"","overlay-type":"","overlay-color":"","overlay-opacity":"","overlay-gradient":""},"tablet":{"background-color":"var(--ast-global-color-5)","background-image":"","background-repeat":"repeat","background-position":"center center","background-size":"auto","background-attachment":"scroll","background-type":"","background-media":"","overlay-type":"","overlay-color":"","overlay-opacity":"","overlay-gradient":""},"mobile":{"background-color":"var(--ast-global-color-5)","background-image":"","background-repeat":"repeat","background-position":"center center","background-size":"auto","background-attachment":"scroll","background-type":"","background-media":"","overlay-type":"","overlay-color":"","overlay-opacity":"","overlay-gradient":""}}},"product_brand":[],"product_cat":[118,121],"product_tag":[560,520,733,1437,1412,1438,1160,262,1439,1440,1441,1442,706,1443],"class_list":{"0":"post-11818","1":"product","2":"type-product","3":"status-publish","4":"has-post-thumbnail","6":"product_cat-email-templates","7":"product_cat-html","8":"product_tag-app","9":"product_tag-apple","10":"product_tag-business","11":"product_tag-cloths","12":"product_tag-email","13":"product_tag-frontier","14":"product_tag-marketing","15":"product_tag-modern","16":"product_tag-notification","17":"product_tag-notify","18":"product_tag-order","19":"product_tag-products","20":"product_tag-promotion","21":"product_tag-rocketway","22":"desktop-align-left","23":"tablet-align-left","24":"mobile-align-left","26":"first","27":"instock","28":"sale","29":"downloadable","30":"virtual","31":"taxable","32":"purchasable","33":"product-type-simple"},"yoast_head":"<!-- This site is optimized with the Yoast SEO plugin v27.3 - https:\/\/yoast.com\/product\/yoast-seo-wordpress\/ -->\n<title>Prime - Responsive Email + Themebuilder Access - Graphimarket<\/title>\n<meta name=\"description\" content=\"Prime - Responsive Email + Themebuilder AccessIncluded FilesPhotoshopHtmlMailChimpCampaign MonitorDocumentation...\" \/>\n<meta name=\"robots\" content=\"index, follow, max-snippet:-1, max-image-preview:large, max-video-preview:-1\" \/>\n<link rel=\"canonical\" href=\"http:\/\/graphimarket.com\/fr\/product\/prime-responsive-email-themebuilder-access\/\" \/>\n<meta property=\"og:locale\" content=\"fr_FR\" \/>\n<meta property=\"og:type\" content=\"article\" \/>\n<meta property=\"og:title\" content=\"Prime - Responsive Email + Themebuilder Access - Graphimarket\" \/>\n<meta property=\"og:description\" content=\"Prime - Responsive Email + Themebuilder AccessIncluded FilesPhotoshopHtmlMailChimpCampaign MonitorDocumentation...\" \/>\n<meta property=\"og:url\" content=\"http:\/\/graphimarket.com\/fr\/product\/prime-responsive-email-themebuilder-access\/\" \/>\n<meta property=\"og:site_name\" content=\"Graphimarket\" \/>\n<meta property=\"article:modified_time\" content=\"2022-12-19T08:49:04+00:00\" \/>\n<meta property=\"og:image\" content=\"https:\/\/graphimarket.com\/wp-content\/uploads\/2020\/10\/48efdbb0-4df4-4b71-a0ed-2b6427756c42.jpg\" \/>\n\t<meta property=\"og:image:width\" content=\"1370\" \/>\n\t<meta property=\"og:image:height\" content=\"913\" \/>\n\t<meta property=\"og:image:type\" content=\"image\/jpeg\" \/>\n<meta name=\"twitter:card\" content=\"summary_large_image\" \/>\n<meta name=\"twitter:label1\" content=\"Est. reading time\" \/>\n\t<meta name=\"twitter:data1\" content=\"2 minutes\" \/>\n<script type=\"application\/ld+json\" class=\"yoast-schema-graph\">{\"@context\":\"https:\\\/\\\/schema.org\",\"@graph\":[{\"@type\":\"WebPage\",\"@id\":\"http:\\\/\\\/graphimarket.com\\\/de\\\/product\\\/prime-responsive-email-themebuilder-access\\\/\",\"url\":\"http:\\\/\\\/graphimarket.com\\\/de\\\/product\\\/prime-responsive-email-themebuilder-access\\\/\",\"name\":\"Prime - Responsive Email + Themebuilder Access - Graphimarket\",\"isPartOf\":{\"@id\":\"https:\\\/\\\/graphimarket.com\\\/fr\\\/#website\"},\"primaryImageOfPage\":{\"@id\":\"http:\\\/\\\/graphimarket.com\\\/de\\\/product\\\/prime-responsive-email-themebuilder-access\\\/#primaryimage\"},\"image\":{\"@id\":\"http:\\\/\\\/graphimarket.com\\\/de\\\/product\\\/prime-responsive-email-themebuilder-access\\\/#primaryimage\"},\"thumbnailUrl\":\"https:\\\/\\\/graphimarket.com\\\/wp-content\\\/uploads\\\/2020\\\/10\\\/48efdbb0-4df4-4b71-a0ed-2b6427756c42.jpg\",\"datePublished\":\"2020-10-09T15:43:36+00:00\",\"dateModified\":\"2022-12-19T08:49:04+00:00\",\"description\":\"Prime - Responsive Email + Themebuilder AccessIncluded FilesPhotoshopHtmlMailChimpCampaign MonitorDocumentation...\",\"breadcrumb\":{\"@id\":\"http:\\\/\\\/graphimarket.com\\\/de\\\/product\\\/prime-responsive-email-themebuilder-access\\\/#breadcrumb\"},\"inLanguage\":\"fr-FR\",\"potentialAction\":[{\"@type\":\"ReadAction\",\"target\":[\"http:\\\/\\\/graphimarket.com\\\/de\\\/product\\\/prime-responsive-email-themebuilder-access\\\/\"]}]},{\"@type\":\"ImageObject\",\"inLanguage\":\"fr-FR\",\"@id\":\"http:\\\/\\\/graphimarket.com\\\/de\\\/product\\\/prime-responsive-email-themebuilder-access\\\/#primaryimage\",\"url\":\"https:\\\/\\\/graphimarket.com\\\/wp-content\\\/uploads\\\/2020\\\/10\\\/48efdbb0-4df4-4b71-a0ed-2b6427756c42.jpg\",\"contentUrl\":\"https:\\\/\\\/graphimarket.com\\\/wp-content\\\/uploads\\\/2020\\\/10\\\/48efdbb0-4df4-4b71-a0ed-2b6427756c42.jpg\",\"width\":1370,\"height\":913},{\"@type\":\"BreadcrumbList\",\"@id\":\"http:\\\/\\\/graphimarket.com\\\/de\\\/product\\\/prime-responsive-email-themebuilder-access\\\/#breadcrumb\",\"itemListElement\":[{\"@type\":\"ListItem\",\"position\":1,\"name\":\"Home\",\"item\":\"https:\\\/\\\/graphimarket.com\\\/es\\\/\"},{\"@type\":\"ListItem\",\"position\":2,\"name\":\"Store\",\"item\":\"https:\\\/\\\/graphimarket.com\\\/store\\\/\"},{\"@type\":\"ListItem\",\"position\":3,\"name\":\"Prime &#8211; Responsive Email + Themebuilder Access\"}]},{\"@type\":\"WebSite\",\"@id\":\"https:\\\/\\\/graphimarket.com\\\/fr\\\/#website\",\"url\":\"https:\\\/\\\/graphimarket.com\\\/fr\\\/\",\"name\":\"Graphimarket\",\"description\":\"Find the perfect creative asset to bring your project to life\",\"publisher\":{\"@id\":\"https:\\\/\\\/graphimarket.com\\\/fr\\\/#organization\"},\"potentialAction\":[{\"@type\":\"SearchAction\",\"target\":{\"@type\":\"EntryPoint\",\"urlTemplate\":\"https:\\\/\\\/graphimarket.com\\\/fr\\\/?s={search_term_string}\"},\"query-input\":{\"@type\":\"PropertyValueSpecification\",\"valueRequired\":true,\"valueName\":\"search_term_string\"}}],\"inLanguage\":\"fr-FR\"},{\"@type\":\"Organization\",\"@id\":\"https:\\\/\\\/graphimarket.com\\\/fr\\\/#organization\",\"name\":\"Graphimarket\",\"url\":\"https:\\\/\\\/graphimarket.com\\\/fr\\\/\",\"logo\":{\"@type\":\"ImageObject\",\"inLanguage\":\"fr-FR\",\"@id\":\"https:\\\/\\\/graphimarket.com\\\/fr\\\/#\\\/schema\\\/logo\\\/image\\\/\",\"url\":\"https:\\\/\\\/graphimarket.com\\\/wp-content\\\/uploads\\\/2020\\\/08\\\/logo-48.png\",\"contentUrl\":\"https:\\\/\\\/graphimarket.com\\\/wp-content\\\/uploads\\\/2020\\\/08\\\/logo-48.png\",\"width\":132,\"height\":48,\"caption\":\"Graphimarket\"},\"image\":{\"@id\":\"https:\\\/\\\/graphimarket.com\\\/fr\\\/#\\\/schema\\\/logo\\\/image\\\/\"}}]}<\/script>\n<!-- \/ Yoast SEO plugin. -->","yoast_head_json":{"title":"Prime - Responsive Email + Themebuilder Access - Graphimarket","description":"Prime - Responsive Email + Themebuilder AccessIncluded FilesPhotoshopHtmlMailChimpCampaign MonitorDocumentation...","robots":{"index":"index","follow":"follow","max-snippet":"max-snippet:-1","max-image-preview":"max-image-preview:large","max-video-preview":"max-video-preview:-1"},"canonical":"http:\/\/graphimarket.com\/fr\/product\/prime-responsive-email-themebuilder-access\/","og_locale":"fr_FR","og_type":"article","og_title":"Prime - Responsive Email + Themebuilder Access - Graphimarket","og_description":"Prime - Responsive Email + Themebuilder AccessIncluded FilesPhotoshopHtmlMailChimpCampaign MonitorDocumentation...","og_url":"http:\/\/graphimarket.com\/fr\/product\/prime-responsive-email-themebuilder-access\/","og_site_name":"Graphimarket","article_modified_time":"2022-12-19T08:49:04+00:00","og_image":[{"width":1370,"height":913,"url":"https:\/\/graphimarket.com\/wp-content\/uploads\/2020\/10\/48efdbb0-4df4-4b71-a0ed-2b6427756c42.jpg","type":"image\/jpeg"}],"twitter_card":"summary_large_image","twitter_misc":{"Est. reading time":"2 minutes"},"schema":{"@context":"https:\/\/schema.org","@graph":[{"@type":"WebPage","@id":"http:\/\/graphimarket.com\/de\/product\/prime-responsive-email-themebuilder-access\/","url":"http:\/\/graphimarket.com\/de\/product\/prime-responsive-email-themebuilder-access\/","name":"Prime - Responsive Email + Themebuilder Access - Graphimarket","isPartOf":{"@id":"https:\/\/graphimarket.com\/fr\/#website"},"primaryImageOfPage":{"@id":"http:\/\/graphimarket.com\/de\/product\/prime-responsive-email-themebuilder-access\/#primaryimage"},"image":{"@id":"http:\/\/graphimarket.com\/de\/product\/prime-responsive-email-themebuilder-access\/#primaryimage"},"thumbnailUrl":"https:\/\/graphimarket.com\/wp-content\/uploads\/2020\/10\/48efdbb0-4df4-4b71-a0ed-2b6427756c42.jpg","datePublished":"2020-10-09T15:43:36+00:00","dateModified":"2022-12-19T08:49:04+00:00","description":"Prime - Responsive Email + Themebuilder AccessIncluded FilesPhotoshopHtmlMailChimpCampaign MonitorDocumentation...","breadcrumb":{"@id":"http:\/\/graphimarket.com\/de\/product\/prime-responsive-email-themebuilder-access\/#breadcrumb"},"inLanguage":"fr-FR","potentialAction":[{"@type":"ReadAction","target":["http:\/\/graphimarket.com\/de\/product\/prime-responsive-email-themebuilder-access\/"]}]},{"@type":"ImageObject","inLanguage":"fr-FR","@id":"http:\/\/graphimarket.com\/de\/product\/prime-responsive-email-themebuilder-access\/#primaryimage","url":"https:\/\/graphimarket.com\/wp-content\/uploads\/2020\/10\/48efdbb0-4df4-4b71-a0ed-2b6427756c42.jpg","contentUrl":"https:\/\/graphimarket.com\/wp-content\/uploads\/2020\/10\/48efdbb0-4df4-4b71-a0ed-2b6427756c42.jpg","width":1370,"height":913},{"@type":"BreadcrumbList","@id":"http:\/\/graphimarket.com\/de\/product\/prime-responsive-email-themebuilder-access\/#breadcrumb","itemListElement":[{"@type":"ListItem","position":1,"name":"Home","item":"https:\/\/graphimarket.com\/es\/"},{"@type":"ListItem","position":2,"name":"Store","item":"https:\/\/graphimarket.com\/store\/"},{"@type":"ListItem","position":3,"name":"Prime &#8211; Responsive Email + Themebuilder Access"}]},{"@type":"WebSite","@id":"https:\/\/graphimarket.com\/fr\/#website","url":"https:\/\/graphimarket.com\/fr\/","name":"Graphimarket","description":"Trouvez l&#039;atout cr\u00e9atif parfait pour donner vie \u00e0 votre projet","publisher":{"@id":"https:\/\/graphimarket.com\/fr\/#organization"},"potentialAction":[{"@type":"SearchAction","target":{"@type":"EntryPoint","urlTemplate":"https:\/\/graphimarket.com\/fr\/?s={search_term_string}"},"query-input":{"@type":"PropertyValueSpecification","valueRequired":true,"valueName":"search_term_string"}}],"inLanguage":"fr-FR"},{"@type":"Organization","@id":"https:\/\/graphimarket.com\/fr\/#organization","name":"Graphimarket","url":"https:\/\/graphimarket.com\/fr\/","logo":{"@type":"ImageObject","inLanguage":"fr-FR","@id":"https:\/\/graphimarket.com\/fr\/#\/schema\/logo\/image\/","url":"https:\/\/graphimarket.com\/wp-content\/uploads\/2020\/08\/logo-48.png","contentUrl":"https:\/\/graphimarket.com\/wp-content\/uploads\/2020\/08\/logo-48.png","width":132,"height":48,"caption":"Graphimarket"},"image":{"@id":"https:\/\/graphimarket.com\/fr\/#\/schema\/logo\/image\/"}}]}},"_links":{"self":[{"href":"http:\/\/graphimarket.com\/fr\/wp-json\/wp\/v2\/product\/11818","targetHints":{"allow":["GET"]}}],"collection":[{"href":"http:\/\/graphimarket.com\/fr\/wp-json\/wp\/v2\/product"}],"about":[{"href":"http:\/\/graphimarket.com\/fr\/wp-json\/wp\/v2\/types\/product"}],"replies":[{"embeddable":true,"href":"http:\/\/graphimarket.com\/fr\/wp-json\/wp\/v2\/comments?post=11818"}],"version-history":[{"count":0,"href":"http:\/\/graphimarket.com\/fr\/wp-json\/wp\/v2\/product\/11818\/revisions"}],"wp:featuredmedia":[{"embeddable":true,"href":"http:\/\/graphimarket.com\/fr\/wp-json\/wp\/v2\/media\/11819"}],"wp:attachment":[{"href":"http:\/\/graphimarket.com\/fr\/wp-json\/wp\/v2\/media?parent=11818"}],"wp:term":[{"taxonomy":"product_brand","embeddable":true,"href":"http:\/\/graphimarket.com\/fr\/wp-json\/wp\/v2\/product_brand?post=11818"},{"taxonomy":"product_cat","embeddable":true,"href":"http:\/\/graphimarket.com\/fr\/wp-json\/wp\/v2\/product_cat?post=11818"},{"taxonomy":"product_tag","embeddable":true,"href":"http:\/\/graphimarket.com\/fr\/wp-json\/wp\/v2\/product_tag?post=11818"}],"curies":[{"name":"wp","href":"https:\/\/api.w.org\/{rel}","templated":true}]}}