{"id":12107,"date":"2020-10-13T12:26:17","date_gmt":"2020-10-13T10:26:17","guid":{"rendered":"https:\/\/graphimarket.com\/?post_type=product&#038;p=12107"},"modified":"2022-12-19T09:40:01","modified_gmt":"2022-12-19T08:40:01","slug":"party-flyers-bundle-2","status":"publish","type":"product","link":"http:\/\/graphimarket.com\/fr\/product\/party-flyers-bundle-2\/","title":{"rendered":"Pack de flyers de f\u00eate"},"content":{"rendered":"<p>Pack de flyers de f\u00eate<\/p>\n<p>Conception de flyer accrocheuse parfaitement adapt\u00e9e aux \u00e9v\u00e9nements de danse \/ musique. C&#039;est un d\u00e9pliant unique, une conception d&#039;affiche pour votre entreprise. Facile \u00e0 modifier, format Photoshop enti\u00e8rement Adobe.<\/p>\n<p><strong>Soutien<\/strong>\u00a0<em>Facile \u00e0 personnaliser. Si vous avez besoin d&#039;aide, n&#039;h\u00e9sitez pas \u00e0 me contacter via mon profil.<\/em><\/p>\n<p><strong>Comprend une affiche A4 et 4 &quot;x6&quot;<\/strong><\/p>\n<ul>\n<li>Format A4 \/ 21 \u00d7 29,7 cm + fonds de 5 mm (8,3 &quot;x 11,7&quot;) et prospectus 4,25 &quot;x 6,25&quot; (y compris les fonds perdus)<\/li>\n<li>Toutes les photos incluses<\/li>\n<li>Calques hautement organis\u00e9s (\u00e9tiquet\u00e9s et group\u00e9s)<\/li>\n<li>Facile \u00e0 personnaliser et \u00e0 changer de photo via un objet intelligent<\/li>\n<li>300 DPI haute r\u00e9solution<\/li>\n<li>Mode couleur CMJN<\/li>\n<li>Format pr\u00eat \u00e0 imprimer<\/li>\n<li>Fichier PDF d&#039;aide<\/li>\n<\/ul>\n<p><strong>Comprend un d\u00e9pliant de f\u00eate ind\u00e9pendant au format A4 et US Letter<\/strong><\/p>\n<ul>\n<li>A4 et US Letter (y compris les fonds perdus)<\/li>\n<li>Les photos ne sont pas incluses<\/li>\n<li>Calques hautement organis\u00e9s (\u00e9tiquet\u00e9s et group\u00e9s)<\/li>\n<li>Facile \u00e0 personnaliser et \u00e0 changer de photo via un objet intelligent<\/li>\n<li>300 DPI haute r\u00e9solution<\/li>\n<li>Mode couleur CMJN<\/li>\n<li>Format pr\u00eat \u00e0 imprimer<\/li>\n<li>Fichier PDF d&#039;aide<\/li>\n<\/ul>\n<p><img fetchpriority=\"high\" decoding=\"async\" class=\"aligncenter wp-image-12108 size-full\" src=\"https:\/\/graphimarket.com\/wp-content\/uploads\/2020\/10\/448c9f30-6f97-4acf-be33-469666e57f75-1.jpg\" alt=\"\" width=\"900\" height=\"600\" srcset=\"https:\/\/graphimarket.com\/wp-content\/uploads\/2020\/10\/448c9f30-6f97-4acf-be33-469666e57f75-1.jpg 900w, https:\/\/graphimarket.com\/wp-content\/uploads\/2020\/10\/448c9f30-6f97-4acf-be33-469666e57f75-1-300x200.jpg 300w, https:\/\/graphimarket.com\/wp-content\/uploads\/2020\/10\/448c9f30-6f97-4acf-be33-469666e57f75-1-768x512.jpg 768w, https:\/\/graphimarket.com\/wp-content\/uploads\/2020\/10\/448c9f30-6f97-4acf-be33-469666e57f75-1-16x12.jpg 16w, https:\/\/graphimarket.com\/wp-content\/uploads\/2020\/10\/448c9f30-6f97-4acf-be33-469666e57f75-1-600x400.jpg 600w\" sizes=\"(max-width: 900px) 100vw, 900px\" \/> <img decoding=\"async\" class=\"aligncenter wp-image-12109 size-full\" src=\"https:\/\/graphimarket.com\/wp-content\/uploads\/2020\/10\/a19dd7ab-5e42-4365-9ed4-cffc1c4b4590-1.jpg\" alt=\"\" width=\"900\" height=\"600\" srcset=\"https:\/\/graphimarket.com\/wp-content\/uploads\/2020\/10\/a19dd7ab-5e42-4365-9ed4-cffc1c4b4590-1.jpg 900w, https:\/\/graphimarket.com\/wp-content\/uploads\/2020\/10\/a19dd7ab-5e42-4365-9ed4-cffc1c4b4590-1-300x200.jpg 300w, https:\/\/graphimarket.com\/wp-content\/uploads\/2020\/10\/a19dd7ab-5e42-4365-9ed4-cffc1c4b4590-1-768x512.jpg 768w, https:\/\/graphimarket.com\/wp-content\/uploads\/2020\/10\/a19dd7ab-5e42-4365-9ed4-cffc1c4b4590-1-16x12.jpg 16w, https:\/\/graphimarket.com\/wp-content\/uploads\/2020\/10\/a19dd7ab-5e42-4365-9ed4-cffc1c4b4590-1-600x400.jpg 600w\" sizes=\"(max-width: 900px) 100vw, 900px\" \/> <img decoding=\"async\" class=\"aligncenter wp-image-12110 size-full\" src=\"https:\/\/graphimarket.com\/wp-content\/uploads\/2020\/10\/c8d4041a-5d0f-4d94-b766-0f41b1a00187-1.jpg\" alt=\"\" width=\"900\" height=\"600\" srcset=\"https:\/\/graphimarket.com\/wp-content\/uploads\/2020\/10\/c8d4041a-5d0f-4d94-b766-0f41b1a00187-1.jpg 900w, https:\/\/graphimarket.com\/wp-content\/uploads\/2020\/10\/c8d4041a-5d0f-4d94-b766-0f41b1a00187-1-300x200.jpg 300w, https:\/\/graphimarket.com\/wp-content\/uploads\/2020\/10\/c8d4041a-5d0f-4d94-b766-0f41b1a00187-1-768x512.jpg 768w, https:\/\/graphimarket.com\/wp-content\/uploads\/2020\/10\/c8d4041a-5d0f-4d94-b766-0f41b1a00187-1-16x12.jpg 16w, https:\/\/graphimarket.com\/wp-content\/uploads\/2020\/10\/c8d4041a-5d0f-4d94-b766-0f41b1a00187-1-600x400.jpg 600w\" sizes=\"(max-width: 900px) 100vw, 900px\" \/> <img loading=\"lazy\" decoding=\"async\" class=\"aligncenter wp-image-12111 size-full\" src=\"https:\/\/graphimarket.com\/wp-content\/uploads\/2020\/10\/fd387e1a-de50-49ee-bc15-2582b8d42bef-1.jpg\" alt=\"\" width=\"900\" height=\"600\" srcset=\"https:\/\/graphimarket.com\/wp-content\/uploads\/2020\/10\/fd387e1a-de50-49ee-bc15-2582b8d42bef-1.jpg 900w, https:\/\/graphimarket.com\/wp-content\/uploads\/2020\/10\/fd387e1a-de50-49ee-bc15-2582b8d42bef-1-300x200.jpg 300w, https:\/\/graphimarket.com\/wp-content\/uploads\/2020\/10\/fd387e1a-de50-49ee-bc15-2582b8d42bef-1-768x512.jpg 768w, https:\/\/graphimarket.com\/wp-content\/uploads\/2020\/10\/fd387e1a-de50-49ee-bc15-2582b8d42bef-1-16x12.jpg 16w, https:\/\/graphimarket.com\/wp-content\/uploads\/2020\/10\/fd387e1a-de50-49ee-bc15-2582b8d42bef-1-600x400.jpg 600w\" sizes=\"(max-width: 900px) 100vw, 900px\" \/> <img loading=\"lazy\" decoding=\"async\" class=\"aligncenter wp-image-12112 size-full\" src=\"https:\/\/graphimarket.com\/wp-content\/uploads\/2020\/10\/3a04ee49-5ee1-4626-9aa3-a35bc280a656-1.jpg\" alt=\"\" width=\"866\" height=\"577\" srcset=\"https:\/\/graphimarket.com\/wp-content\/uploads\/2020\/10\/3a04ee49-5ee1-4626-9aa3-a35bc280a656-1.jpg 866w, https:\/\/graphimarket.com\/wp-content\/uploads\/2020\/10\/3a04ee49-5ee1-4626-9aa3-a35bc280a656-1-300x200.jpg 300w, https:\/\/graphimarket.com\/wp-content\/uploads\/2020\/10\/3a04ee49-5ee1-4626-9aa3-a35bc280a656-1-768x512.jpg 768w, https:\/\/graphimarket.com\/wp-content\/uploads\/2020\/10\/3a04ee49-5ee1-4626-9aa3-a35bc280a656-1-16x12.jpg 16w, https:\/\/graphimarket.com\/wp-content\/uploads\/2020\/10\/3a04ee49-5ee1-4626-9aa3-a35bc280a656-1-600x400.jpg 600w\" sizes=\"(max-width: 866px) 100vw, 866px\" \/> <img loading=\"lazy\" decoding=\"async\" class=\"aligncenter wp-image-12113 size-full\" src=\"https:\/\/graphimarket.com\/wp-content\/uploads\/2020\/10\/11e6334b-c41d-43a7-8fe0-f87b3aa25e4e-1.jpg\" alt=\"\" width=\"900\" height=\"600\" srcset=\"https:\/\/graphimarket.com\/wp-content\/uploads\/2020\/10\/11e6334b-c41d-43a7-8fe0-f87b3aa25e4e-1.jpg 900w, https:\/\/graphimarket.com\/wp-content\/uploads\/2020\/10\/11e6334b-c41d-43a7-8fe0-f87b3aa25e4e-1-300x200.jpg 300w, https:\/\/graphimarket.com\/wp-content\/uploads\/2020\/10\/11e6334b-c41d-43a7-8fe0-f87b3aa25e4e-1-768x512.jpg 768w, https:\/\/graphimarket.com\/wp-content\/uploads\/2020\/10\/11e6334b-c41d-43a7-8fe0-f87b3aa25e4e-1-16x12.jpg 16w, https:\/\/graphimarket.com\/wp-content\/uploads\/2020\/10\/11e6334b-c41d-43a7-8fe0-f87b3aa25e4e-1-600x400.jpg 600w\" sizes=\"(max-width: 900px) 100vw, 900px\" \/><\/p>","protected":false},"excerpt":{"rendered":"<p>Party Flyers Bundle Eye catching flyer design perfectly suitable to dance \/ music events. It\u2019s unique flyer, poster design for your business Advertisement purpose. Easy to edit, fully adobe Photoshop format. Support\u00a0Easy to customize. If you need any help don\u2019t hesitate to contact me through my profile. Features A4 Poster &amp; 4&#8243;x6&#8243; A4 Size \/ [&hellip;]<\/p>\n","protected":false},"featured_media":12112,"comment_status":"open","ping_status":"closed","template":"","meta":{"site-sidebar-layout":"default","site-content-layout":"default","ast-site-content-layout":"default","site-content-style":"default","site-sidebar-style":"default","ast-global-header-display":"","ast-banner-title-visibility":"","ast-main-header-display":"","ast-hfb-above-header-display":"","ast-hfb-below-header-display":"","ast-hfb-mobile-header-display":"","site-post-title":"","ast-breadcrumbs-content":"","ast-featured-img":"","footer-sml-layout":"","ast-disable-related-posts":"","theme-transparent-header-meta":"default","adv-header-id-meta":"","stick-header-meta":"","header-above-stick-meta":"","header-main-stick-meta":"","header-below-stick-meta":"","astra-migrate-meta-layouts":"default","ast-page-background-enabled":"default","ast-page-background-meta":{"desktop":{"background-color":"","background-image":"","background-repeat":"repeat","background-position":"center center","background-size":"auto","background-attachment":"scroll","background-type":"","background-media":"","overlay-type":"","overlay-color":"","overlay-opacity":"","overlay-gradient":""},"tablet":{"background-color":"","background-image":"","background-repeat":"repeat","background-position":"center center","background-size":"auto","background-attachment":"scroll","background-type":"","background-media":"","overlay-type":"","overlay-color":"","overlay-opacity":"","overlay-gradient":""},"mobile":{"background-color":"","background-image":"","background-repeat":"repeat","background-position":"center center","background-size":"auto","background-attachment":"scroll","background-type":"","background-media":"","overlay-type":"","overlay-color":"","overlay-opacity":"","overlay-gradient":""}},"ast-content-background-meta":{"desktop":{"background-color":"var(--ast-global-color-5)","background-image":"","background-repeat":"repeat","background-position":"center center","background-size":"auto","background-attachment":"scroll","background-type":"","background-media":"","overlay-type":"","overlay-color":"","overlay-opacity":"","overlay-gradient":""},"tablet":{"background-color":"var(--ast-global-color-5)","background-image":"","background-repeat":"repeat","background-position":"center center","background-size":"auto","background-attachment":"scroll","background-type":"","background-media":"","overlay-type":"","overlay-color":"","overlay-opacity":"","overlay-gradient":""},"mobile":{"background-color":"var(--ast-global-color-5)","background-image":"","background-repeat":"repeat","background-position":"center center","background-size":"auto","background-attachment":"scroll","background-type":"","background-media":"","overlay-type":"","overlay-color":"","overlay-opacity":"","overlay-gradient":""}}},"product_brand":[],"product_cat":[1002,1609,193,46,698,139,168],"product_tag":[255,1523,1501,1524,1525,1526,1527,849,1528,838,1212,283,1273,277],"class_list":{"0":"post-12107","1":"product","2":"type-product","3":"status-publish","4":"has-post-thumbnail","6":"product_cat-accessories","7":"product_cat-bundle","8":"product_cat-graphic-design","9":"product_cat-graphics","10":"product_cat-mockup","11":"product_cat-others","12":"product_cat-templates","13":"product_tag-artistic","14":"product_tag-birthday","15":"product_tag-club","16":"product_tag-concert","17":"product_tag-dance","18":"product_tag-dubstep","19":"product_tag-electro","20":"product_tag-event","21":"product_tag-festival","22":"product_tag-flyer","23":"product_tag-futuristic","24":"product_tag-light","25":"product_tag-music","26":"product_tag-retro","27":"desktop-align-left","28":"tablet-align-left","29":"mobile-align-left","31":"first","32":"instock","33":"sale","34":"downloadable","35":"virtual","36":"taxable","37":"purchasable","38":"product-type-simple"},"yoast_head":"<!-- This site is optimized with the Yoast SEO plugin v27.3 - https:\/\/yoast.com\/product\/yoast-seo-wordpress\/ -->\n<title>Party Flyers Bundle - Graphimarket<\/title>\n<meta name=\"description\" content=\"Party Flyers BundleEye catching flyer design perfectly suitable to dance \/ music events. It\u2019s unique flyer...\" \/>\n<meta name=\"robots\" content=\"index, follow, max-snippet:-1, max-image-preview:large, max-video-preview:-1\" \/>\n<link rel=\"canonical\" href=\"https:\/\/graphimarket.com\/fr\/product\/party-flyers-bundle-2\/\" \/>\n<meta property=\"og:locale\" content=\"fr_FR\" \/>\n<meta property=\"og:type\" content=\"article\" \/>\n<meta property=\"og:title\" content=\"Party Flyers Bundle - Graphimarket\" \/>\n<meta property=\"og:description\" content=\"Party Flyers BundleEye catching flyer design perfectly suitable to dance \/ music events. It\u2019s unique flyer...\" \/>\n<meta property=\"og:url\" content=\"https:\/\/graphimarket.com\/fr\/product\/party-flyers-bundle-2\/\" \/>\n<meta property=\"og:site_name\" content=\"Graphimarket\" \/>\n<meta property=\"article:modified_time\" content=\"2022-12-19T08:40:01+00:00\" \/>\n<meta property=\"og:image\" content=\"https:\/\/graphimarket.com\/wp-content\/uploads\/2020\/10\/3a04ee49-5ee1-4626-9aa3-a35bc280a656-1.jpg\" \/>\n\t<meta property=\"og:image:width\" content=\"866\" \/>\n\t<meta property=\"og:image:height\" content=\"577\" \/>\n\t<meta property=\"og:image:type\" content=\"image\/jpeg\" \/>\n<meta name=\"twitter:card\" content=\"summary_large_image\" \/>\n<meta name=\"twitter:label1\" content=\"Est. reading time\" \/>\n\t<meta name=\"twitter:data1\" content=\"1 minute\" \/>\n<script type=\"application\/ld+json\" class=\"yoast-schema-graph\">{\"@context\":\"https:\\\/\\\/schema.org\",\"@graph\":[{\"@type\":\"WebPage\",\"@id\":\"https:\\\/\\\/graphimarket.com\\\/product\\\/party-flyers-bundle-2\\\/\",\"url\":\"https:\\\/\\\/graphimarket.com\\\/product\\\/party-flyers-bundle-2\\\/\",\"name\":\"Party Flyers Bundle - Graphimarket\",\"isPartOf\":{\"@id\":\"https:\\\/\\\/graphimarket.com\\\/fr\\\/#website\"},\"primaryImageOfPage\":{\"@id\":\"https:\\\/\\\/graphimarket.com\\\/product\\\/party-flyers-bundle-2\\\/#primaryimage\"},\"image\":{\"@id\":\"https:\\\/\\\/graphimarket.com\\\/product\\\/party-flyers-bundle-2\\\/#primaryimage\"},\"thumbnailUrl\":\"https:\\\/\\\/graphimarket.com\\\/wp-content\\\/uploads\\\/2020\\\/10\\\/3a04ee49-5ee1-4626-9aa3-a35bc280a656-1.jpg\",\"datePublished\":\"2020-10-13T10:26:17+00:00\",\"dateModified\":\"2022-12-19T08:40:01+00:00\",\"description\":\"Party Flyers BundleEye catching flyer design perfectly suitable to dance \\\/ music events. It\u2019s unique flyer...\",\"breadcrumb\":{\"@id\":\"https:\\\/\\\/graphimarket.com\\\/product\\\/party-flyers-bundle-2\\\/#breadcrumb\"},\"inLanguage\":\"fr-FR\",\"potentialAction\":[{\"@type\":\"ReadAction\",\"target\":[\"https:\\\/\\\/graphimarket.com\\\/product\\\/party-flyers-bundle-2\\\/\"]}]},{\"@type\":\"ImageObject\",\"inLanguage\":\"fr-FR\",\"@id\":\"https:\\\/\\\/graphimarket.com\\\/product\\\/party-flyers-bundle-2\\\/#primaryimage\",\"url\":\"https:\\\/\\\/graphimarket.com\\\/wp-content\\\/uploads\\\/2020\\\/10\\\/3a04ee49-5ee1-4626-9aa3-a35bc280a656-1.jpg\",\"contentUrl\":\"https:\\\/\\\/graphimarket.com\\\/wp-content\\\/uploads\\\/2020\\\/10\\\/3a04ee49-5ee1-4626-9aa3-a35bc280a656-1.jpg\",\"width\":866,\"height\":577},{\"@type\":\"BreadcrumbList\",\"@id\":\"https:\\\/\\\/graphimarket.com\\\/product\\\/party-flyers-bundle-2\\\/#breadcrumb\",\"itemListElement\":[{\"@type\":\"ListItem\",\"position\":1,\"name\":\"Home\",\"item\":\"https:\\\/\\\/graphimarket.com\\\/es\\\/\"},{\"@type\":\"ListItem\",\"position\":2,\"name\":\"Store\",\"item\":\"https:\\\/\\\/graphimarket.com\\\/store\\\/\"},{\"@type\":\"ListItem\",\"position\":3,\"name\":\"Party Flyers Bundle\"}]},{\"@type\":\"WebSite\",\"@id\":\"https:\\\/\\\/graphimarket.com\\\/fr\\\/#website\",\"url\":\"https:\\\/\\\/graphimarket.com\\\/fr\\\/\",\"name\":\"Graphimarket\",\"description\":\"Find the perfect creative asset to bring your project to life\",\"publisher\":{\"@id\":\"https:\\\/\\\/graphimarket.com\\\/fr\\\/#organization\"},\"potentialAction\":[{\"@type\":\"SearchAction\",\"target\":{\"@type\":\"EntryPoint\",\"urlTemplate\":\"https:\\\/\\\/graphimarket.com\\\/fr\\\/?s={search_term_string}\"},\"query-input\":{\"@type\":\"PropertyValueSpecification\",\"valueRequired\":true,\"valueName\":\"search_term_string\"}}],\"inLanguage\":\"fr-FR\"},{\"@type\":\"Organization\",\"@id\":\"https:\\\/\\\/graphimarket.com\\\/fr\\\/#organization\",\"name\":\"Graphimarket\",\"url\":\"https:\\\/\\\/graphimarket.com\\\/fr\\\/\",\"logo\":{\"@type\":\"ImageObject\",\"inLanguage\":\"fr-FR\",\"@id\":\"https:\\\/\\\/graphimarket.com\\\/fr\\\/#\\\/schema\\\/logo\\\/image\\\/\",\"url\":\"https:\\\/\\\/graphimarket.com\\\/wp-content\\\/uploads\\\/2020\\\/08\\\/logo-48.png\",\"contentUrl\":\"https:\\\/\\\/graphimarket.com\\\/wp-content\\\/uploads\\\/2020\\\/08\\\/logo-48.png\",\"width\":132,\"height\":48,\"caption\":\"Graphimarket\"},\"image\":{\"@id\":\"https:\\\/\\\/graphimarket.com\\\/fr\\\/#\\\/schema\\\/logo\\\/image\\\/\"}}]}<\/script>\n<!-- \/ Yoast SEO plugin. -->","yoast_head_json":{"title":"Pack de flyers de f\u00eate - Graphimarket","description":"Party Flyers BundleEye catching flyer design perfectly suitable to dance \/ music events. It\u2019s unique flyer...","robots":{"index":"index","follow":"follow","max-snippet":"max-snippet:-1","max-image-preview":"max-image-preview:large","max-video-preview":"max-video-preview:-1"},"canonical":"https:\/\/graphimarket.com\/fr\/product\/party-flyers-bundle-2\/","og_locale":"fr_FR","og_type":"article","og_title":"Party Flyers Bundle - Graphimarket","og_description":"Party Flyers BundleEye catching flyer design perfectly suitable to dance \/ music events. It\u2019s unique flyer...","og_url":"https:\/\/graphimarket.com\/fr\/product\/party-flyers-bundle-2\/","og_site_name":"Graphimarket","article_modified_time":"2022-12-19T08:40:01+00:00","og_image":[{"width":866,"height":577,"url":"https:\/\/graphimarket.com\/wp-content\/uploads\/2020\/10\/3a04ee49-5ee1-4626-9aa3-a35bc280a656-1.jpg","type":"image\/jpeg"}],"twitter_card":"summary_large_image","twitter_misc":{"Est. reading time":"1 minute"},"schema":{"@context":"https:\/\/schema.org","@graph":[{"@type":"WebPage","@id":"https:\/\/graphimarket.com\/product\/party-flyers-bundle-2\/","url":"https:\/\/graphimarket.com\/product\/party-flyers-bundle-2\/","name":"Pack de flyers de f\u00eate - Graphimarket","isPartOf":{"@id":"https:\/\/graphimarket.com\/fr\/#website"},"primaryImageOfPage":{"@id":"https:\/\/graphimarket.com\/product\/party-flyers-bundle-2\/#primaryimage"},"image":{"@id":"https:\/\/graphimarket.com\/product\/party-flyers-bundle-2\/#primaryimage"},"thumbnailUrl":"https:\/\/graphimarket.com\/wp-content\/uploads\/2020\/10\/3a04ee49-5ee1-4626-9aa3-a35bc280a656-1.jpg","datePublished":"2020-10-13T10:26:17+00:00","dateModified":"2022-12-19T08:40:01+00:00","description":"Party Flyers BundleEye catching flyer design perfectly suitable to dance \/ music events. It\u2019s unique flyer...","breadcrumb":{"@id":"https:\/\/graphimarket.com\/product\/party-flyers-bundle-2\/#breadcrumb"},"inLanguage":"fr-FR","potentialAction":[{"@type":"ReadAction","target":["https:\/\/graphimarket.com\/product\/party-flyers-bundle-2\/"]}]},{"@type":"ImageObject","inLanguage":"fr-FR","@id":"https:\/\/graphimarket.com\/product\/party-flyers-bundle-2\/#primaryimage","url":"https:\/\/graphimarket.com\/wp-content\/uploads\/2020\/10\/3a04ee49-5ee1-4626-9aa3-a35bc280a656-1.jpg","contentUrl":"https:\/\/graphimarket.com\/wp-content\/uploads\/2020\/10\/3a04ee49-5ee1-4626-9aa3-a35bc280a656-1.jpg","width":866,"height":577},{"@type":"BreadcrumbList","@id":"https:\/\/graphimarket.com\/product\/party-flyers-bundle-2\/#breadcrumb","itemListElement":[{"@type":"ListItem","position":1,"name":"Home","item":"https:\/\/graphimarket.com\/es\/"},{"@type":"ListItem","position":2,"name":"Store","item":"https:\/\/graphimarket.com\/store\/"},{"@type":"ListItem","position":3,"name":"Party Flyers Bundle"}]},{"@type":"WebSite","@id":"https:\/\/graphimarket.com\/fr\/#website","url":"https:\/\/graphimarket.com\/fr\/","name":"Graphimarket","description":"Trouvez l&#039;atout cr\u00e9atif parfait pour donner vie \u00e0 votre projet","publisher":{"@id":"https:\/\/graphimarket.com\/fr\/#organization"},"potentialAction":[{"@type":"SearchAction","target":{"@type":"EntryPoint","urlTemplate":"https:\/\/graphimarket.com\/fr\/?s={search_term_string}"},"query-input":{"@type":"PropertyValueSpecification","valueRequired":true,"valueName":"search_term_string"}}],"inLanguage":"fr-FR"},{"@type":"Organization","@id":"https:\/\/graphimarket.com\/fr\/#organization","name":"Graphimarket","url":"https:\/\/graphimarket.com\/fr\/","logo":{"@type":"ImageObject","inLanguage":"fr-FR","@id":"https:\/\/graphimarket.com\/fr\/#\/schema\/logo\/image\/","url":"https:\/\/graphimarket.com\/wp-content\/uploads\/2020\/08\/logo-48.png","contentUrl":"https:\/\/graphimarket.com\/wp-content\/uploads\/2020\/08\/logo-48.png","width":132,"height":48,"caption":"Graphimarket"},"image":{"@id":"https:\/\/graphimarket.com\/fr\/#\/schema\/logo\/image\/"}}]}},"_links":{"self":[{"href":"http:\/\/graphimarket.com\/fr\/wp-json\/wp\/v2\/product\/12107","targetHints":{"allow":["GET"]}}],"collection":[{"href":"http:\/\/graphimarket.com\/fr\/wp-json\/wp\/v2\/product"}],"about":[{"href":"http:\/\/graphimarket.com\/fr\/wp-json\/wp\/v2\/types\/product"}],"replies":[{"embeddable":true,"href":"http:\/\/graphimarket.com\/fr\/wp-json\/wp\/v2\/comments?post=12107"}],"version-history":[{"count":0,"href":"http:\/\/graphimarket.com\/fr\/wp-json\/wp\/v2\/product\/12107\/revisions"}],"wp:featuredmedia":[{"embeddable":true,"href":"http:\/\/graphimarket.com\/fr\/wp-json\/wp\/v2\/media\/12112"}],"wp:attachment":[{"href":"http:\/\/graphimarket.com\/fr\/wp-json\/wp\/v2\/media?parent=12107"}],"wp:term":[{"taxonomy":"product_brand","embeddable":true,"href":"http:\/\/graphimarket.com\/fr\/wp-json\/wp\/v2\/product_brand?post=12107"},{"taxonomy":"product_cat","embeddable":true,"href":"http:\/\/graphimarket.com\/fr\/wp-json\/wp\/v2\/product_cat?post=12107"},{"taxonomy":"product_tag","embeddable":true,"href":"http:\/\/graphimarket.com\/fr\/wp-json\/wp\/v2\/product_tag?post=12107"}],"curies":[{"name":"wp","href":"https:\/\/api.w.org\/{rel}","templated":true}]}}