{"id":12607,"date":"2020-10-15T17:39:53","date_gmt":"2020-10-15T15:39:53","guid":{"rendered":"https:\/\/graphimarket.com\/?post_type=product&#038;p=12607"},"modified":"2022-12-19T09:29:58","modified_gmt":"2022-12-19T08:29:58","slug":"furniture-keynote-presentation","status":"publish","type":"product","link":"http:\/\/graphimarket.com\/fr\/product\/furniture-keynote-presentation\/","title":{"rendered":"Pr\u00e9sentation principale du mobilier"},"content":{"rendered":"<div class=\"_2Masz2rr\">\n<p><strong>Pr\u00e9sentation principale du mobilier<\/strong>\u00a0est une pr\u00e9sentation de design d&#039;int\u00e9rieur, de marketing de magasin de meubles et de promotion, la conception utilise des \u00e9l\u00e9ments de conception professionnels et plats. Cette pr\u00e9sentation vous am\u00e8nera \u00e0 un autre niveau de campagnes de marketing et de promotion.<\/p>\n<p>Cr\u00e9\u00e9 pour que votre pr\u00e9sentation d&#039;entreprise se d\u00e9marque, sans douleur et avec un look professionnel.<\/p>\n<p>Ne perdez pas de temps, t\u00e9l\u00e9chargez simplement ce mod\u00e8le professionnel et passez le reste du temps \u00e0 pr\u00e9parer votre discours. Toutes les images de la pr\u00e9sentation peuvent \u00eatre facilement ins\u00e9r\u00e9es en un seul clic.<\/p>\n<p><strong>Ce qui est inclu?<\/strong><\/p>\n<ul>\n<li>30+ diapositives cr\u00e9atives uniques<\/li>\n<li>R\u00e9tine et Full HD.<\/li>\n<li>.key et .key09 pour le format Keynote<\/li>\n<li>2 Format d&#039;image 16:9 et taille d&#039;\u00e9cran large<\/li>\n<li>Modifiable facilement<\/li>\n<li>Superposition d&#039;effet d&#039;image<\/li>\n<li>Le PDF pour l&#039;aper\u00e7u comprend<\/li>\n<li>Mises en page bas\u00e9es sur des diapositives principales<\/li>\n<li>Diapositives enti\u00e8rement anim\u00e9es<\/li>\n<li>\u00c9l\u00e9ments vectoriels redimensionnables<\/li>\n<li>Design progressif parfait au pixel pr\u00e8s<\/li>\n<li>Documentation<\/li>\n<li>Police gratuite<\/li>\n<li>Mises \u00e0 jour gratuites<\/li>\n<li>Pr\u00eat \u00e0 imprimer<\/li>\n<li>Espaces r\u00e9serv\u00e9s d&#039;objet<\/li>\n<li>L&#039;image ne comprend pas<\/li>\n<\/ul>\n<p><strong>Police que nous utilisons\u00a0:<\/strong><\/p>\n<ul>\n<li>Dro\u00efde Sans<\/li>\n<li>Cabine<\/li>\n<\/ul>\n<\/div>\n<div class=\"_3YqMOf9R\">\n<div class=\"_3KAa4-GZ frEFeDSS\"><img fetchpriority=\"high\" decoding=\"async\" class=\"aligncenter wp-image-12608 size-full\" src=\"https:\/\/graphimarket.com\/wp-content\/uploads\/2020\/10\/b05b46cc-d195-4573-ae3e-373ac985fe02.jpg\" alt=\"\" width=\"1170\" height=\"780\" srcset=\"https:\/\/graphimarket.com\/wp-content\/uploads\/2020\/10\/b05b46cc-d195-4573-ae3e-373ac985fe02.jpg 1170w, https:\/\/graphimarket.com\/wp-content\/uploads\/2020\/10\/b05b46cc-d195-4573-ae3e-373ac985fe02-300x200.jpg 300w, https:\/\/graphimarket.com\/wp-content\/uploads\/2020\/10\/b05b46cc-d195-4573-ae3e-373ac985fe02-1024x683.jpg 1024w, https:\/\/graphimarket.com\/wp-content\/uploads\/2020\/10\/b05b46cc-d195-4573-ae3e-373ac985fe02-768x512.jpg 768w, https:\/\/graphimarket.com\/wp-content\/uploads\/2020\/10\/b05b46cc-d195-4573-ae3e-373ac985fe02-16x12.jpg 16w, https:\/\/graphimarket.com\/wp-content\/uploads\/2020\/10\/b05b46cc-d195-4573-ae3e-373ac985fe02-600x400.jpg 600w\" sizes=\"(max-width: 1170px) 100vw, 1170px\" \/> <img decoding=\"async\" class=\"aligncenter wp-image-12609 size-full\" src=\"https:\/\/graphimarket.com\/wp-content\/uploads\/2020\/10\/dced3296-03fe-4f92-bd1a-a913bb11c970.jpg\" alt=\"\" width=\"1170\" height=\"780\" srcset=\"https:\/\/graphimarket.com\/wp-content\/uploads\/2020\/10\/dced3296-03fe-4f92-bd1a-a913bb11c970.jpg 1170w, https:\/\/graphimarket.com\/wp-content\/uploads\/2020\/10\/dced3296-03fe-4f92-bd1a-a913bb11c970-300x200.jpg 300w, https:\/\/graphimarket.com\/wp-content\/uploads\/2020\/10\/dced3296-03fe-4f92-bd1a-a913bb11c970-1024x683.jpg 1024w, https:\/\/graphimarket.com\/wp-content\/uploads\/2020\/10\/dced3296-03fe-4f92-bd1a-a913bb11c970-768x512.jpg 768w, https:\/\/graphimarket.com\/wp-content\/uploads\/2020\/10\/dced3296-03fe-4f92-bd1a-a913bb11c970-16x12.jpg 16w, https:\/\/graphimarket.com\/wp-content\/uploads\/2020\/10\/dced3296-03fe-4f92-bd1a-a913bb11c970-600x400.jpg 600w\" sizes=\"(max-width: 1170px) 100vw, 1170px\" \/> <img decoding=\"async\" class=\"aligncenter wp-image-12610 size-full\" src=\"https:\/\/graphimarket.com\/wp-content\/uploads\/2020\/10\/e2ae23a6-357b-4ba0-bd5e-77106ea77214.jpg\" alt=\"\" width=\"1170\" height=\"780\" srcset=\"https:\/\/graphimarket.com\/wp-content\/uploads\/2020\/10\/e2ae23a6-357b-4ba0-bd5e-77106ea77214.jpg 1170w, https:\/\/graphimarket.com\/wp-content\/uploads\/2020\/10\/e2ae23a6-357b-4ba0-bd5e-77106ea77214-300x200.jpg 300w, https:\/\/graphimarket.com\/wp-content\/uploads\/2020\/10\/e2ae23a6-357b-4ba0-bd5e-77106ea77214-1024x683.jpg 1024w, https:\/\/graphimarket.com\/wp-content\/uploads\/2020\/10\/e2ae23a6-357b-4ba0-bd5e-77106ea77214-768x512.jpg 768w, https:\/\/graphimarket.com\/wp-content\/uploads\/2020\/10\/e2ae23a6-357b-4ba0-bd5e-77106ea77214-16x12.jpg 16w, https:\/\/graphimarket.com\/wp-content\/uploads\/2020\/10\/e2ae23a6-357b-4ba0-bd5e-77106ea77214-600x400.jpg 600w\" sizes=\"(max-width: 1170px) 100vw, 1170px\" \/> <img loading=\"lazy\" decoding=\"async\" class=\"aligncenter wp-image-12611 size-full\" src=\"https:\/\/graphimarket.com\/wp-content\/uploads\/2020\/10\/f0e79045-58b9-416e-b1e4-35e0a000fa4e.jpg\" alt=\"\" width=\"1170\" height=\"780\" srcset=\"https:\/\/graphimarket.com\/wp-content\/uploads\/2020\/10\/f0e79045-58b9-416e-b1e4-35e0a000fa4e.jpg 1170w, https:\/\/graphimarket.com\/wp-content\/uploads\/2020\/10\/f0e79045-58b9-416e-b1e4-35e0a000fa4e-300x200.jpg 300w, https:\/\/graphimarket.com\/wp-content\/uploads\/2020\/10\/f0e79045-58b9-416e-b1e4-35e0a000fa4e-1024x683.jpg 1024w, https:\/\/graphimarket.com\/wp-content\/uploads\/2020\/10\/f0e79045-58b9-416e-b1e4-35e0a000fa4e-768x512.jpg 768w, https:\/\/graphimarket.com\/wp-content\/uploads\/2020\/10\/f0e79045-58b9-416e-b1e4-35e0a000fa4e-16x12.jpg 16w, https:\/\/graphimarket.com\/wp-content\/uploads\/2020\/10\/f0e79045-58b9-416e-b1e4-35e0a000fa4e-600x400.jpg 600w\" sizes=\"(max-width: 1170px) 100vw, 1170px\" \/> <img loading=\"lazy\" decoding=\"async\" class=\"aligncenter wp-image-12612 size-full\" src=\"https:\/\/graphimarket.com\/wp-content\/uploads\/2020\/10\/96c4198c-3ee5-44ae-a16a-40c4964563c4.jpg\" alt=\"\" width=\"1170\" height=\"780\" srcset=\"https:\/\/graphimarket.com\/wp-content\/uploads\/2020\/10\/96c4198c-3ee5-44ae-a16a-40c4964563c4.jpg 1170w, https:\/\/graphimarket.com\/wp-content\/uploads\/2020\/10\/96c4198c-3ee5-44ae-a16a-40c4964563c4-300x200.jpg 300w, https:\/\/graphimarket.com\/wp-content\/uploads\/2020\/10\/96c4198c-3ee5-44ae-a16a-40c4964563c4-1024x683.jpg 1024w, https:\/\/graphimarket.com\/wp-content\/uploads\/2020\/10\/96c4198c-3ee5-44ae-a16a-40c4964563c4-768x512.jpg 768w, https:\/\/graphimarket.com\/wp-content\/uploads\/2020\/10\/96c4198c-3ee5-44ae-a16a-40c4964563c4-16x12.jpg 16w, https:\/\/graphimarket.com\/wp-content\/uploads\/2020\/10\/96c4198c-3ee5-44ae-a16a-40c4964563c4-600x400.jpg 600w\" sizes=\"(max-width: 1170px) 100vw, 1170px\" \/> <img loading=\"lazy\" decoding=\"async\" class=\"aligncenter wp-image-12613 size-full\" src=\"https:\/\/graphimarket.com\/wp-content\/uploads\/2020\/10\/6cd64482-37ec-4560-9575-7a58c0046825.jpg\" alt=\"\" width=\"1170\" height=\"780\" srcset=\"https:\/\/graphimarket.com\/wp-content\/uploads\/2020\/10\/6cd64482-37ec-4560-9575-7a58c0046825.jpg 1170w, https:\/\/graphimarket.com\/wp-content\/uploads\/2020\/10\/6cd64482-37ec-4560-9575-7a58c0046825-300x200.jpg 300w, https:\/\/graphimarket.com\/wp-content\/uploads\/2020\/10\/6cd64482-37ec-4560-9575-7a58c0046825-1024x683.jpg 1024w, https:\/\/graphimarket.com\/wp-content\/uploads\/2020\/10\/6cd64482-37ec-4560-9575-7a58c0046825-768x512.jpg 768w, https:\/\/graphimarket.com\/wp-content\/uploads\/2020\/10\/6cd64482-37ec-4560-9575-7a58c0046825-16x12.jpg 16w, https:\/\/graphimarket.com\/wp-content\/uploads\/2020\/10\/6cd64482-37ec-4560-9575-7a58c0046825-600x400.jpg 600w\" sizes=\"(max-width: 1170px) 100vw, 1170px\" \/> <img loading=\"lazy\" decoding=\"async\" class=\"aligncenter wp-image-12614 size-full\" src=\"https:\/\/graphimarket.com\/wp-content\/uploads\/2020\/10\/91939e9a-2b3e-4924-aaf5-5f3cfe7d791e.jpg\" alt=\"\" width=\"1170\" height=\"780\" srcset=\"https:\/\/graphimarket.com\/wp-content\/uploads\/2020\/10\/91939e9a-2b3e-4924-aaf5-5f3cfe7d791e.jpg 1170w, https:\/\/graphimarket.com\/wp-content\/uploads\/2020\/10\/91939e9a-2b3e-4924-aaf5-5f3cfe7d791e-300x200.jpg 300w, https:\/\/graphimarket.com\/wp-content\/uploads\/2020\/10\/91939e9a-2b3e-4924-aaf5-5f3cfe7d791e-1024x683.jpg 1024w, https:\/\/graphimarket.com\/wp-content\/uploads\/2020\/10\/91939e9a-2b3e-4924-aaf5-5f3cfe7d791e-768x512.jpg 768w, https:\/\/graphimarket.com\/wp-content\/uploads\/2020\/10\/91939e9a-2b3e-4924-aaf5-5f3cfe7d791e-16x12.jpg 16w, https:\/\/graphimarket.com\/wp-content\/uploads\/2020\/10\/91939e9a-2b3e-4924-aaf5-5f3cfe7d791e-600x400.jpg 600w\" sizes=\"(max-width: 1170px) 100vw, 1170px\" \/><\/div>\n<\/div>","protected":false},"excerpt":{"rendered":"<p>Furniture Keynote Presentation\u00a0is an Interior design, furniture store marketing, and promotion presentation, the design uses professional and flat design elements. This presentation will take you to another level of marketing and promotion campaigns. Created to make your business presentation stand out, pain-free and professional look. Don\u2019t spend time, just download this professional template and the [&hellip;]<\/p>\n","protected":false},"featured_media":12608,"comment_status":"open","ping_status":"closed","template":"","meta":{"site-sidebar-layout":"default","site-content-layout":"default","ast-site-content-layout":"default","site-content-style":"default","site-sidebar-style":"default","ast-global-header-display":"","ast-banner-title-visibility":"","ast-main-header-display":"","ast-hfb-above-header-display":"","ast-hfb-below-header-display":"","ast-hfb-mobile-header-display":"","site-post-title":"","ast-breadcrumbs-content":"","ast-featured-img":"","footer-sml-layout":"","ast-disable-related-posts":"","theme-transparent-header-meta":"default","adv-header-id-meta":"","stick-header-meta":"","header-above-stick-meta":"","header-main-stick-meta":"","header-below-stick-meta":"","astra-migrate-meta-layouts":"default","ast-page-background-enabled":"default","ast-page-background-meta":{"desktop":{"background-color":"","background-image":"","background-repeat":"repeat","background-position":"center center","background-size":"auto","background-attachment":"scroll","background-type":"","background-media":"","overlay-type":"","overlay-color":"","overlay-opacity":"","overlay-gradient":""},"tablet":{"background-color":"","background-image":"","background-repeat":"repeat","background-position":"center center","background-size":"auto","background-attachment":"scroll","background-type":"","background-media":"","overlay-type":"","overlay-color":"","overlay-opacity":"","overlay-gradient":""},"mobile":{"background-color":"","background-image":"","background-repeat":"repeat","background-position":"center center","background-size":"auto","background-attachment":"scroll","background-type":"","background-media":"","overlay-type":"","overlay-color":"","overlay-opacity":"","overlay-gradient":""}},"ast-content-background-meta":{"desktop":{"background-color":"var(--ast-global-color-5)","background-image":"","background-repeat":"repeat","background-position":"center center","background-size":"auto","background-attachment":"scroll","background-type":"","background-media":"","overlay-type":"","overlay-color":"","overlay-opacity":"","overlay-gradient":""},"tablet":{"background-color":"var(--ast-global-color-5)","background-image":"","background-repeat":"repeat","background-position":"center center","background-size":"auto","background-attachment":"scroll","background-type":"","background-media":"","overlay-type":"","overlay-color":"","overlay-opacity":"","overlay-gradient":""},"mobile":{"background-color":"var(--ast-global-color-5)","background-image":"","background-repeat":"repeat","background-position":"center center","background-size":"auto","background-attachment":"scroll","background-type":"","background-media":"","overlay-type":"","overlay-color":"","overlay-opacity":"","overlay-gradient":""}}},"product_brand":[],"product_cat":[128,154],"product_tag":[1698,1030,225,59,973,1356,1696,900,985,1697,1183,262,709,871,1023],"class_list":{"0":"post-12607","1":"product","2":"type-product","3":"status-publish","4":"has-post-thumbnail","6":"product_cat-key-note-templates","7":"product_cat-presentations","8":"product_tag-apartment","9":"product_tag-decor","10":"product_tag-decoration","11":"product_tag-design","12":"product_tag-furniture","13":"product_tag-home","14":"product_tag-house","15":"product_tag-interior","16":"product_tag-keynote","17":"product_tag-living","18":"product_tag-luxury","19":"product_tag-modern","20":"product_tag-presentation","21":"product_tag-room","22":"product_tag-table","23":"desktop-align-left","24":"tablet-align-left","25":"mobile-align-left","27":"first","28":"instock","29":"sale","30":"downloadable","31":"virtual","32":"taxable","33":"purchasable","34":"product-type-simple"},"yoast_head":"<!-- This site is optimized with the Yoast SEO plugin v27.3 - https:\/\/yoast.com\/product\/yoast-seo-wordpress\/ -->\n<title>Furniture Keynote Presentation - Graphimarket<\/title>\n<meta name=\"description\" content=\"Furniture Keynote Presentation\u00a0is an Interior design, furniture store marketing, and promotion presentation, the design uses...\" \/>\n<meta name=\"robots\" content=\"index, follow, max-snippet:-1, max-image-preview:large, max-video-preview:-1\" \/>\n<link rel=\"canonical\" href=\"http:\/\/graphimarket.com\/fr\/product\/furniture-keynote-presentation\/\" \/>\n<meta property=\"og:locale\" content=\"fr_FR\" \/>\n<meta property=\"og:type\" content=\"article\" \/>\n<meta property=\"og:title\" content=\"Furniture Keynote Presentation - Graphimarket\" \/>\n<meta property=\"og:description\" content=\"Furniture Keynote Presentation\u00a0is an Interior design, furniture store marketing, and promotion presentation, the design uses...\" \/>\n<meta property=\"og:url\" content=\"http:\/\/graphimarket.com\/fr\/product\/furniture-keynote-presentation\/\" \/>\n<meta property=\"og:site_name\" content=\"Graphimarket\" \/>\n<meta property=\"article:modified_time\" content=\"2022-12-19T08:29:58+00:00\" \/>\n<meta property=\"og:image\" content=\"https:\/\/graphimarket.com\/wp-content\/uploads\/2020\/10\/b05b46cc-d195-4573-ae3e-373ac985fe02.jpg\" \/>\n\t<meta property=\"og:image:width\" content=\"1170\" \/>\n\t<meta property=\"og:image:height\" content=\"780\" \/>\n\t<meta property=\"og:image:type\" content=\"image\/jpeg\" \/>\n<meta name=\"twitter:card\" content=\"summary_large_image\" \/>\n<meta name=\"twitter:label1\" content=\"Est. reading time\" \/>\n\t<meta name=\"twitter:data1\" content=\"1 minute\" \/>\n<script type=\"application\/ld+json\" class=\"yoast-schema-graph\">{\"@context\":\"https:\\\/\\\/schema.org\",\"@graph\":[{\"@type\":\"WebPage\",\"@id\":\"http:\\\/\\\/graphimarket.com\\\/fr\\\/product\\\/furniture-keynote-presentation\\\/\",\"url\":\"http:\\\/\\\/graphimarket.com\\\/fr\\\/product\\\/furniture-keynote-presentation\\\/\",\"name\":\"Furniture Keynote Presentation - Graphimarket\",\"isPartOf\":{\"@id\":\"https:\\\/\\\/graphimarket.com\\\/fr\\\/#website\"},\"primaryImageOfPage\":{\"@id\":\"http:\\\/\\\/graphimarket.com\\\/fr\\\/product\\\/furniture-keynote-presentation\\\/#primaryimage\"},\"image\":{\"@id\":\"http:\\\/\\\/graphimarket.com\\\/fr\\\/product\\\/furniture-keynote-presentation\\\/#primaryimage\"},\"thumbnailUrl\":\"https:\\\/\\\/graphimarket.com\\\/wp-content\\\/uploads\\\/2020\\\/10\\\/b05b46cc-d195-4573-ae3e-373ac985fe02.jpg\",\"datePublished\":\"2020-10-15T15:39:53+00:00\",\"dateModified\":\"2022-12-19T08:29:58+00:00\",\"description\":\"Furniture Keynote Presentation\u00a0is an Interior design, furniture store marketing, and promotion presentation, the design uses...\",\"breadcrumb\":{\"@id\":\"http:\\\/\\\/graphimarket.com\\\/fr\\\/product\\\/furniture-keynote-presentation\\\/#breadcrumb\"},\"inLanguage\":\"fr-FR\",\"potentialAction\":[{\"@type\":\"ReadAction\",\"target\":[\"http:\\\/\\\/graphimarket.com\\\/fr\\\/product\\\/furniture-keynote-presentation\\\/\"]}]},{\"@type\":\"ImageObject\",\"inLanguage\":\"fr-FR\",\"@id\":\"http:\\\/\\\/graphimarket.com\\\/fr\\\/product\\\/furniture-keynote-presentation\\\/#primaryimage\",\"url\":\"https:\\\/\\\/graphimarket.com\\\/wp-content\\\/uploads\\\/2020\\\/10\\\/b05b46cc-d195-4573-ae3e-373ac985fe02.jpg\",\"contentUrl\":\"https:\\\/\\\/graphimarket.com\\\/wp-content\\\/uploads\\\/2020\\\/10\\\/b05b46cc-d195-4573-ae3e-373ac985fe02.jpg\",\"width\":1170,\"height\":780},{\"@type\":\"BreadcrumbList\",\"@id\":\"http:\\\/\\\/graphimarket.com\\\/fr\\\/product\\\/furniture-keynote-presentation\\\/#breadcrumb\",\"itemListElement\":[{\"@type\":\"ListItem\",\"position\":1,\"name\":\"Home\",\"item\":\"https:\\\/\\\/graphimarket.com\\\/es\\\/\"},{\"@type\":\"ListItem\",\"position\":2,\"name\":\"Store\",\"item\":\"https:\\\/\\\/graphimarket.com\\\/store\\\/\"},{\"@type\":\"ListItem\",\"position\":3,\"name\":\"Furniture Keynote Presentation\"}]},{\"@type\":\"WebSite\",\"@id\":\"https:\\\/\\\/graphimarket.com\\\/fr\\\/#website\",\"url\":\"https:\\\/\\\/graphimarket.com\\\/fr\\\/\",\"name\":\"Graphimarket\",\"description\":\"Find the perfect creative asset to bring your project to life\",\"publisher\":{\"@id\":\"https:\\\/\\\/graphimarket.com\\\/fr\\\/#organization\"},\"potentialAction\":[{\"@type\":\"SearchAction\",\"target\":{\"@type\":\"EntryPoint\",\"urlTemplate\":\"https:\\\/\\\/graphimarket.com\\\/fr\\\/?s={search_term_string}\"},\"query-input\":{\"@type\":\"PropertyValueSpecification\",\"valueRequired\":true,\"valueName\":\"search_term_string\"}}],\"inLanguage\":\"fr-FR\"},{\"@type\":\"Organization\",\"@id\":\"https:\\\/\\\/graphimarket.com\\\/fr\\\/#organization\",\"name\":\"Graphimarket\",\"url\":\"https:\\\/\\\/graphimarket.com\\\/fr\\\/\",\"logo\":{\"@type\":\"ImageObject\",\"inLanguage\":\"fr-FR\",\"@id\":\"https:\\\/\\\/graphimarket.com\\\/fr\\\/#\\\/schema\\\/logo\\\/image\\\/\",\"url\":\"https:\\\/\\\/graphimarket.com\\\/wp-content\\\/uploads\\\/2020\\\/08\\\/logo-48.png\",\"contentUrl\":\"https:\\\/\\\/graphimarket.com\\\/wp-content\\\/uploads\\\/2020\\\/08\\\/logo-48.png\",\"width\":132,\"height\":48,\"caption\":\"Graphimarket\"},\"image\":{\"@id\":\"https:\\\/\\\/graphimarket.com\\\/fr\\\/#\\\/schema\\\/logo\\\/image\\\/\"}}]}<\/script>\n<!-- \/ Yoast SEO plugin. -->","yoast_head_json":{"title":"Furniture Keynote Presentation - Graphimarket","description":"Furniture Keynote Presentation\u00a0is an Interior design, furniture store marketing, and promotion presentation, the design uses...","robots":{"index":"index","follow":"follow","max-snippet":"max-snippet:-1","max-image-preview":"max-image-preview:large","max-video-preview":"max-video-preview:-1"},"canonical":"http:\/\/graphimarket.com\/fr\/product\/furniture-keynote-presentation\/","og_locale":"fr_FR","og_type":"article","og_title":"Furniture Keynote Presentation - Graphimarket","og_description":"Furniture Keynote Presentation\u00a0is an Interior design, furniture store marketing, and promotion presentation, the design uses...","og_url":"http:\/\/graphimarket.com\/fr\/product\/furniture-keynote-presentation\/","og_site_name":"Graphimarket","article_modified_time":"2022-12-19T08:29:58+00:00","og_image":[{"width":1170,"height":780,"url":"https:\/\/graphimarket.com\/wp-content\/uploads\/2020\/10\/b05b46cc-d195-4573-ae3e-373ac985fe02.jpg","type":"image\/jpeg"}],"twitter_card":"summary_large_image","twitter_misc":{"Est. reading time":"1 minute"},"schema":{"@context":"https:\/\/schema.org","@graph":[{"@type":"WebPage","@id":"http:\/\/graphimarket.com\/fr\/product\/furniture-keynote-presentation\/","url":"http:\/\/graphimarket.com\/fr\/product\/furniture-keynote-presentation\/","name":"Furniture Keynote Presentation - Graphimarket","isPartOf":{"@id":"https:\/\/graphimarket.com\/fr\/#website"},"primaryImageOfPage":{"@id":"http:\/\/graphimarket.com\/fr\/product\/furniture-keynote-presentation\/#primaryimage"},"image":{"@id":"http:\/\/graphimarket.com\/fr\/product\/furniture-keynote-presentation\/#primaryimage"},"thumbnailUrl":"https:\/\/graphimarket.com\/wp-content\/uploads\/2020\/10\/b05b46cc-d195-4573-ae3e-373ac985fe02.jpg","datePublished":"2020-10-15T15:39:53+00:00","dateModified":"2022-12-19T08:29:58+00:00","description":"Furniture Keynote Presentation\u00a0is an Interior design, furniture store marketing, and promotion presentation, the design uses...","breadcrumb":{"@id":"http:\/\/graphimarket.com\/fr\/product\/furniture-keynote-presentation\/#breadcrumb"},"inLanguage":"fr-FR","potentialAction":[{"@type":"ReadAction","target":["http:\/\/graphimarket.com\/fr\/product\/furniture-keynote-presentation\/"]}]},{"@type":"ImageObject","inLanguage":"fr-FR","@id":"http:\/\/graphimarket.com\/fr\/product\/furniture-keynote-presentation\/#primaryimage","url":"https:\/\/graphimarket.com\/wp-content\/uploads\/2020\/10\/b05b46cc-d195-4573-ae3e-373ac985fe02.jpg","contentUrl":"https:\/\/graphimarket.com\/wp-content\/uploads\/2020\/10\/b05b46cc-d195-4573-ae3e-373ac985fe02.jpg","width":1170,"height":780},{"@type":"BreadcrumbList","@id":"http:\/\/graphimarket.com\/fr\/product\/furniture-keynote-presentation\/#breadcrumb","itemListElement":[{"@type":"ListItem","position":1,"name":"Home","item":"https:\/\/graphimarket.com\/es\/"},{"@type":"ListItem","position":2,"name":"Store","item":"https:\/\/graphimarket.com\/store\/"},{"@type":"ListItem","position":3,"name":"Furniture Keynote Presentation"}]},{"@type":"WebSite","@id":"https:\/\/graphimarket.com\/fr\/#website","url":"https:\/\/graphimarket.com\/fr\/","name":"Graphimarket","description":"Trouvez l&#039;atout cr\u00e9atif parfait pour donner vie \u00e0 votre projet","publisher":{"@id":"https:\/\/graphimarket.com\/fr\/#organization"},"potentialAction":[{"@type":"SearchAction","target":{"@type":"EntryPoint","urlTemplate":"https:\/\/graphimarket.com\/fr\/?s={search_term_string}"},"query-input":{"@type":"PropertyValueSpecification","valueRequired":true,"valueName":"search_term_string"}}],"inLanguage":"fr-FR"},{"@type":"Organization","@id":"https:\/\/graphimarket.com\/fr\/#organization","name":"Graphimarket","url":"https:\/\/graphimarket.com\/fr\/","logo":{"@type":"ImageObject","inLanguage":"fr-FR","@id":"https:\/\/graphimarket.com\/fr\/#\/schema\/logo\/image\/","url":"https:\/\/graphimarket.com\/wp-content\/uploads\/2020\/08\/logo-48.png","contentUrl":"https:\/\/graphimarket.com\/wp-content\/uploads\/2020\/08\/logo-48.png","width":132,"height":48,"caption":"Graphimarket"},"image":{"@id":"https:\/\/graphimarket.com\/fr\/#\/schema\/logo\/image\/"}}]}},"_links":{"self":[{"href":"http:\/\/graphimarket.com\/fr\/wp-json\/wp\/v2\/product\/12607","targetHints":{"allow":["GET"]}}],"collection":[{"href":"http:\/\/graphimarket.com\/fr\/wp-json\/wp\/v2\/product"}],"about":[{"href":"http:\/\/graphimarket.com\/fr\/wp-json\/wp\/v2\/types\/product"}],"replies":[{"embeddable":true,"href":"http:\/\/graphimarket.com\/fr\/wp-json\/wp\/v2\/comments?post=12607"}],"version-history":[{"count":0,"href":"http:\/\/graphimarket.com\/fr\/wp-json\/wp\/v2\/product\/12607\/revisions"}],"wp:featuredmedia":[{"embeddable":true,"href":"http:\/\/graphimarket.com\/fr\/wp-json\/wp\/v2\/media\/12608"}],"wp:attachment":[{"href":"http:\/\/graphimarket.com\/fr\/wp-json\/wp\/v2\/media?parent=12607"}],"wp:term":[{"taxonomy":"product_brand","embeddable":true,"href":"http:\/\/graphimarket.com\/fr\/wp-json\/wp\/v2\/product_brand?post=12607"},{"taxonomy":"product_cat","embeddable":true,"href":"http:\/\/graphimarket.com\/fr\/wp-json\/wp\/v2\/product_cat?post=12607"},{"taxonomy":"product_tag","embeddable":true,"href":"http:\/\/graphimarket.com\/fr\/wp-json\/wp\/v2\/product_tag?post=12607"}],"curies":[{"name":"wp","href":"https:\/\/api.w.org\/{rel}","templated":true}]}}