{"id":12695,"date":"2020-10-16T10:39:39","date_gmt":"2020-10-16T08:39:39","guid":{"rendered":"https:\/\/graphimarket.com\/?post_type=product&#038;p=12695"},"modified":"2026-04-08T23:12:35","modified_gmt":"2026-04-08T21:12:35","slug":"digital-film-supply-action-bundle","status":"publish","type":"product","link":"http:\/\/graphimarket.com\/fr\/product\/digital-film-supply-action-bundle\/","title":{"rendered":"Lot d&#039;action pour la fourniture de films num\u00e9riques"},"content":{"rendered":"<div class=\"_2Masz2rr\">\n<p>Digital Film Supply est une s\u00e9rie d&#039;actions Photoshop haut de gamme (74 au total) inspir\u00e9es de la photographie argentique et de pr\u00e9r\u00e9glages de haute qualit\u00e9 comme VSCO.<\/p>\n<p>Ce ne sont pas des pr\u00e9r\u00e9glages pour des effets sp\u00e9ciaux s\u00e9v\u00e8res, ce sont des \u00e9mulations de film subtiles et affin\u00e9es pour vos images. Il est fortement recommand\u00e9 de l&#039;appliquer sur des photographies haute r\u00e9solution pour de meilleurs r\u00e9sultats - mais rappelez-vous, tout est modifiable, alors utilisez-les comme vous le souhaitez ;).<\/p>\n<p>COMPREND\u00a0:<\/p>\n<ul>\n<li>74 actions Photoshop de premier ordre, y compris les versions mates<\/li>\n<li>Effets cin\u00e9matographiques subtils et r\u00e9alistes.<\/li>\n<\/ul>\n<p>Compatible avec Photoshop CS3, CC et les versions futures. Compatible Mac et PC. Fonctionne sur les images RAW et JPEG. Les actions peuvent \u00eatre enti\u00e8rement ajust\u00e9es avec tous les param\u00e8tres de Photoshop.<\/p>\n<\/div>\n<p>&nbsp;<\/p>\n<p><img fetchpriority=\"high\" decoding=\"async\" class=\"aligncenter wp-image-12696 size-full\" src=\"https:\/\/graphimarket.com\/wp-content\/uploads\/2020\/10\/09f7f932-4d9d-4109-9a9c-26c3cdf7da8e.jpg\" alt=\"\" width=\"866\" height=\"577\" srcset=\"https:\/\/graphimarket.com\/wp-content\/uploads\/2020\/10\/09f7f932-4d9d-4109-9a9c-26c3cdf7da8e.jpg 866w, https:\/\/graphimarket.com\/wp-content\/uploads\/2020\/10\/09f7f932-4d9d-4109-9a9c-26c3cdf7da8e-300x200.jpg 300w, https:\/\/graphimarket.com\/wp-content\/uploads\/2020\/10\/09f7f932-4d9d-4109-9a9c-26c3cdf7da8e-768x512.jpg 768w, https:\/\/graphimarket.com\/wp-content\/uploads\/2020\/10\/09f7f932-4d9d-4109-9a9c-26c3cdf7da8e-16x12.jpg 16w, https:\/\/graphimarket.com\/wp-content\/uploads\/2020\/10\/09f7f932-4d9d-4109-9a9c-26c3cdf7da8e-600x400.jpg 600w\" sizes=\"(max-width: 866px) 100vw, 866px\" \/><\/p>\n<div class=\"_3YqMOf9R\">\n<div class=\"_3KAa4-GZ frEFeDSS\"><\/div>\n<\/div>","protected":false},"excerpt":{"rendered":"<p>Digital Film Supply is a series of High-End Photoshop Actions (74 Total) inspired by film photography and high quality presets like VSCO. These are not presets for harsh special effects, these are subtle fine-tuned film emulation for your images. It&#8217;s highly recommended to be applied in High Resolution photographs for best results \u2014 but remember, [&hellip;]<\/p>\n","protected":false},"featured_media":12696,"comment_status":"open","ping_status":"closed","template":"","meta":{"site-sidebar-layout":"default","site-content-layout":"default","ast-site-content-layout":"default","site-content-style":"default","site-sidebar-style":"default","ast-global-header-display":"","ast-banner-title-visibility":"","ast-main-header-display":"","ast-hfb-above-header-display":"","ast-hfb-below-header-display":"","ast-hfb-mobile-header-display":"","site-post-title":"","ast-breadcrumbs-content":"","ast-featured-img":"","footer-sml-layout":"","ast-disable-related-posts":"","theme-transparent-header-meta":"default","adv-header-id-meta":"","stick-header-meta":"","header-above-stick-meta":"","header-main-stick-meta":"","header-below-stick-meta":"","astra-migrate-meta-layouts":"default","ast-page-background-enabled":"default","ast-page-background-meta":{"desktop":{"background-color":"","background-image":"","background-repeat":"repeat","background-position":"center center","background-size":"auto","background-attachment":"scroll","background-type":"","background-media":"","overlay-type":"","overlay-color":"","overlay-opacity":"","overlay-gradient":""},"tablet":{"background-color":"","background-image":"","background-repeat":"repeat","background-position":"center center","background-size":"auto","background-attachment":"scroll","background-type":"","background-media":"","overlay-type":"","overlay-color":"","overlay-opacity":"","overlay-gradient":""},"mobile":{"background-color":"","background-image":"","background-repeat":"repeat","background-position":"center center","background-size":"auto","background-attachment":"scroll","background-type":"","background-media":"","overlay-type":"","overlay-color":"","overlay-opacity":"","overlay-gradient":""}},"ast-content-background-meta":{"desktop":{"background-color":"var(--ast-global-color-5)","background-image":"","background-repeat":"repeat","background-position":"center center","background-size":"auto","background-attachment":"scroll","background-type":"","background-media":"","overlay-type":"","overlay-color":"","overlay-opacity":"","overlay-gradient":""},"tablet":{"background-color":"var(--ast-global-color-5)","background-image":"","background-repeat":"repeat","background-position":"center center","background-size":"auto","background-attachment":"scroll","background-type":"","background-media":"","overlay-type":"","overlay-color":"","overlay-opacity":"","overlay-gradient":""},"mobile":{"background-color":"var(--ast-global-color-5)","background-image":"","background-repeat":"repeat","background-position":"center center","background-size":"auto","background-attachment":"scroll","background-type":"","background-media":"","overlay-type":"","overlay-color":"","overlay-opacity":"","overlay-gradient":""}}},"product_brand":[],"product_cat":[196,1609,15],"product_tag":[239,320,1711,297,1188,383,1561,1383,237,473,310,369],"class_list":{"0":"post-12695","1":"product","2":"type-product","3":"status-publish","4":"has-post-thumbnail","6":"product_cat-actions","7":"product_cat-bundle","8":"product_cat-photo","9":"product_tag-bundle","10":"product_tag-film","11":"product_tag-granding","12":"product_tag-logo","13":"product_tag-photographer","14":"product_tag-professional","15":"product_tag-raw","16":"product_tag-retouch","17":"product_tag-styles","18":"product_tag-van","19":"product_tag-visual","20":"product_tag-vsco","21":"desktop-align-left","22":"tablet-align-left","23":"mobile-align-left","25":"first","26":"instock","27":"sale","28":"downloadable","29":"virtual","30":"taxable","31":"purchasable","32":"product-type-simple"},"yoast_head":"<!-- This site is optimized with the Yoast SEO plugin v27.3 - https:\/\/yoast.com\/product\/yoast-seo-wordpress\/ -->\n<title>Digital Film Supply Action Bundle - Graphimarket<\/title>\n<meta name=\"description\" content=\"Digital Film Supply is a series of High-End Photoshop Actions (74 Total) inspired by film photography and high quality presets like VSCO...\" \/>\n<meta name=\"robots\" content=\"index, follow, max-snippet:-1, max-image-preview:large, max-video-preview:-1\" \/>\n<link rel=\"canonical\" href=\"https:\/\/graphimarket.com\/fr\/product\/digital-film-supply-action-bundle\/\" \/>\n<meta property=\"og:locale\" content=\"fr_FR\" \/>\n<meta property=\"og:type\" content=\"article\" \/>\n<meta property=\"og:title\" content=\"Digital Film Supply Action Bundle - Graphimarket\" \/>\n<meta property=\"og:description\" content=\"Digital Film Supply is a series of High-End Photoshop Actions (74 Total) inspired by film photography and high quality presets like VSCO...\" \/>\n<meta property=\"og:url\" content=\"https:\/\/graphimarket.com\/fr\/product\/digital-film-supply-action-bundle\/\" \/>\n<meta property=\"og:site_name\" content=\"Graphimarket\" \/>\n<meta property=\"article:modified_time\" content=\"2026-04-08T21:12:35+00:00\" \/>\n<meta property=\"og:image\" content=\"https:\/\/graphimarket.com\/wp-content\/uploads\/2020\/10\/09f7f932-4d9d-4109-9a9c-26c3cdf7da8e.jpg\" \/>\n\t<meta property=\"og:image:width\" content=\"866\" \/>\n\t<meta property=\"og:image:height\" content=\"577\" \/>\n\t<meta property=\"og:image:type\" content=\"image\/jpeg\" \/>\n<meta name=\"twitter:card\" content=\"summary_large_image\" \/>\n<meta name=\"twitter:label1\" content=\"Est. reading time\" \/>\n\t<meta name=\"twitter:data1\" content=\"1 minute\" \/>\n<script type=\"application\/ld+json\" class=\"yoast-schema-graph\">{\"@context\":\"https:\\\/\\\/schema.org\",\"@graph\":[{\"@type\":\"WebPage\",\"@id\":\"https:\\\/\\\/graphimarket.com\\\/fr\\\/product\\\/digital-film-supply-action-bundle\\\/\",\"url\":\"https:\\\/\\\/graphimarket.com\\\/fr\\\/product\\\/digital-film-supply-action-bundle\\\/\",\"name\":\"Digital Film Supply Action Bundle - Graphimarket\",\"isPartOf\":{\"@id\":\"https:\\\/\\\/graphimarket.com\\\/fr\\\/#website\"},\"primaryImageOfPage\":{\"@id\":\"https:\\\/\\\/graphimarket.com\\\/fr\\\/product\\\/digital-film-supply-action-bundle\\\/#primaryimage\"},\"image\":{\"@id\":\"https:\\\/\\\/graphimarket.com\\\/fr\\\/product\\\/digital-film-supply-action-bundle\\\/#primaryimage\"},\"thumbnailUrl\":\"https:\\\/\\\/graphimarket.com\\\/wp-content\\\/uploads\\\/2020\\\/10\\\/09f7f932-4d9d-4109-9a9c-26c3cdf7da8e.jpg\",\"datePublished\":\"2020-10-16T08:39:39+00:00\",\"dateModified\":\"2026-04-08T21:12:35+00:00\",\"description\":\"Digital Film Supply is a series of High-End Photoshop Actions (74 Total) inspired by film photography and high quality presets like VSCO...\",\"breadcrumb\":{\"@id\":\"https:\\\/\\\/graphimarket.com\\\/fr\\\/product\\\/digital-film-supply-action-bundle\\\/#breadcrumb\"},\"inLanguage\":\"fr-FR\",\"potentialAction\":[{\"@type\":\"ReadAction\",\"target\":[\"https:\\\/\\\/graphimarket.com\\\/fr\\\/product\\\/digital-film-supply-action-bundle\\\/\"]}]},{\"@type\":\"ImageObject\",\"inLanguage\":\"fr-FR\",\"@id\":\"https:\\\/\\\/graphimarket.com\\\/fr\\\/product\\\/digital-film-supply-action-bundle\\\/#primaryimage\",\"url\":\"https:\\\/\\\/graphimarket.com\\\/wp-content\\\/uploads\\\/2020\\\/10\\\/09f7f932-4d9d-4109-9a9c-26c3cdf7da8e.jpg\",\"contentUrl\":\"https:\\\/\\\/graphimarket.com\\\/wp-content\\\/uploads\\\/2020\\\/10\\\/09f7f932-4d9d-4109-9a9c-26c3cdf7da8e.jpg\",\"width\":866,\"height\":577},{\"@type\":\"BreadcrumbList\",\"@id\":\"https:\\\/\\\/graphimarket.com\\\/fr\\\/product\\\/digital-film-supply-action-bundle\\\/#breadcrumb\",\"itemListElement\":[{\"@type\":\"ListItem\",\"position\":1,\"name\":\"Home\",\"item\":\"https:\\\/\\\/graphimarket.com\\\/es\\\/\"},{\"@type\":\"ListItem\",\"position\":2,\"name\":\"Store\",\"item\":\"https:\\\/\\\/graphimarket.com\\\/store\\\/\"},{\"@type\":\"ListItem\",\"position\":3,\"name\":\"Digital Film Supply Action Bundle\"}]},{\"@type\":\"WebSite\",\"@id\":\"https:\\\/\\\/graphimarket.com\\\/fr\\\/#website\",\"url\":\"https:\\\/\\\/graphimarket.com\\\/fr\\\/\",\"name\":\"Graphimarket\",\"description\":\"Find the perfect creative asset to bring your project to life\",\"publisher\":{\"@id\":\"https:\\\/\\\/graphimarket.com\\\/fr\\\/#organization\"},\"potentialAction\":[{\"@type\":\"SearchAction\",\"target\":{\"@type\":\"EntryPoint\",\"urlTemplate\":\"https:\\\/\\\/graphimarket.com\\\/fr\\\/?s={search_term_string}\"},\"query-input\":{\"@type\":\"PropertyValueSpecification\",\"valueRequired\":true,\"valueName\":\"search_term_string\"}}],\"inLanguage\":\"fr-FR\"},{\"@type\":\"Organization\",\"@id\":\"https:\\\/\\\/graphimarket.com\\\/fr\\\/#organization\",\"name\":\"Graphimarket\",\"url\":\"https:\\\/\\\/graphimarket.com\\\/fr\\\/\",\"logo\":{\"@type\":\"ImageObject\",\"inLanguage\":\"fr-FR\",\"@id\":\"https:\\\/\\\/graphimarket.com\\\/fr\\\/#\\\/schema\\\/logo\\\/image\\\/\",\"url\":\"https:\\\/\\\/graphimarket.com\\\/wp-content\\\/uploads\\\/2020\\\/08\\\/logo-48.png\",\"contentUrl\":\"https:\\\/\\\/graphimarket.com\\\/wp-content\\\/uploads\\\/2020\\\/08\\\/logo-48.png\",\"width\":132,\"height\":48,\"caption\":\"Graphimarket\"},\"image\":{\"@id\":\"https:\\\/\\\/graphimarket.com\\\/fr\\\/#\\\/schema\\\/logo\\\/image\\\/\"}}]}<\/script>\n<!-- \/ Yoast SEO plugin. -->","yoast_head_json":{"title":"Digital Film Supply Action Bundle - Graphimarket","description":"Digital Film Supply is a series of High-End Photoshop Actions (74 Total) inspired by film photography and high quality presets like VSCO...","robots":{"index":"index","follow":"follow","max-snippet":"max-snippet:-1","max-image-preview":"max-image-preview:large","max-video-preview":"max-video-preview:-1"},"canonical":"https:\/\/graphimarket.com\/fr\/product\/digital-film-supply-action-bundle\/","og_locale":"fr_FR","og_type":"article","og_title":"Digital Film Supply Action Bundle - Graphimarket","og_description":"Digital Film Supply is a series of High-End Photoshop Actions (74 Total) inspired by film photography and high quality presets like VSCO...","og_url":"https:\/\/graphimarket.com\/fr\/product\/digital-film-supply-action-bundle\/","og_site_name":"Graphimarket","article_modified_time":"2026-04-08T21:12:35+00:00","og_image":[{"width":866,"height":577,"url":"https:\/\/graphimarket.com\/wp-content\/uploads\/2020\/10\/09f7f932-4d9d-4109-9a9c-26c3cdf7da8e.jpg","type":"image\/jpeg"}],"twitter_card":"summary_large_image","twitter_misc":{"Est. reading time":"1 minute"},"schema":{"@context":"https:\/\/schema.org","@graph":[{"@type":"WebPage","@id":"https:\/\/graphimarket.com\/fr\/product\/digital-film-supply-action-bundle\/","url":"https:\/\/graphimarket.com\/fr\/product\/digital-film-supply-action-bundle\/","name":"Digital Film Supply Action Bundle - Graphimarket","isPartOf":{"@id":"https:\/\/graphimarket.com\/fr\/#website"},"primaryImageOfPage":{"@id":"https:\/\/graphimarket.com\/fr\/product\/digital-film-supply-action-bundle\/#primaryimage"},"image":{"@id":"https:\/\/graphimarket.com\/fr\/product\/digital-film-supply-action-bundle\/#primaryimage"},"thumbnailUrl":"https:\/\/graphimarket.com\/wp-content\/uploads\/2020\/10\/09f7f932-4d9d-4109-9a9c-26c3cdf7da8e.jpg","datePublished":"2020-10-16T08:39:39+00:00","dateModified":"2026-04-08T21:12:35+00:00","description":"Digital Film Supply is a series of High-End Photoshop Actions (74 Total) inspired by film photography and high quality presets like VSCO...","breadcrumb":{"@id":"https:\/\/graphimarket.com\/fr\/product\/digital-film-supply-action-bundle\/#breadcrumb"},"inLanguage":"fr-FR","potentialAction":[{"@type":"ReadAction","target":["https:\/\/graphimarket.com\/fr\/product\/digital-film-supply-action-bundle\/"]}]},{"@type":"ImageObject","inLanguage":"fr-FR","@id":"https:\/\/graphimarket.com\/fr\/product\/digital-film-supply-action-bundle\/#primaryimage","url":"https:\/\/graphimarket.com\/wp-content\/uploads\/2020\/10\/09f7f932-4d9d-4109-9a9c-26c3cdf7da8e.jpg","contentUrl":"https:\/\/graphimarket.com\/wp-content\/uploads\/2020\/10\/09f7f932-4d9d-4109-9a9c-26c3cdf7da8e.jpg","width":866,"height":577},{"@type":"BreadcrumbList","@id":"https:\/\/graphimarket.com\/fr\/product\/digital-film-supply-action-bundle\/#breadcrumb","itemListElement":[{"@type":"ListItem","position":1,"name":"Home","item":"https:\/\/graphimarket.com\/es\/"},{"@type":"ListItem","position":2,"name":"Store","item":"https:\/\/graphimarket.com\/store\/"},{"@type":"ListItem","position":3,"name":"Digital Film Supply Action Bundle"}]},{"@type":"WebSite","@id":"https:\/\/graphimarket.com\/fr\/#website","url":"https:\/\/graphimarket.com\/fr\/","name":"Graphimarket","description":"Trouvez l&#039;atout cr\u00e9atif parfait pour donner vie \u00e0 votre projet","publisher":{"@id":"https:\/\/graphimarket.com\/fr\/#organization"},"potentialAction":[{"@type":"SearchAction","target":{"@type":"EntryPoint","urlTemplate":"https:\/\/graphimarket.com\/fr\/?s={search_term_string}"},"query-input":{"@type":"PropertyValueSpecification","valueRequired":true,"valueName":"search_term_string"}}],"inLanguage":"fr-FR"},{"@type":"Organization","@id":"https:\/\/graphimarket.com\/fr\/#organization","name":"Graphimarket","url":"https:\/\/graphimarket.com\/fr\/","logo":{"@type":"ImageObject","inLanguage":"fr-FR","@id":"https:\/\/graphimarket.com\/fr\/#\/schema\/logo\/image\/","url":"https:\/\/graphimarket.com\/wp-content\/uploads\/2020\/08\/logo-48.png","contentUrl":"https:\/\/graphimarket.com\/wp-content\/uploads\/2020\/08\/logo-48.png","width":132,"height":48,"caption":"Graphimarket"},"image":{"@id":"https:\/\/graphimarket.com\/fr\/#\/schema\/logo\/image\/"}}]}},"_links":{"self":[{"href":"http:\/\/graphimarket.com\/fr\/wp-json\/wp\/v2\/product\/12695","targetHints":{"allow":["GET"]}}],"collection":[{"href":"http:\/\/graphimarket.com\/fr\/wp-json\/wp\/v2\/product"}],"about":[{"href":"http:\/\/graphimarket.com\/fr\/wp-json\/wp\/v2\/types\/product"}],"replies":[{"embeddable":true,"href":"http:\/\/graphimarket.com\/fr\/wp-json\/wp\/v2\/comments?post=12695"}],"version-history":[{"count":0,"href":"http:\/\/graphimarket.com\/fr\/wp-json\/wp\/v2\/product\/12695\/revisions"}],"wp:featuredmedia":[{"embeddable":true,"href":"http:\/\/graphimarket.com\/fr\/wp-json\/wp\/v2\/media\/12696"}],"wp:attachment":[{"href":"http:\/\/graphimarket.com\/fr\/wp-json\/wp\/v2\/media?parent=12695"}],"wp:term":[{"taxonomy":"product_brand","embeddable":true,"href":"http:\/\/graphimarket.com\/fr\/wp-json\/wp\/v2\/product_brand?post=12695"},{"taxonomy":"product_cat","embeddable":true,"href":"http:\/\/graphimarket.com\/fr\/wp-json\/wp\/v2\/product_cat?post=12695"},{"taxonomy":"product_tag","embeddable":true,"href":"http:\/\/graphimarket.com\/fr\/wp-json\/wp\/v2\/product_tag?post=12695"}],"curies":[{"name":"wp","href":"https:\/\/api.w.org\/{rel}","templated":true}]}}