{"id":15171,"date":"2021-01-14T15:00:28","date_gmt":"2021-01-14T14:00:28","guid":{"rendered":"https:\/\/graphimarket.com\/?post_type=product&#038;p=15171"},"modified":"2022-12-19T09:06:44","modified_gmt":"2022-12-19T08:06:44","slug":"christmas-2-photoshop-action","status":"publish","type":"product","link":"http:\/\/graphimarket.com\/fr\/product\/christmas-2-photoshop-action\/","title":{"rendered":"Action Photoshop No\u00ebl 2"},"content":{"rendered":"<h1><strong>Action de No\u00ebl 2<\/strong>\u00a0\u2013<\/h1>\n<p><strong>Action de No\u00ebl 2<\/strong>\u00a0- c&#039;est une deuxi\u00e8me version du grand effet de No\u00ebl et du Nouvel An, qui ajoute \u00e0 votre photo des lumi\u00e8res color\u00e9es lumineuses, des aquarelles, de nombreux flocons de neige et plus encore. Parfait pour les cartes de v\u0153ux ou simplement pour ajouter l&#039;esprit de No\u00ebl sur n&#039;importe quelle photo.<\/p>\n<p>Cette action a \u00e9t\u00e9 cr\u00e9\u00e9e et optimis\u00e9e pour une utilisation sur Photoshop CS3, CS4, CS5, CS6, CC et UNIQUEMENT POUR LA VERSION ANGLAISE DE PHOTOSHOP. Besoin de changer la langue de votre version?\u00a0<a href=\"https:\/\/graphimarket.com\/fr\/2021\/01\/12\/guide-how-to-change-language-on-adobe-cc-to-english\/\" target=\"_blank\" rel=\"noopener\">REGARDER ICI<\/a><\/p>\n<p>&nbsp;<\/p>\n<p><a href=\"https:\/\/www.youtube.com\/watch?v=a4Ao0g2hzX8\" target=\"_blank\" rel=\"noopener\">Didacticiel<\/a><\/p>\n<h2 id=\"item-description__how-to-configure-photoshop-to-work-with-actions\">Comment configurer Photoshop pour qu&#039;il fonctionne avec des actions.<\/h2>\n<p><strong>1. Assurez-vous que vous utilisez la version anglaise de Photoshop.<\/strong>\u00a0Chaque action a \u00e9t\u00e9 cr\u00e9\u00e9e et optimis\u00e9e pour fonctionner uniquement avec la version anglaise de Photoshop, veuillez donc vous assurer que vous utilisez cette version. Sinon, ne vous inqui\u00e9tez pas: vous pouvez changer la langue de votre version de Photoshop en anglais (et revenir en arri\u00e8re) en utilisant\u00a0<a href=\"https:\/\/graphimarket.com\/fr\/2021\/01\/12\/guide-how-to-change-language-on-adobe-cc-to-english\/\" target=\"_blank\" rel=\"noopener\">cette m\u00e9thode<\/a><\/p>\n<p><strong>2. Utilisez le mode RVB et la couleur 8 bits.<\/strong>\u00a0Pour v\u00e9rifier ces param\u00e8tres, allez dans Image-&gt; Mode et v\u00e9rifiez la \u00abCouleur RVB\u00bb et \u00ab8 Bits \/ Canal\u00bb.<\/p>\n<p><strong>3. Assurez-vous que l&#039;option \u00abAjouter une\u00ab copie \u00bbaux calques et groupes copi\u00e9s\u00bb est activ\u00e9e.<\/strong>\u00a0Cette option s&#039;applique uniquement \u00e0 CS5 et aux versions ult\u00e9rieures de Photoshop. Dans le panneau \u00abCALQUES\u00bb, cliquez sur l&#039;ic\u00f4ne de menu, allez dans \u00abOptions du panneau\u2026\u00bb et v\u00e9rifiez que l&#039;option \u00abAjouter une\u00ab copie \u00bbaux couches et groupes copi\u00e9s\u00bb est activ\u00e9e.<\/p>\n<p><strong>4. Utilisez une photo de 72 dpi ou plus.<\/strong>\u00a0Si vous utilisez une photo avec moins de 72 dpi, l&#039;action ne fonctionnera pas correctement. Pour r\u00e9soudre ce probl\u00e8me, allez dans Image-&gt; Taille de l&#039;image et augmentez la valeur de r\u00e9solution.<\/p>\n<p><strong>5. D\u00e9finissez l&#039;opacit\u00e9 du pinceau sur 100%.<\/strong>\u00a0D\u00e9finissez l&#039;opacit\u00e9 du pinceau sur 100%. S\u00e9lectionnez l &#039;\u00abOutil Pinceau\u00bb et d\u00e9placez le curseur d&#039;opacit\u00e9 sur 100%.<\/p>\n<p><img fetchpriority=\"high\" decoding=\"async\" class=\"alignnone size-full wp-image-15172\" src=\"https:\/\/graphimarket.com\/wp-content\/uploads\/2021\/01\/6-2.jpg\" alt=\"\" width=\"1170\" height=\"780\" srcset=\"https:\/\/graphimarket.com\/wp-content\/uploads\/2021\/01\/6-2.jpg 1170w, https:\/\/graphimarket.com\/wp-content\/uploads\/2021\/01\/6-2-300x200.jpg 300w, https:\/\/graphimarket.com\/wp-content\/uploads\/2021\/01\/6-2-1024x683.jpg 1024w, https:\/\/graphimarket.com\/wp-content\/uploads\/2021\/01\/6-2-768x512.jpg 768w, https:\/\/graphimarket.com\/wp-content\/uploads\/2021\/01\/6-2-16x12.jpg 16w, https:\/\/graphimarket.com\/wp-content\/uploads\/2021\/01\/6-2-600x400.jpg 600w\" sizes=\"(max-width: 1170px) 100vw, 1170px\" \/><\/p>\n<p><img decoding=\"async\" class=\"alignnone size-full wp-image-15173\" src=\"https:\/\/graphimarket.com\/wp-content\/uploads\/2021\/01\/7-1.jpg\" alt=\"\" width=\"1170\" height=\"780\" srcset=\"https:\/\/graphimarket.com\/wp-content\/uploads\/2021\/01\/7-1.jpg 1170w, https:\/\/graphimarket.com\/wp-content\/uploads\/2021\/01\/7-1-300x200.jpg 300w, https:\/\/graphimarket.com\/wp-content\/uploads\/2021\/01\/7-1-1024x683.jpg 1024w, https:\/\/graphimarket.com\/wp-content\/uploads\/2021\/01\/7-1-768x512.jpg 768w, https:\/\/graphimarket.com\/wp-content\/uploads\/2021\/01\/7-1-16x12.jpg 16w, https:\/\/graphimarket.com\/wp-content\/uploads\/2021\/01\/7-1-600x400.jpg 600w\" sizes=\"(max-width: 1170px) 100vw, 1170px\" \/><\/p>\n<p><img decoding=\"async\" class=\"alignnone size-full wp-image-15174\" src=\"https:\/\/graphimarket.com\/wp-content\/uploads\/2021\/01\/10-6.jpg\" alt=\"\" width=\"1170\" height=\"780\" srcset=\"https:\/\/graphimarket.com\/wp-content\/uploads\/2021\/01\/10-6.jpg 1170w, https:\/\/graphimarket.com\/wp-content\/uploads\/2021\/01\/10-6-300x200.jpg 300w, https:\/\/graphimarket.com\/wp-content\/uploads\/2021\/01\/10-6-1024x683.jpg 1024w, https:\/\/graphimarket.com\/wp-content\/uploads\/2021\/01\/10-6-768x512.jpg 768w, https:\/\/graphimarket.com\/wp-content\/uploads\/2021\/01\/10-6-16x12.jpg 16w, https:\/\/graphimarket.com\/wp-content\/uploads\/2021\/01\/10-6-600x400.jpg 600w\" sizes=\"(max-width: 1170px) 100vw, 1170px\" \/><\/p>\n<p><img loading=\"lazy\" decoding=\"async\" class=\"alignnone size-full wp-image-15175\" src=\"https:\/\/graphimarket.com\/wp-content\/uploads\/2021\/01\/11-5.jpg\" alt=\"\" width=\"1170\" height=\"780\" srcset=\"https:\/\/graphimarket.com\/wp-content\/uploads\/2021\/01\/11-5.jpg 1170w, https:\/\/graphimarket.com\/wp-content\/uploads\/2021\/01\/11-5-300x200.jpg 300w, https:\/\/graphimarket.com\/wp-content\/uploads\/2021\/01\/11-5-1024x683.jpg 1024w, https:\/\/graphimarket.com\/wp-content\/uploads\/2021\/01\/11-5-768x512.jpg 768w, https:\/\/graphimarket.com\/wp-content\/uploads\/2021\/01\/11-5-16x12.jpg 16w, https:\/\/graphimarket.com\/wp-content\/uploads\/2021\/01\/11-5-600x400.jpg 600w\" sizes=\"(max-width: 1170px) 100vw, 1170px\" \/><\/p>\n<p><img loading=\"lazy\" decoding=\"async\" class=\"alignnone size-full wp-image-15176\" src=\"https:\/\/graphimarket.com\/wp-content\/uploads\/2021\/01\/12-4.jpg\" alt=\"\" width=\"1170\" height=\"780\" srcset=\"https:\/\/graphimarket.com\/wp-content\/uploads\/2021\/01\/12-4.jpg 1170w, https:\/\/graphimarket.com\/wp-content\/uploads\/2021\/01\/12-4-300x200.jpg 300w, https:\/\/graphimarket.com\/wp-content\/uploads\/2021\/01\/12-4-1024x683.jpg 1024w, https:\/\/graphimarket.com\/wp-content\/uploads\/2021\/01\/12-4-768x512.jpg 768w, https:\/\/graphimarket.com\/wp-content\/uploads\/2021\/01\/12-4-16x12.jpg 16w, https:\/\/graphimarket.com\/wp-content\/uploads\/2021\/01\/12-4-600x400.jpg 600w\" sizes=\"(max-width: 1170px) 100vw, 1170px\" \/><\/p>\n<p><img loading=\"lazy\" decoding=\"async\" class=\"alignnone size-full wp-image-15177\" src=\"https:\/\/graphimarket.com\/wp-content\/uploads\/2021\/01\/13-5.jpg\" alt=\"\" width=\"1170\" height=\"780\" srcset=\"https:\/\/graphimarket.com\/wp-content\/uploads\/2021\/01\/13-5.jpg 1170w, https:\/\/graphimarket.com\/wp-content\/uploads\/2021\/01\/13-5-300x200.jpg 300w, https:\/\/graphimarket.com\/wp-content\/uploads\/2021\/01\/13-5-1024x683.jpg 1024w, https:\/\/graphimarket.com\/wp-content\/uploads\/2021\/01\/13-5-768x512.jpg 768w, https:\/\/graphimarket.com\/wp-content\/uploads\/2021\/01\/13-5-16x12.jpg 16w, https:\/\/graphimarket.com\/wp-content\/uploads\/2021\/01\/13-5-600x400.jpg 600w\" sizes=\"(max-width: 1170px) 100vw, 1170px\" \/><\/p>\n<p><img loading=\"lazy\" decoding=\"async\" class=\"alignnone size-full wp-image-15178\" src=\"https:\/\/graphimarket.com\/wp-content\/uploads\/2021\/01\/14-4.jpg\" alt=\"\" width=\"1170\" height=\"780\" srcset=\"https:\/\/graphimarket.com\/wp-content\/uploads\/2021\/01\/14-4.jpg 1170w, https:\/\/graphimarket.com\/wp-content\/uploads\/2021\/01\/14-4-300x200.jpg 300w, https:\/\/graphimarket.com\/wp-content\/uploads\/2021\/01\/14-4-1024x683.jpg 1024w, https:\/\/graphimarket.com\/wp-content\/uploads\/2021\/01\/14-4-768x512.jpg 768w, https:\/\/graphimarket.com\/wp-content\/uploads\/2021\/01\/14-4-16x12.jpg 16w, https:\/\/graphimarket.com\/wp-content\/uploads\/2021\/01\/14-4-600x400.jpg 600w\" sizes=\"(max-width: 1170px) 100vw, 1170px\" \/><\/p>\n<p><img loading=\"lazy\" decoding=\"async\" class=\"alignnone size-full wp-image-15179\" src=\"https:\/\/graphimarket.com\/wp-content\/uploads\/2021\/01\/3-3.jpg\" alt=\"\" width=\"1170\" height=\"780\" srcset=\"https:\/\/graphimarket.com\/wp-content\/uploads\/2021\/01\/3-3.jpg 1170w, https:\/\/graphimarket.com\/wp-content\/uploads\/2021\/01\/3-3-300x200.jpg 300w, https:\/\/graphimarket.com\/wp-content\/uploads\/2021\/01\/3-3-1024x683.jpg 1024w, https:\/\/graphimarket.com\/wp-content\/uploads\/2021\/01\/3-3-768x512.jpg 768w, https:\/\/graphimarket.com\/wp-content\/uploads\/2021\/01\/3-3-16x12.jpg 16w, https:\/\/graphimarket.com\/wp-content\/uploads\/2021\/01\/3-3-600x400.jpg 600w\" sizes=\"(max-width: 1170px) 100vw, 1170px\" \/><\/p>\n<p><img loading=\"lazy\" decoding=\"async\" class=\"alignnone size-full wp-image-15180\" src=\"https:\/\/graphimarket.com\/wp-content\/uploads\/2021\/01\/4-3.jpg\" alt=\"\" width=\"1170\" height=\"780\" srcset=\"https:\/\/graphimarket.com\/wp-content\/uploads\/2021\/01\/4-3.jpg 1170w, https:\/\/graphimarket.com\/wp-content\/uploads\/2021\/01\/4-3-300x200.jpg 300w, https:\/\/graphimarket.com\/wp-content\/uploads\/2021\/01\/4-3-1024x683.jpg 1024w, https:\/\/graphimarket.com\/wp-content\/uploads\/2021\/01\/4-3-768x512.jpg 768w, https:\/\/graphimarket.com\/wp-content\/uploads\/2021\/01\/4-3-16x12.jpg 16w, https:\/\/graphimarket.com\/wp-content\/uploads\/2021\/01\/4-3-600x400.jpg 600w\" sizes=\"(max-width: 1170px) 100vw, 1170px\" \/><\/p>\n<p><img loading=\"lazy\" decoding=\"async\" class=\"alignnone size-full wp-image-15181\" src=\"https:\/\/graphimarket.com\/wp-content\/uploads\/2021\/01\/5-2.jpg\" alt=\"\" width=\"1170\" height=\"780\" srcset=\"https:\/\/graphimarket.com\/wp-content\/uploads\/2021\/01\/5-2.jpg 1170w, https:\/\/graphimarket.com\/wp-content\/uploads\/2021\/01\/5-2-300x200.jpg 300w, https:\/\/graphimarket.com\/wp-content\/uploads\/2021\/01\/5-2-1024x683.jpg 1024w, https:\/\/graphimarket.com\/wp-content\/uploads\/2021\/01\/5-2-768x512.jpg 768w, https:\/\/graphimarket.com\/wp-content\/uploads\/2021\/01\/5-2-16x12.jpg 16w, https:\/\/graphimarket.com\/wp-content\/uploads\/2021\/01\/5-2-600x400.jpg 600w\" sizes=\"(max-width: 1170px) 100vw, 1170px\" \/><\/p>\n<p>&nbsp;<\/p>\n<p>&nbsp;<\/p>","protected":false},"excerpt":{"rendered":"<p>Christmas 2 Action\u00a0\u2013 Christmas 2 Action\u00a0\u2013 it\u2019s a second version of great Christmas and New Year effect, which adds to your photo luminous colored lights, watercolors, many snowflakes and more. Perfect for greeting cards or just for adding Christmas spirit on any photo. This action has been created and optimized for use on Photoshop CS3, [&hellip;]<\/p>\n","protected":false},"featured_media":15172,"comment_status":"open","ping_status":"closed","template":"","meta":{"site-sidebar-layout":"default","site-content-layout":"default","ast-site-content-layout":"default","site-content-style":"default","site-sidebar-style":"default","ast-global-header-display":"","ast-banner-title-visibility":"","ast-main-header-display":"","ast-hfb-above-header-display":"","ast-hfb-below-header-display":"","ast-hfb-mobile-header-display":"","site-post-title":"","ast-breadcrumbs-content":"","ast-featured-img":"","footer-sml-layout":"","ast-disable-related-posts":"","theme-transparent-header-meta":"default","adv-header-id-meta":"","stick-header-meta":"","header-above-stick-meta":"","header-main-stick-meta":"","header-below-stick-meta":"","astra-migrate-meta-layouts":"default","ast-page-background-enabled":"default","ast-page-background-meta":{"desktop":{"background-color":"","background-image":"","background-repeat":"repeat","background-position":"center center","background-size":"auto","background-attachment":"scroll","background-type":"","background-media":"","overlay-type":"","overlay-color":"","overlay-opacity":"","overlay-gradient":""},"tablet":{"background-color":"","background-image":"","background-repeat":"repeat","background-position":"center center","background-size":"auto","background-attachment":"scroll","background-type":"","background-media":"","overlay-type":"","overlay-color":"","overlay-opacity":"","overlay-gradient":""},"mobile":{"background-color":"","background-image":"","background-repeat":"repeat","background-position":"center center","background-size":"auto","background-attachment":"scroll","background-type":"","background-media":"","overlay-type":"","overlay-color":"","overlay-opacity":"","overlay-gradient":""}},"ast-content-background-meta":{"desktop":{"background-color":"var(--ast-global-color-5)","background-image":"","background-repeat":"repeat","background-position":"center center","background-size":"auto","background-attachment":"scroll","background-type":"","background-media":"","overlay-type":"","overlay-color":"","overlay-opacity":"","overlay-gradient":""},"tablet":{"background-color":"var(--ast-global-color-5)","background-image":"","background-repeat":"repeat","background-position":"center center","background-size":"auto","background-attachment":"scroll","background-type":"","background-media":"","overlay-type":"","overlay-color":"","overlay-opacity":"","overlay-gradient":""},"mobile":{"background-color":"var(--ast-global-color-5)","background-image":"","background-repeat":"repeat","background-position":"center center","background-size":"auto","background-attachment":"scroll","background-type":"","background-media":"","overlay-type":"","overlay-color":"","overlay-opacity":"","overlay-gradient":""}}},"product_brand":[],"product_cat":[195,146],"product_tag":[1845,292,681,62],"class_list":{"0":"post-15171","1":"product","2":"type-product","3":"status-publish","4":"has-post-thumbnail","6":"product_cat-photoshop","7":"product_cat-photoshop-action","8":"product_tag-1845","9":"product_tag-action","10":"product_tag-christmas","11":"product_tag-photoshop","12":"desktop-align-left","13":"tablet-align-left","14":"mobile-align-left","16":"first","17":"instock","18":"sale","19":"downloadable","20":"virtual","21":"taxable","22":"purchasable","23":"product-type-simple"},"yoast_head":"<!-- This site is optimized with the Yoast SEO plugin v27.3 - https:\/\/yoast.com\/product\/yoast-seo-wordpress\/ -->\n<title>Christmas 2 Photoshop Action - Graphimarket<\/title>\n<meta name=\"description\" content=\"Christmas 2 Action\u00a0\u2013it\u2019s a second version of great Christmas and New Year effect, which adds to your photo luminous colored lights...\" \/>\n<meta name=\"robots\" content=\"index, follow, max-snippet:-1, max-image-preview:large, max-video-preview:-1\" \/>\n<link rel=\"canonical\" href=\"https:\/\/graphimarket.com\/fr\/product\/christmas-2-photoshop-action\/\" \/>\n<meta property=\"og:locale\" content=\"fr_FR\" \/>\n<meta property=\"og:type\" content=\"article\" \/>\n<meta property=\"og:title\" content=\"Christmas 2 Photoshop Action - Graphimarket\" \/>\n<meta property=\"og:description\" content=\"Christmas 2 Action\u00a0\u2013it\u2019s a second version of great Christmas and New Year effect, which adds to your photo luminous colored lights...\" \/>\n<meta property=\"og:url\" content=\"https:\/\/graphimarket.com\/fr\/product\/christmas-2-photoshop-action\/\" \/>\n<meta property=\"og:site_name\" content=\"Graphimarket\" \/>\n<meta property=\"article:modified_time\" content=\"2022-12-19T08:06:44+00:00\" \/>\n<meta property=\"og:image\" content=\"https:\/\/graphimarket.com\/wp-content\/uploads\/2021\/01\/6-2.jpg\" \/>\n\t<meta property=\"og:image:width\" content=\"1170\" \/>\n\t<meta property=\"og:image:height\" content=\"780\" \/>\n\t<meta property=\"og:image:type\" content=\"image\/jpeg\" \/>\n<meta name=\"twitter:card\" content=\"summary_large_image\" \/>\n<meta name=\"twitter:label1\" content=\"Est. reading time\" \/>\n\t<meta name=\"twitter:data1\" content=\"1 minute\" \/>\n<script type=\"application\/ld+json\" class=\"yoast-schema-graph\">{\"@context\":\"https:\\\/\\\/schema.org\",\"@graph\":[{\"@type\":\"WebPage\",\"@id\":\"https:\\\/\\\/graphimarket.com\\\/es\\\/product\\\/christmas-2-photoshop-action\\\/\",\"url\":\"https:\\\/\\\/graphimarket.com\\\/es\\\/product\\\/christmas-2-photoshop-action\\\/\",\"name\":\"Christmas 2 Photoshop Action - Graphimarket\",\"isPartOf\":{\"@id\":\"https:\\\/\\\/graphimarket.com\\\/fr\\\/#website\"},\"primaryImageOfPage\":{\"@id\":\"https:\\\/\\\/graphimarket.com\\\/es\\\/product\\\/christmas-2-photoshop-action\\\/#primaryimage\"},\"image\":{\"@id\":\"https:\\\/\\\/graphimarket.com\\\/es\\\/product\\\/christmas-2-photoshop-action\\\/#primaryimage\"},\"thumbnailUrl\":\"https:\\\/\\\/graphimarket.com\\\/wp-content\\\/uploads\\\/2021\\\/01\\\/6-2.jpg\",\"datePublished\":\"2021-01-14T14:00:28+00:00\",\"dateModified\":\"2022-12-19T08:06:44+00:00\",\"description\":\"Christmas 2 Action\u00a0\u2013it\u2019s a second version of great Christmas and New Year effect, which adds to your photo luminous colored lights...\",\"breadcrumb\":{\"@id\":\"https:\\\/\\\/graphimarket.com\\\/es\\\/product\\\/christmas-2-photoshop-action\\\/#breadcrumb\"},\"inLanguage\":\"fr-FR\",\"potentialAction\":[{\"@type\":\"ReadAction\",\"target\":[\"https:\\\/\\\/graphimarket.com\\\/es\\\/product\\\/christmas-2-photoshop-action\\\/\"]}]},{\"@type\":\"ImageObject\",\"inLanguage\":\"fr-FR\",\"@id\":\"https:\\\/\\\/graphimarket.com\\\/es\\\/product\\\/christmas-2-photoshop-action\\\/#primaryimage\",\"url\":\"https:\\\/\\\/graphimarket.com\\\/wp-content\\\/uploads\\\/2021\\\/01\\\/6-2.jpg\",\"contentUrl\":\"https:\\\/\\\/graphimarket.com\\\/wp-content\\\/uploads\\\/2021\\\/01\\\/6-2.jpg\",\"width\":1170,\"height\":780},{\"@type\":\"BreadcrumbList\",\"@id\":\"https:\\\/\\\/graphimarket.com\\\/es\\\/product\\\/christmas-2-photoshop-action\\\/#breadcrumb\",\"itemListElement\":[{\"@type\":\"ListItem\",\"position\":1,\"name\":\"Home\",\"item\":\"https:\\\/\\\/graphimarket.com\\\/es\\\/\"},{\"@type\":\"ListItem\",\"position\":2,\"name\":\"Store\",\"item\":\"https:\\\/\\\/graphimarket.com\\\/store\\\/\"},{\"@type\":\"ListItem\",\"position\":3,\"name\":\"Christmas 2 Photoshop Action\"}]},{\"@type\":\"WebSite\",\"@id\":\"https:\\\/\\\/graphimarket.com\\\/fr\\\/#website\",\"url\":\"https:\\\/\\\/graphimarket.com\\\/fr\\\/\",\"name\":\"Graphimarket\",\"description\":\"Find the perfect creative asset to bring your project to life\",\"publisher\":{\"@id\":\"https:\\\/\\\/graphimarket.com\\\/fr\\\/#organization\"},\"potentialAction\":[{\"@type\":\"SearchAction\",\"target\":{\"@type\":\"EntryPoint\",\"urlTemplate\":\"https:\\\/\\\/graphimarket.com\\\/fr\\\/?s={search_term_string}\"},\"query-input\":{\"@type\":\"PropertyValueSpecification\",\"valueRequired\":true,\"valueName\":\"search_term_string\"}}],\"inLanguage\":\"fr-FR\"},{\"@type\":\"Organization\",\"@id\":\"https:\\\/\\\/graphimarket.com\\\/fr\\\/#organization\",\"name\":\"Graphimarket\",\"url\":\"https:\\\/\\\/graphimarket.com\\\/fr\\\/\",\"logo\":{\"@type\":\"ImageObject\",\"inLanguage\":\"fr-FR\",\"@id\":\"https:\\\/\\\/graphimarket.com\\\/fr\\\/#\\\/schema\\\/logo\\\/image\\\/\",\"url\":\"https:\\\/\\\/graphimarket.com\\\/wp-content\\\/uploads\\\/2020\\\/08\\\/logo-48.png\",\"contentUrl\":\"https:\\\/\\\/graphimarket.com\\\/wp-content\\\/uploads\\\/2020\\\/08\\\/logo-48.png\",\"width\":132,\"height\":48,\"caption\":\"Graphimarket\"},\"image\":{\"@id\":\"https:\\\/\\\/graphimarket.com\\\/fr\\\/#\\\/schema\\\/logo\\\/image\\\/\"}}]}<\/script>\n<!-- \/ Yoast SEO plugin. -->","yoast_head_json":{"title":"No\u00ebl 2 Photoshop Action - Graphimarket","description":"Christmas 2 Action -c&#039;est une deuxi\u00e8me version du grand effet de No\u00ebl et du Nouvel An, qui ajoute \u00e0 votre photo des lumi\u00e8res color\u00e9es lumineuses...","robots":{"index":"index","follow":"follow","max-snippet":"max-snippet:-1","max-image-preview":"max-image-preview:large","max-video-preview":"max-video-preview:-1"},"canonical":"https:\/\/graphimarket.com\/fr\/product\/christmas-2-photoshop-action\/","og_locale":"fr_FR","og_type":"article","og_title":"Christmas 2 Photoshop Action - Graphimarket","og_description":"Christmas 2 Action\u00a0\u2013it\u2019s a second version of great Christmas and New Year effect, which adds to your photo luminous colored lights...","og_url":"https:\/\/graphimarket.com\/fr\/product\/christmas-2-photoshop-action\/","og_site_name":"Graphimarket","article_modified_time":"2022-12-19T08:06:44+00:00","og_image":[{"width":1170,"height":780,"url":"https:\/\/graphimarket.com\/wp-content\/uploads\/2021\/01\/6-2.jpg","type":"image\/jpeg"}],"twitter_card":"summary_large_image","twitter_misc":{"Est. reading time":"1 minute"},"schema":{"@context":"https:\/\/schema.org","@graph":[{"@type":"WebPage","@id":"https:\/\/graphimarket.com\/es\/product\/christmas-2-photoshop-action\/","url":"https:\/\/graphimarket.com\/es\/product\/christmas-2-photoshop-action\/","name":"No\u00ebl 2 Photoshop Action - Graphimarket","isPartOf":{"@id":"https:\/\/graphimarket.com\/fr\/#website"},"primaryImageOfPage":{"@id":"https:\/\/graphimarket.com\/es\/product\/christmas-2-photoshop-action\/#primaryimage"},"image":{"@id":"https:\/\/graphimarket.com\/es\/product\/christmas-2-photoshop-action\/#primaryimage"},"thumbnailUrl":"https:\/\/graphimarket.com\/wp-content\/uploads\/2021\/01\/6-2.jpg","datePublished":"2021-01-14T14:00:28+00:00","dateModified":"2022-12-19T08:06:44+00:00","description":"Christmas 2 Action -c&#039;est une deuxi\u00e8me version du grand effet de No\u00ebl et du Nouvel An, qui ajoute \u00e0 votre photo des lumi\u00e8res color\u00e9es lumineuses...","breadcrumb":{"@id":"https:\/\/graphimarket.com\/es\/product\/christmas-2-photoshop-action\/#breadcrumb"},"inLanguage":"fr-FR","potentialAction":[{"@type":"ReadAction","target":["https:\/\/graphimarket.com\/es\/product\/christmas-2-photoshop-action\/"]}]},{"@type":"ImageObject","inLanguage":"fr-FR","@id":"https:\/\/graphimarket.com\/es\/product\/christmas-2-photoshop-action\/#primaryimage","url":"https:\/\/graphimarket.com\/wp-content\/uploads\/2021\/01\/6-2.jpg","contentUrl":"https:\/\/graphimarket.com\/wp-content\/uploads\/2021\/01\/6-2.jpg","width":1170,"height":780},{"@type":"BreadcrumbList","@id":"https:\/\/graphimarket.com\/es\/product\/christmas-2-photoshop-action\/#breadcrumb","itemListElement":[{"@type":"ListItem","position":1,"name":"Home","item":"https:\/\/graphimarket.com\/es\/"},{"@type":"ListItem","position":2,"name":"Store","item":"https:\/\/graphimarket.com\/store\/"},{"@type":"ListItem","position":3,"name":"Christmas 2 Photoshop Action"}]},{"@type":"WebSite","@id":"https:\/\/graphimarket.com\/fr\/#website","url":"https:\/\/graphimarket.com\/fr\/","name":"Graphimarket","description":"Trouvez l&#039;atout cr\u00e9atif parfait pour donner vie \u00e0 votre projet","publisher":{"@id":"https:\/\/graphimarket.com\/fr\/#organization"},"potentialAction":[{"@type":"SearchAction","target":{"@type":"EntryPoint","urlTemplate":"https:\/\/graphimarket.com\/fr\/?s={search_term_string}"},"query-input":{"@type":"PropertyValueSpecification","valueRequired":true,"valueName":"search_term_string"}}],"inLanguage":"fr-FR"},{"@type":"Organization","@id":"https:\/\/graphimarket.com\/fr\/#organization","name":"Graphimarket","url":"https:\/\/graphimarket.com\/fr\/","logo":{"@type":"ImageObject","inLanguage":"fr-FR","@id":"https:\/\/graphimarket.com\/fr\/#\/schema\/logo\/image\/","url":"https:\/\/graphimarket.com\/wp-content\/uploads\/2020\/08\/logo-48.png","contentUrl":"https:\/\/graphimarket.com\/wp-content\/uploads\/2020\/08\/logo-48.png","width":132,"height":48,"caption":"Graphimarket"},"image":{"@id":"https:\/\/graphimarket.com\/fr\/#\/schema\/logo\/image\/"}}]}},"_links":{"self":[{"href":"http:\/\/graphimarket.com\/fr\/wp-json\/wp\/v2\/product\/15171","targetHints":{"allow":["GET"]}}],"collection":[{"href":"http:\/\/graphimarket.com\/fr\/wp-json\/wp\/v2\/product"}],"about":[{"href":"http:\/\/graphimarket.com\/fr\/wp-json\/wp\/v2\/types\/product"}],"replies":[{"embeddable":true,"href":"http:\/\/graphimarket.com\/fr\/wp-json\/wp\/v2\/comments?post=15171"}],"version-history":[{"count":0,"href":"http:\/\/graphimarket.com\/fr\/wp-json\/wp\/v2\/product\/15171\/revisions"}],"wp:featuredmedia":[{"embeddable":true,"href":"http:\/\/graphimarket.com\/fr\/wp-json\/wp\/v2\/media\/15172"}],"wp:attachment":[{"href":"http:\/\/graphimarket.com\/fr\/wp-json\/wp\/v2\/media?parent=15171"}],"wp:term":[{"taxonomy":"product_brand","embeddable":true,"href":"http:\/\/graphimarket.com\/fr\/wp-json\/wp\/v2\/product_brand?post=15171"},{"taxonomy":"product_cat","embeddable":true,"href":"http:\/\/graphimarket.com\/fr\/wp-json\/wp\/v2\/product_cat?post=15171"},{"taxonomy":"product_tag","embeddable":true,"href":"http:\/\/graphimarket.com\/fr\/wp-json\/wp\/v2\/product_tag?post=15171"}],"curies":[{"name":"wp","href":"https:\/\/api.w.org\/{rel}","templated":true}]}}