{"id":15666,"date":"2021-01-29T16:34:33","date_gmt":"2021-01-29T15:34:33","guid":{"rendered":"https:\/\/graphimarket.com\/?post_type=product&#038;p=15666"},"modified":"2021-01-29T16:36:50","modified_gmt":"2021-01-29T15:36:50","slug":"lively-photoshop-action","status":"publish","type":"product","link":"http:\/\/graphimarket.com\/fr\/product\/lively-photoshop-action\/","title":{"rendered":"Action Photoshop anim\u00e9e"},"content":{"rendered":"<h2 id=\"item-description__lively-photoshop-action\">Action Photoshop anim\u00e9e<\/h2>\n<p><strong>Cr\u00e9ez des designs artistiques tr\u00e8s d\u00e9taill\u00e9s avec cette action!<\/strong><\/p>\n<p>L&#039;action a \u00e9t\u00e9 test\u00e9e et fonctionne dans Photoshop (version anglaise) CS3, CS4, CS5, CS6, CC, CC 2015.5, CC 2017, CC 2018, CC 2019+. Il est recommand\u00e9 d&#039;utiliser cette action sur les photos entre 1 200 et 3 000 pixels de hauteur \/ largeur.<\/p>\n<p><a href=\"https:\/\/www.youtube.com\/watch?v=g5BSXbPCf0c\" target=\"_blank\" rel=\"noopener\">DIDACTICIEL<\/a><\/p>\n<p><strong>Important \u00e0 savoir<\/strong><\/p>\n<ul>\n<li>Assurez-vous que vous utilisez le\u00a0<a href=\"https:\/\/graphimarket.com\/fr\/2021\/01\/12\/change-the-language-of-your-creative-cloud-apps\/\" target=\"_blank\" rel=\"noopener\">Version anglaise de Photoshop<\/a>\u00a0pour ex\u00e9cuter l&#039;action sur. Toutes les actions Sevenstyles ne fonctionneront que dans la version anglaise de Photoshop.<\/li>\n<li>V\u00e9rifiez que vous utilisez une version de Photoshop prise en charge par l&#039;action.<\/li>\n<\/ul>\n<ul>\n<li>Regardez le didacticiel vid\u00e9o pour vous assurer que la configuration de votre fichier Photoshop est correcte. Un lien vers le tutoriel est \u00e9galement inclus dans le fichier \u00abReadme.txt\u00bb du t\u00e9l\u00e9chargement. Vous pouvez voir tous mes tutoriels d&#039;action\u00a0<a href=\"https:\/\/www.youtube.com\/channel\/UCKEi03PoXGSHAzP8u-c4dwQ\" rel=\"nofollow\">ici<\/a>.<\/li>\n<\/ul>\n<ul>\n<li>Utilisez des photos haute r\u00e9solution avec l&#039;action pour obtenir les meilleurs r\u00e9sultats et \u00e9viter les erreurs. Une r\u00e9solution photo optimale se situe entre 2000px et 4500px.<\/li>\n<\/ul>\n<ul>\n<li>Avec Adobe Creative Cloud, vous pouvez installer\u00a0<a href=\"https:\/\/graphimarket.com\/fr\/2021\/01\/12\/how-to-install-previous-versions-of-your-creative-cloud-apps\/\" target=\"_blank\" rel=\"noopener\">plusieurs versions de Photoshop<\/a>. Si vous aimez cette action mais n&#039;est pas prise en charge par votre version de Photoshop, vous pouvez toujours installer une version suppl\u00e9mentaire de Photoshop sur laquelle ex\u00e9cuter l&#039;action. Une fois qu&#039;une action a \u00e9t\u00e9 test\u00e9e et travaille sur une version de Photoshop, elle fonctionnera pour toujours.<\/li>\n<\/ul>\n<ul>\n<li>Utilisez des images Jpeg pour ex\u00e9cuter l&#039;action. D&#039;autres types de fichiers tels que TIFF, BMP, PNG, PSD peuvent causer des probl\u00e8mes avec les actions, car Photoshop d\u00e9sactive diverses fonctionnalit\u00e9s pour diff\u00e9rents types de fichiers.<\/li>\n<\/ul>\n<ul>\n<li>Si une action Sevenstyles inclut un fichier de pinceau (.abr), de motif (.pat) ou de formes (.csh) dans le t\u00e9l\u00e9chargement, elle doit \u00eatre charg\u00e9e dans Photoshop avant de lancer l&#039;action.<\/li>\n<\/ul>\n<ul>\n<li>\u00c9vitez d&#039;utiliser l&#039;action sur des logos ou des images de style clipart car le manque de d\u00e9tails et le contraste des couleurs peuvent entra\u00eener des erreurs.<\/li>\n<\/ul>\n<p><img fetchpriority=\"high\" decoding=\"async\" class=\"alignnone size-full wp-image-15668\" src=\"https:\/\/graphimarket.com\/wp-content\/uploads\/2021\/01\/13a-2.jpg\" alt=\"\" width=\"1540\" height=\"1140\" srcset=\"https:\/\/graphimarket.com\/wp-content\/uploads\/2021\/01\/13a-2.jpg 1540w, https:\/\/graphimarket.com\/wp-content\/uploads\/2021\/01\/13a-2-300x222.jpg 300w, https:\/\/graphimarket.com\/wp-content\/uploads\/2021\/01\/13a-2-1024x758.jpg 1024w, https:\/\/graphimarket.com\/wp-content\/uploads\/2021\/01\/13a-2-768x569.jpg 768w, https:\/\/graphimarket.com\/wp-content\/uploads\/2021\/01\/13a-2-1536x1137.jpg 1536w, https:\/\/graphimarket.com\/wp-content\/uploads\/2021\/01\/13a-2-16x12.jpg 16w, https:\/\/graphimarket.com\/wp-content\/uploads\/2021\/01\/13a-2-1320x977.jpg 1320w, https:\/\/graphimarket.com\/wp-content\/uploads\/2021\/01\/13a-2-600x444.jpg 600w\" sizes=\"(max-width: 1540px) 100vw, 1540px\" \/><\/p>\n<p><img decoding=\"async\" class=\"alignnone size-full wp-image-15669\" src=\"https:\/\/graphimarket.com\/wp-content\/uploads\/2021\/01\/13b_worked.jpg\" alt=\"\" width=\"1540\" height=\"1140\" srcset=\"https:\/\/graphimarket.com\/wp-content\/uploads\/2021\/01\/13b_worked.jpg 1540w, https:\/\/graphimarket.com\/wp-content\/uploads\/2021\/01\/13b_worked-300x222.jpg 300w, https:\/\/graphimarket.com\/wp-content\/uploads\/2021\/01\/13b_worked-1024x758.jpg 1024w, https:\/\/graphimarket.com\/wp-content\/uploads\/2021\/01\/13b_worked-768x569.jpg 768w, https:\/\/graphimarket.com\/wp-content\/uploads\/2021\/01\/13b_worked-1536x1137.jpg 1536w, https:\/\/graphimarket.com\/wp-content\/uploads\/2021\/01\/13b_worked-16x12.jpg 16w, https:\/\/graphimarket.com\/wp-content\/uploads\/2021\/01\/13b_worked-1320x977.jpg 1320w, https:\/\/graphimarket.com\/wp-content\/uploads\/2021\/01\/13b_worked-600x444.jpg 600w\" sizes=\"(max-width: 1540px) 100vw, 1540px\" \/><\/p>\n<p><img decoding=\"async\" class=\"alignnone size-full wp-image-15670\" src=\"https:\/\/graphimarket.com\/wp-content\/uploads\/2021\/01\/13c_worked.jpg\" alt=\"\" width=\"1540\" height=\"1140\" srcset=\"https:\/\/graphimarket.com\/wp-content\/uploads\/2021\/01\/13c_worked.jpg 1540w, https:\/\/graphimarket.com\/wp-content\/uploads\/2021\/01\/13c_worked-300x222.jpg 300w, https:\/\/graphimarket.com\/wp-content\/uploads\/2021\/01\/13c_worked-1024x758.jpg 1024w, https:\/\/graphimarket.com\/wp-content\/uploads\/2021\/01\/13c_worked-768x569.jpg 768w, https:\/\/graphimarket.com\/wp-content\/uploads\/2021\/01\/13c_worked-1536x1137.jpg 1536w, https:\/\/graphimarket.com\/wp-content\/uploads\/2021\/01\/13c_worked-16x12.jpg 16w, https:\/\/graphimarket.com\/wp-content\/uploads\/2021\/01\/13c_worked-1320x977.jpg 1320w, https:\/\/graphimarket.com\/wp-content\/uploads\/2021\/01\/13c_worked-600x444.jpg 600w\" sizes=\"(max-width: 1540px) 100vw, 1540px\" \/><\/p>\n<p><img loading=\"lazy\" decoding=\"async\" class=\"alignnone size-full wp-image-15671\" src=\"https:\/\/graphimarket.com\/wp-content\/uploads\/2021\/01\/14_worked.jpg\" alt=\"\" width=\"1097\" height=\"1511\" srcset=\"https:\/\/graphimarket.com\/wp-content\/uploads\/2021\/01\/14_worked.jpg 1097w, https:\/\/graphimarket.com\/wp-content\/uploads\/2021\/01\/14_worked-218x300.jpg 218w, https:\/\/graphimarket.com\/wp-content\/uploads\/2021\/01\/14_worked-743x1024.jpg 743w, https:\/\/graphimarket.com\/wp-content\/uploads\/2021\/01\/14_worked-768x1058.jpg 768w, https:\/\/graphimarket.com\/wp-content\/uploads\/2021\/01\/14_worked-9x12.jpg 9w, https:\/\/graphimarket.com\/wp-content\/uploads\/2021\/01\/14_worked-600x826.jpg 600w\" sizes=\"(max-width: 1097px) 100vw, 1097px\" \/><\/p>\n<p><img loading=\"lazy\" decoding=\"async\" class=\"alignnone size-full wp-image-15672\" src=\"https:\/\/graphimarket.com\/wp-content\/uploads\/2021\/01\/16a-2.jpg\" alt=\"\" width=\"1179\" height=\"1486\" srcset=\"https:\/\/graphimarket.com\/wp-content\/uploads\/2021\/01\/16a-2.jpg 1179w, https:\/\/graphimarket.com\/wp-content\/uploads\/2021\/01\/16a-2-238x300.jpg 238w, https:\/\/graphimarket.com\/wp-content\/uploads\/2021\/01\/16a-2-812x1024.jpg 812w, https:\/\/graphimarket.com\/wp-content\/uploads\/2021\/01\/16a-2-768x968.jpg 768w, https:\/\/graphimarket.com\/wp-content\/uploads\/2021\/01\/16a-2-10x12.jpg 10w, https:\/\/graphimarket.com\/wp-content\/uploads\/2021\/01\/16a-2-600x756.jpg 600w\" sizes=\"(max-width: 1179px) 100vw, 1179px\" \/><\/p>\n<p><img loading=\"lazy\" decoding=\"async\" class=\"alignnone size-full wp-image-15673\" src=\"https:\/\/graphimarket.com\/wp-content\/uploads\/2021\/01\/16G.jpg\" alt=\"\" width=\"1179\" height=\"1486\" srcset=\"https:\/\/graphimarket.com\/wp-content\/uploads\/2021\/01\/16G.jpg 1179w, https:\/\/graphimarket.com\/wp-content\/uploads\/2021\/01\/16G-238x300.jpg 238w, https:\/\/graphimarket.com\/wp-content\/uploads\/2021\/01\/16G-812x1024.jpg 812w, https:\/\/graphimarket.com\/wp-content\/uploads\/2021\/01\/16G-768x968.jpg 768w, https:\/\/graphimarket.com\/wp-content\/uploads\/2021\/01\/16G-10x12.jpg 10w, https:\/\/graphimarket.com\/wp-content\/uploads\/2021\/01\/16G-600x756.jpg 600w\" sizes=\"(max-width: 1179px) 100vw, 1179px\" \/><\/p>\n<p><img loading=\"lazy\" decoding=\"async\" class=\"alignnone size-full wp-image-15674\" src=\"https:\/\/graphimarket.com\/wp-content\/uploads\/2021\/01\/1-7.jpg\" alt=\"\" width=\"1540\" height=\"1140\" srcset=\"https:\/\/graphimarket.com\/wp-content\/uploads\/2021\/01\/1-7.jpg 1540w, https:\/\/graphimarket.com\/wp-content\/uploads\/2021\/01\/1-7-300x222.jpg 300w, https:\/\/graphimarket.com\/wp-content\/uploads\/2021\/01\/1-7-1024x758.jpg 1024w, https:\/\/graphimarket.com\/wp-content\/uploads\/2021\/01\/1-7-768x569.jpg 768w, https:\/\/graphimarket.com\/wp-content\/uploads\/2021\/01\/1-7-1536x1137.jpg 1536w, https:\/\/graphimarket.com\/wp-content\/uploads\/2021\/01\/1-7-16x12.jpg 16w, https:\/\/graphimarket.com\/wp-content\/uploads\/2021\/01\/1-7-1320x977.jpg 1320w, https:\/\/graphimarket.com\/wp-content\/uploads\/2021\/01\/1-7-600x444.jpg 600w\" sizes=\"(max-width: 1540px) 100vw, 1540px\" \/><\/p>\n<p><img loading=\"lazy\" decoding=\"async\" class=\"alignnone size-full wp-image-15675\" src=\"https:\/\/graphimarket.com\/wp-content\/uploads\/2021\/01\/10_worked.jpg\" alt=\"\" width=\"2205\" height=\"2282\" srcset=\"https:\/\/graphimarket.com\/wp-content\/uploads\/2021\/01\/10_worked.jpg 2205w, https:\/\/graphimarket.com\/wp-content\/uploads\/2021\/01\/10_worked-290x300.jpg 290w, https:\/\/graphimarket.com\/wp-content\/uploads\/2021\/01\/10_worked-989x1024.jpg 989w, https:\/\/graphimarket.com\/wp-content\/uploads\/2021\/01\/10_worked-768x795.jpg 768w, https:\/\/graphimarket.com\/wp-content\/uploads\/2021\/01\/10_worked-1484x1536.jpg 1484w, https:\/\/graphimarket.com\/wp-content\/uploads\/2021\/01\/10_worked-1979x2048.jpg 1979w, https:\/\/graphimarket.com\/wp-content\/uploads\/2021\/01\/10_worked-12x12.jpg 12w, https:\/\/graphimarket.com\/wp-content\/uploads\/2021\/01\/10_worked-1320x1366.jpg 1320w, https:\/\/graphimarket.com\/wp-content\/uploads\/2021\/01\/10_worked-600x621.jpg 600w\" sizes=\"(max-width: 2205px) 100vw, 2205px\" \/><\/p>\n<p><img loading=\"lazy\" decoding=\"async\" class=\"alignnone size-full wp-image-15676\" src=\"https:\/\/graphimarket.com\/wp-content\/uploads\/2021\/01\/11_worked.jpg\" alt=\"\" width=\"1141\" height=\"1399\" srcset=\"https:\/\/graphimarket.com\/wp-content\/uploads\/2021\/01\/11_worked.jpg 1141w, https:\/\/graphimarket.com\/wp-content\/uploads\/2021\/01\/11_worked-245x300.jpg 245w, https:\/\/graphimarket.com\/wp-content\/uploads\/2021\/01\/11_worked-835x1024.jpg 835w, https:\/\/graphimarket.com\/wp-content\/uploads\/2021\/01\/11_worked-768x942.jpg 768w, https:\/\/graphimarket.com\/wp-content\/uploads\/2021\/01\/11_worked-10x12.jpg 10w, https:\/\/graphimarket.com\/wp-content\/uploads\/2021\/01\/11_worked-600x736.jpg 600w\" sizes=\"(max-width: 1141px) 100vw, 1141px\" \/><\/p>\n<p><img loading=\"lazy\" decoding=\"async\" class=\"alignnone size-full wp-image-15677\" src=\"https:\/\/graphimarket.com\/wp-content\/uploads\/2021\/01\/12_worked.jpg\" alt=\"\" width=\"1236\" height=\"1413\" srcset=\"https:\/\/graphimarket.com\/wp-content\/uploads\/2021\/01\/12_worked.jpg 1236w, https:\/\/graphimarket.com\/wp-content\/uploads\/2021\/01\/12_worked-262x300.jpg 262w, https:\/\/graphimarket.com\/wp-content\/uploads\/2021\/01\/12_worked-896x1024.jpg 896w, https:\/\/graphimarket.com\/wp-content\/uploads\/2021\/01\/12_worked-768x878.jpg 768w, https:\/\/graphimarket.com\/wp-content\/uploads\/2021\/01\/12_worked-10x12.jpg 10w, https:\/\/graphimarket.com\/wp-content\/uploads\/2021\/01\/12_worked-600x686.jpg 600w\" sizes=\"(max-width: 1236px) 100vw, 1236px\" \/><\/p>\n<p>&nbsp;<\/p>","protected":false},"excerpt":{"rendered":"<p>Lively Photoshop Action Create highly detailed artistic designs with this action! The action has been tested and working in Photoshop (English version) CS3,CS4,CS5,CS6,CC,CC 2015.5, CC 2017, CC 2018, CC 2019+. It is recommended to use this action on photos between 1200-3000px high\/wide. TUTORIAL Important to know Make sure you are using the\u00a0English version of Photoshop\u00a0to [&hellip;]<\/p>\n","protected":false},"featured_media":15676,"comment_status":"open","ping_status":"closed","template":"","meta":{"site-sidebar-layout":"default","site-content-layout":"default","ast-site-content-layout":"default","site-content-style":"default","site-sidebar-style":"default","ast-global-header-display":"","ast-banner-title-visibility":"","ast-main-header-display":"","ast-hfb-above-header-display":"","ast-hfb-below-header-display":"","ast-hfb-mobile-header-display":"","site-post-title":"","ast-breadcrumbs-content":"","ast-featured-img":"","footer-sml-layout":"","ast-disable-related-posts":"","theme-transparent-header-meta":"default","adv-header-id-meta":"","stick-header-meta":"","header-above-stick-meta":"","header-main-stick-meta":"","header-below-stick-meta":"","astra-migrate-meta-layouts":"default","ast-page-background-enabled":"default","ast-page-background-meta":{"desktop":{"background-color":"","background-image":"","background-repeat":"repeat","background-position":"center center","background-size":"auto","background-attachment":"scroll","background-type":"","background-media":"","overlay-type":"","overlay-color":"","overlay-opacity":"","overlay-gradient":""},"tablet":{"background-color":"","background-image":"","background-repeat":"repeat","background-position":"center center","background-size":"auto","background-attachment":"scroll","background-type":"","background-media":"","overlay-type":"","overlay-color":"","overlay-opacity":"","overlay-gradient":""},"mobile":{"background-color":"","background-image":"","background-repeat":"repeat","background-position":"center center","background-size":"auto","background-attachment":"scroll","background-type":"","background-media":"","overlay-type":"","overlay-color":"","overlay-opacity":"","overlay-gradient":""}},"ast-content-background-meta":{"desktop":{"background-color":"var(--ast-global-color-5)","background-image":"","background-repeat":"repeat","background-position":"center center","background-size":"auto","background-attachment":"scroll","background-type":"","background-media":"","overlay-type":"","overlay-color":"","overlay-opacity":"","overlay-gradient":""},"tablet":{"background-color":"var(--ast-global-color-5)","background-image":"","background-repeat":"repeat","background-position":"center center","background-size":"auto","background-attachment":"scroll","background-type":"","background-media":"","overlay-type":"","overlay-color":"","overlay-opacity":"","overlay-gradient":""},"mobile":{"background-color":"var(--ast-global-color-5)","background-image":"","background-repeat":"repeat","background-position":"center center","background-size":"auto","background-attachment":"scroll","background-type":"","background-media":"","overlay-type":"","overlay-color":"","overlay-opacity":"","overlay-gradient":""}}},"product_brand":[],"product_cat":[195,146],"product_tag":[292,1386,1860,62],"class_list":{"0":"post-15666","1":"product","2":"type-product","3":"status-publish","4":"has-post-thumbnail","6":"product_cat-photoshop","7":"product_cat-photoshop-action","8":"product_tag-action","9":"product_tag-adobe","10":"product_tag-lively","11":"product_tag-photoshop","12":"desktop-align-left","13":"tablet-align-left","14":"mobile-align-left","16":"first","17":"instock","18":"sale","19":"downloadable","20":"virtual","21":"taxable","22":"purchasable","23":"product-type-simple"},"yoast_head":"<!-- This site is optimized with the Yoast SEO plugin v27.3 - https:\/\/yoast.com\/product\/yoast-seo-wordpress\/ -->\n<title>Lively Photoshop Action - Graphimarket<\/title>\n<meta name=\"description\" content=\"Create highly detailed artistic designs with this action!The action has been tested and working in Photoshop (English version)....\" \/>\n<meta name=\"robots\" content=\"index, follow, max-snippet:-1, max-image-preview:large, max-video-preview:-1\" \/>\n<link rel=\"canonical\" href=\"https:\/\/graphimarket.com\/fr\/product\/lively-photoshop-action\/\" \/>\n<meta property=\"og:locale\" content=\"fr_FR\" \/>\n<meta property=\"og:type\" content=\"article\" \/>\n<meta property=\"og:title\" content=\"Lively Photoshop Action - Graphimarket\" \/>\n<meta property=\"og:description\" content=\"Create highly detailed artistic designs with this action!The action has been tested and working in Photoshop (English version)....\" \/>\n<meta property=\"og:url\" content=\"https:\/\/graphimarket.com\/fr\/product\/lively-photoshop-action\/\" \/>\n<meta property=\"og:site_name\" content=\"Graphimarket\" \/>\n<meta property=\"article:modified_time\" content=\"2021-01-29T15:36:50+00:00\" \/>\n<meta property=\"og:image\" content=\"https:\/\/graphimarket.com\/wp-content\/uploads\/2021\/01\/11_worked.jpg\" \/>\n\t<meta property=\"og:image:width\" content=\"1141\" \/>\n\t<meta property=\"og:image:height\" content=\"1399\" \/>\n\t<meta property=\"og:image:type\" content=\"image\/jpeg\" \/>\n<meta name=\"twitter:card\" content=\"summary_large_image\" \/>\n<meta name=\"twitter:label1\" content=\"Est. reading time\" \/>\n\t<meta name=\"twitter:data1\" content=\"1 minute\" \/>\n<script type=\"application\/ld+json\" class=\"yoast-schema-graph\">{\"@context\":\"https:\\\/\\\/schema.org\",\"@graph\":[{\"@type\":\"WebPage\",\"@id\":\"https:\\\/\\\/graphimarket.com\\\/fr\\\/product\\\/lively-photoshop-action\\\/\",\"url\":\"https:\\\/\\\/graphimarket.com\\\/fr\\\/product\\\/lively-photoshop-action\\\/\",\"name\":\"Lively Photoshop Action - Graphimarket\",\"isPartOf\":{\"@id\":\"https:\\\/\\\/graphimarket.com\\\/fr\\\/#website\"},\"primaryImageOfPage\":{\"@id\":\"https:\\\/\\\/graphimarket.com\\\/fr\\\/product\\\/lively-photoshop-action\\\/#primaryimage\"},\"image\":{\"@id\":\"https:\\\/\\\/graphimarket.com\\\/fr\\\/product\\\/lively-photoshop-action\\\/#primaryimage\"},\"thumbnailUrl\":\"https:\\\/\\\/graphimarket.com\\\/wp-content\\\/uploads\\\/2021\\\/01\\\/11_worked.jpg\",\"datePublished\":\"2021-01-29T15:34:33+00:00\",\"dateModified\":\"2021-01-29T15:36:50+00:00\",\"description\":\"Create highly detailed artistic designs with this action!The action has been tested and working in Photoshop (English version)....\",\"breadcrumb\":{\"@id\":\"https:\\\/\\\/graphimarket.com\\\/fr\\\/product\\\/lively-photoshop-action\\\/#breadcrumb\"},\"inLanguage\":\"fr-FR\",\"potentialAction\":[{\"@type\":\"ReadAction\",\"target\":[\"https:\\\/\\\/graphimarket.com\\\/fr\\\/product\\\/lively-photoshop-action\\\/\"]}]},{\"@type\":\"ImageObject\",\"inLanguage\":\"fr-FR\",\"@id\":\"https:\\\/\\\/graphimarket.com\\\/fr\\\/product\\\/lively-photoshop-action\\\/#primaryimage\",\"url\":\"https:\\\/\\\/graphimarket.com\\\/wp-content\\\/uploads\\\/2021\\\/01\\\/11_worked.jpg\",\"contentUrl\":\"https:\\\/\\\/graphimarket.com\\\/wp-content\\\/uploads\\\/2021\\\/01\\\/11_worked.jpg\",\"width\":1141,\"height\":1399},{\"@type\":\"BreadcrumbList\",\"@id\":\"https:\\\/\\\/graphimarket.com\\\/fr\\\/product\\\/lively-photoshop-action\\\/#breadcrumb\",\"itemListElement\":[{\"@type\":\"ListItem\",\"position\":1,\"name\":\"Home\",\"item\":\"https:\\\/\\\/graphimarket.com\\\/es\\\/\"},{\"@type\":\"ListItem\",\"position\":2,\"name\":\"Store\",\"item\":\"https:\\\/\\\/graphimarket.com\\\/store\\\/\"},{\"@type\":\"ListItem\",\"position\":3,\"name\":\"Lively Photoshop Action\"}]},{\"@type\":\"WebSite\",\"@id\":\"https:\\\/\\\/graphimarket.com\\\/fr\\\/#website\",\"url\":\"https:\\\/\\\/graphimarket.com\\\/fr\\\/\",\"name\":\"Graphimarket\",\"description\":\"Find the perfect creative asset to bring your project to life\",\"publisher\":{\"@id\":\"https:\\\/\\\/graphimarket.com\\\/fr\\\/#organization\"},\"potentialAction\":[{\"@type\":\"SearchAction\",\"target\":{\"@type\":\"EntryPoint\",\"urlTemplate\":\"https:\\\/\\\/graphimarket.com\\\/fr\\\/?s={search_term_string}\"},\"query-input\":{\"@type\":\"PropertyValueSpecification\",\"valueRequired\":true,\"valueName\":\"search_term_string\"}}],\"inLanguage\":\"fr-FR\"},{\"@type\":\"Organization\",\"@id\":\"https:\\\/\\\/graphimarket.com\\\/fr\\\/#organization\",\"name\":\"Graphimarket\",\"url\":\"https:\\\/\\\/graphimarket.com\\\/fr\\\/\",\"logo\":{\"@type\":\"ImageObject\",\"inLanguage\":\"fr-FR\",\"@id\":\"https:\\\/\\\/graphimarket.com\\\/fr\\\/#\\\/schema\\\/logo\\\/image\\\/\",\"url\":\"https:\\\/\\\/graphimarket.com\\\/wp-content\\\/uploads\\\/2020\\\/08\\\/logo-48.png\",\"contentUrl\":\"https:\\\/\\\/graphimarket.com\\\/wp-content\\\/uploads\\\/2020\\\/08\\\/logo-48.png\",\"width\":132,\"height\":48,\"caption\":\"Graphimarket\"},\"image\":{\"@id\":\"https:\\\/\\\/graphimarket.com\\\/fr\\\/#\\\/schema\\\/logo\\\/image\\\/\"}}]}<\/script>\n<!-- \/ Yoast SEO plugin. -->","yoast_head_json":{"title":"Action Photoshop anim\u00e9e - Graphimarket","description":"Cr\u00e9ez des designs artistiques tr\u00e8s d\u00e9taill\u00e9s avec cette action! L&#039;action a \u00e9t\u00e9 test\u00e9e et fonctionne dans Photoshop (version anglaise) ....","robots":{"index":"index","follow":"follow","max-snippet":"max-snippet:-1","max-image-preview":"max-image-preview:large","max-video-preview":"max-video-preview:-1"},"canonical":"https:\/\/graphimarket.com\/fr\/product\/lively-photoshop-action\/","og_locale":"fr_FR","og_type":"article","og_title":"Lively Photoshop Action - Graphimarket","og_description":"Create highly detailed artistic designs with this action!The action has been tested and working in Photoshop (English version)....","og_url":"https:\/\/graphimarket.com\/fr\/product\/lively-photoshop-action\/","og_site_name":"Graphimarket","article_modified_time":"2021-01-29T15:36:50+00:00","og_image":[{"width":1141,"height":1399,"url":"https:\/\/graphimarket.com\/wp-content\/uploads\/2021\/01\/11_worked.jpg","type":"image\/jpeg"}],"twitter_card":"summary_large_image","twitter_misc":{"Est. reading time":"1 minute"},"schema":{"@context":"https:\/\/schema.org","@graph":[{"@type":"WebPage","@id":"https:\/\/graphimarket.com\/fr\/product\/lively-photoshop-action\/","url":"https:\/\/graphimarket.com\/fr\/product\/lively-photoshop-action\/","name":"Action Photoshop anim\u00e9e - Graphimarket","isPartOf":{"@id":"https:\/\/graphimarket.com\/fr\/#website"},"primaryImageOfPage":{"@id":"https:\/\/graphimarket.com\/fr\/product\/lively-photoshop-action\/#primaryimage"},"image":{"@id":"https:\/\/graphimarket.com\/fr\/product\/lively-photoshop-action\/#primaryimage"},"thumbnailUrl":"https:\/\/graphimarket.com\/wp-content\/uploads\/2021\/01\/11_worked.jpg","datePublished":"2021-01-29T15:34:33+00:00","dateModified":"2021-01-29T15:36:50+00:00","description":"Cr\u00e9ez des designs artistiques tr\u00e8s d\u00e9taill\u00e9s avec cette action! L&#039;action a \u00e9t\u00e9 test\u00e9e et fonctionne dans Photoshop (version anglaise) ....","breadcrumb":{"@id":"https:\/\/graphimarket.com\/fr\/product\/lively-photoshop-action\/#breadcrumb"},"inLanguage":"fr-FR","potentialAction":[{"@type":"ReadAction","target":["https:\/\/graphimarket.com\/fr\/product\/lively-photoshop-action\/"]}]},{"@type":"ImageObject","inLanguage":"fr-FR","@id":"https:\/\/graphimarket.com\/fr\/product\/lively-photoshop-action\/#primaryimage","url":"https:\/\/graphimarket.com\/wp-content\/uploads\/2021\/01\/11_worked.jpg","contentUrl":"https:\/\/graphimarket.com\/wp-content\/uploads\/2021\/01\/11_worked.jpg","width":1141,"height":1399},{"@type":"BreadcrumbList","@id":"https:\/\/graphimarket.com\/fr\/product\/lively-photoshop-action\/#breadcrumb","itemListElement":[{"@type":"ListItem","position":1,"name":"Home","item":"https:\/\/graphimarket.com\/es\/"},{"@type":"ListItem","position":2,"name":"Store","item":"https:\/\/graphimarket.com\/store\/"},{"@type":"ListItem","position":3,"name":"Lively Photoshop Action"}]},{"@type":"WebSite","@id":"https:\/\/graphimarket.com\/fr\/#website","url":"https:\/\/graphimarket.com\/fr\/","name":"Graphimarket","description":"Trouvez l&#039;atout cr\u00e9atif parfait pour donner vie \u00e0 votre projet","publisher":{"@id":"https:\/\/graphimarket.com\/fr\/#organization"},"potentialAction":[{"@type":"SearchAction","target":{"@type":"EntryPoint","urlTemplate":"https:\/\/graphimarket.com\/fr\/?s={search_term_string}"},"query-input":{"@type":"PropertyValueSpecification","valueRequired":true,"valueName":"search_term_string"}}],"inLanguage":"fr-FR"},{"@type":"Organization","@id":"https:\/\/graphimarket.com\/fr\/#organization","name":"Graphimarket","url":"https:\/\/graphimarket.com\/fr\/","logo":{"@type":"ImageObject","inLanguage":"fr-FR","@id":"https:\/\/graphimarket.com\/fr\/#\/schema\/logo\/image\/","url":"https:\/\/graphimarket.com\/wp-content\/uploads\/2020\/08\/logo-48.png","contentUrl":"https:\/\/graphimarket.com\/wp-content\/uploads\/2020\/08\/logo-48.png","width":132,"height":48,"caption":"Graphimarket"},"image":{"@id":"https:\/\/graphimarket.com\/fr\/#\/schema\/logo\/image\/"}}]}},"_links":{"self":[{"href":"http:\/\/graphimarket.com\/fr\/wp-json\/wp\/v2\/product\/15666","targetHints":{"allow":["GET"]}}],"collection":[{"href":"http:\/\/graphimarket.com\/fr\/wp-json\/wp\/v2\/product"}],"about":[{"href":"http:\/\/graphimarket.com\/fr\/wp-json\/wp\/v2\/types\/product"}],"replies":[{"embeddable":true,"href":"http:\/\/graphimarket.com\/fr\/wp-json\/wp\/v2\/comments?post=15666"}],"version-history":[{"count":0,"href":"http:\/\/graphimarket.com\/fr\/wp-json\/wp\/v2\/product\/15666\/revisions"}],"wp:featuredmedia":[{"embeddable":true,"href":"http:\/\/graphimarket.com\/fr\/wp-json\/wp\/v2\/media\/15676"}],"wp:attachment":[{"href":"http:\/\/graphimarket.com\/fr\/wp-json\/wp\/v2\/media?parent=15666"}],"wp:term":[{"taxonomy":"product_brand","embeddable":true,"href":"http:\/\/graphimarket.com\/fr\/wp-json\/wp\/v2\/product_brand?post=15666"},{"taxonomy":"product_cat","embeddable":true,"href":"http:\/\/graphimarket.com\/fr\/wp-json\/wp\/v2\/product_cat?post=15666"},{"taxonomy":"product_tag","embeddable":true,"href":"http:\/\/graphimarket.com\/fr\/wp-json\/wp\/v2\/product_tag?post=15666"}],"curies":[{"name":"wp","href":"https:\/\/api.w.org\/{rel}","templated":true}]}}