{"id":15708,"date":"2021-02-01T17:23:40","date_gmt":"2021-02-01T16:23:40","guid":{"rendered":"https:\/\/graphimarket.com\/?post_type=product&#038;p=15708"},"modified":"2021-02-01T17:27:34","modified_gmt":"2021-02-01T16:27:34","slug":"1000-premium-hd-overlays-and-actions-for-photoshop","status":"publish","type":"product","link":"http:\/\/graphimarket.com\/fr\/product\/1000-premium-hd-overlays-and-actions-for-photoshop\/","title":{"rendered":"Plus de 1000 superpositions et actions HD Premium pour Photoshop"},"content":{"rendered":"<h3>Superpositions et actions Photoshop HD pour les conceptions haut de gamme.<\/h3>\n<p>Ajoutez des effets \u00e9poustouflants \u00e0 vos photos avec\u00a0<strong>Plus de 1000 superpositions et actions HD Premium!<\/strong><\/p>\n<p>Vous trouverez une grande vari\u00e9t\u00e9 de superpositions et d&#039;actions Photoshop de haute qualit\u00e9 dans cet ensemble. Il n&#039;y a aucun effet que vous ne pouvez pas conqu\u00e9rir avec cet ensemble g\u00e9nial! Que vous souhaitiez ajouter de la beaut\u00e9, du charme, des \u00e9motions ou d&#039;autres effets \u00e0 vos images, vous pouvez facilement le faire avec ces ressources Photoshop.<\/p>\n<p>C&#039;est un arsenal pour les photographes, amateurs et professionnels pour un traitement rapide des photos!<\/p>\n<p>Ces ressources Photoshop peuvent \u00eatre utilis\u00e9es dans n&#039;importe quel logiciel graphique prenant en charge le mode d&#039;\u00e9cran de superposition de couches.<\/p>\n<p>Quoi de plus! Cet ensemble est livr\u00e9 avec une licence commerciale \u00e9tendue, ce qui signifie que vous pouvez utiliser ces superpositions et actions, encore et encore, pour cr\u00e9er des designs \u00e9poustouflants pour vous et pour vos clients!<\/p>\n<h3>Plus de 1000 superpositions et actions incluses dans cet ensemble:<\/h3>\n<ul>\n<li>44 superpositions d&#039;effets photo anciens<\/li>\n<li>85 Night Sky Silhouette - Superpositions et actions<\/li>\n<li>50 arri\u00e8re-plans et superpositions vintage<\/li>\n<li>52 superpositions et actions d&#039;effets de bokeh de coeur romantique<\/li>\n<li>42 effets de superposition de confettis et de paillettes de No\u00ebl color\u00e9s<\/li>\n<li>50 effets de lumi\u00e8re parasite - superpositions et actions<\/li>\n<li>52 Incrustations et actions d&#039;effets de gravure et de grain de film<\/li>\n<li>39 Ajouter Bokeh - Superpositions et actions<\/li>\n<li>56 superpositions de photos de fum\u00e9e r\u00e9alistes<\/li>\n<li>99 effets Bokeh naturels - Superpositions et actions<\/li>\n<li>51 Effets de superposition de neige et de poussi\u00e8re<\/li>\n<li>28 Mauvais effets de photocopie - Superpositions et actions<\/li>\n<li>49 Superpositions de photos avec reflets d&#039;objectif Pro Photography<\/li>\n<li>35 Effets de lumi\u00e8re parasite - Superpositions et actions<\/li>\n<li>92 Effets de fuites de lumi\u00e8re de film - Superpositions et actions<\/li>\n<li>26 effets de superposition de pluie<\/li>\n<li>19 Effet sous-marin pour Adobe Photoshop<\/li>\n<li>49 effets Bokeh naturels - Superpositions et actions<\/li>\n<li>45 superpositions bokeh \u00e9l\u00e9gance<\/li>\n<li>10 superpositions et actions du ciel nocturne<\/li>\n<li>16 Effet WET PLATE pour Adobe Photoshop<\/li>\n<\/ul>\n<p>&nbsp;<\/p>\n<p><img fetchpriority=\"high\" decoding=\"async\" class=\"size-full wp-image-15709 aligncenter\" src=\"https:\/\/graphimarket.com\/wp-content\/uploads\/2021\/02\/christmas-overlay-pack-9-1-1024x5870-2-scaled.jpg\" alt=\"\" width=\"447\" height=\"2560\" srcset=\"https:\/\/graphimarket.com\/wp-content\/uploads\/2021\/02\/christmas-overlay-pack-9-1-1024x5870-2-scaled.jpg 447w, https:\/\/graphimarket.com\/wp-content\/uploads\/2021\/02\/christmas-overlay-pack-9-1-1024x5870-2-179x1024.jpg 179w, https:\/\/graphimarket.com\/wp-content\/uploads\/2021\/02\/christmas-overlay-pack-9-1-1024x5870-2-268x1536.jpg 268w, https:\/\/graphimarket.com\/wp-content\/uploads\/2021\/02\/christmas-overlay-pack-9-1-1024x5870-2-2x12.jpg 2w\" sizes=\"(max-width: 447px) 100vw, 447px\" \/><\/p>","protected":false},"excerpt":{"rendered":"<p>HD Photoshop Overlays &amp; Actions For Premium Designs. Add stunning effects to your photos with\u00a01000+ Premium HD Overlays and Actions! You will find a great variety of high-quality Photoshop Overlays and Actions in this bundle. There is no effect that you can not conquer with this awesome bundle! Whether you want to add beauty, charm, [&hellip;]<\/p>\n","protected":false},"featured_media":15710,"comment_status":"open","ping_status":"closed","template":"","meta":{"site-sidebar-layout":"default","site-content-layout":"default","ast-site-content-layout":"default","site-content-style":"default","site-sidebar-style":"default","ast-global-header-display":"","ast-banner-title-visibility":"","ast-main-header-display":"","ast-hfb-above-header-display":"","ast-hfb-below-header-display":"","ast-hfb-mobile-header-display":"","site-post-title":"","ast-breadcrumbs-content":"","ast-featured-img":"","footer-sml-layout":"","ast-disable-related-posts":"","theme-transparent-header-meta":"default","adv-header-id-meta":"","stick-header-meta":"","header-above-stick-meta":"","header-main-stick-meta":"","header-below-stick-meta":"","astra-migrate-meta-layouts":"default","ast-page-background-enabled":"default","ast-page-background-meta":{"desktop":{"background-color":"","background-image":"","background-repeat":"repeat","background-position":"center center","background-size":"auto","background-attachment":"scroll","background-type":"","background-media":"","overlay-type":"","overlay-color":"","overlay-opacity":"","overlay-gradient":""},"tablet":{"background-color":"","background-image":"","background-repeat":"repeat","background-position":"center center","background-size":"auto","background-attachment":"scroll","background-type":"","background-media":"","overlay-type":"","overlay-color":"","overlay-opacity":"","overlay-gradient":""},"mobile":{"background-color":"","background-image":"","background-repeat":"repeat","background-position":"center center","background-size":"auto","background-attachment":"scroll","background-type":"","background-media":"","overlay-type":"","overlay-color":"","overlay-opacity":"","overlay-gradient":""}},"ast-content-background-meta":{"desktop":{"background-color":"var(--ast-global-color-5)","background-image":"","background-repeat":"repeat","background-position":"center center","background-size":"auto","background-attachment":"scroll","background-type":"","background-media":"","overlay-type":"","overlay-color":"","overlay-opacity":"","overlay-gradient":""},"tablet":{"background-color":"var(--ast-global-color-5)","background-image":"","background-repeat":"repeat","background-position":"center center","background-size":"auto","background-attachment":"scroll","background-type":"","background-media":"","overlay-type":"","overlay-color":"","overlay-opacity":"","overlay-gradient":""},"mobile":{"background-color":"var(--ast-global-color-5)","background-image":"","background-repeat":"repeat","background-position":"center center","background-size":"auto","background-attachment":"scroll","background-type":"","background-media":"","overlay-type":"","overlay-color":"","overlay-opacity":"","overlay-gradient":""}}},"product_brand":[],"product_cat":[196,140,144,145,195,146],"product_tag":[292,1863,1862,524,285,62,421],"class_list":{"0":"post-15708","1":"product","2":"type-product","3":"status-publish","4":"has-post-thumbnail","6":"product_cat-actions","7":"product_cat-overlays","8":"product_cat-photo-editor","9":"product_cat-photography","10":"product_cat-photoshop","11":"product_cat-photoshop-action","12":"product_tag-action","13":"product_tag-designs","14":"product_tag-hd","15":"product_tag-overlay","16":"product_tag-photo","17":"product_tag-photoshop","18":"product_tag-premium","19":"desktop-align-left","20":"tablet-align-left","21":"mobile-align-left","23":"first","24":"instock","25":"sale","26":"downloadable","27":"virtual","28":"taxable","29":"purchasable","30":"product-type-simple"},"yoast_head":"<!-- This site is optimized with the Yoast SEO plugin v27.3 - https:\/\/yoast.com\/product\/yoast-seo-wordpress\/ -->\n<title>1000+ Premium HD Overlays and Actions for Photoshop - Graphimarket<\/title>\n<meta name=\"description\" content=\"HD Photoshop Overlays &amp; Actions For Premium Designs.Add stunning effects to your photos with\u00a01000+ Premium HD Overlays and Actions!...\" \/>\n<meta name=\"robots\" content=\"index, follow, max-snippet:-1, max-image-preview:large, max-video-preview:-1\" \/>\n<link rel=\"canonical\" href=\"https:\/\/graphimarket.com\/fr\/product\/1000-premium-hd-overlays-and-actions-for-photoshop\/\" \/>\n<meta property=\"og:locale\" content=\"fr_FR\" \/>\n<meta property=\"og:type\" content=\"article\" \/>\n<meta property=\"og:title\" content=\"1000+ Premium HD Overlays and Actions for Photoshop - Graphimarket\" \/>\n<meta property=\"og:description\" content=\"HD Photoshop Overlays &amp; Actions For Premium Designs.Add stunning effects to your photos with\u00a01000+ Premium HD Overlays and Actions!...\" \/>\n<meta property=\"og:url\" content=\"https:\/\/graphimarket.com\/fr\/product\/1000-premium-hd-overlays-and-actions-for-photoshop\/\" \/>\n<meta property=\"og:site_name\" content=\"Graphimarket\" \/>\n<meta property=\"article:modified_time\" content=\"2021-02-01T16:27:34+00:00\" \/>\n<meta property=\"og:image\" content=\"https:\/\/graphimarket.com\/wp-content\/uploads\/2021\/02\/1000-COMPLETE-LIBRARY-Photo-Overlays-Bundle-Banner.jpg\" \/>\n\t<meta property=\"og:image:width\" content=\"800\" \/>\n\t<meta property=\"og:image:height\" content=\"500\" \/>\n\t<meta property=\"og:image:type\" content=\"image\/jpeg\" \/>\n<meta name=\"twitter:card\" content=\"summary_large_image\" \/>\n<meta name=\"twitter:label1\" content=\"Est. reading time\" \/>\n\t<meta name=\"twitter:data1\" content=\"1 minute\" \/>\n<script type=\"application\/ld+json\" class=\"yoast-schema-graph\">{\"@context\":\"https:\\\/\\\/schema.org\",\"@graph\":[{\"@type\":\"WebPage\",\"@id\":\"https:\\\/\\\/graphimarket.com\\\/product\\\/1000-premium-hd-overlays-and-actions-for-photoshop\\\/\",\"url\":\"https:\\\/\\\/graphimarket.com\\\/product\\\/1000-premium-hd-overlays-and-actions-for-photoshop\\\/\",\"name\":\"1000+ Premium HD Overlays and Actions for Photoshop - Graphimarket\",\"isPartOf\":{\"@id\":\"https:\\\/\\\/graphimarket.com\\\/fr\\\/#website\"},\"primaryImageOfPage\":{\"@id\":\"https:\\\/\\\/graphimarket.com\\\/product\\\/1000-premium-hd-overlays-and-actions-for-photoshop\\\/#primaryimage\"},\"image\":{\"@id\":\"https:\\\/\\\/graphimarket.com\\\/product\\\/1000-premium-hd-overlays-and-actions-for-photoshop\\\/#primaryimage\"},\"thumbnailUrl\":\"https:\\\/\\\/graphimarket.com\\\/wp-content\\\/uploads\\\/2021\\\/02\\\/1000-COMPLETE-LIBRARY-Photo-Overlays-Bundle-Banner.jpg\",\"datePublished\":\"2021-02-01T16:23:40+00:00\",\"dateModified\":\"2021-02-01T16:27:34+00:00\",\"description\":\"HD Photoshop Overlays & Actions For Premium Designs.Add stunning effects to your photos with\u00a01000+ Premium HD Overlays and Actions!...\",\"breadcrumb\":{\"@id\":\"https:\\\/\\\/graphimarket.com\\\/product\\\/1000-premium-hd-overlays-and-actions-for-photoshop\\\/#breadcrumb\"},\"inLanguage\":\"fr-FR\",\"potentialAction\":[{\"@type\":\"ReadAction\",\"target\":[\"https:\\\/\\\/graphimarket.com\\\/product\\\/1000-premium-hd-overlays-and-actions-for-photoshop\\\/\"]}]},{\"@type\":\"ImageObject\",\"inLanguage\":\"fr-FR\",\"@id\":\"https:\\\/\\\/graphimarket.com\\\/product\\\/1000-premium-hd-overlays-and-actions-for-photoshop\\\/#primaryimage\",\"url\":\"https:\\\/\\\/graphimarket.com\\\/wp-content\\\/uploads\\\/2021\\\/02\\\/1000-COMPLETE-LIBRARY-Photo-Overlays-Bundle-Banner.jpg\",\"contentUrl\":\"https:\\\/\\\/graphimarket.com\\\/wp-content\\\/uploads\\\/2021\\\/02\\\/1000-COMPLETE-LIBRARY-Photo-Overlays-Bundle-Banner.jpg\",\"width\":800,\"height\":500},{\"@type\":\"BreadcrumbList\",\"@id\":\"https:\\\/\\\/graphimarket.com\\\/product\\\/1000-premium-hd-overlays-and-actions-for-photoshop\\\/#breadcrumb\",\"itemListElement\":[{\"@type\":\"ListItem\",\"position\":1,\"name\":\"Home\",\"item\":\"https:\\\/\\\/graphimarket.com\\\/es\\\/\"},{\"@type\":\"ListItem\",\"position\":2,\"name\":\"Store\",\"item\":\"https:\\\/\\\/graphimarket.com\\\/store\\\/\"},{\"@type\":\"ListItem\",\"position\":3,\"name\":\"1000+ Premium HD Overlays and Actions for Photoshop\"}]},{\"@type\":\"WebSite\",\"@id\":\"https:\\\/\\\/graphimarket.com\\\/fr\\\/#website\",\"url\":\"https:\\\/\\\/graphimarket.com\\\/fr\\\/\",\"name\":\"Graphimarket\",\"description\":\"Find the perfect creative asset to bring your project to life\",\"publisher\":{\"@id\":\"https:\\\/\\\/graphimarket.com\\\/fr\\\/#organization\"},\"potentialAction\":[{\"@type\":\"SearchAction\",\"target\":{\"@type\":\"EntryPoint\",\"urlTemplate\":\"https:\\\/\\\/graphimarket.com\\\/fr\\\/?s={search_term_string}\"},\"query-input\":{\"@type\":\"PropertyValueSpecification\",\"valueRequired\":true,\"valueName\":\"search_term_string\"}}],\"inLanguage\":\"fr-FR\"},{\"@type\":\"Organization\",\"@id\":\"https:\\\/\\\/graphimarket.com\\\/fr\\\/#organization\",\"name\":\"Graphimarket\",\"url\":\"https:\\\/\\\/graphimarket.com\\\/fr\\\/\",\"logo\":{\"@type\":\"ImageObject\",\"inLanguage\":\"fr-FR\",\"@id\":\"https:\\\/\\\/graphimarket.com\\\/fr\\\/#\\\/schema\\\/logo\\\/image\\\/\",\"url\":\"https:\\\/\\\/graphimarket.com\\\/wp-content\\\/uploads\\\/2020\\\/08\\\/logo-48.png\",\"contentUrl\":\"https:\\\/\\\/graphimarket.com\\\/wp-content\\\/uploads\\\/2020\\\/08\\\/logo-48.png\",\"width\":132,\"height\":48,\"caption\":\"Graphimarket\"},\"image\":{\"@id\":\"https:\\\/\\\/graphimarket.com\\\/fr\\\/#\\\/schema\\\/logo\\\/image\\\/\"}}]}<\/script>\n<!-- \/ Yoast SEO plugin. -->","yoast_head_json":{"title":"Plus de 1000 superpositions et actions HD Premium pour Photoshop - Graphimarket","description":"Superpositions et actions Photoshop HD pour des conceptions haut de gamme Ajoutez des effets \u00e9poustouflants \u00e0 vos photos avec plus de 1000 superpositions et actions HD Premium! ...","robots":{"index":"index","follow":"follow","max-snippet":"max-snippet:-1","max-image-preview":"max-image-preview:large","max-video-preview":"max-video-preview:-1"},"canonical":"https:\/\/graphimarket.com\/fr\/product\/1000-premium-hd-overlays-and-actions-for-photoshop\/","og_locale":"fr_FR","og_type":"article","og_title":"1000+ Premium HD Overlays and Actions for Photoshop - Graphimarket","og_description":"HD Photoshop Overlays & Actions For Premium Designs.Add stunning effects to your photos with\u00a01000+ Premium HD Overlays and Actions!...","og_url":"https:\/\/graphimarket.com\/fr\/product\/1000-premium-hd-overlays-and-actions-for-photoshop\/","og_site_name":"Graphimarket","article_modified_time":"2021-02-01T16:27:34+00:00","og_image":[{"width":800,"height":500,"url":"https:\/\/graphimarket.com\/wp-content\/uploads\/2021\/02\/1000-COMPLETE-LIBRARY-Photo-Overlays-Bundle-Banner.jpg","type":"image\/jpeg"}],"twitter_card":"summary_large_image","twitter_misc":{"Est. reading time":"1 minute"},"schema":{"@context":"https:\/\/schema.org","@graph":[{"@type":"WebPage","@id":"https:\/\/graphimarket.com\/product\/1000-premium-hd-overlays-and-actions-for-photoshop\/","url":"https:\/\/graphimarket.com\/product\/1000-premium-hd-overlays-and-actions-for-photoshop\/","name":"Plus de 1000 superpositions et actions HD Premium pour Photoshop - Graphimarket","isPartOf":{"@id":"https:\/\/graphimarket.com\/fr\/#website"},"primaryImageOfPage":{"@id":"https:\/\/graphimarket.com\/product\/1000-premium-hd-overlays-and-actions-for-photoshop\/#primaryimage"},"image":{"@id":"https:\/\/graphimarket.com\/product\/1000-premium-hd-overlays-and-actions-for-photoshop\/#primaryimage"},"thumbnailUrl":"https:\/\/graphimarket.com\/wp-content\/uploads\/2021\/02\/1000-COMPLETE-LIBRARY-Photo-Overlays-Bundle-Banner.jpg","datePublished":"2021-02-01T16:23:40+00:00","dateModified":"2021-02-01T16:27:34+00:00","description":"Superpositions et actions Photoshop HD pour des conceptions haut de gamme Ajoutez des effets \u00e9poustouflants \u00e0 vos photos avec plus de 1000 superpositions et actions HD Premium! ...","breadcrumb":{"@id":"https:\/\/graphimarket.com\/product\/1000-premium-hd-overlays-and-actions-for-photoshop\/#breadcrumb"},"inLanguage":"fr-FR","potentialAction":[{"@type":"ReadAction","target":["https:\/\/graphimarket.com\/product\/1000-premium-hd-overlays-and-actions-for-photoshop\/"]}]},{"@type":"ImageObject","inLanguage":"fr-FR","@id":"https:\/\/graphimarket.com\/product\/1000-premium-hd-overlays-and-actions-for-photoshop\/#primaryimage","url":"https:\/\/graphimarket.com\/wp-content\/uploads\/2021\/02\/1000-COMPLETE-LIBRARY-Photo-Overlays-Bundle-Banner.jpg","contentUrl":"https:\/\/graphimarket.com\/wp-content\/uploads\/2021\/02\/1000-COMPLETE-LIBRARY-Photo-Overlays-Bundle-Banner.jpg","width":800,"height":500},{"@type":"BreadcrumbList","@id":"https:\/\/graphimarket.com\/product\/1000-premium-hd-overlays-and-actions-for-photoshop\/#breadcrumb","itemListElement":[{"@type":"ListItem","position":1,"name":"Home","item":"https:\/\/graphimarket.com\/es\/"},{"@type":"ListItem","position":2,"name":"Store","item":"https:\/\/graphimarket.com\/store\/"},{"@type":"ListItem","position":3,"name":"1000+ Premium HD Overlays and Actions for Photoshop"}]},{"@type":"WebSite","@id":"https:\/\/graphimarket.com\/fr\/#website","url":"https:\/\/graphimarket.com\/fr\/","name":"Graphimarket","description":"Trouvez l&#039;atout cr\u00e9atif parfait pour donner vie \u00e0 votre projet","publisher":{"@id":"https:\/\/graphimarket.com\/fr\/#organization"},"potentialAction":[{"@type":"SearchAction","target":{"@type":"EntryPoint","urlTemplate":"https:\/\/graphimarket.com\/fr\/?s={search_term_string}"},"query-input":{"@type":"PropertyValueSpecification","valueRequired":true,"valueName":"search_term_string"}}],"inLanguage":"fr-FR"},{"@type":"Organization","@id":"https:\/\/graphimarket.com\/fr\/#organization","name":"Graphimarket","url":"https:\/\/graphimarket.com\/fr\/","logo":{"@type":"ImageObject","inLanguage":"fr-FR","@id":"https:\/\/graphimarket.com\/fr\/#\/schema\/logo\/image\/","url":"https:\/\/graphimarket.com\/wp-content\/uploads\/2020\/08\/logo-48.png","contentUrl":"https:\/\/graphimarket.com\/wp-content\/uploads\/2020\/08\/logo-48.png","width":132,"height":48,"caption":"Graphimarket"},"image":{"@id":"https:\/\/graphimarket.com\/fr\/#\/schema\/logo\/image\/"}}]}},"_links":{"self":[{"href":"http:\/\/graphimarket.com\/fr\/wp-json\/wp\/v2\/product\/15708","targetHints":{"allow":["GET"]}}],"collection":[{"href":"http:\/\/graphimarket.com\/fr\/wp-json\/wp\/v2\/product"}],"about":[{"href":"http:\/\/graphimarket.com\/fr\/wp-json\/wp\/v2\/types\/product"}],"replies":[{"embeddable":true,"href":"http:\/\/graphimarket.com\/fr\/wp-json\/wp\/v2\/comments?post=15708"}],"version-history":[{"count":0,"href":"http:\/\/graphimarket.com\/fr\/wp-json\/wp\/v2\/product\/15708\/revisions"}],"wp:featuredmedia":[{"embeddable":true,"href":"http:\/\/graphimarket.com\/fr\/wp-json\/wp\/v2\/media\/15710"}],"wp:attachment":[{"href":"http:\/\/graphimarket.com\/fr\/wp-json\/wp\/v2\/media?parent=15708"}],"wp:term":[{"taxonomy":"product_brand","embeddable":true,"href":"http:\/\/graphimarket.com\/fr\/wp-json\/wp\/v2\/product_brand?post=15708"},{"taxonomy":"product_cat","embeddable":true,"href":"http:\/\/graphimarket.com\/fr\/wp-json\/wp\/v2\/product_cat?post=15708"},{"taxonomy":"product_tag","embeddable":true,"href":"http:\/\/graphimarket.com\/fr\/wp-json\/wp\/v2\/product_tag?post=15708"}],"curies":[{"name":"wp","href":"https:\/\/api.w.org\/{rel}","templated":true}]}}