{"id":15741,"date":"2021-02-02T16:40:26","date_gmt":"2021-02-02T15:40:26","guid":{"rendered":"https:\/\/graphimarket.com\/?post_type=product&#038;p=15741"},"modified":"2024-07-31T23:48:04","modified_gmt":"2024-07-31T21:48:04","slug":"newspaper-art-photoshop-action","status":"publish","type":"product","link":"http:\/\/graphimarket.com\/fr\/product\/newspaper-art-photoshop-action\/","title":{"rendered":"Journal Art Photoshop Action"},"content":{"rendered":"<p><strong>Action d&#039;art de journal<\/strong> transforme vos photos en une composition abstraite de lettres, de morceaux de journaux et de formes g\u00e9om\u00e9triques. \u00c9conomisez des heures de travail gr\u00e2ce \u00e0 l&#039;action Newspaper Art.<\/p>\n<p><a href=\"https:\/\/www.youtube.com\/watch?v=2DCdyci-qa8\" target=\"_blank\" rel=\"noopener\">DIDACTICIEL<\/a><\/p>\n<h2 id=\"item-description__how-to-configure-photoshop-to-work-with-actions\">Comment configurer Photoshop pour qu&#039;il fonctionne avec des actions.<\/h2>\n<p><strong>1. Assurez-vous que vous utilisez la version anglaise de Photoshop.<\/strong>\u00a0Chaque action a \u00e9t\u00e9 cr\u00e9\u00e9e et optimis\u00e9e pour fonctionner uniquement avec la version anglaise de Photoshop, veuillez donc vous assurer que vous utilisez cette version. Sinon, ne vous inqui\u00e9tez pas: vous pouvez changer la langue de votre version de Photoshop en anglais (et revenir en arri\u00e8re) en utilisant\u00a0<a href=\"https:\/\/www.youtube.com\/watch?v=GJAiu5W2gLE\" rel=\"nofollow\">cette m\u00e9thode<\/a><\/p>\n<p>Au fait, ma meilleure vente\u00a0<a href=\"https:\/\/graphicriver.net\/item\/double-exposure-photoshop-action\/11319908\">Action de double exposition<\/a>\u00a0a \u00e9t\u00e9 r\u00e9cemment mis \u00e0 jour et vous pouvez d\u00e9sormais l&#039;utiliser avec les versions anglaise, allemande, fran\u00e7aise, italienne et espagnole de Photoshop.<\/p>\n<p><strong>2. Utilisez le mode RVB et la couleur 8 bits.<\/strong>\u00a0Pour v\u00e9rifier ces param\u00e8tres, allez dans Image-&gt; Mode et v\u00e9rifiez la \u00abCouleur RVB\u00bb et \u00ab8 Bits \/ Canal\u00bb.<\/p>\n<p><strong>3. Assurez-vous que l&#039;option \u00abAjouter une\u00ab copie \u00bbaux calques et groupes copi\u00e9s\u00bb est activ\u00e9e.<\/strong>\u00a0Cette option s&#039;applique uniquement \u00e0 CS5 et aux versions ult\u00e9rieures de Photoshop. Dans le panneau \u00abCALQUES\u00bb, cliquez sur l&#039;ic\u00f4ne de menu, allez dans \u00abOptions du panneau\u2026\u00bb et v\u00e9rifiez que l&#039;option \u00abAjouter une\u00ab copie \u00bbaux couches et groupes copi\u00e9s\u00bb est activ\u00e9e.<\/p>\n<p><strong>4. Utilisez une photo de 72 dpi ou plus.<\/strong>\u00a0Si vous utilisez une photo avec moins de 72 dpi, l&#039;action ne fonctionnera pas correctement. Pour r\u00e9soudre ce probl\u00e8me, allez dans Image-&gt; Taille de l&#039;image et augmentez la valeur de r\u00e9solution.<\/p>\n<p><strong>5. D\u00e9finissez l&#039;opacit\u00e9 du pinceau sur 100%.<\/strong>\u00a0D\u00e9finissez l&#039;opacit\u00e9 du pinceau sur 100%. S\u00e9lectionnez l &#039;\u00abOutil Pinceau\u00bb et d\u00e9placez le curseur d&#039;opacit\u00e9 sur 100%.<\/p>\n<h2 id=\"item-description__how-to-combine-my-actions\">Comment combiner mes actions?<\/h2>\n<p>1. Ouvrez votre photo<\/p>\n<p>2. Jouez la premi\u00e8re action<\/p>\n<p>3. Enregistrez le r\u00e9sultat sous forme d&#039;image<\/p>\n<p>4. Ouvrez l&#039;image pr\u00e9c\u00e9demment enregistr\u00e9e<\/p>\n<p>5. Jouez la deuxi\u00e8me action<\/p>\n<p>&nbsp;<\/p>\n<p>&nbsp;<\/p>\n<p><img fetchpriority=\"high\" decoding=\"async\" class=\"size-full wp-image-15746 aligncenter\" src=\"https:\/\/graphimarket.com\/wp-content\/uploads\/2021\/02\/newspaper-art-photoshop-action-1-1.jpg\" alt=\"\" width=\"632\" height=\"421\" srcset=\"https:\/\/graphimarket.com\/wp-content\/uploads\/2021\/02\/newspaper-art-photoshop-action-1-1.jpg 632w, https:\/\/graphimarket.com\/wp-content\/uploads\/2021\/02\/newspaper-art-photoshop-action-1-1-300x200.jpg 300w, https:\/\/graphimarket.com\/wp-content\/uploads\/2021\/02\/newspaper-art-photoshop-action-1-1-16x12.jpg 16w, https:\/\/graphimarket.com\/wp-content\/uploads\/2021\/02\/newspaper-art-photoshop-action-1-1-600x400.jpg 600w\" sizes=\"(max-width: 632px) 100vw, 632px\" \/><\/p>\n<p><img decoding=\"async\" class=\"size-full wp-image-15744 aligncenter\" src=\"https:\/\/graphimarket.com\/wp-content\/uploads\/2021\/02\/newspaper-art-photoshop-action-5.jpg\" alt=\"\" width=\"1170\" height=\"780\" srcset=\"https:\/\/graphimarket.com\/wp-content\/uploads\/2021\/02\/newspaper-art-photoshop-action-5.jpg 1170w, https:\/\/graphimarket.com\/wp-content\/uploads\/2021\/02\/newspaper-art-photoshop-action-5-300x200.jpg 300w, https:\/\/graphimarket.com\/wp-content\/uploads\/2021\/02\/newspaper-art-photoshop-action-5-1024x683.jpg 1024w, https:\/\/graphimarket.com\/wp-content\/uploads\/2021\/02\/newspaper-art-photoshop-action-5-768x512.jpg 768w, https:\/\/graphimarket.com\/wp-content\/uploads\/2021\/02\/newspaper-art-photoshop-action-5-16x12.jpg 16w, https:\/\/graphimarket.com\/wp-content\/uploads\/2021\/02\/newspaper-art-photoshop-action-5-600x400.jpg 600w\" sizes=\"(max-width: 1170px) 100vw, 1170px\" \/><\/p>\n<p><img decoding=\"async\" class=\"size-full wp-image-15743 aligncenter\" src=\"https:\/\/graphimarket.com\/wp-content\/uploads\/2021\/02\/956574e0b8e793a739f6904f00eddc12.jpg\" alt=\"\" width=\"1524\" height=\"1926\" srcset=\"https:\/\/graphimarket.com\/wp-content\/uploads\/2021\/02\/956574e0b8e793a739f6904f00eddc12.jpg 1524w, https:\/\/graphimarket.com\/wp-content\/uploads\/2021\/02\/956574e0b8e793a739f6904f00eddc12-237x300.jpg 237w, https:\/\/graphimarket.com\/wp-content\/uploads\/2021\/02\/956574e0b8e793a739f6904f00eddc12-810x1024.jpg 810w, https:\/\/graphimarket.com\/wp-content\/uploads\/2021\/02\/956574e0b8e793a739f6904f00eddc12-768x971.jpg 768w, https:\/\/graphimarket.com\/wp-content\/uploads\/2021\/02\/956574e0b8e793a739f6904f00eddc12-1215x1536.jpg 1215w, https:\/\/graphimarket.com\/wp-content\/uploads\/2021\/02\/956574e0b8e793a739f6904f00eddc12-9x12.jpg 9w, https:\/\/graphimarket.com\/wp-content\/uploads\/2021\/02\/956574e0b8e793a739f6904f00eddc12-1320x1668.jpg 1320w, https:\/\/graphimarket.com\/wp-content\/uploads\/2021\/02\/956574e0b8e793a739f6904f00eddc12-600x758.jpg 600w\" sizes=\"(max-width: 1524px) 100vw, 1524px\" \/><\/p>","protected":false},"excerpt":{"rendered":"<p>Newspaper Art Action turns your photos into an abstract composition of letters, pieces of newspapers and geometric shapes. Save hours of work with Newspaper Art action. TUTORIAL How to configure Photoshop to work with actions. 1. Make sure you are using the English version of Photoshop.\u00a0Each action has been created and optimized to work only [&hellip;]<\/p>\n","protected":false},"featured_media":15745,"comment_status":"open","ping_status":"closed","template":"","meta":{"site-sidebar-layout":"default","site-content-layout":"default","ast-site-content-layout":"default","site-content-style":"default","site-sidebar-style":"default","ast-global-header-display":"","ast-banner-title-visibility":"","ast-main-header-display":"","ast-hfb-above-header-display":"","ast-hfb-below-header-display":"","ast-hfb-mobile-header-display":"","site-post-title":"","ast-breadcrumbs-content":"","ast-featured-img":"","footer-sml-layout":"","ast-disable-related-posts":"","theme-transparent-header-meta":"default","adv-header-id-meta":"","stick-header-meta":"","header-above-stick-meta":"","header-main-stick-meta":"","header-below-stick-meta":"","astra-migrate-meta-layouts":"default","ast-page-background-enabled":"default","ast-page-background-meta":{"desktop":{"background-color":"","background-image":"","background-repeat":"repeat","background-position":"center center","background-size":"auto","background-attachment":"scroll","background-type":"","background-media":"","overlay-type":"","overlay-color":"","overlay-opacity":"","overlay-gradient":""},"tablet":{"background-color":"","background-image":"","background-repeat":"repeat","background-position":"center center","background-size":"auto","background-attachment":"scroll","background-type":"","background-media":"","overlay-type":"","overlay-color":"","overlay-opacity":"","overlay-gradient":""},"mobile":{"background-color":"","background-image":"","background-repeat":"repeat","background-position":"center center","background-size":"auto","background-attachment":"scroll","background-type":"","background-media":"","overlay-type":"","overlay-color":"","overlay-opacity":"","overlay-gradient":""}},"ast-content-background-meta":{"desktop":{"background-color":"var(--ast-global-color-5)","background-image":"","background-repeat":"repeat","background-position":"center center","background-size":"auto","background-attachment":"scroll","background-type":"","background-media":"","overlay-type":"","overlay-color":"","overlay-opacity":"","overlay-gradient":""},"tablet":{"background-color":"var(--ast-global-color-5)","background-image":"","background-repeat":"repeat","background-position":"center center","background-size":"auto","background-attachment":"scroll","background-type":"","background-media":"","overlay-type":"","overlay-color":"","overlay-opacity":"","overlay-gradient":""},"mobile":{"background-color":"var(--ast-global-color-5)","background-image":"","background-repeat":"repeat","background-position":"center center","background-size":"auto","background-attachment":"scroll","background-type":"","background-media":"","overlay-type":"","overlay-color":"","overlay-opacity":"","overlay-gradient":""}}},"product_brand":[],"product_cat":[15,195,146],"product_tag":[245,292,254,763,1867],"class_list":{"0":"post-15741","1":"product","2":"type-product","3":"status-publish","4":"has-post-thumbnail","6":"product_cat-photo","7":"product_cat-photoshop","8":"product_cat-photoshop-action","9":"product_tag-abstract","10":"product_tag-action","11":"product_tag-art","12":"product_tag-newspaper","13":"product_tag-newspapers","14":"desktop-align-left","15":"tablet-align-left","16":"mobile-align-left","18":"first","19":"instock","20":"sale","21":"downloadable","22":"virtual","23":"taxable","24":"purchasable","25":"product-type-simple"},"yoast_head":"<!-- This site is optimized with the Yoast SEO plugin v27.3 - https:\/\/yoast.com\/product\/yoast-seo-wordpress\/ -->\n<title>Newspaper Art Photoshop Action - Graphimarket<\/title>\n<meta name=\"description\" content=\"Newspaper Art Action turns your photos into an abstract composition of letters, pieces of newspapers and geometric shapes....\" \/>\n<meta name=\"robots\" content=\"index, follow, max-snippet:-1, max-image-preview:large, max-video-preview:-1\" \/>\n<link rel=\"canonical\" href=\"https:\/\/graphimarket.com\/fr\/product\/newspaper-art-photoshop-action\/\" \/>\n<meta property=\"og:locale\" content=\"fr_FR\" \/>\n<meta property=\"og:type\" content=\"article\" \/>\n<meta property=\"og:title\" content=\"Newspaper Art Photoshop Action - Graphimarket\" \/>\n<meta property=\"og:description\" content=\"Newspaper Art Action turns your photos into an abstract composition of letters, pieces of newspapers and geometric shapes....\" \/>\n<meta property=\"og:url\" content=\"https:\/\/graphimarket.com\/fr\/product\/newspaper-art-photoshop-action\/\" \/>\n<meta property=\"og:site_name\" content=\"Graphimarket\" \/>\n<meta property=\"article:modified_time\" content=\"2024-07-31T21:48:04+00:00\" \/>\n<meta property=\"og:image\" content=\"https:\/\/graphimarket.com\/wp-content\/uploads\/2021\/02\/newspaper-art-photoshop-action-1.jpg\" \/>\n\t<meta property=\"og:image:width\" content=\"632\" \/>\n\t<meta property=\"og:image:height\" content=\"421\" \/>\n\t<meta property=\"og:image:type\" content=\"image\/jpeg\" \/>\n<meta name=\"twitter:card\" content=\"summary_large_image\" \/>\n<meta name=\"twitter:label1\" content=\"Est. reading time\" \/>\n\t<meta name=\"twitter:data1\" content=\"1 minute\" \/>\n<script type=\"application\/ld+json\" class=\"yoast-schema-graph\">{\"@context\":\"https:\\\/\\\/schema.org\",\"@graph\":[{\"@type\":\"WebPage\",\"@id\":\"https:\\\/\\\/graphimarket.com\\\/product\\\/newspaper-art-photoshop-action\\\/\",\"url\":\"https:\\\/\\\/graphimarket.com\\\/product\\\/newspaper-art-photoshop-action\\\/\",\"name\":\"Newspaper Art Photoshop Action - Graphimarket\",\"isPartOf\":{\"@id\":\"https:\\\/\\\/graphimarket.com\\\/fr\\\/#website\"},\"primaryImageOfPage\":{\"@id\":\"https:\\\/\\\/graphimarket.com\\\/product\\\/newspaper-art-photoshop-action\\\/#primaryimage\"},\"image\":{\"@id\":\"https:\\\/\\\/graphimarket.com\\\/product\\\/newspaper-art-photoshop-action\\\/#primaryimage\"},\"thumbnailUrl\":\"https:\\\/\\\/graphimarket.com\\\/wp-content\\\/uploads\\\/2021\\\/02\\\/newspaper-art-photoshop-action-1.jpg\",\"datePublished\":\"2021-02-02T15:40:26+00:00\",\"dateModified\":\"2024-07-31T21:48:04+00:00\",\"description\":\"Newspaper Art Action turns your photos into an abstract composition of letters, pieces of newspapers and geometric shapes....\",\"breadcrumb\":{\"@id\":\"https:\\\/\\\/graphimarket.com\\\/product\\\/newspaper-art-photoshop-action\\\/#breadcrumb\"},\"inLanguage\":\"fr-FR\",\"potentialAction\":[{\"@type\":\"ReadAction\",\"target\":[\"https:\\\/\\\/graphimarket.com\\\/product\\\/newspaper-art-photoshop-action\\\/\"]}]},{\"@type\":\"ImageObject\",\"inLanguage\":\"fr-FR\",\"@id\":\"https:\\\/\\\/graphimarket.com\\\/product\\\/newspaper-art-photoshop-action\\\/#primaryimage\",\"url\":\"https:\\\/\\\/graphimarket.com\\\/wp-content\\\/uploads\\\/2021\\\/02\\\/newspaper-art-photoshop-action-1.jpg\",\"contentUrl\":\"https:\\\/\\\/graphimarket.com\\\/wp-content\\\/uploads\\\/2021\\\/02\\\/newspaper-art-photoshop-action-1.jpg\",\"width\":632,\"height\":421},{\"@type\":\"BreadcrumbList\",\"@id\":\"https:\\\/\\\/graphimarket.com\\\/product\\\/newspaper-art-photoshop-action\\\/#breadcrumb\",\"itemListElement\":[{\"@type\":\"ListItem\",\"position\":1,\"name\":\"Home\",\"item\":\"https:\\\/\\\/graphimarket.com\\\/es\\\/\"},{\"@type\":\"ListItem\",\"position\":2,\"name\":\"Store\",\"item\":\"https:\\\/\\\/graphimarket.com\\\/store\\\/\"},{\"@type\":\"ListItem\",\"position\":3,\"name\":\"Newspaper Art Photoshop Action\"}]},{\"@type\":\"WebSite\",\"@id\":\"https:\\\/\\\/graphimarket.com\\\/fr\\\/#website\",\"url\":\"https:\\\/\\\/graphimarket.com\\\/fr\\\/\",\"name\":\"Graphimarket\",\"description\":\"Find the perfect creative asset to bring your project to life\",\"publisher\":{\"@id\":\"https:\\\/\\\/graphimarket.com\\\/fr\\\/#organization\"},\"potentialAction\":[{\"@type\":\"SearchAction\",\"target\":{\"@type\":\"EntryPoint\",\"urlTemplate\":\"https:\\\/\\\/graphimarket.com\\\/fr\\\/?s={search_term_string}\"},\"query-input\":{\"@type\":\"PropertyValueSpecification\",\"valueRequired\":true,\"valueName\":\"search_term_string\"}}],\"inLanguage\":\"fr-FR\"},{\"@type\":\"Organization\",\"@id\":\"https:\\\/\\\/graphimarket.com\\\/fr\\\/#organization\",\"name\":\"Graphimarket\",\"url\":\"https:\\\/\\\/graphimarket.com\\\/fr\\\/\",\"logo\":{\"@type\":\"ImageObject\",\"inLanguage\":\"fr-FR\",\"@id\":\"https:\\\/\\\/graphimarket.com\\\/fr\\\/#\\\/schema\\\/logo\\\/image\\\/\",\"url\":\"https:\\\/\\\/graphimarket.com\\\/wp-content\\\/uploads\\\/2020\\\/08\\\/logo-48.png\",\"contentUrl\":\"https:\\\/\\\/graphimarket.com\\\/wp-content\\\/uploads\\\/2020\\\/08\\\/logo-48.png\",\"width\":132,\"height\":48,\"caption\":\"Graphimarket\"},\"image\":{\"@id\":\"https:\\\/\\\/graphimarket.com\\\/fr\\\/#\\\/schema\\\/logo\\\/image\\\/\"}}]}<\/script>\n<!-- \/ Yoast SEO plugin. -->","yoast_head_json":{"title":"Journal Art Photoshop Action - Graphimarket","description":"Newspaper Art Action transforme vos photos en une composition abstraite de lettres, de morceaux de journaux et de formes g\u00e9om\u00e9triques ...","robots":{"index":"index","follow":"follow","max-snippet":"max-snippet:-1","max-image-preview":"max-image-preview:large","max-video-preview":"max-video-preview:-1"},"canonical":"https:\/\/graphimarket.com\/fr\/product\/newspaper-art-photoshop-action\/","og_locale":"fr_FR","og_type":"article","og_title":"Newspaper Art Photoshop Action - Graphimarket","og_description":"Newspaper Art Action turns your photos into an abstract composition of letters, pieces of newspapers and geometric shapes....","og_url":"https:\/\/graphimarket.com\/fr\/product\/newspaper-art-photoshop-action\/","og_site_name":"Graphimarket","article_modified_time":"2024-07-31T21:48:04+00:00","og_image":[{"width":632,"height":421,"url":"https:\/\/graphimarket.com\/wp-content\/uploads\/2021\/02\/newspaper-art-photoshop-action-1.jpg","type":"image\/jpeg"}],"twitter_card":"summary_large_image","twitter_misc":{"Est. reading time":"1 minute"},"schema":{"@context":"https:\/\/schema.org","@graph":[{"@type":"WebPage","@id":"https:\/\/graphimarket.com\/product\/newspaper-art-photoshop-action\/","url":"https:\/\/graphimarket.com\/product\/newspaper-art-photoshop-action\/","name":"Journal Art Photoshop Action - Graphimarket","isPartOf":{"@id":"https:\/\/graphimarket.com\/fr\/#website"},"primaryImageOfPage":{"@id":"https:\/\/graphimarket.com\/product\/newspaper-art-photoshop-action\/#primaryimage"},"image":{"@id":"https:\/\/graphimarket.com\/product\/newspaper-art-photoshop-action\/#primaryimage"},"thumbnailUrl":"https:\/\/graphimarket.com\/wp-content\/uploads\/2021\/02\/newspaper-art-photoshop-action-1.jpg","datePublished":"2021-02-02T15:40:26+00:00","dateModified":"2024-07-31T21:48:04+00:00","description":"Newspaper Art Action transforme vos photos en une composition abstraite de lettres, de morceaux de journaux et de formes g\u00e9om\u00e9triques ...","breadcrumb":{"@id":"https:\/\/graphimarket.com\/product\/newspaper-art-photoshop-action\/#breadcrumb"},"inLanguage":"fr-FR","potentialAction":[{"@type":"ReadAction","target":["https:\/\/graphimarket.com\/product\/newspaper-art-photoshop-action\/"]}]},{"@type":"ImageObject","inLanguage":"fr-FR","@id":"https:\/\/graphimarket.com\/product\/newspaper-art-photoshop-action\/#primaryimage","url":"https:\/\/graphimarket.com\/wp-content\/uploads\/2021\/02\/newspaper-art-photoshop-action-1.jpg","contentUrl":"https:\/\/graphimarket.com\/wp-content\/uploads\/2021\/02\/newspaper-art-photoshop-action-1.jpg","width":632,"height":421},{"@type":"BreadcrumbList","@id":"https:\/\/graphimarket.com\/product\/newspaper-art-photoshop-action\/#breadcrumb","itemListElement":[{"@type":"ListItem","position":1,"name":"Home","item":"https:\/\/graphimarket.com\/es\/"},{"@type":"ListItem","position":2,"name":"Store","item":"https:\/\/graphimarket.com\/store\/"},{"@type":"ListItem","position":3,"name":"Newspaper Art Photoshop Action"}]},{"@type":"WebSite","@id":"https:\/\/graphimarket.com\/fr\/#website","url":"https:\/\/graphimarket.com\/fr\/","name":"Graphimarket","description":"Trouvez l&#039;atout cr\u00e9atif parfait pour donner vie \u00e0 votre projet","publisher":{"@id":"https:\/\/graphimarket.com\/fr\/#organization"},"potentialAction":[{"@type":"SearchAction","target":{"@type":"EntryPoint","urlTemplate":"https:\/\/graphimarket.com\/fr\/?s={search_term_string}"},"query-input":{"@type":"PropertyValueSpecification","valueRequired":true,"valueName":"search_term_string"}}],"inLanguage":"fr-FR"},{"@type":"Organization","@id":"https:\/\/graphimarket.com\/fr\/#organization","name":"Graphimarket","url":"https:\/\/graphimarket.com\/fr\/","logo":{"@type":"ImageObject","inLanguage":"fr-FR","@id":"https:\/\/graphimarket.com\/fr\/#\/schema\/logo\/image\/","url":"https:\/\/graphimarket.com\/wp-content\/uploads\/2020\/08\/logo-48.png","contentUrl":"https:\/\/graphimarket.com\/wp-content\/uploads\/2020\/08\/logo-48.png","width":132,"height":48,"caption":"Graphimarket"},"image":{"@id":"https:\/\/graphimarket.com\/fr\/#\/schema\/logo\/image\/"}}]}},"_links":{"self":[{"href":"http:\/\/graphimarket.com\/fr\/wp-json\/wp\/v2\/product\/15741","targetHints":{"allow":["GET"]}}],"collection":[{"href":"http:\/\/graphimarket.com\/fr\/wp-json\/wp\/v2\/product"}],"about":[{"href":"http:\/\/graphimarket.com\/fr\/wp-json\/wp\/v2\/types\/product"}],"replies":[{"embeddable":true,"href":"http:\/\/graphimarket.com\/fr\/wp-json\/wp\/v2\/comments?post=15741"}],"version-history":[{"count":0,"href":"http:\/\/graphimarket.com\/fr\/wp-json\/wp\/v2\/product\/15741\/revisions"}],"wp:featuredmedia":[{"embeddable":true,"href":"http:\/\/graphimarket.com\/fr\/wp-json\/wp\/v2\/media\/15745"}],"wp:attachment":[{"href":"http:\/\/graphimarket.com\/fr\/wp-json\/wp\/v2\/media?parent=15741"}],"wp:term":[{"taxonomy":"product_brand","embeddable":true,"href":"http:\/\/graphimarket.com\/fr\/wp-json\/wp\/v2\/product_brand?post=15741"},{"taxonomy":"product_cat","embeddable":true,"href":"http:\/\/graphimarket.com\/fr\/wp-json\/wp\/v2\/product_cat?post=15741"},{"taxonomy":"product_tag","embeddable":true,"href":"http:\/\/graphimarket.com\/fr\/wp-json\/wp\/v2\/product_tag?post=15741"}],"curies":[{"name":"wp","href":"https:\/\/api.w.org\/{rel}","templated":true}]}}