{"id":15799,"date":"2021-02-04T17:38:27","date_gmt":"2021-02-04T16:38:27","guid":{"rendered":"https:\/\/graphimarket.com\/?post_type=product&#038;p=15799"},"modified":"2026-04-08T22:04:02","modified_gmt":"2026-04-08T20:04:02","slug":"3d-map-generator-terrain-from-heightmap","status":"publish","type":"product","link":"http:\/\/graphimarket.com\/fr\/product\/3d-map-generator-terrain-from-heightmap\/","title":{"rendered":"G\u00e9n\u00e9rateur de carte 3D - Terrain \u00e0 partir de Heightmap"},"content":{"rendered":"<h1>G\u00e9n\u00e9rateur de carte 3D - Terrain \u00e0 partir de Heightmap<\/h1>\n<p>Avec le g\u00e9n\u00e9rateur de carte 3D - Terrain, vous pouvez facilement cr\u00e9er une carte de hauteur en niveaux de gris, puis en g\u00e9n\u00e9rer un terrain 3D. Les fonctionnalit\u00e9s \u00e9tendues de notre plugin permettent de gagner du temps r\u00e9el pour les cr\u00e9atifs qui souhaitent cr\u00e9er des cartes professionnelles et de haute qualit\u00e9 en un rien de temps. Et la meilleure chose est: vous n&#039;avez pas besoin d&#039;\u00eatre un pro de Photoshop!<\/p>\n<h3 id=\"item-description__features-overview\">Aper\u00e7u des fonctionnalit\u00e9s<\/h3>\n<ul>\n<li>Carte 3D \u00e0 partir de toutes les altitudes en niveaux de gris possibles<\/li>\n<li>Outil complet pour g\u00e9n\u00e9rer et modifier votre propre heightmap<\/li>\n<li>Navigateur Heightmap<\/li>\n<li>Fonction Auto-heightmaps<\/li>\n<li>Biblioth\u00e8que de cartes + ensemble d&#039;exemples gratuit<\/li>\n<li>Fonction nuages al\u00e9atoires<\/li>\n<li>Fonction de carte vue de dessus<\/li>\n<li>21 pinceaux heightmap<\/li>\n<li>Param\u00e8tre d&#039;\u00e9l\u00e9vation de la carte<\/li>\n<li>Carte 3D d&#039;une forme individuelle<\/li>\n<li>3 orientations de carte isom\u00e9trique diff\u00e9rentes (gauche, frontale, droite)<\/li>\n<li>Outil de texturation automatique<\/li>\n<li>16 pr\u00e9r\u00e9glages de d\u00e9grad\u00e9<\/li>\n<li>22 textures sans couture<\/li>\n<li>7 Textures de l\u00e9gende de carte<\/li>\n<li>Diff\u00e9rents pinceaux de texturation<\/li>\n<li>21 pr\u00e9r\u00e9glages d&#039;arri\u00e8re-plan<\/li>\n<li>Outil de s\u00e9lection de couleur de bord de carte<\/li>\n<li>Outil de guides<\/li>\n<li>Outil de lignes de contour<\/li>\n<li>Fonction de niveau d&#039;eau<\/li>\n<li>Ajouter et supprimer la profondeur de la carte (sans limite)<\/li>\n<li>Fonction Global Shadow<\/li>\n<li>4 pinceaux \u00e0 effets pour concevoir la surface de la carte<\/li>\n<li>Outil de gravier<\/li>\n<li>100+ ic\u00f4nes et \u00e9l\u00e9ments de carte<\/li>\n<li>Fonctions de la biblioth\u00e8que d&#039;ic\u00f4nes&gt; ajoutez vos propres ic\u00f4nes<\/li>\n<li>Plugin pour Photoshop CC-2014 et plus r\u00e9cent<\/li>\n<li>20+ didacticiels vid\u00e9o<\/li>\n<\/ul>\n<p>Dessinez ou modifiez une carte de hauteur avec les outils de carte de hauteur. Obtenez des cartes d&#039;altitude du monde r\u00e9el \u00e0 partir d&#039;emplacements r\u00e9els. Sp\u00e9cifiez l&#039;\u00e9l\u00e9vation et l&#039;orientation de la carte et g\u00e9n\u00e9rez une carte 3D isom\u00e9trique. Donnez du style \u00e0 la surface de la carte avec des pr\u00e9r\u00e9glages de d\u00e9grad\u00e9s modifiables, des textures transparentes, des outils Contour Lines, Water Level et des pinceaux EFX. Modifiez la hauteur de la carte, stylisez l&#039;arri\u00e8re-plan, d\u00e9terminez l&#039;\u00e9clairage de la carte, placez des ic\u00f4nes de carte isom\u00e9trique de haute qualit\u00e9 \u00e0 partir de la biblioth\u00e8que d&#039;ic\u00f4nes. Chargez vos propres ic\u00f4nes dans la biblioth\u00e8que. Cr\u00e9ez des terrains 3D professionnels en quelques clics. Le tout avec un seul outil et en quelques clics dans Photoshop!<\/p>\n<p>&nbsp;<\/p>\n<p>&nbsp;<\/p>\n<p><img fetchpriority=\"high\" decoding=\"async\" class=\"alignnone size-full wp-image-15802\" src=\"https:\/\/graphimarket.com\/wp-content\/uploads\/2021\/02\/005_3dmgt.jpg\" alt=\"\" width=\"1200\" height=\"768\" srcset=\"https:\/\/graphimarket.com\/wp-content\/uploads\/2021\/02\/005_3dmgt.jpg 1200w, https:\/\/graphimarket.com\/wp-content\/uploads\/2021\/02\/005_3dmgt-300x192.jpg 300w, https:\/\/graphimarket.com\/wp-content\/uploads\/2021\/02\/005_3dmgt-1024x655.jpg 1024w, https:\/\/graphimarket.com\/wp-content\/uploads\/2021\/02\/005_3dmgt-768x492.jpg 768w, https:\/\/graphimarket.com\/wp-content\/uploads\/2021\/02\/005_3dmgt-16x10.jpg 16w, https:\/\/graphimarket.com\/wp-content\/uploads\/2021\/02\/005_3dmgt-600x384.jpg 600w\" sizes=\"(max-width: 1200px) 100vw, 1200px\" \/> <img decoding=\"async\" class=\"alignnone size-full wp-image-15803\" src=\"https:\/\/graphimarket.com\/wp-content\/uploads\/2021\/02\/006_3dmgt.jpg\" alt=\"\" width=\"1200\" height=\"768\" srcset=\"https:\/\/graphimarket.com\/wp-content\/uploads\/2021\/02\/006_3dmgt.jpg 1200w, https:\/\/graphimarket.com\/wp-content\/uploads\/2021\/02\/006_3dmgt-300x192.jpg 300w, https:\/\/graphimarket.com\/wp-content\/uploads\/2021\/02\/006_3dmgt-1024x655.jpg 1024w, https:\/\/graphimarket.com\/wp-content\/uploads\/2021\/02\/006_3dmgt-768x492.jpg 768w, https:\/\/graphimarket.com\/wp-content\/uploads\/2021\/02\/006_3dmgt-16x10.jpg 16w, https:\/\/graphimarket.com\/wp-content\/uploads\/2021\/02\/006_3dmgt-600x384.jpg 600w\" sizes=\"(max-width: 1200px) 100vw, 1200px\" \/> <img decoding=\"async\" class=\"alignnone size-full wp-image-15804\" src=\"https:\/\/graphimarket.com\/wp-content\/uploads\/2021\/02\/007_3dmgt.jpg\" alt=\"\" width=\"1200\" height=\"768\" srcset=\"https:\/\/graphimarket.com\/wp-content\/uploads\/2021\/02\/007_3dmgt.jpg 1200w, https:\/\/graphimarket.com\/wp-content\/uploads\/2021\/02\/007_3dmgt-300x192.jpg 300w, https:\/\/graphimarket.com\/wp-content\/uploads\/2021\/02\/007_3dmgt-1024x655.jpg 1024w, https:\/\/graphimarket.com\/wp-content\/uploads\/2021\/02\/007_3dmgt-768x492.jpg 768w, https:\/\/graphimarket.com\/wp-content\/uploads\/2021\/02\/007_3dmgt-16x10.jpg 16w, https:\/\/graphimarket.com\/wp-content\/uploads\/2021\/02\/007_3dmgt-600x384.jpg 600w\" sizes=\"(max-width: 1200px) 100vw, 1200px\" \/> <img loading=\"lazy\" decoding=\"async\" class=\"alignnone size-full wp-image-15805\" src=\"https:\/\/graphimarket.com\/wp-content\/uploads\/2021\/02\/008_3dmgt.jpg\" alt=\"\" width=\"1200\" height=\"768\" srcset=\"https:\/\/graphimarket.com\/wp-content\/uploads\/2021\/02\/008_3dmgt.jpg 1200w, https:\/\/graphimarket.com\/wp-content\/uploads\/2021\/02\/008_3dmgt-300x192.jpg 300w, https:\/\/graphimarket.com\/wp-content\/uploads\/2021\/02\/008_3dmgt-1024x655.jpg 1024w, https:\/\/graphimarket.com\/wp-content\/uploads\/2021\/02\/008_3dmgt-768x492.jpg 768w, https:\/\/graphimarket.com\/wp-content\/uploads\/2021\/02\/008_3dmgt-16x10.jpg 16w, https:\/\/graphimarket.com\/wp-content\/uploads\/2021\/02\/008_3dmgt-600x384.jpg 600w\" sizes=\"(max-width: 1200px) 100vw, 1200px\" \/> <img loading=\"lazy\" decoding=\"async\" class=\"alignnone size-full wp-image-15806\" src=\"https:\/\/graphimarket.com\/wp-content\/uploads\/2021\/02\/009_3dmgt.jpg\" alt=\"\" width=\"1200\" height=\"768\" srcset=\"https:\/\/graphimarket.com\/wp-content\/uploads\/2021\/02\/009_3dmgt.jpg 1200w, https:\/\/graphimarket.com\/wp-content\/uploads\/2021\/02\/009_3dmgt-300x192.jpg 300w, https:\/\/graphimarket.com\/wp-content\/uploads\/2021\/02\/009_3dmgt-1024x655.jpg 1024w, https:\/\/graphimarket.com\/wp-content\/uploads\/2021\/02\/009_3dmgt-768x492.jpg 768w, https:\/\/graphimarket.com\/wp-content\/uploads\/2021\/02\/009_3dmgt-16x10.jpg 16w, https:\/\/graphimarket.com\/wp-content\/uploads\/2021\/02\/009_3dmgt-600x384.jpg 600w\" sizes=\"(max-width: 1200px) 100vw, 1200px\" \/> <img loading=\"lazy\" decoding=\"async\" class=\"alignnone size-full wp-image-15807\" src=\"https:\/\/graphimarket.com\/wp-content\/uploads\/2021\/02\/010_3dmgt.jpg\" alt=\"\" width=\"1200\" height=\"768\" srcset=\"https:\/\/graphimarket.com\/wp-content\/uploads\/2021\/02\/010_3dmgt.jpg 1200w, https:\/\/graphimarket.com\/wp-content\/uploads\/2021\/02\/010_3dmgt-300x192.jpg 300w, https:\/\/graphimarket.com\/wp-content\/uploads\/2021\/02\/010_3dmgt-1024x655.jpg 1024w, https:\/\/graphimarket.com\/wp-content\/uploads\/2021\/02\/010_3dmgt-768x492.jpg 768w, https:\/\/graphimarket.com\/wp-content\/uploads\/2021\/02\/010_3dmgt-16x10.jpg 16w, https:\/\/graphimarket.com\/wp-content\/uploads\/2021\/02\/010_3dmgt-600x384.jpg 600w\" sizes=\"(max-width: 1200px) 100vw, 1200px\" \/> <img loading=\"lazy\" decoding=\"async\" class=\"alignnone size-full wp-image-15808\" src=\"https:\/\/graphimarket.com\/wp-content\/uploads\/2021\/02\/001_3dmgt.jpg\" alt=\"\" width=\"1200\" height=\"768\" srcset=\"https:\/\/graphimarket.com\/wp-content\/uploads\/2021\/02\/001_3dmgt.jpg 1200w, https:\/\/graphimarket.com\/wp-content\/uploads\/2021\/02\/001_3dmgt-300x192.jpg 300w, https:\/\/graphimarket.com\/wp-content\/uploads\/2021\/02\/001_3dmgt-1024x655.jpg 1024w, https:\/\/graphimarket.com\/wp-content\/uploads\/2021\/02\/001_3dmgt-768x492.jpg 768w, https:\/\/graphimarket.com\/wp-content\/uploads\/2021\/02\/001_3dmgt-16x10.jpg 16w, https:\/\/graphimarket.com\/wp-content\/uploads\/2021\/02\/001_3dmgt-600x384.jpg 600w\" sizes=\"(max-width: 1200px) 100vw, 1200px\" \/> <img loading=\"lazy\" decoding=\"async\" class=\"alignnone size-full wp-image-15809\" src=\"https:\/\/graphimarket.com\/wp-content\/uploads\/2021\/02\/002_3dmgt.jpg\" alt=\"\" width=\"1200\" height=\"768\" srcset=\"https:\/\/graphimarket.com\/wp-content\/uploads\/2021\/02\/002_3dmgt.jpg 1200w, https:\/\/graphimarket.com\/wp-content\/uploads\/2021\/02\/002_3dmgt-300x192.jpg 300w, https:\/\/graphimarket.com\/wp-content\/uploads\/2021\/02\/002_3dmgt-1024x655.jpg 1024w, https:\/\/graphimarket.com\/wp-content\/uploads\/2021\/02\/002_3dmgt-768x492.jpg 768w, https:\/\/graphimarket.com\/wp-content\/uploads\/2021\/02\/002_3dmgt-16x10.jpg 16w, https:\/\/graphimarket.com\/wp-content\/uploads\/2021\/02\/002_3dmgt-600x384.jpg 600w\" sizes=\"(max-width: 1200px) 100vw, 1200px\" \/> <img loading=\"lazy\" decoding=\"async\" class=\"alignnone size-full wp-image-15810\" src=\"https:\/\/graphimarket.com\/wp-content\/uploads\/2021\/02\/003_3dmgt.jpg\" alt=\"\" width=\"1200\" height=\"768\" srcset=\"https:\/\/graphimarket.com\/wp-content\/uploads\/2021\/02\/003_3dmgt.jpg 1200w, https:\/\/graphimarket.com\/wp-content\/uploads\/2021\/02\/003_3dmgt-300x192.jpg 300w, https:\/\/graphimarket.com\/wp-content\/uploads\/2021\/02\/003_3dmgt-1024x655.jpg 1024w, https:\/\/graphimarket.com\/wp-content\/uploads\/2021\/02\/003_3dmgt-768x492.jpg 768w, https:\/\/graphimarket.com\/wp-content\/uploads\/2021\/02\/003_3dmgt-16x10.jpg 16w, https:\/\/graphimarket.com\/wp-content\/uploads\/2021\/02\/003_3dmgt-600x384.jpg 600w\" sizes=\"(max-width: 1200px) 100vw, 1200px\" \/> <img loading=\"lazy\" decoding=\"async\" class=\"alignnone size-full wp-image-15811\" src=\"https:\/\/graphimarket.com\/wp-content\/uploads\/2021\/02\/004_3dmgt.jpg\" alt=\"\" width=\"1200\" height=\"768\" srcset=\"https:\/\/graphimarket.com\/wp-content\/uploads\/2021\/02\/004_3dmgt.jpg 1200w, https:\/\/graphimarket.com\/wp-content\/uploads\/2021\/02\/004_3dmgt-300x192.jpg 300w, https:\/\/graphimarket.com\/wp-content\/uploads\/2021\/02\/004_3dmgt-1024x655.jpg 1024w, https:\/\/graphimarket.com\/wp-content\/uploads\/2021\/02\/004_3dmgt-768x492.jpg 768w, https:\/\/graphimarket.com\/wp-content\/uploads\/2021\/02\/004_3dmgt-16x10.jpg 16w, https:\/\/graphimarket.com\/wp-content\/uploads\/2021\/02\/004_3dmgt-600x384.jpg 600w\" sizes=\"(max-width: 1200px) 100vw, 1200px\" \/><\/p>","protected":false},"excerpt":{"rendered":"<p>3D Map Generator &#8211; Terrain from Heightmap With the 3D Map Generator \u2013 Terrain you can easily create a grayscale heightmap and then generate a 3D terrain out of it. The extensive features of our plugin are real time savers for creatives who want to create professional and high-quality maps in no time. And the [&hellip;]<\/p>\n","protected":false},"featured_media":15804,"comment_status":"open","ping_status":"closed","template":"","meta":{"site-sidebar-layout":"default","site-content-layout":"default","ast-site-content-layout":"default","site-content-style":"default","site-sidebar-style":"default","ast-global-header-display":"","ast-banner-title-visibility":"","ast-main-header-display":"","ast-hfb-above-header-display":"","ast-hfb-below-header-display":"","ast-hfb-mobile-header-display":"","site-post-title":"","ast-breadcrumbs-content":"","ast-featured-img":"","footer-sml-layout":"","ast-disable-related-posts":"","theme-transparent-header-meta":"default","adv-header-id-meta":"","stick-header-meta":"","header-above-stick-meta":"","header-main-stick-meta":"","header-below-stick-meta":"","astra-migrate-meta-layouts":"default","ast-page-background-enabled":"default","ast-page-background-meta":{"desktop":{"background-color":"","background-image":"","background-repeat":"repeat","background-position":"center center","background-size":"auto","background-attachment":"scroll","background-type":"","background-media":"","overlay-type":"","overlay-color":"","overlay-opacity":"","overlay-gradient":""},"tablet":{"background-color":"","background-image":"","background-repeat":"repeat","background-position":"center center","background-size":"auto","background-attachment":"scroll","background-type":"","background-media":"","overlay-type":"","overlay-color":"","overlay-opacity":"","overlay-gradient":""},"mobile":{"background-color":"","background-image":"","background-repeat":"repeat","background-position":"center center","background-size":"auto","background-attachment":"scroll","background-type":"","background-media":"","overlay-type":"","overlay-color":"","overlay-opacity":"","overlay-gradient":""}},"ast-content-background-meta":{"desktop":{"background-color":"var(--ast-global-color-5)","background-image":"","background-repeat":"repeat","background-position":"center center","background-size":"auto","background-attachment":"scroll","background-type":"","background-media":"","overlay-type":"","overlay-color":"","overlay-opacity":"","overlay-gradient":""},"tablet":{"background-color":"var(--ast-global-color-5)","background-image":"","background-repeat":"repeat","background-position":"center center","background-size":"auto","background-attachment":"scroll","background-type":"","background-media":"","overlay-type":"","overlay-color":"","overlay-opacity":"","overlay-gradient":""},"mobile":{"background-color":"var(--ast-global-color-5)","background-image":"","background-repeat":"repeat","background-position":"center center","background-size":"auto","background-attachment":"scroll","background-type":"","background-media":"","overlay-type":"","overlay-color":"","overlay-opacity":"","overlay-gradient":""}}},"product_brand":[],"product_cat":[193,46],"product_tag":[291,303,574,1876,455,1875,243],"class_list":{"0":"post-15799","1":"product","2":"type-product","3":"status-publish","4":"has-post-thumbnail","6":"product_cat-graphic-design","7":"product_cat-graphics","8":"product_tag-3d","9":"product_tag-generator","10":"product_tag-graphic","11":"product_tag-heightmap","12":"product_tag-map","13":"product_tag-terrain","14":"product_tag-texture","15":"desktop-align-left","16":"tablet-align-left","17":"mobile-align-left","19":"first","20":"instock","21":"sale","22":"downloadable","23":"virtual","24":"taxable","25":"purchasable","26":"product-type-simple"},"yoast_head":"<!-- This site is optimized with the Yoast SEO plugin v27.3 - https:\/\/yoast.com\/product\/yoast-seo-wordpress\/ -->\n<title>3D Map Generator - Terrain from Heightmap - Graphimarket<\/title>\n<meta name=\"description\" content=\"With the 3D Map Generator \u2013 Terrain you can easily create a grayscale heightmap and then generate a 3D terrain out of it....\" \/>\n<meta name=\"robots\" content=\"index, follow, max-snippet:-1, max-image-preview:large, max-video-preview:-1\" \/>\n<link rel=\"canonical\" href=\"https:\/\/graphimarket.com\/fr\/product\/3d-map-generator-terrain-from-heightmap\/\" \/>\n<meta property=\"og:locale\" content=\"fr_FR\" \/>\n<meta property=\"og:type\" content=\"article\" \/>\n<meta property=\"og:title\" content=\"3D Map Generator - Terrain from Heightmap - Graphimarket\" \/>\n<meta property=\"og:description\" content=\"With the 3D Map Generator \u2013 Terrain you can easily create a grayscale heightmap and then generate a 3D terrain out of it....\" \/>\n<meta property=\"og:url\" content=\"https:\/\/graphimarket.com\/fr\/product\/3d-map-generator-terrain-from-heightmap\/\" \/>\n<meta property=\"og:site_name\" content=\"Graphimarket\" \/>\n<meta property=\"article:modified_time\" content=\"2026-04-08T20:04:02+00:00\" \/>\n<meta property=\"og:image\" content=\"https:\/\/graphimarket.com\/wp-content\/uploads\/2021\/02\/007_3dmgt.jpg\" \/>\n\t<meta property=\"og:image:width\" content=\"1200\" \/>\n\t<meta property=\"og:image:height\" content=\"768\" \/>\n\t<meta property=\"og:image:type\" content=\"image\/jpeg\" \/>\n<meta name=\"twitter:card\" content=\"summary_large_image\" \/>\n<meta name=\"twitter:label1\" content=\"Est. reading time\" \/>\n\t<meta name=\"twitter:data1\" content=\"1 minute\" \/>\n<script type=\"application\/ld+json\" class=\"yoast-schema-graph\">{\"@context\":\"https:\\\/\\\/schema.org\",\"@graph\":[{\"@type\":\"WebPage\",\"@id\":\"https:\\\/\\\/graphimarket.com\\\/fr\\\/product\\\/3d-map-generator-terrain-from-heightmap\\\/\",\"url\":\"https:\\\/\\\/graphimarket.com\\\/fr\\\/product\\\/3d-map-generator-terrain-from-heightmap\\\/\",\"name\":\"3D Map Generator - Terrain from Heightmap - Graphimarket\",\"isPartOf\":{\"@id\":\"https:\\\/\\\/graphimarket.com\\\/fr\\\/#website\"},\"primaryImageOfPage\":{\"@id\":\"https:\\\/\\\/graphimarket.com\\\/fr\\\/product\\\/3d-map-generator-terrain-from-heightmap\\\/#primaryimage\"},\"image\":{\"@id\":\"https:\\\/\\\/graphimarket.com\\\/fr\\\/product\\\/3d-map-generator-terrain-from-heightmap\\\/#primaryimage\"},\"thumbnailUrl\":\"https:\\\/\\\/graphimarket.com\\\/wp-content\\\/uploads\\\/2021\\\/02\\\/007_3dmgt.jpg\",\"datePublished\":\"2021-02-04T16:38:27+00:00\",\"dateModified\":\"2026-04-08T20:04:02+00:00\",\"description\":\"With the 3D Map Generator \u2013 Terrain you can easily create a grayscale heightmap and then generate a 3D terrain out of it....\",\"breadcrumb\":{\"@id\":\"https:\\\/\\\/graphimarket.com\\\/fr\\\/product\\\/3d-map-generator-terrain-from-heightmap\\\/#breadcrumb\"},\"inLanguage\":\"fr-FR\",\"potentialAction\":[{\"@type\":\"ReadAction\",\"target\":[\"https:\\\/\\\/graphimarket.com\\\/fr\\\/product\\\/3d-map-generator-terrain-from-heightmap\\\/\"]}]},{\"@type\":\"ImageObject\",\"inLanguage\":\"fr-FR\",\"@id\":\"https:\\\/\\\/graphimarket.com\\\/fr\\\/product\\\/3d-map-generator-terrain-from-heightmap\\\/#primaryimage\",\"url\":\"https:\\\/\\\/graphimarket.com\\\/wp-content\\\/uploads\\\/2021\\\/02\\\/007_3dmgt.jpg\",\"contentUrl\":\"https:\\\/\\\/graphimarket.com\\\/wp-content\\\/uploads\\\/2021\\\/02\\\/007_3dmgt.jpg\",\"width\":1200,\"height\":768},{\"@type\":\"BreadcrumbList\",\"@id\":\"https:\\\/\\\/graphimarket.com\\\/fr\\\/product\\\/3d-map-generator-terrain-from-heightmap\\\/#breadcrumb\",\"itemListElement\":[{\"@type\":\"ListItem\",\"position\":1,\"name\":\"Home\",\"item\":\"https:\\\/\\\/graphimarket.com\\\/es\\\/\"},{\"@type\":\"ListItem\",\"position\":2,\"name\":\"Store\",\"item\":\"https:\\\/\\\/graphimarket.com\\\/store\\\/\"},{\"@type\":\"ListItem\",\"position\":3,\"name\":\"3D Map Generator &#8211; Terrain from Heightmap\"}]},{\"@type\":\"WebSite\",\"@id\":\"https:\\\/\\\/graphimarket.com\\\/fr\\\/#website\",\"url\":\"https:\\\/\\\/graphimarket.com\\\/fr\\\/\",\"name\":\"Graphimarket\",\"description\":\"Find the perfect creative asset to bring your project to life\",\"publisher\":{\"@id\":\"https:\\\/\\\/graphimarket.com\\\/fr\\\/#organization\"},\"potentialAction\":[{\"@type\":\"SearchAction\",\"target\":{\"@type\":\"EntryPoint\",\"urlTemplate\":\"https:\\\/\\\/graphimarket.com\\\/fr\\\/?s={search_term_string}\"},\"query-input\":{\"@type\":\"PropertyValueSpecification\",\"valueRequired\":true,\"valueName\":\"search_term_string\"}}],\"inLanguage\":\"fr-FR\"},{\"@type\":\"Organization\",\"@id\":\"https:\\\/\\\/graphimarket.com\\\/fr\\\/#organization\",\"name\":\"Graphimarket\",\"url\":\"https:\\\/\\\/graphimarket.com\\\/fr\\\/\",\"logo\":{\"@type\":\"ImageObject\",\"inLanguage\":\"fr-FR\",\"@id\":\"https:\\\/\\\/graphimarket.com\\\/fr\\\/#\\\/schema\\\/logo\\\/image\\\/\",\"url\":\"https:\\\/\\\/graphimarket.com\\\/wp-content\\\/uploads\\\/2020\\\/08\\\/logo-48.png\",\"contentUrl\":\"https:\\\/\\\/graphimarket.com\\\/wp-content\\\/uploads\\\/2020\\\/08\\\/logo-48.png\",\"width\":132,\"height\":48,\"caption\":\"Graphimarket\"},\"image\":{\"@id\":\"https:\\\/\\\/graphimarket.com\\\/fr\\\/#\\\/schema\\\/logo\\\/image\\\/\"}}]}<\/script>\n<!-- \/ Yoast SEO plugin. -->","yoast_head_json":{"title":"G\u00e9n\u00e9rateur de carte 3D - Terrain \u00e0 partir de Heightmap - Graphimarket","description":"Avec le g\u00e9n\u00e9rateur de carte 3D - Terrain, vous pouvez facilement cr\u00e9er une carte de hauteur en niveaux de gris, puis g\u00e9n\u00e9rer un terrain 3D \u00e0 partir de celle-ci ....","robots":{"index":"index","follow":"follow","max-snippet":"max-snippet:-1","max-image-preview":"max-image-preview:large","max-video-preview":"max-video-preview:-1"},"canonical":"https:\/\/graphimarket.com\/fr\/product\/3d-map-generator-terrain-from-heightmap\/","og_locale":"fr_FR","og_type":"article","og_title":"3D Map Generator - Terrain from Heightmap - Graphimarket","og_description":"With the 3D Map Generator \u2013 Terrain you can easily create a grayscale heightmap and then generate a 3D terrain out of it....","og_url":"https:\/\/graphimarket.com\/fr\/product\/3d-map-generator-terrain-from-heightmap\/","og_site_name":"Graphimarket","article_modified_time":"2026-04-08T20:04:02+00:00","og_image":[{"width":1200,"height":768,"url":"https:\/\/graphimarket.com\/wp-content\/uploads\/2021\/02\/007_3dmgt.jpg","type":"image\/jpeg"}],"twitter_card":"summary_large_image","twitter_misc":{"Est. reading time":"1 minute"},"schema":{"@context":"https:\/\/schema.org","@graph":[{"@type":"WebPage","@id":"https:\/\/graphimarket.com\/fr\/product\/3d-map-generator-terrain-from-heightmap\/","url":"https:\/\/graphimarket.com\/fr\/product\/3d-map-generator-terrain-from-heightmap\/","name":"G\u00e9n\u00e9rateur de carte 3D - Terrain \u00e0 partir de Heightmap - Graphimarket","isPartOf":{"@id":"https:\/\/graphimarket.com\/fr\/#website"},"primaryImageOfPage":{"@id":"https:\/\/graphimarket.com\/fr\/product\/3d-map-generator-terrain-from-heightmap\/#primaryimage"},"image":{"@id":"https:\/\/graphimarket.com\/fr\/product\/3d-map-generator-terrain-from-heightmap\/#primaryimage"},"thumbnailUrl":"https:\/\/graphimarket.com\/wp-content\/uploads\/2021\/02\/007_3dmgt.jpg","datePublished":"2021-02-04T16:38:27+00:00","dateModified":"2026-04-08T20:04:02+00:00","description":"Avec le g\u00e9n\u00e9rateur de carte 3D - Terrain, vous pouvez facilement cr\u00e9er une carte de hauteur en niveaux de gris, puis g\u00e9n\u00e9rer un terrain 3D \u00e0 partir de celle-ci ....","breadcrumb":{"@id":"https:\/\/graphimarket.com\/fr\/product\/3d-map-generator-terrain-from-heightmap\/#breadcrumb"},"inLanguage":"fr-FR","potentialAction":[{"@type":"ReadAction","target":["https:\/\/graphimarket.com\/fr\/product\/3d-map-generator-terrain-from-heightmap\/"]}]},{"@type":"ImageObject","inLanguage":"fr-FR","@id":"https:\/\/graphimarket.com\/fr\/product\/3d-map-generator-terrain-from-heightmap\/#primaryimage","url":"https:\/\/graphimarket.com\/wp-content\/uploads\/2021\/02\/007_3dmgt.jpg","contentUrl":"https:\/\/graphimarket.com\/wp-content\/uploads\/2021\/02\/007_3dmgt.jpg","width":1200,"height":768},{"@type":"BreadcrumbList","@id":"https:\/\/graphimarket.com\/fr\/product\/3d-map-generator-terrain-from-heightmap\/#breadcrumb","itemListElement":[{"@type":"ListItem","position":1,"name":"Home","item":"https:\/\/graphimarket.com\/es\/"},{"@type":"ListItem","position":2,"name":"Store","item":"https:\/\/graphimarket.com\/store\/"},{"@type":"ListItem","position":3,"name":"3D Map Generator &#8211; Terrain from Heightmap"}]},{"@type":"WebSite","@id":"https:\/\/graphimarket.com\/fr\/#website","url":"https:\/\/graphimarket.com\/fr\/","name":"Graphimarket","description":"Trouvez l&#039;atout cr\u00e9atif parfait pour donner vie \u00e0 votre projet","publisher":{"@id":"https:\/\/graphimarket.com\/fr\/#organization"},"potentialAction":[{"@type":"SearchAction","target":{"@type":"EntryPoint","urlTemplate":"https:\/\/graphimarket.com\/fr\/?s={search_term_string}"},"query-input":{"@type":"PropertyValueSpecification","valueRequired":true,"valueName":"search_term_string"}}],"inLanguage":"fr-FR"},{"@type":"Organization","@id":"https:\/\/graphimarket.com\/fr\/#organization","name":"Graphimarket","url":"https:\/\/graphimarket.com\/fr\/","logo":{"@type":"ImageObject","inLanguage":"fr-FR","@id":"https:\/\/graphimarket.com\/fr\/#\/schema\/logo\/image\/","url":"https:\/\/graphimarket.com\/wp-content\/uploads\/2020\/08\/logo-48.png","contentUrl":"https:\/\/graphimarket.com\/wp-content\/uploads\/2020\/08\/logo-48.png","width":132,"height":48,"caption":"Graphimarket"},"image":{"@id":"https:\/\/graphimarket.com\/fr\/#\/schema\/logo\/image\/"}}]}},"_links":{"self":[{"href":"http:\/\/graphimarket.com\/fr\/wp-json\/wp\/v2\/product\/15799","targetHints":{"allow":["GET"]}}],"collection":[{"href":"http:\/\/graphimarket.com\/fr\/wp-json\/wp\/v2\/product"}],"about":[{"href":"http:\/\/graphimarket.com\/fr\/wp-json\/wp\/v2\/types\/product"}],"replies":[{"embeddable":true,"href":"http:\/\/graphimarket.com\/fr\/wp-json\/wp\/v2\/comments?post=15799"}],"version-history":[{"count":0,"href":"http:\/\/graphimarket.com\/fr\/wp-json\/wp\/v2\/product\/15799\/revisions"}],"wp:featuredmedia":[{"embeddable":true,"href":"http:\/\/graphimarket.com\/fr\/wp-json\/wp\/v2\/media\/15804"}],"wp:attachment":[{"href":"http:\/\/graphimarket.com\/fr\/wp-json\/wp\/v2\/media?parent=15799"}],"wp:term":[{"taxonomy":"product_brand","embeddable":true,"href":"http:\/\/graphimarket.com\/fr\/wp-json\/wp\/v2\/product_brand?post=15799"},{"taxonomy":"product_cat","embeddable":true,"href":"http:\/\/graphimarket.com\/fr\/wp-json\/wp\/v2\/product_cat?post=15799"},{"taxonomy":"product_tag","embeddable":true,"href":"http:\/\/graphimarket.com\/fr\/wp-json\/wp\/v2\/product_tag?post=15799"}],"curies":[{"name":"wp","href":"https:\/\/api.w.org\/{rel}","templated":true}]}}