{"id":16115,"date":"2021-03-12T15:37:11","date_gmt":"2021-03-12T14:37:11","guid":{"rendered":"https:\/\/graphimarket.com\/?post_type=product&#038;p=16115"},"modified":"2022-12-19T08:57:02","modified_gmt":"2022-12-19T07:57:02","slug":"geometric-sketch-photoshop-action","status":"publish","type":"product","link":"http:\/\/graphimarket.com\/fr\/product\/geometric-sketch-photoshop-action\/","title":{"rendered":"Action Photoshop d&#039;esquisse g\u00e9om\u00e9trique"},"content":{"rendered":"<section class=\"details-section no-overflow\" data-module=\"Product Description Body\">\n<h2 class=\"sp-h4 mb-20\">\u00c0 propos du produit<\/h2>\n<div id=\"detailsContainer\" class=\"details-container\">\n<div class=\"sp-p details-text\">\n<p><strong>Action Photoshop d&#039;esquisse g\u00e9om\u00e9trique<\/strong><\/p>\n<p>Cette action est con\u00e7ue pour transformer vos photos en un v\u00e9ritable look d&#039;esquisse g\u00e9om\u00e9trique. Facile \u00e0 personnaliser, effet non destructif.<\/p>\n<p>Ma version du logiciel de travail : CC2020 Version anglaise. Version logicielle prise en charge\u00a0: CS4, CS5, cs5.5, CS6, CC, CC2014, CC2015.5, CC2017, CC2018, CC2019, CC2020 Version anglaise.<\/p>\n<p>Dans cette action, vous obtenez bien 20 options de couleurs diff\u00e9rentes lorsque vous ouvrez un \u0153il non vu. Vous pouvez changer la couleur des pinceaux tr\u00e8s facilement.<\/p>\n<p><strong>Consigne la plus importante :<\/strong><\/p>\n<p>Ouvrez d&#039;abord une photo, prenez un nouveau calque puis renommez &quot;pinceau&quot; (en minuscule). S\u00e9lectionnez ensuite un pinceau doux et brossez votre image. Fermez l&#039;\u0153il du calque de pinceau et s\u00e9lectionnez le calque d&#039;arri\u00e8re-plan. Cliquez ensuite sur le bouton de lecture d&#039;action.<\/p>\n<p><strong>Le fichier comprend\u00a0:<\/strong><\/p>\n<ul>\n<li>Fichier ATN<\/li>\n<li>Brosse<\/li>\n<li>Mod\u00e8le<\/li>\n<li>PDF Lisez-moi Premier fichier<\/li>\n<\/ul>\n<ul>\n<li>Fichier d&#039;aide<\/li>\n<li>Flux de travail non destructif<\/li>\n<li>Travail sur toutes les photos<\/li>\n<li>R\u00e9sultat de haute qualit\u00e9<\/li>\n<\/ul>\n<p>Recommand\u00e9 :Utilisez des images 2000x3000px pour un bon r\u00e9sultat<\/p>\n<\/div>\n<p><img fetchpriority=\"high\" decoding=\"async\" class=\"alignnone size-full wp-image-16124\" src=\"https:\/\/graphimarket.com\/wp-content\/uploads\/2021\/03\/cover-1-1.jpg\" alt=\"\" width=\"1160\" height=\"838\" srcset=\"https:\/\/graphimarket.com\/wp-content\/uploads\/2021\/03\/cover-1-1.jpg 1160w, https:\/\/graphimarket.com\/wp-content\/uploads\/2021\/03\/cover-1-1-300x217.jpg 300w, https:\/\/graphimarket.com\/wp-content\/uploads\/2021\/03\/cover-1-1-1024x740.jpg 1024w, https:\/\/graphimarket.com\/wp-content\/uploads\/2021\/03\/cover-1-1-768x555.jpg 768w, https:\/\/graphimarket.com\/wp-content\/uploads\/2021\/03\/cover-1-1-16x12.jpg 16w, https:\/\/graphimarket.com\/wp-content\/uploads\/2021\/03\/cover-1-1-600x433.jpg 600w\" sizes=\"(max-width: 1160px) 100vw, 1160px\" \/><\/p>\n<\/div>\n<\/section>\n<div class=\"cta-content\"><\/div>\n<div><\/div>\n<div><img decoding=\"async\" class=\"alignnone size-full wp-image-16116\" src=\"https:\/\/graphimarket.com\/wp-content\/uploads\/2021\/03\/8-.jpg\" alt=\"\" width=\"1160\" height=\"838\" srcset=\"https:\/\/graphimarket.com\/wp-content\/uploads\/2021\/03\/8-.jpg 1160w, https:\/\/graphimarket.com\/wp-content\/uploads\/2021\/03\/8--300x217.jpg 300w, https:\/\/graphimarket.com\/wp-content\/uploads\/2021\/03\/8--1024x740.jpg 1024w, https:\/\/graphimarket.com\/wp-content\/uploads\/2021\/03\/8--768x555.jpg 768w, https:\/\/graphimarket.com\/wp-content\/uploads\/2021\/03\/8--16x12.jpg 16w, https:\/\/graphimarket.com\/wp-content\/uploads\/2021\/03\/8--600x433.jpg 600w\" sizes=\"(max-width: 1160px) 100vw, 1160px\" \/> <img decoding=\"async\" class=\"alignnone size-full wp-image-16117\" src=\"https:\/\/graphimarket.com\/wp-content\/uploads\/2021\/03\/9-.jpg\" alt=\"\" width=\"1160\" height=\"838\" srcset=\"https:\/\/graphimarket.com\/wp-content\/uploads\/2021\/03\/9-.jpg 1160w, https:\/\/graphimarket.com\/wp-content\/uploads\/2021\/03\/9--300x217.jpg 300w, https:\/\/graphimarket.com\/wp-content\/uploads\/2021\/03\/9--1024x740.jpg 1024w, https:\/\/graphimarket.com\/wp-content\/uploads\/2021\/03\/9--768x555.jpg 768w, https:\/\/graphimarket.com\/wp-content\/uploads\/2021\/03\/9--16x12.jpg 16w, https:\/\/graphimarket.com\/wp-content\/uploads\/2021\/03\/9--600x433.jpg 600w\" sizes=\"(max-width: 1160px) 100vw, 1160px\" \/> <img loading=\"lazy\" decoding=\"async\" class=\"alignnone size-full wp-image-16118\" src=\"https:\/\/graphimarket.com\/wp-content\/uploads\/2021\/03\/10-.jpg\" alt=\"\" width=\"1160\" height=\"838\" srcset=\"https:\/\/graphimarket.com\/wp-content\/uploads\/2021\/03\/10-.jpg 1160w, https:\/\/graphimarket.com\/wp-content\/uploads\/2021\/03\/10--300x217.jpg 300w, https:\/\/graphimarket.com\/wp-content\/uploads\/2021\/03\/10--1024x740.jpg 1024w, https:\/\/graphimarket.com\/wp-content\/uploads\/2021\/03\/10--768x555.jpg 768w, https:\/\/graphimarket.com\/wp-content\/uploads\/2021\/03\/10--16x12.jpg 16w, https:\/\/graphimarket.com\/wp-content\/uploads\/2021\/03\/10--600x433.jpg 600w\" sizes=\"(max-width: 1160px) 100vw, 1160px\" \/> <img loading=\"lazy\" decoding=\"async\" class=\"alignnone size-full wp-image-16120\" src=\"https:\/\/graphimarket.com\/wp-content\/uploads\/2021\/03\/3-.jpg\" alt=\"\" width=\"1160\" height=\"838\" srcset=\"https:\/\/graphimarket.com\/wp-content\/uploads\/2021\/03\/3-.jpg 1160w, https:\/\/graphimarket.com\/wp-content\/uploads\/2021\/03\/3--300x217.jpg 300w, https:\/\/graphimarket.com\/wp-content\/uploads\/2021\/03\/3--1024x740.jpg 1024w, https:\/\/graphimarket.com\/wp-content\/uploads\/2021\/03\/3--768x555.jpg 768w, https:\/\/graphimarket.com\/wp-content\/uploads\/2021\/03\/3--16x12.jpg 16w, https:\/\/graphimarket.com\/wp-content\/uploads\/2021\/03\/3--600x433.jpg 600w\" sizes=\"(max-width: 1160px) 100vw, 1160px\" \/> <img loading=\"lazy\" decoding=\"async\" class=\"alignnone size-full wp-image-16121\" src=\"https:\/\/graphimarket.com\/wp-content\/uploads\/2021\/03\/4-.jpg\" alt=\"\" width=\"1160\" height=\"838\" srcset=\"https:\/\/graphimarket.com\/wp-content\/uploads\/2021\/03\/4-.jpg 1160w, https:\/\/graphimarket.com\/wp-content\/uploads\/2021\/03\/4--300x217.jpg 300w, https:\/\/graphimarket.com\/wp-content\/uploads\/2021\/03\/4--1024x740.jpg 1024w, https:\/\/graphimarket.com\/wp-content\/uploads\/2021\/03\/4--768x555.jpg 768w, https:\/\/graphimarket.com\/wp-content\/uploads\/2021\/03\/4--16x12.jpg 16w, https:\/\/graphimarket.com\/wp-content\/uploads\/2021\/03\/4--600x433.jpg 600w\" sizes=\"(max-width: 1160px) 100vw, 1160px\" \/> <img loading=\"lazy\" decoding=\"async\" class=\"alignnone size-full wp-image-16122\" src=\"https:\/\/graphimarket.com\/wp-content\/uploads\/2021\/03\/5-.jpg\" alt=\"\" width=\"1160\" height=\"838\" srcset=\"https:\/\/graphimarket.com\/wp-content\/uploads\/2021\/03\/5-.jpg 1160w, https:\/\/graphimarket.com\/wp-content\/uploads\/2021\/03\/5--300x217.jpg 300w, https:\/\/graphimarket.com\/wp-content\/uploads\/2021\/03\/5--1024x740.jpg 1024w, https:\/\/graphimarket.com\/wp-content\/uploads\/2021\/03\/5--768x555.jpg 768w, https:\/\/graphimarket.com\/wp-content\/uploads\/2021\/03\/5--16x12.jpg 16w, https:\/\/graphimarket.com\/wp-content\/uploads\/2021\/03\/5--600x433.jpg 600w\" sizes=\"(max-width: 1160px) 100vw, 1160px\" \/> <img loading=\"lazy\" decoding=\"async\" class=\"alignnone size-full wp-image-16123\" src=\"https:\/\/graphimarket.com\/wp-content\/uploads\/2021\/03\/6-.jpg\" alt=\"\" width=\"1160\" height=\"838\" srcset=\"https:\/\/graphimarket.com\/wp-content\/uploads\/2021\/03\/6-.jpg 1160w, https:\/\/graphimarket.com\/wp-content\/uploads\/2021\/03\/6--300x217.jpg 300w, https:\/\/graphimarket.com\/wp-content\/uploads\/2021\/03\/6--1024x740.jpg 1024w, https:\/\/graphimarket.com\/wp-content\/uploads\/2021\/03\/6--768x555.jpg 768w, https:\/\/graphimarket.com\/wp-content\/uploads\/2021\/03\/6--16x12.jpg 16w, https:\/\/graphimarket.com\/wp-content\/uploads\/2021\/03\/6--600x433.jpg 600w\" sizes=\"(max-width: 1160px) 100vw, 1160px\" \/><\/div>","protected":false},"excerpt":{"rendered":"<p>About the Product Geometric Sketch Photoshop Action This action is designed to transform your photo\u2019s into real Geometric Sketch look. Easy to customize, Non-destructive effect. My Working Software Version : CC2020 English Version. Software supported version: CS4,CS5, cs5.5, CS6, CC, CC2014, CC2015.5, CC2017,CC2018,CC2019,CC2020 English Version. In this action you well get 20 different color option [&hellip;]<\/p>\n","protected":false},"featured_media":16124,"comment_status":"open","ping_status":"closed","template":"","meta":{"site-sidebar-layout":"default","site-content-layout":"default","ast-site-content-layout":"default","site-content-style":"default","site-sidebar-style":"default","ast-global-header-display":"","ast-banner-title-visibility":"","ast-main-header-display":"","ast-hfb-above-header-display":"","ast-hfb-below-header-display":"","ast-hfb-mobile-header-display":"","site-post-title":"","ast-breadcrumbs-content":"","ast-featured-img":"","footer-sml-layout":"","ast-disable-related-posts":"","theme-transparent-header-meta":"default","adv-header-id-meta":"","stick-header-meta":"","header-above-stick-meta":"","header-main-stick-meta":"","header-below-stick-meta":"","astra-migrate-meta-layouts":"default","ast-page-background-enabled":"default","ast-page-background-meta":{"desktop":{"background-color":"","background-image":"","background-repeat":"repeat","background-position":"center center","background-size":"auto","background-attachment":"scroll","background-type":"","background-media":"","overlay-type":"","overlay-color":"","overlay-opacity":"","overlay-gradient":""},"tablet":{"background-color":"","background-image":"","background-repeat":"repeat","background-position":"center center","background-size":"auto","background-attachment":"scroll","background-type":"","background-media":"","overlay-type":"","overlay-color":"","overlay-opacity":"","overlay-gradient":""},"mobile":{"background-color":"","background-image":"","background-repeat":"repeat","background-position":"center center","background-size":"auto","background-attachment":"scroll","background-type":"","background-media":"","overlay-type":"","overlay-color":"","overlay-opacity":"","overlay-gradient":""}},"ast-content-background-meta":{"desktop":{"background-color":"var(--ast-global-color-5)","background-image":"","background-repeat":"repeat","background-position":"center center","background-size":"auto","background-attachment":"scroll","background-type":"","background-media":"","overlay-type":"","overlay-color":"","overlay-opacity":"","overlay-gradient":""},"tablet":{"background-color":"var(--ast-global-color-5)","background-image":"","background-repeat":"repeat","background-position":"center center","background-size":"auto","background-attachment":"scroll","background-type":"","background-media":"","overlay-type":"","overlay-color":"","overlay-opacity":"","overlay-gradient":""},"mobile":{"background-color":"var(--ast-global-color-5)","background-image":"","background-repeat":"repeat","background-position":"center center","background-size":"auto","background-attachment":"scroll","background-type":"","background-media":"","overlay-type":"","overlay-color":"","overlay-opacity":"","overlay-gradient":""}}},"product_brand":[],"product_cat":[196,97,15,144,145,195,146],"product_tag":[292,1386,1639,1890,957,62,267],"class_list":{"0":"post-16115","1":"product","2":"type-product","3":"status-publish","4":"has-post-thumbnail","6":"product_cat-actions","7":"product_cat-addons","8":"product_cat-photo","9":"product_cat-photo-editor","10":"product_cat-photography","11":"product_cat-photoshop","12":"product_cat-photoshop-action","13":"product_tag-action","14":"product_tag-adobe","15":"product_tag-geometric","16":"product_tag-mac","17":"product_tag-microsoft","18":"product_tag-photoshop","19":"product_tag-sketch","20":"desktop-align-left","21":"tablet-align-left","22":"mobile-align-left","24":"first","25":"instock","26":"downloadable","27":"virtual","28":"taxable","29":"purchasable","30":"product-type-simple"},"yoast_head":"<!-- This site is optimized with the Yoast SEO plugin v27.3 - https:\/\/yoast.com\/product\/yoast-seo-wordpress\/ -->\n<title>Geometric Sketch Photoshop Action - Graphimarket<\/title>\n<meta name=\"description\" content=\"Geometric Sketch Photoshop ActionThis action is designed to transform your photo\u2019s into real Geometric Sketch look...\" \/>\n<meta name=\"robots\" content=\"index, follow, max-snippet:-1, max-image-preview:large, max-video-preview:-1\" \/>\n<link rel=\"canonical\" href=\"https:\/\/graphimarket.com\/fr\/product\/geometric-sketch-photoshop-action\/\" \/>\n<meta property=\"og:locale\" content=\"fr_FR\" \/>\n<meta property=\"og:type\" content=\"article\" \/>\n<meta property=\"og:title\" content=\"Geometric Sketch Photoshop Action - Graphimarket\" \/>\n<meta property=\"og:description\" content=\"Geometric Sketch Photoshop ActionThis action is designed to transform your photo\u2019s into real Geometric Sketch look...\" \/>\n<meta property=\"og:url\" content=\"https:\/\/graphimarket.com\/fr\/product\/geometric-sketch-photoshop-action\/\" \/>\n<meta property=\"og:site_name\" content=\"Graphimarket\" \/>\n<meta property=\"article:modified_time\" content=\"2022-12-19T07:57:02+00:00\" \/>\n<meta property=\"og:image\" content=\"https:\/\/graphimarket.com\/wp-content\/uploads\/2021\/03\/cover-1-1.jpg\" \/>\n\t<meta property=\"og:image:width\" content=\"1160\" \/>\n\t<meta property=\"og:image:height\" content=\"838\" \/>\n\t<meta property=\"og:image:type\" content=\"image\/jpeg\" \/>\n<meta name=\"twitter:card\" content=\"summary_large_image\" \/>\n<meta name=\"twitter:label1\" content=\"Est. reading time\" \/>\n\t<meta name=\"twitter:data1\" content=\"1 minute\" \/>\n<script type=\"application\/ld+json\" class=\"yoast-schema-graph\">{\"@context\":\"https:\\\/\\\/schema.org\",\"@graph\":[{\"@type\":\"WebPage\",\"@id\":\"https:\\\/\\\/graphimarket.com\\\/de\\\/product\\\/geometric-sketch-photoshop-action\\\/\",\"url\":\"https:\\\/\\\/graphimarket.com\\\/de\\\/product\\\/geometric-sketch-photoshop-action\\\/\",\"name\":\"Geometric Sketch Photoshop Action - Graphimarket\",\"isPartOf\":{\"@id\":\"https:\\\/\\\/graphimarket.com\\\/fr\\\/#website\"},\"primaryImageOfPage\":{\"@id\":\"https:\\\/\\\/graphimarket.com\\\/de\\\/product\\\/geometric-sketch-photoshop-action\\\/#primaryimage\"},\"image\":{\"@id\":\"https:\\\/\\\/graphimarket.com\\\/de\\\/product\\\/geometric-sketch-photoshop-action\\\/#primaryimage\"},\"thumbnailUrl\":\"https:\\\/\\\/graphimarket.com\\\/wp-content\\\/uploads\\\/2021\\\/03\\\/cover-1-1.jpg\",\"datePublished\":\"2021-03-12T14:37:11+00:00\",\"dateModified\":\"2022-12-19T07:57:02+00:00\",\"description\":\"Geometric Sketch Photoshop ActionThis action is designed to transform your photo\u2019s into real Geometric Sketch look...\",\"breadcrumb\":{\"@id\":\"https:\\\/\\\/graphimarket.com\\\/de\\\/product\\\/geometric-sketch-photoshop-action\\\/#breadcrumb\"},\"inLanguage\":\"fr-FR\",\"potentialAction\":[{\"@type\":\"ReadAction\",\"target\":[\"https:\\\/\\\/graphimarket.com\\\/de\\\/product\\\/geometric-sketch-photoshop-action\\\/\"]}]},{\"@type\":\"ImageObject\",\"inLanguage\":\"fr-FR\",\"@id\":\"https:\\\/\\\/graphimarket.com\\\/de\\\/product\\\/geometric-sketch-photoshop-action\\\/#primaryimage\",\"url\":\"https:\\\/\\\/graphimarket.com\\\/wp-content\\\/uploads\\\/2021\\\/03\\\/cover-1-1.jpg\",\"contentUrl\":\"https:\\\/\\\/graphimarket.com\\\/wp-content\\\/uploads\\\/2021\\\/03\\\/cover-1-1.jpg\",\"width\":1160,\"height\":838},{\"@type\":\"BreadcrumbList\",\"@id\":\"https:\\\/\\\/graphimarket.com\\\/de\\\/product\\\/geometric-sketch-photoshop-action\\\/#breadcrumb\",\"itemListElement\":[{\"@type\":\"ListItem\",\"position\":1,\"name\":\"Home\",\"item\":\"https:\\\/\\\/graphimarket.com\\\/es\\\/\"},{\"@type\":\"ListItem\",\"position\":2,\"name\":\"Store\",\"item\":\"https:\\\/\\\/graphimarket.com\\\/store\\\/\"},{\"@type\":\"ListItem\",\"position\":3,\"name\":\"Geometric Sketch Photoshop Action\"}]},{\"@type\":\"WebSite\",\"@id\":\"https:\\\/\\\/graphimarket.com\\\/fr\\\/#website\",\"url\":\"https:\\\/\\\/graphimarket.com\\\/fr\\\/\",\"name\":\"Graphimarket\",\"description\":\"Find the perfect creative asset to bring your project to life\",\"publisher\":{\"@id\":\"https:\\\/\\\/graphimarket.com\\\/fr\\\/#organization\"},\"potentialAction\":[{\"@type\":\"SearchAction\",\"target\":{\"@type\":\"EntryPoint\",\"urlTemplate\":\"https:\\\/\\\/graphimarket.com\\\/fr\\\/?s={search_term_string}\"},\"query-input\":{\"@type\":\"PropertyValueSpecification\",\"valueRequired\":true,\"valueName\":\"search_term_string\"}}],\"inLanguage\":\"fr-FR\"},{\"@type\":\"Organization\",\"@id\":\"https:\\\/\\\/graphimarket.com\\\/fr\\\/#organization\",\"name\":\"Graphimarket\",\"url\":\"https:\\\/\\\/graphimarket.com\\\/fr\\\/\",\"logo\":{\"@type\":\"ImageObject\",\"inLanguage\":\"fr-FR\",\"@id\":\"https:\\\/\\\/graphimarket.com\\\/fr\\\/#\\\/schema\\\/logo\\\/image\\\/\",\"url\":\"https:\\\/\\\/graphimarket.com\\\/wp-content\\\/uploads\\\/2020\\\/08\\\/logo-48.png\",\"contentUrl\":\"https:\\\/\\\/graphimarket.com\\\/wp-content\\\/uploads\\\/2020\\\/08\\\/logo-48.png\",\"width\":132,\"height\":48,\"caption\":\"Graphimarket\"},\"image\":{\"@id\":\"https:\\\/\\\/graphimarket.com\\\/fr\\\/#\\\/schema\\\/logo\\\/image\\\/\"}}]}<\/script>\n<!-- \/ Yoast SEO plugin. -->","yoast_head_json":{"title":"Geometric Sketch Photoshop Action - Graphimarket","description":"Geometric Sketch Photoshop ActionThis action is designed to transform your photo\u2019s into real Geometric Sketch look...","robots":{"index":"index","follow":"follow","max-snippet":"max-snippet:-1","max-image-preview":"max-image-preview:large","max-video-preview":"max-video-preview:-1"},"canonical":"https:\/\/graphimarket.com\/fr\/product\/geometric-sketch-photoshop-action\/","og_locale":"fr_FR","og_type":"article","og_title":"Geometric Sketch Photoshop Action - Graphimarket","og_description":"Geometric Sketch Photoshop ActionThis action is designed to transform your photo\u2019s into real Geometric Sketch look...","og_url":"https:\/\/graphimarket.com\/fr\/product\/geometric-sketch-photoshop-action\/","og_site_name":"Graphimarket","article_modified_time":"2022-12-19T07:57:02+00:00","og_image":[{"width":1160,"height":838,"url":"https:\/\/graphimarket.com\/wp-content\/uploads\/2021\/03\/cover-1-1.jpg","type":"image\/jpeg"}],"twitter_card":"summary_large_image","twitter_misc":{"Est. reading time":"1 minute"},"schema":{"@context":"https:\/\/schema.org","@graph":[{"@type":"WebPage","@id":"https:\/\/graphimarket.com\/de\/product\/geometric-sketch-photoshop-action\/","url":"https:\/\/graphimarket.com\/de\/product\/geometric-sketch-photoshop-action\/","name":"Geometric Sketch Photoshop Action - Graphimarket","isPartOf":{"@id":"https:\/\/graphimarket.com\/fr\/#website"},"primaryImageOfPage":{"@id":"https:\/\/graphimarket.com\/de\/product\/geometric-sketch-photoshop-action\/#primaryimage"},"image":{"@id":"https:\/\/graphimarket.com\/de\/product\/geometric-sketch-photoshop-action\/#primaryimage"},"thumbnailUrl":"https:\/\/graphimarket.com\/wp-content\/uploads\/2021\/03\/cover-1-1.jpg","datePublished":"2021-03-12T14:37:11+00:00","dateModified":"2022-12-19T07:57:02+00:00","description":"Geometric Sketch Photoshop ActionThis action is designed to transform your photo\u2019s into real Geometric Sketch look...","breadcrumb":{"@id":"https:\/\/graphimarket.com\/de\/product\/geometric-sketch-photoshop-action\/#breadcrumb"},"inLanguage":"fr-FR","potentialAction":[{"@type":"ReadAction","target":["https:\/\/graphimarket.com\/de\/product\/geometric-sketch-photoshop-action\/"]}]},{"@type":"ImageObject","inLanguage":"fr-FR","@id":"https:\/\/graphimarket.com\/de\/product\/geometric-sketch-photoshop-action\/#primaryimage","url":"https:\/\/graphimarket.com\/wp-content\/uploads\/2021\/03\/cover-1-1.jpg","contentUrl":"https:\/\/graphimarket.com\/wp-content\/uploads\/2021\/03\/cover-1-1.jpg","width":1160,"height":838},{"@type":"BreadcrumbList","@id":"https:\/\/graphimarket.com\/de\/product\/geometric-sketch-photoshop-action\/#breadcrumb","itemListElement":[{"@type":"ListItem","position":1,"name":"Home","item":"https:\/\/graphimarket.com\/es\/"},{"@type":"ListItem","position":2,"name":"Store","item":"https:\/\/graphimarket.com\/store\/"},{"@type":"ListItem","position":3,"name":"Geometric Sketch Photoshop Action"}]},{"@type":"WebSite","@id":"https:\/\/graphimarket.com\/fr\/#website","url":"https:\/\/graphimarket.com\/fr\/","name":"Graphimarket","description":"Trouvez l&#039;atout cr\u00e9atif parfait pour donner vie \u00e0 votre projet","publisher":{"@id":"https:\/\/graphimarket.com\/fr\/#organization"},"potentialAction":[{"@type":"SearchAction","target":{"@type":"EntryPoint","urlTemplate":"https:\/\/graphimarket.com\/fr\/?s={search_term_string}"},"query-input":{"@type":"PropertyValueSpecification","valueRequired":true,"valueName":"search_term_string"}}],"inLanguage":"fr-FR"},{"@type":"Organization","@id":"https:\/\/graphimarket.com\/fr\/#organization","name":"Graphimarket","url":"https:\/\/graphimarket.com\/fr\/","logo":{"@type":"ImageObject","inLanguage":"fr-FR","@id":"https:\/\/graphimarket.com\/fr\/#\/schema\/logo\/image\/","url":"https:\/\/graphimarket.com\/wp-content\/uploads\/2020\/08\/logo-48.png","contentUrl":"https:\/\/graphimarket.com\/wp-content\/uploads\/2020\/08\/logo-48.png","width":132,"height":48,"caption":"Graphimarket"},"image":{"@id":"https:\/\/graphimarket.com\/fr\/#\/schema\/logo\/image\/"}}]}},"_links":{"self":[{"href":"http:\/\/graphimarket.com\/fr\/wp-json\/wp\/v2\/product\/16115","targetHints":{"allow":["GET"]}}],"collection":[{"href":"http:\/\/graphimarket.com\/fr\/wp-json\/wp\/v2\/product"}],"about":[{"href":"http:\/\/graphimarket.com\/fr\/wp-json\/wp\/v2\/types\/product"}],"replies":[{"embeddable":true,"href":"http:\/\/graphimarket.com\/fr\/wp-json\/wp\/v2\/comments?post=16115"}],"version-history":[{"count":0,"href":"http:\/\/graphimarket.com\/fr\/wp-json\/wp\/v2\/product\/16115\/revisions"}],"wp:featuredmedia":[{"embeddable":true,"href":"http:\/\/graphimarket.com\/fr\/wp-json\/wp\/v2\/media\/16124"}],"wp:attachment":[{"href":"http:\/\/graphimarket.com\/fr\/wp-json\/wp\/v2\/media?parent=16115"}],"wp:term":[{"taxonomy":"product_brand","embeddable":true,"href":"http:\/\/graphimarket.com\/fr\/wp-json\/wp\/v2\/product_brand?post=16115"},{"taxonomy":"product_cat","embeddable":true,"href":"http:\/\/graphimarket.com\/fr\/wp-json\/wp\/v2\/product_cat?post=16115"},{"taxonomy":"product_tag","embeddable":true,"href":"http:\/\/graphimarket.com\/fr\/wp-json\/wp\/v2\/product_tag?post=16115"}],"curies":[{"name":"wp","href":"https:\/\/api.w.org\/{rel}","templated":true}]}}