{"id":16295,"date":"2021-03-14T17:25:32","date_gmt":"2021-03-14T16:25:32","guid":{"rendered":"https:\/\/graphimarket.com\/?post_type=product&#038;p=16295"},"modified":"2022-12-19T08:51:01","modified_gmt":"2022-12-19T07:51:01","slug":"aged-antique-effect-photoshop-action","status":"publish","type":"product","link":"http:\/\/graphimarket.com\/fr\/product\/aged-antique-effect-photoshop-action\/","title":{"rendered":"Action Photoshop \u00e0 effet antique vieilli"},"content":{"rendered":"<p><strong>Action Photoshop \u00e0 effet antique vieilli<\/strong><\/p>\n<p>Cette action Photoshop \u00e0 effet antique vieilli est parfaite pour les photographes et les concepteurs. Il am\u00e9liore et ajoute plus de beaut\u00e9 aux images. Il vous aidera \u00e0 \u00e9blouir vos images pour cr\u00e9er des looks uniques et impressionnants. Cet ensemble contient 20 options de couleur. Lorsque vous ouvrez un \u0153il non regard\u00e9.<\/p>\n<p>Ma version du logiciel de travail : CC2020 Version anglaise. Version du logiciel prise en charge\u00a0: CS4, CS5, CS5.5, CS6, CC, CC2014, CC2015, CC2015.5, CC2016, CC2017, CC2018, CC2019, CC2020 + version anglaise.<\/p>\n<p><strong>Consigne la plus importante\u00a0:<\/strong><\/p>\n<p>Redimensionnez d&#039;abord votre photo, s\u00e9lectionnez simplement l&#039;outil de recadrage, puis acc\u00e9dez \u00e0 la barre de menu sup\u00e9rieure et d\u00e9finissez la largeur 3000px, la hauteur 2000px la r\u00e9solution 72, puis recadrez. Pour plus de d\u00e9tails, voir le fichier d&#039;aide PDF<\/p>\n<p><strong>Le fichier comprend\u00a0:<\/strong><\/p>\n<ul>\n<li>Fichier ATN (fichier d&#039;action Photoshop inclus)<\/li>\n<li>Fichier de motif<\/li>\n<li>Option 20 couleurs<\/li>\n<li>Fichier d&#039;aide<\/li>\n<li>Fichier d&#039;aide PDF<\/li>\n<li>Travail sur toutes les photos.<\/li>\n<li>R\u00e9sultat de haute qualit\u00e9.<\/li>\n<li>Personnalisable facilement<\/li>\n<li>Organiser les calques<\/li>\n<li>Installation facile<\/li>\n<li>Mode d&#039;emploi<\/li>\n<li>Facile \u00e0 utiliser<img fetchpriority=\"high\" decoding=\"async\" class=\"alignnone size-full wp-image-16296\" src=\"https:\/\/graphimarket.com\/wp-content\/uploads\/2021\/03\/cover-1-3.jpg\" alt=\"\" width=\"1160\" height=\"838\" srcset=\"https:\/\/graphimarket.com\/wp-content\/uploads\/2021\/03\/cover-1-3.jpg 1160w, https:\/\/graphimarket.com\/wp-content\/uploads\/2021\/03\/cover-1-3-300x217.jpg 300w, https:\/\/graphimarket.com\/wp-content\/uploads\/2021\/03\/cover-1-3-1024x740.jpg 1024w, https:\/\/graphimarket.com\/wp-content\/uploads\/2021\/03\/cover-1-3-768x555.jpg 768w, https:\/\/graphimarket.com\/wp-content\/uploads\/2021\/03\/cover-1-3-16x12.jpg 16w, https:\/\/graphimarket.com\/wp-content\/uploads\/2021\/03\/cover-1-3-600x433.jpg 600w\" sizes=\"(max-width: 1160px) 100vw, 1160px\" \/><img decoding=\"async\" class=\"alignnone size-full wp-image-16297\" src=\"https:\/\/graphimarket.com\/wp-content\/uploads\/2021\/03\/4-1-4.jpg\" alt=\"\" width=\"1160\" height=\"838\" srcset=\"https:\/\/graphimarket.com\/wp-content\/uploads\/2021\/03\/4-1-4.jpg 1160w, https:\/\/graphimarket.com\/wp-content\/uploads\/2021\/03\/4-1-4-300x217.jpg 300w, https:\/\/graphimarket.com\/wp-content\/uploads\/2021\/03\/4-1-4-1024x740.jpg 1024w, https:\/\/graphimarket.com\/wp-content\/uploads\/2021\/03\/4-1-4-768x555.jpg 768w, https:\/\/graphimarket.com\/wp-content\/uploads\/2021\/03\/4-1-4-16x12.jpg 16w, https:\/\/graphimarket.com\/wp-content\/uploads\/2021\/03\/4-1-4-600x433.jpg 600w\" sizes=\"(max-width: 1160px) 100vw, 1160px\" \/> <img decoding=\"async\" class=\"alignnone size-full wp-image-16298\" src=\"https:\/\/graphimarket.com\/wp-content\/uploads\/2021\/03\/5-1-3.jpg\" alt=\"\" width=\"1160\" height=\"838\" srcset=\"https:\/\/graphimarket.com\/wp-content\/uploads\/2021\/03\/5-1-3.jpg 1160w, https:\/\/graphimarket.com\/wp-content\/uploads\/2021\/03\/5-1-3-300x217.jpg 300w, https:\/\/graphimarket.com\/wp-content\/uploads\/2021\/03\/5-1-3-1024x740.jpg 1024w, https:\/\/graphimarket.com\/wp-content\/uploads\/2021\/03\/5-1-3-768x555.jpg 768w, https:\/\/graphimarket.com\/wp-content\/uploads\/2021\/03\/5-1-3-16x12.jpg 16w, https:\/\/graphimarket.com\/wp-content\/uploads\/2021\/03\/5-1-3-600x433.jpg 600w\" sizes=\"(max-width: 1160px) 100vw, 1160px\" \/> <img loading=\"lazy\" decoding=\"async\" class=\"alignnone size-full wp-image-16299\" src=\"https:\/\/graphimarket.com\/wp-content\/uploads\/2021\/03\/6-1-3.jpg\" alt=\"\" width=\"1160\" height=\"838\" srcset=\"https:\/\/graphimarket.com\/wp-content\/uploads\/2021\/03\/6-1-3.jpg 1160w, https:\/\/graphimarket.com\/wp-content\/uploads\/2021\/03\/6-1-3-300x217.jpg 300w, https:\/\/graphimarket.com\/wp-content\/uploads\/2021\/03\/6-1-3-1024x740.jpg 1024w, https:\/\/graphimarket.com\/wp-content\/uploads\/2021\/03\/6-1-3-768x555.jpg 768w, https:\/\/graphimarket.com\/wp-content\/uploads\/2021\/03\/6-1-3-16x12.jpg 16w, https:\/\/graphimarket.com\/wp-content\/uploads\/2021\/03\/6-1-3-600x433.jpg 600w\" sizes=\"(max-width: 1160px) 100vw, 1160px\" \/> <img loading=\"lazy\" decoding=\"async\" class=\"alignnone size-full wp-image-16300\" src=\"https:\/\/graphimarket.com\/wp-content\/uploads\/2021\/03\/7-1-1.jpg\" alt=\"\" width=\"1160\" height=\"838\" srcset=\"https:\/\/graphimarket.com\/wp-content\/uploads\/2021\/03\/7-1-1.jpg 1160w, https:\/\/graphimarket.com\/wp-content\/uploads\/2021\/03\/7-1-1-300x217.jpg 300w, https:\/\/graphimarket.com\/wp-content\/uploads\/2021\/03\/7-1-1-1024x740.jpg 1024w, https:\/\/graphimarket.com\/wp-content\/uploads\/2021\/03\/7-1-1-768x555.jpg 768w, https:\/\/graphimarket.com\/wp-content\/uploads\/2021\/03\/7-1-1-16x12.jpg 16w, https:\/\/graphimarket.com\/wp-content\/uploads\/2021\/03\/7-1-1-600x433.jpg 600w\" sizes=\"(max-width: 1160px) 100vw, 1160px\" \/> <img loading=\"lazy\" decoding=\"async\" class=\"alignnone size-full wp-image-16301\" src=\"https:\/\/graphimarket.com\/wp-content\/uploads\/2021\/03\/8-1-1.jpg\" alt=\"\" width=\"1160\" height=\"838\" srcset=\"https:\/\/graphimarket.com\/wp-content\/uploads\/2021\/03\/8-1-1.jpg 1160w, https:\/\/graphimarket.com\/wp-content\/uploads\/2021\/03\/8-1-1-300x217.jpg 300w, https:\/\/graphimarket.com\/wp-content\/uploads\/2021\/03\/8-1-1-1024x740.jpg 1024w, https:\/\/graphimarket.com\/wp-content\/uploads\/2021\/03\/8-1-1-768x555.jpg 768w, https:\/\/graphimarket.com\/wp-content\/uploads\/2021\/03\/8-1-1-16x12.jpg 16w, https:\/\/graphimarket.com\/wp-content\/uploads\/2021\/03\/8-1-1-600x433.jpg 600w\" sizes=\"(max-width: 1160px) 100vw, 1160px\" \/> <img loading=\"lazy\" decoding=\"async\" class=\"alignnone size-full wp-image-16302\" src=\"https:\/\/graphimarket.com\/wp-content\/uploads\/2021\/03\/1-1-3.jpg\" alt=\"\" width=\"1160\" height=\"838\" srcset=\"https:\/\/graphimarket.com\/wp-content\/uploads\/2021\/03\/1-1-3.jpg 1160w, https:\/\/graphimarket.com\/wp-content\/uploads\/2021\/03\/1-1-3-300x217.jpg 300w, https:\/\/graphimarket.com\/wp-content\/uploads\/2021\/03\/1-1-3-1024x740.jpg 1024w, https:\/\/graphimarket.com\/wp-content\/uploads\/2021\/03\/1-1-3-768x555.jpg 768w, https:\/\/graphimarket.com\/wp-content\/uploads\/2021\/03\/1-1-3-16x12.jpg 16w, https:\/\/graphimarket.com\/wp-content\/uploads\/2021\/03\/1-1-3-600x433.jpg 600w\" sizes=\"(max-width: 1160px) 100vw, 1160px\" \/> <img loading=\"lazy\" decoding=\"async\" class=\"alignnone size-full wp-image-16303\" src=\"https:\/\/graphimarket.com\/wp-content\/uploads\/2021\/03\/2-1-3.jpg\" alt=\"\" width=\"1160\" height=\"838\" srcset=\"https:\/\/graphimarket.com\/wp-content\/uploads\/2021\/03\/2-1-3.jpg 1160w, https:\/\/graphimarket.com\/wp-content\/uploads\/2021\/03\/2-1-3-300x217.jpg 300w, https:\/\/graphimarket.com\/wp-content\/uploads\/2021\/03\/2-1-3-1024x740.jpg 1024w, https:\/\/graphimarket.com\/wp-content\/uploads\/2021\/03\/2-1-3-768x555.jpg 768w, https:\/\/graphimarket.com\/wp-content\/uploads\/2021\/03\/2-1-3-16x12.jpg 16w, https:\/\/graphimarket.com\/wp-content\/uploads\/2021\/03\/2-1-3-600x433.jpg 600w\" sizes=\"(max-width: 1160px) 100vw, 1160px\" \/> <img loading=\"lazy\" decoding=\"async\" class=\"alignnone size-full wp-image-16304\" src=\"https:\/\/graphimarket.com\/wp-content\/uploads\/2021\/03\/3-1-3.jpg\" alt=\"\" width=\"1160\" height=\"838\" srcset=\"https:\/\/graphimarket.com\/wp-content\/uploads\/2021\/03\/3-1-3.jpg 1160w, https:\/\/graphimarket.com\/wp-content\/uploads\/2021\/03\/3-1-3-300x217.jpg 300w, https:\/\/graphimarket.com\/wp-content\/uploads\/2021\/03\/3-1-3-1024x740.jpg 1024w, https:\/\/graphimarket.com\/wp-content\/uploads\/2021\/03\/3-1-3-768x555.jpg 768w, https:\/\/graphimarket.com\/wp-content\/uploads\/2021\/03\/3-1-3-16x12.jpg 16w, https:\/\/graphimarket.com\/wp-content\/uploads\/2021\/03\/3-1-3-600x433.jpg 600w\" sizes=\"(max-width: 1160px) 100vw, 1160px\" \/><\/li>\n<\/ul>","protected":false},"excerpt":{"rendered":"<p>Aged Antique Effect Photoshop Action This Aged Antique Effect Photoshop Action are perfect for photographers and designers. It\u2019s enhances and adds more beautiful to images. It will help you to stunning your images to make unique and awesome looks. This set contains 20 color option. When you open unviewed eye. My Working Software Version : [&hellip;]<\/p>\n","protected":false},"featured_media":16296,"comment_status":"open","ping_status":"closed","template":"","meta":{"site-sidebar-layout":"default","site-content-layout":"default","ast-site-content-layout":"default","site-content-style":"default","site-sidebar-style":"default","ast-global-header-display":"","ast-banner-title-visibility":"","ast-main-header-display":"","ast-hfb-above-header-display":"","ast-hfb-below-header-display":"","ast-hfb-mobile-header-display":"","site-post-title":"","ast-breadcrumbs-content":"","ast-featured-img":"","footer-sml-layout":"","ast-disable-related-posts":"","theme-transparent-header-meta":"default","adv-header-id-meta":"","stick-header-meta":"","header-above-stick-meta":"","header-main-stick-meta":"","header-below-stick-meta":"","astra-migrate-meta-layouts":"default","ast-page-background-enabled":"default","ast-page-background-meta":{"desktop":{"background-color":"","background-image":"","background-repeat":"repeat","background-position":"center center","background-size":"auto","background-attachment":"scroll","background-type":"","background-media":"","overlay-type":"","overlay-color":"","overlay-opacity":"","overlay-gradient":""},"tablet":{"background-color":"","background-image":"","background-repeat":"repeat","background-position":"center center","background-size":"auto","background-attachment":"scroll","background-type":"","background-media":"","overlay-type":"","overlay-color":"","overlay-opacity":"","overlay-gradient":""},"mobile":{"background-color":"","background-image":"","background-repeat":"repeat","background-position":"center center","background-size":"auto","background-attachment":"scroll","background-type":"","background-media":"","overlay-type":"","overlay-color":"","overlay-opacity":"","overlay-gradient":""}},"ast-content-background-meta":{"desktop":{"background-color":"var(--ast-global-color-5)","background-image":"","background-repeat":"repeat","background-position":"center center","background-size":"auto","background-attachment":"scroll","background-type":"","background-media":"","overlay-type":"","overlay-color":"","overlay-opacity":"","overlay-gradient":""},"tablet":{"background-color":"var(--ast-global-color-5)","background-image":"","background-repeat":"repeat","background-position":"center center","background-size":"auto","background-attachment":"scroll","background-type":"","background-media":"","overlay-type":"","overlay-color":"","overlay-opacity":"","overlay-gradient":""},"mobile":{"background-color":"var(--ast-global-color-5)","background-image":"","background-repeat":"repeat","background-position":"center center","background-size":"auto","background-attachment":"scroll","background-type":"","background-media":"","overlay-type":"","overlay-color":"","overlay-opacity":"","overlay-gradient":""}}},"product_brand":[],"product_cat":[196,15,144,145,195,146],"product_tag":[292,1386,1346,458,285,1923],"class_list":{"0":"post-16295","1":"product","2":"type-product","3":"status-publish","4":"has-post-thumbnail","6":"product_cat-actions","7":"product_cat-photo","8":"product_cat-photo-editor","9":"product_cat-photography","10":"product_cat-photoshop","11":"product_cat-photoshop-action","12":"product_tag-action","13":"product_tag-adobe","14":"product_tag-aged","15":"product_tag-antique","16":"product_tag-photo","17":"product_tag-photshop","18":"desktop-align-left","19":"tablet-align-left","20":"mobile-align-left","22":"first","23":"instock","24":"downloadable","25":"virtual","26":"taxable","27":"purchasable","28":"product-type-simple"},"yoast_head":"<!-- This site is optimized with the Yoast SEO plugin v27.3 - https:\/\/yoast.com\/product\/yoast-seo-wordpress\/ -->\n<title>Aged Antique Effect Photoshop Action - Graphimarket<\/title>\n<meta name=\"description\" content=\"Aged Antique Effect Photoshop ActionThis Aged Antique Effect Photoshop Action are perfect for photographers and designers...\" \/>\n<meta name=\"robots\" content=\"index, follow, max-snippet:-1, max-image-preview:large, max-video-preview:-1\" \/>\n<link rel=\"canonical\" href=\"https:\/\/graphimarket.com\/fr\/product\/aged-antique-effect-photoshop-action\/\" \/>\n<meta property=\"og:locale\" content=\"fr_FR\" \/>\n<meta property=\"og:type\" content=\"article\" \/>\n<meta property=\"og:title\" content=\"Aged Antique Effect Photoshop Action - Graphimarket\" \/>\n<meta property=\"og:description\" content=\"Aged Antique Effect Photoshop ActionThis Aged Antique Effect Photoshop Action are perfect for photographers and designers...\" \/>\n<meta property=\"og:url\" content=\"https:\/\/graphimarket.com\/fr\/product\/aged-antique-effect-photoshop-action\/\" \/>\n<meta property=\"og:site_name\" content=\"Graphimarket\" \/>\n<meta property=\"article:modified_time\" content=\"2022-12-19T07:51:01+00:00\" \/>\n<meta property=\"og:image\" content=\"https:\/\/graphimarket.com\/wp-content\/uploads\/2021\/03\/cover-1-3.jpg\" \/>\n\t<meta property=\"og:image:width\" content=\"1160\" \/>\n\t<meta property=\"og:image:height\" content=\"838\" \/>\n\t<meta property=\"og:image:type\" content=\"image\/jpeg\" \/>\n<meta name=\"twitter:card\" content=\"summary_large_image\" \/>\n<meta name=\"twitter:label1\" content=\"Est. reading time\" \/>\n\t<meta name=\"twitter:data1\" content=\"1 minute\" \/>\n<script type=\"application\/ld+json\" class=\"yoast-schema-graph\">{\"@context\":\"https:\\\/\\\/schema.org\",\"@graph\":[{\"@type\":\"WebPage\",\"@id\":\"https:\\\/\\\/graphimarket.com\\\/product\\\/aged-antique-effect-photoshop-action\\\/\",\"url\":\"https:\\\/\\\/graphimarket.com\\\/product\\\/aged-antique-effect-photoshop-action\\\/\",\"name\":\"Aged Antique Effect Photoshop Action - Graphimarket\",\"isPartOf\":{\"@id\":\"https:\\\/\\\/graphimarket.com\\\/fr\\\/#website\"},\"primaryImageOfPage\":{\"@id\":\"https:\\\/\\\/graphimarket.com\\\/product\\\/aged-antique-effect-photoshop-action\\\/#primaryimage\"},\"image\":{\"@id\":\"https:\\\/\\\/graphimarket.com\\\/product\\\/aged-antique-effect-photoshop-action\\\/#primaryimage\"},\"thumbnailUrl\":\"https:\\\/\\\/graphimarket.com\\\/wp-content\\\/uploads\\\/2021\\\/03\\\/cover-1-3.jpg\",\"datePublished\":\"2021-03-14T16:25:32+00:00\",\"dateModified\":\"2022-12-19T07:51:01+00:00\",\"description\":\"Aged Antique Effect Photoshop ActionThis Aged Antique Effect Photoshop Action are perfect for photographers and designers...\",\"breadcrumb\":{\"@id\":\"https:\\\/\\\/graphimarket.com\\\/product\\\/aged-antique-effect-photoshop-action\\\/#breadcrumb\"},\"inLanguage\":\"fr-FR\",\"potentialAction\":[{\"@type\":\"ReadAction\",\"target\":[\"https:\\\/\\\/graphimarket.com\\\/product\\\/aged-antique-effect-photoshop-action\\\/\"]}]},{\"@type\":\"ImageObject\",\"inLanguage\":\"fr-FR\",\"@id\":\"https:\\\/\\\/graphimarket.com\\\/product\\\/aged-antique-effect-photoshop-action\\\/#primaryimage\",\"url\":\"https:\\\/\\\/graphimarket.com\\\/wp-content\\\/uploads\\\/2021\\\/03\\\/cover-1-3.jpg\",\"contentUrl\":\"https:\\\/\\\/graphimarket.com\\\/wp-content\\\/uploads\\\/2021\\\/03\\\/cover-1-3.jpg\",\"width\":1160,\"height\":838},{\"@type\":\"BreadcrumbList\",\"@id\":\"https:\\\/\\\/graphimarket.com\\\/product\\\/aged-antique-effect-photoshop-action\\\/#breadcrumb\",\"itemListElement\":[{\"@type\":\"ListItem\",\"position\":1,\"name\":\"Home\",\"item\":\"https:\\\/\\\/graphimarket.com\\\/es\\\/\"},{\"@type\":\"ListItem\",\"position\":2,\"name\":\"Store\",\"item\":\"https:\\\/\\\/graphimarket.com\\\/store\\\/\"},{\"@type\":\"ListItem\",\"position\":3,\"name\":\"Aged Antique Effect Photoshop Action\"}]},{\"@type\":\"WebSite\",\"@id\":\"https:\\\/\\\/graphimarket.com\\\/fr\\\/#website\",\"url\":\"https:\\\/\\\/graphimarket.com\\\/fr\\\/\",\"name\":\"Graphimarket\",\"description\":\"Find the perfect creative asset to bring your project to life\",\"publisher\":{\"@id\":\"https:\\\/\\\/graphimarket.com\\\/fr\\\/#organization\"},\"potentialAction\":[{\"@type\":\"SearchAction\",\"target\":{\"@type\":\"EntryPoint\",\"urlTemplate\":\"https:\\\/\\\/graphimarket.com\\\/fr\\\/?s={search_term_string}\"},\"query-input\":{\"@type\":\"PropertyValueSpecification\",\"valueRequired\":true,\"valueName\":\"search_term_string\"}}],\"inLanguage\":\"fr-FR\"},{\"@type\":\"Organization\",\"@id\":\"https:\\\/\\\/graphimarket.com\\\/fr\\\/#organization\",\"name\":\"Graphimarket\",\"url\":\"https:\\\/\\\/graphimarket.com\\\/fr\\\/\",\"logo\":{\"@type\":\"ImageObject\",\"inLanguage\":\"fr-FR\",\"@id\":\"https:\\\/\\\/graphimarket.com\\\/fr\\\/#\\\/schema\\\/logo\\\/image\\\/\",\"url\":\"https:\\\/\\\/graphimarket.com\\\/wp-content\\\/uploads\\\/2020\\\/08\\\/logo-48.png\",\"contentUrl\":\"https:\\\/\\\/graphimarket.com\\\/wp-content\\\/uploads\\\/2020\\\/08\\\/logo-48.png\",\"width\":132,\"height\":48,\"caption\":\"Graphimarket\"},\"image\":{\"@id\":\"https:\\\/\\\/graphimarket.com\\\/fr\\\/#\\\/schema\\\/logo\\\/image\\\/\"}}]}<\/script>\n<!-- \/ Yoast SEO plugin. -->","yoast_head_json":{"title":"Aged Antique Effect Photoshop Action - Graphimarket","description":"Aged Antique Effect Photoshop ActionThis Aged Antique Effect Photoshop Action are perfect for photographers and designers...","robots":{"index":"index","follow":"follow","max-snippet":"max-snippet:-1","max-image-preview":"max-image-preview:large","max-video-preview":"max-video-preview:-1"},"canonical":"https:\/\/graphimarket.com\/fr\/product\/aged-antique-effect-photoshop-action\/","og_locale":"fr_FR","og_type":"article","og_title":"Aged Antique Effect Photoshop Action - Graphimarket","og_description":"Aged Antique Effect Photoshop ActionThis Aged Antique Effect Photoshop Action are perfect for photographers and designers...","og_url":"https:\/\/graphimarket.com\/fr\/product\/aged-antique-effect-photoshop-action\/","og_site_name":"Graphimarket","article_modified_time":"2022-12-19T07:51:01+00:00","og_image":[{"width":1160,"height":838,"url":"https:\/\/graphimarket.com\/wp-content\/uploads\/2021\/03\/cover-1-3.jpg","type":"image\/jpeg"}],"twitter_card":"summary_large_image","twitter_misc":{"Est. reading time":"1 minute"},"schema":{"@context":"https:\/\/schema.org","@graph":[{"@type":"WebPage","@id":"https:\/\/graphimarket.com\/product\/aged-antique-effect-photoshop-action\/","url":"https:\/\/graphimarket.com\/product\/aged-antique-effect-photoshop-action\/","name":"Aged Antique Effect Photoshop Action - Graphimarket","isPartOf":{"@id":"https:\/\/graphimarket.com\/fr\/#website"},"primaryImageOfPage":{"@id":"https:\/\/graphimarket.com\/product\/aged-antique-effect-photoshop-action\/#primaryimage"},"image":{"@id":"https:\/\/graphimarket.com\/product\/aged-antique-effect-photoshop-action\/#primaryimage"},"thumbnailUrl":"https:\/\/graphimarket.com\/wp-content\/uploads\/2021\/03\/cover-1-3.jpg","datePublished":"2021-03-14T16:25:32+00:00","dateModified":"2022-12-19T07:51:01+00:00","description":"Aged Antique Effect Photoshop ActionThis Aged Antique Effect Photoshop Action are perfect for photographers and designers...","breadcrumb":{"@id":"https:\/\/graphimarket.com\/product\/aged-antique-effect-photoshop-action\/#breadcrumb"},"inLanguage":"fr-FR","potentialAction":[{"@type":"ReadAction","target":["https:\/\/graphimarket.com\/product\/aged-antique-effect-photoshop-action\/"]}]},{"@type":"ImageObject","inLanguage":"fr-FR","@id":"https:\/\/graphimarket.com\/product\/aged-antique-effect-photoshop-action\/#primaryimage","url":"https:\/\/graphimarket.com\/wp-content\/uploads\/2021\/03\/cover-1-3.jpg","contentUrl":"https:\/\/graphimarket.com\/wp-content\/uploads\/2021\/03\/cover-1-3.jpg","width":1160,"height":838},{"@type":"BreadcrumbList","@id":"https:\/\/graphimarket.com\/product\/aged-antique-effect-photoshop-action\/#breadcrumb","itemListElement":[{"@type":"ListItem","position":1,"name":"Home","item":"https:\/\/graphimarket.com\/es\/"},{"@type":"ListItem","position":2,"name":"Store","item":"https:\/\/graphimarket.com\/store\/"},{"@type":"ListItem","position":3,"name":"Aged Antique Effect Photoshop Action"}]},{"@type":"WebSite","@id":"https:\/\/graphimarket.com\/fr\/#website","url":"https:\/\/graphimarket.com\/fr\/","name":"Graphimarket","description":"Trouvez l&#039;atout cr\u00e9atif parfait pour donner vie \u00e0 votre projet","publisher":{"@id":"https:\/\/graphimarket.com\/fr\/#organization"},"potentialAction":[{"@type":"SearchAction","target":{"@type":"EntryPoint","urlTemplate":"https:\/\/graphimarket.com\/fr\/?s={search_term_string}"},"query-input":{"@type":"PropertyValueSpecification","valueRequired":true,"valueName":"search_term_string"}}],"inLanguage":"fr-FR"},{"@type":"Organization","@id":"https:\/\/graphimarket.com\/fr\/#organization","name":"Graphimarket","url":"https:\/\/graphimarket.com\/fr\/","logo":{"@type":"ImageObject","inLanguage":"fr-FR","@id":"https:\/\/graphimarket.com\/fr\/#\/schema\/logo\/image\/","url":"https:\/\/graphimarket.com\/wp-content\/uploads\/2020\/08\/logo-48.png","contentUrl":"https:\/\/graphimarket.com\/wp-content\/uploads\/2020\/08\/logo-48.png","width":132,"height":48,"caption":"Graphimarket"},"image":{"@id":"https:\/\/graphimarket.com\/fr\/#\/schema\/logo\/image\/"}}]}},"_links":{"self":[{"href":"http:\/\/graphimarket.com\/fr\/wp-json\/wp\/v2\/product\/16295","targetHints":{"allow":["GET"]}}],"collection":[{"href":"http:\/\/graphimarket.com\/fr\/wp-json\/wp\/v2\/product"}],"about":[{"href":"http:\/\/graphimarket.com\/fr\/wp-json\/wp\/v2\/types\/product"}],"replies":[{"embeddable":true,"href":"http:\/\/graphimarket.com\/fr\/wp-json\/wp\/v2\/comments?post=16295"}],"version-history":[{"count":0,"href":"http:\/\/graphimarket.com\/fr\/wp-json\/wp\/v2\/product\/16295\/revisions"}],"wp:featuredmedia":[{"embeddable":true,"href":"http:\/\/graphimarket.com\/fr\/wp-json\/wp\/v2\/media\/16296"}],"wp:attachment":[{"href":"http:\/\/graphimarket.com\/fr\/wp-json\/wp\/v2\/media?parent=16295"}],"wp:term":[{"taxonomy":"product_brand","embeddable":true,"href":"http:\/\/graphimarket.com\/fr\/wp-json\/wp\/v2\/product_brand?post=16295"},{"taxonomy":"product_cat","embeddable":true,"href":"http:\/\/graphimarket.com\/fr\/wp-json\/wp\/v2\/product_cat?post=16295"},{"taxonomy":"product_tag","embeddable":true,"href":"http:\/\/graphimarket.com\/fr\/wp-json\/wp\/v2\/product_tag?post=16295"}],"curies":[{"name":"wp","href":"https:\/\/api.w.org\/{rel}","templated":true}]}}