{"id":16812,"date":"2021-03-31T16:26:00","date_gmt":"2021-03-31T14:26:00","guid":{"rendered":"https:\/\/graphimarket.com\/?post_type=product&#038;p=16812"},"modified":"2021-03-31T16:26:35","modified_gmt":"2021-03-31T14:26:35","slug":"fire-ashes-vulcanum-photoshop-action","status":"publish","type":"product","link":"http:\/\/graphimarket.com\/fr\/product\/fire-ashes-vulcanum-photoshop-action\/","title":{"rendered":"Feu et cendres - Vulcanum - Action Photoshop"},"content":{"rendered":"<div class=\"item-header__top\">\n<div class=\"item-header__title\">\n<p class=\"t-heading -color-inherit -size-l h-m0 is-hidden-phone\"><strong>Fire &amp; Ashes &#8211; Vulcanum &#8211; Photoshop Action<\/strong><\/p>\n<h2 id=\"item-description__vulcanum-photoshop-action\">Vulcanum Photoshop Action<\/h2>\n<p><strong>Feu<\/strong>\u00a0&amp;\u00a0<strong>ashes<\/strong>\u00a0Photoshop action create awesome\u00a0<strong>volcano<\/strong>\u00a0effect from the object on your photo. Highly detailed result with a lot of intense fire, lighting elements, hot ashes and details. Extremaly easy to use! Many possibilities to easy customise and improve. One click action.<\/p>\n<p>This action created on Photoshop CS5, tested and working on Photoshop CS3, CS4, CS5, CS6, CC, CC2014, CC2015, CC2017, CC2018+ (only English versions). If you are not using the English version, you can switch your Photoshop in English, play the action and return to your language back. How to do it, you can\u00a0<a href=\"https:\/\/www.youtube.com\/watch?v=GJAiu5W2gLE\" rel=\"nofollow\">watch in this video<\/a>.<\/p>\n<p><strong>Pr\u00e9sentation des fonctionnalit\u00e9s\u00a0:<\/strong><\/p>\n<ol>\n<li>Action principale (.atn)<\/li>\n<li>Pinceaux d&#039;action (.abr)<\/li>\n<li>Guide de l&#039;utilisateur avec recommandations (.txt)<\/li>\n<li>Tutoriel vid\u00e9o avec instructions<\/li>\n<li>20 pr\u00e9r\u00e9glages et options de couleurs<\/li>\n<li>\u00c9l\u00e9ments graphiques enti\u00e8rement modifiables<\/li>\n<li>Couches et dossiers bien organis\u00e9s<\/li>\n<\/ol>\n<p><strong>R\u00e8gles et recommandations\u00a0:<\/strong><\/p>\n<ol>\n<li>Image size must be between 2000\u20134000px (recommended 3000px)<\/li>\n<li>La r\u00e9solution de l&#039;image doit \u00eatre comprise entre 240 et 300\u00a0dpi (300\u00a0pdi recommand\u00e9s)<\/li>\n<li>Le mode couleur de l&#039;image doit \u00eatre RVB et 8 bits\/canal<\/li>\n<\/ol>\n<\/div>\n<\/div>\n<p>&nbsp;<\/p>\n<p><img fetchpriority=\"high\" decoding=\"async\" class=\"alignnone size-full wp-image-16833\" src=\"https:\/\/graphimarket.com\/wp-content\/uploads\/2021\/03\/68747470733a2f2f64726976652e676f6f676c652e636f6d2f7468756d626e61696c3f69643d3042786970556b442d44496c39637a46766546426852565a7161327326737a3d7330.gif\" alt=\"\" width=\"616\" height=\"616\" \/><\/p>\n<p><img decoding=\"async\" src=\"https:\/\/graphimarket.com\/wp-content\/uploads\/2021\/03\/image002.jpg\" \/>\u00a0<img decoding=\"async\" class=\"alignnone size-full wp-image-16814\" src=\"https:\/\/graphimarket.com\/wp-content\/uploads\/2021\/03\/image011.jpg\" alt=\"\" width=\"780\" height=\"1170\" srcset=\"https:\/\/graphimarket.com\/wp-content\/uploads\/2021\/03\/image011.jpg 780w, https:\/\/graphimarket.com\/wp-content\/uploads\/2021\/03\/image011-200x300.jpg 200w, https:\/\/graphimarket.com\/wp-content\/uploads\/2021\/03\/image011-683x1024.jpg 683w, https:\/\/graphimarket.com\/wp-content\/uploads\/2021\/03\/image011-768x1152.jpg 768w, https:\/\/graphimarket.com\/wp-content\/uploads\/2021\/03\/image011-8x12.jpg 8w, https:\/\/graphimarket.com\/wp-content\/uploads\/2021\/03\/image011-600x900.jpg 600w\" sizes=\"(max-width: 780px) 100vw, 780px\" \/> \u00a0<img decoding=\"async\" class=\"alignnone size-full wp-image-16817\" src=\"https:\/\/graphimarket.com\/wp-content\/uploads\/2021\/03\/image014.jpg\" alt=\"\" width=\"780\" height=\"1170\" srcset=\"https:\/\/graphimarket.com\/wp-content\/uploads\/2021\/03\/image014.jpg 780w, https:\/\/graphimarket.com\/wp-content\/uploads\/2021\/03\/image014-200x300.jpg 200w, https:\/\/graphimarket.com\/wp-content\/uploads\/2021\/03\/image014-683x1024.jpg 683w, https:\/\/graphimarket.com\/wp-content\/uploads\/2021\/03\/image014-768x1152.jpg 768w, https:\/\/graphimarket.com\/wp-content\/uploads\/2021\/03\/image014-8x12.jpg 8w, https:\/\/graphimarket.com\/wp-content\/uploads\/2021\/03\/image014-600x900.jpg 600w\" sizes=\"(max-width: 780px) 100vw, 780px\" \/> \u00a0<img loading=\"lazy\" decoding=\"async\" class=\"alignnone size-full wp-image-16820\" src=\"https:\/\/graphimarket.com\/wp-content\/uploads\/2021\/03\/image017.jpg\" alt=\"\" width=\"780\" height=\"1170\" srcset=\"https:\/\/graphimarket.com\/wp-content\/uploads\/2021\/03\/image017.jpg 780w, https:\/\/graphimarket.com\/wp-content\/uploads\/2021\/03\/image017-200x300.jpg 200w, https:\/\/graphimarket.com\/wp-content\/uploads\/2021\/03\/image017-683x1024.jpg 683w, https:\/\/graphimarket.com\/wp-content\/uploads\/2021\/03\/image017-768x1152.jpg 768w, https:\/\/graphimarket.com\/wp-content\/uploads\/2021\/03\/image017-8x12.jpg 8w, https:\/\/graphimarket.com\/wp-content\/uploads\/2021\/03\/image017-600x900.jpg 600w\" sizes=\"(max-width: 780px) 100vw, 780px\" \/> <img loading=\"lazy\" decoding=\"async\" class=\"alignnone size-full wp-image-16821\" src=\"https:\/\/graphimarket.com\/wp-content\/uploads\/2021\/03\/image018.jpg\" alt=\"\" width=\"780\" height=\"1170\" srcset=\"https:\/\/graphimarket.com\/wp-content\/uploads\/2021\/03\/image018.jpg 780w, https:\/\/graphimarket.com\/wp-content\/uploads\/2021\/03\/image018-200x300.jpg 200w, https:\/\/graphimarket.com\/wp-content\/uploads\/2021\/03\/image018-683x1024.jpg 683w, https:\/\/graphimarket.com\/wp-content\/uploads\/2021\/03\/image018-768x1152.jpg 768w, https:\/\/graphimarket.com\/wp-content\/uploads\/2021\/03\/image018-8x12.jpg 8w, https:\/\/graphimarket.com\/wp-content\/uploads\/2021\/03\/image018-600x900.jpg 600w\" sizes=\"(max-width: 780px) 100vw, 780px\" \/> <img loading=\"lazy\" decoding=\"async\" class=\"alignnone size-full wp-image-16822\" src=\"https:\/\/graphimarket.com\/wp-content\/uploads\/2021\/03\/image019.jpg\" alt=\"\" width=\"780\" height=\"1170\" srcset=\"https:\/\/graphimarket.com\/wp-content\/uploads\/2021\/03\/image019.jpg 780w, https:\/\/graphimarket.com\/wp-content\/uploads\/2021\/03\/image019-200x300.jpg 200w, https:\/\/graphimarket.com\/wp-content\/uploads\/2021\/03\/image019-683x1024.jpg 683w, https:\/\/graphimarket.com\/wp-content\/uploads\/2021\/03\/image019-768x1152.jpg 768w, https:\/\/graphimarket.com\/wp-content\/uploads\/2021\/03\/image019-8x12.jpg 8w, https:\/\/graphimarket.com\/wp-content\/uploads\/2021\/03\/image019-600x900.jpg 600w\" sizes=\"(max-width: 780px) 100vw, 780px\" \/> <img loading=\"lazy\" decoding=\"async\" class=\"alignnone size-full wp-image-16823\" src=\"https:\/\/graphimarket.com\/wp-content\/uploads\/2021\/03\/image020.jpg\" alt=\"\" width=\"780\" height=\"1170\" srcset=\"https:\/\/graphimarket.com\/wp-content\/uploads\/2021\/03\/image020.jpg 780w, https:\/\/graphimarket.com\/wp-content\/uploads\/2021\/03\/image020-200x300.jpg 200w, https:\/\/graphimarket.com\/wp-content\/uploads\/2021\/03\/image020-683x1024.jpg 683w, https:\/\/graphimarket.com\/wp-content\/uploads\/2021\/03\/image020-768x1152.jpg 768w, https:\/\/graphimarket.com\/wp-content\/uploads\/2021\/03\/image020-8x12.jpg 8w, https:\/\/graphimarket.com\/wp-content\/uploads\/2021\/03\/image020-600x900.jpg 600w\" sizes=\"(max-width: 780px) 100vw, 780px\" \/> <img loading=\"lazy\" decoding=\"async\" class=\"alignnone size-full wp-image-16824\" src=\"https:\/\/graphimarket.com\/wp-content\/uploads\/2021\/03\/image001.jpg\" alt=\"\" width=\"780\" height=\"1170\" srcset=\"https:\/\/graphimarket.com\/wp-content\/uploads\/2021\/03\/image001.jpg 780w, https:\/\/graphimarket.com\/wp-content\/uploads\/2021\/03\/image001-200x300.jpg 200w, https:\/\/graphimarket.com\/wp-content\/uploads\/2021\/03\/image001-683x1024.jpg 683w, https:\/\/graphimarket.com\/wp-content\/uploads\/2021\/03\/image001-768x1152.jpg 768w, https:\/\/graphimarket.com\/wp-content\/uploads\/2021\/03\/image001-8x12.jpg 8w, https:\/\/graphimarket.com\/wp-content\/uploads\/2021\/03\/image001-600x900.jpg 600w\" sizes=\"(max-width: 780px) 100vw, 780px\" \/> \u00a0<img loading=\"lazy\" decoding=\"async\" class=\"alignnone size-full wp-image-16828\" src=\"https:\/\/graphimarket.com\/wp-content\/uploads\/2021\/03\/image006.jpg\" alt=\"\" width=\"780\" height=\"1170\" srcset=\"https:\/\/graphimarket.com\/wp-content\/uploads\/2021\/03\/image006.jpg 780w, https:\/\/graphimarket.com\/wp-content\/uploads\/2021\/03\/image006-200x300.jpg 200w, https:\/\/graphimarket.com\/wp-content\/uploads\/2021\/03\/image006-683x1024.jpg 683w, https:\/\/graphimarket.com\/wp-content\/uploads\/2021\/03\/image006-768x1152.jpg 768w, https:\/\/graphimarket.com\/wp-content\/uploads\/2021\/03\/image006-8x12.jpg 8w, https:\/\/graphimarket.com\/wp-content\/uploads\/2021\/03\/image006-600x900.jpg 600w\" sizes=\"(max-width: 780px) 100vw, 780px\" \/> \u00a0<img loading=\"lazy\" decoding=\"async\" class=\"alignnone size-full wp-image-16830\" src=\"https:\/\/graphimarket.com\/wp-content\/uploads\/2021\/03\/image008.jpg\" alt=\"\" width=\"780\" height=\"1170\" srcset=\"https:\/\/graphimarket.com\/wp-content\/uploads\/2021\/03\/image008.jpg 780w, https:\/\/graphimarket.com\/wp-content\/uploads\/2021\/03\/image008-200x300.jpg 200w, https:\/\/graphimarket.com\/wp-content\/uploads\/2021\/03\/image008-683x1024.jpg 683w, https:\/\/graphimarket.com\/wp-content\/uploads\/2021\/03\/image008-768x1152.jpg 768w, https:\/\/graphimarket.com\/wp-content\/uploads\/2021\/03\/image008-8x12.jpg 8w, https:\/\/graphimarket.com\/wp-content\/uploads\/2021\/03\/image008-600x900.jpg 600w\" sizes=\"(max-width: 780px) 100vw, 780px\" \/> <img loading=\"lazy\" decoding=\"async\" class=\"alignnone size-full wp-image-16831\" src=\"https:\/\/graphimarket.com\/wp-content\/uploads\/2021\/03\/image009.jpg\" alt=\"\" width=\"780\" height=\"1170\" srcset=\"https:\/\/graphimarket.com\/wp-content\/uploads\/2021\/03\/image009.jpg 780w, https:\/\/graphimarket.com\/wp-content\/uploads\/2021\/03\/image009-200x300.jpg 200w, https:\/\/graphimarket.com\/wp-content\/uploads\/2021\/03\/image009-683x1024.jpg 683w, https:\/\/graphimarket.com\/wp-content\/uploads\/2021\/03\/image009-768x1152.jpg 768w, https:\/\/graphimarket.com\/wp-content\/uploads\/2021\/03\/image009-8x12.jpg 8w, https:\/\/graphimarket.com\/wp-content\/uploads\/2021\/03\/image009-600x900.jpg 600w\" sizes=\"(max-width: 780px) 100vw, 780px\" \/><\/p>","protected":false},"excerpt":{"rendered":"<p>Fire &amp; Ashes &#8211; Vulcanum &#8211; Photoshop Action Vulcanum Photoshop Action Fire\u00a0&amp;\u00a0ashes\u00a0Photoshop action create awesome\u00a0volcano\u00a0effect from the object on your photo. Highly detailed result with a lot of intense fire, lighting elements, hot ashes and details. Extremaly easy to use! Many possibilities to easy customise and improve. One click action. This action created on Photoshop [&hellip;]<\/p>\n","protected":false},"featured_media":16833,"comment_status":"open","ping_status":"closed","template":"","meta":{"site-sidebar-layout":"default","site-content-layout":"default","ast-site-content-layout":"default","site-content-style":"default","site-sidebar-style":"default","ast-global-header-display":"","ast-banner-title-visibility":"","ast-main-header-display":"","ast-hfb-above-header-display":"","ast-hfb-below-header-display":"","ast-hfb-mobile-header-display":"","site-post-title":"","ast-breadcrumbs-content":"","ast-featured-img":"","footer-sml-layout":"","ast-disable-related-posts":"","theme-transparent-header-meta":"default","adv-header-id-meta":"","stick-header-meta":"","header-above-stick-meta":"","header-main-stick-meta":"","header-below-stick-meta":"","astra-migrate-meta-layouts":"default","ast-page-background-enabled":"default","ast-page-background-meta":{"desktop":{"background-color":"","background-image":"","background-repeat":"repeat","background-position":"center center","background-size":"auto","background-attachment":"scroll","background-type":"","background-media":"","overlay-type":"","overlay-color":"","overlay-opacity":"","overlay-gradient":""},"tablet":{"background-color":"","background-image":"","background-repeat":"repeat","background-position":"center center","background-size":"auto","background-attachment":"scroll","background-type":"","background-media":"","overlay-type":"","overlay-color":"","overlay-opacity":"","overlay-gradient":""},"mobile":{"background-color":"","background-image":"","background-repeat":"repeat","background-position":"center center","background-size":"auto","background-attachment":"scroll","background-type":"","background-media":"","overlay-type":"","overlay-color":"","overlay-opacity":"","overlay-gradient":""}},"ast-content-background-meta":{"desktop":{"background-color":"var(--ast-global-color-5)","background-image":"","background-repeat":"repeat","background-position":"center center","background-size":"auto","background-attachment":"scroll","background-type":"","background-media":"","overlay-type":"","overlay-color":"","overlay-opacity":"","overlay-gradient":""},"tablet":{"background-color":"var(--ast-global-color-5)","background-image":"","background-repeat":"repeat","background-position":"center center","background-size":"auto","background-attachment":"scroll","background-type":"","background-media":"","overlay-type":"","overlay-color":"","overlay-opacity":"","overlay-gradient":""},"mobile":{"background-color":"var(--ast-global-color-5)","background-image":"","background-repeat":"repeat","background-position":"center center","background-size":"auto","background-attachment":"scroll","background-type":"","background-media":"","overlay-type":"","overlay-color":"","overlay-opacity":"","overlay-gradient":""}}},"product_brand":[],"product_cat":[196,15,144,145,195,146],"product_tag":[292,1386,1953,62,1952],"class_list":{"0":"post-16812","1":"product","2":"type-product","3":"status-publish","4":"has-post-thumbnail","6":"product_cat-actions","7":"product_cat-photo","8":"product_cat-photo-editor","9":"product_cat-photography","10":"product_cat-photoshop","11":"product_cat-photoshop-action","12":"product_tag-action","13":"product_tag-adobe","14":"product_tag-fire-ashes","15":"product_tag-photoshop","16":"product_tag-vulcanum","17":"desktop-align-left","18":"tablet-align-left","19":"mobile-align-left","21":"first","22":"instock","23":"sale","24":"downloadable","25":"virtual","26":"taxable","27":"purchasable","28":"product-type-simple"},"yoast_head":"<!-- This site is optimized with the Yoast SEO plugin v27.3 - https:\/\/yoast.com\/product\/yoast-seo-wordpress\/ -->\n<title>Fire &amp; Ashes - Vulcanum - Photoshop Action - Graphimarket<\/title>\n<meta name=\"description\" content=\"Fire\u00a0&amp;\u00a0ashes\u00a0Photoshop action create awesome\u00a0volcano\u00a0effect from the object on your photo. Highly detailed result with a lot of intense fire.\" \/>\n<meta name=\"robots\" content=\"index, follow, max-snippet:-1, max-image-preview:large, max-video-preview:-1\" \/>\n<link rel=\"canonical\" href=\"https:\/\/graphimarket.com\/fr\/product\/fire-ashes-vulcanum-photoshop-action\/\" \/>\n<meta property=\"og:locale\" content=\"fr_FR\" \/>\n<meta property=\"og:type\" content=\"article\" \/>\n<meta property=\"og:title\" content=\"Fire &amp; Ashes - Vulcanum - Photoshop Action - Graphimarket\" \/>\n<meta property=\"og:description\" content=\"Fire\u00a0&amp;\u00a0ashes\u00a0Photoshop action create awesome\u00a0volcano\u00a0effect from the object on your photo. Highly detailed result with a lot of intense fire.\" \/>\n<meta property=\"og:url\" content=\"https:\/\/graphimarket.com\/fr\/product\/fire-ashes-vulcanum-photoshop-action\/\" \/>\n<meta property=\"og:site_name\" content=\"Graphimarket\" \/>\n<meta property=\"article:modified_time\" content=\"2021-03-31T14:26:35+00:00\" \/>\n<meta property=\"og:image\" content=\"https:\/\/graphimarket.com\/wp-content\/uploads\/2021\/03\/68747470733a2f2f64726976652e676f6f676c652e636f6d2f7468756d626e61696c3f69643d3042786970556b442d44496c39637a46766546426852565a7161327326737a3d7330.gif\" \/>\n\t<meta property=\"og:image:width\" content=\"616\" \/>\n\t<meta property=\"og:image:height\" content=\"616\" \/>\n\t<meta property=\"og:image:type\" content=\"image\/gif\" \/>\n<meta name=\"twitter:card\" content=\"summary_large_image\" \/>\n<meta name=\"twitter:label1\" content=\"Est. reading time\" \/>\n\t<meta name=\"twitter:data1\" content=\"1 minute\" \/>\n<script type=\"application\/ld+json\" class=\"yoast-schema-graph\">{\"@context\":\"https:\\\/\\\/schema.org\",\"@graph\":[{\"@type\":\"WebPage\",\"@id\":\"https:\\\/\\\/graphimarket.com\\\/product\\\/fire-ashes-vulcanum-photoshop-action\\\/\",\"url\":\"https:\\\/\\\/graphimarket.com\\\/product\\\/fire-ashes-vulcanum-photoshop-action\\\/\",\"name\":\"Fire & Ashes - Vulcanum - Photoshop Action - Graphimarket\",\"isPartOf\":{\"@id\":\"https:\\\/\\\/graphimarket.com\\\/fr\\\/#website\"},\"primaryImageOfPage\":{\"@id\":\"https:\\\/\\\/graphimarket.com\\\/product\\\/fire-ashes-vulcanum-photoshop-action\\\/#primaryimage\"},\"image\":{\"@id\":\"https:\\\/\\\/graphimarket.com\\\/product\\\/fire-ashes-vulcanum-photoshop-action\\\/#primaryimage\"},\"thumbnailUrl\":\"https:\\\/\\\/graphimarket.com\\\/wp-content\\\/uploads\\\/2021\\\/03\\\/68747470733a2f2f64726976652e676f6f676c652e636f6d2f7468756d626e61696c3f69643d3042786970556b442d44496c39637a46766546426852565a7161327326737a3d7330.gif\",\"datePublished\":\"2021-03-31T14:26:00+00:00\",\"dateModified\":\"2021-03-31T14:26:35+00:00\",\"description\":\"Fire\u00a0&\u00a0ashes\u00a0Photoshop action create awesome\u00a0volcano\u00a0effect from the object on your photo. Highly detailed result with a lot of intense fire.\",\"breadcrumb\":{\"@id\":\"https:\\\/\\\/graphimarket.com\\\/product\\\/fire-ashes-vulcanum-photoshop-action\\\/#breadcrumb\"},\"inLanguage\":\"fr-FR\",\"potentialAction\":[{\"@type\":\"ReadAction\",\"target\":[\"https:\\\/\\\/graphimarket.com\\\/product\\\/fire-ashes-vulcanum-photoshop-action\\\/\"]}]},{\"@type\":\"ImageObject\",\"inLanguage\":\"fr-FR\",\"@id\":\"https:\\\/\\\/graphimarket.com\\\/product\\\/fire-ashes-vulcanum-photoshop-action\\\/#primaryimage\",\"url\":\"https:\\\/\\\/graphimarket.com\\\/wp-content\\\/uploads\\\/2021\\\/03\\\/68747470733a2f2f64726976652e676f6f676c652e636f6d2f7468756d626e61696c3f69643d3042786970556b442d44496c39637a46766546426852565a7161327326737a3d7330.gif\",\"contentUrl\":\"https:\\\/\\\/graphimarket.com\\\/wp-content\\\/uploads\\\/2021\\\/03\\\/68747470733a2f2f64726976652e676f6f676c652e636f6d2f7468756d626e61696c3f69643d3042786970556b442d44496c39637a46766546426852565a7161327326737a3d7330.gif\",\"width\":616,\"height\":616},{\"@type\":\"BreadcrumbList\",\"@id\":\"https:\\\/\\\/graphimarket.com\\\/product\\\/fire-ashes-vulcanum-photoshop-action\\\/#breadcrumb\",\"itemListElement\":[{\"@type\":\"ListItem\",\"position\":1,\"name\":\"Home\",\"item\":\"https:\\\/\\\/graphimarket.com\\\/es\\\/\"},{\"@type\":\"ListItem\",\"position\":2,\"name\":\"Store\",\"item\":\"https:\\\/\\\/graphimarket.com\\\/store\\\/\"},{\"@type\":\"ListItem\",\"position\":3,\"name\":\"Fire &#038; Ashes &#8211; Vulcanum &#8211; Photoshop Action\"}]},{\"@type\":\"WebSite\",\"@id\":\"https:\\\/\\\/graphimarket.com\\\/fr\\\/#website\",\"url\":\"https:\\\/\\\/graphimarket.com\\\/fr\\\/\",\"name\":\"Graphimarket\",\"description\":\"Find the perfect creative asset to bring your project to life\",\"publisher\":{\"@id\":\"https:\\\/\\\/graphimarket.com\\\/fr\\\/#organization\"},\"potentialAction\":[{\"@type\":\"SearchAction\",\"target\":{\"@type\":\"EntryPoint\",\"urlTemplate\":\"https:\\\/\\\/graphimarket.com\\\/fr\\\/?s={search_term_string}\"},\"query-input\":{\"@type\":\"PropertyValueSpecification\",\"valueRequired\":true,\"valueName\":\"search_term_string\"}}],\"inLanguage\":\"fr-FR\"},{\"@type\":\"Organization\",\"@id\":\"https:\\\/\\\/graphimarket.com\\\/fr\\\/#organization\",\"name\":\"Graphimarket\",\"url\":\"https:\\\/\\\/graphimarket.com\\\/fr\\\/\",\"logo\":{\"@type\":\"ImageObject\",\"inLanguage\":\"fr-FR\",\"@id\":\"https:\\\/\\\/graphimarket.com\\\/fr\\\/#\\\/schema\\\/logo\\\/image\\\/\",\"url\":\"https:\\\/\\\/graphimarket.com\\\/wp-content\\\/uploads\\\/2020\\\/08\\\/logo-48.png\",\"contentUrl\":\"https:\\\/\\\/graphimarket.com\\\/wp-content\\\/uploads\\\/2020\\\/08\\\/logo-48.png\",\"width\":132,\"height\":48,\"caption\":\"Graphimarket\"},\"image\":{\"@id\":\"https:\\\/\\\/graphimarket.com\\\/fr\\\/#\\\/schema\\\/logo\\\/image\\\/\"}}]}<\/script>\n<!-- \/ Yoast SEO plugin. -->","yoast_head_json":{"title":"Fire & Ashes - Vulcanum - Photoshop Action - Graphimarket","description":"Fire\u00a0&\u00a0ashes\u00a0Photoshop action create awesome\u00a0volcano\u00a0effect from the object on your photo. Highly detailed result with a lot of intense fire.","robots":{"index":"index","follow":"follow","max-snippet":"max-snippet:-1","max-image-preview":"max-image-preview:large","max-video-preview":"max-video-preview:-1"},"canonical":"https:\/\/graphimarket.com\/fr\/product\/fire-ashes-vulcanum-photoshop-action\/","og_locale":"fr_FR","og_type":"article","og_title":"Fire & Ashes - Vulcanum - Photoshop Action - Graphimarket","og_description":"Fire\u00a0&\u00a0ashes\u00a0Photoshop action create awesome\u00a0volcano\u00a0effect from the object on your photo. Highly detailed result with a lot of intense fire.","og_url":"https:\/\/graphimarket.com\/fr\/product\/fire-ashes-vulcanum-photoshop-action\/","og_site_name":"Graphimarket","article_modified_time":"2021-03-31T14:26:35+00:00","og_image":[{"width":616,"height":616,"url":"https:\/\/graphimarket.com\/wp-content\/uploads\/2021\/03\/68747470733a2f2f64726976652e676f6f676c652e636f6d2f7468756d626e61696c3f69643d3042786970556b442d44496c39637a46766546426852565a7161327326737a3d7330.gif","type":"image\/gif"}],"twitter_card":"summary_large_image","twitter_misc":{"Est. reading time":"1 minute"},"schema":{"@context":"https:\/\/schema.org","@graph":[{"@type":"WebPage","@id":"https:\/\/graphimarket.com\/product\/fire-ashes-vulcanum-photoshop-action\/","url":"https:\/\/graphimarket.com\/product\/fire-ashes-vulcanum-photoshop-action\/","name":"Fire & Ashes - Vulcanum - Photoshop Action - Graphimarket","isPartOf":{"@id":"https:\/\/graphimarket.com\/fr\/#website"},"primaryImageOfPage":{"@id":"https:\/\/graphimarket.com\/product\/fire-ashes-vulcanum-photoshop-action\/#primaryimage"},"image":{"@id":"https:\/\/graphimarket.com\/product\/fire-ashes-vulcanum-photoshop-action\/#primaryimage"},"thumbnailUrl":"https:\/\/graphimarket.com\/wp-content\/uploads\/2021\/03\/68747470733a2f2f64726976652e676f6f676c652e636f6d2f7468756d626e61696c3f69643d3042786970556b442d44496c39637a46766546426852565a7161327326737a3d7330.gif","datePublished":"2021-03-31T14:26:00+00:00","dateModified":"2021-03-31T14:26:35+00:00","description":"Fire\u00a0&\u00a0ashes\u00a0Photoshop action create awesome\u00a0volcano\u00a0effect from the object on your photo. Highly detailed result with a lot of intense fire.","breadcrumb":{"@id":"https:\/\/graphimarket.com\/product\/fire-ashes-vulcanum-photoshop-action\/#breadcrumb"},"inLanguage":"fr-FR","potentialAction":[{"@type":"ReadAction","target":["https:\/\/graphimarket.com\/product\/fire-ashes-vulcanum-photoshop-action\/"]}]},{"@type":"ImageObject","inLanguage":"fr-FR","@id":"https:\/\/graphimarket.com\/product\/fire-ashes-vulcanum-photoshop-action\/#primaryimage","url":"https:\/\/graphimarket.com\/wp-content\/uploads\/2021\/03\/68747470733a2f2f64726976652e676f6f676c652e636f6d2f7468756d626e61696c3f69643d3042786970556b442d44496c39637a46766546426852565a7161327326737a3d7330.gif","contentUrl":"https:\/\/graphimarket.com\/wp-content\/uploads\/2021\/03\/68747470733a2f2f64726976652e676f6f676c652e636f6d2f7468756d626e61696c3f69643d3042786970556b442d44496c39637a46766546426852565a7161327326737a3d7330.gif","width":616,"height":616},{"@type":"BreadcrumbList","@id":"https:\/\/graphimarket.com\/product\/fire-ashes-vulcanum-photoshop-action\/#breadcrumb","itemListElement":[{"@type":"ListItem","position":1,"name":"Home","item":"https:\/\/graphimarket.com\/es\/"},{"@type":"ListItem","position":2,"name":"Store","item":"https:\/\/graphimarket.com\/store\/"},{"@type":"ListItem","position":3,"name":"Fire &#038; Ashes &#8211; Vulcanum &#8211; Photoshop Action"}]},{"@type":"WebSite","@id":"https:\/\/graphimarket.com\/fr\/#website","url":"https:\/\/graphimarket.com\/fr\/","name":"Graphimarket","description":"Trouvez l&#039;atout cr\u00e9atif parfait pour donner vie \u00e0 votre projet","publisher":{"@id":"https:\/\/graphimarket.com\/fr\/#organization"},"potentialAction":[{"@type":"SearchAction","target":{"@type":"EntryPoint","urlTemplate":"https:\/\/graphimarket.com\/fr\/?s={search_term_string}"},"query-input":{"@type":"PropertyValueSpecification","valueRequired":true,"valueName":"search_term_string"}}],"inLanguage":"fr-FR"},{"@type":"Organization","@id":"https:\/\/graphimarket.com\/fr\/#organization","name":"Graphimarket","url":"https:\/\/graphimarket.com\/fr\/","logo":{"@type":"ImageObject","inLanguage":"fr-FR","@id":"https:\/\/graphimarket.com\/fr\/#\/schema\/logo\/image\/","url":"https:\/\/graphimarket.com\/wp-content\/uploads\/2020\/08\/logo-48.png","contentUrl":"https:\/\/graphimarket.com\/wp-content\/uploads\/2020\/08\/logo-48.png","width":132,"height":48,"caption":"Graphimarket"},"image":{"@id":"https:\/\/graphimarket.com\/fr\/#\/schema\/logo\/image\/"}}]}},"_links":{"self":[{"href":"http:\/\/graphimarket.com\/fr\/wp-json\/wp\/v2\/product\/16812","targetHints":{"allow":["GET"]}}],"collection":[{"href":"http:\/\/graphimarket.com\/fr\/wp-json\/wp\/v2\/product"}],"about":[{"href":"http:\/\/graphimarket.com\/fr\/wp-json\/wp\/v2\/types\/product"}],"replies":[{"embeddable":true,"href":"http:\/\/graphimarket.com\/fr\/wp-json\/wp\/v2\/comments?post=16812"}],"version-history":[{"count":0,"href":"http:\/\/graphimarket.com\/fr\/wp-json\/wp\/v2\/product\/16812\/revisions"}],"wp:featuredmedia":[{"embeddable":true,"href":"http:\/\/graphimarket.com\/fr\/wp-json\/wp\/v2\/media\/16833"}],"wp:attachment":[{"href":"http:\/\/graphimarket.com\/fr\/wp-json\/wp\/v2\/media?parent=16812"}],"wp:term":[{"taxonomy":"product_brand","embeddable":true,"href":"http:\/\/graphimarket.com\/fr\/wp-json\/wp\/v2\/product_brand?post=16812"},{"taxonomy":"product_cat","embeddable":true,"href":"http:\/\/graphimarket.com\/fr\/wp-json\/wp\/v2\/product_cat?post=16812"},{"taxonomy":"product_tag","embeddable":true,"href":"http:\/\/graphimarket.com\/fr\/wp-json\/wp\/v2\/product_tag?post=16812"}],"curies":[{"name":"wp","href":"https:\/\/api.w.org\/{rel}","templated":true}]}}