{"id":16854,"date":"2021-03-31T16:51:11","date_gmt":"2021-03-31T14:51:11","guid":{"rendered":"https:\/\/graphimarket.com\/?post_type=product&#038;p=16854"},"modified":"2025-10-18T11:15:59","modified_gmt":"2025-10-18T09:15:59","slug":"architecture-sketch-architectum-3-photoshop-plugin","status":"publish","type":"product","link":"http:\/\/graphimarket.com\/fr\/product\/architecture-sketch-architectum-3-photoshop-plugin\/","title":{"rendered":"Architecture Sketch - Architectum 3 - Plugin Photoshop"},"content":{"rendered":"<p><strong>Architecture Sketch - Architectum 3 - Plugin Photoshop<\/strong><\/p>\n<p>Architectum 3 Plugin est un nouveau niveau sup\u00e9rieur d&#039;actions Architectum pour la cr\u00e9ation\u00a0<strong>croquis d&#039;architecture<\/strong>. Une grande exp\u00e9rience dans le d\u00e9veloppement de\u00a0<strong>actions d&#039;esquisse<\/strong>\u00a0nous a permis de cr\u00e9er l&#039;outil d&#039;esquisse le plus puissant et le plus fonctionnel du march\u00e9.<\/p>\n<p><strong>Maintenant multilingue!<\/strong><br \/>\nLe plugin fonctionne dans n&#039;importe quelle langue Photoshop CC2015.5, CC2017, CC2018, CC2019 et les versions plus r\u00e9centes.<\/p>\n<p><strong>De l&#039;action au panel<\/strong><br \/>\nD\u00e9sormais, Architectum 3 est devenu un plugin \u00e0 part enti\u00e8re avec une interface native et un ensemble de fonctions d&#039;esquisse utiles.Il s&#039;agit d&#039;une combinaison explosive d&#039;actions Photohop, de javascripts, de HTML et de CSS, con\u00e7u selon les directives d&#039;Adobe et optimis\u00e9 pour toutes les exigences de Photoshop et les th\u00e8mes d&#039;interface.<\/p>\n<p><strong>Installation par glisser-d\u00e9poser la plus simple<\/strong><br \/>\nFaites simplement glisser et d\u00e9posez un fichier d&#039;installation dans votre Photoshop et red\u00e9marrez-le. C&#039;est tout, plugin install\u00e9.<\/p>\n<p><strong>Pr\u00e9r\u00e9glages du mode d&#039;esquisse<\/strong><br \/>\nChoisissez le mode d&#039;esquisse dont vous avez besoin en un seul clic. Disponible 4 modes d&#039;esquisse et 4 outils utiles suppl\u00e9mentaires.<\/p>\n<p><strong>Mise au point automatique intellectuelle<\/strong><br \/>\nEssayez cette nouvelle fonction exp\u00e9rimentale pour la s\u00e9lection automatique de la zone de mise au point ou \/ et pour obtenir des r\u00e9sultats cr\u00e9atifs inattendus.<\/p>\n<p><strong>Optimisation automatique<\/strong><br \/>\nNe vous inqui\u00e9tez pas de vos param\u00e8tres d&#039;image maintenant. La fonction d&#039;optimisation le pr\u00e9pare automatiquement pour les meilleurs r\u00e9sultats finaux.<\/p>\n<p><strong>Algorithme absolument nouveau<\/strong><br \/>\nPlus rapide et plus pr\u00e9cis pour cr\u00e9er des esquisses d&#039;architecture professionnelle. Plus universel, flexible et r\u00e9fl\u00e9chi.<\/p>\n<p><strong>Nouveau style de dessin<\/strong><br \/>\nDes r\u00e9sultats plus r\u00e9alistes et impressionnants de croquis d&#039;architecture gr\u00e2ce \u00e0 de nouvelles techniques graphiques, des pinceaux et des motifs uniformes.<\/p>\n<p><strong>Nouveau niveau de d\u00e9talisation<\/strong><br \/>\nLe r\u00e9sultat comprend un grand nombre d&#039;\u00e9l\u00e9ments d&#039;esquisse principaux et suppl\u00e9mentaires et des ajustements de couleur pour la personnalisation et l&#039;am\u00e9lioration.<\/p>\n<p><strong>Aquarelle de haute qualit\u00e9<\/strong><br \/>\nEn plus des croquis de base, vous trouverez une aquarelle de haute qualit\u00e9 pour cr\u00e9er des illustrations en couleurs complexes.<\/p>\n<p>&nbsp;<\/p>\n<p><img fetchpriority=\"high\" decoding=\"async\" class=\"alignnone size-full wp-image-16855\" src=\"https:\/\/graphimarket.com\/wp-content\/uploads\/2021\/03\/architectum3_image_004.jpg\" alt=\"\" width=\"1200\" height=\"1000\" srcset=\"https:\/\/graphimarket.com\/wp-content\/uploads\/2021\/03\/architectum3_image_004.jpg 1200w, https:\/\/graphimarket.com\/wp-content\/uploads\/2021\/03\/architectum3_image_004-300x250.jpg 300w, https:\/\/graphimarket.com\/wp-content\/uploads\/2021\/03\/architectum3_image_004-1024x853.jpg 1024w, https:\/\/graphimarket.com\/wp-content\/uploads\/2021\/03\/architectum3_image_004-768x640.jpg 768w, https:\/\/graphimarket.com\/wp-content\/uploads\/2021\/03\/architectum3_image_004-14x12.jpg 14w, https:\/\/graphimarket.com\/wp-content\/uploads\/2021\/03\/architectum3_image_004-600x500.jpg 600w\" sizes=\"(max-width: 1200px) 100vw, 1200px\" \/> <img decoding=\"async\" class=\"alignnone size-full wp-image-16856\" src=\"https:\/\/graphimarket.com\/wp-content\/uploads\/2021\/03\/architectum3_image_005.jpg\" alt=\"\" width=\"1200\" height=\"1000\" srcset=\"https:\/\/graphimarket.com\/wp-content\/uploads\/2021\/03\/architectum3_image_005.jpg 1200w, https:\/\/graphimarket.com\/wp-content\/uploads\/2021\/03\/architectum3_image_005-300x250.jpg 300w, https:\/\/graphimarket.com\/wp-content\/uploads\/2021\/03\/architectum3_image_005-1024x853.jpg 1024w, https:\/\/graphimarket.com\/wp-content\/uploads\/2021\/03\/architectum3_image_005-768x640.jpg 768w, https:\/\/graphimarket.com\/wp-content\/uploads\/2021\/03\/architectum3_image_005-14x12.jpg 14w, https:\/\/graphimarket.com\/wp-content\/uploads\/2021\/03\/architectum3_image_005-600x500.jpg 600w\" sizes=\"(max-width: 1200px) 100vw, 1200px\" \/> <img decoding=\"async\" class=\"alignnone size-full wp-image-16857\" src=\"https:\/\/graphimarket.com\/wp-content\/uploads\/2021\/03\/architectum3_image_006.jpg\" alt=\"\" width=\"870\" height=\"1500\" srcset=\"https:\/\/graphimarket.com\/wp-content\/uploads\/2021\/03\/architectum3_image_006.jpg 870w, https:\/\/graphimarket.com\/wp-content\/uploads\/2021\/03\/architectum3_image_006-174x300.jpg 174w, https:\/\/graphimarket.com\/wp-content\/uploads\/2021\/03\/architectum3_image_006-594x1024.jpg 594w, https:\/\/graphimarket.com\/wp-content\/uploads\/2021\/03\/architectum3_image_006-768x1324.jpg 768w, https:\/\/graphimarket.com\/wp-content\/uploads\/2021\/03\/architectum3_image_006-7x12.jpg 7w, https:\/\/graphimarket.com\/wp-content\/uploads\/2021\/03\/architectum3_image_006-600x1034.jpg 600w\" sizes=\"(max-width: 870px) 100vw, 870px\" \/> <img loading=\"lazy\" decoding=\"async\" class=\"alignnone size-full wp-image-16858\" src=\"https:\/\/graphimarket.com\/wp-content\/uploads\/2021\/03\/architectum3_image_007.jpg\" alt=\"\" width=\"1200\" height=\"1000\" srcset=\"https:\/\/graphimarket.com\/wp-content\/uploads\/2021\/03\/architectum3_image_007.jpg 1200w, https:\/\/graphimarket.com\/wp-content\/uploads\/2021\/03\/architectum3_image_007-300x250.jpg 300w, https:\/\/graphimarket.com\/wp-content\/uploads\/2021\/03\/architectum3_image_007-1024x853.jpg 1024w, https:\/\/graphimarket.com\/wp-content\/uploads\/2021\/03\/architectum3_image_007-768x640.jpg 768w, https:\/\/graphimarket.com\/wp-content\/uploads\/2021\/03\/architectum3_image_007-14x12.jpg 14w, https:\/\/graphimarket.com\/wp-content\/uploads\/2021\/03\/architectum3_image_007-600x500.jpg 600w\" sizes=\"(max-width: 1200px) 100vw, 1200px\" \/> <img loading=\"lazy\" decoding=\"async\" class=\"alignnone size-full wp-image-16859\" src=\"https:\/\/graphimarket.com\/wp-content\/uploads\/2021\/03\/architectum3_image_001.jpg\" alt=\"\" width=\"1200\" height=\"1000\" srcset=\"https:\/\/graphimarket.com\/wp-content\/uploads\/2021\/03\/architectum3_image_001.jpg 1200w, https:\/\/graphimarket.com\/wp-content\/uploads\/2021\/03\/architectum3_image_001-300x250.jpg 300w, https:\/\/graphimarket.com\/wp-content\/uploads\/2021\/03\/architectum3_image_001-1024x853.jpg 1024w, https:\/\/graphimarket.com\/wp-content\/uploads\/2021\/03\/architectum3_image_001-768x640.jpg 768w, https:\/\/graphimarket.com\/wp-content\/uploads\/2021\/03\/architectum3_image_001-14x12.jpg 14w, https:\/\/graphimarket.com\/wp-content\/uploads\/2021\/03\/architectum3_image_001-600x500.jpg 600w\" sizes=\"(max-width: 1200px) 100vw, 1200px\" \/> <img loading=\"lazy\" decoding=\"async\" class=\"alignnone size-full wp-image-16860\" src=\"https:\/\/graphimarket.com\/wp-content\/uploads\/2021\/03\/architectum3_image_002.jpg\" alt=\"\" width=\"1200\" height=\"1000\" srcset=\"https:\/\/graphimarket.com\/wp-content\/uploads\/2021\/03\/architectum3_image_002.jpg 1200w, https:\/\/graphimarket.com\/wp-content\/uploads\/2021\/03\/architectum3_image_002-300x250.jpg 300w, https:\/\/graphimarket.com\/wp-content\/uploads\/2021\/03\/architectum3_image_002-1024x853.jpg 1024w, https:\/\/graphimarket.com\/wp-content\/uploads\/2021\/03\/architectum3_image_002-768x640.jpg 768w, https:\/\/graphimarket.com\/wp-content\/uploads\/2021\/03\/architectum3_image_002-14x12.jpg 14w, https:\/\/graphimarket.com\/wp-content\/uploads\/2021\/03\/architectum3_image_002-600x500.jpg 600w\" sizes=\"(max-width: 1200px) 100vw, 1200px\" \/> <img loading=\"lazy\" decoding=\"async\" class=\"alignnone size-full wp-image-16861\" src=\"https:\/\/graphimarket.com\/wp-content\/uploads\/2021\/03\/architectum3_image_003.jpg\" alt=\"\" width=\"1200\" height=\"1000\" srcset=\"https:\/\/graphimarket.com\/wp-content\/uploads\/2021\/03\/architectum3_image_003.jpg 1200w, https:\/\/graphimarket.com\/wp-content\/uploads\/2021\/03\/architectum3_image_003-300x250.jpg 300w, https:\/\/graphimarket.com\/wp-content\/uploads\/2021\/03\/architectum3_image_003-1024x853.jpg 1024w, https:\/\/graphimarket.com\/wp-content\/uploads\/2021\/03\/architectum3_image_003-768x640.jpg 768w, https:\/\/graphimarket.com\/wp-content\/uploads\/2021\/03\/architectum3_image_003-14x12.jpg 14w, https:\/\/graphimarket.com\/wp-content\/uploads\/2021\/03\/architectum3_image_003-600x500.jpg 600w\" sizes=\"(max-width: 1200px) 100vw, 1200px\" \/><\/p>","protected":false},"excerpt":{"rendered":"<p>Architecture Sketch &#8211; Architectum 3 &#8211; Photoshop Plugin Architectum 3 Plugin is new higher level of Architectum actions for creating professional\u00a0architecture sketches. A huge experience in development of\u00a0sketch actions\u00a0allowed us to create most powerful and functional sketch tool on the market. Now multilingual! Plugin works in any language Photoshop CC2015.5, CC2017, CC2018, CC2019 and newer [&hellip;]<\/p>\n","protected":false},"featured_media":16855,"comment_status":"open","ping_status":"closed","template":"","meta":{"site-sidebar-layout":"default","site-content-layout":"default","ast-site-content-layout":"default","site-content-style":"default","site-sidebar-style":"default","ast-global-header-display":"","ast-banner-title-visibility":"","ast-main-header-display":"","ast-hfb-above-header-display":"","ast-hfb-below-header-display":"","ast-hfb-mobile-header-display":"","site-post-title":"","ast-breadcrumbs-content":"","ast-featured-img":"","footer-sml-layout":"","ast-disable-related-posts":"","theme-transparent-header-meta":"default","adv-header-id-meta":"","stick-header-meta":"","header-above-stick-meta":"","header-main-stick-meta":"","header-below-stick-meta":"","astra-migrate-meta-layouts":"default","ast-page-background-enabled":"default","ast-page-background-meta":{"desktop":{"background-color":"","background-image":"","background-repeat":"repeat","background-position":"center center","background-size":"auto","background-attachment":"scroll","background-type":"","background-media":"","overlay-type":"","overlay-color":"","overlay-opacity":"","overlay-gradient":""},"tablet":{"background-color":"","background-image":"","background-repeat":"repeat","background-position":"center center","background-size":"auto","background-attachment":"scroll","background-type":"","background-media":"","overlay-type":"","overlay-color":"","overlay-opacity":"","overlay-gradient":""},"mobile":{"background-color":"","background-image":"","background-repeat":"repeat","background-position":"center center","background-size":"auto","background-attachment":"scroll","background-type":"","background-media":"","overlay-type":"","overlay-color":"","overlay-opacity":"","overlay-gradient":""}},"ast-content-background-meta":{"desktop":{"background-color":"var(--ast-global-color-5)","background-image":"","background-repeat":"repeat","background-position":"center center","background-size":"auto","background-attachment":"scroll","background-type":"","background-media":"","overlay-type":"","overlay-color":"","overlay-opacity":"","overlay-gradient":""},"tablet":{"background-color":"var(--ast-global-color-5)","background-image":"","background-repeat":"repeat","background-position":"center center","background-size":"auto","background-attachment":"scroll","background-type":"","background-media":"","overlay-type":"","overlay-color":"","overlay-opacity":"","overlay-gradient":""},"mobile":{"background-color":"var(--ast-global-color-5)","background-image":"","background-repeat":"repeat","background-position":"center center","background-size":"auto","background-attachment":"scroll","background-type":"","background-media":"","overlay-type":"","overlay-color":"","overlay-opacity":"","overlay-gradient":""}}},"product_brand":[],"product_cat":[196,15,144,145,195,146],"product_tag":[1956,1386,1954,1955,531,62,1193,267],"class_list":{"0":"post-16854","1":"product","2":"type-product","3":"status-publish","4":"has-post-thumbnail","6":"product_cat-actions","7":"product_cat-photo","8":"product_cat-photo-editor","9":"product_cat-photography","10":"product_cat-photoshop","11":"product_cat-photoshop-action","12":"product_tag-1956","13":"product_tag-adobe","14":"product_tag-architectum","15":"product_tag-architecture","16":"product_tag-cc","17":"product_tag-photoshop","18":"product_tag-plugin","19":"product_tag-sketch","20":"desktop-align-left","21":"tablet-align-left","22":"mobile-align-left","24":"first","25":"instock","26":"sale","27":"downloadable","28":"virtual","29":"taxable","30":"purchasable","31":"product-type-simple"},"yoast_head":"<!-- This site is optimized with the Yoast SEO plugin v27.3 - https:\/\/yoast.com\/product\/yoast-seo-wordpress\/ -->\n<title>Architecture Sketch - Architectum 3 - Photoshop Plugin - Graphimarket<\/title>\n<meta name=\"description\" content=\"Architecture Sketch - Architectum 3 - Photoshop PluginArchitectum 3 Plugin is new higher level of Architectum actions for...\" \/>\n<meta name=\"robots\" content=\"index, follow, max-snippet:-1, max-image-preview:large, max-video-preview:-1\" \/>\n<link rel=\"canonical\" href=\"https:\/\/graphimarket.com\/fr\/product\/architecture-sketch-architectum-3-photoshop-plugin\/\" \/>\n<meta property=\"og:locale\" content=\"fr_FR\" \/>\n<meta property=\"og:type\" content=\"article\" \/>\n<meta property=\"og:title\" content=\"Architecture Sketch - Architectum 3 - Photoshop Plugin - Graphimarket\" \/>\n<meta property=\"og:description\" content=\"Architecture Sketch - Architectum 3 - Photoshop PluginArchitectum 3 Plugin is new higher level of Architectum actions for...\" \/>\n<meta property=\"og:url\" content=\"https:\/\/graphimarket.com\/fr\/product\/architecture-sketch-architectum-3-photoshop-plugin\/\" \/>\n<meta property=\"og:site_name\" content=\"Graphimarket\" \/>\n<meta property=\"article:modified_time\" content=\"2025-10-18T09:15:59+00:00\" \/>\n<meta property=\"og:image\" content=\"https:\/\/graphimarket.com\/wp-content\/uploads\/2021\/03\/architectum3_image_004.jpg\" \/>\n\t<meta property=\"og:image:width\" content=\"1200\" \/>\n\t<meta property=\"og:image:height\" content=\"1000\" \/>\n\t<meta property=\"og:image:type\" content=\"image\/jpeg\" \/>\n<meta name=\"twitter:card\" content=\"summary_large_image\" \/>\n<meta name=\"twitter:label1\" content=\"Est. reading time\" \/>\n\t<meta name=\"twitter:data1\" content=\"3 minutes\" \/>\n<script type=\"application\/ld+json\" class=\"yoast-schema-graph\">{\"@context\":\"https:\\\/\\\/schema.org\",\"@graph\":[{\"@type\":\"WebPage\",\"@id\":\"https:\\\/\\\/graphimarket.com\\\/product\\\/architecture-sketch-architectum-3-photoshop-plugin\\\/\",\"url\":\"https:\\\/\\\/graphimarket.com\\\/product\\\/architecture-sketch-architectum-3-photoshop-plugin\\\/\",\"name\":\"Architecture Sketch - Architectum 3 - Photoshop Plugin - Graphimarket\",\"isPartOf\":{\"@id\":\"https:\\\/\\\/graphimarket.com\\\/fr\\\/#website\"},\"primaryImageOfPage\":{\"@id\":\"https:\\\/\\\/graphimarket.com\\\/product\\\/architecture-sketch-architectum-3-photoshop-plugin\\\/#primaryimage\"},\"image\":{\"@id\":\"https:\\\/\\\/graphimarket.com\\\/product\\\/architecture-sketch-architectum-3-photoshop-plugin\\\/#primaryimage\"},\"thumbnailUrl\":\"https:\\\/\\\/graphimarket.com\\\/wp-content\\\/uploads\\\/2021\\\/03\\\/architectum3_image_004.jpg\",\"datePublished\":\"2021-03-31T14:51:11+00:00\",\"dateModified\":\"2025-10-18T09:15:59+00:00\",\"description\":\"Architecture Sketch - Architectum 3 - Photoshop PluginArchitectum 3 Plugin is new higher level of Architectum actions for...\",\"breadcrumb\":{\"@id\":\"https:\\\/\\\/graphimarket.com\\\/product\\\/architecture-sketch-architectum-3-photoshop-plugin\\\/#breadcrumb\"},\"inLanguage\":\"fr-FR\",\"potentialAction\":[{\"@type\":\"ReadAction\",\"target\":[\"https:\\\/\\\/graphimarket.com\\\/product\\\/architecture-sketch-architectum-3-photoshop-plugin\\\/\"]}]},{\"@type\":\"ImageObject\",\"inLanguage\":\"fr-FR\",\"@id\":\"https:\\\/\\\/graphimarket.com\\\/product\\\/architecture-sketch-architectum-3-photoshop-plugin\\\/#primaryimage\",\"url\":\"https:\\\/\\\/graphimarket.com\\\/wp-content\\\/uploads\\\/2021\\\/03\\\/architectum3_image_004.jpg\",\"contentUrl\":\"https:\\\/\\\/graphimarket.com\\\/wp-content\\\/uploads\\\/2021\\\/03\\\/architectum3_image_004.jpg\",\"width\":1200,\"height\":1000},{\"@type\":\"BreadcrumbList\",\"@id\":\"https:\\\/\\\/graphimarket.com\\\/product\\\/architecture-sketch-architectum-3-photoshop-plugin\\\/#breadcrumb\",\"itemListElement\":[{\"@type\":\"ListItem\",\"position\":1,\"name\":\"Home\",\"item\":\"https:\\\/\\\/graphimarket.com\\\/es\\\/\"},{\"@type\":\"ListItem\",\"position\":2,\"name\":\"Store\",\"item\":\"https:\\\/\\\/graphimarket.com\\\/store\\\/\"},{\"@type\":\"ListItem\",\"position\":3,\"name\":\"Architecture Sketch &#8211; Architectum 3 &#8211; Photoshop Plugin\"}]},{\"@type\":\"WebSite\",\"@id\":\"https:\\\/\\\/graphimarket.com\\\/fr\\\/#website\",\"url\":\"https:\\\/\\\/graphimarket.com\\\/fr\\\/\",\"name\":\"Graphimarket\",\"description\":\"Find the perfect creative asset to bring your project to life\",\"publisher\":{\"@id\":\"https:\\\/\\\/graphimarket.com\\\/fr\\\/#organization\"},\"potentialAction\":[{\"@type\":\"SearchAction\",\"target\":{\"@type\":\"EntryPoint\",\"urlTemplate\":\"https:\\\/\\\/graphimarket.com\\\/fr\\\/?s={search_term_string}\"},\"query-input\":{\"@type\":\"PropertyValueSpecification\",\"valueRequired\":true,\"valueName\":\"search_term_string\"}}],\"inLanguage\":\"fr-FR\"},{\"@type\":\"Organization\",\"@id\":\"https:\\\/\\\/graphimarket.com\\\/fr\\\/#organization\",\"name\":\"Graphimarket\",\"url\":\"https:\\\/\\\/graphimarket.com\\\/fr\\\/\",\"logo\":{\"@type\":\"ImageObject\",\"inLanguage\":\"fr-FR\",\"@id\":\"https:\\\/\\\/graphimarket.com\\\/fr\\\/#\\\/schema\\\/logo\\\/image\\\/\",\"url\":\"https:\\\/\\\/graphimarket.com\\\/wp-content\\\/uploads\\\/2020\\\/08\\\/logo-48.png\",\"contentUrl\":\"https:\\\/\\\/graphimarket.com\\\/wp-content\\\/uploads\\\/2020\\\/08\\\/logo-48.png\",\"width\":132,\"height\":48,\"caption\":\"Graphimarket\"},\"image\":{\"@id\":\"https:\\\/\\\/graphimarket.com\\\/fr\\\/#\\\/schema\\\/logo\\\/image\\\/\"}}]}<\/script>\n<!-- \/ Yoast SEO plugin. -->","yoast_head_json":{"title":"Architecture Sketch - Architectum 3 - Plugin Photoshop - Graphimarket","description":"Architecture Sketch - Architectum 3 - Photoshop PluginArchitectum 3 Plugin est un nouveau niveau sup\u00e9rieur d&#039;actions Architectum pour ...","robots":{"index":"index","follow":"follow","max-snippet":"max-snippet:-1","max-image-preview":"max-image-preview:large","max-video-preview":"max-video-preview:-1"},"canonical":"https:\/\/graphimarket.com\/fr\/product\/architecture-sketch-architectum-3-photoshop-plugin\/","og_locale":"fr_FR","og_type":"article","og_title":"Architecture Sketch - Architectum 3 - Photoshop Plugin - Graphimarket","og_description":"Architecture Sketch - Architectum 3 - Photoshop PluginArchitectum 3 Plugin is new higher level of Architectum actions for...","og_url":"https:\/\/graphimarket.com\/fr\/product\/architecture-sketch-architectum-3-photoshop-plugin\/","og_site_name":"Graphimarket","article_modified_time":"2025-10-18T09:15:59+00:00","og_image":[{"width":1200,"height":1000,"url":"https:\/\/graphimarket.com\/wp-content\/uploads\/2021\/03\/architectum3_image_004.jpg","type":"image\/jpeg"}],"twitter_card":"summary_large_image","twitter_misc":{"Est. reading time":"3 minutes"},"schema":{"@context":"https:\/\/schema.org","@graph":[{"@type":"WebPage","@id":"https:\/\/graphimarket.com\/product\/architecture-sketch-architectum-3-photoshop-plugin\/","url":"https:\/\/graphimarket.com\/product\/architecture-sketch-architectum-3-photoshop-plugin\/","name":"Architecture Sketch - Architectum 3 - Plugin Photoshop - Graphimarket","isPartOf":{"@id":"https:\/\/graphimarket.com\/fr\/#website"},"primaryImageOfPage":{"@id":"https:\/\/graphimarket.com\/product\/architecture-sketch-architectum-3-photoshop-plugin\/#primaryimage"},"image":{"@id":"https:\/\/graphimarket.com\/product\/architecture-sketch-architectum-3-photoshop-plugin\/#primaryimage"},"thumbnailUrl":"https:\/\/graphimarket.com\/wp-content\/uploads\/2021\/03\/architectum3_image_004.jpg","datePublished":"2021-03-31T14:51:11+00:00","dateModified":"2025-10-18T09:15:59+00:00","description":"Architecture Sketch - Architectum 3 - Photoshop PluginArchitectum 3 Plugin est un nouveau niveau sup\u00e9rieur d&#039;actions Architectum pour ...","breadcrumb":{"@id":"https:\/\/graphimarket.com\/product\/architecture-sketch-architectum-3-photoshop-plugin\/#breadcrumb"},"inLanguage":"fr-FR","potentialAction":[{"@type":"ReadAction","target":["https:\/\/graphimarket.com\/product\/architecture-sketch-architectum-3-photoshop-plugin\/"]}]},{"@type":"ImageObject","inLanguage":"fr-FR","@id":"https:\/\/graphimarket.com\/product\/architecture-sketch-architectum-3-photoshop-plugin\/#primaryimage","url":"https:\/\/graphimarket.com\/wp-content\/uploads\/2021\/03\/architectum3_image_004.jpg","contentUrl":"https:\/\/graphimarket.com\/wp-content\/uploads\/2021\/03\/architectum3_image_004.jpg","width":1200,"height":1000},{"@type":"BreadcrumbList","@id":"https:\/\/graphimarket.com\/product\/architecture-sketch-architectum-3-photoshop-plugin\/#breadcrumb","itemListElement":[{"@type":"ListItem","position":1,"name":"Home","item":"https:\/\/graphimarket.com\/es\/"},{"@type":"ListItem","position":2,"name":"Store","item":"https:\/\/graphimarket.com\/store\/"},{"@type":"ListItem","position":3,"name":"Architecture Sketch &#8211; Architectum 3 &#8211; Photoshop Plugin"}]},{"@type":"WebSite","@id":"https:\/\/graphimarket.com\/fr\/#website","url":"https:\/\/graphimarket.com\/fr\/","name":"Graphimarket","description":"Trouvez l&#039;atout cr\u00e9atif parfait pour donner vie \u00e0 votre projet","publisher":{"@id":"https:\/\/graphimarket.com\/fr\/#organization"},"potentialAction":[{"@type":"SearchAction","target":{"@type":"EntryPoint","urlTemplate":"https:\/\/graphimarket.com\/fr\/?s={search_term_string}"},"query-input":{"@type":"PropertyValueSpecification","valueRequired":true,"valueName":"search_term_string"}}],"inLanguage":"fr-FR"},{"@type":"Organization","@id":"https:\/\/graphimarket.com\/fr\/#organization","name":"Graphimarket","url":"https:\/\/graphimarket.com\/fr\/","logo":{"@type":"ImageObject","inLanguage":"fr-FR","@id":"https:\/\/graphimarket.com\/fr\/#\/schema\/logo\/image\/","url":"https:\/\/graphimarket.com\/wp-content\/uploads\/2020\/08\/logo-48.png","contentUrl":"https:\/\/graphimarket.com\/wp-content\/uploads\/2020\/08\/logo-48.png","width":132,"height":48,"caption":"Graphimarket"},"image":{"@id":"https:\/\/graphimarket.com\/fr\/#\/schema\/logo\/image\/"}}]}},"_links":{"self":[{"href":"http:\/\/graphimarket.com\/fr\/wp-json\/wp\/v2\/product\/16854","targetHints":{"allow":["GET"]}}],"collection":[{"href":"http:\/\/graphimarket.com\/fr\/wp-json\/wp\/v2\/product"}],"about":[{"href":"http:\/\/graphimarket.com\/fr\/wp-json\/wp\/v2\/types\/product"}],"replies":[{"embeddable":true,"href":"http:\/\/graphimarket.com\/fr\/wp-json\/wp\/v2\/comments?post=16854"}],"version-history":[{"count":1,"href":"http:\/\/graphimarket.com\/fr\/wp-json\/wp\/v2\/product\/16854\/revisions"}],"predecessor-version":[{"id":21102,"href":"http:\/\/graphimarket.com\/fr\/wp-json\/wp\/v2\/product\/16854\/revisions\/21102"}],"wp:featuredmedia":[{"embeddable":true,"href":"http:\/\/graphimarket.com\/fr\/wp-json\/wp\/v2\/media\/16855"}],"wp:attachment":[{"href":"http:\/\/graphimarket.com\/fr\/wp-json\/wp\/v2\/media?parent=16854"}],"wp:term":[{"taxonomy":"product_brand","embeddable":true,"href":"http:\/\/graphimarket.com\/fr\/wp-json\/wp\/v2\/product_brand?post=16854"},{"taxonomy":"product_cat","embeddable":true,"href":"http:\/\/graphimarket.com\/fr\/wp-json\/wp\/v2\/product_cat?post=16854"},{"taxonomy":"product_tag","embeddable":true,"href":"http:\/\/graphimarket.com\/fr\/wp-json\/wp\/v2\/product_tag?post=16854"}],"curies":[{"name":"wp","href":"https:\/\/api.w.org\/{rel}","templated":true}]}}