{"id":17322,"date":"2021-04-13T16:10:57","date_gmt":"2021-04-13T14:10:57","guid":{"rendered":"https:\/\/graphimarket.com\/?post_type=product&#038;p=17322"},"modified":"2024-05-14T01:20:40","modified_gmt":"2024-05-13T23:20:40","slug":"magic-retouch-pro","status":"publish","type":"product","link":"http:\/\/graphimarket.com\/fr\/product\/magic-retouch-pro\/","title":{"rendered":"Magic Retouch Pro"},"content":{"rendered":"<h2 id=\"item-description__magic-retouch-pro\">Magic Retouch Pro<\/h2>\n<p>Magic Retouch Pro est un plug-in pour Photoshop avec lequel vous pouvez effectuer des retouches photo de niveau professionnel sans aucune connaissance de la retouche.<\/p>\n<p>Avec Magic Retouch Pro. Vous pouvez effectuer des retouches de niveau professionnel, sans aucune connaissance en mati\u00e8re de retouche. Le plug-in est beau et intuitif \u00e0 utiliser. Obtenez les r\u00e9sultats plus rapidement en utilisant des curseurs plut\u00f4t que des actions.<\/p>\n<p>Magic Retouch Pro, comprend une grande vari\u00e9t\u00e9 de fonctionnalit\u00e9s. Y compris la retouche de la peau, le rehausseur des yeux, le changement de couleur des yeux, l&#039;ombre \u00e0 paupi\u00e8res, le boost de couleur des l\u00e8vres naturelles, le brillant \u00e0 l\u00e8vres, le rouge \u00e0 l\u00e8vres, le maquillage num\u00e9rique, le changement de couleur des cheveux, le blanchiment des dents, le fard \u00e0 joues et 4 effets de peau qui incluent, peau bronz\u00e9e, peau de bonbon, Effets de la peau granuleuse et de la peau haute cl\u00e9.<\/p>\n<p>Magic Retouch Pro, est mis \u00e0 jour r\u00e9guli\u00e8rement. Nous ajoutons de nouvelles fonctionnalit\u00e9s et des corrections de bogues pour am\u00e9liorer la qualit\u00e9 de ce produit, sur la base des commentaires de nos utilisateurs.<\/p>\n<p>Magic Retouch Pro, peut \u00eatre utilis\u00e9 en mode panneau plug-in. Le panneau peut \u00e9galement \u00eatre positionn\u00e9 o\u00f9 vous le souhaitez et peut \u00e9galement \u00eatre ancr\u00e9.<\/p>\n<p>Magic Retouch Pro est facile \u00e0 utiliser avec de nombreuses ressources d&#039;apprentissage, telles que le guide de l&#039;utilisateur PDF et des didacticiels vid\u00e9o.<\/p>\n<p>Avec un ensemble de fonctionnalit\u00e9s riches et un prix bas. Magic retouch pro, est un package de retouche parfait, pour les photographes amateurs et professionnels.<\/p>\n<h2 id=\"item-description__-key-features\">Principales caract\u00e9ristiques<\/h2>\n<p>\u25cf Retouche de peau de base (retouche rapide et facile).<\/p>\n<p>\u25cf Retouche avanc\u00e9e de la peau (retouchez rapidement les images tout en conservant un contr\u00f4le total sur la texture et la douceur de la peau et obtenez des r\u00e9sultats de retouche professionnels).<\/p>\n<p>\u25cf Suppression des imperfections \/ boutons.<\/p>\n<p>\u25cf Blanchiment des dents.<\/p>\n<p>\u25cf Am\u00e9lioration des yeux.<\/p>\n<p>\u25cf Changeur de couleur des yeux.<\/p>\n<p>\u25cf Maquillage num\u00e9rique.<\/p>\n<p>\u25cf Ombre \u00e0 paupi\u00e8res.<\/p>\n<p>\u25cf Boost naturel de la couleur des l\u00e8vres.<\/p>\n<p>\u25cf Brillant \u00e0 l\u00e8vres.<\/p>\n<p>\u25cf Rouge \u00e0 l\u00e8vres.<\/p>\n<p>\u25cf Rougissez.<\/p>\n<p>\u25cf Changeur de couleur de cheveux.<\/p>\n<p>\u25cf Apparence de la peau (peau bronz\u00e9e, peau de bonbon, peau High-Key, peau granuleuse).<\/p>\n<p>\u25cf Esquive et br\u00fblure automatiques.<\/p>\n<p>\u25cf Esquive et br\u00fblure manuelle.<\/p>\n<p>\u25cf Effets d&#039;image.<\/p>\n<p>\u25cf Post-traitement d&#039;image intelligent.<\/p>\n<p>\u25cf Int\u00e9gr\u00e9 \u00e0 Photoshop en tant que panneau.<\/p>\n<p>\u25cf Facile \u00e0 utiliser.<\/p>\n<p>\u25cf Mises \u00e0 jour futures gratuites.<\/p>\n<p>\u25cf Assistance client rapide.<\/p>\n<p>&nbsp;<\/p>\n<div class=\"ast-oembed-container\" style=\"height: 100%;\"><iframe title=\"Publicit\u00e9 Magic Retouch Pro\" width=\"500\" height=\"281\" src=\"https:\/\/www.youtube.com\/embed\/5Mr3QgoBpnA?list=PLE9td6OFirgRg0gDH38PlteQ1rsPDNjI4\" frameborder=\"0\" allow=\"accelerometer; autoplay; clipboard-write; encrypted-media; gyroscope; picture-in-picture; web-share\" referrerpolicy=\"strict-origin-when-cross-origin\" allowfullscreen><\/iframe><\/div>\n<p><img decoding=\"async\" src=\"https:\/\/graphimarket.com\/wp-content\/uploads\/2021\/04\/preview-8.jpg\" \/><\/p>\n<p><img decoding=\"async\" src=\"https:\/\/graphimarket.com\/wp-content\/uploads\/2021\/04\/preview-2-4.jpg\" \/><\/p>\n<p><img decoding=\"async\" src=\"https:\/\/graphimarket.com\/wp-content\/uploads\/2021\/04\/preview-3-1.jpg\" \/><\/p>\n<p><img fetchpriority=\"high\" decoding=\"async\" class=\"alignnone size-full wp-image-17328\" src=\"https:\/\/graphimarket.com\/wp-content\/uploads\/2021\/04\/preview-4-1.jpg\" alt=\"\" width=\"591\" height=\"1725\" srcset=\"https:\/\/graphimarket.com\/wp-content\/uploads\/2021\/04\/preview-4-1.jpg 591w, https:\/\/graphimarket.com\/wp-content\/uploads\/2021\/04\/preview-4-1-103x300.jpg 103w, https:\/\/graphimarket.com\/wp-content\/uploads\/2021\/04\/preview-4-1-351x1024.jpg 351w, https:\/\/graphimarket.com\/wp-content\/uploads\/2021\/04\/preview-4-1-526x1536.jpg 526w, https:\/\/graphimarket.com\/wp-content\/uploads\/2021\/04\/preview-4-1-4x12.jpg 4w\" sizes=\"(max-width: 591px) 100vw, 591px\" \/><\/p>\n<p><img decoding=\"async\" src=\"https:\/\/graphimarket.com\/wp-content\/uploads\/2021\/04\/preview-5-2.jpg\" \/><\/p>\n<p><img decoding=\"async\" src=\"https:\/\/graphimarket.com\/wp-content\/uploads\/2021\/04\/preview-6-1.jpg\" \/><\/p>\n<p><img decoding=\"async\" src=\"https:\/\/graphimarket.com\/wp-content\/uploads\/2021\/04\/preview-7-1.jpg\" \/><\/p>\n<p><img decoding=\"async\" src=\"https:\/\/graphimarket.com\/wp-content\/uploads\/2021\/04\/preview-8-1.jpg\" \/><\/p>\n<p><img decoding=\"async\" class=\"alignnone size-full wp-image-17334\" src=\"https:\/\/graphimarket.com\/wp-content\/uploads\/2021\/04\/preview-9.jpg\" alt=\"\" width=\"590\" height=\"2467\" srcset=\"https:\/\/graphimarket.com\/wp-content\/uploads\/2021\/04\/preview-9.jpg 590w, https:\/\/graphimarket.com\/wp-content\/uploads\/2021\/04\/preview-9-72x300.jpg 72w, https:\/\/graphimarket.com\/wp-content\/uploads\/2021\/04\/preview-9-245x1024.jpg 245w, https:\/\/graphimarket.com\/wp-content\/uploads\/2021\/04\/preview-9-367x1536.jpg 367w, https:\/\/graphimarket.com\/wp-content\/uploads\/2021\/04\/preview-9-490x2048.jpg 490w, https:\/\/graphimarket.com\/wp-content\/uploads\/2021\/04\/preview-9-3x12.jpg 3w\" sizes=\"(max-width: 590px) 100vw, 590px\" \/><\/p>","protected":false},"excerpt":{"rendered":"<p>Magic Retouch Pro Magic Retouch Pro is a plug-in for Photoshop with which you can do professional level of photo retouching without any knowledge of retouching. With Magic Retouch Pro. You can do professional-level retouching, without any retouching knowledge. The plug-in is beautiful and intuitive to work with. Get the results faster by using sliders, [&hellip;]<\/p>\n","protected":false},"featured_media":17325,"comment_status":"open","ping_status":"closed","template":"","meta":{"site-sidebar-layout":"default","site-content-layout":"default","ast-site-content-layout":"default","site-content-style":"default","site-sidebar-style":"default","ast-global-header-display":"","ast-banner-title-visibility":"","ast-main-header-display":"","ast-hfb-above-header-display":"","ast-hfb-below-header-display":"","ast-hfb-mobile-header-display":"","site-post-title":"","ast-breadcrumbs-content":"","ast-featured-img":"","footer-sml-layout":"","ast-disable-related-posts":"","theme-transparent-header-meta":"default","adv-header-id-meta":"","stick-header-meta":"","header-above-stick-meta":"","header-main-stick-meta":"","header-below-stick-meta":"","astra-migrate-meta-layouts":"default","ast-page-background-enabled":"default","ast-page-background-meta":{"desktop":{"background-color":"","background-image":"","background-repeat":"repeat","background-position":"center center","background-size":"auto","background-attachment":"scroll","background-type":"","background-media":"","overlay-type":"","overlay-color":"","overlay-opacity":"","overlay-gradient":""},"tablet":{"background-color":"","background-image":"","background-repeat":"repeat","background-position":"center center","background-size":"auto","background-attachment":"scroll","background-type":"","background-media":"","overlay-type":"","overlay-color":"","overlay-opacity":"","overlay-gradient":""},"mobile":{"background-color":"","background-image":"","background-repeat":"repeat","background-position":"center center","background-size":"auto","background-attachment":"scroll","background-type":"","background-media":"","overlay-type":"","overlay-color":"","overlay-opacity":"","overlay-gradient":""}},"ast-content-background-meta":{"desktop":{"background-color":"var(--ast-global-color-5)","background-image":"","background-repeat":"repeat","background-position":"center center","background-size":"auto","background-attachment":"scroll","background-type":"","background-media":"","overlay-type":"","overlay-color":"","overlay-opacity":"","overlay-gradient":""},"tablet":{"background-color":"var(--ast-global-color-5)","background-image":"","background-repeat":"repeat","background-position":"center center","background-size":"auto","background-attachment":"scroll","background-type":"","background-media":"","overlay-type":"","overlay-color":"","overlay-opacity":"","overlay-gradient":""},"mobile":{"background-color":"var(--ast-global-color-5)","background-image":"","background-repeat":"repeat","background-position":"center center","background-size":"auto","background-attachment":"scroll","background-type":"","background-media":"","overlay-type":"","overlay-color":"","overlay-opacity":"","overlay-gradient":""}}},"product_brand":[],"product_cat":[196,15,144,145,195,146],"product_tag":[292,1386,285,240],"class_list":{"0":"post-17322","1":"product","2":"type-product","3":"status-publish","4":"has-post-thumbnail","6":"product_cat-actions","7":"product_cat-photo","8":"product_cat-photo-editor","9":"product_cat-photography","10":"product_cat-photoshop","11":"product_cat-photoshop-action","12":"product_tag-action","13":"product_tag-adobe","14":"product_tag-photo","15":"product_tag-ps","16":"desktop-align-left","17":"tablet-align-left","18":"mobile-align-left","20":"first","21":"instock","22":"sale","23":"downloadable","24":"virtual","25":"taxable","26":"purchasable","27":"product-type-simple"},"yoast_head":"<!-- This site is optimized with the Yoast SEO plugin v27.3 - https:\/\/yoast.com\/product\/yoast-seo-wordpress\/ -->\n<title>Magic Retouch Pro - Graphimarket<\/title>\n<meta name=\"description\" content=\"Magic Retouch Pro is a plug-in for Photoshop with which you can do professional level of photo retouching without any knowledge...\" \/>\n<meta name=\"robots\" content=\"index, follow, max-snippet:-1, max-image-preview:large, max-video-preview:-1\" \/>\n<link rel=\"canonical\" href=\"https:\/\/graphimarket.com\/fr\/product\/magic-retouch-pro\/\" \/>\n<meta property=\"og:locale\" content=\"fr_FR\" \/>\n<meta property=\"og:type\" content=\"article\" \/>\n<meta property=\"og:title\" content=\"Magic Retouch Pro - Graphimarket\" \/>\n<meta property=\"og:description\" content=\"Magic Retouch Pro is a plug-in for Photoshop with which you can do professional level of photo retouching without any knowledge...\" \/>\n<meta property=\"og:url\" content=\"https:\/\/graphimarket.com\/fr\/product\/magic-retouch-pro\/\" \/>\n<meta property=\"og:site_name\" content=\"Graphimarket\" \/>\n<meta property=\"article:modified_time\" content=\"2024-05-13T23:20:40+00:00\" \/>\n<meta property=\"og:image\" content=\"https:\/\/graphimarket.com\/wp-content\/uploads\/2021\/04\/icon-14.jpg\" \/>\n\t<meta property=\"og:image:width\" content=\"590\" \/>\n\t<meta property=\"og:image:height\" content=\"445\" \/>\n\t<meta property=\"og:image:type\" content=\"image\/jpeg\" \/>\n<meta name=\"twitter:card\" content=\"summary_large_image\" \/>\n<meta name=\"twitter:label1\" content=\"Est. reading time\" \/>\n\t<meta name=\"twitter:data1\" content=\"2 minutes\" \/>\n<script type=\"application\/ld+json\" class=\"yoast-schema-graph\">{\"@context\":\"https:\\\/\\\/schema.org\",\"@graph\":[{\"@type\":\"WebPage\",\"@id\":\"https:\\\/\\\/graphimarket.com\\\/product\\\/magic-retouch-pro\\\/\",\"url\":\"https:\\\/\\\/graphimarket.com\\\/product\\\/magic-retouch-pro\\\/\",\"name\":\"Magic Retouch Pro - Graphimarket\",\"isPartOf\":{\"@id\":\"https:\\\/\\\/graphimarket.com\\\/fr\\\/#website\"},\"primaryImageOfPage\":{\"@id\":\"https:\\\/\\\/graphimarket.com\\\/product\\\/magic-retouch-pro\\\/#primaryimage\"},\"image\":{\"@id\":\"https:\\\/\\\/graphimarket.com\\\/product\\\/magic-retouch-pro\\\/#primaryimage\"},\"thumbnailUrl\":\"https:\\\/\\\/graphimarket.com\\\/wp-content\\\/uploads\\\/2021\\\/04\\\/icon-14.jpg\",\"datePublished\":\"2021-04-13T14:10:57+00:00\",\"dateModified\":\"2024-05-13T23:20:40+00:00\",\"description\":\"Magic Retouch Pro is a plug-in for Photoshop with which you can do professional level of photo retouching without any knowledge...\",\"breadcrumb\":{\"@id\":\"https:\\\/\\\/graphimarket.com\\\/product\\\/magic-retouch-pro\\\/#breadcrumb\"},\"inLanguage\":\"fr-FR\",\"potentialAction\":[{\"@type\":\"ReadAction\",\"target\":[\"https:\\\/\\\/graphimarket.com\\\/product\\\/magic-retouch-pro\\\/\"]}]},{\"@type\":\"ImageObject\",\"inLanguage\":\"fr-FR\",\"@id\":\"https:\\\/\\\/graphimarket.com\\\/product\\\/magic-retouch-pro\\\/#primaryimage\",\"url\":\"https:\\\/\\\/graphimarket.com\\\/wp-content\\\/uploads\\\/2021\\\/04\\\/icon-14.jpg\",\"contentUrl\":\"https:\\\/\\\/graphimarket.com\\\/wp-content\\\/uploads\\\/2021\\\/04\\\/icon-14.jpg\",\"width\":590,\"height\":445},{\"@type\":\"BreadcrumbList\",\"@id\":\"https:\\\/\\\/graphimarket.com\\\/product\\\/magic-retouch-pro\\\/#breadcrumb\",\"itemListElement\":[{\"@type\":\"ListItem\",\"position\":1,\"name\":\"Home\",\"item\":\"https:\\\/\\\/graphimarket.com\\\/es\\\/\"},{\"@type\":\"ListItem\",\"position\":2,\"name\":\"Store\",\"item\":\"https:\\\/\\\/graphimarket.com\\\/store\\\/\"},{\"@type\":\"ListItem\",\"position\":3,\"name\":\"Magic Retouch Pro\"}]},{\"@type\":\"WebSite\",\"@id\":\"https:\\\/\\\/graphimarket.com\\\/fr\\\/#website\",\"url\":\"https:\\\/\\\/graphimarket.com\\\/fr\\\/\",\"name\":\"Graphimarket\",\"description\":\"Find the perfect creative asset to bring your project to life\",\"publisher\":{\"@id\":\"https:\\\/\\\/graphimarket.com\\\/fr\\\/#organization\"},\"potentialAction\":[{\"@type\":\"SearchAction\",\"target\":{\"@type\":\"EntryPoint\",\"urlTemplate\":\"https:\\\/\\\/graphimarket.com\\\/fr\\\/?s={search_term_string}\"},\"query-input\":{\"@type\":\"PropertyValueSpecification\",\"valueRequired\":true,\"valueName\":\"search_term_string\"}}],\"inLanguage\":\"fr-FR\"},{\"@type\":\"Organization\",\"@id\":\"https:\\\/\\\/graphimarket.com\\\/fr\\\/#organization\",\"name\":\"Graphimarket\",\"url\":\"https:\\\/\\\/graphimarket.com\\\/fr\\\/\",\"logo\":{\"@type\":\"ImageObject\",\"inLanguage\":\"fr-FR\",\"@id\":\"https:\\\/\\\/graphimarket.com\\\/fr\\\/#\\\/schema\\\/logo\\\/image\\\/\",\"url\":\"https:\\\/\\\/graphimarket.com\\\/wp-content\\\/uploads\\\/2020\\\/08\\\/logo-48.png\",\"contentUrl\":\"https:\\\/\\\/graphimarket.com\\\/wp-content\\\/uploads\\\/2020\\\/08\\\/logo-48.png\",\"width\":132,\"height\":48,\"caption\":\"Graphimarket\"},\"image\":{\"@id\":\"https:\\\/\\\/graphimarket.com\\\/fr\\\/#\\\/schema\\\/logo\\\/image\\\/\"}}]}<\/script>\n<!-- \/ Yoast SEO plugin. -->","yoast_head_json":{"title":"Magic Retouch Pro - Graphimarket","description":"Magic Retouch Pro est un plug-in pour Photoshop avec lequel vous pouvez faire des retouches photo de niveau professionnel sans aucune connaissance ...","robots":{"index":"index","follow":"follow","max-snippet":"max-snippet:-1","max-image-preview":"max-image-preview:large","max-video-preview":"max-video-preview:-1"},"canonical":"https:\/\/graphimarket.com\/fr\/product\/magic-retouch-pro\/","og_locale":"fr_FR","og_type":"article","og_title":"Magic Retouch Pro - Graphimarket","og_description":"Magic Retouch Pro is a plug-in for Photoshop with which you can do professional level of photo retouching without any knowledge...","og_url":"https:\/\/graphimarket.com\/fr\/product\/magic-retouch-pro\/","og_site_name":"Graphimarket","article_modified_time":"2024-05-13T23:20:40+00:00","og_image":[{"width":590,"height":445,"url":"https:\/\/graphimarket.com\/wp-content\/uploads\/2021\/04\/icon-14.jpg","type":"image\/jpeg"}],"twitter_card":"summary_large_image","twitter_misc":{"Est. reading time":"2 minutes"},"schema":{"@context":"https:\/\/schema.org","@graph":[{"@type":"WebPage","@id":"https:\/\/graphimarket.com\/product\/magic-retouch-pro\/","url":"https:\/\/graphimarket.com\/product\/magic-retouch-pro\/","name":"Magic Retouch Pro - Graphimarket","isPartOf":{"@id":"https:\/\/graphimarket.com\/fr\/#website"},"primaryImageOfPage":{"@id":"https:\/\/graphimarket.com\/product\/magic-retouch-pro\/#primaryimage"},"image":{"@id":"https:\/\/graphimarket.com\/product\/magic-retouch-pro\/#primaryimage"},"thumbnailUrl":"https:\/\/graphimarket.com\/wp-content\/uploads\/2021\/04\/icon-14.jpg","datePublished":"2021-04-13T14:10:57+00:00","dateModified":"2024-05-13T23:20:40+00:00","description":"Magic Retouch Pro est un plug-in pour Photoshop avec lequel vous pouvez faire des retouches photo de niveau professionnel sans aucune connaissance ...","breadcrumb":{"@id":"https:\/\/graphimarket.com\/product\/magic-retouch-pro\/#breadcrumb"},"inLanguage":"fr-FR","potentialAction":[{"@type":"ReadAction","target":["https:\/\/graphimarket.com\/product\/magic-retouch-pro\/"]}]},{"@type":"ImageObject","inLanguage":"fr-FR","@id":"https:\/\/graphimarket.com\/product\/magic-retouch-pro\/#primaryimage","url":"https:\/\/graphimarket.com\/wp-content\/uploads\/2021\/04\/icon-14.jpg","contentUrl":"https:\/\/graphimarket.com\/wp-content\/uploads\/2021\/04\/icon-14.jpg","width":590,"height":445},{"@type":"BreadcrumbList","@id":"https:\/\/graphimarket.com\/product\/magic-retouch-pro\/#breadcrumb","itemListElement":[{"@type":"ListItem","position":1,"name":"Home","item":"https:\/\/graphimarket.com\/es\/"},{"@type":"ListItem","position":2,"name":"Store","item":"https:\/\/graphimarket.com\/store\/"},{"@type":"ListItem","position":3,"name":"Magic Retouch Pro"}]},{"@type":"WebSite","@id":"https:\/\/graphimarket.com\/fr\/#website","url":"https:\/\/graphimarket.com\/fr\/","name":"Graphimarket","description":"Trouvez l&#039;atout cr\u00e9atif parfait pour donner vie \u00e0 votre projet","publisher":{"@id":"https:\/\/graphimarket.com\/fr\/#organization"},"potentialAction":[{"@type":"SearchAction","target":{"@type":"EntryPoint","urlTemplate":"https:\/\/graphimarket.com\/fr\/?s={search_term_string}"},"query-input":{"@type":"PropertyValueSpecification","valueRequired":true,"valueName":"search_term_string"}}],"inLanguage":"fr-FR"},{"@type":"Organization","@id":"https:\/\/graphimarket.com\/fr\/#organization","name":"Graphimarket","url":"https:\/\/graphimarket.com\/fr\/","logo":{"@type":"ImageObject","inLanguage":"fr-FR","@id":"https:\/\/graphimarket.com\/fr\/#\/schema\/logo\/image\/","url":"https:\/\/graphimarket.com\/wp-content\/uploads\/2020\/08\/logo-48.png","contentUrl":"https:\/\/graphimarket.com\/wp-content\/uploads\/2020\/08\/logo-48.png","width":132,"height":48,"caption":"Graphimarket"},"image":{"@id":"https:\/\/graphimarket.com\/fr\/#\/schema\/logo\/image\/"}}]}},"_links":{"self":[{"href":"http:\/\/graphimarket.com\/fr\/wp-json\/wp\/v2\/product\/17322","targetHints":{"allow":["GET"]}}],"collection":[{"href":"http:\/\/graphimarket.com\/fr\/wp-json\/wp\/v2\/product"}],"about":[{"href":"http:\/\/graphimarket.com\/fr\/wp-json\/wp\/v2\/types\/product"}],"replies":[{"embeddable":true,"href":"http:\/\/graphimarket.com\/fr\/wp-json\/wp\/v2\/comments?post=17322"}],"version-history":[{"count":0,"href":"http:\/\/graphimarket.com\/fr\/wp-json\/wp\/v2\/product\/17322\/revisions"}],"wp:featuredmedia":[{"embeddable":true,"href":"http:\/\/graphimarket.com\/fr\/wp-json\/wp\/v2\/media\/17325"}],"wp:attachment":[{"href":"http:\/\/graphimarket.com\/fr\/wp-json\/wp\/v2\/media?parent=17322"}],"wp:term":[{"taxonomy":"product_brand","embeddable":true,"href":"http:\/\/graphimarket.com\/fr\/wp-json\/wp\/v2\/product_brand?post=17322"},{"taxonomy":"product_cat","embeddable":true,"href":"http:\/\/graphimarket.com\/fr\/wp-json\/wp\/v2\/product_cat?post=17322"},{"taxonomy":"product_tag","embeddable":true,"href":"http:\/\/graphimarket.com\/fr\/wp-json\/wp\/v2\/product_tag?post=17322"}],"curies":[{"name":"wp","href":"https:\/\/api.w.org\/{rel}","templated":true}]}}