{"id":17995,"date":"2021-09-22T16:57:31","date_gmt":"2021-09-22T14:57:31","guid":{"rendered":"https:\/\/graphimarket.com\/?post_type=product&#038;p=17995"},"modified":"2022-12-11T13:02:40","modified_gmt":"2022-12-11T12:02:40","slug":"summer-pack-video-luts-vol-10","status":"publish","type":"product","link":"http:\/\/graphimarket.com\/fr\/product\/summer-pack-video-luts-vol-10\/","title":{"rendered":"LUT vid\u00e9o du pack d&#039;\u00e9t\u00e9 Vol.10"},"content":{"rendered":"<h1 class=\"title single-title entry-title\"><strong>LUT vid\u00e9o du pack d&#039;\u00e9t\u00e9 Vol.10<\/strong><\/h1>\n<p><strong>ZIP FILES INCLUDED:<\/strong><\/p>\n<ul>\n<li>5 LUTs (.cube)<\/li>\n<li>User Guide PDF<\/li>\n<\/ul>\n<p><strong>Software Compatibility:<\/strong><\/p>\n<ul>\n<li>Adobe Premiere Pro &amp; CC<\/li>\n<li>Adobe After Effects CS6 &amp; CC<\/li>\n<li>Adobe Photoshop CS6 &amp; CC<\/li>\n<li>Davinci Resolve<\/li>\n<li>Final Cut Pro X<\/li>\n<li>Adobe Speedgrad<\/li>\n<\/ul>\n<p><img fetchpriority=\"high\" decoding=\"async\" class=\"alignnone size-full wp-image-17996\" src=\"https:\/\/graphimarket.com\/wp-content\/uploads\/2021\/09\/ab9b6ec5-875c-4654-9e79-c836ffc960ae.jpg\" alt=\"\" width=\"1370\" height=\"913\" srcset=\"https:\/\/graphimarket.com\/wp-content\/uploads\/2021\/09\/ab9b6ec5-875c-4654-9e79-c836ffc960ae.jpg 1370w, https:\/\/graphimarket.com\/wp-content\/uploads\/2021\/09\/ab9b6ec5-875c-4654-9e79-c836ffc960ae-300x200.jpg 300w, https:\/\/graphimarket.com\/wp-content\/uploads\/2021\/09\/ab9b6ec5-875c-4654-9e79-c836ffc960ae-1024x682.jpg 1024w, https:\/\/graphimarket.com\/wp-content\/uploads\/2021\/09\/ab9b6ec5-875c-4654-9e79-c836ffc960ae-768x512.jpg 768w, https:\/\/graphimarket.com\/wp-content\/uploads\/2021\/09\/ab9b6ec5-875c-4654-9e79-c836ffc960ae-18x12.jpg 18w, https:\/\/graphimarket.com\/wp-content\/uploads\/2021\/09\/ab9b6ec5-875c-4654-9e79-c836ffc960ae-1320x880.jpg 1320w, https:\/\/graphimarket.com\/wp-content\/uploads\/2021\/09\/ab9b6ec5-875c-4654-9e79-c836ffc960ae-600x400.jpg 600w\" sizes=\"(max-width: 1370px) 100vw, 1370px\" \/> <img decoding=\"async\" class=\"alignnone size-full wp-image-17997\" src=\"https:\/\/graphimarket.com\/wp-content\/uploads\/2021\/09\/ed515400-3b8e-4f0f-bb4d-0298a6c4f455.jpg\" alt=\"\" width=\"1200\" height=\"800\" srcset=\"https:\/\/graphimarket.com\/wp-content\/uploads\/2021\/09\/ed515400-3b8e-4f0f-bb4d-0298a6c4f455.jpg 1200w, https:\/\/graphimarket.com\/wp-content\/uploads\/2021\/09\/ed515400-3b8e-4f0f-bb4d-0298a6c4f455-300x200.jpg 300w, https:\/\/graphimarket.com\/wp-content\/uploads\/2021\/09\/ed515400-3b8e-4f0f-bb4d-0298a6c4f455-1024x683.jpg 1024w, https:\/\/graphimarket.com\/wp-content\/uploads\/2021\/09\/ed515400-3b8e-4f0f-bb4d-0298a6c4f455-768x512.jpg 768w, https:\/\/graphimarket.com\/wp-content\/uploads\/2021\/09\/ed515400-3b8e-4f0f-bb4d-0298a6c4f455-18x12.jpg 18w, https:\/\/graphimarket.com\/wp-content\/uploads\/2021\/09\/ed515400-3b8e-4f0f-bb4d-0298a6c4f455-600x400.jpg 600w\" sizes=\"(max-width: 1200px) 100vw, 1200px\" \/> <img decoding=\"async\" class=\"alignnone size-full wp-image-17998\" src=\"https:\/\/graphimarket.com\/wp-content\/uploads\/2021\/09\/c44a2f43-6ae6-4174-86b8-7dce2b2a85d3.jpg\" alt=\"\" width=\"1200\" height=\"800\" srcset=\"https:\/\/graphimarket.com\/wp-content\/uploads\/2021\/09\/c44a2f43-6ae6-4174-86b8-7dce2b2a85d3.jpg 1200w, https:\/\/graphimarket.com\/wp-content\/uploads\/2021\/09\/c44a2f43-6ae6-4174-86b8-7dce2b2a85d3-300x200.jpg 300w, https:\/\/graphimarket.com\/wp-content\/uploads\/2021\/09\/c44a2f43-6ae6-4174-86b8-7dce2b2a85d3-1024x683.jpg 1024w, https:\/\/graphimarket.com\/wp-content\/uploads\/2021\/09\/c44a2f43-6ae6-4174-86b8-7dce2b2a85d3-768x512.jpg 768w, https:\/\/graphimarket.com\/wp-content\/uploads\/2021\/09\/c44a2f43-6ae6-4174-86b8-7dce2b2a85d3-18x12.jpg 18w, https:\/\/graphimarket.com\/wp-content\/uploads\/2021\/09\/c44a2f43-6ae6-4174-86b8-7dce2b2a85d3-600x400.jpg 600w\" sizes=\"(max-width: 1200px) 100vw, 1200px\" \/> <img loading=\"lazy\" decoding=\"async\" class=\"alignnone size-full wp-image-17999\" src=\"https:\/\/graphimarket.com\/wp-content\/uploads\/2021\/09\/6e72ce67-e80e-4f7a-b090-13984bac0ce1.jpg\" alt=\"\" width=\"1200\" height=\"800\" srcset=\"https:\/\/graphimarket.com\/wp-content\/uploads\/2021\/09\/6e72ce67-e80e-4f7a-b090-13984bac0ce1.jpg 1200w, https:\/\/graphimarket.com\/wp-content\/uploads\/2021\/09\/6e72ce67-e80e-4f7a-b090-13984bac0ce1-300x200.jpg 300w, https:\/\/graphimarket.com\/wp-content\/uploads\/2021\/09\/6e72ce67-e80e-4f7a-b090-13984bac0ce1-1024x683.jpg 1024w, https:\/\/graphimarket.com\/wp-content\/uploads\/2021\/09\/6e72ce67-e80e-4f7a-b090-13984bac0ce1-768x512.jpg 768w, https:\/\/graphimarket.com\/wp-content\/uploads\/2021\/09\/6e72ce67-e80e-4f7a-b090-13984bac0ce1-18x12.jpg 18w, https:\/\/graphimarket.com\/wp-content\/uploads\/2021\/09\/6e72ce67-e80e-4f7a-b090-13984bac0ce1-600x400.jpg 600w\" sizes=\"(max-width: 1200px) 100vw, 1200px\" \/><\/p>","protected":false},"excerpt":{"rendered":"<p>Summer Pack Video LUTs Vol.10 ZIP FILES INCLUDED: 5 LUTs (.cube) User Guide PDF Software Compatibility: Adobe Premiere Pro &amp; CC Adobe After Effects CS6 &amp; CC Adobe Photoshop CS6 &amp; CC Davinci Resolve Final Cut Pro X Adobe Speedgrad<\/p>","protected":false},"featured_media":17996,"comment_status":"open","ping_status":"closed","template":"","meta":{"site-sidebar-layout":"default","site-content-layout":"default","ast-site-content-layout":"default","site-content-style":"default","site-sidebar-style":"default","ast-global-header-display":"","ast-banner-title-visibility":"","ast-main-header-display":"","ast-hfb-above-header-display":"","ast-hfb-below-header-display":"","ast-hfb-mobile-header-display":"","site-post-title":"","ast-breadcrumbs-content":"","ast-featured-img":"","footer-sml-layout":"","ast-disable-related-posts":"","theme-transparent-header-meta":"default","adv-header-id-meta":"","stick-header-meta":"","header-above-stick-meta":"","header-main-stick-meta":"","header-below-stick-meta":"","astra-migrate-meta-layouts":"default","ast-page-background-enabled":"default","ast-page-background-meta":{"desktop":{"background-color":"","background-image":"","background-repeat":"repeat","background-position":"center center","background-size":"auto","background-attachment":"scroll","background-type":"","background-media":"","overlay-type":"","overlay-color":"","overlay-opacity":"","overlay-gradient":""},"tablet":{"background-color":"","background-image":"","background-repeat":"repeat","background-position":"center center","background-size":"auto","background-attachment":"scroll","background-type":"","background-media":"","overlay-type":"","overlay-color":"","overlay-opacity":"","overlay-gradient":""},"mobile":{"background-color":"","background-image":"","background-repeat":"repeat","background-position":"center center","background-size":"auto","background-attachment":"scroll","background-type":"","background-media":"","overlay-type":"","overlay-color":"","overlay-opacity":"","overlay-gradient":""}},"ast-content-background-meta":{"desktop":{"background-color":"var(--ast-global-color-5)","background-image":"","background-repeat":"repeat","background-position":"center center","background-size":"auto","background-attachment":"scroll","background-type":"","background-media":"","overlay-type":"","overlay-color":"","overlay-opacity":"","overlay-gradient":""},"tablet":{"background-color":"var(--ast-global-color-5)","background-image":"","background-repeat":"repeat","background-position":"center center","background-size":"auto","background-attachment":"scroll","background-type":"","background-media":"","overlay-type":"","overlay-color":"","overlay-opacity":"","overlay-gradient":""},"mobile":{"background-color":"var(--ast-global-color-5)","background-image":"","background-repeat":"repeat","background-position":"center center","background-size":"auto","background-attachment":"scroll","background-type":"","background-media":"","overlay-type":"","overlay-color":"","overlay-opacity":"","overlay-gradient":""}}},"product_brand":[],"product_cat":[2003,15],"product_tag":[1386,392,422,1703,374,1104,1702],"class_list":{"0":"post-17995","1":"product","2":"type-product","3":"status-publish","4":"has-post-thumbnail","6":"product_cat-luts","7":"product_cat-photo","8":"product_tag-adobe","9":"product_tag-luts","10":"product_tag-pack","11":"product_tag-premiere","12":"product_tag-pro","13":"product_tag-summer","14":"product_tag-video","15":"desktop-align-left","16":"tablet-align-left","17":"mobile-align-left","19":"first","20":"instock","21":"sale","22":"downloadable","23":"virtual","24":"taxable","25":"purchasable","26":"product-type-simple"},"yoast_head":"<!-- This site is optimized with the Yoast SEO plugin v27.3 - https:\/\/yoast.com\/product\/yoast-seo-wordpress\/ -->\n<title>Summer Pack Video LUTs Vol.10 - Graphimarket<\/title>\n<meta name=\"description\" content=\"Summer Pack Video LUTs Vol.10\" \/>\n<meta name=\"robots\" content=\"index, follow, max-snippet:-1, max-image-preview:large, max-video-preview:-1\" \/>\n<link rel=\"canonical\" href=\"http:\/\/graphimarket.com\/fr\/product\/summer-pack-video-luts-vol-10\/\" \/>\n<meta property=\"og:locale\" content=\"fr_FR\" \/>\n<meta property=\"og:type\" content=\"article\" \/>\n<meta property=\"og:title\" content=\"Summer Pack Video LUTs Vol.10 - Graphimarket\" \/>\n<meta property=\"og:description\" content=\"Summer Pack Video LUTs Vol.10\" \/>\n<meta property=\"og:url\" content=\"http:\/\/graphimarket.com\/fr\/product\/summer-pack-video-luts-vol-10\/\" \/>\n<meta property=\"og:site_name\" content=\"Graphimarket\" \/>\n<meta property=\"article:modified_time\" content=\"2022-12-11T12:02:40+00:00\" \/>\n<meta property=\"og:image\" content=\"https:\/\/graphimarket.com\/wp-content\/uploads\/2021\/09\/ab9b6ec5-875c-4654-9e79-c836ffc960ae.jpg\" \/>\n\t<meta property=\"og:image:width\" content=\"1370\" \/>\n\t<meta property=\"og:image:height\" content=\"913\" \/>\n\t<meta property=\"og:image:type\" content=\"image\/jpeg\" \/>\n<meta name=\"twitter:card\" content=\"summary_large_image\" \/>\n<script type=\"application\/ld+json\" class=\"yoast-schema-graph\">{\"@context\":\"https:\\\/\\\/schema.org\",\"@graph\":[{\"@type\":\"WebPage\",\"@id\":\"http:\\\/\\\/graphimarket.com\\\/fr\\\/product\\\/summer-pack-video-luts-vol-10\\\/\",\"url\":\"http:\\\/\\\/graphimarket.com\\\/fr\\\/product\\\/summer-pack-video-luts-vol-10\\\/\",\"name\":\"Summer Pack Video LUTs Vol.10 - Graphimarket\",\"isPartOf\":{\"@id\":\"https:\\\/\\\/graphimarket.com\\\/fr\\\/#website\"},\"primaryImageOfPage\":{\"@id\":\"http:\\\/\\\/graphimarket.com\\\/fr\\\/product\\\/summer-pack-video-luts-vol-10\\\/#primaryimage\"},\"image\":{\"@id\":\"http:\\\/\\\/graphimarket.com\\\/fr\\\/product\\\/summer-pack-video-luts-vol-10\\\/#primaryimage\"},\"thumbnailUrl\":\"https:\\\/\\\/graphimarket.com\\\/wp-content\\\/uploads\\\/2021\\\/09\\\/ab9b6ec5-875c-4654-9e79-c836ffc960ae.jpg\",\"datePublished\":\"2021-09-22T14:57:31+00:00\",\"dateModified\":\"2022-12-11T12:02:40+00:00\",\"description\":\"Summer Pack Video LUTs Vol.10\",\"breadcrumb\":{\"@id\":\"http:\\\/\\\/graphimarket.com\\\/fr\\\/product\\\/summer-pack-video-luts-vol-10\\\/#breadcrumb\"},\"inLanguage\":\"fr-FR\",\"potentialAction\":[{\"@type\":\"ReadAction\",\"target\":[\"http:\\\/\\\/graphimarket.com\\\/fr\\\/product\\\/summer-pack-video-luts-vol-10\\\/\"]}]},{\"@type\":\"ImageObject\",\"inLanguage\":\"fr-FR\",\"@id\":\"http:\\\/\\\/graphimarket.com\\\/fr\\\/product\\\/summer-pack-video-luts-vol-10\\\/#primaryimage\",\"url\":\"https:\\\/\\\/graphimarket.com\\\/wp-content\\\/uploads\\\/2021\\\/09\\\/ab9b6ec5-875c-4654-9e79-c836ffc960ae.jpg\",\"contentUrl\":\"https:\\\/\\\/graphimarket.com\\\/wp-content\\\/uploads\\\/2021\\\/09\\\/ab9b6ec5-875c-4654-9e79-c836ffc960ae.jpg\",\"width\":1370,\"height\":913},{\"@type\":\"BreadcrumbList\",\"@id\":\"http:\\\/\\\/graphimarket.com\\\/fr\\\/product\\\/summer-pack-video-luts-vol-10\\\/#breadcrumb\",\"itemListElement\":[{\"@type\":\"ListItem\",\"position\":1,\"name\":\"Home\",\"item\":\"https:\\\/\\\/graphimarket.com\\\/es\\\/\"},{\"@type\":\"ListItem\",\"position\":2,\"name\":\"Store\",\"item\":\"https:\\\/\\\/graphimarket.com\\\/store\\\/\"},{\"@type\":\"ListItem\",\"position\":3,\"name\":\"Summer Pack Video LUTs Vol.10\"}]},{\"@type\":\"WebSite\",\"@id\":\"https:\\\/\\\/graphimarket.com\\\/fr\\\/#website\",\"url\":\"https:\\\/\\\/graphimarket.com\\\/fr\\\/\",\"name\":\"Graphimarket\",\"description\":\"Find the perfect creative asset to bring your project to life\",\"publisher\":{\"@id\":\"https:\\\/\\\/graphimarket.com\\\/fr\\\/#organization\"},\"potentialAction\":[{\"@type\":\"SearchAction\",\"target\":{\"@type\":\"EntryPoint\",\"urlTemplate\":\"https:\\\/\\\/graphimarket.com\\\/fr\\\/?s={search_term_string}\"},\"query-input\":{\"@type\":\"PropertyValueSpecification\",\"valueRequired\":true,\"valueName\":\"search_term_string\"}}],\"inLanguage\":\"fr-FR\"},{\"@type\":\"Organization\",\"@id\":\"https:\\\/\\\/graphimarket.com\\\/fr\\\/#organization\",\"name\":\"Graphimarket\",\"url\":\"https:\\\/\\\/graphimarket.com\\\/fr\\\/\",\"logo\":{\"@type\":\"ImageObject\",\"inLanguage\":\"fr-FR\",\"@id\":\"https:\\\/\\\/graphimarket.com\\\/fr\\\/#\\\/schema\\\/logo\\\/image\\\/\",\"url\":\"https:\\\/\\\/graphimarket.com\\\/wp-content\\\/uploads\\\/2020\\\/08\\\/logo-48.png\",\"contentUrl\":\"https:\\\/\\\/graphimarket.com\\\/wp-content\\\/uploads\\\/2020\\\/08\\\/logo-48.png\",\"width\":132,\"height\":48,\"caption\":\"Graphimarket\"},\"image\":{\"@id\":\"https:\\\/\\\/graphimarket.com\\\/fr\\\/#\\\/schema\\\/logo\\\/image\\\/\"}}]}<\/script>\n<!-- \/ Yoast SEO plugin. -->","yoast_head_json":{"title":"Summer Pack Video LUTs Vol.10 - Graphimarket","description":"LUT vid\u00e9o du pack d&#039;\u00e9t\u00e9 Vol.10","robots":{"index":"index","follow":"follow","max-snippet":"max-snippet:-1","max-image-preview":"max-image-preview:large","max-video-preview":"max-video-preview:-1"},"canonical":"http:\/\/graphimarket.com\/fr\/product\/summer-pack-video-luts-vol-10\/","og_locale":"fr_FR","og_type":"article","og_title":"Summer Pack Video LUTs Vol.10 - Graphimarket","og_description":"Summer Pack Video LUTs Vol.10","og_url":"http:\/\/graphimarket.com\/fr\/product\/summer-pack-video-luts-vol-10\/","og_site_name":"Graphimarket","article_modified_time":"2022-12-11T12:02:40+00:00","og_image":[{"width":1370,"height":913,"url":"https:\/\/graphimarket.com\/wp-content\/uploads\/2021\/09\/ab9b6ec5-875c-4654-9e79-c836ffc960ae.jpg","type":"image\/jpeg"}],"twitter_card":"summary_large_image","schema":{"@context":"https:\/\/schema.org","@graph":[{"@type":"WebPage","@id":"http:\/\/graphimarket.com\/fr\/product\/summer-pack-video-luts-vol-10\/","url":"http:\/\/graphimarket.com\/fr\/product\/summer-pack-video-luts-vol-10\/","name":"Summer Pack Video LUTs Vol.10 - Graphimarket","isPartOf":{"@id":"https:\/\/graphimarket.com\/fr\/#website"},"primaryImageOfPage":{"@id":"http:\/\/graphimarket.com\/fr\/product\/summer-pack-video-luts-vol-10\/#primaryimage"},"image":{"@id":"http:\/\/graphimarket.com\/fr\/product\/summer-pack-video-luts-vol-10\/#primaryimage"},"thumbnailUrl":"https:\/\/graphimarket.com\/wp-content\/uploads\/2021\/09\/ab9b6ec5-875c-4654-9e79-c836ffc960ae.jpg","datePublished":"2021-09-22T14:57:31+00:00","dateModified":"2022-12-11T12:02:40+00:00","description":"LUT vid\u00e9o du pack d&#039;\u00e9t\u00e9 Vol.10","breadcrumb":{"@id":"http:\/\/graphimarket.com\/fr\/product\/summer-pack-video-luts-vol-10\/#breadcrumb"},"inLanguage":"fr-FR","potentialAction":[{"@type":"ReadAction","target":["http:\/\/graphimarket.com\/fr\/product\/summer-pack-video-luts-vol-10\/"]}]},{"@type":"ImageObject","inLanguage":"fr-FR","@id":"http:\/\/graphimarket.com\/fr\/product\/summer-pack-video-luts-vol-10\/#primaryimage","url":"https:\/\/graphimarket.com\/wp-content\/uploads\/2021\/09\/ab9b6ec5-875c-4654-9e79-c836ffc960ae.jpg","contentUrl":"https:\/\/graphimarket.com\/wp-content\/uploads\/2021\/09\/ab9b6ec5-875c-4654-9e79-c836ffc960ae.jpg","width":1370,"height":913},{"@type":"BreadcrumbList","@id":"http:\/\/graphimarket.com\/fr\/product\/summer-pack-video-luts-vol-10\/#breadcrumb","itemListElement":[{"@type":"ListItem","position":1,"name":"Home","item":"https:\/\/graphimarket.com\/es\/"},{"@type":"ListItem","position":2,"name":"Store","item":"https:\/\/graphimarket.com\/store\/"},{"@type":"ListItem","position":3,"name":"Summer Pack Video LUTs Vol.10"}]},{"@type":"WebSite","@id":"https:\/\/graphimarket.com\/fr\/#website","url":"https:\/\/graphimarket.com\/fr\/","name":"Graphimarket","description":"Trouvez l&#039;atout cr\u00e9atif parfait pour donner vie \u00e0 votre projet","publisher":{"@id":"https:\/\/graphimarket.com\/fr\/#organization"},"potentialAction":[{"@type":"SearchAction","target":{"@type":"EntryPoint","urlTemplate":"https:\/\/graphimarket.com\/fr\/?s={search_term_string}"},"query-input":{"@type":"PropertyValueSpecification","valueRequired":true,"valueName":"search_term_string"}}],"inLanguage":"fr-FR"},{"@type":"Organization","@id":"https:\/\/graphimarket.com\/fr\/#organization","name":"Graphimarket","url":"https:\/\/graphimarket.com\/fr\/","logo":{"@type":"ImageObject","inLanguage":"fr-FR","@id":"https:\/\/graphimarket.com\/fr\/#\/schema\/logo\/image\/","url":"https:\/\/graphimarket.com\/wp-content\/uploads\/2020\/08\/logo-48.png","contentUrl":"https:\/\/graphimarket.com\/wp-content\/uploads\/2020\/08\/logo-48.png","width":132,"height":48,"caption":"Graphimarket"},"image":{"@id":"https:\/\/graphimarket.com\/fr\/#\/schema\/logo\/image\/"}}]}},"_links":{"self":[{"href":"http:\/\/graphimarket.com\/fr\/wp-json\/wp\/v2\/product\/17995","targetHints":{"allow":["GET"]}}],"collection":[{"href":"http:\/\/graphimarket.com\/fr\/wp-json\/wp\/v2\/product"}],"about":[{"href":"http:\/\/graphimarket.com\/fr\/wp-json\/wp\/v2\/types\/product"}],"replies":[{"embeddable":true,"href":"http:\/\/graphimarket.com\/fr\/wp-json\/wp\/v2\/comments?post=17995"}],"version-history":[{"count":0,"href":"http:\/\/graphimarket.com\/fr\/wp-json\/wp\/v2\/product\/17995\/revisions"}],"wp:featuredmedia":[{"embeddable":true,"href":"http:\/\/graphimarket.com\/fr\/wp-json\/wp\/v2\/media\/17996"}],"wp:attachment":[{"href":"http:\/\/graphimarket.com\/fr\/wp-json\/wp\/v2\/media?parent=17995"}],"wp:term":[{"taxonomy":"product_brand","embeddable":true,"href":"http:\/\/graphimarket.com\/fr\/wp-json\/wp\/v2\/product_brand?post=17995"},{"taxonomy":"product_cat","embeddable":true,"href":"http:\/\/graphimarket.com\/fr\/wp-json\/wp\/v2\/product_cat?post=17995"},{"taxonomy":"product_tag","embeddable":true,"href":"http:\/\/graphimarket.com\/fr\/wp-json\/wp\/v2\/product_tag?post=17995"}],"curies":[{"name":"wp","href":"https:\/\/api.w.org\/{rel}","templated":true}]}}