{"id":18859,"date":"2022-08-12T13:16:28","date_gmt":"2022-08-12T11:16:28","guid":{"rendered":"https:\/\/graphimarket.com\/?post_type=product&#038;p=18859"},"modified":"2022-12-11T13:03:19","modified_gmt":"2022-12-11T12:03:19","slug":"out-of-bounds","status":"publish","type":"product","link":"http:\/\/graphimarket.com\/fr\/product\/out-of-bounds\/","title":{"rendered":"Action hors limites"},"content":{"rendered":"<div class=\"tm-grid-expand uk-child-width-1-1 uk-grid-margin uk-grid uk-grid-stack\">\n<div class=\"uk-width-1-1@m uk-first-column\">\n<div class=\"uk-panel uk-margin-remove-first-child uk-margin\">\n<h1><b>Hors cadre<\/b>\u00a0ou\u00a0<b>hors limites<\/b> images:<\/h1>\n<p>sont des photos post-trait\u00e9es pour donner un effet 3D. Une partie du contenu de l&#039;image originale est prise en dehors des limites de la photo, pr\u00e9sent\u00e9e dans une perspective cr\u00e9ative en 3 dimensions. Voici quelques exemples exceptionnels de manipulations de photos hors cadre dont vous pouvez vous inspirer. Et dans cette collection, vous trouverez quelques-uns des meilleurs tutoriels pour vous aider \u00e0 cr\u00e9er\u00a0<b>effets hors limites dans Photoshop<\/b><\/p>\n<h2 class=\"el-title uk-h2 uk-margin-top uk-margin-remove-bottom\">Description d\u00e9taill\u00e9e:<\/h2>\n<\/div>\n<div class=\"uk-panel uk-margin\">\n<p>Le Out of Bounds (ou Pop Out) est un effet Photoshop 3D dynamique tr\u00e8s populaire. Certaines parties d&#039;une image semblent sortir du cadre de l&#039;image.<br \/>\nL&#039;ensemble &quot;Hors limites&quot; contient deux actions qui cr\u00e9ent deux effets diff\u00e9rents (photo plate et recourb\u00e9e).<\/p>\n<ul>\n<li>Taille, couleur et perspective du cadre personnalisables.<\/li>\n<li>Versions plates et boucl\u00e9es.<\/li>\n<li>Vous pouvez affiner les bords des zones hors limites une fois l&#039;ex\u00e9cution de l&#039;action termin\u00e9e.<\/li>\n<li>Vous pouvez d\u00e9finir plusieurs zones hors limites.<\/li>\n<\/ul>\n<\/div>\n<\/div>\n<\/div>\n<div class=\"tm-grid-expand uk-grid-row-small uk-child-width-1-1 uk-grid-margin-small uk-grid uk-grid-stack\">\n<div class=\"uk-width-1-1@m uk-first-column\">\n<div class=\"tm-grid-expand uk-grid-column-medium uk-grid-divider uk-grid-margin uk-grid\">\n<div class=\"uk-width-1-3@m\">\n<ul class=\"uk-list uk-margin-remove-top uk-margin-remove-bottom\">\n<li class=\"el-item\">\n<div class=\"uk-margin-remove-last-child custom\">\n<p><strong>COMPATIBILIT\u00c9:<\/strong><br \/>\nPC et Mac<br \/>\nPhotoshop (max : CC 23.4.2, min : CS4)<br \/>\nPhotoshop Elements (max : 2022, min : 15)<\/p>\n<div class=\"tm-grid-expand uk-grid-column-medium uk-grid-divider uk-grid-margin uk-grid\">\n<div class=\"uk-width-1-3@m\">\n<div class=\"uk-text-emphasis uk-margin uk-margin-remove-bottom\"><strong>CONDITIONS:<\/strong><\/div>\n<ul class=\"uk-list uk-margin-remove-top uk-margin-remove-bottom\">\n<li class=\"el-item\">\n<div class=\"uk-child-width-expand uk-grid-column-small uk-grid-row-collapse uk-grid\">\n<div class=\"uk-width-auto uk-first-column\">\n<div class=\"el-title uk-margin-remove\">Photoshop :<\/div>\n<\/div>\n<div>\n<div class=\"el-content uk-panel\">CC \u2192 CS4<\/div>\n<\/div>\n<\/div>\n<\/li>\n<\/ul>\n<ul class=\"uk-list uk-margin-remove-top uk-margin-remove-bottom\">\n<li class=\"el-item\">\n<div class=\"uk-child-width-expand uk-grid-column-small uk-grid-row-collapse uk-grid\">\n<div class=\"uk-width-auto uk-first-column\">\n<div class=\"el-title uk-margin-remove\">Photoshop Elements : 11 ou plus r\u00e9cent<\/div>\n<\/div>\n<div><\/div>\n<\/div>\n<\/li>\n<\/ul>\n<div class=\"uk-text-emphasis uk-margin uk-margin-remove-bottom\"><strong>NIVEAU DE COMP\u00c9TENCES\u00a0:<\/strong><\/div>\n<ul class=\"uk-list uk-margin-remove-top uk-margin-remove-bottom\">\n<li class=\"el-item\">\n<div class=\"uk-child-width-expand uk-grid-column-small uk-grid-row-collapse uk-grid\">\n<div class=\"uk-width-auto uk-first-column\">\n<div class=\"el-title uk-margin-remove\">Interm\u00e9diaire<\/div>\n<div><\/div>\n<\/div>\n<\/div>\n<\/li>\n<\/ul>\n<\/div>\n<\/div>\n<\/div>\n<\/li>\n<\/ul>\n<\/div>\n<\/div>\n<div class=\"tm-grid-expand uk-grid-row-collapse uk-child-width-1-1 uk-grid uk-grid-stack\">\n<div class=\"uk-width-1-1@m uk-first-column\"><\/div>\n<\/div>\n<\/div>\n<\/div>\n<p><img fetchpriority=\"high\" decoding=\"async\" class=\"alignnone size-full wp-image-18860\" src=\"https:\/\/graphimarket.com\/wp-content\/uploads\/2022\/08\/out-of-bounds-free-photoshop-actions-3.jpg\" alt=\"\" width=\"900\" height=\"600\" srcset=\"https:\/\/graphimarket.com\/wp-content\/uploads\/2022\/08\/out-of-bounds-free-photoshop-actions-3.jpg 900w, https:\/\/graphimarket.com\/wp-content\/uploads\/2022\/08\/out-of-bounds-free-photoshop-actions-3-300x200.jpg 300w, https:\/\/graphimarket.com\/wp-content\/uploads\/2022\/08\/out-of-bounds-free-photoshop-actions-3-768x512.jpg 768w, https:\/\/graphimarket.com\/wp-content\/uploads\/2022\/08\/out-of-bounds-free-photoshop-actions-3-18x12.jpg 18w, https:\/\/graphimarket.com\/wp-content\/uploads\/2022\/08\/out-of-bounds-free-photoshop-actions-3-600x400.jpg 600w\" sizes=\"(max-width: 900px) 100vw, 900px\" \/> <img decoding=\"async\" class=\"alignnone size-full wp-image-18861\" src=\"https:\/\/graphimarket.com\/wp-content\/uploads\/2022\/08\/out-of-bounds-free-photoshop-actions-1.jpg\" alt=\"\" width=\"900\" height=\"600\" srcset=\"https:\/\/graphimarket.com\/wp-content\/uploads\/2022\/08\/out-of-bounds-free-photoshop-actions-1.jpg 900w, https:\/\/graphimarket.com\/wp-content\/uploads\/2022\/08\/out-of-bounds-free-photoshop-actions-1-300x200.jpg 300w, https:\/\/graphimarket.com\/wp-content\/uploads\/2022\/08\/out-of-bounds-free-photoshop-actions-1-768x512.jpg 768w, https:\/\/graphimarket.com\/wp-content\/uploads\/2022\/08\/out-of-bounds-free-photoshop-actions-1-18x12.jpg 18w, https:\/\/graphimarket.com\/wp-content\/uploads\/2022\/08\/out-of-bounds-free-photoshop-actions-1-600x400.jpg 600w\" sizes=\"(max-width: 900px) 100vw, 900px\" \/> <img decoding=\"async\" class=\"alignnone size-full wp-image-18862\" src=\"https:\/\/graphimarket.com\/wp-content\/uploads\/2022\/08\/out-of-bounds-free-photoshop-actions-2.jpg\" alt=\"\" width=\"900\" height=\"600\" srcset=\"https:\/\/graphimarket.com\/wp-content\/uploads\/2022\/08\/out-of-bounds-free-photoshop-actions-2.jpg 900w, https:\/\/graphimarket.com\/wp-content\/uploads\/2022\/08\/out-of-bounds-free-photoshop-actions-2-300x200.jpg 300w, https:\/\/graphimarket.com\/wp-content\/uploads\/2022\/08\/out-of-bounds-free-photoshop-actions-2-768x512.jpg 768w, https:\/\/graphimarket.com\/wp-content\/uploads\/2022\/08\/out-of-bounds-free-photoshop-actions-2-18x12.jpg 18w, https:\/\/graphimarket.com\/wp-content\/uploads\/2022\/08\/out-of-bounds-free-photoshop-actions-2-600x400.jpg 600w\" sizes=\"(max-width: 900px) 100vw, 900px\" \/><\/p>\n<p>&nbsp;<\/p>\n<div style=\"width: 1280px;\" class=\"wp-video\"><video class=\"wp-video-shortcode\" id=\"video-18859-1\" width=\"1280\" height=\"720\" preload=\"metadata\" controls=\"controls\"><source type=\"video\/mp4\" src=\"https:\/\/graphimarket.com\/wp-content\/uploads\/2022\/08\/The-Out-of-Bounds-Photoshop-actions.mp4?_=1\" \/><a href=\"https:\/\/graphimarket.com\/wp-content\/uploads\/2022\/08\/The-Out-of-Bounds-Photoshop-actions.mp4\">https:\/\/graphimarket.com\/wp-content\/uploads\/2022\/08\/The-Out-of-Bounds-Photoshop-actions.mp4<\/a><\/video><\/div>","protected":false},"excerpt":{"rendered":"<p>Out of frame\u00a0or\u00a0out of bounds images: are post processed photos to give a 3D effect. Some of the content of the original image is taken outside the photo boundaries, presented in a creative 3-dimensional perspective. Here are some exceptional examples of out of frame photo manipulations\u00a0to inspire from. And in this collection you will find [&hellip;]<\/p>\n","protected":false},"featured_media":18861,"comment_status":"open","ping_status":"closed","template":"","meta":{"site-sidebar-layout":"default","site-content-layout":"default","ast-site-content-layout":"default","site-content-style":"default","site-sidebar-style":"default","ast-global-header-display":"","ast-banner-title-visibility":"","ast-main-header-display":"","ast-hfb-above-header-display":"","ast-hfb-below-header-display":"","ast-hfb-mobile-header-display":"","site-post-title":"","ast-breadcrumbs-content":"","ast-featured-img":"","footer-sml-layout":"","ast-disable-related-posts":"","theme-transparent-header-meta":"default","adv-header-id-meta":"","stick-header-meta":"","header-above-stick-meta":"","header-main-stick-meta":"","header-below-stick-meta":"","astra-migrate-meta-layouts":"default","ast-page-background-enabled":"default","ast-page-background-meta":{"desktop":{"background-color":"","background-image":"","background-repeat":"repeat","background-position":"center center","background-size":"auto","background-attachment":"scroll","background-type":"","background-media":"","overlay-type":"","overlay-color":"","overlay-opacity":"","overlay-gradient":""},"tablet":{"background-color":"","background-image":"","background-repeat":"repeat","background-position":"center center","background-size":"auto","background-attachment":"scroll","background-type":"","background-media":"","overlay-type":"","overlay-color":"","overlay-opacity":"","overlay-gradient":""},"mobile":{"background-color":"","background-image":"","background-repeat":"repeat","background-position":"center center","background-size":"auto","background-attachment":"scroll","background-type":"","background-media":"","overlay-type":"","overlay-color":"","overlay-opacity":"","overlay-gradient":""}},"ast-content-background-meta":{"desktop":{"background-color":"var(--ast-global-color-5)","background-image":"","background-repeat":"repeat","background-position":"center center","background-size":"auto","background-attachment":"scroll","background-type":"","background-media":"","overlay-type":"","overlay-color":"","overlay-opacity":"","overlay-gradient":""},"tablet":{"background-color":"var(--ast-global-color-5)","background-image":"","background-repeat":"repeat","background-position":"center center","background-size":"auto","background-attachment":"scroll","background-type":"","background-media":"","overlay-type":"","overlay-color":"","overlay-opacity":"","overlay-gradient":""},"mobile":{"background-color":"var(--ast-global-color-5)","background-image":"","background-repeat":"repeat","background-position":"center center","background-size":"auto","background-attachment":"scroll","background-type":"","background-media":"","overlay-type":"","overlay-color":"","overlay-opacity":"","overlay-gradient":""}}},"product_brand":[],"product_cat":[15,144,195,146],"product_tag":[291,238,531,2050,1890,2049,1015,62,2051,2021],"class_list":{"0":"post-18859","1":"product","2":"type-product","3":"status-publish","4":"has-post-thumbnail","6":"product_cat-photo","7":"product_cat-photo-editor","8":"product_cat-photoshop","9":"product_cat-photoshop-action","10":"product_tag-3d","11":"product_tag-actions","12":"product_tag-cc","13":"product_tag-cs4","14":"product_tag-mac","15":"product_tag-out-of-bounds","16":"product_tag-pc","17":"product_tag-photoshop","18":"product_tag-photoshop-elements","19":"product_tag-pop-out","20":"desktop-align-left","21":"tablet-align-left","22":"mobile-align-left","24":"first","25":"instock","26":"sale","27":"downloadable","28":"virtual","29":"taxable","30":"purchasable","31":"product-type-simple"},"yoast_head":"<!-- This site is optimized with the Yoast SEO plugin v27.3 - https:\/\/yoast.com\/product\/yoast-seo-wordpress\/ -->\n<title>Out of Bounds Action - Graphimarket<\/title>\n<meta name=\"description\" content=\"The Out of Bounds (or Pop Out) is a very popular, dynamic 3D Photoshop effect. Certain parts of an image appear to pop out\" \/>\n<meta name=\"robots\" content=\"index, follow, max-snippet:-1, max-image-preview:large, max-video-preview:-1\" \/>\n<link rel=\"canonical\" href=\"https:\/\/graphimarket.com\/fr\/product\/out-of-bounds\/\" \/>\n<meta property=\"og:locale\" content=\"fr_FR\" \/>\n<meta property=\"og:type\" content=\"article\" \/>\n<meta property=\"og:title\" content=\"Out of Bounds Action - Graphimarket\" \/>\n<meta property=\"og:description\" content=\"The Out of Bounds (or Pop Out) is a very popular, dynamic 3D Photoshop effect. Certain parts of an image appear to pop out\" \/>\n<meta property=\"og:url\" content=\"https:\/\/graphimarket.com\/fr\/product\/out-of-bounds\/\" \/>\n<meta property=\"og:site_name\" content=\"Graphimarket\" \/>\n<meta property=\"article:modified_time\" content=\"2022-12-11T12:03:19+00:00\" \/>\n<meta property=\"og:image\" content=\"https:\/\/graphimarket.com\/wp-content\/uploads\/2022\/08\/out-of-bounds-free-photoshop-actions-1.jpg\" \/>\n\t<meta property=\"og:image:width\" content=\"900\" \/>\n\t<meta property=\"og:image:height\" content=\"600\" \/>\n\t<meta property=\"og:image:type\" content=\"image\/jpeg\" \/>\n<meta name=\"twitter:card\" content=\"summary_large_image\" \/>\n<meta name=\"twitter:label1\" content=\"Est. reading time\" \/>\n\t<meta name=\"twitter:data1\" content=\"1 minute\" \/>\n<script type=\"application\/ld+json\" class=\"yoast-schema-graph\">{\"@context\":\"https:\\\/\\\/schema.org\",\"@graph\":[{\"@type\":\"WebPage\",\"@id\":\"https:\\\/\\\/graphimarket.com\\\/product\\\/out-of-bounds\\\/\",\"url\":\"https:\\\/\\\/graphimarket.com\\\/product\\\/out-of-bounds\\\/\",\"name\":\"Out of Bounds Action - Graphimarket\",\"isPartOf\":{\"@id\":\"https:\\\/\\\/graphimarket.com\\\/fr\\\/#website\"},\"primaryImageOfPage\":{\"@id\":\"https:\\\/\\\/graphimarket.com\\\/product\\\/out-of-bounds\\\/#primaryimage\"},\"image\":{\"@id\":\"https:\\\/\\\/graphimarket.com\\\/product\\\/out-of-bounds\\\/#primaryimage\"},\"thumbnailUrl\":\"https:\\\/\\\/graphimarket.com\\\/wp-content\\\/uploads\\\/2022\\\/08\\\/out-of-bounds-free-photoshop-actions-1.jpg\",\"datePublished\":\"2022-08-12T11:16:28+00:00\",\"dateModified\":\"2022-12-11T12:03:19+00:00\",\"description\":\"The Out of Bounds (or Pop Out) is a very popular, dynamic 3D Photoshop effect. Certain parts of an image appear to pop out\",\"breadcrumb\":{\"@id\":\"https:\\\/\\\/graphimarket.com\\\/product\\\/out-of-bounds\\\/#breadcrumb\"},\"inLanguage\":\"fr-FR\",\"potentialAction\":[{\"@type\":\"ReadAction\",\"target\":[\"https:\\\/\\\/graphimarket.com\\\/product\\\/out-of-bounds\\\/\"]}]},{\"@type\":\"ImageObject\",\"inLanguage\":\"fr-FR\",\"@id\":\"https:\\\/\\\/graphimarket.com\\\/product\\\/out-of-bounds\\\/#primaryimage\",\"url\":\"https:\\\/\\\/graphimarket.com\\\/wp-content\\\/uploads\\\/2022\\\/08\\\/out-of-bounds-free-photoshop-actions-1.jpg\",\"contentUrl\":\"https:\\\/\\\/graphimarket.com\\\/wp-content\\\/uploads\\\/2022\\\/08\\\/out-of-bounds-free-photoshop-actions-1.jpg\",\"width\":900,\"height\":600},{\"@type\":\"BreadcrumbList\",\"@id\":\"https:\\\/\\\/graphimarket.com\\\/product\\\/out-of-bounds\\\/#breadcrumb\",\"itemListElement\":[{\"@type\":\"ListItem\",\"position\":1,\"name\":\"Home\",\"item\":\"https:\\\/\\\/graphimarket.com\\\/es\\\/\"},{\"@type\":\"ListItem\",\"position\":2,\"name\":\"Store\",\"item\":\"https:\\\/\\\/graphimarket.com\\\/store\\\/\"},{\"@type\":\"ListItem\",\"position\":3,\"name\":\"Out of Bounds Action\"}]},{\"@type\":\"WebSite\",\"@id\":\"https:\\\/\\\/graphimarket.com\\\/fr\\\/#website\",\"url\":\"https:\\\/\\\/graphimarket.com\\\/fr\\\/\",\"name\":\"Graphimarket\",\"description\":\"Find the perfect creative asset to bring your project to life\",\"publisher\":{\"@id\":\"https:\\\/\\\/graphimarket.com\\\/fr\\\/#organization\"},\"potentialAction\":[{\"@type\":\"SearchAction\",\"target\":{\"@type\":\"EntryPoint\",\"urlTemplate\":\"https:\\\/\\\/graphimarket.com\\\/fr\\\/?s={search_term_string}\"},\"query-input\":{\"@type\":\"PropertyValueSpecification\",\"valueRequired\":true,\"valueName\":\"search_term_string\"}}],\"inLanguage\":\"fr-FR\"},{\"@type\":\"Organization\",\"@id\":\"https:\\\/\\\/graphimarket.com\\\/fr\\\/#organization\",\"name\":\"Graphimarket\",\"url\":\"https:\\\/\\\/graphimarket.com\\\/fr\\\/\",\"logo\":{\"@type\":\"ImageObject\",\"inLanguage\":\"fr-FR\",\"@id\":\"https:\\\/\\\/graphimarket.com\\\/fr\\\/#\\\/schema\\\/logo\\\/image\\\/\",\"url\":\"https:\\\/\\\/graphimarket.com\\\/wp-content\\\/uploads\\\/2020\\\/08\\\/logo-48.png\",\"contentUrl\":\"https:\\\/\\\/graphimarket.com\\\/wp-content\\\/uploads\\\/2020\\\/08\\\/logo-48.png\",\"width\":132,\"height\":48,\"caption\":\"Graphimarket\"},\"image\":{\"@id\":\"https:\\\/\\\/graphimarket.com\\\/fr\\\/#\\\/schema\\\/logo\\\/image\\\/\"}}]}<\/script>\n<!-- \/ Yoast SEO plugin. -->","yoast_head_json":{"title":"Out of Bounds Action - Graphimarket","description":"The Out of Bounds (or Pop Out) is a very popular, dynamic 3D Photoshop effect. Certain parts of an image appear to pop out","robots":{"index":"index","follow":"follow","max-snippet":"max-snippet:-1","max-image-preview":"max-image-preview:large","max-video-preview":"max-video-preview:-1"},"canonical":"https:\/\/graphimarket.com\/fr\/product\/out-of-bounds\/","og_locale":"fr_FR","og_type":"article","og_title":"Out of Bounds Action - Graphimarket","og_description":"The Out of Bounds (or Pop Out) is a very popular, dynamic 3D Photoshop effect. Certain parts of an image appear to pop out","og_url":"https:\/\/graphimarket.com\/fr\/product\/out-of-bounds\/","og_site_name":"Graphimarket","article_modified_time":"2022-12-11T12:03:19+00:00","og_image":[{"width":900,"height":600,"url":"https:\/\/graphimarket.com\/wp-content\/uploads\/2022\/08\/out-of-bounds-free-photoshop-actions-1.jpg","type":"image\/jpeg"}],"twitter_card":"summary_large_image","twitter_misc":{"Est. reading time":"1 minute"},"schema":{"@context":"https:\/\/schema.org","@graph":[{"@type":"WebPage","@id":"https:\/\/graphimarket.com\/product\/out-of-bounds\/","url":"https:\/\/graphimarket.com\/product\/out-of-bounds\/","name":"Out of Bounds Action - Graphimarket","isPartOf":{"@id":"https:\/\/graphimarket.com\/fr\/#website"},"primaryImageOfPage":{"@id":"https:\/\/graphimarket.com\/product\/out-of-bounds\/#primaryimage"},"image":{"@id":"https:\/\/graphimarket.com\/product\/out-of-bounds\/#primaryimage"},"thumbnailUrl":"https:\/\/graphimarket.com\/wp-content\/uploads\/2022\/08\/out-of-bounds-free-photoshop-actions-1.jpg","datePublished":"2022-08-12T11:16:28+00:00","dateModified":"2022-12-11T12:03:19+00:00","description":"The Out of Bounds (or Pop Out) is a very popular, dynamic 3D Photoshop effect. Certain parts of an image appear to pop out","breadcrumb":{"@id":"https:\/\/graphimarket.com\/product\/out-of-bounds\/#breadcrumb"},"inLanguage":"fr-FR","potentialAction":[{"@type":"ReadAction","target":["https:\/\/graphimarket.com\/product\/out-of-bounds\/"]}]},{"@type":"ImageObject","inLanguage":"fr-FR","@id":"https:\/\/graphimarket.com\/product\/out-of-bounds\/#primaryimage","url":"https:\/\/graphimarket.com\/wp-content\/uploads\/2022\/08\/out-of-bounds-free-photoshop-actions-1.jpg","contentUrl":"https:\/\/graphimarket.com\/wp-content\/uploads\/2022\/08\/out-of-bounds-free-photoshop-actions-1.jpg","width":900,"height":600},{"@type":"BreadcrumbList","@id":"https:\/\/graphimarket.com\/product\/out-of-bounds\/#breadcrumb","itemListElement":[{"@type":"ListItem","position":1,"name":"Home","item":"https:\/\/graphimarket.com\/es\/"},{"@type":"ListItem","position":2,"name":"Store","item":"https:\/\/graphimarket.com\/store\/"},{"@type":"ListItem","position":3,"name":"Out of Bounds Action"}]},{"@type":"WebSite","@id":"https:\/\/graphimarket.com\/fr\/#website","url":"https:\/\/graphimarket.com\/fr\/","name":"Graphimarket","description":"Trouvez l&#039;atout cr\u00e9atif parfait pour donner vie \u00e0 votre projet","publisher":{"@id":"https:\/\/graphimarket.com\/fr\/#organization"},"potentialAction":[{"@type":"SearchAction","target":{"@type":"EntryPoint","urlTemplate":"https:\/\/graphimarket.com\/fr\/?s={search_term_string}"},"query-input":{"@type":"PropertyValueSpecification","valueRequired":true,"valueName":"search_term_string"}}],"inLanguage":"fr-FR"},{"@type":"Organization","@id":"https:\/\/graphimarket.com\/fr\/#organization","name":"Graphimarket","url":"https:\/\/graphimarket.com\/fr\/","logo":{"@type":"ImageObject","inLanguage":"fr-FR","@id":"https:\/\/graphimarket.com\/fr\/#\/schema\/logo\/image\/","url":"https:\/\/graphimarket.com\/wp-content\/uploads\/2020\/08\/logo-48.png","contentUrl":"https:\/\/graphimarket.com\/wp-content\/uploads\/2020\/08\/logo-48.png","width":132,"height":48,"caption":"Graphimarket"},"image":{"@id":"https:\/\/graphimarket.com\/fr\/#\/schema\/logo\/image\/"}}]}},"_links":{"self":[{"href":"http:\/\/graphimarket.com\/fr\/wp-json\/wp\/v2\/product\/18859","targetHints":{"allow":["GET"]}}],"collection":[{"href":"http:\/\/graphimarket.com\/fr\/wp-json\/wp\/v2\/product"}],"about":[{"href":"http:\/\/graphimarket.com\/fr\/wp-json\/wp\/v2\/types\/product"}],"replies":[{"embeddable":true,"href":"http:\/\/graphimarket.com\/fr\/wp-json\/wp\/v2\/comments?post=18859"}],"version-history":[{"count":0,"href":"http:\/\/graphimarket.com\/fr\/wp-json\/wp\/v2\/product\/18859\/revisions"}],"wp:featuredmedia":[{"embeddable":true,"href":"http:\/\/graphimarket.com\/fr\/wp-json\/wp\/v2\/media\/18861"}],"wp:attachment":[{"href":"http:\/\/graphimarket.com\/fr\/wp-json\/wp\/v2\/media?parent=18859"}],"wp:term":[{"taxonomy":"product_brand","embeddable":true,"href":"http:\/\/graphimarket.com\/fr\/wp-json\/wp\/v2\/product_brand?post=18859"},{"taxonomy":"product_cat","embeddable":true,"href":"http:\/\/graphimarket.com\/fr\/wp-json\/wp\/v2\/product_cat?post=18859"},{"taxonomy":"product_tag","embeddable":true,"href":"http:\/\/graphimarket.com\/fr\/wp-json\/wp\/v2\/product_tag?post=18859"}],"curies":[{"name":"wp","href":"https:\/\/api.w.org\/{rel}","templated":true}]}}