{"id":10597,"date":"2020-09-18T15:56:47","date_gmt":"2020-09-18T13:56:47","guid":{"rendered":"https:\/\/graphimarket.com\/?post_type=product&#038;p=10597"},"modified":"2022-12-19T10:11:56","modified_gmt":"2022-12-19T09:11:56","slug":"the-holloway-typeface-extras","status":"publish","type":"product","link":"http:\/\/graphimarket.com\/it\/prodotto\/the-holloway-typeface-extras\/","title":{"rendered":"Il carattere Holloway + EXTRA"},"content":{"rendered":"<p>Saluta\u00a0<em><strong>Carattere tipografico Holloway!<\/strong><\/em>\u00a0Siamo tornati con un prodotto unico nel suo genere che soddisfer\u00e0 le tue esigenze per il tuo progetto di design, branding, abbigliamento, ecc. Il carattere tipografico Holloway \u00e8 un carattere serif monoline unico che ha gli swash come caratteristica principale. Basta giocare e vedere di persona! Questo carattere tipografico include un set di logopack e illustrazioni monoline che \u00e8 perfettamente abbinato al carattere tipografico. Oltre a ci\u00f2, questo carattere tipografico \u00e8 disponibile in maiuscolo, minuscolo, punteggiatura, simboli e numeri, 09 set stilistico alternativo, legature, ecc. Supporta anche multilingue e gi\u00e0 codificato PUA<\/p>\n<p>&nbsp;<\/p>\n<p><img fetchpriority=\"high\" decoding=\"async\" class=\"aligncenter wp-image-10598 size-full\" src=\"https:\/\/graphimarket.com\/wp-content\/uploads\/2020\/09\/83c0c018-3dd5-43c0-8247-21c7adfc34f4.jpg\" alt=\"\" width=\"1170\" height=\"780\" srcset=\"https:\/\/graphimarket.com\/wp-content\/uploads\/2020\/09\/83c0c018-3dd5-43c0-8247-21c7adfc34f4.jpg 1170w, https:\/\/graphimarket.com\/wp-content\/uploads\/2020\/09\/83c0c018-3dd5-43c0-8247-21c7adfc34f4-300x200.jpg 300w, https:\/\/graphimarket.com\/wp-content\/uploads\/2020\/09\/83c0c018-3dd5-43c0-8247-21c7adfc34f4-1024x683.jpg 1024w, https:\/\/graphimarket.com\/wp-content\/uploads\/2020\/09\/83c0c018-3dd5-43c0-8247-21c7adfc34f4-768x512.jpg 768w, https:\/\/graphimarket.com\/wp-content\/uploads\/2020\/09\/83c0c018-3dd5-43c0-8247-21c7adfc34f4-600x400.jpg 600w\" sizes=\"(max-width: 1170px) 100vw, 1170px\" \/> <img decoding=\"async\" class=\"aligncenter wp-image-10599 size-full\" src=\"https:\/\/graphimarket.com\/wp-content\/uploads\/2020\/09\/b7876797-4553-4d9b-bdf6-c0c282f9f8b5.jpg\" alt=\"\" width=\"1170\" height=\"780\" srcset=\"https:\/\/graphimarket.com\/wp-content\/uploads\/2020\/09\/b7876797-4553-4d9b-bdf6-c0c282f9f8b5.jpg 1170w, https:\/\/graphimarket.com\/wp-content\/uploads\/2020\/09\/b7876797-4553-4d9b-bdf6-c0c282f9f8b5-300x200.jpg 300w, https:\/\/graphimarket.com\/wp-content\/uploads\/2020\/09\/b7876797-4553-4d9b-bdf6-c0c282f9f8b5-1024x683.jpg 1024w, https:\/\/graphimarket.com\/wp-content\/uploads\/2020\/09\/b7876797-4553-4d9b-bdf6-c0c282f9f8b5-768x512.jpg 768w, https:\/\/graphimarket.com\/wp-content\/uploads\/2020\/09\/b7876797-4553-4d9b-bdf6-c0c282f9f8b5-600x400.jpg 600w\" sizes=\"(max-width: 1170px) 100vw, 1170px\" \/> <img decoding=\"async\" class=\"aligncenter wp-image-10600 size-full\" src=\"https:\/\/graphimarket.com\/wp-content\/uploads\/2020\/09\/c1d37f6e-e238-4300-a3a5-f1722bb7621a.jpg\" alt=\"\" width=\"1170\" height=\"780\" srcset=\"https:\/\/graphimarket.com\/wp-content\/uploads\/2020\/09\/c1d37f6e-e238-4300-a3a5-f1722bb7621a.jpg 1170w, https:\/\/graphimarket.com\/wp-content\/uploads\/2020\/09\/c1d37f6e-e238-4300-a3a5-f1722bb7621a-300x200.jpg 300w, https:\/\/graphimarket.com\/wp-content\/uploads\/2020\/09\/c1d37f6e-e238-4300-a3a5-f1722bb7621a-1024x683.jpg 1024w, https:\/\/graphimarket.com\/wp-content\/uploads\/2020\/09\/c1d37f6e-e238-4300-a3a5-f1722bb7621a-768x512.jpg 768w, https:\/\/graphimarket.com\/wp-content\/uploads\/2020\/09\/c1d37f6e-e238-4300-a3a5-f1722bb7621a-600x400.jpg 600w\" sizes=\"(max-width: 1170px) 100vw, 1170px\" \/> <img loading=\"lazy\" decoding=\"async\" class=\"aligncenter wp-image-10601 size-full\" src=\"https:\/\/graphimarket.com\/wp-content\/uploads\/2020\/09\/cc7d3ad0-d128-485e-bf0c-789b5007f5d4.jpg\" alt=\"\" width=\"1170\" height=\"780\" srcset=\"https:\/\/graphimarket.com\/wp-content\/uploads\/2020\/09\/cc7d3ad0-d128-485e-bf0c-789b5007f5d4.jpg 1170w, https:\/\/graphimarket.com\/wp-content\/uploads\/2020\/09\/cc7d3ad0-d128-485e-bf0c-789b5007f5d4-300x200.jpg 300w, https:\/\/graphimarket.com\/wp-content\/uploads\/2020\/09\/cc7d3ad0-d128-485e-bf0c-789b5007f5d4-1024x683.jpg 1024w, https:\/\/graphimarket.com\/wp-content\/uploads\/2020\/09\/cc7d3ad0-d128-485e-bf0c-789b5007f5d4-768x512.jpg 768w, https:\/\/graphimarket.com\/wp-content\/uploads\/2020\/09\/cc7d3ad0-d128-485e-bf0c-789b5007f5d4-600x400.jpg 600w\" sizes=\"(max-width: 1170px) 100vw, 1170px\" \/> <img loading=\"lazy\" decoding=\"async\" class=\"aligncenter wp-image-10602 size-full\" src=\"https:\/\/graphimarket.com\/wp-content\/uploads\/2020\/09\/dd4d3b48-4bd0-4abe-95d4-b9e85c54bacb.jpg\" alt=\"\" width=\"1170\" height=\"780\" srcset=\"https:\/\/graphimarket.com\/wp-content\/uploads\/2020\/09\/dd4d3b48-4bd0-4abe-95d4-b9e85c54bacb.jpg 1170w, https:\/\/graphimarket.com\/wp-content\/uploads\/2020\/09\/dd4d3b48-4bd0-4abe-95d4-b9e85c54bacb-300x200.jpg 300w, https:\/\/graphimarket.com\/wp-content\/uploads\/2020\/09\/dd4d3b48-4bd0-4abe-95d4-b9e85c54bacb-1024x683.jpg 1024w, https:\/\/graphimarket.com\/wp-content\/uploads\/2020\/09\/dd4d3b48-4bd0-4abe-95d4-b9e85c54bacb-768x512.jpg 768w, https:\/\/graphimarket.com\/wp-content\/uploads\/2020\/09\/dd4d3b48-4bd0-4abe-95d4-b9e85c54bacb-600x400.jpg 600w\" sizes=\"(max-width: 1170px) 100vw, 1170px\" \/> <img loading=\"lazy\" decoding=\"async\" class=\"aligncenter wp-image-10603 size-full\" src=\"https:\/\/graphimarket.com\/wp-content\/uploads\/2020\/09\/ddc98ca9-f214-4fcf-b2f1-5f2c2366183a.jpg\" alt=\"\" width=\"1170\" height=\"780\" srcset=\"https:\/\/graphimarket.com\/wp-content\/uploads\/2020\/09\/ddc98ca9-f214-4fcf-b2f1-5f2c2366183a.jpg 1170w, https:\/\/graphimarket.com\/wp-content\/uploads\/2020\/09\/ddc98ca9-f214-4fcf-b2f1-5f2c2366183a-300x200.jpg 300w, https:\/\/graphimarket.com\/wp-content\/uploads\/2020\/09\/ddc98ca9-f214-4fcf-b2f1-5f2c2366183a-1024x683.jpg 1024w, https:\/\/graphimarket.com\/wp-content\/uploads\/2020\/09\/ddc98ca9-f214-4fcf-b2f1-5f2c2366183a-768x512.jpg 768w, https:\/\/graphimarket.com\/wp-content\/uploads\/2020\/09\/ddc98ca9-f214-4fcf-b2f1-5f2c2366183a-600x400.jpg 600w\" sizes=\"(max-width: 1170px) 100vw, 1170px\" \/> <img loading=\"lazy\" decoding=\"async\" class=\"aligncenter wp-image-10604 size-full\" src=\"https:\/\/graphimarket.com\/wp-content\/uploads\/2020\/09\/f81a1713-344a-42fd-8e20-8f1f4fb9e46d.jpg\" alt=\"\" width=\"1019\" height=\"679\" srcset=\"https:\/\/graphimarket.com\/wp-content\/uploads\/2020\/09\/f81a1713-344a-42fd-8e20-8f1f4fb9e46d.jpg 1019w, https:\/\/graphimarket.com\/wp-content\/uploads\/2020\/09\/f81a1713-344a-42fd-8e20-8f1f4fb9e46d-300x200.jpg 300w, https:\/\/graphimarket.com\/wp-content\/uploads\/2020\/09\/f81a1713-344a-42fd-8e20-8f1f4fb9e46d-768x512.jpg 768w, https:\/\/graphimarket.com\/wp-content\/uploads\/2020\/09\/f81a1713-344a-42fd-8e20-8f1f4fb9e46d-600x400.jpg 600w\" sizes=\"(max-width: 1019px) 100vw, 1019px\" \/> <img loading=\"lazy\" decoding=\"async\" class=\"aligncenter wp-image-10605 size-full\" src=\"https:\/\/graphimarket.com\/wp-content\/uploads\/2020\/09\/5c6599c0-a793-4699-a9c8-1d343c14449f.jpg\" alt=\"\" width=\"1170\" height=\"780\" srcset=\"https:\/\/graphimarket.com\/wp-content\/uploads\/2020\/09\/5c6599c0-a793-4699-a9c8-1d343c14449f.jpg 1170w, https:\/\/graphimarket.com\/wp-content\/uploads\/2020\/09\/5c6599c0-a793-4699-a9c8-1d343c14449f-300x200.jpg 300w, https:\/\/graphimarket.com\/wp-content\/uploads\/2020\/09\/5c6599c0-a793-4699-a9c8-1d343c14449f-1024x683.jpg 1024w, https:\/\/graphimarket.com\/wp-content\/uploads\/2020\/09\/5c6599c0-a793-4699-a9c8-1d343c14449f-768x512.jpg 768w, https:\/\/graphimarket.com\/wp-content\/uploads\/2020\/09\/5c6599c0-a793-4699-a9c8-1d343c14449f-600x400.jpg 600w\" sizes=\"(max-width: 1170px) 100vw, 1170px\" \/> <img loading=\"lazy\" decoding=\"async\" class=\"aligncenter wp-image-10606 size-full\" src=\"https:\/\/graphimarket.com\/wp-content\/uploads\/2020\/09\/72db9abe-7c0e-40bc-a11d-087f4e25b0d4.jpg\" alt=\"\" width=\"1170\" height=\"780\" srcset=\"https:\/\/graphimarket.com\/wp-content\/uploads\/2020\/09\/72db9abe-7c0e-40bc-a11d-087f4e25b0d4.jpg 1170w, https:\/\/graphimarket.com\/wp-content\/uploads\/2020\/09\/72db9abe-7c0e-40bc-a11d-087f4e25b0d4-300x200.jpg 300w, https:\/\/graphimarket.com\/wp-content\/uploads\/2020\/09\/72db9abe-7c0e-40bc-a11d-087f4e25b0d4-1024x683.jpg 1024w, https:\/\/graphimarket.com\/wp-content\/uploads\/2020\/09\/72db9abe-7c0e-40bc-a11d-087f4e25b0d4-768x512.jpg 768w, https:\/\/graphimarket.com\/wp-content\/uploads\/2020\/09\/72db9abe-7c0e-40bc-a11d-087f4e25b0d4-600x400.jpg 600w\" sizes=\"(max-width: 1170px) 100vw, 1170px\" \/><\/p>","protected":false},"excerpt":{"rendered":"<p>Say hi to\u00a0Holloway Typeface!\u00a0We&#8217;re back with one of a kind product that will fulfill your needs for your design project, branding, apparel, etc. Holloway typeface is a unique monoline serif font that have swashes as the main feature. Just play around and see for yourself! This typeface is include a set of logopack and monoline [&hellip;]<\/p>\n","protected":false},"featured_media":10604,"comment_status":"open","ping_status":"closed","template":"","meta":{"site-sidebar-layout":"default","site-content-layout":"default","ast-site-content-layout":"default","site-content-style":"default","site-sidebar-style":"default","ast-global-header-display":"","ast-banner-title-visibility":"","ast-main-header-display":"","ast-hfb-above-header-display":"","ast-hfb-below-header-display":"","ast-hfb-mobile-header-display":"","site-post-title":"","ast-breadcrumbs-content":"","ast-featured-img":"","footer-sml-layout":"","ast-disable-related-posts":"","theme-transparent-header-meta":"default","adv-header-id-meta":"","stick-header-meta":"","header-above-stick-meta":"","header-main-stick-meta":"","header-below-stick-meta":"","astra-migrate-meta-layouts":"default","ast-page-background-enabled":"default","ast-page-background-meta":{"desktop":{"background-color":"","background-image":"","background-repeat":"repeat","background-position":"center center","background-size":"auto","background-attachment":"scroll","background-type":"","background-media":"","overlay-type":"","overlay-color":"","overlay-opacity":"","overlay-gradient":""},"tablet":{"background-color":"","background-image":"","background-repeat":"repeat","background-position":"center center","background-size":"auto","background-attachment":"scroll","background-type":"","background-media":"","overlay-type":"","overlay-color":"","overlay-opacity":"","overlay-gradient":""},"mobile":{"background-color":"","background-image":"","background-repeat":"repeat","background-position":"center center","background-size":"auto","background-attachment":"scroll","background-type":"","background-media":"","overlay-type":"","overlay-color":"","overlay-opacity":"","overlay-gradient":""}},"ast-content-background-meta":{"desktop":{"background-color":"var(--ast-global-color-5)","background-image":"","background-repeat":"repeat","background-position":"center center","background-size":"auto","background-attachment":"scroll","background-type":"","background-media":"","overlay-type":"","overlay-color":"","overlay-opacity":"","overlay-gradient":""},"tablet":{"background-color":"var(--ast-global-color-5)","background-image":"","background-repeat":"repeat","background-position":"center center","background-size":"auto","background-attachment":"scroll","background-type":"","background-media":"","overlay-type":"","overlay-color":"","overlay-opacity":"","overlay-gradient":""},"mobile":{"background-color":"var(--ast-global-color-5)","background-image":"","background-repeat":"repeat","background-position":"center center","background-size":"auto","background-attachment":"scroll","background-type":"","background-media":"","overlay-type":"","overlay-color":"","overlay-opacity":"","overlay-gradient":""}}},"product_brand":[],"product_cat":[187],"product_tag":[1117,1118,702,345,577,354,278,826,297,1116,779,631,1108],"class_list":{"0":"post-10597","1":"product","2":"type-product","3":"status-publish","4":"has-post-thumbnail","6":"product_cat-fonts","7":"product_tag-adventure","8":"product_tag-bonus","9":"product_tag-branding","10":"product_tag-clean","11":"product_tag-display","12":"product_tag-hipster","13":"product_tag-illustration","14":"product_tag-label","15":"product_tag-logo","16":"product_tag-monoline","17":"product_tag-packaging","18":"product_tag-rough","19":"product_tag-serif","20":"desktop-align-left","21":"tablet-align-left","22":"mobile-align-left","24":"first","25":"instock","26":"downloadable","27":"virtual","28":"taxable","29":"purchasable","30":"product-type-simple"},"yoast_head":"<!-- This site is optimized with the Yoast SEO plugin v27.3 - https:\/\/yoast.com\/product\/yoast-seo-wordpress\/ -->\n<title>The Holloway Typeface + EXTRAS - Graphimarket<\/title>\n<meta name=\"description\" content=\"Say hi to\u00a0Holloway Typeface!\u00a0We&#039;re back with one of a kind product that will fulfill your needs for your design project, branding, apparel.. .\" \/>\n<meta name=\"robots\" content=\"index, follow, max-snippet:-1, max-image-preview:large, max-video-preview:-1\" \/>\n<link rel=\"canonical\" href=\"https:\/\/graphimarket.com\/it\/prodotto\/the-holloway-typeface-extras\/\" \/>\n<meta property=\"og:locale\" content=\"it_IT\" \/>\n<meta property=\"og:type\" content=\"article\" \/>\n<meta property=\"og:title\" content=\"The Holloway Typeface + EXTRAS - Graphimarket\" \/>\n<meta property=\"og:description\" content=\"Say hi to\u00a0Holloway Typeface!\u00a0We&#039;re back with one of a kind product that will fulfill your needs for your design project, branding, apparel.. .\" \/>\n<meta property=\"og:url\" content=\"https:\/\/graphimarket.com\/it\/prodotto\/the-holloway-typeface-extras\/\" \/>\n<meta property=\"og:site_name\" content=\"Graphimarket\" \/>\n<meta property=\"article:modified_time\" content=\"2022-12-19T09:11:56+00:00\" \/>\n<meta property=\"og:image\" content=\"https:\/\/graphimarket.com\/wp-content\/uploads\/2020\/09\/f81a1713-344a-42fd-8e20-8f1f4fb9e46d.jpg\" \/>\n\t<meta property=\"og:image:width\" content=\"1019\" \/>\n\t<meta property=\"og:image:height\" content=\"679\" \/>\n\t<meta property=\"og:image:type\" content=\"image\/jpeg\" \/>\n<meta name=\"twitter:card\" content=\"summary_large_image\" \/>\n<script type=\"application\/ld+json\" class=\"yoast-schema-graph\">{\"@context\":\"https:\\\/\\\/schema.org\",\"@graph\":[{\"@type\":\"WebPage\",\"@id\":\"https:\\\/\\\/graphimarket.com\\\/product\\\/the-holloway-typeface-extras\\\/\",\"url\":\"https:\\\/\\\/graphimarket.com\\\/product\\\/the-holloway-typeface-extras\\\/\",\"name\":\"The Holloway Typeface + EXTRAS - Graphimarket\",\"isPartOf\":{\"@id\":\"https:\\\/\\\/graphimarket.com\\\/fr\\\/#website\"},\"primaryImageOfPage\":{\"@id\":\"https:\\\/\\\/graphimarket.com\\\/product\\\/the-holloway-typeface-extras\\\/#primaryimage\"},\"image\":{\"@id\":\"https:\\\/\\\/graphimarket.com\\\/product\\\/the-holloway-typeface-extras\\\/#primaryimage\"},\"thumbnailUrl\":\"https:\\\/\\\/graphimarket.com\\\/wp-content\\\/uploads\\\/2020\\\/09\\\/f81a1713-344a-42fd-8e20-8f1f4fb9e46d.jpg\",\"datePublished\":\"2020-09-18T13:56:47+00:00\",\"dateModified\":\"2022-12-19T09:11:56+00:00\",\"description\":\"Say hi to\u00a0Holloway Typeface!\u00a0We're back with one of a kind product that will fulfill your needs for your design project, branding, apparel.. .\",\"breadcrumb\":{\"@id\":\"https:\\\/\\\/graphimarket.com\\\/product\\\/the-holloway-typeface-extras\\\/#breadcrumb\"},\"inLanguage\":\"it-IT\",\"potentialAction\":[{\"@type\":\"ReadAction\",\"target\":[\"https:\\\/\\\/graphimarket.com\\\/product\\\/the-holloway-typeface-extras\\\/\"]}]},{\"@type\":\"ImageObject\",\"inLanguage\":\"it-IT\",\"@id\":\"https:\\\/\\\/graphimarket.com\\\/product\\\/the-holloway-typeface-extras\\\/#primaryimage\",\"url\":\"https:\\\/\\\/graphimarket.com\\\/wp-content\\\/uploads\\\/2020\\\/09\\\/f81a1713-344a-42fd-8e20-8f1f4fb9e46d.jpg\",\"contentUrl\":\"https:\\\/\\\/graphimarket.com\\\/wp-content\\\/uploads\\\/2020\\\/09\\\/f81a1713-344a-42fd-8e20-8f1f4fb9e46d.jpg\",\"width\":1019,\"height\":679},{\"@type\":\"BreadcrumbList\",\"@id\":\"https:\\\/\\\/graphimarket.com\\\/product\\\/the-holloway-typeface-extras\\\/#breadcrumb\",\"itemListElement\":[{\"@type\":\"ListItem\",\"position\":1,\"name\":\"Home\",\"item\":\"https:\\\/\\\/graphimarket.com\\\/es\\\/\"},{\"@type\":\"ListItem\",\"position\":2,\"name\":\"Store\",\"item\":\"https:\\\/\\\/graphimarket.com\\\/store\\\/\"},{\"@type\":\"ListItem\",\"position\":3,\"name\":\"The Holloway Typeface + EXTRAS\"}]},{\"@type\":\"WebSite\",\"@id\":\"https:\\\/\\\/graphimarket.com\\\/fr\\\/#website\",\"url\":\"https:\\\/\\\/graphimarket.com\\\/fr\\\/\",\"name\":\"Graphimarket\",\"description\":\"Find the perfect creative asset to bring your project to life\",\"publisher\":{\"@id\":\"https:\\\/\\\/graphimarket.com\\\/fr\\\/#organization\"},\"potentialAction\":[{\"@type\":\"SearchAction\",\"target\":{\"@type\":\"EntryPoint\",\"urlTemplate\":\"https:\\\/\\\/graphimarket.com\\\/fr\\\/?s={search_term_string}\"},\"query-input\":{\"@type\":\"PropertyValueSpecification\",\"valueRequired\":true,\"valueName\":\"search_term_string\"}}],\"inLanguage\":\"it-IT\"},{\"@type\":\"Organization\",\"@id\":\"https:\\\/\\\/graphimarket.com\\\/fr\\\/#organization\",\"name\":\"Graphimarket\",\"url\":\"https:\\\/\\\/graphimarket.com\\\/fr\\\/\",\"logo\":{\"@type\":\"ImageObject\",\"inLanguage\":\"it-IT\",\"@id\":\"https:\\\/\\\/graphimarket.com\\\/fr\\\/#\\\/schema\\\/logo\\\/image\\\/\",\"url\":\"https:\\\/\\\/graphimarket.com\\\/wp-content\\\/uploads\\\/2020\\\/08\\\/logo-48.png\",\"contentUrl\":\"https:\\\/\\\/graphimarket.com\\\/wp-content\\\/uploads\\\/2020\\\/08\\\/logo-48.png\",\"width\":132,\"height\":48,\"caption\":\"Graphimarket\"},\"image\":{\"@id\":\"https:\\\/\\\/graphimarket.com\\\/fr\\\/#\\\/schema\\\/logo\\\/image\\\/\"}}]}<\/script>\n<!-- \/ Yoast SEO plugin. -->","yoast_head_json":{"title":"The Holloway Typeface + EXTRAS - Graphimarket","description":"Say hi to\u00a0Holloway Typeface!\u00a0We're back with one of a kind product that will fulfill your needs for your design project, branding, apparel.. .","robots":{"index":"index","follow":"follow","max-snippet":"max-snippet:-1","max-image-preview":"max-image-preview:large","max-video-preview":"max-video-preview:-1"},"canonical":"https:\/\/graphimarket.com\/it\/prodotto\/the-holloway-typeface-extras\/","og_locale":"it_IT","og_type":"article","og_title":"The Holloway Typeface + EXTRAS - Graphimarket","og_description":"Say hi to\u00a0Holloway Typeface!\u00a0We're back with one of a kind product that will fulfill your needs for your design project, branding, apparel.. .","og_url":"https:\/\/graphimarket.com\/it\/prodotto\/the-holloway-typeface-extras\/","og_site_name":"Graphimarket","article_modified_time":"2022-12-19T09:11:56+00:00","og_image":[{"width":1019,"height":679,"url":"https:\/\/graphimarket.com\/wp-content\/uploads\/2020\/09\/f81a1713-344a-42fd-8e20-8f1f4fb9e46d.jpg","type":"image\/jpeg"}],"twitter_card":"summary_large_image","schema":{"@context":"https:\/\/schema.org","@graph":[{"@type":"WebPage","@id":"https:\/\/graphimarket.com\/product\/the-holloway-typeface-extras\/","url":"https:\/\/graphimarket.com\/product\/the-holloway-typeface-extras\/","name":"The Holloway Typeface + EXTRAS - Graphimarket","isPartOf":{"@id":"https:\/\/graphimarket.com\/fr\/#website"},"primaryImageOfPage":{"@id":"https:\/\/graphimarket.com\/product\/the-holloway-typeface-extras\/#primaryimage"},"image":{"@id":"https:\/\/graphimarket.com\/product\/the-holloway-typeface-extras\/#primaryimage"},"thumbnailUrl":"https:\/\/graphimarket.com\/wp-content\/uploads\/2020\/09\/f81a1713-344a-42fd-8e20-8f1f4fb9e46d.jpg","datePublished":"2020-09-18T13:56:47+00:00","dateModified":"2022-12-19T09:11:56+00:00","description":"Say hi to\u00a0Holloway Typeface!\u00a0We're back with one of a kind product that will fulfill your needs for your design project, branding, apparel.. .","breadcrumb":{"@id":"https:\/\/graphimarket.com\/product\/the-holloway-typeface-extras\/#breadcrumb"},"inLanguage":"it-IT","potentialAction":[{"@type":"ReadAction","target":["https:\/\/graphimarket.com\/product\/the-holloway-typeface-extras\/"]}]},{"@type":"ImageObject","inLanguage":"it-IT","@id":"https:\/\/graphimarket.com\/product\/the-holloway-typeface-extras\/#primaryimage","url":"https:\/\/graphimarket.com\/wp-content\/uploads\/2020\/09\/f81a1713-344a-42fd-8e20-8f1f4fb9e46d.jpg","contentUrl":"https:\/\/graphimarket.com\/wp-content\/uploads\/2020\/09\/f81a1713-344a-42fd-8e20-8f1f4fb9e46d.jpg","width":1019,"height":679},{"@type":"BreadcrumbList","@id":"https:\/\/graphimarket.com\/product\/the-holloway-typeface-extras\/#breadcrumb","itemListElement":[{"@type":"ListItem","position":1,"name":"Home","item":"https:\/\/graphimarket.com\/es\/"},{"@type":"ListItem","position":2,"name":"Store","item":"https:\/\/graphimarket.com\/store\/"},{"@type":"ListItem","position":3,"name":"The Holloway Typeface + EXTRAS"}]},{"@type":"WebSite","@id":"https:\/\/graphimarket.com\/fr\/#website","url":"https:\/\/graphimarket.com\/fr\/","name":"Graphimarket","description":"Trova la risorsa creativa perfetta per dare vita al tuo progetto","publisher":{"@id":"https:\/\/graphimarket.com\/fr\/#organization"},"potentialAction":[{"@type":"SearchAction","target":{"@type":"EntryPoint","urlTemplate":"https:\/\/graphimarket.com\/fr\/?s={search_term_string}"},"query-input":{"@type":"PropertyValueSpecification","valueRequired":true,"valueName":"search_term_string"}}],"inLanguage":"it-IT"},{"@type":"Organization","@id":"https:\/\/graphimarket.com\/fr\/#organization","name":"Graphimarket","url":"https:\/\/graphimarket.com\/fr\/","logo":{"@type":"ImageObject","inLanguage":"it-IT","@id":"https:\/\/graphimarket.com\/fr\/#\/schema\/logo\/image\/","url":"https:\/\/graphimarket.com\/wp-content\/uploads\/2020\/08\/logo-48.png","contentUrl":"https:\/\/graphimarket.com\/wp-content\/uploads\/2020\/08\/logo-48.png","width":132,"height":48,"caption":"Graphimarket"},"image":{"@id":"https:\/\/graphimarket.com\/fr\/#\/schema\/logo\/image\/"}}]}},"_links":{"self":[{"href":"http:\/\/graphimarket.com\/it\/wp-json\/wp\/v2\/product\/10597","targetHints":{"allow":["GET"]}}],"collection":[{"href":"http:\/\/graphimarket.com\/it\/wp-json\/wp\/v2\/product"}],"about":[{"href":"http:\/\/graphimarket.com\/it\/wp-json\/wp\/v2\/types\/product"}],"replies":[{"embeddable":true,"href":"http:\/\/graphimarket.com\/it\/wp-json\/wp\/v2\/comments?post=10597"}],"version-history":[{"count":0,"href":"http:\/\/graphimarket.com\/it\/wp-json\/wp\/v2\/product\/10597\/revisions"}],"wp:featuredmedia":[{"embeddable":true,"href":"http:\/\/graphimarket.com\/it\/wp-json\/wp\/v2\/media\/10604"}],"wp:attachment":[{"href":"http:\/\/graphimarket.com\/it\/wp-json\/wp\/v2\/media?parent=10597"}],"wp:term":[{"taxonomy":"product_brand","embeddable":true,"href":"http:\/\/graphimarket.com\/it\/wp-json\/wp\/v2\/product_brand?post=10597"},{"taxonomy":"product_cat","embeddable":true,"href":"http:\/\/graphimarket.com\/it\/wp-json\/wp\/v2\/product_cat?post=10597"},{"taxonomy":"product_tag","embeddable":true,"href":"http:\/\/graphimarket.com\/it\/wp-json\/wp\/v2\/product_tag?post=10597"}],"curies":[{"name":"wp","href":"https:\/\/api.w.org\/{rel}","templated":true}]}}