{"id":11464,"date":"2020-09-28T17:37:58","date_gmt":"2020-09-28T15:37:58","guid":{"rendered":"https:\/\/graphimarket.com\/?post_type=product&#038;p=11464"},"modified":"2022-12-19T09:52:46","modified_gmt":"2022-12-19T08:52:46","slug":"cross-processing-25-lightroom-presets","status":"publish","type":"product","link":"http:\/\/graphimarket.com\/it\/prodotto\/cross-processing-25-lightroom-presets\/","title":{"rendered":"Cross Processing - 25 preset di Lightroom"},"content":{"rendered":"<div class=\"_2Masz2rr\">\n<p><strong>Cos&#039;\u00e8 il Cross Processing?<\/strong><br \/>\nNella fotografia analogica il cross-processing \u00e8 la procedura per sviluppare deliberatamente un tipo di pellicola in una soluzione chimica destinata a un altro tipo di pellicola.<\/p>\n<p>Poich\u00e9 particolari soluzioni chimiche sono ottimizzate per specifici tipi di film, si ottengono risultati imprevedibili e interessanti quando vengono combinati in modo diverso.<\/p>\n<p>Nell&#039;era digitale puoi facilmente ottenere questi risultati sorprendenti con Adobe Lightroom e ottenere un controllo molto maggiore sul processo, meglio di un buon laboratorio fotografico professionale.<\/p>\n<p>A tal fine offriamo i nostri migliori preset per elaborare le tue foto utilizzando Adobe Lightroom.<\/p>\n<p>Ciascuna delle preimpostazioni nei nostri prodotti \u00e8 stata accuratamente studiata per garantire che le tue foto siano immediatamente sorprendenti.<\/p>\n<p>Tutti i nostri preset sono 100% non distruttivi e funzionano su foto con qualsiasi stile di illuminazione.<\/p>\n<p><strong>All&#039;interno della confezione<\/strong><br \/>\n#25 .lrtemplate file<br \/>\n#1 Guida utente \\<\/p>\n<p><strong>Compatibilit\u00e0 con Lightroom<\/strong><br \/>\nI nostri preset Lightroom sono stati testati con successo con Adobe Lightroom 4, 5, 6 e Creative Cloud<\/p>\n<p><strong>Compatibilit\u00e0 delle fonti<\/strong><br \/>\nQuesti preset sono stati progettati per essere utilizzati con i seguenti tipi di file: RAW, JPG, PNG, CR2, DNG.<\/p>\n<p><strong>Chi siamo<\/strong><br \/>\nSiamo prima di tutto fotografi. Siamo cos\u00ec orgogliosi della qualit\u00e0 dei nostri preset perch\u00e9 li abbiamo creati per semplificare il nostro flusso di lavoro, migliorare le nostre foto e ottenere il meglio da ogni scatto!<\/p>\n<\/div>\n<p>&nbsp;<\/p>\n<p><img fetchpriority=\"high\" decoding=\"async\" class=\"aligncenter wp-image-11465 size-full\" src=\"https:\/\/graphimarket.com\/wp-content\/uploads\/2020\/09\/abd336ba-6f80-43bf-889a-cd195080ac80.jpg\" alt=\"\" width=\"1170\" height=\"780\" srcset=\"https:\/\/graphimarket.com\/wp-content\/uploads\/2020\/09\/abd336ba-6f80-43bf-889a-cd195080ac80.jpg 1170w, https:\/\/graphimarket.com\/wp-content\/uploads\/2020\/09\/abd336ba-6f80-43bf-889a-cd195080ac80-300x200.jpg 300w, https:\/\/graphimarket.com\/wp-content\/uploads\/2020\/09\/abd336ba-6f80-43bf-889a-cd195080ac80-1024x683.jpg 1024w, https:\/\/graphimarket.com\/wp-content\/uploads\/2020\/09\/abd336ba-6f80-43bf-889a-cd195080ac80-768x512.jpg 768w, https:\/\/graphimarket.com\/wp-content\/uploads\/2020\/09\/abd336ba-6f80-43bf-889a-cd195080ac80-600x400.jpg 600w\" sizes=\"(max-width: 1170px) 100vw, 1170px\" \/> <img decoding=\"async\" class=\"aligncenter wp-image-11466 size-full\" src=\"https:\/\/graphimarket.com\/wp-content\/uploads\/2020\/09\/ce2e0050-e60f-412f-8e3e-2ff6bbf070b7.jpg\" alt=\"\" width=\"1170\" height=\"780\" srcset=\"https:\/\/graphimarket.com\/wp-content\/uploads\/2020\/09\/ce2e0050-e60f-412f-8e3e-2ff6bbf070b7.jpg 1170w, https:\/\/graphimarket.com\/wp-content\/uploads\/2020\/09\/ce2e0050-e60f-412f-8e3e-2ff6bbf070b7-300x200.jpg 300w, https:\/\/graphimarket.com\/wp-content\/uploads\/2020\/09\/ce2e0050-e60f-412f-8e3e-2ff6bbf070b7-1024x683.jpg 1024w, https:\/\/graphimarket.com\/wp-content\/uploads\/2020\/09\/ce2e0050-e60f-412f-8e3e-2ff6bbf070b7-768x512.jpg 768w, https:\/\/graphimarket.com\/wp-content\/uploads\/2020\/09\/ce2e0050-e60f-412f-8e3e-2ff6bbf070b7-600x400.jpg 600w\" sizes=\"(max-width: 1170px) 100vw, 1170px\" \/> <img decoding=\"async\" class=\"aligncenter wp-image-11467 size-full\" src=\"https:\/\/graphimarket.com\/wp-content\/uploads\/2020\/09\/4b566962-8836-4a45-a1b7-96769dd17ee1.jpg\" alt=\"\" width=\"1170\" height=\"780\" srcset=\"https:\/\/graphimarket.com\/wp-content\/uploads\/2020\/09\/4b566962-8836-4a45-a1b7-96769dd17ee1.jpg 1170w, https:\/\/graphimarket.com\/wp-content\/uploads\/2020\/09\/4b566962-8836-4a45-a1b7-96769dd17ee1-300x200.jpg 300w, https:\/\/graphimarket.com\/wp-content\/uploads\/2020\/09\/4b566962-8836-4a45-a1b7-96769dd17ee1-1024x683.jpg 1024w, https:\/\/graphimarket.com\/wp-content\/uploads\/2020\/09\/4b566962-8836-4a45-a1b7-96769dd17ee1-768x512.jpg 768w, https:\/\/graphimarket.com\/wp-content\/uploads\/2020\/09\/4b566962-8836-4a45-a1b7-96769dd17ee1-600x400.jpg 600w\" sizes=\"(max-width: 1170px) 100vw, 1170px\" \/> <img loading=\"lazy\" decoding=\"async\" class=\"aligncenter wp-image-11468 size-full\" src=\"https:\/\/graphimarket.com\/wp-content\/uploads\/2020\/09\/6e8bd67f-b95b-4b6f-bb3c-76d9ad1003d8.jpg\" alt=\"\" width=\"1170\" height=\"780\" srcset=\"https:\/\/graphimarket.com\/wp-content\/uploads\/2020\/09\/6e8bd67f-b95b-4b6f-bb3c-76d9ad1003d8.jpg 1170w, https:\/\/graphimarket.com\/wp-content\/uploads\/2020\/09\/6e8bd67f-b95b-4b6f-bb3c-76d9ad1003d8-300x200.jpg 300w, https:\/\/graphimarket.com\/wp-content\/uploads\/2020\/09\/6e8bd67f-b95b-4b6f-bb3c-76d9ad1003d8-1024x683.jpg 1024w, https:\/\/graphimarket.com\/wp-content\/uploads\/2020\/09\/6e8bd67f-b95b-4b6f-bb3c-76d9ad1003d8-768x512.jpg 768w, https:\/\/graphimarket.com\/wp-content\/uploads\/2020\/09\/6e8bd67f-b95b-4b6f-bb3c-76d9ad1003d8-600x400.jpg 600w\" sizes=\"(max-width: 1170px) 100vw, 1170px\" \/> <img loading=\"lazy\" decoding=\"async\" class=\"aligncenter wp-image-11469 size-full\" src=\"https:\/\/graphimarket.com\/wp-content\/uploads\/2020\/09\/96c3943a-625d-4b8d-bb6b-49b36034d985.jpg\" alt=\"\" width=\"1170\" height=\"780\" srcset=\"https:\/\/graphimarket.com\/wp-content\/uploads\/2020\/09\/96c3943a-625d-4b8d-bb6b-49b36034d985.jpg 1170w, https:\/\/graphimarket.com\/wp-content\/uploads\/2020\/09\/96c3943a-625d-4b8d-bb6b-49b36034d985-300x200.jpg 300w, https:\/\/graphimarket.com\/wp-content\/uploads\/2020\/09\/96c3943a-625d-4b8d-bb6b-49b36034d985-1024x683.jpg 1024w, https:\/\/graphimarket.com\/wp-content\/uploads\/2020\/09\/96c3943a-625d-4b8d-bb6b-49b36034d985-768x512.jpg 768w, https:\/\/graphimarket.com\/wp-content\/uploads\/2020\/09\/96c3943a-625d-4b8d-bb6b-49b36034d985-600x400.jpg 600w\" sizes=\"(max-width: 1170px) 100vw, 1170px\" \/> <img loading=\"lazy\" decoding=\"async\" class=\"aligncenter wp-image-11470 size-full\" src=\"https:\/\/graphimarket.com\/wp-content\/uploads\/2020\/09\/689e59a0-ed6e-4ff8-ba38-e5d4c2e98d76.jpg\" alt=\"\" width=\"1170\" height=\"780\" srcset=\"https:\/\/graphimarket.com\/wp-content\/uploads\/2020\/09\/689e59a0-ed6e-4ff8-ba38-e5d4c2e98d76.jpg 1170w, https:\/\/graphimarket.com\/wp-content\/uploads\/2020\/09\/689e59a0-ed6e-4ff8-ba38-e5d4c2e98d76-300x200.jpg 300w, https:\/\/graphimarket.com\/wp-content\/uploads\/2020\/09\/689e59a0-ed6e-4ff8-ba38-e5d4c2e98d76-1024x683.jpg 1024w, https:\/\/graphimarket.com\/wp-content\/uploads\/2020\/09\/689e59a0-ed6e-4ff8-ba38-e5d4c2e98d76-768x512.jpg 768w, https:\/\/graphimarket.com\/wp-content\/uploads\/2020\/09\/689e59a0-ed6e-4ff8-ba38-e5d4c2e98d76-600x400.jpg 600w\" sizes=\"(max-width: 1170px) 100vw, 1170px\" \/><\/p>\n<div class=\"_3YqMOf9R\">\n<div class=\"_3KAa4-GZ frEFeDSS\"><\/div>\n<\/div>","protected":false},"excerpt":{"rendered":"<p>What is Cross Processing? In analog photography Cross-processing is the procedure of deliberately develop one type of film in a chemical solution intended for another type of film. As particular chemical solutions are optimized for specific kinds of film, you will get unpredictable and interesting results when they are combined differently. In the digital era [&hellip;]<\/p>\n","protected":false},"featured_media":11466,"comment_status":"open","ping_status":"closed","template":"","meta":{"site-sidebar-layout":"default","site-content-layout":"default","ast-site-content-layout":"default","site-content-style":"default","site-sidebar-style":"default","ast-global-header-display":"","ast-banner-title-visibility":"","ast-main-header-display":"","ast-hfb-above-header-display":"","ast-hfb-below-header-display":"","ast-hfb-mobile-header-display":"","site-post-title":"","ast-breadcrumbs-content":"","ast-featured-img":"","footer-sml-layout":"","ast-disable-related-posts":"","theme-transparent-header-meta":"default","adv-header-id-meta":"","stick-header-meta":"","header-above-stick-meta":"","header-main-stick-meta":"","header-below-stick-meta":"","astra-migrate-meta-layouts":"default","ast-page-background-enabled":"default","ast-page-background-meta":{"desktop":{"background-color":"","background-image":"","background-repeat":"repeat","background-position":"center center","background-size":"auto","background-attachment":"scroll","background-type":"","background-media":"","overlay-type":"","overlay-color":"","overlay-opacity":"","overlay-gradient":""},"tablet":{"background-color":"","background-image":"","background-repeat":"repeat","background-position":"center center","background-size":"auto","background-attachment":"scroll","background-type":"","background-media":"","overlay-type":"","overlay-color":"","overlay-opacity":"","overlay-gradient":""},"mobile":{"background-color":"","background-image":"","background-repeat":"repeat","background-position":"center center","background-size":"auto","background-attachment":"scroll","background-type":"","background-media":"","overlay-type":"","overlay-color":"","overlay-opacity":"","overlay-gradient":""}},"ast-content-background-meta":{"desktop":{"background-color":"var(--ast-global-color-5)","background-image":"","background-repeat":"repeat","background-position":"center center","background-size":"auto","background-attachment":"scroll","background-type":"","background-media":"","overlay-type":"","overlay-color":"","overlay-opacity":"","overlay-gradient":""},"tablet":{"background-color":"var(--ast-global-color-5)","background-image":"","background-repeat":"repeat","background-position":"center center","background-size":"auto","background-attachment":"scroll","background-type":"","background-media":"","overlay-type":"","overlay-color":"","overlay-opacity":"","overlay-gradient":""},"mobile":{"background-color":"var(--ast-global-color-5)","background-image":"","background-repeat":"repeat","background-position":"center center","background-size":"auto","background-attachment":"scroll","background-type":"","background-media":"","overlay-type":"","overlay-color":"","overlay-opacity":"","overlay-gradient":""}}},"product_brand":[],"product_cat":[131],"product_tag":[661,396,352,1399,320,334,283,335,261,318,353,1397,277,276,1398],"class_list":{"0":"post-11464","1":"product","2":"type-product","3":"status-publish","4":"has-post-thumbnail","6":"product_cat-lightroom-preset","7":"product_tag-analog","8":"product_tag-camera","9":"product_tag-cross","10":"product_tag-emulsion","11":"product_tag-film","12":"product_tag-leaks","13":"product_tag-light","14":"product_tag-lightroom","15":"product_tag-look","16":"product_tag-presets","17":"product_tag-process","18":"product_tag-processing","19":"product_tag-retro","20":"product_tag-vintage","21":"product_tag-yellow","22":"desktop-align-left","23":"tablet-align-left","24":"mobile-align-left","26":"first","27":"instock","28":"downloadable","29":"virtual","30":"taxable","31":"purchasable","32":"product-type-simple"},"yoast_head":"<!-- This site is optimized with the Yoast SEO plugin v27.3 - https:\/\/yoast.com\/product\/yoast-seo-wordpress\/ -->\n<title>Cross Processing - 25 Lightroom Presets - Graphimarket<\/title>\n<meta name=\"description\" content=\"In analog photography Cross-processing is the procedure of deliberately develop one type of film in a chemical solution intended...\" \/>\n<meta name=\"robots\" content=\"index, follow, max-snippet:-1, max-image-preview:large, max-video-preview:-1\" \/>\n<link rel=\"canonical\" href=\"http:\/\/graphimarket.com\/it\/prodotto\/cross-processing-25-lightroom-presets\/\" \/>\n<meta property=\"og:locale\" content=\"it_IT\" \/>\n<meta property=\"og:type\" content=\"article\" \/>\n<meta property=\"og:title\" content=\"Cross Processing - 25 Lightroom Presets - Graphimarket\" \/>\n<meta property=\"og:description\" content=\"In analog photography Cross-processing is the procedure of deliberately develop one type of film in a chemical solution intended...\" \/>\n<meta property=\"og:url\" content=\"http:\/\/graphimarket.com\/it\/prodotto\/cross-processing-25-lightroom-presets\/\" \/>\n<meta property=\"og:site_name\" content=\"Graphimarket\" \/>\n<meta property=\"article:modified_time\" content=\"2022-12-19T08:52:46+00:00\" \/>\n<meta property=\"og:image\" content=\"https:\/\/graphimarket.com\/wp-content\/uploads\/2020\/09\/ce2e0050-e60f-412f-8e3e-2ff6bbf070b7.jpg\" \/>\n\t<meta property=\"og:image:width\" content=\"1170\" \/>\n\t<meta property=\"og:image:height\" content=\"780\" \/>\n\t<meta property=\"og:image:type\" content=\"image\/jpeg\" \/>\n<meta name=\"twitter:card\" content=\"summary_large_image\" \/>\n<meta name=\"twitter:label1\" content=\"Tempo di lettura stimato\" \/>\n\t<meta name=\"twitter:data1\" content=\"1 minuto\" \/>\n<script type=\"application\/ld+json\" class=\"yoast-schema-graph\">{\"@context\":\"https:\\\/\\\/schema.org\",\"@graph\":[{\"@type\":\"WebPage\",\"@id\":\"http:\\\/\\\/graphimarket.com\\\/it\\\/prodotto\\\/cross-processing-25-lightroom-presets\\\/\",\"url\":\"http:\\\/\\\/graphimarket.com\\\/it\\\/prodotto\\\/cross-processing-25-lightroom-presets\\\/\",\"name\":\"Cross Processing - 25 Lightroom Presets - Graphimarket\",\"isPartOf\":{\"@id\":\"https:\\\/\\\/graphimarket.com\\\/fr\\\/#website\"},\"primaryImageOfPage\":{\"@id\":\"http:\\\/\\\/graphimarket.com\\\/it\\\/prodotto\\\/cross-processing-25-lightroom-presets\\\/#primaryimage\"},\"image\":{\"@id\":\"http:\\\/\\\/graphimarket.com\\\/it\\\/prodotto\\\/cross-processing-25-lightroom-presets\\\/#primaryimage\"},\"thumbnailUrl\":\"https:\\\/\\\/graphimarket.com\\\/wp-content\\\/uploads\\\/2020\\\/09\\\/ce2e0050-e60f-412f-8e3e-2ff6bbf070b7.jpg\",\"datePublished\":\"2020-09-28T15:37:58+00:00\",\"dateModified\":\"2022-12-19T08:52:46+00:00\",\"description\":\"In analog photography Cross-processing is the procedure of deliberately develop one type of film in a chemical solution intended...\",\"breadcrumb\":{\"@id\":\"http:\\\/\\\/graphimarket.com\\\/it\\\/prodotto\\\/cross-processing-25-lightroom-presets\\\/#breadcrumb\"},\"inLanguage\":\"it-IT\",\"potentialAction\":[{\"@type\":\"ReadAction\",\"target\":[\"http:\\\/\\\/graphimarket.com\\\/it\\\/prodotto\\\/cross-processing-25-lightroom-presets\\\/\"]}]},{\"@type\":\"ImageObject\",\"inLanguage\":\"it-IT\",\"@id\":\"http:\\\/\\\/graphimarket.com\\\/it\\\/prodotto\\\/cross-processing-25-lightroom-presets\\\/#primaryimage\",\"url\":\"https:\\\/\\\/graphimarket.com\\\/wp-content\\\/uploads\\\/2020\\\/09\\\/ce2e0050-e60f-412f-8e3e-2ff6bbf070b7.jpg\",\"contentUrl\":\"https:\\\/\\\/graphimarket.com\\\/wp-content\\\/uploads\\\/2020\\\/09\\\/ce2e0050-e60f-412f-8e3e-2ff6bbf070b7.jpg\",\"width\":1170,\"height\":780},{\"@type\":\"BreadcrumbList\",\"@id\":\"http:\\\/\\\/graphimarket.com\\\/it\\\/prodotto\\\/cross-processing-25-lightroom-presets\\\/#breadcrumb\",\"itemListElement\":[{\"@type\":\"ListItem\",\"position\":1,\"name\":\"Home\",\"item\":\"https:\\\/\\\/graphimarket.com\\\/es\\\/\"},{\"@type\":\"ListItem\",\"position\":2,\"name\":\"Store\",\"item\":\"https:\\\/\\\/graphimarket.com\\\/store\\\/\"},{\"@type\":\"ListItem\",\"position\":3,\"name\":\"Cross Processing &#8211; 25 Lightroom Presets\"}]},{\"@type\":\"WebSite\",\"@id\":\"https:\\\/\\\/graphimarket.com\\\/fr\\\/#website\",\"url\":\"https:\\\/\\\/graphimarket.com\\\/fr\\\/\",\"name\":\"Graphimarket\",\"description\":\"Find the perfect creative asset to bring your project to life\",\"publisher\":{\"@id\":\"https:\\\/\\\/graphimarket.com\\\/fr\\\/#organization\"},\"potentialAction\":[{\"@type\":\"SearchAction\",\"target\":{\"@type\":\"EntryPoint\",\"urlTemplate\":\"https:\\\/\\\/graphimarket.com\\\/fr\\\/?s={search_term_string}\"},\"query-input\":{\"@type\":\"PropertyValueSpecification\",\"valueRequired\":true,\"valueName\":\"search_term_string\"}}],\"inLanguage\":\"it-IT\"},{\"@type\":\"Organization\",\"@id\":\"https:\\\/\\\/graphimarket.com\\\/fr\\\/#organization\",\"name\":\"Graphimarket\",\"url\":\"https:\\\/\\\/graphimarket.com\\\/fr\\\/\",\"logo\":{\"@type\":\"ImageObject\",\"inLanguage\":\"it-IT\",\"@id\":\"https:\\\/\\\/graphimarket.com\\\/fr\\\/#\\\/schema\\\/logo\\\/image\\\/\",\"url\":\"https:\\\/\\\/graphimarket.com\\\/wp-content\\\/uploads\\\/2020\\\/08\\\/logo-48.png\",\"contentUrl\":\"https:\\\/\\\/graphimarket.com\\\/wp-content\\\/uploads\\\/2020\\\/08\\\/logo-48.png\",\"width\":132,\"height\":48,\"caption\":\"Graphimarket\"},\"image\":{\"@id\":\"https:\\\/\\\/graphimarket.com\\\/fr\\\/#\\\/schema\\\/logo\\\/image\\\/\"}}]}<\/script>\n<!-- \/ Yoast SEO plugin. -->","yoast_head_json":{"title":"Cross Processing - 25 preset Lightroom - Graphimarket","description":"Nella fotografia analogica il cross-processing \u00e8 la procedura per sviluppare deliberatamente un tipo di pellicola in una soluzione chimica destinata ...","robots":{"index":"index","follow":"follow","max-snippet":"max-snippet:-1","max-image-preview":"max-image-preview:large","max-video-preview":"max-video-preview:-1"},"canonical":"http:\/\/graphimarket.com\/it\/prodotto\/cross-processing-25-lightroom-presets\/","og_locale":"it_IT","og_type":"article","og_title":"Cross Processing - 25 Lightroom Presets - Graphimarket","og_description":"In analog photography Cross-processing is the procedure of deliberately develop one type of film in a chemical solution intended...","og_url":"http:\/\/graphimarket.com\/it\/prodotto\/cross-processing-25-lightroom-presets\/","og_site_name":"Graphimarket","article_modified_time":"2022-12-19T08:52:46+00:00","og_image":[{"width":1170,"height":780,"url":"https:\/\/graphimarket.com\/wp-content\/uploads\/2020\/09\/ce2e0050-e60f-412f-8e3e-2ff6bbf070b7.jpg","type":"image\/jpeg"}],"twitter_card":"summary_large_image","twitter_misc":{"Tempo di lettura stimato":"1 minuto"},"schema":{"@context":"https:\/\/schema.org","@graph":[{"@type":"WebPage","@id":"http:\/\/graphimarket.com\/it\/prodotto\/cross-processing-25-lightroom-presets\/","url":"http:\/\/graphimarket.com\/it\/prodotto\/cross-processing-25-lightroom-presets\/","name":"Cross Processing - 25 preset Lightroom - Graphimarket","isPartOf":{"@id":"https:\/\/graphimarket.com\/fr\/#website"},"primaryImageOfPage":{"@id":"http:\/\/graphimarket.com\/it\/prodotto\/cross-processing-25-lightroom-presets\/#primaryimage"},"image":{"@id":"http:\/\/graphimarket.com\/it\/prodotto\/cross-processing-25-lightroom-presets\/#primaryimage"},"thumbnailUrl":"https:\/\/graphimarket.com\/wp-content\/uploads\/2020\/09\/ce2e0050-e60f-412f-8e3e-2ff6bbf070b7.jpg","datePublished":"2020-09-28T15:37:58+00:00","dateModified":"2022-12-19T08:52:46+00:00","description":"Nella fotografia analogica il cross-processing \u00e8 la procedura per sviluppare deliberatamente un tipo di pellicola in una soluzione chimica destinata ...","breadcrumb":{"@id":"http:\/\/graphimarket.com\/it\/prodotto\/cross-processing-25-lightroom-presets\/#breadcrumb"},"inLanguage":"it-IT","potentialAction":[{"@type":"ReadAction","target":["http:\/\/graphimarket.com\/it\/prodotto\/cross-processing-25-lightroom-presets\/"]}]},{"@type":"ImageObject","inLanguage":"it-IT","@id":"http:\/\/graphimarket.com\/it\/prodotto\/cross-processing-25-lightroom-presets\/#primaryimage","url":"https:\/\/graphimarket.com\/wp-content\/uploads\/2020\/09\/ce2e0050-e60f-412f-8e3e-2ff6bbf070b7.jpg","contentUrl":"https:\/\/graphimarket.com\/wp-content\/uploads\/2020\/09\/ce2e0050-e60f-412f-8e3e-2ff6bbf070b7.jpg","width":1170,"height":780},{"@type":"BreadcrumbList","@id":"http:\/\/graphimarket.com\/it\/prodotto\/cross-processing-25-lightroom-presets\/#breadcrumb","itemListElement":[{"@type":"ListItem","position":1,"name":"Home","item":"https:\/\/graphimarket.com\/es\/"},{"@type":"ListItem","position":2,"name":"Store","item":"https:\/\/graphimarket.com\/store\/"},{"@type":"ListItem","position":3,"name":"Cross Processing &#8211; 25 Lightroom Presets"}]},{"@type":"WebSite","@id":"https:\/\/graphimarket.com\/fr\/#website","url":"https:\/\/graphimarket.com\/fr\/","name":"Graphimarket","description":"Trova la risorsa creativa perfetta per dare vita al tuo progetto","publisher":{"@id":"https:\/\/graphimarket.com\/fr\/#organization"},"potentialAction":[{"@type":"SearchAction","target":{"@type":"EntryPoint","urlTemplate":"https:\/\/graphimarket.com\/fr\/?s={search_term_string}"},"query-input":{"@type":"PropertyValueSpecification","valueRequired":true,"valueName":"search_term_string"}}],"inLanguage":"it-IT"},{"@type":"Organization","@id":"https:\/\/graphimarket.com\/fr\/#organization","name":"Graphimarket","url":"https:\/\/graphimarket.com\/fr\/","logo":{"@type":"ImageObject","inLanguage":"it-IT","@id":"https:\/\/graphimarket.com\/fr\/#\/schema\/logo\/image\/","url":"https:\/\/graphimarket.com\/wp-content\/uploads\/2020\/08\/logo-48.png","contentUrl":"https:\/\/graphimarket.com\/wp-content\/uploads\/2020\/08\/logo-48.png","width":132,"height":48,"caption":"Graphimarket"},"image":{"@id":"https:\/\/graphimarket.com\/fr\/#\/schema\/logo\/image\/"}}]}},"_links":{"self":[{"href":"http:\/\/graphimarket.com\/it\/wp-json\/wp\/v2\/product\/11464","targetHints":{"allow":["GET"]}}],"collection":[{"href":"http:\/\/graphimarket.com\/it\/wp-json\/wp\/v2\/product"}],"about":[{"href":"http:\/\/graphimarket.com\/it\/wp-json\/wp\/v2\/types\/product"}],"replies":[{"embeddable":true,"href":"http:\/\/graphimarket.com\/it\/wp-json\/wp\/v2\/comments?post=11464"}],"version-history":[{"count":0,"href":"http:\/\/graphimarket.com\/it\/wp-json\/wp\/v2\/product\/11464\/revisions"}],"wp:featuredmedia":[{"embeddable":true,"href":"http:\/\/graphimarket.com\/it\/wp-json\/wp\/v2\/media\/11466"}],"wp:attachment":[{"href":"http:\/\/graphimarket.com\/it\/wp-json\/wp\/v2\/media?parent=11464"}],"wp:term":[{"taxonomy":"product_brand","embeddable":true,"href":"http:\/\/graphimarket.com\/it\/wp-json\/wp\/v2\/product_brand?post=11464"},{"taxonomy":"product_cat","embeddable":true,"href":"http:\/\/graphimarket.com\/it\/wp-json\/wp\/v2\/product_cat?post=11464"},{"taxonomy":"product_tag","embeddable":true,"href":"http:\/\/graphimarket.com\/it\/wp-json\/wp\/v2\/product_tag?post=11464"}],"curies":[{"name":"wp","href":"https:\/\/api.w.org\/{rel}","templated":true}]}}